{"id":14602,"date":"2021-09-09T15:33:19","date_gmt":"2021-09-09T13:33:19","guid":{"rendered":"http:\/\/blog.lesgrossesorchadeslesamplesthalameges.fr\/?page_id=14602"},"modified":"2021-09-09T15:34:20","modified_gmt":"2021-09-09T13:34:20","slug":"analyse-de-la-tactique-des-etats-faillis","status":"publish","type":"page","link":"https:\/\/blog.lesgrossesorchadeslesamplesthalameges.fr\/index.php\/analyse-de-la-tactique-des-etats-faillis\/","title":{"rendered":"Analyse de la tactique des \u00c9tats faillis"},"content":{"rendered":"<p>&nbsp;<\/p>\n<p>&nbsp;<\/p>\n<p>&nbsp;<\/p>\n<p>&nbsp;<\/p>\n<p>&nbsp;<\/p>\n<p>&nbsp;<\/p>\n<p>&nbsp;<\/p>\n<p style=\"text-align: center;\"><span style=\"font-family: times new roman, times, serif; font-size: 36pt;\"><strong>Analyse de la tactique des \u00c9tats faillis<\/strong><\/span><\/p>\n<p>&nbsp;<\/p>\n<p style=\"text-align: center;\"><span style=\"font-family: times new roman, times, serif; font-size: 18pt;\"><strong>Steve Brown &#8211; <em>Strategika51<\/em> &#8211; 5.9.2021<\/strong><\/span><\/p>\n<p style=\"text-align: center;\"><span style=\"font-family: times new roman, times, serif; font-size: 18pt;\">Traduction\u00a0: <strong>c.l. pour <em>L.G.O<\/em>.<\/strong><\/span><\/p>\n<p>&nbsp;<\/p>\n<p>&nbsp;<\/p>\n<p style=\"text-align: center;\"><a href=\"http:\/\/blog.lesgrossesorchadeslesamplesthalameges.fr\/index.php\/2021\/09\/09\/les-boomerangs-commencent-a-voler-bas\/asskicking-33-tactique\/\" rel=\"attachment wp-att-14586\"><img loading=\"lazy\" class=\"alignnone wp-image-14586\" src=\"http:\/\/blog.lesgrossesorchadeslesamplesthalameges.fr\/wp-content\/uploads\/2021\/09\/Asskicking-33.-Tactique-300x225.jpg\" alt=\"\" width=\"600\" height=\"449\" srcset=\"https:\/\/blog.lesgrossesorchadeslesamplesthalameges.fr\/wp-content\/uploads\/2021\/09\/Asskicking-33.-Tactique-300x225.jpg 300w, https:\/\/blog.lesgrossesorchadeslesamplesthalameges.fr\/wp-content\/uploads\/2021\/09\/Asskicking-33.-Tactique-768x575.jpg 768w, https:\/\/blog.lesgrossesorchadeslesamplesthalameges.fr\/wp-content\/uploads\/2021\/09\/Asskicking-33.-Tactique.jpg 1024w\" sizes=\"(max-width: 600px) 100vw, 600px\" \/><\/a><\/p>\n<p>&nbsp;<\/p>\n<p>&nbsp;<\/p>\n<p style=\"text-align: justify;\"><span style=\"font-family: tahoma, arial, helvetica, sans-serif; font-size: 14pt;\"><strong>Historiquement, l&#8217;empire a \u00e9t\u00e9 incapable de reconna\u00eetre la d\u00e9termination des peuples indig\u00e8nes qui luttent pour faire respecter leur droit \u00e0 l&rsquo;autod\u00e9termination. En cons\u00e9quence, il a imagin\u00e9 un moyen de subvertir ce droit en fabriquant des \u00c9tats faillis, plus faciles \u00e0 diviser et \u00e0 exploiter.<\/strong><\/span><\/p>\n<p>&nbsp;<\/p>\n<p style=\"text-align: justify;\"><span style=\"font-family: times new roman, times, serif; font-size: 14pt;\">Le prototype du plan am\u00e9ricain d&rsquo;\u00ab\u00a0\u00c9tat failli\u00a0\u00bb a \u00e9t\u00e9 cr\u00e9\u00e9 lors de la destruction du camp de Nahr al Bared, au Liban, en 2007. Cette politique a \u00e9t\u00e9 \u00e9labor\u00e9e par Elliott Abrams et le \u00ab\u00a0Bureau des plans sp\u00e9ciaux\u00a0\u00bb, apr\u00e8s le plantage am\u00e9ricain en Irak de 2003, et fortement encourag\u00e9e par Isra\u00ebl, apr\u00e8s sa d\u00e9faite de facto contre le Hezbollah au Liban de 2006.\u00a0<\/span><\/p>\n<p style=\"text-align: justify;\"><span style=\"font-family: times new roman, times, serif; font-size: 14pt;\">Destruction du camp de r\u00e9fugi\u00e9s de Nahr al Bared, Liban, 2007 :<\/span><\/p>\n<p style=\"text-align: justify;\"><span style=\"font-family: times new roman, times, serif; font-size: 14pt;\">La destruction de Nahr al Bared fut une op\u00e9ration sous faux drapeau financ\u00e9e par les \u00c9tats-Unis et les Saoudiens. La vid\u00e9o qui suit montre les combats apr\u00e8s que le Fatah al Islam se soit infiltr\u00e9 dans le camp en 2006, au cours de la guerre sans issue entre Isra\u00ebl et le Hezbollah. Cette op\u00e9ration illustrait la nouvelle politique secr\u00e8te adopt\u00e9e par les \u00c9tats-Unis, appel\u00e9e \u00ab\u00a0r\u00e9orientation\u00a0\u00bb dans le jargon du Pentagone. Politique alternative motiv\u00e9e non seulement par les \u00e9checs des \u00c9tats-Unis en Irak, mais aussi par la d\u00e9faite d&rsquo;Isra\u00ebl face au Hezbollah en 2006.<\/span><\/p>\n<p>&nbsp;<\/p>\n<p>&nbsp;<\/p>\n<p style=\"text-align: center;\"><span style=\"font-family: times new roman, times, serif; font-size: 14pt;\"><iframe loading=\"lazy\" style=\"border: none;\" src=\"https:\/\/www.bitchute.com\/embed\/DfjhNnjJ8EJH\/\" width=\"640\" height=\"360\" frameborder=\"0\" scrolling=\"no\"><\/iframe><\/span><\/p>\n<p>&nbsp;<\/p>\n<p>&nbsp;<\/p>\n<p style=\"text-align: justify;\"><span style=\"font-family: times new roman, times, serif; font-size: 14pt;\">L&rsquo;op\u00e9ration de Nahr al Bared fut en partie financ\u00e9e par le prince Bandar d&rsquo;Arabie saoudite et g\u00e9r\u00e9e par Saad Hariri, fils de l&rsquo;ancien premier ministre libanais assassin\u00e9, Rafik Hariri et le plan de destruction du camp fut con\u00e7u par le criminel Vice-Conseiller \u00e0 la S\u00e9curit\u00e9 nationale Elliott Abrams.<\/span><\/p>\n<p style=\"text-align: justify;\"><span style=\"font-family: times new roman, times, serif; font-size: 14pt;\">Connue sous le nom de \u00ab\u00a0r\u00e9orientation\u00a0\u00bb depuis 2006, la politique am\u00e9ricaine d&rsquo;insurrection secr\u00e8te sous faux drapeau avait \u00e9t\u00e9, \u00e0 l&rsquo;origine, \u00e9labor\u00e9e par la CIA (nom de code\u00a0: Op\u00e9ration Cyclone) et Zbigniew Brzezinski, et ce, d\u00e8s 1973.<\/span><\/p>\n<p style=\"text-align: justify;\"><span style=\"font-family: times new roman, times, serif; font-size: 14pt;\">En tant que mod\u00e8le de d\u00e9stabilisation tactique d&rsquo;\u00c9tats et de leur population, l&rsquo;Occident a consid\u00e9r\u00e9 la destruction de Nahr al Bared comme un grand succ\u00e8s initial et comme un mod\u00e8le \u00e0 adopter pour tout ce qui allait suivre, comme on le constate en effet aujourd&rsquo;hui. En d&rsquo;autres termes, l&rsquo;\u00c9tat am\u00e9ricain et le Pentagone ont estim\u00e9 que la m\u00e9thode employ\u00e9e pour subvertir et d\u00e9truire des camps palestiniens au moyen d\u2019\u00ab\u00a0insurg\u00e9s\u00a0\u00bb t\u00e9l\u00e9guid\u00e9s \u00e9tait un succ\u00e8s et ils se sont mis d\u00e8s lors \u00e0 l\u2019appliquer \u00e0 toutes sortes d\u2019\u00c9tats qu\u2019ils ont qualifi\u00e9s de \u00ab\u00a0voyous\u00a0\u00bb, tels que la Syrie (2011)\u00a0; l&rsquo;Irak (apr\u00e8s 2006), l&rsquo;Afghanistan\u00a0; et le Y\u00e9men, dont les \u00c9tats-Unis ont d\u2019abord cru d\u2019ailleurs, qu\u2019il soutenait le programme autocratique des \u00c9mirats Arabes Unis et de l&rsquo;Arabie saoudite&#8230; ainsi que celui d&rsquo;Isra\u00ebl.<\/span><\/p>\n<p style=\"text-align: justify;\"><span style=\"font-family: times new roman, times, serif; font-size: 14pt;\">Depuis 2006, l&rsquo;axe am\u00e9ricano-isra\u00e9lo-saoudien a infiltr\u00e9 Daech-al-Qa\u00efda et l\u2019a utilis\u00e9 dans des positions aptes \u00e0 servir de levier, par camps ou par r\u00e9gions, et lui a de cette mani\u00e8re fait lancer des attaques trop nombreuses pour \u00eatre \u00e9num\u00e9r\u00e9es. Exemples : Camp de Yarmouk (Syrie) ; r\u00e9gion de Daraa ; Afghanistan (Task Force 373) ; Y\u00e9men\u00a0; Saraqib ; Mena-Sahel ; Libye ; Soudan.<\/span><\/p>\n<p>&nbsp;<\/p>\n<p style=\"text-align: center;\"><a href=\"http:\/\/blog.lesgrossesorchadeslesamplesthalameges.fr\/index.php\/2021\/09\/09\/les-boomerangs-commencent-a-voler-bas\/000-vers-le-bas-fleche-rouge-gif-7\/\" rel=\"attachment wp-att-14579\"><img loading=\"lazy\" class=\"alignnone size-full wp-image-14579\" src=\"http:\/\/blog.lesgrossesorchadeslesamplesthalameges.fr\/wp-content\/uploads\/2021\/09\/000.-vers-le-bas-fl\u00e8che-rouge-GIF.gif\" alt=\"\" width=\"100\" height=\"100\" \/><\/a><\/p>\n<p style=\"text-align: center;\"><span style=\"font-family: times new roman, times, serif; font-size: 14pt;\"><a href=\"https:\/\/geopolitics.news\/euroasia\/zamir-kabulov-russia-has-evidence-of-foreign-contingents-cooperation-with-is-in-afghanistan\/\">https:\/\/geopolitics.news\/euroasia\/zamir-kabulov-russia-has-evidence-of-foreign-contingents-cooperation-with-is-in-afghanistan\/<\/a><\/span><\/p>\n<p>&nbsp;<\/p>\n<p style=\"text-align: center;\"><span style=\"font-size: 18pt;\"><strong><span style=\"font-family: times new roman, times, serif;\">Vid\u00e9o de Daraa :<\/span><\/strong><\/span><\/p>\n<p>&nbsp;<\/p>\n<p style=\"text-align: center;\"><span style=\"font-family: times new roman, times, serif; font-size: 14pt;\"><iframe loading=\"lazy\" style=\"border: none;\" src=\"https:\/\/www.bitchute.com\/embed\/evdBMwhp8GbA\/\" width=\"640\" height=\"360\" frameborder=\"0\" scrolling=\"no\"><\/iframe><\/span><\/p>\n<p>&nbsp;<\/p>\n<p>&nbsp;<\/p>\n<p style=\"text-align: justify;\"><span style=\"font-family: times new roman, times, serif; font-size: 14pt;\">La politique US dans l\u2019Axe des \u00c9tats faillis a \u00e9galement servi de mod\u00e8le \u00e0 la Turquie, alli\u00e9e de l&rsquo;OTAN, qui a de la sorte soutenu des groupes terroristes \u00e0 Afrin, Idlib et dans le nord de la Syrie, pour tenter d\u2019arriver \u00e0 un r\u00e9sultat identique, en m\u00eame temps que la France s\u2019engageait de la m\u00eame mani\u00e8re au Sahel. Mais comme le montre la vid\u00e9o, la capacit\u00e9 de r\u00e9sistance de l&rsquo;Iran est devenue un joker dans cette \u00e9quation\u00a0: l&rsquo;Iran a mis en \u00e9chec \u00e0 la fois le programme de Daech et la tentative de d\u00e9stabilisation de la Syrie par la terreur takfirie, en conjonction avec la demande faite par la Syrie \u00e0 la F\u00e9d\u00e9ration de Russie, pour qu\u2019elle l\u2019aide \u00e0 d\u00e9fendre le pays.<\/span><\/p>\n<p style=\"text-align: justify;\"><span style=\"font-family: times new roman, times, serif; font-size: 14pt;\">La politique d&rsquo;insurrection sous faux drapeau par voie d\u2019infiltration que pratique l&rsquo;axe USA-Daech\/ISIS est une provocation permanente parrain\u00e9e et financ\u00e9e par cet \u00c9tat pour d\u00e9stabiliser les populations d\u2019\u00c9tats souverains r\u00e9tives \u00e0 la mondialisation. Mais en termes de ravages cr\u00e9\u00e9s, l&rsquo;Occident consid\u00e8re que sa politique d&rsquo;\u00c9tats faillis est tout \u00e0 fait rentable, dans la mesure o\u00f9 elle produit de la dette et, donc, des profits, pour le FMI, tout en cimentant ses relations avec les despotes autocratiques \u00ab\u00a0amis\u00a0\u00bb.<\/span><\/p>\n<p style=\"text-align: justify;\"><span style=\"font-family: times new roman, times, serif; font-size: 14pt;\">Cependant, l&rsquo;axe am\u00e9ricain ne se rend pas compte que sa politique d&rsquo;\u00c9tats faillis a s\u00e9rieusement marginalis\u00e9 et endommag\u00e9 ses relations avec ses victimes, tout en cr\u00e9ant le potentiel d&rsquo;un s\u00e9rieux retour de flamme, comme cela s\u2019av\u00e8re\u00a0 de plus en plus \u00e9vident au Y\u00e9men, \u00e0 Gaza, en Syrie, en Irak, en Afghanistan et au Sahel. Les d\u00e9veloppements qui s\u2019en suivent compromettent \u00e9galement la pr\u00e9sence militaire massive des \u00c9tats-Unis en Afrique et continuent de saper la position des \u00c9tats despotes autocratiques complices de l&rsquo;Occident, comme les \u00c9mirats Arabes Unis et l&rsquo;Arabie saoudite. En effet, les mouvements nationaux d&rsquo;autod\u00e9termination ne vont pas manquer d\u2019affirmer de plus en plus leur pr\u00e9sence et leur influence&#8230; dans un monde o\u00f9 la seule \u00ab\u00a0superpuissance\u00a0\u00bb du monde ressemble surtout \u00e0 la seule puissance capable de totalement bord\u00e9liser du monde.<\/span><\/p>\n<p style=\"text-align: justify;\"><span style=\"font-family: times new roman, times, serif; font-size: 14pt;\">Source\u00a0: <a href=\"https:\/\/strategika51.org\/2021\/09\/05\/failed-state-tactical-analysis\/\">https:\/\/strategika51.org\/2021\/09\/05\/failed-state-tactical-analysis\/<\/a><\/span><\/p>\n<p style=\"text-align: left;\"><span style=\"font-family: times new roman, times, serif; font-size: 14pt;\"><strong>URL de cet article\u00a0: <\/strong><a href=\"http:\/\/blog.lesgrossesorchadeslesamplesthalameges.fr\/index.php\/analyse-de-la-tactique-des-etats-faillis\/\">http:\/\/blog.lesgrossesorchadeslesamplesthalameges.fr\/index.php\/analyse-de-la-tactique-des-etats-faillis\/<\/a><strong><br \/>\n<\/strong><\/span><\/p>\n<p>&nbsp;<\/p>\n<p>&nbsp;<\/p>\n<p style=\"text-align: center;\"><a href=\"http:\/\/blog.lesgrossesorchadeslesamplesthalameges.fr\/index.php\/2021\/09\/09\/les-boomerangs-commencent-a-voler-bas\/000-boomerang-gif\/\" rel=\"attachment wp-att-14577\"><img loading=\"lazy\" class=\"alignnone size-full wp-image-14577\" src=\"http:\/\/blog.lesgrossesorchadeslesamplesthalameges.fr\/wp-content\/uploads\/2021\/09\/000.-Boomerang-GIF.gif\" alt=\"\" width=\"150\" height=\"100\" \/><\/a><\/p>\n<p>&nbsp;<\/p>\n<p>&nbsp;<\/p>\n<p style=\"text-align: right;\"><span style=\"font-family: comic sans ms, sans-serif;\">Septembre 2021<\/span><\/p>\n<p>&nbsp;<\/p>\n<p>&nbsp;<\/p>\n","protected":false},"excerpt":{"rendered":"<p>&nbsp; &nbsp; &nbsp; &nbsp; &nbsp; &nbsp; &nbsp; Analyse de la tactique des \u00c9tats faillis &nbsp; Steve Brown &#8211; Strategika51 &#8211; 5.9.2021 Traduction\u00a0: c.l. pour L.G.O. &nbsp; &nbsp; &nbsp; &nbsp; Historiquement, l&#8217;empire a \u00e9t\u00e9 incapable de reconna\u00eetre la d\u00e9termination des peuples indig\u00e8nes qui luttent pour faire respecter leur droit \u00e0 l&rsquo;autod\u00e9termination. En cons\u00e9quence, il a imagin\u00e9&#8230;<\/p>\n","protected":false},"author":1,"featured_media":0,"parent":0,"menu_order":0,"comment_status":"open","ping_status":"open","template":"","meta":[],"_links":{"self":[{"href":"https:\/\/blog.lesgrossesorchadeslesamplesthalameges.fr\/index.php\/wp-json\/wp\/v2\/pages\/14602"}],"collection":[{"href":"https:\/\/blog.lesgrossesorchadeslesamplesthalameges.fr\/index.php\/wp-json\/wp\/v2\/pages"}],"about":[{"href":"https:\/\/blog.lesgrossesorchadeslesamplesthalameges.fr\/index.php\/wp-json\/wp\/v2\/types\/page"}],"author":[{"embeddable":true,"href":"https:\/\/blog.lesgrossesorchadeslesamplesthalameges.fr\/index.php\/wp-json\/wp\/v2\/users\/1"}],"replies":[{"embeddable":true,"href":"https:\/\/blog.lesgrossesorchadeslesamplesthalameges.fr\/index.php\/wp-json\/wp\/v2\/comments?post=14602"}],"version-history":[{"count":5,"href":"https:\/\/blog.lesgrossesorchadeslesamplesthalameges.fr\/index.php\/wp-json\/wp\/v2\/pages\/14602\/revisions"}],"predecessor-version":[{"id":14607,"href":"https:\/\/blog.lesgrossesorchadeslesamplesthalameges.fr\/index.php\/wp-json\/wp\/v2\/pages\/14602\/revisions\/14607"}],"wp:attachment":[{"href":"https:\/\/blog.lesgrossesorchadeslesamplesthalameges.fr\/index.php\/wp-json\/wp\/v2\/media?parent=14602"}],"curies":[{"name":"wp","href":"https:\/\/api.w.org\/{rel}","templated":true}]}}