{"id":14795,"date":"2021-09-24T16:57:52","date_gmt":"2021-09-24T14:57:52","guid":{"rendered":"http:\/\/blog.lesgrossesorchadeslesamplesthalameges.fr\/?page_id=14795"},"modified":"2021-09-24T16:59:16","modified_gmt":"2021-09-24T14:59:16","slug":"il-y-a-la-comme-un-probleme","status":"publish","type":"page","link":"https:\/\/blog.lesgrossesorchadeslesamplesthalameges.fr\/index.php\/il-y-a-la-comme-un-probleme\/","title":{"rendered":"Il y a l\u00e0 comme un probl\u00e8me"},"content":{"rendered":"<p>&nbsp;<\/p>\n<p>&nbsp;<\/p>\n<p>&nbsp;<\/p>\n<p>&nbsp;<\/p>\n<p>&nbsp;<\/p>\n<p>&nbsp;<\/p>\n<p>&nbsp;<\/p>\n<p>&nbsp;<\/p>\n<p style=\"text-align: center;\"><span style=\"font-family: times new roman, times, serif; font-size: 36pt;\"><strong>Il y a l\u00e0 comme un probl\u00e8me\u2026<\/strong><\/span><\/p>\n<p style=\"text-align: center;\"><span style=\"font-family: times new roman, times, serif; font-size: 18pt;\"><strong><em>L.G.O<\/em><\/strong><strong>. \u2013 24.9.2021<\/strong><\/span><\/p>\n<p><strong>\u00a0<\/strong><\/p>\n<p><strong>\u00a0<\/strong><\/p>\n<p style=\"text-align: justify;\"><span style=\"font-family: comic sans ms, sans-serif; font-size: 14pt;\"><strong>\u00a0<\/strong><\/span><\/p>\n<p style=\"text-align: justify;\"><span style=\"font-family: comic sans ms, sans-serif; font-size: 14pt;\">Mme Levy et M. Hanouna se pr\u00e9occupent de l\u2019int\u00e9grit\u00e9 de la France. Ce souci les honore. Simultan\u00e9ment, ils soutiennent, avec beaucoup de constance et d\u2019\u00e9nergie, le long \u00e9crasement (73 ans) de l\u2019int\u00e9grit\u00e9 de la Palestine par Isra\u00ebl.<\/span><\/p>\n<p>&nbsp;<\/p>\n<p style=\"text-align: justify;\"><span style=\"font-family: comic sans ms, sans-serif; font-size: 14pt;\">C\u2019est \u00e9videmment l\u00e0 que quelque chose ne va pas.<\/span><\/p>\n<p>&nbsp;<\/p>\n<p style=\"text-align: justify;\"><span style=\"font-family: comic sans ms, sans-serif; font-size: 14pt;\">Par d\u00e9finition, un principe n\u2019est pas \u00e0 voile et \u00e0 vapeur\u00a0: il est valable partout et dans tous les cas. Ou ce n\u2019est pas un principe et on ne peut pas l\u2019invoquer.<\/span><\/p>\n<p>&nbsp;<\/p>\n<p style=\"text-align: justify;\"><span style=\"font-family: comic sans ms, sans-serif; font-size: 14pt;\">C\u2019est en vertu d\u2019un principe que la France les a eux-m\u00eames accueillis en leur temps, et elle a bien fait. Il est mal venu de le pi\u00e9tiner aujourd\u2019hui, sous pr\u00e9texte que les immigr\u00e9s ne sont plus les m\u00eames et d\u00e9plaisent \u00e0 beaucoup de monde, y compris \u00e0 Mme Levy et \u00e0 M. Hanouna.<\/span><\/p>\n<p>&nbsp;<\/p>\n<p style=\"text-align: justify;\"><span style=\"font-family: comic sans ms, sans-serif; font-size: 14pt;\">Que le flot d\u2019une immigration qui prend une tournure apocalyptique aux yeux d\u2019une population affol\u00e9e avec soin pose de tr\u00e8s graves probl\u00e8mes (\u00e0 la France comme \u00e0 tous les autres pays d\u2019Europe), on ne peut pas le nier ni le sous-estimer. M\u00eame si elle n\u2019est pas, et de loin, la premi\u00e8re ni la pire, puisque c\u2019est toujours ainsi que l\u2019Europe s\u2019est faite.<\/span><\/p>\n<p>&nbsp;<\/p>\n<p style=\"text-align: justify;\"><span style=\"font-family: comic sans ms, sans-serif; font-size: 14pt;\">Il nous semble, \u00e0 nous, que la premi\u00e8re des choses \u00e0 faire pour y apporter une solution serait d\u2019\u00e9clairer les populations concern\u00e9es sur les tenants et les aboutissants du ph\u00e9nom\u00e8ne. Les \u00e9clairer sur quoi\u00a0? Ooohh\u2026 par exemple, sur\u00a0:<\/span><\/p>\n<p>&nbsp;<\/p>\n<p style=\"text-align: justify;\"><span style=\"font-family: comic sans ms, sans-serif; font-size: 14pt;\">Qui, en France, a int\u00e9r\u00eat \u00e0 remplacer une main d\u2019\u0153uvre d\u00e9j\u00e0 \u00e0 genoux par une qu\u2019on a mise \u00e0 plat ventre avant de la chasser de chez elle pour l\u2019envoyer de force par ici\u2026<\/span><\/p>\n<p>&nbsp;<\/p>\n<p style=\"text-align: justify;\"><span style=\"font-family: comic sans ms, sans-serif; font-size: 14pt;\">Qui a int\u00e9r\u00eat \u00e0 d\u00e9boussoler les populations, fussent-elles \u00ab\u00a0de souche\u00a0\u00bb, pour pouvoir les faire tomber plus ais\u00e9ment dans les pi\u00e8ges qu\u2019on a l\u2019intention de leur tendre\u00a0 ?<br \/>\n<\/span><\/p>\n<p>&nbsp;<\/p>\n<p style=\"text-align: justify;\"><span style=\"font-family: comic sans ms, sans-serif; font-size: 14pt;\">Quand on dit \u00ab\u00a0immigr\u00e9s\u00a0\u00bb, de qui parle-t-on\u00a0?<\/span><\/p>\n<p>&nbsp;<\/p>\n<p style=\"text-align: justify; padding-left: 90px;\"><span style=\"font-family: comic sans ms, sans-serif; font-size: 14pt;\">\u2013 Des victimes des guerres dont nous sommes, depuis 1945, partout complices\u00a0et b\u00e9n\u00e9ficiaires ?<\/span><\/p>\n<p>&nbsp;<\/p>\n<p>&nbsp;<\/p>\n<p>&nbsp;<\/p>\n<p style=\"text-align: center;\"><a href=\"http:\/\/blog.lesgrossesorchadeslesamplesthalameges.fr\/index.php\/2021\/09\/24\/viva-zakaria\/10-eurovision-gif\/\" rel=\"attachment wp-att-14777\"><img loading=\"lazy\" class=\"alignnone wp-image-14777 size-full\" src=\"http:\/\/blog.lesgrossesorchadeslesamplesthalameges.fr\/wp-content\/uploads\/2021\/09\/10.-Eurovision-GIF.gif\" alt=\"\" width=\"600\" height=\"495\" \/><\/a><\/p>\n<p>&nbsp;<\/p>\n<p>&nbsp;<\/p>\n<p style=\"text-align: justify; padding-left: 90px;\"><span style=\"font-family: comic sans ms, sans-serif; font-size: 14pt;\">\u2013 Des mercenaires sp\u00e9cialistes \u00e8s coups bas que des Fran\u00e7ais (mais oui) ont engag\u00e9s, parfois \u00e0 prix d\u2019or, pour venir faire un peu peur \u00e0 des gens qui pourraient, sinon, \u00eatre tent\u00e9s par le port de l\u2019abominable Gilet Jaune\u00a0?<\/span><\/p>\n<p>&nbsp;<\/p>\n<p style=\"text-align: justify;\"><span style=\"font-family: comic sans ms, sans-serif; font-size: 14pt;\">Quand on dit que les immigr\u00e9s co\u00fbtent des milliards (un vrai pognon de dingue\u00a0!) \u00e0 la France, en allocations qui ne sont pas seulement familiales car ils b\u00e9n\u00e9ficient de toutes nos lois-sociales-si-ch\u00e8rement acquises-comme-s\u2019ils-s\u2019\u00e9taient-battus-pour-les-acqu\u00e9rir, a-t-on bien pr\u00e9sent \u00e0 l\u2019esprit que ces munificences proviennent exclusivement des cotisations de salari\u00e9s\u00a0? Car MM. Arnault, Bettencourt-Meyers, Wertheimer, Dumas, Pinault, Lagard\u00e8re, Dassault, Drahi, Niel, Bollor\u00e9, Bouygues et consorts, eux, ne cotisent pas, ni ne paient d\u2019imp\u00f4ts sur leurs salaires (cotisations comprises), m\u00eame s\u2019ils pr\u00e9sident \u00e0 la distribution. Ce n\u2019est pas de leurs coffres que sortent ces largesses. Lesquelles ne rel\u00e8vent que du principe de fraternit\u00e9 (\u00e9tant bien entendu que la fraternit\u00e9 ne s\u2019exerce, h\u00e9las, pas <em>in vitro<\/em> mais dans le magma constitu\u00e9 \u2013 et cr\u00e9\u00e9 \u2013 par les int\u00e9ressantes personnes qui pr\u00e9c\u00e8dent).<\/span><\/p>\n<p>&nbsp;<\/p>\n<p style=\"text-align: justify;\"><span style=\"font-family: comic sans ms, sans-serif; font-size: 14pt;\">\u00c9videmment, c\u2019est beaucoup plus facile de s\u2019en prendre aux \u00ab\u00a0immigr\u00e9s\u00a0\u00bb surtout s\u2019ils sont barbus, qu\u2019aux gens de biens cit\u00e9s plus haut, aux Saxe Cobourg Gotha, aux Windsor et \u00e0 tutti quanti. Plus facile, mais pas plus glorieux. Et en fin de compte, c\u2019est assur\u00e9 de rater, mais \u00e7a\u2026 Nous, ce qu\u2019on en dit.<\/span><\/p>\n<p>&nbsp;<\/p>\n<p style=\"text-align: justify;\"><span style=\"font-family: comic sans ms, sans-serif; font-size: 14pt;\">Puisque vous \u00eates sur Internet (forc\u00e9ment si vous nous lisez) vous ne pouvez pas \u00e9chapper, ces jours-ci, de la part de quiconque a quelque chose \u00e0 vendre en ligne, \u00e0 un v\u00e9ritable raz-de-mar\u00e9e de \u00ab\u00a0<em>French Days<\/em>\u00a0\u00bb. En anglais, of course. Lesquels seront accueillis partout avec le sourire b\u00e9at de l\u2019encul\u00e9 \u00e0 sec. Mais tant que ce ne sont pas des mosqu\u00e9es, ce n\u2019est pas grave, s\u2019pas\u00a0?<\/span><\/p>\n<p>&nbsp;<\/p>\n<p>&nbsp;<\/p>\n<p style=\"text-align: center;\"><a href=\"http:\/\/blog.lesgrossesorchadeslesamplesthalameges.fr\/index.php\/2021\/09\/24\/viva-zakaria\/11-hollande-isis-gif\/\" rel=\"attachment wp-att-14778\"><img loading=\"lazy\" class=\"alignnone wp-image-14778 size-full\" src=\"http:\/\/blog.lesgrossesorchadeslesamplesthalameges.fr\/wp-content\/uploads\/2021\/09\/11.HOLLANDE-ISIS-GIF.gif\" alt=\"\" width=\"600\" height=\"431\" \/><\/a><\/p>\n<p>&nbsp;<\/p>\n<p>&nbsp;<\/p>\n<p style=\"text-align: left;\"><span style=\"font-family: times new roman, times, serif; font-size: 14pt;\">URL de cet article :\u00a0<a href=\"http:\/\/blog.lesgrossesorchadeslesamplesthalameges.fr\/index.php\/il-y-a-la-comme-un-probleme\/\">http:\/\/blog.lesgrossesorchadeslesamplesthalameges.fr\/index.php\/il-y-a-la-comme-un-probleme\/ <\/a><\/span><\/p>\n<p>&nbsp;<\/p>\n<p>&nbsp;<\/p>\n<p>&nbsp;<\/p>\n<p style=\"text-align: center;\"><a href=\"http:\/\/blog.lesgrossesorchadeslesamplesthalameges.fr\/index.php\/2021\/09\/24\/viva-zakaria\/0-palestine-arme-1-3\/\" rel=\"attachment wp-att-14764\"><img loading=\"lazy\" class=\"alignnone size-full wp-image-14764\" src=\"http:\/\/blog.lesgrossesorchadeslesamplesthalameges.fr\/wp-content\/uploads\/2021\/09\/0.-Palestine-arme-1.jpg\" alt=\"\" width=\"58\" height=\"83\" \/><\/a><\/p>\n<p>&nbsp;<\/p>\n<p>&nbsp;<\/p>\n<p>&nbsp;<\/p>\n<p style=\"text-align: right;\"><span style=\"font-family: comic sans ms, sans-serif; font-size: 14pt;\">Septembre 2021<\/span><\/p>\n<p>&nbsp;<\/p>\n<p>&nbsp;<\/p>\n","protected":false},"excerpt":{"rendered":"<p>&nbsp; &nbsp; &nbsp; &nbsp; &nbsp; &nbsp; &nbsp; &nbsp; Il y a l\u00e0 comme un probl\u00e8me\u2026 L.G.O. \u2013 24.9.2021 \u00a0 \u00a0 \u00a0 Mme Levy et M. Hanouna se pr\u00e9occupent de l\u2019int\u00e9grit\u00e9 de la France. Ce souci les honore. Simultan\u00e9ment, ils soutiennent, avec beaucoup de constance et d\u2019\u00e9nergie, le long \u00e9crasement (73 ans) de l\u2019int\u00e9grit\u00e9 de la&#8230;<\/p>\n","protected":false},"author":1,"featured_media":0,"parent":0,"menu_order":0,"comment_status":"open","ping_status":"open","template":"","meta":[],"_links":{"self":[{"href":"https:\/\/blog.lesgrossesorchadeslesamplesthalameges.fr\/index.php\/wp-json\/wp\/v2\/pages\/14795"}],"collection":[{"href":"https:\/\/blog.lesgrossesorchadeslesamplesthalameges.fr\/index.php\/wp-json\/wp\/v2\/pages"}],"about":[{"href":"https:\/\/blog.lesgrossesorchadeslesamplesthalameges.fr\/index.php\/wp-json\/wp\/v2\/types\/page"}],"author":[{"embeddable":true,"href":"https:\/\/blog.lesgrossesorchadeslesamplesthalameges.fr\/index.php\/wp-json\/wp\/v2\/users\/1"}],"replies":[{"embeddable":true,"href":"https:\/\/blog.lesgrossesorchadeslesamplesthalameges.fr\/index.php\/wp-json\/wp\/v2\/comments?post=14795"}],"version-history":[{"count":7,"href":"https:\/\/blog.lesgrossesorchadeslesamplesthalameges.fr\/index.php\/wp-json\/wp\/v2\/pages\/14795\/revisions"}],"predecessor-version":[{"id":14802,"href":"https:\/\/blog.lesgrossesorchadeslesamplesthalameges.fr\/index.php\/wp-json\/wp\/v2\/pages\/14795\/revisions\/14802"}],"wp:attachment":[{"href":"https:\/\/blog.lesgrossesorchadeslesamplesthalameges.fr\/index.php\/wp-json\/wp\/v2\/media?parent=14795"}],"curies":[{"name":"wp","href":"https:\/\/api.w.org\/{rel}","templated":true}]}}