{"id":15001,"date":"2021-11-10T17:26:30","date_gmt":"2021-11-10T16:26:30","guid":{"rendered":"http:\/\/blog.lesgrossesorchadeslesamplesthalameges.fr\/?page_id=15001"},"modified":"2021-11-11T13:36:44","modified_gmt":"2021-11-11T12:36:44","slug":"il-faut-lavoir-entendu-pour-y-croire","status":"publish","type":"page","link":"https:\/\/blog.lesgrossesorchadeslesamplesthalameges.fr\/index.php\/il-faut-lavoir-entendu-pour-y-croire\/","title":{"rendered":"Il faut l&rsquo;avoir entendu pour y croire"},"content":{"rendered":"<p>&nbsp;<\/p>\n<p>&nbsp;<\/p>\n<p>&nbsp;<\/p>\n<p>&nbsp;<\/p>\n<p>&nbsp;<\/p>\n<p>&nbsp;<\/p>\n<p>&nbsp;<\/p>\n<p style=\"text-align: center;\"><a href=\"http:\/\/blog.lesgrossesorchadeslesamplesthalameges.fr\/index.php\/il-faut-lavoir-entendu-pour-y-croire\/3-lenine-a-venise-2\/\" rel=\"attachment wp-att-15008\"><img loading=\"lazy\" class=\"alignnone wp-image-15008\" src=\"http:\/\/blog.lesgrossesorchadeslesamplesthalameges.fr\/wp-content\/uploads\/2021\/11\/3.-L\u00e9nine-\u00e0-Venise-1-300x208.jpg\" alt=\"\" width=\"750\" height=\"521\" srcset=\"https:\/\/blog.lesgrossesorchadeslesamplesthalameges.fr\/wp-content\/uploads\/2021\/11\/3.-L\u00e9nine-\u00e0-Venise-1-300x208.jpg 300w, https:\/\/blog.lesgrossesorchadeslesamplesthalameges.fr\/wp-content\/uploads\/2021\/11\/3.-L\u00e9nine-\u00e0-Venise-1.jpg 596w\" sizes=\"(max-width: 750px) 100vw, 750px\" \/><\/a><\/p>\n<p>&nbsp;<\/p>\n<p>&nbsp;<\/p>\n<p>&nbsp;<\/p>\n<p style=\"text-align: center;\"><span style=\"font-family: times new roman, times, serif; font-size: 36pt;\"><strong>Il faut l\u2019avoir entendu pour y croire\u00a0!<\/strong><\/span><\/p>\n<p style=\"text-align: justify;\"><span style=\"font-family: times new roman, times, serif; font-size: 14pt;\"><strong>\u00a0<\/strong><\/span><\/p>\n<p style=\"text-align: justify;\"><span style=\"font-family: times new roman, times, serif; font-size: 14pt;\"><strong>\u00a0<\/strong><\/span><\/p>\n<p style=\"text-align: justify;\"><span style=\"font-family: comic sans ms, sans-serif; font-size: 14pt;\">Ceci est le passage qui nous est plus particuli\u00e8rement rest\u00e9 en travers du gosier, qu\u2019on l\u2019interpr\u00e8te comme on voudra\u00a0\u00a0\u00a0\u00a0\u00a0\u00a0 \u00a0:<\/span><\/p>\n<p style=\"text-align: justify;\"><span style=\"font-family: comic sans ms, sans-serif; font-size: 14pt;\"><strong>\u00a0<\/strong><\/span><\/p>\n<p style=\"text-align: justify;\"><span style=\"font-family: times new roman, times, serif; font-size: 14pt;\"><strong><em>\u00ab\u00a0Il y a un peu plus de cent ans, la Russie connaissait objectivement, y compris dans le cadre de la Premi\u00e8re Guerre mondiale alors en cours, de graves probl\u00e8mes, mais pas plus que d\u2019autres pays, et peut-\u00eatre m\u00eame \u00e0 une \u00e9chelle moindre et avec moins d\u2019intensit\u00e9, et elle aurait pu les surmonter progressivement de mani\u00e8re civilis\u00e9e. Mais le bouleversement r\u00e9volutionnaire a conduit \u00e0 l\u2019effondrement, \u00e0 la d\u00e9sint\u00e9gration de ce grand pays. L\u2019histoire s\u2019est r\u00e9p\u00e9t\u00e9e il y a 30 ans, lorsqu\u2019une puissance potentiellement tr\u00e8s puissante n\u2019a pas entrepris \u00e0 temps la transformation n\u00e9cessaire, souple mais n\u00e9cessairement r\u00e9fl\u00e9chie, et qu\u2019elle a par cons\u00e9quent \u00e9t\u00e9 victime de dogmatiques de toutes sortes : tant des r\u00e9actionnaires que des soi-disant progressistes \u2013 tous ont essay\u00e9, des deux c\u00f4t\u00e9s.<\/em><\/strong><strong><em>\u00a0<\/em><\/strong><\/span><\/p>\n<p style=\"text-align: justify;\"><span style=\"font-family: times new roman, times, serif; font-size: 14pt;\"><strong><em>\u00ab\u00a0Ces exemples de notre histoire nous permettent d\u2019affirmer que la r\u00e9volution n\u2019est pas le moyen de sortir de la crise, mais le moyen de l\u2019exacerber. Aucune r\u00e9volution n\u2019a jamais m\u00e9rit\u00e9 les dommages qu\u2019elle a caus\u00e9s au potentiel humain.\u00a0\u00bb<\/em><\/strong><\/span><\/p>\n<p style=\"text-align: justify;\"><span style=\"font-family: times new roman, times, serif; font-size: 14pt;\"><strong><em>\u00a0<\/em><\/strong><\/span><\/p>\n<p>&nbsp;<\/p>\n<p style=\"text-align: center;\"><span style=\"font-family: times new roman, times, serif; font-size: 28pt;\"><strong>Qu\u2019il aille dire \u00e7a aux Cubains\u00a0!<\/strong><\/span><\/p>\n<p>&nbsp;<\/p>\n<p style=\"text-align: center;\"><span style=\"font-family: times new roman, times, serif; font-size: 32pt;\"><strong>Qu\u2019il aille dire \u00e7a aux Chinois\u00a0!<\/strong><\/span><\/p>\n<p>&nbsp;<\/p>\n<p>&nbsp;<\/p>\n<p style=\"text-align: justify;\"><span style=\"font-family: comic sans ms, sans-serif; font-size: 14pt;\">Dont dix millions de plus chaque ann\u00e9e, <em>uniquement parce qu\u2019il y a eu la r\u00e9volution<\/em>, mangent \u00e0 leur faim au lieu de crever d\u2019inanition en travaillant pire que des b\u00eates de somme pour se payer la mis\u00e9rable dose d\u2019opium cens\u00e9e leur faire supporter progressivement leur merveilleux sort en attendant que les \u00ab\u00a0graves probl\u00e8mes\u00a0\u00bb se r\u00e9solvent tout seuls de mani\u00e8re civilis\u00e9e\u00a0!<\/span><\/p>\n<p>&nbsp;<\/p>\n<p style=\"text-align: justify;\"><span style=\"font-family: comic sans ms, sans-serif; font-size: 14pt;\">Chaque Chinois, comme chaque cr\u00e9ature vivante, n\u2019ayant qu\u2019une vie, il n\u2019est pas indiff\u00e9rent de savoir si cette vie unique sera \u00e9cras\u00e9e dans l\u2019\u0153uf, lentement lamin\u00e9e par tous les moyens possibles ou susceptible au contraire de conduire celui qui en a h\u00e9rit\u00e9 vers un semblant d\u2019existence r\u00e9elle un peu autonome. Ce qui est s\u00fbr, c\u2019est qu\u2019il n\u2019en aura jamais une deuxi\u00e8me.<\/span><\/p>\n<p>&nbsp;<\/p>\n<p style=\"text-align: justify;\"><span style=\"font-family: comic sans ms, sans-serif; font-size: 14pt;\">Une des particularit\u00e9s les plus hallucinantes de ce discours \u00e0 nos yeux est peut-\u00eatre qu\u2019il ait os\u00e9 mettre sur le m\u00eame plan \u2013 p\u00e9jorativement r\u00e9volutionnaire\u00a0! \u2013 les travaux d\u2019Hercule des surhommes de 1917-21 et la d\u00e9bandade sans honneur de la nomenklatura gorbatch\u00e9vienne de 1985-91.<\/span><\/p>\n<p>&nbsp;<\/p>\n<p style=\"text-align: justify;\"><span style=\"font-family: comic sans ms, sans-serif; font-size: 14pt;\">Il vaut peut-\u00eatre mieux entendre \u00e7a qu\u2019\u00eatre sourd, mais on a du mal \u00e0 s\u2019en persuader.<\/span><\/p>\n<p>&nbsp;<\/p>\n<p>&nbsp;<\/p>\n<p style=\"text-align: center;\"><a href=\"http:\/\/blog.lesgrossesorchadeslesamplesthalameges.fr\/index.php\/il-faut-lavoir-entendu-pour-y-croire\/4-bolshevik_-_kustodiev_fragment\/\" rel=\"attachment wp-att-15003\"><img loading=\"lazy\" class=\"alignnone wp-image-15003\" src=\"http:\/\/blog.lesgrossesorchadeslesamplesthalameges.fr\/wp-content\/uploads\/2021\/11\/4.-Bolshevik_-_Kustodiev_fragment.jpg\" alt=\"\" width=\"350\" height=\"438\" srcset=\"https:\/\/blog.lesgrossesorchadeslesamplesthalameges.fr\/wp-content\/uploads\/2021\/11\/4.-Bolshevik_-_Kustodiev_fragment.jpg 500w, https:\/\/blog.lesgrossesorchadeslesamplesthalameges.fr\/wp-content\/uploads\/2021\/11\/4.-Bolshevik_-_Kustodiev_fragment-240x300.jpg 240w\" sizes=\"(max-width: 350px) 100vw, 350px\" \/><\/a><\/p>\n<p>&nbsp;<\/p>\n<p>&nbsp;<\/p>\n<p style=\"text-align: justify;\"><span style=\"font-family: comic sans ms, sans-serif; font-size: 14pt;\">Et nous, dont il est quand m\u00eame aussi question dans ce foutoir, que devons-nous en penser\u00a0?<\/span><\/p>\n<p style=\"text-align: justify;\"><span style=\"font-family: times new roman, times, serif; font-size: 14pt;\"><strong>\u00a0<\/strong><\/span><\/p>\n<p style=\"text-align: justify;\"><span style=\"font-family: comic sans ms, sans-serif; font-size: 14pt;\">On peut n\u2019\u00eatre pas communiste, parce que le communisme implique un esprit de corps \u2013 que d\u2019aucuns appellent embrigadement \u2013 soit un militantisme diff\u00e9rent de l\u2019autodiscipline qu\u2019implique l\u2019anarchisme. Mais l\u2019anarchisme, ni m\u00eame le simple individualisme, n\u2019excluent pas l\u2019observance d\u2019un noyau de rigoureux principes dont certains sont les m\u00eames pour tout le monde, par-dessus les id\u00e9ologies, les croyances religieuses ou les convictions philosophiques.<\/span><\/p>\n<p>&nbsp;<\/p>\n<p style=\"text-align: justify;\"><span style=\"font-family: comic sans ms, sans-serif; font-size: 14pt;\">Pr\u00e9cisons\u00a0: ce qu\u2019anarchistes v\u00e9ritables et communistes v\u00e9ritables partagent, c\u2019est une poursuite du bien g\u00e9n\u00e9ral, une impossibilit\u00e9 \u00e0 s\u2019isoler du sort commun. Il faut insister sur cet identique besoin, parce qu\u2019il fait toujours d\u00e9faut aux meilleurs et aux plus sinc\u00e8res penseurs de droite, qui sont souvent de redoutables pamphl\u00e9taires, aptes \u00e0 discerner les choses qui ne vont pas et \u00e0 les d\u00e9noncer avec une grande efficacit\u00e9, mais qui les attribuent toujours \u00e0\u2026 \u00ab\u00a0d\u2019autres\u00a0\u00bb, qu\u2019ils ne comprennent pas, jamais \u00e0 eux-m\u00eames ou \u00e0 des causes identifiables (telles que le capitalisme ou l\u2019\u00e9go\u00efsme de classe des nantis par exemple), jamais \u00e0 autre chose que \u00ab\u00a0la faute \u00e0 pas de chance\u00a0\u00bb, au mieux.<\/span><\/p>\n<p>&nbsp;<\/p>\n<p>&nbsp;<\/p>\n<p style=\"text-align: justify; padding-left: 120px;\"><span style=\"font-family: comic sans ms, sans-serif; font-size: 14pt;\"><strong>\u00ab\u00a0Comprendre et ne pas juger\u00a0\u00bb <\/strong><\/span><\/p>\n<p style=\"text-align: justify; padding-left: 120px;\"><span style=\"font-family: comic sans ms, sans-serif; font-size: 14pt;\"><strong>H\u00e9las, moins on comprend, plus on se croit en \u00e9tat de juger.<\/strong><\/span><\/p>\n<p style=\"text-align: justify;\"><span style=\"font-family: times new roman, times, serif; font-size: 14pt;\"><strong>\u00a0<\/strong><\/span><\/p>\n<p>&nbsp;<\/p>\n<p style=\"text-align: justify;\"><span style=\"font-family: comic sans ms, sans-serif; font-size: 14pt;\">Ce que nous appelons, nous \u00ab\u00a0la gauche\u00a0\u00bb et qui suscite en nous le sentiment d\u2019un imp\u00e9rieux devoir, ils l\u2019appellent, eux aussi, \u00ab\u00a0la gauche\u00a0\u00bb, mais comme quintessence de tout ce qui n\u2019est pas eux et qu\u2019ils ex\u00e8crent. Dans \u00ab\u00a0tout ce qui n\u2019est pas eux\u00a0\u00bb \u2013 ce mouvement visc\u00e9ral d\u2019identification \u00e0 autrui qui est \u00e0 la fois \u00e9galit\u00e9 et fraternit\u00e9 \u2013 il faut admettre aussi, bien entendu, qu\u2019il y a des truqueurs, qui ne sont ni de droite ni de gauche, quand bien m\u00eame ils se r\u00e9clameraient de l\u2019une ou de l\u2019autre. Leur plus grande aptitude \u00e0 ceux-l\u00e0 est de semer la confusion et de p\u00eacher en eaux troubles. Malheureusement, ils sont beaucoup plus nombreux que la droite et la gauche r\u00e9unies, et se r\u00e9clament indiff\u00e9remment de l\u2019une ou de l\u2019autre, quand ils ne passent pas all\u00e8grement de l\u2019une \u00e0 l\u2019autre au gr\u00e9 de leurs caprices ou de leurs calculs.<\/span><\/p>\n<p>&nbsp;<\/p>\n<p style=\"text-align: justify;\"><span style=\"font-family: comic sans ms, sans-serif; font-size: 14pt;\">Donc, oui, nous ne nous reconnaissons pas seulement dans les jacobins nos anc\u00eatres mais dans les bolcheviks les leurs, <em>les siens<\/em>.<\/span><\/p>\n<p>&nbsp;<\/p>\n<p style=\"text-align: justify;\"><span style=\"font-family: comic sans ms, sans-serif; font-size: 14pt;\">Que recouvre ce mot qui sert de si utile \u00e9pouvantail aux marchands de bluff du \u00ab\u00a0parti de l\u2019\u00e9go\u00efsme\u00a0\u00bb\u00a0? Des gens des villes et des campagnes, des chr\u00e9tiens orthodoxes, des juifs, des musulmans et des sansdieu. Des gens qui avaient d\u00e9cid\u00e9, en fr\u00e8res, de faire \u00ab\u00a0la guerre \u00e0 la guerre\u00a0\u00bb\u2026 Non,\u00a0 \u00e7a, c\u2019\u00e9tait L\u00e9nine, qui a toujours eu un peu d\u2019avance sur tout le monde. Mais enfin, ils se sont battus comme ils pouvaient, comme ils savaient, contre le L\u00e9viathan par lequel ils refusaient de se laisser p\u00e9trifier. En commettant des erreurs, des injustices, des violences dommageables pour eux et pour tous. Oui, et alors\u00a0? Vous auriez fait quoi, vous, grandes gueules, \u00e0 leur place\u00a0?<\/span><\/p>\n<p>&nbsp;<\/p>\n<p style=\"text-align: justify;\"><span style=\"font-family: comic sans ms, sans-serif; font-size: 14pt;\">Il s\u2019est trouv\u00e9 un jour de 1917 \u2013 j\u2019ai oubli\u00e9 lequel \u2013 o\u00f9 15.000 bolcheviks de Saint-P\u00e9tersbourg se sont mis en route pour aller, sans jugement, \u00e0 Moscou, fusiller leur chef. Pourquoi\u00a0? Parce qu\u2019il voulait que la Russie cesse de faire la guerre \u00e0 l\u2019Allemagne pour s\u2019occuper, \u00e0 l\u2019int\u00e9rieur, de ses affaires, \u00f4 combien urgentissimes. Quoi\u00a0? Laisser le Kaiser s\u2019en tirer\u00a0? Ne pas aller le punir en m\u00eame temps que toute l\u2019Europe\u00a0? Trahison, non\u00a0? [Remarquez que Raspoutine avait \u00e9t\u00e9 du m\u00eame avis et tent\u00e9 d\u2019en convaincre le tsar, mais les Britanniques avaient \u00e9cart\u00e9 ce p\u00e9ril en l\u2019assassinant]. Toujours est-il que, pendant quelq ues jours de 1917, L\u00e9nine s\u2019est trouv\u00e9 seul, \u00e0 Moscou, sans aucune autre d\u00e9fense que les corps de Kroupska\u00efa sa femme, de Staline et d\u2019un Juif dont le nom m\u2019\u00e9chappe (c\u2019est mon Alzheimer qui avance). Trois personnes\u00a0! Trois, qui n\u2019ont pas flanch\u00e9\u00a0et qui ne l\u2019ont pas laiss\u00e9. Qu\u2019est-ce qui a emp\u00each\u00e9 ses ex\u00e9cuteurs d\u2019arriver \u00e0 Moscou\u00a0 ou qu\u2019est-ce qui les a fait changer d\u2019avis\u00a0? Je l\u2019ignore. Vous devrez demander \u00e0 Mme Lacroix-Riz ou \u00e0 M. Monville, qui, eux, doivent le savoir. Mais le r\u00e9sultat de cet \u00e9pisode entre beaucoup d\u2019autres, c\u2019est que M. Vladimir Poutine est aujourd\u2019hui en vie et qu\u2019il pr\u00e9side aux destin\u00e9es de la Russie en prof\u00e9rant des sottises indignes d\u2019un homme qui a \u00e9t\u00e9 \u00e9lev\u00e9 dans les \u00e9coles de l\u2019URSS.<\/span><\/p>\n<p>&nbsp;<\/p>\n<p style=\"text-align: justify;\"><span style=\"font-family: comic sans ms, sans-serif; font-size: 14pt;\">Il est bien \u00e9vident que pour se porter \u00e0 de tels exc\u00e8s, les bolcheviks de Saint-Petersbourg avaient eu le cr\u00e2ne bourr\u00e9 et le cerveau lav\u00e9 (ce n\u2019est pas incompatible) par une propagande va-t-en-guerre capitaliste de grand style. Comme nous tous et comme, apparemment, les habitants du Kremlin. Au secours\u00a0!!!!!!!!<\/span><\/p>\n<p>&nbsp;<\/p>\n<p style=\"text-align: justify;\"><span style=\"font-family: comic sans ms, sans-serif; font-size: 14pt;\">On apprendra n\u00e9anmoins avec plaisir qu\u2019aujourd\u2019hui les marchands d\u2019armes s\u2019appellent \u00ab\u00a0entrepreneurs de d\u00e9fense\u00a0\u00bb. Qui a dit qu\u2019on n\u2019est pas civilis\u00e9s\u00a0?<\/span><\/p>\n<p>&nbsp;<\/p>\n<p style=\"text-align: left;\"><span style=\"font-family: times new roman, times, serif; font-size: 14pt;\"><strong>URL de cet article\u00a0: <\/strong><a href=\"http:\/\/blog.lesgrossesorchadeslesamplesthalameges.fr\/index.php\/il-faut-lavoir-entendu-pour-y-croire\/\">http:\/\/blog.lesgrossesorchadeslesamplesthalameges.fr\/index.php\/il-faut-lavoir-entendu-pour-y-croire\/<\/a><\/span><\/p>\n<p style=\"text-align: justify;\"><span style=\"font-family: times new roman, times, serif; font-size: 14pt;\"><strong>\u00a0<\/strong><\/span><\/p>\n<p>&nbsp;<\/p>\n<p style=\"text-align: center;\"><span style=\"font-size: 14pt; font-family: comic sans ms, sans-serif;\"><strong>\u00a0<a href=\"http:\/\/blog.lesgrossesorchadeslesamplesthalameges.fr\/index.php\/2021\/11\/10\/et-ta-soeur-ducon\/000-etoile-rouge\/\" rel=\"attachment wp-att-14909\"><img loading=\"lazy\" class=\"alignnone size-full wp-image-14909\" src=\"http:\/\/blog.lesgrossesorchadeslesamplesthalameges.fr\/wp-content\/uploads\/2021\/11\/000.-\u00e9toile-rouge.gif\" alt=\"\" width=\"86\" height=\"91\" \/><\/a><\/strong><\/span><\/p>\n<p>&nbsp;<\/p>\n<p>&nbsp;<\/p>\n<p style=\"text-align: right;\"><span style=\"font-size: 14pt; font-family: comic sans ms, sans-serif;\">Novembre 2021<\/span><\/p>\n<p>&nbsp;<\/p>\n<p>&nbsp;<\/p>\n","protected":false},"excerpt":{"rendered":"<p>&nbsp; &nbsp; &nbsp; &nbsp; &nbsp; &nbsp; &nbsp; &nbsp; &nbsp; &nbsp; Il faut l\u2019avoir entendu pour y croire\u00a0! \u00a0 \u00a0 Ceci est le passage qui nous est plus particuli\u00e8rement rest\u00e9 en travers du gosier, qu\u2019on l\u2019interpr\u00e8te comme on voudra\u00a0\u00a0\u00a0\u00a0\u00a0\u00a0 \u00a0: \u00a0 \u00ab\u00a0Il y a un peu plus de cent ans, la Russie connaissait objectivement, y compris&#8230;<\/p>\n","protected":false},"author":1,"featured_media":0,"parent":0,"menu_order":0,"comment_status":"open","ping_status":"open","template":"","meta":[],"_links":{"self":[{"href":"https:\/\/blog.lesgrossesorchadeslesamplesthalameges.fr\/index.php\/wp-json\/wp\/v2\/pages\/15001"}],"collection":[{"href":"https:\/\/blog.lesgrossesorchadeslesamplesthalameges.fr\/index.php\/wp-json\/wp\/v2\/pages"}],"about":[{"href":"https:\/\/blog.lesgrossesorchadeslesamplesthalameges.fr\/index.php\/wp-json\/wp\/v2\/types\/page"}],"author":[{"embeddable":true,"href":"https:\/\/blog.lesgrossesorchadeslesamplesthalameges.fr\/index.php\/wp-json\/wp\/v2\/users\/1"}],"replies":[{"embeddable":true,"href":"https:\/\/blog.lesgrossesorchadeslesamplesthalameges.fr\/index.php\/wp-json\/wp\/v2\/comments?post=15001"}],"version-history":[{"count":12,"href":"https:\/\/blog.lesgrossesorchadeslesamplesthalameges.fr\/index.php\/wp-json\/wp\/v2\/pages\/15001\/revisions"}],"predecessor-version":[{"id":15151,"href":"https:\/\/blog.lesgrossesorchadeslesamplesthalameges.fr\/index.php\/wp-json\/wp\/v2\/pages\/15001\/revisions\/15151"}],"wp:attachment":[{"href":"https:\/\/blog.lesgrossesorchadeslesamplesthalameges.fr\/index.php\/wp-json\/wp\/v2\/media?parent=15001"}],"curies":[{"name":"wp","href":"https:\/\/api.w.org\/{rel}","templated":true}]}}