{"id":15047,"date":"2021-11-10T17:43:12","date_gmt":"2021-11-10T16:43:12","guid":{"rendered":"http:\/\/blog.lesgrossesorchadeslesamplesthalameges.fr\/?page_id=15047"},"modified":"2021-11-10T17:51:28","modified_gmt":"2021-11-10T16:51:28","slug":"centieme-anniversaire-de-la-naissance-de-georges-brassens","status":"publish","type":"page","link":"https:\/\/blog.lesgrossesorchadeslesamplesthalameges.fr\/index.php\/centieme-anniversaire-de-la-naissance-de-georges-brassens\/","title":{"rendered":"Centi\u00e8me anniversaire de la naissance de Georges Brassens"},"content":{"rendered":"<h1><\/h1>\n<p>&nbsp;<\/p>\n<p>&nbsp;<\/p>\n<p>&nbsp;<\/p>\n<p>&nbsp;<\/p>\n<p>&nbsp;<\/p>\n<p>&nbsp;<\/p>\n<p>&nbsp;<\/p>\n<p style=\"text-align: center;\"><strong><span style=\"font-family: times new roman, times, serif; font-size: 36pt;\">Centi\u00e8me anniversaire de la naissance de Brassens : ni culte ni oubli<\/span><\/strong><\/p>\n<p>&nbsp;<\/p>\n<h1 style=\"text-align: center;\"><span style=\"font-family: times new roman, times, serif; font-size: 18pt;\">Georges Gastaud \u2013 <em>PRCF<\/em> \u2013 22 octobre 2021<\/span><\/h1>\n<p>&nbsp;<\/p>\n<p>&nbsp;<\/p>\n<p style=\"text-align: center;\"><a href=\"http:\/\/blog.lesgrossesorchadeslesamplesthalameges.fr\/index.php\/2021\/11\/10\/et-ta-soeur-ducon\/10-brassens\/\" rel=\"attachment wp-att-14919\"><img loading=\"lazy\" class=\"alignnone wp-image-14919\" src=\"http:\/\/blog.lesgrossesorchadeslesamplesthalameges.fr\/wp-content\/uploads\/2021\/11\/10.-Brassens.jpeg\" alt=\"\" width=\"500\" height=\"292\" srcset=\"https:\/\/blog.lesgrossesorchadeslesamplesthalameges.fr\/wp-content\/uploads\/2021\/11\/10.-Brassens.jpeg 600w, https:\/\/blog.lesgrossesorchadeslesamplesthalameges.fr\/wp-content\/uploads\/2021\/11\/10.-Brassens-300x175.jpeg 300w\" sizes=\"(max-width: 500px) 100vw, 500px\" \/><\/a><\/p>\n<p>&nbsp;<\/p>\n<p>&nbsp;<\/p>\n<p style=\"text-align: justify;\"><span style=\"font-family: times new roman, times, serif; font-size: 14pt;\">L\u2019auteur de ces lignes est un vieil admirateur et \u00ab\u00a0praticien\u00a0\u00bb de l\u2019\u0153uvre malicieuse, musicalement solide et po\u00e9tiquement raffin\u00e9e de Brassens : il fut un temps o\u00f9 je connaissais par c\u0153ur toutes ses chansons et o\u00f9 j\u2019\u00e9tais capable, tant bien que mal, d\u2019en chanter un bon nombre en m\u2019accompagnant \u00e0 la guitare. C\u2019est assez dire que je suis plus enclin \u00e0 comm\u00e9morer le 100eme anniversaire de la naissance du Villon s\u00e9tois que celui du d\u00e9funt Montand, l\u2019homme qui est mont\u00e9 au z\u00e9nith de la popularit\u00e9 en se faisant compagnon de route du PCF avant de d\u00e9molir son ex-alli\u00e9 pour devenir un champion de l\u2019atlantisme le plus belliqueux;et du capitalisme le plus d\u00e9brid\u00e9.<\/span><\/p>\n<p>&nbsp;<\/p>\n<p style=\"text-align: justify;\"><span style=\"font-family: times new roman, times, serif; font-size: 14pt;\">Mais qui aime bien ch\u00e2tie bien et admirer l\u2019artiste Brassens ne signifie pas donner quitus \u00e0 son id\u00e9ologie \u00e0 certains \u00e9gards r\u00e9actionnaire.\u00a0Comment expliquer en effet que, universellement censur\u00e9 par la droite et defendu par la gauche avant 68, Brassens soit devenu au cours des ann\u00e9es 1970 une vedette absolue des m\u00e9dias et la personnalit\u00e9 la plus aim\u00e9e des Fran\u00e7ais, y compris si je me souviens bien, du G\u00e9n\u00e9ral Massu, qui n\u2019avait pas \u00e0 ma connaissance de sympathies libertaires marqu\u00e9es\u2026Certes, et c\u2019est tout \u00e0 son honneur, l\u2019auteur du Gorille n\u2019a jamais fait de concessions et, d\u2019un bout \u00e0 l\u2019autre de sa carri\u00e8re, il a profess\u00e9 le m\u00eame esprit frondeur empreint d\u2019antimilitarisme, d\u2019anticlericalisme et de refus des conventions bourgeoises. C\u2019est donc l\u2019id\u00e9ologie dominante qui est all\u00e9e \u00e0 sa rencontre et non lui qui s\u2019est achet\u00e9 une conduite, reconnaissons-lui cette belle constance.<\/span><\/p>\n<p>&nbsp;<\/p>\n<p style=\"text-align: justify;\"><span style=\"font-family: times new roman, times, serif; font-size: 14pt;\">Comment alors cette myst\u00e9rieuse convergence a-t-elle \u00e9t\u00e9 rendue possible ?\u00a0<\/span><\/p>\n<p>&nbsp;<\/p>\n<p style=\"text-align: justify;\"><span style=\"font-family: times new roman, times, serif; font-size: 14pt;\">Sur le <a href=\"https:\/\/www.initiative-communiste.fr\/theme\/plan\/\">plan<\/a> des id\u00e9es, il faut simplement noter que l\u2019orientation de Brassens, malgr\u00e9 sa tonalit\u00e9 d\u2019extr\u00eame gauche, se complait dans le refus de la lutte organis\u00e9e contre l\u2019exploitation capitaliste (\u00ab\u00a0Pauvre Martin\u00a0\u00bb, \u00ab\u00a0Le pluriel\u00a0\u00bb), avec le rejet assez scandaleux de la R\u00e9sistance antifasciste mise au m\u00eame niveau que la Collaboration (\u00ab\u00a0Les deux oncles\u00a0\u00bb), avec le m\u00e9pris de la R\u00e9volution fran\u00e7aise (toujours connot\u00e9e n\u00e9gativement, ainsi que les \u00ab\u00a0braves Sans Culotte et les bonnets phrygiens\u00a0\u00bb), sans parler du \u00ab\u00a0Grand Soir\u00a0\u00bb, m\u00e9taphore r\u00e9actionnaire traditionnelle de la R\u00e9volution prol\u00e9tarienne. Jean Ferrat avait d\u2019ailleurs ripost\u00e9 \u00e0 la chanson franchement droiti\u00e8re de Brassens \u00ab\u00a0Le pluriel\u00a0\u00bb, dont le refrain affirme que \u00a0\u00bb d\u00e8s qu\u2019on est plus de quatre on est une bande de cons\u00a0\u00bb, en r\u00e9digeant la chanson \u00ab\u00a0En ligue, en meute, en procession\u00a0\u00bb qui appelait \u00e0 l\u2019engagement collectif des exploit\u00e9s.\u00a0Sur le plan social, la vieille France r\u00e9ac, sexuellement coinc\u00e9e et encore majoritairement rurale de l\u2019\u00e9poque pr\u00e9-soixante-huitarde a c\u00e9d\u00e9 la place \u00e0 celle du capital mondialis\u00e9 flanqu\u00e9 d\u2019une nouvelle bourgeoisie salari\u00e9e de hauts cadres urbains s\u2019activant dans la pub et la com, ces fameux bobos dont beaucoup cultivent l\u2019anticommunisme, rejettent la \u00ab\u00a0France moisie\u00a0\u00bb et\u2026 n\u2019en continuent pas moins \u00e0 se fantasmer \u00ab\u00a0rebelles\u00a0\u00bb, Lib\u00e9, Charlie et l\u2019\u00e9coute de la Matinale de France Inter leur tenant lieu d\u2019angelus quotidien.\u00a0D\u2019o\u00f9 le changement de pied des ma\u00eetres de l\u2019id\u00e9ologie dominante. Finie la censure de Brassens, de Renaud, de Le Forestier et de tous ces artistes sulfureux que censurait l\u2019ORTF gaulliste, bienvenue aux artistes qui moquent le drapeau tricolore et \u00ab\u00a0vont main dans la main faire l\u2019amour ensemble \/ Et l\u2019Europe de demain\u00a0\u00bb (Brassens, Les deux oncles), qui d\u00e9nigrent l\u2019organisation des travailleurs, qui refusent de \u00ab\u00a0mourir pour des id\u00e9es\u00a0\u00bb, qui mettent sur un pied d\u2019\u00e9galit\u00e9 le \u00ab\u00a0cong\u00e9diement du vieux Franco\u00a0\u00bb et l\u2019\u00e9ventuel \u00ab\u00a0renversement de Marianne\u00a0\u00bb (\u00ab\u00a0Le roi des cons\u00a0\u00bb), et qui habillent tout ce confusionnisme r\u00e9ac du drapeau noir de l\u2019anarchie. Bref, \u00e0 ma gauche, des anars criant st\u00e9rilement \u00ab\u00a0Mort aux vaches !\u00a0\u00bb sans ouvrir la moindre perspective politique. En face d\u2019eux, des fachos prenant pr\u00e9texte des outrances des premiers pour durcir l\u2019\u00c9tat policier. Au centre, des pr\u00e9sidents de la R\u00e9publique issus de la finance (et\/ou de la social-d\u00e9mocratie, la diff\u00e9rence est maigre, demandez \u00e0 DSK!) pour d\u00e9monter les acquis de la R\u00e9sistance et la souverainet\u00e9 du peuple au nom de la \u00ab\u00a0construction europ\u00e9enne\u00a0\u00bb\u2026Et c\u2019est ainsi que, par magie, la \u00ab\u00a0Mauvaise R\u00e9putation\u00a0\u00bb a fini par se muer en acclamations unanimistes, avec Jacques Chancel, puis Patrick Cohen dans le r\u00f4le du chef de claque\u2026Tant mieux pour le ma\u00eetre et amoureux de la langue fran\u00e7aise que reste Brassens, en cela plus <a href=\"https:\/\/www.initiative-communiste.fr\/theme\/patriote\/\">patriote<\/a> qu\u2019il ne le croyait. Mais tant pis pour la charge subversive que comportait initialement la chanson formellement r\u00e9volutionnaire du compositeur d\u2019avant garde du \u00ab\u00a0Petit cheval blanc\u00a0\u00bb\u2026<\/span><\/p>\n<p>&nbsp;<\/p>\n<p>&nbsp;<\/p>\n<p style=\"text-align: center;\"><span style=\"font-family: times new roman, times, serif; font-size: 14pt;\"><iframe loading=\"lazy\" title=\"YouTube video player\" src=\"\/\/www.youtube.com\/embed\/dWKXU8vSwx4\" width=\"560\" height=\"315\" frameborder=\"0\" allowfullscreen=\"allowfullscreen\"><\/iframe><\/span><\/p>\n<p>&nbsp;<\/p>\n<p>&nbsp;<\/p>\n<p style=\"text-align: center;\"><a href=\"http:\/\/blog.lesgrossesorchadeslesamplesthalameges.fr\/index.php\/2021\/11\/10\/et-ta-soeur-ducon\/000-etoile-rouge\/\" rel=\"attachment wp-att-14909\"><img loading=\"lazy\" class=\"alignnone wp-image-14909\" src=\"http:\/\/blog.lesgrossesorchadeslesamplesthalameges.fr\/wp-content\/uploads\/2021\/11\/000.-\u00e9toile-rouge.gif\" alt=\"\" width=\"50\" height=\"53\" \/><\/a><\/p>\n<p>&nbsp;<\/p>\n<p>&nbsp;<\/p>\n<p style=\"text-align: left;\"><span style=\"font-family: times new roman, times, serif; font-size: 18pt;\"><strong><em>Ce n\u2019est pas tous les jours que l\u2019occasion se pr\u00e9sente, mais quelquefois le mot \u00ab\u00a0sublime\u00a0\u00bb s\u2019impose <\/em><\/strong><\/span><\/p>\n<p>&nbsp;<\/p>\n<p>&nbsp;<\/p>\n<p style=\"text-align: center;\"><a href=\"http:\/\/blog.lesgrossesorchadeslesamplesthalameges.fr\/index.php\/2021\/11\/10\/et-ta-soeur-ducon\/11-louis-aragon-et-jean-ferrat-688\/\" rel=\"attachment wp-att-14920\"><img loading=\"lazy\" class=\"alignnone wp-image-14920\" src=\"http:\/\/blog.lesgrossesorchadeslesamplesthalameges.fr\/wp-content\/uploads\/2021\/11\/11.-louis-aragon-et-jean-ferrat-688-225x300.jpg\" alt=\"\" width=\"250\" height=\"333\" srcset=\"https:\/\/blog.lesgrossesorchadeslesamplesthalameges.fr\/wp-content\/uploads\/2021\/11\/11.-louis-aragon-et-jean-ferrat-688-225x300.jpg 225w, https:\/\/blog.lesgrossesorchadeslesamplesthalameges.fr\/wp-content\/uploads\/2021\/11\/11.-louis-aragon-et-jean-ferrat-688.jpg 600w\" sizes=\"(max-width: 250px) 100vw, 250px\" \/><\/a><\/p>\n<p>&nbsp;<\/p>\n<p>&nbsp;<\/p>\n<p style=\"text-align: center;\"><span style=\"font-family: times new roman, times, serif; font-size: 24pt;\"><strong>Aragon-Ferrat\u00a0:\u00a0 Un jour\u2026<\/strong><\/span><\/p>\n<p>&nbsp;<\/p>\n<p>&nbsp;<\/p>\n<p style=\"text-align: center;\"><span style=\"font-family: times new roman, times, serif; font-size: 14pt;\"><iframe loading=\"lazy\" title=\"YouTube video player\" src=\"\/\/www.youtube.com\/embed\/4i25x7CusII\" width=\"560\" height=\"315\" frameborder=\"0\" allowfullscreen=\"allowfullscreen\"><\/iframe><\/span><\/p>\n<p>&nbsp;<\/p>\n<p>&nbsp;<\/p>\n<p style=\"text-align: right;\"><a href=\"http:\/\/blog.lesgrossesorchadeslesamplesthalameges.fr\/index.php\/transcription-pour-les-sourds-et-les-malentendants\/\"><span style=\"font-family: arial black, sans-serif; font-size: 14pt;\">Transcription des paroles,<\/span><\/a><\/p>\n<p style=\"text-align: right;\"><a href=\"http:\/\/blog.lesgrossesorchadeslesamplesthalameges.fr\/index.php\/transcription-pour-les-sourds-et-les-malentendants\/\"><span style=\"font-family: arial black, sans-serif; font-size: 14pt;\">pour les sourds et les malentendants\u2026<\/span><\/a><\/p>\n<p>&nbsp;<\/p>\n<p>&nbsp;<\/p>\n<p style=\"text-align: center;\"><strong><em><a href=\"http:\/\/blog.lesgrossesorchadeslesamplesthalameges.fr\/index.php\/2021\/11\/10\/et-ta-soeur-ducon\/000-etoile-rouge\/\" rel=\"attachment wp-att-14909\"><img loading=\"lazy\" class=\"alignnone wp-image-14909\" src=\"http:\/\/blog.lesgrossesorchadeslesamplesthalameges.fr\/wp-content\/uploads\/2021\/11\/000.-\u00e9toile-rouge.gif\" alt=\"\" width=\"50\" height=\"53\" \/><\/a><\/em><\/strong><\/p>\n<p>&nbsp;<\/p>\n<p>&nbsp;<\/p>\n<p style=\"text-align: left;\"><span style=\"font-family: times new roman, times, serif; font-size: 14pt;\"><strong>URL de cet article\u00a0: <\/strong><a href=\"http:\/\/blog.lesgrossesorchadeslesamplesthalameges.fr\/index.php\/centieme-anniversaire-de-la-naissance-de-georges-brassens\/\">http:\/\/blog.lesgrossesorchadeslesamplesthalameges.fr\/index.php\/centieme-anniversaire-de-la-naissance-de-georges-brassens\/<\/a><br \/>\n<\/span><\/p>\n<p>&nbsp;<\/p>\n<p>&nbsp;<\/p>\n<p style=\"text-align: right;\"><span style=\"font-family: comic sans ms, sans-serif; font-size: 14pt;\">Novembre 2021<\/span><\/p>\n<p>&nbsp;<\/p>\n<p style=\"text-align: right;\">\n","protected":false},"excerpt":{"rendered":"<p>&nbsp; &nbsp; &nbsp; &nbsp; &nbsp; &nbsp; &nbsp; Centi\u00e8me anniversaire de la naissance de Brassens : ni culte ni oubli &nbsp; Georges Gastaud \u2013 PRCF \u2013 22 octobre 2021 &nbsp; &nbsp; &nbsp; &nbsp; L\u2019auteur de ces lignes est un vieil admirateur et \u00ab\u00a0praticien\u00a0\u00bb de l\u2019\u0153uvre malicieuse, musicalement solide et po\u00e9tiquement raffin\u00e9e de Brassens : il fut&#8230;<\/p>\n","protected":false},"author":1,"featured_media":0,"parent":0,"menu_order":0,"comment_status":"open","ping_status":"open","template":"","meta":[],"_links":{"self":[{"href":"https:\/\/blog.lesgrossesorchadeslesamplesthalameges.fr\/index.php\/wp-json\/wp\/v2\/pages\/15047"}],"collection":[{"href":"https:\/\/blog.lesgrossesorchadeslesamplesthalameges.fr\/index.php\/wp-json\/wp\/v2\/pages"}],"about":[{"href":"https:\/\/blog.lesgrossesorchadeslesamplesthalameges.fr\/index.php\/wp-json\/wp\/v2\/types\/page"}],"author":[{"embeddable":true,"href":"https:\/\/blog.lesgrossesorchadeslesamplesthalameges.fr\/index.php\/wp-json\/wp\/v2\/users\/1"}],"replies":[{"embeddable":true,"href":"https:\/\/blog.lesgrossesorchadeslesamplesthalameges.fr\/index.php\/wp-json\/wp\/v2\/comments?post=15047"}],"version-history":[{"count":12,"href":"https:\/\/blog.lesgrossesorchadeslesamplesthalameges.fr\/index.php\/wp-json\/wp\/v2\/pages\/15047\/revisions"}],"predecessor-version":[{"id":15112,"href":"https:\/\/blog.lesgrossesorchadeslesamplesthalameges.fr\/index.php\/wp-json\/wp\/v2\/pages\/15047\/revisions\/15112"}],"wp:attachment":[{"href":"https:\/\/blog.lesgrossesorchadeslesamplesthalameges.fr\/index.php\/wp-json\/wp\/v2\/media?parent=15047"}],"curies":[{"name":"wp","href":"https:\/\/api.w.org\/{rel}","templated":true}]}}