{"id":1513,"date":"2019-01-09T23:43:19","date_gmt":"2019-01-09T22:43:19","guid":{"rendered":"http:\/\/blog.lesgrossesorchadeslesamplesthalameges.fr\/?page_id=1513"},"modified":"2019-01-10T13:47:15","modified_gmt":"2019-01-10T12:47:15","slug":"la-lire-turque-degringole","status":"publish","type":"page","link":"https:\/\/blog.lesgrossesorchadeslesamplesthalameges.fr\/index.php\/la-lire-turque-degringole\/","title":{"rendered":"La lire turque d\u00e9gringole"},"content":{"rendered":"<p><strong>\u00a0<\/strong><\/p>\n<p>&nbsp;<\/p>\n<p>&nbsp;<\/p>\n<p>&nbsp;<\/p>\n<p>&nbsp;<\/p>\n<p style=\"text-align: center;\"><span style=\"font-family: times new roman, times, serif; font-size: 36pt;\"><strong>La lire turque d\u00e9gringole, apr\u00e8s le refus d\u2019Erdogan de rencontrer Bolton pour avoir bloqu\u00e9 le retrait US de Syrie <\/strong><\/span><\/p>\n<p>&nbsp;<\/p>\n<p style=\"text-align: center;\"><span style=\"font-family: times new roman, times, serif; font-size: 14pt;\"><span style=\"font-size: 18pt;\"><strong>Tyler Durden \u2013\u00a0 <em>Zero Hedge<\/em> \u2013<\/strong> <\/span>8.1.2019<\/span><\/p>\n<p>&nbsp;<\/p>\n<p>&nbsp;<\/p>\n<p><img loading=\"lazy\" class=\"aligncenter wp-image-1496\" src=\"http:\/\/blog.lesgrossesorchadeslesamplesthalameges.fr\/wp-content\/uploads\/2019\/01\/Erdogan-Lire-300x166.jpg\" alt=\"\" width=\"600\" height=\"332\" srcset=\"https:\/\/blog.lesgrossesorchadeslesamplesthalameges.fr\/wp-content\/uploads\/2019\/01\/Erdogan-Lire-300x166.jpg 300w, https:\/\/blog.lesgrossesorchadeslesamplesthalameges.fr\/wp-content\/uploads\/2019\/01\/Erdogan-Lire.jpg 517w\" sizes=\"(max-width: 600px) 100vw, 600px\" \/><\/p>\n<p>&nbsp;<\/p>\n<p>&nbsp;<\/p>\n<p style=\"text-align: justify;\"><span style=\"font-family: times new roman, times, serif; font-size: 14pt;\">Le pr\u00e9sident turc Erdogan a fait chuter la lire turque mardi, en refusant de rencontrer le conseiller en s\u00e9curit\u00e9 nationale de Trump, John Bolton, lors du voyage de celui-ci en Turquie, apr\u00e8s que Bolton ait r\u00e9ussi \u00e0 \u00ab\u00a0convaincre\u00a0\u00bb Trump de surseoir au retrait de 2.000 soldats US de Syrie tant qu\u2019il n\u2019aurait pas re\u00e7u l\u2019engagement de la Turquie <a href=\"https:\/\/www.zerohedge.com\/news\/2019-01-06\/syria-withdrawal-now-depends-turkish-guarantee-not-attack-kurds\">de ne pas s\u2019en prendre aux Kurdes<\/a> soutenus par les USA dans la r\u00e9gion.<\/span><\/p>\n<p style=\"text-align: justify;\"><span style=\"font-family: times new roman, times, serif; font-size: 14pt;\">Bolton a r\u00e9v\u00e9l\u00e9 le changement de cap au cours d\u2019une interview donn\u00e9e dimanche, en vue d\u2019un voyage qu\u2019il projette de faire en Turquie et en Isra\u00ebl, pour discuter les conditions du retrait U.S.<\/span><\/p>\n<p style=\"text-align: justify;\"><span style=\"font-family: times new roman, times, serif; font-size: 14pt;\">Selon <a href=\"https:\/\/www.bloomberg.com\/news\/articles\/2019-01-08\/turkey-s-erdogan-refuses-to-meet-with-trump-adviser-bolton\">Bloomberg<\/a>, au lieu de rencontrer Bolton, Erdogan a utilis\u00e9 un\u00a0 discours pr\u00e9-programm\u00e9 au Parlement pour critiquer les propositions am\u00e9ricaines de donner un\u00a0 r\u00f4le-cl\u00e9 au groupe kurde de Syrie, apr\u00e8s l\u2019\u00e9ventuel retrait US.<\/span><\/p>\n<p style=\"text-align: justify;\"><span style=\"font-family: times new roman, times, serif; font-size: 14pt;\">La Turquie \u00a0a d\u00e9j\u00e0 mis en place la mani\u00e8re dont elle combattra les r\u00e9sidus de l\u2019ISIS apr\u00e8s le retrait US, et elle a d\u00e9j\u00e0 dress\u00e9 ses plans pour neutraliser \u00ab\u00a0toutes les menaces terroristes\u00a0\u00bb, a dit Erdogan dans son discours de dimanche devant les membres de son parti gouvernemental AKP.<\/span><\/p>\n<p style=\"text-align: justify;\"><span style=\"font-family: times new roman, times, serif; font-size: 14pt;\">\u00ab\u00a0Nous allons tr\u00e8s bient\u00f4t mobiliser pour \u00e9liminer les organisations terroristes de Syrie\u00a0\u00bb [\u2026] \u00ab\u00a0S\u2019il y a d\u2019autres terroristes qui voudraient tenter d\u2019intervenir sur notre intervention, il sera de notre devoir de les \u00e9liminer aussi\u00a0\u00bb, a-t-il prcis\u00e9\u00a0, faisant probablement allusion aux Kurdes qui se battent \u00e0 la fronti\u00e8re turque qu\u2019il consid\u00e8re comme une menace, \u00e0 cause de leur affiliation \u00e0 d\u2019autres groupes s\u00e9paratistes kurdes de Turquie.<\/span><\/p>\n<p style=\"text-align: justify;\"><span style=\"font-family: times new roman, times, serif; font-size: 14pt;\">Cette nouvelle a fait chuter la lire, sur fond de tensions renouvel\u00e9es entre les USA et la Turquie, apr\u00e8s les espoirs qui avaient \u00e9t\u00e9 nourris de voir les membres de l\u2019OTAN en conflit finir par mettre de c\u00f4t\u00e9 leurs diff\u00e9rends<\/span><\/p>\n<p>&nbsp;<\/p>\n<p>&nbsp;<\/p>\n<p style=\"text-align: center;\"><img loading=\"lazy\" class=\"alignnone wp-image-1514\" src=\"http:\/\/blog.lesgrossesorchadeslesamplesthalameges.fr\/wp-content\/uploads\/2019\/01\/Erdogan-Lire-II-GIF-300x152.gif\" alt=\"\" width=\"600\" height=\"305\" \/><\/p>\n<p>&nbsp;<\/p>\n<p style=\"text-align: justify;\"><span style=\"font-family: times new roman, times, serif; font-size: 14pt;\">On rapporte que la Turquie pr\u00e9pare une attaque contre les YPG, un des groupes qui se battent par procuration pour les \u00c9tats-Unis. Henrik Gullberg, un strat\u00e8ge de Nomura, a dit que la d\u00e9cision d\u2019Erdogan de snober Bolton montre \u00ab\u00a0qu\u2019il doit \u00eatre tr\u00e8s en col\u00e8re\u00a0\u00bb sur les USA\u00a0.<\/span><\/p>\n<p>&nbsp;<\/p>\n<p><span style=\"font-family: times new roman, times, serif; font-size: 14pt;\">Source : <a href=\"https:\/\/www.zerohedge.com\/news\/2019-01-08\/lira-slides-after-erdogan-refuses-meet-bolton-blocking-syria-withdrawal\">https:\/\/www.zerohedge.com\/news\/2019-01-08\/lira-slides-after-erdogan-refuses-meet-bolton-blocking-syria-withdrawal<\/a><\/span><\/p>\n<p>&nbsp;<\/p>\n<p style=\"text-align: right;\"><span style=\"font-family: times new roman, times, serif; font-size: 14pt;\">Traduction : c.l. pour Les Grosses Orchades<\/span><\/p>\n<p>&nbsp;<\/p>\n<p>&nbsp;<\/p>\n<p style=\"text-align: center;\"><img loading=\"lazy\" class=\"alignnone wp-image-1495\" src=\"http:\/\/blog.lesgrossesorchadeslesamplesthalameges.fr\/wp-content\/uploads\/2019\/01\/guerre-8.gif\" alt=\"\" width=\"125\" height=\"133\" \/><\/p>\n<p>&nbsp;<\/p>\n<p>&nbsp;<\/p>\n<p style=\"text-align: right;\"><span style=\"font-family: comic sans ms, sans-serif; font-size: 14pt;\">9 janvier 2019<\/span><\/p>\n<p>&nbsp;<\/p>\n<p>&nbsp;<\/p>\n<p>&nbsp;<\/p>\n","protected":false},"excerpt":{"rendered":"<p>\u00a0 &nbsp; &nbsp; &nbsp; &nbsp; La lire turque d\u00e9gringole, apr\u00e8s le refus d\u2019Erdogan de rencontrer Bolton pour avoir bloqu\u00e9 le retrait US de Syrie &nbsp; Tyler Durden \u2013\u00a0 Zero Hedge \u2013 8.1.2019 &nbsp; &nbsp; &nbsp; &nbsp; Le pr\u00e9sident turc Erdogan a fait chuter la lire turque mardi, en refusant de rencontrer le conseiller en s\u00e9curit\u00e9&#8230;<\/p>\n","protected":false},"author":1,"featured_media":0,"parent":0,"menu_order":0,"comment_status":"open","ping_status":"open","template":"","meta":[],"_links":{"self":[{"href":"https:\/\/blog.lesgrossesorchadeslesamplesthalameges.fr\/index.php\/wp-json\/wp\/v2\/pages\/1513"}],"collection":[{"href":"https:\/\/blog.lesgrossesorchadeslesamplesthalameges.fr\/index.php\/wp-json\/wp\/v2\/pages"}],"about":[{"href":"https:\/\/blog.lesgrossesorchadeslesamplesthalameges.fr\/index.php\/wp-json\/wp\/v2\/types\/page"}],"author":[{"embeddable":true,"href":"https:\/\/blog.lesgrossesorchadeslesamplesthalameges.fr\/index.php\/wp-json\/wp\/v2\/users\/1"}],"replies":[{"embeddable":true,"href":"https:\/\/blog.lesgrossesorchadeslesamplesthalameges.fr\/index.php\/wp-json\/wp\/v2\/comments?post=1513"}],"version-history":[{"count":0,"href":"https:\/\/blog.lesgrossesorchadeslesamplesthalameges.fr\/index.php\/wp-json\/wp\/v2\/pages\/1513\/revisions"}],"wp:attachment":[{"href":"https:\/\/blog.lesgrossesorchadeslesamplesthalameges.fr\/index.php\/wp-json\/wp\/v2\/media?parent=1513"}],"curies":[{"name":"wp","href":"https:\/\/api.w.org\/{rel}","templated":true}]}}