{"id":15177,"date":"2021-11-14T15:34:22","date_gmt":"2021-11-14T14:34:22","guid":{"rendered":"http:\/\/blog.lesgrossesorchadeslesamplesthalameges.fr\/?page_id=15177"},"modified":"2021-11-14T15:36:34","modified_gmt":"2021-11-14T14:36:34","slug":"un-manifestant-du-6-janvier-au-capitole-demande-lasile-a-la-bielorussie","status":"publish","type":"page","link":"https:\/\/blog.lesgrossesorchadeslesamplesthalameges.fr\/index.php\/un-manifestant-du-6-janvier-au-capitole-demande-lasile-a-la-bielorussie\/","title":{"rendered":"Un manifestant du 6 janvier au Capitole demande l&rsquo;asile \u00e0 la Bi\u00e9lorussie"},"content":{"rendered":"<p>&nbsp;<\/p>\n<p>&nbsp;<\/p>\n<p>&nbsp;<\/p>\n<p>&nbsp;<\/p>\n<p>&nbsp;<\/p>\n<p>&nbsp;<\/p>\n<p>&nbsp;<\/p>\n<p style=\"text-align: center;\"><span style=\"font-family: times new roman, times, serif; font-size: 36pt;\"><strong>Un manifestant du 6 janvier au Capitole demande l\u2019asile \u00e0 la Bi\u00e9lorussie<\/strong><\/span><\/p>\n<p style=\"text-align: center;\"><span style=\"font-family: times new roman, times, serif; font-size: 14pt;\"><strong>\u00a0<\/strong><\/span><\/p>\n<p>&nbsp;<\/p>\n<p style=\"text-align: center;\"><span style=\"font-size: 18pt;\"><span style=\"font-family: times new roman, times, serif;\"><strong><em>The Moscow Times<\/em><\/strong><strong> \u2013 8.11.2021\u2013 <\/strong>via<\/span><span style=\"font-family: times new roman, times, serif;\"><strong> TheDuran<\/strong><\/span><\/span><\/p>\n<p style=\"text-align: center;\"><span style=\"font-family: times new roman, times, serif; font-size: 18pt;\">Traduction\u00a0:<strong> c.l. pour <em>L.G.O.<\/em><\/strong><\/span><\/p>\n<p style=\"text-align: center;\"><span style=\"font-family: times new roman, times, serif; font-size: 14pt;\"><strong>\u00a0<\/strong><\/span><\/p>\n<p>&nbsp;<\/p>\n<p>&nbsp;<\/p>\n<p style=\"text-align: center;\"><a href=\"http:\/\/blog.lesgrossesorchadeslesamplesthalameges.fr\/index.php\/2021\/11\/14\/la-terreur-covidienne-suite-et-si-pas-fin-il-y-a-des-gens-qui-bougent\/7-manifestant-us\/\" rel=\"attachment wp-att-15167\"><img loading=\"lazy\" class=\"alignnone wp-image-15167 size-full\" src=\"http:\/\/blog.lesgrossesorchadeslesamplesthalameges.fr\/wp-content\/uploads\/2021\/11\/7.-Manifestant-US.jpg\" alt=\"\" width=\"600\" height=\"337\" srcset=\"https:\/\/blog.lesgrossesorchadeslesamplesthalameges.fr\/wp-content\/uploads\/2021\/11\/7.-Manifestant-US.jpg 600w, https:\/\/blog.lesgrossesorchadeslesamplesthalameges.fr\/wp-content\/uploads\/2021\/11\/7.-Manifestant-US-300x169.jpg 300w\" sizes=\"(max-width: 600px) 100vw, 600px\" \/><\/a><\/p>\n<p style=\"text-align: center;\"><span style=\"font-family: times new roman, times, serif; font-size: 12pt;\"><strong><em>La t\u00e9l\u00e9vision d\u2019\u00c9tat\u00a0 bi\u00e9lorusse a couvert l\u2019histoire d\u2019Evan Neumann dans une \u00e9mission intitul\u00e9e <\/em><\/strong><strong>\u00ab\u00a0Adieu Am\u00e9rique\u00a0\u00bb <\/strong>[<em>Belarus 1<\/em> &#8211; Capture d\u2019\u00e9cran]<\/span><\/p>\n<p>&nbsp;<\/p>\n<p>&nbsp;<\/p>\n<p>&nbsp;<\/p>\n<p style=\"text-align: justify;\"><span style=\"font-family: times new roman, times, serif; font-size: 14pt;\">Un homme figurant sur la liste des personnes les plus recherch\u00e9es par le FBI, \u00ab\u00a0pour avoir attaqu\u00e9 la police lors de l&rsquo;\u00e9meute du 6 janvier\u00a0\u00bb au Capitole des \u00c9tats-Unis, demande maintenant l&rsquo;asile \u00e0 la Bi\u00e9lorussie, a rapport\u00e9 dimanche la t\u00e9l\u00e9vision d&rsquo;\u00c9tat de ce pays ex-sovi\u00e9tique.<\/span><\/p>\n<p>&nbsp;<\/p>\n<p style=\"text-align: justify;\"><span style=\"font-family: times new roman, times, serif; font-size: 14pt;\">Evan Neumann, 48 ans, est recherch\u00e9 aux \u00c9tats-Unis pour effraction et conduite d\u00e9sordonn\u00e9e dans l&rsquo;enceinte du Capitole, ainsi que pour agression, r\u00e9sistance et obstruction aux forces de l&rsquo;ordre lors de troubles civils. Neumann nie ces accusations comme \u00ab\u00a0non fond\u00e9es\u00a0\u00bb.<\/span><\/p>\n<p>&nbsp;<\/p>\n<p><span style=\"font-family: times new roman, times, serif; font-size: 14pt;\">M. Neumann a vendu sa maison en Californie au printemps dernier, et on pense qu&rsquo;il a d\u00e9m\u00e9nag\u00e9 en Ukraine pour \u00e9chapper \u00e0 l&rsquo;arrestation, avait rapport\u00e9 <em>ABC News<\/em> cet \u00e9t\u00e9.<\/span><\/p>\n<p>&nbsp;<\/p>\n<p style=\"text-align: justify;\"><span style=\"font-family: times new roman, times, serif; font-size: 14pt;\">\u00ab\u00a0\u00c0 en juger par son histoire, [Neumann] est le type d&rsquo;Am\u00e9ricain moyen dont les magasins ont \u00e9t\u00e9 br\u00fbl\u00e9s par des militants de <em>Black Lives Matter<\/em>\u00a0\u00bb, a d\u00e9clar\u00e9 un pr\u00e9sentateur de la cha\u00eene de t\u00e9l\u00e9vision B<em>elarus 1<\/em>, reprenant un sujet de discussion courant \u00e0 la t\u00e9l\u00e9vision d&rsquo;\u00c9tat russe.<\/span><\/p>\n<p>&nbsp;<\/p>\n<p style=\"text-align: justify;\"><span style=\"font-family: times new roman, times, serif; font-size: 14pt;\">Neumann \u00ab\u00a0a tent\u00e9 d\u2019obtenir justice et a pos\u00e9 des questions d\u00e9rangeantes apr\u00e8s les \u00e9lections am\u00e9ricaines de 2020 contest\u00e9es par l&rsquo;ex-pr\u00e9sident Donald Trump\u00a0\u00bb, a ajout\u00e9 le pr\u00e9sentateur, \u00ab\u00a0mais il a presque tout perdu et il est pers\u00e9cut\u00e9 par le gouvernement am\u00e9ricain\u00a0\u00bb.<\/span><\/p>\n<p>&nbsp;<\/p>\n<p style=\"text-align: justify;\"><span style=\"font-family: times new roman, times, serif; font-size: 14pt;\">Les autorit\u00e9s frontali\u00e8res bi\u00e9lorusses ont arr\u00eat\u00e9 Neumann \u00e0 la fronti\u00e8re avec l&rsquo;Ukraine le 15 ao\u00fbt, selon <em>Belarus 1<\/em>.<\/span><\/p>\n<p>&nbsp;<\/p>\n<p style=\"text-align: justify;\"><span style=\"font-family: times new roman, times, serif; font-size: 14pt;\">\u00ab\u00a0Non seulement cette situation ne s&rsquo;est jamais produite, mais elle \u00e9tait difficile \u00e0 imaginer\u00a0\u00bb, a comment\u00e9 le journaliste de la cha\u00eene, dans une s\u00e9quence intitul\u00e9e \u00ab\u00a0Adieu, Am\u00e9rique !\u00a0\u00bb.<\/span><\/p>\n<p>&nbsp;<\/p>\n<p style=\"text-align: justify;\"><span style=\"font-family: times new roman, times, serif; font-size: 14pt;\">Lors d&rsquo;une interview, M. Neumann s&rsquo;est souvenu avoir travers\u00e9 des for\u00eats mar\u00e9cageuses et rencontr\u00e9 des porcs et des serpents sauvages au cours de son voyage entre l&rsquo;Ukraine et la Bielorussie. <em>Belarus 1<\/em> a rapport\u00e9 que M. Neumann avait quitt\u00e9 les \u00c9tats-Unis pour se rendre en Italie au mois de mars, puis qu\u2019il a pris un train pour la Suisse et s&rsquo;est rendu en Allemagne et en Pologne avant de s&rsquo;installer dans l&rsquo;ouest de l&rsquo;Ukraine, o\u00f9 il a lou\u00e9 un appartement pendant quatre mois.<\/span><\/p>\n<p>&nbsp;<\/p>\n<p><span style=\"font-family: times new roman, times, serif; font-size: 14pt;\">M. Neumann a d\u00e9clar\u00e9 avoir remarqu\u00e9 que les services de s\u00e9curit\u00e9 ukrainiens le \u00ab\u00a0suivaient\u00a0\u00bb, deux semaines apr\u00e8s le d\u00e9but de son s\u00e9jour, ce qui l&rsquo;a incit\u00e9 \u00e0 passer en Bi\u00e9lorussie voisine et \u00e0 y demander l&rsquo;asile.<\/span><\/p>\n<p>&nbsp;<\/p>\n<p style=\"text-align: justify;\"><span style=\"font-family: times new roman, times, serif; font-size: 14pt;\">Les autorit\u00e9s migratoires bi\u00e9lorusses ont refus\u00e9 de faire des commentaires, invoquant la confidentialit\u00e9 des donn\u00e9es personnelles, a rapport\u00e9 lundi l&rsquo;agence d&rsquo;\u00c9tat russe <em>RIA Novosti.<\/em><\/span><\/p>\n<p>&nbsp;<\/p>\n<p style=\"text-align: justify;\"><span style=\"font-family: times new roman, times, serif; font-size: 14pt;\">En 2021, \u00e0 ce jour, trois citoyens am\u00e9ricains au moins ont demand\u00e9 l&rsquo;asile \u00e0 la Bi\u00e9lorussie, a ajout\u00e9 <em>R.N<\/em>.<\/span><\/p>\n<p>&nbsp;<\/p>\n<p style=\"text-align: justify;\"><span style=\"font-family: times new roman, times, serif; font-size: 14pt;\">Entretemps, la Bi\u00e9lorussie s\u2019est vue accuser d&rsquo;orchestrer une vague de migrants et de r\u00e9fugi\u00e9s, principalement en provenance du Moyen-Orient, vers les fronti\u00e8res des membres de l&rsquo;Union europ\u00e9enne, en guise de repr\u00e9sailles aux sanctions de l&rsquo;UE. Le Pr\u00e9sident bi\u00e9lorusse Alexandre Loukachenko a ni\u00e9 ces accusations.<\/span><\/p>\n<p>&nbsp;<\/p>\n<p style=\"text-align: left;\"><span style=\"font-family: times new roman, times, serif; font-size: 14pt;\">Source\u00a0: <a href=\"https:\/\/www.themoscowtimes.com\/2021\/11\/08\/us-capitol-rioter-seeks-asylum-in-belarus-state-tv-a75500\">https:\/\/www.themoscowtimes.com\/2021\/11\/08\/us-capitol-rioter-seeks-asylum-in-belarus-state-tv-a75500<\/a><\/span><\/p>\n<p>&nbsp;<\/p>\n<p style=\"text-align: justify;\"><span style=\"font-family: times new roman, times, serif; font-size: 18pt; color: #c00000;\"><strong><em>Il y a aussi ceux qui vont se r\u00e9fugier au Mexique,<\/em><\/strong><\/span><\/p>\n<p style=\"text-align: justify;\"><span style=\"font-family: times new roman, times, serif; font-size: 18pt;\"><strong><em><span style=\"color: #c00000;\">o\u00f9 on n\u2019a pas les moyens d\u2019\u00e9riger un mur<\/span>.<\/em><\/strong><\/span><\/p>\n<p style=\"text-align: justify;\"><span style=\"font-family: times new roman, times, serif; font-size: 14pt;\"><strong><em>\u00a0<\/em><\/strong><\/span><\/p>\n<p style=\"text-align: left;\"><span style=\"font-family: times new roman, times, serif; font-size: 14pt;\"><strong>URL de cet article\u00a0: <\/strong><a href=\"http:\/\/blog.lesgrossesorchadeslesamplesthalameges.fr\/index.php\/un-manifestant-du-6-janvier-au-capitole-demande-lasile-a-la-bielorussie\/\">http:\/\/blog.lesgrossesorchadeslesamplesthalameges.fr\/index.php\/un-manifestant-du-6-janvier-au-capitole-demande-lasile-a-la-bielorussie\/<\/a><strong><br \/>\n<\/strong><\/span><\/p>\n<p style=\"text-align: justify;\"><span style=\"font-family: times new roman, times, serif; font-size: 14pt;\"><strong>\u00a0<\/strong><\/span><\/p>\n<p>&nbsp;<\/p>\n<p style=\"text-align: center;\"><strong>\u00a0<a href=\"http:\/\/blog.lesgrossesorchadeslesamplesthalameges.fr\/index.php\/2021\/11\/14\/la-terreur-covidienne-suite-et-si-pas-fin-il-y-a-des-gens-qui-bougent\/000-corona-a-trous-gif\/\" rel=\"attachment wp-att-15158\"><img loading=\"lazy\" class=\"alignnone wp-image-15158\" src=\"http:\/\/blog.lesgrossesorchadeslesamplesthalameges.fr\/wp-content\/uploads\/2021\/11\/000.-corona-\u00e0-trous-GIF.gif\" alt=\"\" width=\"75\" height=\"75\" \/><\/a><\/strong><\/p>\n<p>&nbsp;<\/p>\n<p>&nbsp;<\/p>\n<p style=\"text-align: right;\"><span style=\"font-family: comic sans ms, sans-serif; font-size: 14pt;\">\u00a0Novembre 2021<\/span><strong><br \/>\n<\/strong><\/p>\n<p><strong>\u00a0<\/strong><\/p>\n<p><strong>\u00a0<\/strong><\/p>\n","protected":false},"excerpt":{"rendered":"<p>&nbsp; &nbsp; &nbsp; &nbsp; &nbsp; &nbsp; &nbsp; Un manifestant du 6 janvier au Capitole demande l\u2019asile \u00e0 la Bi\u00e9lorussie \u00a0 &nbsp; The Moscow Times \u2013 8.11.2021\u2013 via TheDuran Traduction\u00a0: c.l. pour L.G.O. \u00a0 &nbsp; &nbsp; La t\u00e9l\u00e9vision d\u2019\u00c9tat\u00a0 bi\u00e9lorusse a couvert l\u2019histoire d\u2019Evan Neumann dans une \u00e9mission intitul\u00e9e \u00ab\u00a0Adieu Am\u00e9rique\u00a0\u00bb [Belarus 1 &#8211; Capture d\u2019\u00e9cran]&#8230;<\/p>\n","protected":false},"author":1,"featured_media":0,"parent":0,"menu_order":0,"comment_status":"open","ping_status":"open","template":"","meta":[],"_links":{"self":[{"href":"https:\/\/blog.lesgrossesorchadeslesamplesthalameges.fr\/index.php\/wp-json\/wp\/v2\/pages\/15177"}],"collection":[{"href":"https:\/\/blog.lesgrossesorchadeslesamplesthalameges.fr\/index.php\/wp-json\/wp\/v2\/pages"}],"about":[{"href":"https:\/\/blog.lesgrossesorchadeslesamplesthalameges.fr\/index.php\/wp-json\/wp\/v2\/types\/page"}],"author":[{"embeddable":true,"href":"https:\/\/blog.lesgrossesorchadeslesamplesthalameges.fr\/index.php\/wp-json\/wp\/v2\/users\/1"}],"replies":[{"embeddable":true,"href":"https:\/\/blog.lesgrossesorchadeslesamplesthalameges.fr\/index.php\/wp-json\/wp\/v2\/comments?post=15177"}],"version-history":[{"count":8,"href":"https:\/\/blog.lesgrossesorchadeslesamplesthalameges.fr\/index.php\/wp-json\/wp\/v2\/pages\/15177\/revisions"}],"predecessor-version":[{"id":15185,"href":"https:\/\/blog.lesgrossesorchadeslesamplesthalameges.fr\/index.php\/wp-json\/wp\/v2\/pages\/15177\/revisions\/15185"}],"wp:attachment":[{"href":"https:\/\/blog.lesgrossesorchadeslesamplesthalameges.fr\/index.php\/wp-json\/wp\/v2\/media?parent=15177"}],"curies":[{"name":"wp","href":"https:\/\/api.w.org\/{rel}","templated":true}]}}