{"id":1520,"date":"2019-01-09T23:43:47","date_gmt":"2019-01-09T22:43:47","guid":{"rendered":"http:\/\/blog.lesgrossesorchadeslesamplesthalameges.fr\/?page_id=1520"},"modified":"2019-01-10T14:04:08","modified_gmt":"2019-01-10T13:04:08","slug":"kim-jong-un-arrive-au-sommet-de-pekin","status":"publish","type":"page","link":"https:\/\/blog.lesgrossesorchadeslesamplesthalameges.fr\/index.php\/kim-jong-un-arrive-au-sommet-de-pekin\/","title":{"rendered":"Kim Jong Un arrive au sommet de P\u00e9kin"},"content":{"rendered":"<p style=\"text-align: justify;\"><span style=\"font-family: times new roman, times, serif; font-size: 14pt;\"><strong>\u00a0<\/strong><\/span><\/p>\n<p>&nbsp;<\/p>\n<p>&nbsp;<\/p>\n<p>&nbsp;<\/p>\n<p>&nbsp;<\/p>\n<p style=\"text-align: center;\"><span style=\"font-family: times new roman, times, serif; font-size: 36pt;\"><strong>Kim Jong Un arrive au sommet de P\u00e9kin\u00a0 et Xi Jinping envoie un \u00ab\u00a0message\u00a0\u00bb aux USA<\/strong><\/span><\/p>\n<p>&nbsp;<\/p>\n<p style=\"text-align: center;\"><span style=\"font-family: times new roman, times, serif; font-size: 24pt;\"><em>Si Washington veut la paix dans la p\u00e9ninsule cor\u00e9enne, il lui faudra compter avec la Chine.<\/em><\/span><\/p>\n<p>&nbsp;<\/p>\n<p style=\"text-align: center;\"><span style=\"font-family: times new roman, times, serif; font-size: 14pt;\"><a href=\"http:\/\/theduran.com\/author\/tyler-durden\/\"><strong><span style=\"font-size: 18pt;\">Tyler Durden<\/span><\/strong><\/a><span style=\"font-size: 18pt;\"><strong> \u2013\u00a0 <\/strong><strong><em><a href=\"https:\/\/www.zerohedge.com\/news\/2019-01-08\/xi-kim-discuss-korean-war-peace-agreement-during-meeting-beijing\">Zerohedge<\/a><\/em><\/strong><strong> \u2013 <\/strong><\/span><strong>\u00a0<\/strong>8.1.2019<\/span><\/p>\n<p>&nbsp;<\/p>\n<p>&nbsp;<\/p>\n<p style=\"text-align: justify;\"><img loading=\"lazy\" class=\"wp-image-1498\" src=\"http:\/\/blog.lesgrossesorchadeslesamplesthalameges.fr\/wp-content\/uploads\/2019\/01\/Kim-\u00e0-P\u00e9kin-300x199.jpg\" alt=\"\" width=\"750\" height=\"499\" srcset=\"https:\/\/blog.lesgrossesorchadeslesamplesthalameges.fr\/wp-content\/uploads\/2019\/01\/Kim-\u00e0-P\u00e9kin-300x199.jpg 300w, https:\/\/blog.lesgrossesorchadeslesamplesthalameges.fr\/wp-content\/uploads\/2019\/01\/Kim-\u00e0-P\u00e9kin-768x511.jpg 768w, https:\/\/blog.lesgrossesorchadeslesamplesthalameges.fr\/wp-content\/uploads\/2019\/01\/Kim-\u00e0-P\u00e9kin-1024x681.jpg 1024w, https:\/\/blog.lesgrossesorchadeslesamplesthalameges.fr\/wp-content\/uploads\/2019\/01\/Kim-\u00e0-P\u00e9kin.jpg 1686w\" sizes=\"(max-width: 750px) 100vw, 750px\" \/><\/p>\n<p>&nbsp;<\/p>\n<p style=\"text-align: justify;\"><span style=\"font-family: times new roman, times, serif; font-size: 14pt;\">Juste au moment o\u00f9 commencent, \u00e0 P\u00e9kin, les n\u00e9gociations commerciales \u00e0 niveau interm\u00e9diaire entre les d\u00e9l\u00e9gations US et chinoises, une nouvelle surprenante est tomb\u00e9e selon laquelle le leader nord-cor\u00e9en Kim Jong Un <a href=\"https:\/\/www.zerohedge.com\/news\/2019-01-07\/xi-invites-kim-china-us-trade-talks-begin\">a \u00e9t\u00e9 invit\u00e9 \u00e0 se rendre en Chine<\/a> pour la premi\u00e8re fois depuis le mois de juin, pour y rencontrer le pr\u00e9sident Xi Jinping. La nouvelle de cette visite a aussit\u00f4t fait na\u00eetre une foule de sp\u00e9culations sur <a href=\"https:\/\/www.zerohedge.com\/news\/2019-01-07\/xi-invites-kim-china-us-trade-talks-begin\">P\u00e9kin qui essayerait de faire passer un message<\/a>\u00a0: si les USA veulent la paix dans la p\u00e9ninsule cor\u00e9enne, <strong>il leur faudra traiter avec la Chine.<\/strong><\/span><\/p>\n<p style=\"text-align: justify;\"><span style=\"font-family: times new roman, times, serif; font-size: 14pt;\">En insistant sur ce point pr\u00e9cis, le pr\u00e9sident Trump a affirm\u00e9 la semaine derni\u00e8re que Washington et Pyongyang projettent un deuxi\u00e8me sommet (bien qu\u2019il ait dit en m\u00eame temps que la Cor\u00e9e du Nord faisait preuve de quelque r\u00e9ticence \u00e0 poursuivre les n\u00e9gociations sur la d\u00e9nucl\u00e9arisation de la p\u00e9ninsule).<\/span><\/p>\n<p style=\"text-align: justify;\"><span style=\"font-family: times new roman, times, serif; font-size: 14pt;\">Et, alors que les pourparlers entre les USA et la Cor\u00e9e du Nord sont dans une impasse, par suite de la volont\u00e9 des \u00c9tats-Unis de maintenir les sanctions tant que le Nord n\u2019aura pas c\u00e9d\u00e9 en livrant tout sont armement atomique, le Nord insiste pour ne le faire que graduellement, si l\u2019on en croit le rapport de mardi de l\u2019agence d\u2019information sud-cor\u00e9enne <a href=\"https:\/\/en.yna.co.kr\/view\/AEN20190108010800315?section=nk\/nk\">Yonhap<\/a>. qui cite des rapports des services secrets, disant que le Nord et la Chine pourraient discuter les chance de r\u00e9alisation d\u2019un \u00ab\u00a0trait\u00e9 de paix\u00a0\u00bb avec la Cor\u00e9e du Sud, qui mettrait officiellement fin \u00e0 la guerre de Cor\u00e9e, un des objectifs les plus ambitieux du d\u00e9gel inter-cor\u00e9en de cette ann\u00e9e.<\/span><\/p>\n<p style=\"text-align: justify;\"><span style=\"font-family: times new roman, times, serif; font-size: 14pt;\">Kim devrait rester en Chine jusqu\u2019au week-end.<\/span><\/p>\n<p>&nbsp;<\/p>\n<p style=\"text-align: justify; padding-left: 90px;\"><span style=\"font-family: times new roman, times, serif; font-size: 14pt;\">Un train sp\u00e9cial transportant Kim et sa femme Ri Sol-ju est arriv\u00e9 \u00e0 P\u00e9kin plus t\u00f4t dans la journ\u00e9e, pour un voyage de quatre jours, \u00e0 l\u2019invitation du pr\u00e9sident chinois Xi Jinping, r\u00e9v\u00e8le un organe de presse national nord-cor\u00e9en.<\/span><\/p>\n<p style=\"text-align: justify; padding-left: 90px;\"><span style=\"font-family: times new roman, times, serif; font-size: 14pt;\"><strong>Le Service Secret National (NIS) a inform\u00e9 des parlementaires, dans un <em>briefing<\/em> \u00e0 huis clos, qu\u2019il \u00e9tait possible que Kim discute des moyens d\u2019obtenir un trait\u00e9 de paix impliquant la Chine, avant son \u00e9ventuel deuxi\u00e8me sommet avec le pr\u00e9sident US Donald Trump. C\u2019est du moins ce qu\u2019ont r\u00e9v\u00e9l\u00e9 les parlementaires du comit\u00e9 mixte du renseignement<\/strong>.<\/span><\/p>\n<p style=\"text-align: justify; padding-left: 90px;\"><span style=\"font-family: times new roman, times, serif; font-size: 14pt;\">Dans un discours de Nouvel An, Kim en a appel\u00e9 \u00e0 des n\u00e9gociations multilat\u00e9rales entre les signataires, dont faisait partie la Chine, de la tr\u00eave qui a mis fin, en 1950-53 \u00e0 la Guerre de Cor\u00e9e et de remplacer cette tr\u00eave par un trait\u00e9 de paix.<\/span><\/p>\n<p>&nbsp;<\/p>\n<p style=\"text-align: justify;\"><span style=\"font-family: times new roman, times, serif; font-size: 14pt;\">Il est \u00e0 remarquer que Kim a fait son premier voyage de dirigeant (se rendant en Chine en train) avant le premier sommet US-Cor\u00e9e du Nord, ce qui laisse supposer qu\u2019il peut y avoir un autre sommet en vue.<\/span><\/p>\n<p>&nbsp;<\/p>\n<p style=\"text-align: justify; padding-left: 90px;\"><span style=\"font-family: times new roman, times, serif; font-size: 14pt;\"><strong>Son voyage fait na\u00eetre des speculations selon lesquelles un deuxi\u00e8me sommet entre Trump et Kim pourrait \u00eatre imminent de crainte d\u2019une impasse dans la d\u00e9nucl\u00e9arisation de la Cor\u00e9e du Nord. <\/strong>Ils ont tenu leur premier sommet historique en juin, \u00e0 Singapour.<\/span><\/p>\n<p style=\"text-align: justify; padding-left: 90px;\"><span style=\"font-family: times new roman, times, serif; font-size: 14pt;\">D\u2019apr\u00e8s les parlementaires, le NIS a r\u00e9v\u00e9l\u00e9 que Kim tentera vraisemblablement d\u2019aborder avec Xi les questions de l\u2019all\u00e8gement des sanctions et de la d\u00e9nucl\u00e9arisation.<br \/>\n<\/span><\/p>\n<p style=\"text-align: justify; padding-left: 90px;\"><span style=\"font-family: times new roman, times, serif; font-size: 14pt;\">Kim semble vouloir r\u00e9affirmer le r\u00f4le de la Chine comme patron de la Cor\u00e9e et souhaiter recevoir d\u2019elle une garantie de s\u00e9curit\u00e9, tandis que les deux pays marquent cette ann\u00e9e le 70<sup>e<\/sup> anniversaire de leurs liens diplomatiques.<\/span><\/p>\n<p>&nbsp;<\/p>\n<p style=\"text-align: justify;\"><span style=\"font-family: times new roman, times, serif; font-size: 14pt;\">Un parlementaire sud-cor\u00e9en a dit que la visite de Kim pourrait avoir \u00e9t\u00e9 planifi\u00e9e pour \u00ab\u00a0mettre la pression\u00a0\u00bb sur les \u00c9tats-Unis.<\/span><\/p>\n<p>&nbsp;<\/p>\n<p style=\"text-align: justify; padding-left: 90px;\"><span style=\"font-family: times new roman, times, serif; font-size: 14pt;\">Le NIS a encore ajout\u00e9 qu\u2019on pense que Kim va inspecter des installations industrielles dans la ville de Tianjin, au sud de la Chine.<\/span><\/p>\n<p style=\"text-align: justify; padding-left: 90px;\"><span style=\"font-family: times new roman, times, serif; font-size: 14pt;\">L\u2019agence de renseignement croit que Kim s\u2019int\u00e9resse aux secteurs de l\u2019\u00e9lectricit\u00e9, du tourisme et de la construction.<\/span><\/p>\n<p style=\"text-align: justify; padding-left: 90px;\"><span style=\"font-family: times new roman, times, serif; font-size: 14pt;\">\u00ab\u00a0La visite de Kim semble avoir pour but de coordonner les positions entre le Nord et la Chine, en vue d\u2019une possible rencontre (Kim-Trump)\u00a0\u00bb a d\u00e9clar\u00e9 un parlementaire \u00e0 l\u2019agence d\u2019information Yonhap.<\/span><\/p>\n<p style=\"text-align: justify; padding-left: 90px;\"><span style=\"font-family: times new roman, times, serif; font-size: 14pt;\"><strong>\u00ab\u00a0Par la m\u00eame occasion, il cherche apparemment \u00e0 mettre la pression sur les USA en mettant en \u00e9vidence les liens du Nord avec\u00a0 la Chine.\u00a0\u00bb<\/strong><\/span><\/p>\n<p style=\"text-align: justify;\"><span style=\"font-family: times new roman, times, serif; font-size: 14pt;\"><strong>\u00a0<\/strong><\/span><\/p>\n<p style=\"text-align: justify;\"><span style=\"font-family: times new roman, times, serif; font-size: 14pt;\">Paradoxalement, le porte-parole du minist\u00e8re chinois des Affaires \u00e9trang\u00e8res Lu Kang, a dit au cours d\u2019une conf\u00e9rence de presse de mardi, que la visite de Kim n\u2019\u00e9tait pas anormale et que la Cor\u00e9e du Nord ne deviendrait pas une \u00ab\u00a0monnaie d\u2019\u00e9change\u00a0\u00bb dans les n\u00e9gociations commerciales avec les USA. \u00ab\u00a0La Chine et la RPCN sont des voisins proches et amicaux, et c\u2019est aussi une importante tradition chez nous, d\u2019entretenir des \u00e9changes cordiaux\u00a0\u00bb, a dit Lu.<\/span><\/p>\n<p>&nbsp;<\/p>\n<p style=\"text-align: justify; padding-left: 90px;\"><span style=\"font-family: times new roman, times, serif; font-size: 14pt;\">\u00ab Le moment choisi pour la visite de Kim en Chine est clairement li\u00e9 au projet de deuxi\u00e8me sommet entre lui et le pr\u00e9sident Trump. Quant \u00e0 savoir si elle va servir de monnaie d\u2019\u00e9change dans les n\u00e9gociations commerciales avec la Chine, je crois que beaucoup plus d\u2019Am\u00e9ricains le croiront que de Chinois. \u00bb<br \/>\n<\/span><\/p>\n<p>&nbsp;<\/p>\n<p>&nbsp;<\/p>\n<p style=\"text-align: center;\"><img loading=\"lazy\" class=\"alignnone wp-image-1521\" src=\"http:\/\/blog.lesgrossesorchadeslesamplesthalameges.fr\/wp-content\/uploads\/2019\/01\/Kim-xx-300x210.jpg\" alt=\"\" width=\"600\" height=\"420\" srcset=\"https:\/\/blog.lesgrossesorchadeslesamplesthalameges.fr\/wp-content\/uploads\/2019\/01\/Kim-xx-300x210.jpg 300w, https:\/\/blog.lesgrossesorchadeslesamplesthalameges.fr\/wp-content\/uploads\/2019\/01\/Kim-xx-768x537.jpg 768w, https:\/\/blog.lesgrossesorchadeslesamplesthalameges.fr\/wp-content\/uploads\/2019\/01\/Kim-xx.jpg 1024w\" sizes=\"(max-width: 600px) 100vw, 600px\" \/><\/p>\n<p style=\"text-align: center;\"><span style=\"font-family: times new roman, times, serif; font-size: 14pt;\"><span style=\"font-size: 12pt;\"><u>pic.twitter.com\/zYPp5ZRo49 <\/u>\u2013 Hu Xijin \u80e1\u9521\u8fdb (@HuXijin_GT)<\/span> <a href=\"https:\/\/twitter.com\/HuXijin_GT\/status\/1082521764855304192?ref_src=twsrc%5Etfw\">January 8, 2019<\/a><\/span><\/p>\n<p>&nbsp;<\/p>\n<p style=\"text-align: justify;\"><span style=\"font-family: times new roman, times, serif; font-size: 14pt;\">Le message est clair : si Washington veut la paix dans la p\u00e9ninsule cor\u00e9enne \u2013 ou une totale d\u00e9nucl\u00e9arisation de la Cor\u00e9e du Nord \u2013 il lui faudra traiter avec P\u00e9kin.<\/span><\/p>\n<p>&nbsp;<\/p>\n<p style=\"text-align: justify;\"><span style=\"font-family: times new roman, times, serif; font-size: 14pt;\">Source : <a href=\"https:\/\/www.zerohedge.com\/news\/2019-01-08\/xi-kim-discuss-korean-war-peace-agreement-during-meeting-beijing\">https:\/\/www.zerohedge.com\/news\/2019-01-08\/xi-kim-discuss-korean-war-peace-agreement-during-meeting-beijing<\/a><\/span><\/p>\n<p style=\"text-align: justify;\"><span style=\"font-family: times new roman, times, serif; font-size: 14pt;\">Via\u00a0: <a href=\"http:\/\/theduran.com\/kim-jong-un-begins-summit-in-beijing-as-chinas-xi-sends-message-to-us\/\">http:\/\/theduran.com\/kim-jong-un-begins-summit-in-beijing-as-chinas-xi-sends-message-to-us\/<\/a><\/span><\/p>\n<p style=\"text-align: right;\"><span style=\"font-family: times new roman, times, serif; font-size: 14pt;\">Traduction : c:l. pour Les Grosses Orchades<\/span><\/p>\n<p>&nbsp;<\/p>\n<p>&nbsp;<\/p>\n<p style=\"text-align: center;\"><img loading=\"lazy\" class=\"alignnone wp-image-1495\" src=\"http:\/\/blog.lesgrossesorchadeslesamplesthalameges.fr\/wp-content\/uploads\/2019\/01\/guerre-8.gif\" alt=\"\" width=\"125\" height=\"133\" \/><\/p>\n<p>&nbsp;<\/p>\n<p style=\"text-align: right;\"><span style=\"font-size: 14pt; font-family: comic sans ms, sans-serif;\">9 janvier 2019<\/span><\/p>\n<p>&nbsp;<\/p>\n","protected":false},"excerpt":{"rendered":"<p>\u00a0 &nbsp; &nbsp; &nbsp; &nbsp; Kim Jong Un arrive au sommet de P\u00e9kin\u00a0 et Xi Jinping envoie un \u00ab\u00a0message\u00a0\u00bb aux USA &nbsp; Si Washington veut la paix dans la p\u00e9ninsule cor\u00e9enne, il lui faudra compter avec la Chine. &nbsp; Tyler Durden \u2013\u00a0 Zerohedge \u2013 \u00a08.1.2019 &nbsp; &nbsp; &nbsp; Juste au moment o\u00f9 commencent, \u00e0 P\u00e9kin,&#8230;<\/p>\n","protected":false},"author":1,"featured_media":0,"parent":0,"menu_order":0,"comment_status":"open","ping_status":"open","template":"","meta":[],"_links":{"self":[{"href":"https:\/\/blog.lesgrossesorchadeslesamplesthalameges.fr\/index.php\/wp-json\/wp\/v2\/pages\/1520"}],"collection":[{"href":"https:\/\/blog.lesgrossesorchadeslesamplesthalameges.fr\/index.php\/wp-json\/wp\/v2\/pages"}],"about":[{"href":"https:\/\/blog.lesgrossesorchadeslesamplesthalameges.fr\/index.php\/wp-json\/wp\/v2\/types\/page"}],"author":[{"embeddable":true,"href":"https:\/\/blog.lesgrossesorchadeslesamplesthalameges.fr\/index.php\/wp-json\/wp\/v2\/users\/1"}],"replies":[{"embeddable":true,"href":"https:\/\/blog.lesgrossesorchadeslesamplesthalameges.fr\/index.php\/wp-json\/wp\/v2\/comments?post=1520"}],"version-history":[{"count":0,"href":"https:\/\/blog.lesgrossesorchadeslesamplesthalameges.fr\/index.php\/wp-json\/wp\/v2\/pages\/1520\/revisions"}],"wp:attachment":[{"href":"https:\/\/blog.lesgrossesorchadeslesamplesthalameges.fr\/index.php\/wp-json\/wp\/v2\/media?parent=1520"}],"curies":[{"name":"wp","href":"https:\/\/api.w.org\/{rel}","templated":true}]}}