{"id":1526,"date":"2019-01-09T23:44:20","date_gmt":"2019-01-09T22:44:20","guid":{"rendered":"http:\/\/blog.lesgrossesorchadeslesamplesthalameges.fr\/?page_id=1526"},"modified":"2019-01-10T00:24:03","modified_gmt":"2019-01-09T23:24:03","slug":"litalie-et-lue-votent-pour-linstallation-de-nouveaux-missiles-us","status":"publish","type":"page","link":"https:\/\/blog.lesgrossesorchadeslesamplesthalameges.fr\/index.php\/litalie-et-lue-votent-pour-linstallation-de-nouveaux-missiles-us\/","title":{"rendered":"L&rsquo;Italie et l&rsquo;UE votent pour l&rsquo;installation de nouveaux missiles US"},"content":{"rendered":"<p>&nbsp;<\/p>\n<p>&nbsp;<\/p>\n<p>&nbsp;<\/p>\n<p>&nbsp;<\/p>\n<p>&nbsp;<\/p>\n<p style=\"text-align: center;\"><span style=\"font-family: times new roman, times, serif; font-size: 18pt; color: #c00000;\">\u00ab\u00a0L\u2019art de la guerre\u00a0\u00bb<\/span><\/p>\n<p style=\"text-align: center;\"><span style=\"font-family: times new roman, times, serif; font-size: 36pt;\"><strong>L\u2019Italie et l\u2019UE votent pour l\u2019installation de nouveaux missiles US en Europe<\/strong><\/span><\/p>\n<p>&nbsp;<\/p>\n<p style=\"text-align: center;\"><span style=\"font-family: times new roman, times, serif; font-size: 14pt;\"><span style=\"font-size: 18pt;\"><strong>\u00a0Manlio Dinucci \u2013 <em>il manifesto <\/em>\u2013<\/strong> <\/span>8.1.2018<\/span><\/p>\n<p style=\"text-align: center;\"><span style=\"font-family: times new roman, times, serif; font-size: 18pt;\">Traduction\u00a0: <strong>Marie-Ange Patrizio<\/strong><\/span><\/p>\n<p>&nbsp;<\/p>\n<p style=\"text-align: justify;\"><strong><span style=\"font-family: times new roman, times, serif; font-size: 18pt;\">Unanimement, les \u00c9tats membres de l\u2019Union europ\u00e9enne se sont align\u00e9s sur la strat\u00e9gie militaire de leur grand fr\u00e8re am\u00e9ricain. Ils ont accept\u00e9 que leur propre territoire se transforme en champ de bataille nucl\u00e9aire en cas de conflit entre les \u00c9tats-Unis et la Russie.<\/span><\/strong><\/p>\n<p>&nbsp;<\/p>\n<p>&nbsp;<\/p>\n<p style=\"text-align: center;\"><img loading=\"lazy\" class=\"alignnone wp-image-1500\" src=\"http:\/\/blog.lesgrossesorchadeslesamplesthalameges.fr\/wp-content\/uploads\/2019\/01\/LITALIE-300x225.jpg\" alt=\"\" width=\"600\" height=\"450\" srcset=\"https:\/\/blog.lesgrossesorchadeslesamplesthalameges.fr\/wp-content\/uploads\/2019\/01\/LITALIE-300x225.jpg 300w, https:\/\/blog.lesgrossesorchadeslesamplesthalameges.fr\/wp-content\/uploads\/2019\/01\/LITALIE.jpg 400w\" sizes=\"(max-width: 600px) 100vw, 600px\" \/><\/p>\n<p>&nbsp;<\/p>\n<p>&nbsp;<\/p>\n<p style=\"text-align: justify;\"><span style=\"font-family: times new roman, times, serif; font-size: 14pt;\">Aupr\u00e8s du \u00ab\u00a0Palais de verre\u00a0\u00bb des Nations unies, \u00e0 New York, se trouve une sculpture m\u00e9tallique intitul\u00e9e <em>Le Mal terrass\u00e9 par le Bien<\/em>, repr\u00e9sentant Saint Georges qui transperce un dragon avec sa lance. Elle fut donn\u00e9e par l\u2019URSS en 1990 pour c\u00e9l\u00e9brer le Trait\u00e9 FNI (INF) stipul\u00e9 avec les USA en 1987, qui \u00e9liminait les missiles nucl\u00e9aires \u00e0 courte et moyenne port\u00e9e (entre 500 et 5\u00a0000\u00a0km) avec base \u00e0 terre. Le corps du dragon est en effet r\u00e9alis\u00e9, symboliquement, avec des morceaux de missiles balistiques \u00e9tats-uniens Pershing-2 (auparavant bas\u00e9s en Allemagne de l\u2019Ouest) et de SS-20 sovi\u00e9tiques (auparavant bas\u00e9s en URSS).<\/span><\/p>\n<p style=\"text-align: justify;\"><span style=\"font-family: times new roman, times, serif; font-size: 14pt;\">Mais maintenant le dragon nucl\u00e9aire, qui dans la sculpture est repr\u00e9sent\u00e9 \u00e0 l\u2019agonie, revient \u00e0 la vie. Gr\u00e2ce aussi \u00e0 l\u2019Italie et aux autres pays de l\u2019Union europ\u00e9enne qui, \u00e0 l\u2019Assembl\u00e9e g\u00e9n\u00e9rale des Nations unies, ont vot\u00e9 contre la r\u00e9solution pr\u00e9sent\u00e9e par la Russie sur la <em>Pr\u00e9servation et la mise en oeuvre du Trait\u00e9 FNI<\/em>, rejet\u00e9e avec 46 votes contre 43 et 78 abstentions.<\/span><\/p>\n<p style=\"text-align: justify;\"><span style=\"font-family: times new roman, times, serif; font-size: 14pt;\">L\u2019Union europ\u00e9enne \u2014dont 21 des 27 membres font partie de l\u2019Otan (comme en fait partie la Grande-Bretagne sortant de l\u2019UE)\u2014 s\u2019est ainsi uniformis\u00e9e \u00e0 la position de l\u2019Otan, qui \u00e0 son tour s\u2019est totalement uniformis\u00e9e \u00e0 celle des \u00c9tats-Unis. L\u2019administration Obama d\u2019abord, puis l\u2019administration Trump ont accus\u00e9 la Russie, sans aucune preuve, d\u2019avoir exp\u00e9riment\u00e9 un missile de la cat\u00e9gorie interdite et ont annonc\u00e9 leur intention de se retirer du Trait\u00e9 FNI. Ils ont en m\u00eame temps lanc\u00e9 un programme visant l\u2019installation \u00e0 nouveau en Europe contre la Russie de missiles nucl\u00e9aires, qui seraient bas\u00e9s aussi dans la r\u00e9gion Asie-Pacifique contre la Chine.<\/span><\/p>\n<p style=\"text-align: justify;\"><span style=\"font-family: times new roman, times, serif; font-size: 14pt;\">Le repr\u00e9sentant russe \u00e0 l\u2019Onu a pr\u00e9venu que \u00ab\u00a0cela constitue le d\u00e9but d\u2019une course aux armements \u00e0 part enti\u00e8re\u00a0\u00bb. En d\u2019autres termes il a pr\u00e9venu que, si les \u00c9tats-Unis installaient \u00e0 nouveau en Europe des missiles nucl\u00e9aires point\u00e9s sur la Russie (comme l\u2019\u00e9taient aussi les Cruise bas\u00e9s \u00e0 Comiso dans les ann\u00e9es 80), la Russie installerait \u00e0 nouveau sur son propre territoire des missiles analogues point\u00e9s sur des objectifs en Europe (mais ne pouvant pas atteindre les \u00c9tats-Unis).<\/span><\/p>\n<p style=\"text-align: justify;\"><span style=\"font-family: times new roman, times, serif; font-size: 14pt;\">Faisant fi de tout cela, le repr\u00e9sentant de l\u2019UE \u00e0 l\u2019Onu a accus\u00e9 la Russie de miner le Trait\u00e9 FNI et a annonc\u00e9 le vote contraire de tous les pays de l\u2019Union parce que \u00ab\u00a0la r\u00e9solution pr\u00e9sent\u00e9e par la Russie d\u00e9vie de la question qui est en discussion\u00a0\u00bb. En substance, donc, l\u2019Union europ\u00e9enne a donn\u00e9 son feu vert \u00e0 l\u2019installation possible de nouveaux missiles nucl\u00e9aires US en Europe, Italie comprise.<\/span><\/p>\n<p style=\"text-align: justify;\"><span style=\"font-family: times new roman, times, serif; font-size: 14pt;\">Sur une question de cette importance, le gouvernement de Giuseppe Conte, renon\u00e7ant comme ses pr\u00e9d\u00e9cesseurs \u00e0 exercer la souverainet\u00e9 nationale, s\u2019est align\u00e9 sur l\u2019UE qui \u00e0 son tour s\u2019est align\u00e9e sur l\u2019Otan sous commandement US. Et de tout l\u2019arc politique aucune voix ne s\u2019est \u00e9lev\u00e9e pour demander que ce soit le Parlement qui d\u00e9cide comment voter \u00e0 l\u2019Onu. Et aucune voix non plus ne s\u2019est \u00e9lev\u00e9e au Parlement pour demander que l\u2019Italie observe le Trait\u00e9 de non-prolif\u00e9ration, imposant aux USA de retirer de notre territoire national les bombes nucl\u00e9aires B61 et de ne pas y installer, \u00e0 partir de la premi\u00e8re moiti\u00e9 de 2020, les nouvelles et encore plus dangereuses B61-12.<\/span><\/p>\n<p style=\"text-align: justify;\"><span style=\"font-family: times new roman, times, serif; font-size: 14pt;\">Ainsi est \u00e0 nouveau viol\u00e9 le principe constitutionnel fondamental que \u00ab\u00a0la souverainet\u00e9 appartient au peuple\u00a0\u00bb. Et comme l\u2019appareil politico-m\u00e9diatique maintient les Italiens dans l\u2019ignorance de ces questions d\u2019importance vitale, est viol\u00e9 le droit \u00e0 l\u2019information, dans le sens non seulement de la libert\u00e9 d\u2019informer mais du droit d\u2019\u00eatre inform\u00e9s.<\/span><\/p>\n<p style=\"text-align: justify;\"><span style=\"font-family: times new roman, times, serif; font-size: 14pt;\">Ou bien on le fait maintenant ou demain il n\u2019y aura pas de temps pour d\u00e9cider\u00a0: un missile balistique \u00e0 port\u00e9e interm\u00e9diaire, pour atteindre et d\u00e9truire son objectif avec sa t\u00eate nucl\u00e9aire, met 6 \u00e0 11\u00a0minutes.<\/span><\/p>\n<p>&nbsp;<\/p>\n<p style=\"text-align: justify;\"><span style=\"font-family: times new roman, times, serif; font-size: 14pt;\">Source\u00a0: <a href=\"http:\/\/www.voltairenet.org\/article204666.html\">http:\/\/www.voltairenet.org\/article204666.html<\/a><\/span><\/p>\n<p style=\"text-align: left;\"><span style=\"font-family: times new roman, times, serif; font-size: 14pt;\">Source d\u2019origine\u00a0: <em>il manifesto<\/em><em>\u00a0: <\/em><\/span><a href=\"https:\/\/ilmanifesto.it\/italia-e-ue-votano-per-i-missili-usa-in-europa\/\"><span style=\"font-family: times new roman, times, serif; font-size: 14pt;\">https:\/\/ilmanifesto.it\/italia-e-ue-votano-per-i-missili-usa-in-europa\/<\/span><\/a><\/p>\n<p>&nbsp;<\/p>\n<p>&nbsp;<\/p>\n<p style=\"text-align: center;\"><img loading=\"lazy\" class=\"alignnone wp-image-1495\" src=\"http:\/\/blog.lesgrossesorchadeslesamplesthalameges.fr\/wp-content\/uploads\/2019\/01\/guerre-8.gif\" alt=\"\" width=\"125\" height=\"133\" \/><\/p>\n<p>&nbsp;<\/p>\n<p>&nbsp;<\/p>\n<p>&nbsp;<\/p>\n<p style=\"text-align: right;\"><span style=\"font-family: comic sans ms, sans-serif; font-size: 14pt;\">9 janvier 2019<\/span><\/p>\n","protected":false},"excerpt":{"rendered":"<p>&nbsp; &nbsp; &nbsp; &nbsp; &nbsp; \u00ab\u00a0L\u2019art de la guerre\u00a0\u00bb L\u2019Italie et l\u2019UE votent pour l\u2019installation de nouveaux missiles US en Europe &nbsp; \u00a0Manlio Dinucci \u2013 il manifesto \u2013 8.1.2018 Traduction\u00a0: Marie-Ange Patrizio &nbsp; Unanimement, les \u00c9tats membres de l\u2019Union europ\u00e9enne se sont align\u00e9s sur la strat\u00e9gie militaire de leur grand fr\u00e8re am\u00e9ricain. Ils ont accept\u00e9&#8230;<\/p>\n","protected":false},"author":1,"featured_media":0,"parent":0,"menu_order":0,"comment_status":"open","ping_status":"open","template":"","meta":[],"_links":{"self":[{"href":"https:\/\/blog.lesgrossesorchadeslesamplesthalameges.fr\/index.php\/wp-json\/wp\/v2\/pages\/1526"}],"collection":[{"href":"https:\/\/blog.lesgrossesorchadeslesamplesthalameges.fr\/index.php\/wp-json\/wp\/v2\/pages"}],"about":[{"href":"https:\/\/blog.lesgrossesorchadeslesamplesthalameges.fr\/index.php\/wp-json\/wp\/v2\/types\/page"}],"author":[{"embeddable":true,"href":"https:\/\/blog.lesgrossesorchadeslesamplesthalameges.fr\/index.php\/wp-json\/wp\/v2\/users\/1"}],"replies":[{"embeddable":true,"href":"https:\/\/blog.lesgrossesorchadeslesamplesthalameges.fr\/index.php\/wp-json\/wp\/v2\/comments?post=1526"}],"version-history":[{"count":0,"href":"https:\/\/blog.lesgrossesorchadeslesamplesthalameges.fr\/index.php\/wp-json\/wp\/v2\/pages\/1526\/revisions"}],"wp:attachment":[{"href":"https:\/\/blog.lesgrossesorchadeslesamplesthalameges.fr\/index.php\/wp-json\/wp\/v2\/media?parent=1526"}],"curies":[{"name":"wp","href":"https:\/\/api.w.org\/{rel}","templated":true}]}}