{"id":15331,"date":"2021-11-19T03:00:59","date_gmt":"2021-11-19T02:00:59","guid":{"rendered":"http:\/\/blog.lesgrossesorchadeslesamplesthalameges.fr\/?page_id=15331"},"modified":"2021-11-19T03:02:51","modified_gmt":"2021-11-19T02:02:51","slug":"un-autre-livre","status":"publish","type":"page","link":"https:\/\/blog.lesgrossesorchadeslesamplesthalameges.fr\/index.php\/un-autre-livre\/","title":{"rendered":"Un autre livre&#8230;"},"content":{"rendered":"<p>&nbsp;<\/p>\n<p>&nbsp;<\/p>\n<p>&nbsp;<\/p>\n<p>&nbsp;<\/p>\n<p>&nbsp;<\/p>\n<p>&nbsp;<\/p>\n<p>&nbsp;<\/p>\n<p style=\"text-align: center;\"><span style=\"font-family: times new roman, times, serif; font-size: 36pt;\"><strong>Un autre livre<\/strong><\/span><\/p>\n<p style=\"text-align: center;\"><span style=\"font-family: times new roman, times, serif; font-size: 24pt;\">de femme\u2026 sur cette guerre<\/span><\/p>\n<p>&nbsp;<\/p>\n<p>&nbsp;<\/p>\n<p style=\"text-align: justify;\"><span style=\"font-family: comic sans ms, sans-serif; font-size: 14pt;\">Il me reste \u00e0 parler d\u2019un \u00ab\u00a0roman de guerre\u00a0\u00bb dont les personnages principaux sont Siegfried Sassoon, Wilfrid Owen et le Dr Rivers dont parle Robert Graves. L\u2019action se passe \u00e0 l\u2019h\u00f4pital psychiatrique de Craiglockhart (le \u00ab\u00a0Dingoland\u00a0\u00bb de Sassoon) et est bas\u00e9 sur le traitement qu\u2019ils y suivirent.<\/span><\/p>\n<p style=\"text-align: justify;\"><span style=\"font-family: comic sans ms, sans-serif; font-size: 14pt;\">Publi\u00e9 en 1991, <em>Regeneration<\/em> est l\u2019\u0153uvre de Pat Barker, qui dit qu\u2019\u00e0 l\u2019origine de ce livre, il y a la passion de son \u00e9poux neurologue pour les travaux du Dr Rivers. Elle-m\u00eame avait lu, dans sa jeunesse, non seulement les \u0153uvres des po\u00e8tes concern\u00e9s mais aussi le livre de Rivers <em>Conflict and Dreams.<\/em><\/span><\/p>\n<p>&nbsp;<\/p>\n<p>&nbsp;<\/p>\n<p style=\"text-align: center;\"><span style=\"font-family: times new roman, times, serif; font-size: 24pt;\"><strong>Pat Barker\u00a0: <em>Regeneration<\/em><\/strong><\/span><\/p>\n<p>&nbsp;<\/p>\n<p>&nbsp;<\/p>\n<p style=\"text-align: justify;\"><a href=\"http:\/\/blog.lesgrossesorchadeslesamplesthalameges.fr\/index.php\/un-autre-livre\/40-regereration-trilogy\/\" rel=\"attachment wp-att-15333\"><img loading=\"lazy\" class=\"alignnone wp-image-15333\" src=\"http:\/\/blog.lesgrossesorchadeslesamplesthalameges.fr\/wp-content\/uploads\/2021\/11\/40.-Regereration-trilogy-196x300.jpg\" alt=\"\" width=\"250\" height=\"383\" srcset=\"https:\/\/blog.lesgrossesorchadeslesamplesthalameges.fr\/wp-content\/uploads\/2021\/11\/40.-Regereration-trilogy-196x300.jpg 196w, https:\/\/blog.lesgrossesorchadeslesamplesthalameges.fr\/wp-content\/uploads\/2021\/11\/40.-Regereration-trilogy.jpg 326w\" sizes=\"(max-width: 250px) 100vw, 250px\" \/><\/a><\/p>\n<p style=\"text-align: justify;\"><span style=\"font-family: times new roman, times, serif; font-size: 14pt;\">Pat Barker<\/span><\/p>\n<p style=\"text-align: justify;\"><span style=\"font-family: times new roman, times, serif; font-size: 18pt;\"><strong><em>The Regeneration Trilogy<\/em><\/strong><\/span><\/p>\n<p style=\"text-align: justify;\"><span style=\"font-family: times new roman, times, serif; font-size: 14pt;\">Penguin\u2019s Reissue \u2013 2014<\/span><\/p>\n<p style=\"text-align: justify;\"><span style=\"font-family: times new roman, times, serif; font-size: 14pt;\">912 pages<\/span><\/p>\n<p>&nbsp;<\/p>\n<p style=\"text-align: justify;\"><span style=\"font-family: comic sans ms, sans-serif; font-size: 14pt;\">Car <em>Regeneration<\/em> eut deux suites\u00a0:<em> The Ghost Road <\/em>et<em> The Eye in the Door<\/em><\/span><\/p>\n<p style=\"text-align: justify;\"><span style=\"font-family: comic sans ms, sans-serif; font-size: 14pt;\"><em>\u00a0<\/em><\/span><\/p>\n<p style=\"text-align: left;\"><a href=\"http:\/\/blog.lesgrossesorchadeslesamplesthalameges.fr\/index.php\/un-autre-livre\/41-the-regeneratyion-trilogy-gif\/\" rel=\"attachment wp-att-15334\"><img loading=\"lazy\" class=\"alignnone wp-image-15334\" src=\"http:\/\/blog.lesgrossesorchadeslesamplesthalameges.fr\/wp-content\/uploads\/2021\/11\/41.-The-Regeneratyion-trilogy-GIF-300x148.gif\" alt=\"\" width=\"508\" height=\"250\" \/><\/a><\/p>\n<p>&nbsp;<\/p>\n<p style=\"text-align: justify;\"><span style=\"font-family: comic sans ms, sans-serif; font-size: 14pt;\"><strong>En fran\u00e7ais :<\/strong><\/span><\/p>\n<p>&nbsp;<\/p>\n<p style=\"text-align: justify;\"><a href=\"http:\/\/blog.lesgrossesorchadeslesamplesthalameges.fr\/index.php\/un-autre-livre\/42-regeneration\/\" rel=\"attachment wp-att-15335\"><img loading=\"lazy\" class=\"alignnone wp-image-15335\" src=\"http:\/\/blog.lesgrossesorchadeslesamplesthalameges.fr\/wp-content\/uploads\/2021\/11\/42.-Regeneration.jpg\" alt=\"\" width=\"250\" height=\"475\" srcset=\"https:\/\/blog.lesgrossesorchadeslesamplesthalameges.fr\/wp-content\/uploads\/2021\/11\/42.-Regeneration.jpg 210w, https:\/\/blog.lesgrossesorchadeslesamplesthalameges.fr\/wp-content\/uploads\/2021\/11\/42.-Regeneration-158x300.jpg 158w\" sizes=\"(max-width: 250px) 100vw, 250px\" \/><\/a><\/p>\n<p style=\"text-align: justify;\"><span style=\"font-family: times new roman, times, serif; font-size: 14pt;\">Pat Barker<\/span><\/p>\n<p style=\"text-align: justify;\"><span style=\"font-family: times new roman, times, serif; font-size: 18pt;\"><strong><em>R\u00e9g\u00e9n\u00e9ration<\/em><\/strong><\/span><\/p>\n<p style=\"text-align: justify;\"><span style=\"font-family: times new roman, times, serif; font-size: 14pt;\">Traduction : Jocelyne Gourand<\/span><\/p>\n<p style=\"text-align: justify;\"><span style=\"font-family: times new roman, times, serif; font-size: 14pt;\">Actes Sud, 1999<\/span><\/p>\n<p style=\"text-align: justify;\"><span style=\"font-family: times new roman, times, serif; font-size: 14pt;\">329 pages<\/span><\/p>\n<p>&nbsp;<\/p>\n<p>&nbsp;<\/p>\n<p style=\"text-align: justify;\"><span style=\"font-family: comic sans ms, sans-serif; font-size: 14pt;\">Un film en a \u00e9t\u00e9 tir\u00e9, en 1997, par Gillies MacKinnon.<\/span><\/p>\n<p>&nbsp;<\/p>\n<p>&nbsp;<\/p>\n<p style=\"text-align: left;\"><span style=\"font-family: comic sans ms, sans-serif; font-size: 14pt;\">L\u2019analyse tr\u00e8s fouill\u00e9e qui suit m\u00e9riterait d\u2019\u00eatre traduite, mais si je l\u2019avais fait, ce <em>post<\/em> ne sortirait pas avant le Nouvel An de 2022.<\/span><\/p>\n<p style=\"text-align: left;\"><span style=\"font-family: comic sans ms, sans-serif; font-size: 14pt;\">Avec les excuses habituelles, donc\u2026<\/span><\/p>\n<p style=\"text-align: center;\"><span style=\"font-family: times new roman, times, serif; font-size: 14pt;\"><strong>\u00a0<a href=\"http:\/\/blog.lesgrossesorchadeslesamplesthalameges.fr\/index.php\/quelques-poemes-en-vrac\/000-vers-le-bas-fleche-rouge-gif-10\/\" rel=\"attachment wp-att-15292\"><img loading=\"lazy\" class=\"alignnone wp-image-15292\" src=\"http:\/\/blog.lesgrossesorchadeslesamplesthalameges.fr\/wp-content\/uploads\/2021\/11\/000.-vers-le-bas-fl\u00e8che-rouge-GIF.gif\" alt=\"\" width=\"75\" height=\"75\" \/><\/a><\/strong><\/span><\/p>\n<p style=\"text-align: center;\"><span style=\"font-family: times new roman, times, serif; font-size: 14pt;\"><a href=\"https:\/\/en.wikipedia.org\/wiki\/Regeneration_(novel)\"><strong><span style=\"font-size: 18pt;\">https:\/\/en.wikipedia.org\/wiki\/Regeneration_(novel)<\/span><\/strong><\/a><\/span><\/p>\n<p style=\"text-align: justify;\"><span style=\"font-family: times new roman, times, serif; font-size: 14pt;\"><strong>\u00a0<\/strong><\/span><\/p>\n<p>&nbsp;<\/p>\n<p style=\"text-align: left;\"><span style=\"font-size: 14pt;\"><strong><span style=\"font-family: times new roman, times, serif;\">URL de cet article : <\/span><\/strong><a href=\"http:\/\/blog.lesgrossesorchadeslesamplesthalameges.fr\/index.php\/un-autre-livre\/\"><span style=\"font-family: times new roman, times, serif;\">http:\/\/blog.lesgrossesorchadeslesamplesthalameges.fr\/index.php\/un-autre-livre\/<\/span><\/a><\/span><strong><span style=\"font-family: times new roman, times, serif; font-size: 18pt;\"><br \/>\n<\/span><\/strong><\/p>\n<p>&nbsp;<\/p>\n<p>&nbsp;<\/p>\n<p style=\"text-align: center;\"><a href=\"http:\/\/blog.lesgrossesorchadeslesamplesthalameges.fr\/index.php\/2021\/11\/18\/armistice-iv-v\/000-plume-rouge-fond-transparent-gif-6\/\" rel=\"attachment wp-att-15215\"><img loading=\"lazy\" class=\"alignnone wp-image-15215\" src=\"http:\/\/blog.lesgrossesorchadeslesamplesthalameges.fr\/wp-content\/uploads\/2021\/11\/000.-Plume-rouge-fond-transparent-GIF.gif\" alt=\"\" width=\"150\" height=\"92\" \/><\/a><\/p>\n<p>&nbsp;<\/p>\n<p>&nbsp;<\/p>\n<p style=\"text-align: right;\"><span style=\"font-family: comic sans ms, sans-serif; font-size: 14pt;\">11 novembre 2021<\/span><\/p>\n<p>&nbsp;<\/p>\n<p>&nbsp;<\/p>\n","protected":false},"excerpt":{"rendered":"<p>&nbsp; &nbsp; &nbsp; &nbsp; &nbsp; &nbsp; &nbsp; Un autre livre de femme\u2026 sur cette guerre &nbsp; &nbsp; Il me reste \u00e0 parler d\u2019un \u00ab\u00a0roman de guerre\u00a0\u00bb dont les personnages principaux sont Siegfried Sassoon, Wilfrid Owen et le Dr Rivers dont parle Robert Graves. L\u2019action se passe \u00e0 l\u2019h\u00f4pital psychiatrique de Craiglockhart (le \u00ab\u00a0Dingoland\u00a0\u00bb de Sassoon)&#8230;<\/p>\n","protected":false},"author":1,"featured_media":0,"parent":0,"menu_order":0,"comment_status":"open","ping_status":"open","template":"","meta":[],"_links":{"self":[{"href":"https:\/\/blog.lesgrossesorchadeslesamplesthalameges.fr\/index.php\/wp-json\/wp\/v2\/pages\/15331"}],"collection":[{"href":"https:\/\/blog.lesgrossesorchadeslesamplesthalameges.fr\/index.php\/wp-json\/wp\/v2\/pages"}],"about":[{"href":"https:\/\/blog.lesgrossesorchadeslesamplesthalameges.fr\/index.php\/wp-json\/wp\/v2\/types\/page"}],"author":[{"embeddable":true,"href":"https:\/\/blog.lesgrossesorchadeslesamplesthalameges.fr\/index.php\/wp-json\/wp\/v2\/users\/1"}],"replies":[{"embeddable":true,"href":"https:\/\/blog.lesgrossesorchadeslesamplesthalameges.fr\/index.php\/wp-json\/wp\/v2\/comments?post=15331"}],"version-history":[{"count":11,"href":"https:\/\/blog.lesgrossesorchadeslesamplesthalameges.fr\/index.php\/wp-json\/wp\/v2\/pages\/15331\/revisions"}],"predecessor-version":[{"id":15345,"href":"https:\/\/blog.lesgrossesorchadeslesamplesthalameges.fr\/index.php\/wp-json\/wp\/v2\/pages\/15331\/revisions\/15345"}],"wp:attachment":[{"href":"https:\/\/blog.lesgrossesorchadeslesamplesthalameges.fr\/index.php\/wp-json\/wp\/v2\/media?parent=15331"}],"curies":[{"name":"wp","href":"https:\/\/api.w.org\/{rel}","templated":true}]}}