{"id":15347,"date":"2021-11-19T03:15:44","date_gmt":"2021-11-19T02:15:44","guid":{"rendered":"http:\/\/blog.lesgrossesorchadeslesamplesthalameges.fr\/?page_id=15347"},"modified":"2021-11-19T03:17:36","modified_gmt":"2021-11-19T02:17:36","slug":"yasser-arafat-11-novembre-1004-17-ans-deja-les-heros-ne-meurent-pas","status":"publish","type":"page","link":"https:\/\/blog.lesgrossesorchadeslesamplesthalameges.fr\/index.php\/yasser-arafat-11-novembre-1004-17-ans-deja-les-heros-ne-meurent-pas\/","title":{"rendered":"Yasser Arafat &#8211; 11 novembre 1004 &#8211; 17 ans d\u00e9j\u00e0 &#8211; Les h\u00e9ros ne meurent pas !"},"content":{"rendered":"<p>&nbsp;<\/p>\n<p>&nbsp;<\/p>\n<p>&nbsp;<\/p>\n<p>&nbsp;<\/p>\n<p>&nbsp;<\/p>\n<p>&nbsp;<\/p>\n<p>&nbsp;<\/p>\n<p>&nbsp;<\/p>\n<p style=\"text-align: center;\"><span style=\"font-family: times new roman, times, serif; font-size: 36pt;\"><strong>Yasser Arafat \u2013 11 novembre 2004 \u2013 11 novembre 2021\u00a0: 17 ans d\u00e9j\u00e0 &#8211; Les h\u00e9ros ne meurent pas !<\/strong><\/span><\/p>\n<p><span style=\"font-family: times new roman, times, serif; font-size: 14pt;\"><strong>\u00a0<\/strong><\/span><\/p>\n<p>&nbsp;<\/p>\n<p style=\"text-align: center;\"><span style=\"font-family: times new roman, times, serif; font-size: 14pt;\"><a href=\"https:\/\/www.palestine-solidarite.fr\/author\/jeanpierre59223\/\"><strong><span style=\"font-size: 18pt;\">Jean-Pierre<\/span><\/strong><\/a><strong><span style=\"font-size: 18pt;\"> \u2013 <em>Palestine Solidarit\u00e9<\/em> \u2013 11 Nov 2021<\/span> <\/strong><\/span><\/p>\n<p>&nbsp;<\/p>\n<p>&nbsp;<\/p>\n<p>&nbsp;<\/p>\n<p style=\"text-align: center;\"><a href=\"http:\/\/blog.lesgrossesorchadeslesamplesthalameges.fr\/index.php\/2021\/11\/18\/armistice-iv-v\/20-arafat-1\/\" rel=\"attachment wp-att-15224\"><img loading=\"lazy\" class=\"alignnone wp-image-15224\" src=\"http:\/\/blog.lesgrossesorchadeslesamplesthalameges.fr\/wp-content\/uploads\/2021\/11\/20.-Arafat-1-224x300.jpg\" alt=\"\" width=\"600\" height=\"805\" srcset=\"https:\/\/blog.lesgrossesorchadeslesamplesthalameges.fr\/wp-content\/uploads\/2021\/11\/20.-Arafat-1-224x300.jpg 224w, https:\/\/blog.lesgrossesorchadeslesamplesthalameges.fr\/wp-content\/uploads\/2021\/11\/20.-Arafat-1.jpg 500w\" sizes=\"(max-width: 600px) 100vw, 600px\" \/><\/a><\/p>\n<p>&nbsp;<\/p>\n<p>&nbsp;<\/p>\n<p style=\"text-align: center;\"><span style=\"font-family: times new roman, times, serif; font-size: 18pt;\"><strong>Par Ziad Medoukh<\/strong><\/span><\/p>\n<p><span style=\"font-family: times new roman, times, serif; font-size: 14pt;\"><strong>\u00a0<\/strong><\/span><\/p>\n<p><span style=\"font-family: times new roman, times, serif; font-size: 14pt;\"><strong>\u00a0<\/strong><\/span><\/p>\n<p style=\"text-align: center;\"><span style=\"font-family: times new roman, times, serif; font-size: 14pt;\">Yasser Arafat\u00a0<\/span><br \/>\n<span style=\"font-family: times new roman, times, serif; font-size: 14pt;\">Vous \u00eates toujours le p\u00e8re\u00a0<\/span><br \/>\n<span style=\"font-family: times new roman, times, serif; font-size: 14pt;\">D\u2019un peuple digne\u00a0<\/span><br \/>\n<span style=\"font-family: times new roman, times, serif; font-size: 14pt;\">Vous serez \u00e0 vie le pr\u00e9sent\u00a0<\/span><br \/>\n<span style=\"font-family: times new roman, times, serif; font-size: 14pt;\">Malgr\u00e9 votre absence\u00a0<\/span><br \/>\n<span style=\"font-family: times new roman, times, serif; font-size: 14pt;\">Vous resterez \u00e0 jamais\u00a0<\/span><br \/>\n<span style=\"font-family: times new roman, times, serif; font-size: 14pt;\">Dans les m\u00e9moires\u00a0<\/span><br \/>\n<span style=\"font-family: times new roman, times, serif; font-size: 14pt;\">De tous les engag\u00e9s.<\/span><\/p>\n<p>&nbsp;<\/p>\n<p style=\"text-align: center;\"><span style=\"font-family: times new roman, times, serif; font-size: 14pt;\">Vous \u00e9tiez un homme exceptionnel \u00a0<\/span><br \/>\n<span style=\"font-family: times new roman, times, serif; font-size: 14pt;\">une nation, une lutte, un combat\u00a0<\/span><br \/>\n<span style=\"font-family: times new roman, times, serif; font-size: 14pt;\">Une r\u00e9volte, une force.\u00a0<\/span><br \/>\n<span style=\"font-family: times new roman, times, serif; font-size: 14pt;\">Vous le r\u00e9sistant,\u00a0<\/span><br \/>\n<span style=\"font-family: times new roman, times, serif; font-size: 14pt;\">Le symbole de la lutte mondiale,\u00a0<\/span><br \/>\n<span style=\"font-family: times new roman, times, serif; font-size: 14pt;\">Vous l\u2019humaniste.<\/span><\/p>\n<p>&nbsp;<\/p>\n<p>&nbsp;<\/p>\n<p>&nbsp;<\/p>\n<p style=\"text-align: center;\"><a href=\"http:\/\/blog.lesgrossesorchadeslesamplesthalameges.fr\/index.php\/yasser-arafat-11-novembre-1004-17-ans-deja-les-heros-ne-meurent-pas\/44-arafat-1\/\" rel=\"attachment wp-att-15348\"><img loading=\"lazy\" class=\"alignnone wp-image-15348 size-full\" src=\"http:\/\/blog.lesgrossesorchadeslesamplesthalameges.fr\/wp-content\/uploads\/2021\/11\/44.-Arafat-1..jpg\" alt=\"\" width=\"500\" height=\"270\" srcset=\"https:\/\/blog.lesgrossesorchadeslesamplesthalameges.fr\/wp-content\/uploads\/2021\/11\/44.-Arafat-1..jpg 500w, https:\/\/blog.lesgrossesorchadeslesamplesthalameges.fr\/wp-content\/uploads\/2021\/11\/44.-Arafat-1.-300x162.jpg 300w\" sizes=\"(max-width: 500px) 100vw, 500px\" \/><\/a><\/p>\n<p>&nbsp;<\/p>\n<p>&nbsp;<\/p>\n<p>&nbsp;<\/p>\n<p style=\"text-align: center;\"><span style=\"font-family: times new roman, times, serif; font-size: 14pt;\">Votre endurance est engagement\u00a0<\/span><br \/>\n<span style=\"font-family: times new roman, times, serif; font-size: 14pt;\">Votre confiance est vie\u00a0<\/span><br \/>\n<span style=\"font-family: times new roman, times, serif; font-size: 14pt;\">Votre r\u00e9sistance est libert\u00e9\u00a0<\/span><br \/>\n<span style=\"font-family: times new roman, times, serif; font-size: 14pt;\">Votre lutte est unit\u00e9 nationale\u00a0<\/span><br \/>\n<span style=\"font-family: times new roman, times, serif; font-size: 14pt;\">Votre d\u00e9fi est r\u00e9silience.<\/span><\/p>\n<p>&nbsp;<\/p>\n<p style=\"text-align: center;\"><span style=\"font-family: times new roman, times, serif; font-size: 14pt;\">Vous rassemblez derri\u00e8re vous tout un peuple\u00a0<\/span><br \/>\n<span style=\"font-family: times new roman, times, serif; font-size: 14pt;\">Votre pr\u00e9sence \u00e9tait une ic\u00f4ne de r\u00e9sistance\u00a0<\/span><br \/>\n<span style=\"font-family: times new roman, times, serif; font-size: 14pt;\">Votre force est une puissance de l\u2019esp\u00e9rance\u00a0<\/span><br \/>\n<span style=\"font-family: times new roman, times, serif; font-size: 14pt;\">Votre histoire est fiert\u00e9 \u00a0<\/span><br \/>\n<span style=\"font-family: times new roman, times, serif; font-size: 14pt;\">Votre r\u00eave est victoire\u00a0<\/span><br \/>\n<span style=\"font-family: times new roman, times, serif; font-size: 14pt;\">Votre sourire d\u00e9passe l\u2019effroi\u00a0<\/span><br \/>\n<span style=\"font-family: times new roman, times, serif; font-size: 14pt;\">Votre droit est paix\u00a0<\/span><br \/>\n<span style=\"font-family: times new roman, times, serif; font-size: 14pt;\">Votre patience est lucidit\u00e9\u00a0<\/span><br \/>\n<span style=\"font-family: times new roman, times, serif; font-size: 14pt;\">Votre mobilisation est une cause juste.<\/span><\/p>\n<p>&nbsp;<\/p>\n<p>&nbsp;<\/p>\n<p>&nbsp;<\/p>\n<p style=\"text-align: center;\"><a href=\"http:\/\/blog.lesgrossesorchadeslesamplesthalameges.fr\/index.php\/yasser-arafat-11-novembre-1004-17-ans-deja-les-heros-ne-meurent-pas\/45-arafat-2\/\" rel=\"attachment wp-att-15349\"><img loading=\"lazy\" class=\"alignnone wp-image-15349\" src=\"http:\/\/blog.lesgrossesorchadeslesamplesthalameges.fr\/wp-content\/uploads\/2021\/11\/45.-Arafat-2.jpg\" alt=\"\" width=\"400\" height=\"273\" srcset=\"https:\/\/blog.lesgrossesorchadeslesamplesthalameges.fr\/wp-content\/uploads\/2021\/11\/45.-Arafat-2.jpg 500w, https:\/\/blog.lesgrossesorchadeslesamplesthalameges.fr\/wp-content\/uploads\/2021\/11\/45.-Arafat-2-300x205.jpg 300w\" sizes=\"(max-width: 400px) 100vw, 400px\" \/><\/a><\/p>\n<p>&nbsp;<\/p>\n<p>&nbsp;<\/p>\n<p>&nbsp;<\/p>\n<p style=\"text-align: center;\"><span style=\"font-family: times new roman, times, serif; font-size: 14pt;\">Une le\u00e7on de courage\u00a0<\/span><br \/>\n<span style=\"font-family: times new roman, times, serif; font-size: 14pt;\">Une le\u00e7on de dignit\u00e9\u00a0<\/span><br \/>\n<span style=\"font-family: times new roman, times, serif; font-size: 14pt;\">Votre absence est un grand vide \u00a0<\/span><br \/>\n<span style=\"font-family: times new roman, times, serif; font-size: 14pt;\">Les r\u00e9volutionnaires seront toujours vivants\u00a0<\/span><br \/>\n<span style=\"font-family: times new roman, times, serif; font-size: 14pt;\">Un grand hommage \u00e0 nos h\u00e9ros\u00a0<\/span><br \/>\n<span style=\"font-family: times new roman, times, serif; font-size: 14pt;\">\u00c0 nos guides\u00a0<\/span><br \/>\n<span style=\"font-family: times new roman, times, serif; font-size: 14pt;\">Au symbole de la r\u00e9sistance palestinienne\u00a0<\/span><br \/>\n<span style=\"font-family: times new roman, times, serif; font-size: 14pt;\">La Palestine sera libre un jour !\u00a0<\/span><br \/>\n<span style=\"font-family: times new roman, times, serif; font-size: 14pt;\">Et ses h\u00e9ros comme Abou Ammar ne meurent jamais !<\/span><\/p>\n<p>&nbsp;<\/p>\n<p>&nbsp;<\/p>\n<p style=\"text-align: center;\"><span style=\"font-family: times new roman, times, serif; font-size: 14pt;\"><strong>Source : auteur<\/strong><\/span><\/p>\n<p>&nbsp;<\/p>\n<p>&nbsp;<\/p>\n<p style=\"text-align: center;\"><a href=\"http:\/\/blog.lesgrossesorchadeslesamplesthalameges.fr\/index.php\/2021\/11\/18\/armistice-iv-v\/000-coquelicot-debout-gif\/\" rel=\"attachment wp-att-15214\"><img loading=\"lazy\" class=\"alignnone size-medium wp-image-15214\" src=\"http:\/\/blog.lesgrossesorchadeslesamplesthalameges.fr\/wp-content\/uploads\/2021\/11\/000.-coquelicot-debout-GIF-148x300.gif\" alt=\"\" width=\"148\" height=\"300\" \/><\/a><\/p>\n<p>&nbsp;<\/p>\n<p>&nbsp;<\/p>\n<p style=\"text-align: left;\"><span style=\"font-family: times new roman, times, serif; font-size: 14pt;\"><strong>URL de cet article : <\/strong><a href=\"http:\/\/blog.lesgrossesorchadeslesamplesthalameges.fr\/index.php\/yasser-arafat-11-novembre-1004-17-ans-deja-les-heros-ne-meurent-pas\/\">http:\/\/blog.lesgrossesorchadeslesamplesthalameges.fr\/index.php\/yasser-arafat-11-novembre-1004-17-ans-deja-les-heros-ne-meurent-pas\/<\/a><br \/>\n<\/span><\/p>\n<p>&nbsp;<\/p>\n<p>&nbsp;<\/p>\n<p style=\"text-align: right;\"><span style=\"font-family: comic sans ms, sans-serif; font-size: 14pt;\">11 novembre 2021<\/span><\/p>\n<p>&nbsp;<\/p>\n<p>&nbsp;<\/p>\n","protected":false},"excerpt":{"rendered":"<p>&nbsp; &nbsp; &nbsp; &nbsp; &nbsp; &nbsp; &nbsp; &nbsp; Yasser Arafat \u2013 11 novembre 2004 \u2013 11 novembre 2021\u00a0: 17 ans d\u00e9j\u00e0 &#8211; Les h\u00e9ros ne meurent pas ! \u00a0 &nbsp; Jean-Pierre \u2013 Palestine Solidarit\u00e9 \u2013 11 Nov 2021 &nbsp; &nbsp; &nbsp; &nbsp; &nbsp; Par Ziad Medoukh \u00a0 \u00a0 Yasser Arafat\u00a0 Vous \u00eates toujours le p\u00e8re\u00a0&#8230;<\/p>\n","protected":false},"author":1,"featured_media":0,"parent":0,"menu_order":0,"comment_status":"open","ping_status":"open","template":"","meta":[],"_links":{"self":[{"href":"https:\/\/blog.lesgrossesorchadeslesamplesthalameges.fr\/index.php\/wp-json\/wp\/v2\/pages\/15347"}],"collection":[{"href":"https:\/\/blog.lesgrossesorchadeslesamplesthalameges.fr\/index.php\/wp-json\/wp\/v2\/pages"}],"about":[{"href":"https:\/\/blog.lesgrossesorchadeslesamplesthalameges.fr\/index.php\/wp-json\/wp\/v2\/types\/page"}],"author":[{"embeddable":true,"href":"https:\/\/blog.lesgrossesorchadeslesamplesthalameges.fr\/index.php\/wp-json\/wp\/v2\/users\/1"}],"replies":[{"embeddable":true,"href":"https:\/\/blog.lesgrossesorchadeslesamplesthalameges.fr\/index.php\/wp-json\/wp\/v2\/comments?post=15347"}],"version-history":[{"count":10,"href":"https:\/\/blog.lesgrossesorchadeslesamplesthalameges.fr\/index.php\/wp-json\/wp\/v2\/pages\/15347\/revisions"}],"predecessor-version":[{"id":15359,"href":"https:\/\/blog.lesgrossesorchadeslesamplesthalameges.fr\/index.php\/wp-json\/wp\/v2\/pages\/15347\/revisions\/15359"}],"wp:attachment":[{"href":"https:\/\/blog.lesgrossesorchadeslesamplesthalameges.fr\/index.php\/wp-json\/wp\/v2\/media?parent=15347"}],"curies":[{"name":"wp","href":"https:\/\/api.w.org\/{rel}","templated":true}]}}