{"id":15400,"date":"2021-11-21T21:41:42","date_gmt":"2021-11-21T20:41:42","guid":{"rendered":"http:\/\/blog.lesgrossesorchadeslesamplesthalameges.fr\/?page_id=15400"},"modified":"2021-11-21T21:42:34","modified_gmt":"2021-11-21T20:42:34","slug":"15400-2","status":"publish","type":"page","link":"https:\/\/blog.lesgrossesorchadeslesamplesthalameges.fr\/index.php\/15400-2\/","title":{"rendered":""},"content":{"rendered":"<p style=\"text-align: justify;\"><span style=\"font-family: times new roman, times, serif; font-size: 14pt;\"><strong>\u00a0<\/strong><\/span><\/p>\n<p>&nbsp;<\/p>\n<p>&nbsp;<\/p>\n<p>&nbsp;<\/p>\n<p>&nbsp;<\/p>\n<p>&nbsp;<\/p>\n<p>&nbsp;<\/p>\n<p style=\"text-align: center;\"><span style=\"font-family: times new roman, times, serif; font-size: 42pt;\"><strong>La r\u00e9pression<\/strong><\/span><\/p>\n<p style=\"text-align: center;\"><span style=\"font-family: times new roman, times, serif; font-size: 14pt;\"><strong>\u00a0<\/strong><\/span><\/p>\n<p style=\"text-align: center;\"><span style=\"font-family: times new roman, times, serif; font-size: 18pt;\"><strong><em>Strategika 51<\/em> \u2013 21.11.2021<\/strong><\/span><\/p>\n<p>&nbsp;<\/p>\n<p>&nbsp;<\/p>\n<p style=\"text-align: center;\"><a href=\"http:\/\/blog.lesgrossesorchadeslesamplesthalameges.fr\/index.php\/2021\/11\/21\/au-risque-de-nous-repeter\/3-rotterdam\/\" rel=\"attachment wp-att-15380\"><img loading=\"lazy\" class=\"alignnone wp-image-15380 size-full\" src=\"http:\/\/blog.lesgrossesorchadeslesamplesthalameges.fr\/wp-content\/uploads\/2021\/11\/3.-Rotterdam.png\" alt=\"\" width=\"600\" height=\"800\" srcset=\"https:\/\/blog.lesgrossesorchadeslesamplesthalameges.fr\/wp-content\/uploads\/2021\/11\/3.-Rotterdam.png 600w, https:\/\/blog.lesgrossesorchadeslesamplesthalameges.fr\/wp-content\/uploads\/2021\/11\/3.-Rotterdam-225x300.png 225w\" sizes=\"(max-width: 600px) 100vw, 600px\" \/><\/a><\/p>\n<p style=\"text-align: justify;\"><span style=\"font-family: times new roman, times, serif; font-size: 14pt;\"><strong>\u00a0<\/strong><\/span><\/p>\n<p>&nbsp;<\/p>\n<p>&nbsp;<\/p>\n<p style=\"text-align: justify;\"><span style=\"font-family: times new roman, times, serif; font-size: 14pt;\"><strong><span style=\"font-family: tahoma, arial, helvetica, sans-serif;\">Aux Pays-Bas, la police aurait tir\u00e9 \u00e0 balles r\u00e9elles sur des civils manifestant violemment contre les mesures sanitaires prises par le gouvernement. D\u2019apr\u00e8s les vid\u00e9os circulant en ligne, les policiers n\u00e9erlandais ont fait usage de leurs armes pour tuer et non pour des tirs de sommation. Plus \u00e9trange est la participation de membres de l\u2019AIVD (Algemene Inlichtingen- en Veiligheidsdienst), la principale agence de renseignement n\u00e9erlandaise, dans la r\u00e9pression des manifestations de Rotterdam. Des informations indiquaient que l\u2019AIVD participait depuis des mois \u00e0 un programme de fichage syst\u00e9matique des personnes et des groupes exprimant leur opposition aux vaccins et passes sanitaires.<\/span> <\/strong><\/span><\/p>\n<p>&nbsp;<\/p>\n<p style=\"text-align: justify;\"><span style=\"font-family: times new roman, times, serif; font-size: 14pt;\">Une pratique redoutable de par son efficacit\u00e9 et rappelant un peu trop celles de la d\u00e9funte STASI de l\u2019ex-R\u00e9publique D\u00e9mocratique Allemande (RDA).<\/span><\/p>\n<p style=\"text-align: justify;\"><span style=\"font-family: times new roman, times, serif; font-size: 14pt;\">En Guadeloupe, la population est en \u00e9tat d\u2019insurrection contre les mesures sanitaires prises par le gouvernement. Blocage des \u00e9tablissements hospitaliers, jets de pierres contre les forces de l\u2019ordre, gr\u00e8ves, pneus br\u00fbl\u00e9s et d\u00e9sob\u00e9issance civile. Paris envoie des renforts policiers et militaires et le pr\u00e9fet local y d\u00e9cr\u00e8te le couvre-feu. C\u2019est la premi\u00e8re fois qu\u2019un couvre-feu est instaur\u00e9 en raison de \u201cmouvements sociaux et actes de vandalisme\u201d. Un nouveau palier dans la r\u00e9pression des populations est franchi en temps de paix. l\u2019\u00c9tat central y envoie le GIGN et le RAID, les meilleures unit\u00e9s d\u2019\u00e9lite de la Gendarmerie et de la police pour mater l\u2019insurrection d\u2019une population qui ne r\u00e9clame ni ind\u00e9pendance ni de nouveaux droits mais juste la fin de la \u201cconnerie\u201d. C\u2019est la r\u00e9pression.<\/span><\/p>\n<p style=\"text-align: justify;\"><span style=\"font-family: times new roman, times, serif; font-size: 14pt;\">Ces deux exemples confirment que le pr\u00e9texte COVID-19 n\u2019est qu\u2019un outil de manipulation politique de masse visant le renforcement du contr\u00f4le des population et l\u2019affranchissement du semblant de d\u00e9mocratie. Le message est simple: soit vous vous soumettez \u00e0 nos mensonges flagrants et aux mesures stupides ou irrationnelles qui les accompagnent , soit on vous \u00e9crase.<\/span><\/p>\n<p style=\"text-align: justify;\"><span style=\"font-family: times new roman, times, serif; font-size: 14pt;\">Il ne s\u2019agit plus de croire ou de ne pas croire en une narration souffrant de graves lacunes en mati\u00e8re de coh\u00e9rence mais de se soumettre dans tous les cas de figure \u00e0 des acteurs non-\u00e9tatiques ayant rel\u00e9gu\u00e9 ce qui reste des \u00c9tats-Nation (concept obsol\u00e8te\u00a0!) en simples machines de r\u00e9pression et de contr\u00f4le au profit des multinationales. C\u2019est une forme de corruption institutionnelle qui pr\u00e9figure un avenir dans lequel des conglom\u00e9rats financiers auront la primaut\u00e9 absolue sur les \u00c9tats.<\/span><\/p>\n<p>&nbsp;<\/p>\n<p style=\"text-align: justify;\"><span style=\"font-family: times new roman, times, serif; font-size: 18pt;\"><strong>Manifestations violentes<\/strong><\/span><\/p>\n<p style=\"text-align: justify;\"><span style=\"font-family: times new roman, times, serif; font-size: 14pt;\">Le sujet est grave. Il y aura toujours des d\u00e9rives. On le sait d\u2019exp\u00e9rience, la casse n\u2019est pas toujours spontan\u00e9e. Il existe un march\u00e9 de casseurs \u00e0 louer. Le noyautage de la petite d\u00e9linquance et du grand banditisme par le capital ou les \u00ab\u00a0services\u00a0\u00bb de l\u2019\u00c9tat n\u2019est pas une nouveaut\u00e9. Les faux semblants et les actes de vandalisme, r\u00e9els ou simul\u00e9s, serviront \u00e0 r\u00e9primer les honn\u00eates gens pour leur opinion, leur pens\u00e9e, leur objection ou m\u00eame leur capacit\u00e9 de r\u00e9silience face \u00e0 la b\u00eatise institutionnelle.<\/span><\/p>\n<p style=\"text-align: justify;\"><span style=\"font-family: times new roman, times, serif; font-size: 14pt;\">Ce n\u2019est pas une insurrection, c\u2019est une r\u00e9volte des laiss\u00e9s pour compte souffrant du ch\u00f4mage, d\u2019une inflation r\u00e9elle \u00e0 deux chiffres, d\u2019un manque d\u2019eau potable, de rackets, de l\u2019exclusion et des d\u00e9pr\u00e9dations par les mafias du foncier, de gens qu\u2019on veut transformer en cobayes \u00e0 traire jusqu\u2019\u00e0 ce que mort s\u2019en suive. Et quand ils se r\u00e9voltent, ces gens, le gouvernement ne trouve d\u2019autre solution que la r\u00e9pression \u00e0 balles r\u00e9elles comme au bon vieux temps des colonies. Cela fait des semaines que les gr\u00e8ves en Guadeloupe sont pass\u00e9es sous silence. Que des tribunes sont censur\u00e9es, que des personnes sont harcel\u00e9es pour d\u00e9lit d\u2019opinion, que les patrons de presse, grands copains-coquins des politiques et des pontes du r\u00e9gime, font mine d\u2019ignorer.<\/span><\/p>\n<p style=\"text-align: justify;\"><span style=\"font-family: times new roman, times, serif; font-size: 14pt;\">Autre d\u00e9tail troublant : les processus de prise de d\u00e9cision en mati\u00e8re sanitaire \u2013 \u00a0aux \u00c9tats-Unis, o\u00f9 l\u2019apprenti sorcier Fauci sombre dans le d\u00e9lire, mais \u00e9galement dans les pays d\u2019Europe occidentale \u2013 se basent depuis quelque temps sur les conclusions d\u2019\u00e9quipes isra\u00e9liennes dont on ignore la composition r\u00e9elle, la qualification ou m\u00eame le type de recherches qu\u2019elles effectuent (la pratique courante de faux rapports est un sport de choix en Isra\u00ebl). C\u2019est un sc\u00e9nario revisit\u00e9 d\u2019un improbable dialogue aux enfers entre Faust et Mengele. Un cauchemar souriant et paisible dans le meilleur des mondes. Un monde o\u00f9 on vous contraint \u00e0 vous faire piquer r\u00e9guli\u00e8rement pour accro\u00eetre le rythme des b\u00e9n\u00e9fices des Big Pharma \u00e0 la seconde sous peine d\u2019\u00eatre abattu par un commando d\u2019\u00e9lite comme dangereux terroriste. C\u2019est la fabrique de la peur qui vient de se recycler. Le mythe du terroriste islamiste ayant \u00e9t\u00e9 \u00e9puis\u00e9 puisque tous les pays de la zone MENA* sont \u00e0 terre, il fallait un puissant anxiog\u00e8ne universel avant de revenir \u00e0 la confrontation globale. Les populations, portion congrue, tout juste bonnes \u00e0 consommer et \u00e0 faire fonctionner le cycle inique, doivent \u00eatre maintenues dans la terreur douce. Les forts en t\u00eate seront cibl\u00e9s et \u00e9limin\u00e9s. Les autres seront les cobayes volontaires d\u2019une exp\u00e9rimentation \u00e0 ciel ouvert. Une sorte de palestinisation du monde sur fond de confrontation entre blocs g\u00e9ants. L\u2019humain ne compte plus.<\/span><\/p>\n<p style=\"text-align: justify;\"><span style=\"font-family: times new roman, times, serif; font-size: 14pt;\">La contrainte, c\u2019est pour votre bien. Une balle dans la t\u00eate en cas d\u2019objection. Merci aux pi\u00e8tres menteurs qui font semblant de gouverner.<\/span><\/p>\n<p style=\"text-align: justify;\"><span style=\"font-family: times new roman, times, serif; font-size: 14pt;\">__________________\u00a0<\/span><\/p>\n<p style=\"text-align: justify;\"><span style=\"font-family: times new roman, times, serif; font-size: 14pt;\">* <span style=\"font-size: 12pt;\">L&rsquo;Initiative <strong>MENA<\/strong>-OCDE couvre l&rsquo;Alg\u00e9rie, l&rsquo;Arabie Saoudite, l&rsquo;Autorit\u00e9 Palestinienne, le Bahre\u00efn, le Djibouti, les \u00c9mirats Arabes Unis, l&rsquo;\u00c9gypte, l&rsquo;Irak, la Jordanie, le Kowe\u00eft, le Liban, la Libye, le Maroc, la Mauritanie, l&rsquo;Oman, le Qatar, la Syrie, la Tunisie, et le Y\u00e9men.<\/span><\/span><\/p>\n<p>&nbsp;<\/p>\n<p style=\"text-align: justify;\"><span style=\"font-family: times new roman, times, serif; font-size: 18pt; color: #c00000;\"><strong><em>Merci surtout \u00e0 ceux qui leur servent d\u2019alibi en allant voter.<\/em><\/strong><\/span><\/p>\n<p style=\"text-align: justify;\"><span style=\"font-family: times new roman, times, serif; font-size: 14pt;\"><strong><em>\u00a0<\/em><\/strong><\/span><\/p>\n<p>&nbsp;<\/p>\n<p style=\"text-align: center;\"><span style=\"font-family: times new roman, times, serif; font-size: 14pt;\"><strong><em>\u00a0<a href=\"http:\/\/blog.lesgrossesorchadeslesamplesthalameges.fr\/index.php\/2021\/11\/21\/au-risque-de-nous-repeter\/0-a-vote-gif\/\" rel=\"attachment wp-att-15374\"><img loading=\"lazy\" class=\"alignnone size-full wp-image-15374\" src=\"http:\/\/blog.lesgrossesorchadeslesamplesthalameges.fr\/wp-content\/uploads\/2021\/11\/0.-a-vot\u00e9-GIF.gif\" alt=\"\" width=\"200\" height=\"150\" \/><\/a><\/em><\/strong><\/span><\/p>\n<p>&nbsp;<\/p>\n<p>&nbsp;<\/p>\n<p style=\"text-align: justify;\"><span style=\"font-family: times new roman, times, serif; font-size: 14pt;\">Source\u00a0: <a href=\"https:\/\/strategika51.org\/2021\/11\/21\/la-repression\/\">https:\/\/strategika51.org\/2021\/11\/21\/la-repression\/<\/a><\/span><\/p>\n<p style=\"text-align: left;\"><span style=\"font-family: times new roman, times, serif; font-size: 14pt;\"><strong>URL de cet article\u00a0: <\/strong><a href=\"http:\/\/blog.lesgrossesorchadeslesamplesthalameges.fr\/index.php\/15400-2\/\">http:\/\/blog.lesgrossesorchadeslesamplesthalameges.fr\/index.php\/15400-2\/<\/a><strong><br \/>\n<\/strong><\/span><\/p>\n<p style=\"text-align: justify;\"><span style=\"font-family: times new roman, times, serif; font-size: 14pt;\"><strong>\u00a0<\/strong><\/span><\/p>\n<p><strong>\u00a0<\/strong><\/p>\n<p style=\"text-align: right;\"><span style=\"font-family: comic sans ms, sans-serif; font-size: 14pt;\">21 novembre 2021<\/span><\/p>\n<p>&nbsp;<\/p>\n<p>&nbsp;<\/p>\n","protected":false},"excerpt":{"rendered":"<p>\u00a0 &nbsp; &nbsp; &nbsp; &nbsp; &nbsp; &nbsp; La r\u00e9pression \u00a0 Strategika 51 \u2013 21.11.2021 &nbsp; &nbsp; \u00a0 &nbsp; &nbsp; Aux Pays-Bas, la police aurait tir\u00e9 \u00e0 balles r\u00e9elles sur des civils manifestant violemment contre les mesures sanitaires prises par le gouvernement. D\u2019apr\u00e8s les vid\u00e9os circulant en ligne, les policiers n\u00e9erlandais ont fait usage de leurs&#8230;<\/p>\n","protected":false},"author":1,"featured_media":0,"parent":0,"menu_order":0,"comment_status":"open","ping_status":"open","template":"","meta":[],"_links":{"self":[{"href":"https:\/\/blog.lesgrossesorchadeslesamplesthalameges.fr\/index.php\/wp-json\/wp\/v2\/pages\/15400"}],"collection":[{"href":"https:\/\/blog.lesgrossesorchadeslesamplesthalameges.fr\/index.php\/wp-json\/wp\/v2\/pages"}],"about":[{"href":"https:\/\/blog.lesgrossesorchadeslesamplesthalameges.fr\/index.php\/wp-json\/wp\/v2\/types\/page"}],"author":[{"embeddable":true,"href":"https:\/\/blog.lesgrossesorchadeslesamplesthalameges.fr\/index.php\/wp-json\/wp\/v2\/users\/1"}],"replies":[{"embeddable":true,"href":"https:\/\/blog.lesgrossesorchadeslesamplesthalameges.fr\/index.php\/wp-json\/wp\/v2\/comments?post=15400"}],"version-history":[{"count":4,"href":"https:\/\/blog.lesgrossesorchadeslesamplesthalameges.fr\/index.php\/wp-json\/wp\/v2\/pages\/15400\/revisions"}],"predecessor-version":[{"id":15404,"href":"https:\/\/blog.lesgrossesorchadeslesamplesthalameges.fr\/index.php\/wp-json\/wp\/v2\/pages\/15400\/revisions\/15404"}],"wp:attachment":[{"href":"https:\/\/blog.lesgrossesorchadeslesamplesthalameges.fr\/index.php\/wp-json\/wp\/v2\/media?parent=15400"}],"curies":[{"name":"wp","href":"https:\/\/api.w.org\/{rel}","templated":true}]}}