{"id":15466,"date":"2021-11-24T19:00:39","date_gmt":"2021-11-24T18:00:39","guid":{"rendered":"http:\/\/blog.lesgrossesorchadeslesamplesthalameges.fr\/?page_id=15466"},"modified":"2021-11-24T20:38:07","modified_gmt":"2021-11-24T19:38:07","slug":"une-disciple-de-bill-gates-dans-le-gouvernement-russe","status":"publish","type":"page","link":"https:\/\/blog.lesgrossesorchadeslesamplesthalameges.fr\/index.php\/une-disciple-de-bill-gates-dans-le-gouvernement-russe\/","title":{"rendered":"Une disciple de Bill Gates dans le gouvernement russe"},"content":{"rendered":"<p>&nbsp;<\/p>\n<p>&nbsp;<\/p>\n<p>&nbsp;<\/p>\n<p>&nbsp;<\/p>\n<p>&nbsp;<\/p>\n<p>&nbsp;<\/p>\n<p>&nbsp;<\/p>\n<p style=\"text-align: center;\"><strong><span style=\"font-family: times new roman, times, serif; font-size: 36pt;\">Une disciple de Bill Gates dans le gouvernement russe<\/span><\/strong><\/p>\n<h1><\/h1>\n<p>&nbsp;<\/p>\n<p>&nbsp;<\/p>\n<p style=\"text-align: center;\"><strong><span style=\"font-family: times new roman, times, serif; font-size: 18pt;\">Edward Slavsquat \u2013 <em>Anti-Empire<\/em><em>\u00a0 \u2013 <\/em>22.11.2021<\/span><\/strong><\/p>\n<p>&nbsp;<\/p>\n<p style=\"text-align: center;\"><span style=\"font-family: times new roman, times, serif; font-size: 18pt;\">Traduction : <strong>c.l<\/strong>. pour <strong><em>L.G.O.<\/em><\/strong><\/span><\/p>\n<p>&nbsp;<\/p>\n<p>&nbsp;<\/p>\n<p>&nbsp;<\/p>\n<p style=\"text-align: justify;\"><span style=\"font-family: tahoma, arial, helvetica, sans-serif; font-size: 14pt;\"><strong>Veronika Skvortsova a jou\u00e9 un r\u00f4le cl\u00e9 dans la r\u00e9action russe au COVID. Par co\u00efncidence, elle fait partie d&rsquo;un comit\u00e9 de \u00ab\u00a0pr\u00e9paration \u00e0 la pand\u00e9mie\u00a0\u00bb li\u00e9 \u00e0 Gates, aux c\u00f4t\u00e9s d&rsquo;Anthony Fauci.<\/strong><\/span><\/p>\n<p>&nbsp;<\/p>\n<p>&nbsp;<\/p>\n<p>&nbsp;<\/p>\n<p style=\"text-align: center;\"><a href=\"http:\/\/blog.lesgrossesorchadeslesamplesthalameges.fr\/index.php\/une-disciple-de-bill-gates-dans-le-gouvernement-russe\/2-veronika-gates-2\/\" rel=\"attachment wp-att-15468\"><img loading=\"lazy\" class=\"alignnone wp-image-15468 size-full\" src=\"http:\/\/blog.lesgrossesorchadeslesamplesthalameges.fr\/wp-content\/uploads\/2021\/11\/2.-Veronika-Gates-1.jpg\" alt=\"\" width=\"600\" height=\"320\" srcset=\"https:\/\/blog.lesgrossesorchadeslesamplesthalameges.fr\/wp-content\/uploads\/2021\/11\/2.-Veronika-Gates-1.jpg 600w, https:\/\/blog.lesgrossesorchadeslesamplesthalameges.fr\/wp-content\/uploads\/2021\/11\/2.-Veronika-Gates-1-300x160.jpg 300w\" sizes=\"(max-width: 600px) 100vw, 600px\" \/><\/a><\/p>\n<p>&nbsp;<\/p>\n<p style=\"text-align: center;\"><span style=\"font-family: times new roman, times, serif; font-size: 12pt;\"><strong><em>Pourquoi le Kremlin est-il en phase avec les mesures d\u00e9prav\u00e9es du COVID de l&rsquo;Occident ? Veronika Skvortsova pourrait le savoir.<\/em><\/strong><\/span><\/p>\n<p style=\"text-align: justify;\"><span style=\"font-family: times new roman, times, serif; font-size: 14pt;\"><strong><em>\u00a0<\/em><\/strong><\/span><\/p>\n<p>&nbsp;<\/p>\n<p>&nbsp;<\/p>\n<p style=\"text-align: justify;\"><span style=\"font-family: times new roman, times, serif; font-size: 14pt;\">Il semble y avoir un lien direct entre Bill Gates et la r\u00e9action de la Russie au COVID. C&rsquo;est quand m\u00eame un peu inqui\u00e9tant.<\/span><\/p>\n<p style=\"text-align: justify;\"><span style=\"font-family: times new roman, times, serif; font-size: 14pt;\">Nous avons eu l\u2019heureuse surprise de trouver ce tuyau juteux dans un passage explosif du nouveau livre de Robert F. Kennedy Jr sur le sympathique tueur de virus Anthony Fauci. \u00c0 vrai dire, nous avions pr\u00e9command\u00e9 ce livre sur Amazon, et\u2026 oubli\u00e9 de le lire. Grosse erreur, tant de scoops ! Voyez plut\u00f4t :<\/span><\/p>\n<p style=\"text-align: justify;\"><span style=\"font-family: times new roman, times, serif; font-size: 14pt;\">\u00ab\u00a0Plus tard, en mai 2018 &#8211; avec l&rsquo;imprimatur de l&rsquo;OMS et du Groupe de la Banque mondiale &#8211; Gates a cr\u00e9\u00e9 une esp\u00e8ce de comit\u00e9 permanent appel\u00e9 <em>Global Preparedness Monitoring Board<\/em> <em>[\u00ab\u00a0Conseil de surveillance de la pr\u00e9paration mondiale\u00a0\u00bb<\/em>] (GPMB), qui comprend quelques-uns des ca\u00efds les plus puissants de la sant\u00e9 publique mondiale, pour institutionnaliser les le\u00e7ons tir\u00e9es de tous ces exercices de planification de sc\u00e9narios.<\/span><\/p>\n<p style=\"text-align: justify;\"><span style=\"font-family: times new roman, times, serif; font-size: 14pt;\">Le comit\u00e9 mondial servirait de collectif faisant autorit\u00e9 dans la vie r\u00e9elle pour imposer des r\u00e8gles au coutrs de la pand\u00e9mie \u00e0 venir. L&rsquo;objectif de cet organe de contr\u00f4le et de responsabilit\u00e9 soi-disant \u00ab\u00a0ind\u00e9pendant\u00a0\u00bb \u00e9tait de valider l&rsquo;imposition des contr\u00f4les policiers d&rsquo;un \u00c9tat par des dirigeants politiques et des technocrates mondiaux et locaux, en soutenant leurs efforts pour prendre le type de mesures s\u00e9v\u00e8res mod\u00e9lis\u00e9es par la simulation de Gates : mater la r\u00e9sistance, b\u00e2illonner impitoyablement la dissidence, isoler les personnes en bonne sant\u00e9, faire s\u2019effondrer les \u00e9conomies et imposer la vaccination au cours d\u2019une crise sanitaire mondiale projet\u00e9e.<\/span><\/p>\n<p style=\"text-align: justify;\"><span style=\"font-family: times new roman, times, serif; font-size: 14pt;\">Le conseil d&rsquo;administration du GPMB est compos\u00e9 d\u2019une brochette de technocrates dont le pouvoir global cumul\u00e9, apte \u00e0 dicter une politique de sant\u00e9 mondiale, est pratiquement irr\u00e9sistible : Anthony Fauci, Sir Jeremy Farrar du Wellcome Trust, Chris Elias de la BMGF, George Gao, directeur du CDC chinois, <strong>Veronika Skvortsova, ministre russe de la sant\u00e9<\/strong>, Michael Ryan, directeur de la sant\u00e9 \u00e0 l&rsquo;OMS, Gro Harlem Brundtland, ancienne directrice de l&rsquo;OMS, Ilona Kickbusch, ancienne directrice de la programmation de l&rsquo;OMS, et Henrietta Holsman Fore de l&rsquo;UNICEF, ancienne directrice de l&rsquo;USAID, qui \u00e9tait autrefois une fa\u00e7ade fiable de la CIA.<\/span><\/p>\n<p style=\"text-align: justify;\"><span style=\"font-family: times new roman, times, serif; font-size: 14pt;\">En juin 2019, une vingtaine de semaines avant le d\u00e9but de la pand\u00e9mie de COVID, le Dr Michael Ryan, directeur ex\u00e9cutif du programme des urgences sanitaires de l&rsquo;OMS, a r\u00e9sum\u00e9 les conclusions du rapport sur les pand\u00e9mies du GPMB, <strong>en pr\u00e9venant de ce que \u00ab\u00a0nous entrons dans une nouvelle phase d&rsquo;\u00e9pid\u00e9mies \u00e0 fort impact\u00a0\u00bb qui vont constituer \u00ab\u00a0une nouvelle normalit\u00e9\u00a0\u00bb dans laquelle les gouvernements du monde entier renforceront le contr\u00f4le des citoyens et limiteront leur mobilit\u00e9.\u00a0\u00bb<\/strong><\/span><\/p>\n<p style=\"text-align: justify;\"><span style=\"font-family: times new roman, times, serif; font-size: 14pt;\">[Source : <em>Le v\u00e9ritable Anthony Fauci : Bill Gates, Big Pharma, et la guerre mondialiste contre la d\u00e9mocratie et la sant\u00e9 publique<\/em>, par Robert F. Kennedy Jr. (pp. 870-872). Skyhorse. \u00c9dition Kindle].<\/span><\/p>\n<p style=\"text-align: justify;\"><span style=\"font-family: times new roman, times, serif; font-size: 14pt;\">Tout y est, non\u00a0?<\/span><\/p>\n<p>&nbsp;<\/p>\n<p>&nbsp;<\/p>\n<p style=\"text-align: justify;\"><span style=\"font-family: times new roman, times, serif; font-size: 14pt;\"><span style=\"font-family: andale mono, monospace;\"><a href=\"http:\/\/blog.lesgrossesorchadeslesamplesthalameges.fr\/index.php\/une-disciple-de-bill-gates-dans-le-gouvernement-russe\/000-logo-petit\/\" rel=\"attachment wp-att-15469\"><img loading=\"lazy\" class=\"alignnone size-full wp-image-15469\" src=\"http:\/\/blog.lesgrossesorchadeslesamplesthalameges.fr\/wp-content\/uploads\/2021\/11\/000.-Logo-petit.jpg\" alt=\"\" width=\"36\" height=\"36\" \/><\/a><span style=\"font-family: times new roman, times, serif; font-size: 12pt;\"><a href=\"https:\/\/twitter.com\/mission_russian\/status\/1039169339000324096\">Russian Mission in Geneva @mission_russian <\/a><\/span><\/span><\/span><\/p>\n<p style=\"text-align: justify;\"><span style=\"font-family: times new roman, times, serif; font-size: 14pt;\"><a href=\"https:\/\/twitter.com\/mission_russian\/status\/1039169339000324096\"><span style=\"font-family: times new roman, times, serif; font-size: 12pt;\">La ministre russe de la Sant\u00e9 @MINZDRAV_RF Veronika #Skvortsova a particip\u00e9 \u00e0 la premi\u00e8re r\u00e9union du Conseil mondial de suivi de la pr\u00e9paration, organis\u00e9 conjointement par l&rsquo;@OMS et la Banque mondiale pour suivre les progr\u00e8s r\u00e9alis\u00e9s en mati\u00e8re de renforcement des capacit\u00e9s de r\u00e9ponse aux crises sanitaires.<\/span><\/a><\/span><\/p>\n<p>&nbsp;<\/p>\n<p style=\"text-align: center;\"><a href=\"http:\/\/blog.lesgrossesorchadeslesamplesthalameges.fr\/index.php\/une-disciple-de-bill-gates-dans-le-gouvernement-russe\/19-geneve\/\" rel=\"attachment wp-att-15470\"><img loading=\"lazy\" class=\"alignnone wp-image-15470 size-full\" src=\"http:\/\/blog.lesgrossesorchadeslesamplesthalameges.fr\/wp-content\/uploads\/2021\/11\/19.-Gen\u00e8ve.jpg\" alt=\"\" width=\"500\" height=\"243\" srcset=\"https:\/\/blog.lesgrossesorchadeslesamplesthalameges.fr\/wp-content\/uploads\/2021\/11\/19.-Gen\u00e8ve.jpg 500w, https:\/\/blog.lesgrossesorchadeslesamplesthalameges.fr\/wp-content\/uploads\/2021\/11\/19.-Gen\u00e8ve-300x146.jpg 300w\" sizes=\"(max-width: 500px) 100vw, 500px\" \/><\/a><\/p>\n<p style=\"text-align: center;\"><span style=\"font-family: times new roman, times, serif; font-size: 14pt;\"><strong><em><a href=\"https:\/\/twitter.com\/mission_russian\/status\/1039169339000324096\"><span style=\"font-size: 12pt;\">17:10 h \u2013 10 Septembre 2018\u00a0 \u2013 Twitter<\/span><\/a><\/em><\/strong><\/span><\/p>\n<p>&nbsp;<\/p>\n<p>&nbsp;<\/p>\n<p>&nbsp;<\/p>\n<p style=\"text-align: justify;\"><span style=\"font-family: times new roman, times, serif; font-size: 14pt;\">Skvortsova est toujours membre du conseil d&rsquo;administration de cet aimable groupe. De m\u00eame d\u2019ailleurs que Fauci.<\/span><\/p>\n<p style=\"text-align: justify;\"><span style=\"font-family: times new roman, times, serif; font-size: 14pt;\">L&rsquo;influence de Gates sur le GPMB est incontestable. Pour commencer, la Fondation Bill &amp; Melinda Gates est l&rsquo;un des principaux m\u00e9c\u00e8nes de l&rsquo;Organisation Mondiale de la Sant\u00e9 ; si l&rsquo;on consid\u00e8re que Gates finance g\u00e9n\u00e9reusement de nombreux contributeurs de l&rsquo;OMS (comme l&rsquo;\u00ab\u00a0alliance pour les vaccins\u00a0\u00bb GAVI), le sympathique criminel monopoliste devenu philanthrope pourrait bien \u00eatre <strong>le<\/strong> <strong>principal bailleur de fonds de l&rsquo;OMS<\/strong>.<\/span><\/p>\n<p>&nbsp;<\/p>\n<p style=\"text-align: justify;\"><span style=\"font-family: times new roman, times, serif; font-size: 14pt;\">Depuis mars 2020 :<\/span><\/p>\n<p style=\"text-align: justify;\"><span style=\"font-family: times new roman, times, serif; font-size: 14pt;\">Dans une d\u00e9claration \u00e0 <em>USA TODAY<\/em>, la Fondation Bill et Melinda Gates a cit\u00e9 plusieurs partenariats et contributions \u00e0 la pr\u00e9paration \u00e0 la pand\u00e9mie, qu&rsquo;elle a multipli\u00e9s depuis l&rsquo;\u00e9pid\u00e9mie d&rsquo;Ebola de 2014-15.<\/span><\/p>\n<p style=\"text-align: justify;\"><span style=\"font-family: times new roman, times, serif; font-size: 14pt;\">Parmi eux, la fondation a d\u00e9clar\u00e9 avoir \u00ab\u00a0soutenu les efforts visant \u00e0 apporter plus de coordination et de transparence \u00e0 la collaboration internationale en mati\u00e8re de pr\u00e9paration \u00e0 la pand\u00e9mie par le biais d&rsquo;autres plateformes, notamment le Global Preparedness Monitoring Board <em>[\u00ab\u00a0Conseil de surveillance de la pr\u00e9paration mondiale\u00a0\u00bb]<\/em> (GPMB) et le Center for Health Security <em>[\u00ab\u00a0Centre pour la s\u00e9curit\u00e9 sanitaire\u00a0\u00bb]<\/em> de l&rsquo;universit\u00e9 Johns Hopkins&#8230;\u00a0\u00bb.<\/span><\/p>\n<p>&nbsp;<\/p>\n<p>&nbsp;<\/p>\n<p>&nbsp;<\/p>\n<p style=\"text-align: center;\"><a href=\"http:\/\/blog.lesgrossesorchadeslesamplesthalameges.fr\/index.php\/une-disciple-de-bill-gates-dans-le-gouvernement-russe\/20-gates-preparation\/\" rel=\"attachment wp-att-15471\"><img loading=\"lazy\" class=\"alignnone wp-image-15471 size-full\" src=\"http:\/\/blog.lesgrossesorchadeslesamplesthalameges.fr\/wp-content\/uploads\/2021\/11\/20.-Gates-pr\u00e9paration.png\" alt=\"\" width=\"600\" height=\"377\" srcset=\"https:\/\/blog.lesgrossesorchadeslesamplesthalameges.fr\/wp-content\/uploads\/2021\/11\/20.-Gates-pr\u00e9paration.png 600w, https:\/\/blog.lesgrossesorchadeslesamplesthalameges.fr\/wp-content\/uploads\/2021\/11\/20.-Gates-pr\u00e9paration-300x189.png 300w\" sizes=\"(max-width: 600px) 100vw, 600px\" \/><\/a><\/p>\n<p>&nbsp;<\/p>\n<p>&nbsp;<\/p>\n<p>&nbsp;<\/p>\n<p style=\"text-align: justify;\"><span style=\"font-family: times new roman, times, serif; font-size: 14pt;\">Bill Gates finance le GPMB ainsi que les \u00e9tudes command\u00e9es par le GPMB, pour s&rsquo;assurer que le GPMB suive bien toujours la science.<\/span><\/p>\n<p style=\"text-align: justify;\"><span style=\"font-family: times new roman, times, serif; font-size: 14pt;\">Mais outre les g\u00e9n\u00e9reuses injections d&rsquo;argent, l&rsquo;un des propres employ\u00e9s de Gates, le Dr Chris Elias, pr\u00e9sident du Programme de d\u00e9veloppement mondial Bill et Melinda Gates, <u>si\u00e8ge au conseil d&rsquo;administration du<\/u><em> GPMB<\/em> aux c\u00f4t\u00e9s de Skvortsova et de Fauci.<\/span><\/p>\n<p>&nbsp;<\/p>\n<p>&nbsp;<\/p>\n<p>&nbsp;<\/p>\n<p style=\"text-align: center;\"><a href=\"http:\/\/blog.lesgrossesorchadeslesamplesthalameges.fr\/index.php\/une-disciple-de-bill-gates-dans-le-gouvernement-russe\/21-le-pdf-de-fauci\/\" rel=\"attachment wp-att-15472\"><img loading=\"lazy\" class=\"alignnone wp-image-15472 size-full\" src=\"http:\/\/blog.lesgrossesorchadeslesamplesthalameges.fr\/wp-content\/uploads\/2021\/11\/21.-le-pdf-de-Fauci.jpg\" alt=\"\" width=\"600\" height=\"655\" srcset=\"https:\/\/blog.lesgrossesorchadeslesamplesthalameges.fr\/wp-content\/uploads\/2021\/11\/21.-le-pdf-de-Fauci.jpg 600w, https:\/\/blog.lesgrossesorchadeslesamplesthalameges.fr\/wp-content\/uploads\/2021\/11\/21.-le-pdf-de-Fauci-275x300.jpg 275w\" sizes=\"(max-width: 600px) 100vw, 600px\" \/><\/a><\/p>\n<p style=\"text-align: center;\"><span style=\"font-family: times new roman, times, serif; font-size: 12pt;\"><strong><em>Quand vous partagez un .pdf avec Fauci, vous savez que vous avez r\u00e9ussi !<\/em><\/strong><\/span><\/p>\n<p style=\"text-align: justify;\"><span style=\"font-family: times new roman, times, serif; font-size: 14pt;\"><strong><em>\u00a0<\/em><\/strong><\/span><\/p>\n<p style=\"text-align: justify;\"><span style=\"font-family: times new roman, times, serif; font-size: 14pt;\"><strong><em>\u00a0<\/em><\/strong><\/span><\/p>\n<p style=\"text-align: justify;\"><span style=\"font-family: times new roman, times, serif; font-size: 14pt;\"><strong><span style=\"font-size: 18pt;\">Mais qui est cette disciple russe de Bill Gates ?<\/span> <\/strong><\/span><\/p>\n<p style=\"text-align: justify;\"><span style=\"font-family: times new roman, times, serif; font-size: 14pt;\">Veronika Skvortsova est surtout connue pour <u>s\u2019\u00eatre servie de statistiques sanitaires truqu\u00e9es<\/u> dans le but d\u2019\u00e9liminer les maladies cardiaques de Russie \u2013 on peut dire qu\u2019elle est \u00e0 l&rsquo;avant-garde de la sant\u00e9 mondiale.<\/span><\/p>\n<p style=\"text-align: justify;\"><span style=\"font-family: times new roman, times, serif; font-size: 14pt;\">Elle a \u00e9galement <u>colport\u00e9 avec profit<\/u> le vaccin contre le virus Ebola du centre Gamaleya, qui s&rsquo;\u00e9tait av\u00e9r\u00e9 \u00eatre une bouillie extr\u00eamement peu fiable et <u>dont personne ne voulait<\/u>. Sans se d\u00e9courager, Gamaleya a continu\u00e9 de faire <u>de grandes choses<\/u> !<\/span><\/p>\n<p style=\"text-align: justify;\"><span style=\"font-family: times new roman, times, serif; font-size: 14pt;\">Skvortsova a d\u00e9missionn\u00e9 de son poste \u00e0 la t\u00eate du minist\u00e8re russe de la Sant\u00e9 en janvier 2020, dans le cadre d&rsquo;un vaste remaniement du gouvernement, <strong>mais elle a \u00e9t\u00e9 imm\u00e9diatement r\u00e9affect\u00e9e \u00e0 la t\u00eate de l&rsquo;agence biom\u00e9dicale f\u00e9d\u00e9rale de Russie<\/strong>. Elle a jou\u00e9 un r\u00f4le de premier plan dans la r\u00e9action de la Russie au COVID et a m\u00eame produit <u>de nombreux tableaux et graphiques fantaisistes<\/u> cens\u00e9s montrer que la Russie \u00e9tait soudainement submerg\u00e9e par la souche Delta extr\u00eamement contagieuse, n\u00e9cessitant bien s\u00fbr une vaccination obligatoire.<\/span><\/p>\n<p style=\"text-align: justify;\"><span style=\"font-family: times new roman, times, serif; font-size: 14pt;\">Il y a beaucoup d&rsquo;autres choses encore. Cette femme est une tr\u00e8s mauvaise nouvelle ! On en reparlera bient\u00f4t.<\/span><\/p>\n<p style=\"text-align: justify;\"><span style=\"font-family: times new roman, times, serif; font-size: 14pt;\"><strong>Les gens commencent-ils \u00e0 comprendre ce qui se passe ? Nous l&rsquo;esp\u00e9rons.<\/strong><\/span><\/p>\n<p style=\"text-align: justify;\"><span style=\"font-family: times new roman, times, serif; font-size: 14pt;\"><strong>\u00a0<\/strong><\/span><\/p>\n<p style=\"text-align: justify;\"><span style=\"font-family: times new roman, times, serif; font-size: 14pt;\"><strong>\u00a0<\/strong><\/span><\/p>\n<p style=\"text-align: center;\"><span style=\"font-family: times new roman, times, serif; font-size: 14pt;\"><strong>\u00a0<a href=\"http:\/\/blog.lesgrossesorchadeslesamplesthalameges.fr\/index.php\/2021\/11\/24\/timeo-danaos\/000-dangerous-times-4\/\" rel=\"attachment wp-att-15416\"><img loading=\"lazy\" class=\"alignnone size-full wp-image-15416\" src=\"http:\/\/blog.lesgrossesorchadeslesamplesthalameges.fr\/wp-content\/uploads\/2021\/11\/000.-dangerous-times.gif\" alt=\"\" width=\"70\" height=\"63\" \/><\/a><\/strong><\/span><\/p>\n<p style=\"text-align: justify;\"><span style=\"font-family: times new roman, times, serif; font-size: 14pt;\"><strong>\u00a0<\/strong><\/span><\/p>\n<p style=\"text-align: justify;\"><span style=\"font-family: times new roman, times, serif; font-size: 14pt;\"><strong>\u00a0<\/strong><\/span><\/p>\n<p style=\"text-align: center;\"><span style=\"font-family: times new roman, times, serif; font-size: 18pt;\"><strong>V\u00eapres\u00a0 de Rachmaninov &#8211; 12 Grande doxologie (chant Znamenny)<\/strong><\/span><\/p>\n<p style=\"text-align: center;\"><span style=\"font-family: times new roman, times, serif; font-size: 14pt;\"><strong>\u00a0<\/strong><\/span><\/p>\n<p style=\"text-align: center;\"><span style=\"font-family: times new roman, times, serif; font-size: 14pt;\"><strong>Ch\u0153ur de chambre du minist\u00e8re de la Culture de l&rsquo;URSS <\/strong><\/span><\/p>\n<p style=\"text-align: center;\"><span style=\"font-family: times new roman, times, serif; font-size: 14pt;\"><strong>\u00a0Chef d&rsquo;orchestre : Valeri Polyansky \u2013<\/strong> <strong>Enregistrement 1986 Smolensk, cath\u00e9drale de la Dormition de la Theotokos<\/strong><\/span><\/p>\n<p style=\"text-align: justify;\"><span style=\"font-family: times new roman, times, serif; font-size: 14pt;\"><strong>\u00a0<\/strong><\/span><\/p>\n<p>&nbsp;<\/p>\n<p style=\"text-align: center;\"><iframe loading=\"lazy\" title=\"YouTube video player\" src=\"\/\/www.youtube.com\/embed\/aU5A_5hVbdM\" width=\"640\" height=\"360\" frameborder=\"0\" allowfullscreen=\"allowfullscreen\"><\/iframe><\/p>\n<p>&nbsp;<\/p>\n<p style=\"text-align: justify;\"><span style=\"font-family: times new roman, times, serif; font-size: 14pt;\"><strong>\u00a0<\/strong><\/span><\/p>\n<p style=\"text-align: justify;\"><span style=\"font-family: times new roman, times, serif; font-size: 14pt;\">Source\u00a0: <a href=\"https:\/\/anti-empire.com\/a-bill-gates-disciple-in-the-russian-government\/\">https:\/\/anti-empire.com\/a-bill-gates-disciple-in-the-russian-government\/<\/a><\/span><\/p>\n<p style=\"text-align: justify;\"><span style=\"font-family: times new roman, times, serif; font-size: 14pt;\">Source\u00a0: <a href=\"https:\/\/edwardslavsquat.substack.com\/p\/a-bill-gates-disciple-in-the-russian\">https:\/\/edwardslavsquat.substack.com\/p\/a-bill-gates-disciple-in-the-russian<\/a><\/span><\/p>\n<p>&nbsp;<\/p>\n<p style=\"text-align: left;\"><span style=\"font-family: times new roman, times, serif; font-size: 14pt;\"><strong>URL de cet article\u00a0: <\/strong><a href=\"http:\/\/blog.lesgrossesorchadeslesamplesthalameges.fr\/index.php\/une-disciple-de-bill-gates-dans-le-gouvernement-russe\/\">http:\/\/blog.lesgrossesorchadeslesamplesthalameges.fr\/index.php\/une-disciple-de-bill-gates-dans-le-gouvernement-russe\/<\/a><strong><br \/>\n<\/strong><\/span><\/p>\n<p>&nbsp;<\/p>\n<p>&nbsp;<\/p>\n<p style=\"text-align: right;\"><span style=\"font-family: comic sans ms, sans-serif; font-size: 14pt;\">24 novembre 2021<\/span><\/p>\n<p>&nbsp;<\/p>\n<p>&nbsp;<\/p>\n","protected":false},"excerpt":{"rendered":"<p>&nbsp; &nbsp; &nbsp; &nbsp; &nbsp; &nbsp; &nbsp; Une disciple de Bill Gates dans le gouvernement russe &nbsp; &nbsp; Edward Slavsquat \u2013 Anti-Empire\u00a0 \u2013 22.11.2021 &nbsp; Traduction : c.l. pour L.G.O. &nbsp; &nbsp; &nbsp; Veronika Skvortsova a jou\u00e9 un r\u00f4le cl\u00e9 dans la r\u00e9action russe au COVID. Par co\u00efncidence, elle fait partie d&rsquo;un comit\u00e9 de \u00ab\u00a0pr\u00e9paration&#8230;<\/p>\n","protected":false},"author":1,"featured_media":0,"parent":0,"menu_order":0,"comment_status":"open","ping_status":"open","template":"","meta":[],"_links":{"self":[{"href":"https:\/\/blog.lesgrossesorchadeslesamplesthalameges.fr\/index.php\/wp-json\/wp\/v2\/pages\/15466"}],"collection":[{"href":"https:\/\/blog.lesgrossesorchadeslesamplesthalameges.fr\/index.php\/wp-json\/wp\/v2\/pages"}],"about":[{"href":"https:\/\/blog.lesgrossesorchadeslesamplesthalameges.fr\/index.php\/wp-json\/wp\/v2\/types\/page"}],"author":[{"embeddable":true,"href":"https:\/\/blog.lesgrossesorchadeslesamplesthalameges.fr\/index.php\/wp-json\/wp\/v2\/users\/1"}],"replies":[{"embeddable":true,"href":"https:\/\/blog.lesgrossesorchadeslesamplesthalameges.fr\/index.php\/wp-json\/wp\/v2\/comments?post=15466"}],"version-history":[{"count":17,"href":"https:\/\/blog.lesgrossesorchadeslesamplesthalameges.fr\/index.php\/wp-json\/wp\/v2\/pages\/15466\/revisions"}],"predecessor-version":[{"id":15515,"href":"https:\/\/blog.lesgrossesorchadeslesamplesthalameges.fr\/index.php\/wp-json\/wp\/v2\/pages\/15466\/revisions\/15515"}],"wp:attachment":[{"href":"https:\/\/blog.lesgrossesorchadeslesamplesthalameges.fr\/index.php\/wp-json\/wp\/v2\/media?parent=15466"}],"curies":[{"name":"wp","href":"https:\/\/api.w.org\/{rel}","templated":true}]}}