{"id":15501,"date":"2021-11-24T19:32:03","date_gmt":"2021-11-24T18:32:03","guid":{"rendered":"http:\/\/blog.lesgrossesorchadeslesamplesthalameges.fr\/?page_id=15501"},"modified":"2021-11-24T19:33:19","modified_gmt":"2021-11-24T18:33:19","slug":"messieurs-je-ne-vous-salue-pas","status":"publish","type":"page","link":"https:\/\/blog.lesgrossesorchadeslesamplesthalameges.fr\/index.php\/messieurs-je-ne-vous-salue-pas\/","title":{"rendered":"Messieurs, je ne vous salue pas&#8230;"},"content":{"rendered":"<p>&nbsp;<\/p>\n<p>&nbsp;<\/p>\n<p>&nbsp;<\/p>\n<p>&nbsp;<\/p>\n<p>&nbsp;<\/p>\n<p>&nbsp;<\/p>\n<p>&nbsp;<\/p>\n<p>&nbsp;<\/p>\n<p style=\"text-align: center;\"><span style=\"font-size: 36pt; font-family: times new roman, times, serif;\"><strong>\u00ab\u00a0Messieurs, je ne vous salue pas car un militaire ne salue jamais des criminels\u00a0\u00bb. Colonel Jacques Amiot<\/strong><\/span><\/p>\n<p style=\"text-align: center;\"><span style=\"font-size: 36pt; font-family: times new roman, times, serif;\"><strong>\u00a0<\/strong><\/span><\/p>\n<p style=\"text-align: center;\"><span style=\"font-size: 14pt; font-family: times new roman, times, serif;\"><strong>\u00a0<a href=\"http:\/\/blog.lesgrossesorchadeslesamplesthalameges.fr\/index.php\/2021\/11\/24\/timeo-danaos\/9-amiot\/\" rel=\"attachment wp-att-15427\"><img loading=\"lazy\" class=\"alignnone size-medium wp-image-15427\" src=\"http:\/\/blog.lesgrossesorchadeslesamplesthalameges.fr\/wp-content\/uploads\/2021\/11\/9.-Amiot-300x300.jpg\" alt=\"\" width=\"300\" height=\"300\" srcset=\"https:\/\/blog.lesgrossesorchadeslesamplesthalameges.fr\/wp-content\/uploads\/2021\/11\/9.-Amiot-300x300.jpg 300w, https:\/\/blog.lesgrossesorchadeslesamplesthalameges.fr\/wp-content\/uploads\/2021\/11\/9.-Amiot-150x150.jpg 150w, https:\/\/blog.lesgrossesorchadeslesamplesthalameges.fr\/wp-content\/uploads\/2021\/11\/9.-Amiot.jpg 400w\" sizes=\"(max-width: 300px) 100vw, 300px\" \/><\/a><\/strong><\/span><\/p>\n<p>&nbsp;<\/p>\n<p style=\"text-align: center;\"><span style=\"font-size: 14pt; font-family: times new roman, times, serif;\"><strong><em>Un colonel en gilet jaune, \u00e7a ne se voit pas tous les jours<\/em><br \/>\n<\/strong><\/span><\/p>\n<p>&nbsp;<\/p>\n<p style=\"text-align: center;\"><span style=\"font-size: 14pt; font-family: times new roman, times, serif;\"><strong>\u00a0<a href=\"http:\/\/blog.lesgrossesorchadeslesamplesthalameges.fr\/index.php\/2021\/11\/24\/timeo-danaos\/000-freccia-nera-piccola-xx-33\/\" rel=\"attachment wp-att-15422\"><img loading=\"lazy\" class=\"alignnone size-full wp-image-15422\" src=\"http:\/\/blog.lesgrossesorchadeslesamplesthalameges.fr\/wp-content\/uploads\/2021\/11\/000.-freccia-nera-piccola-xx.gif\" alt=\"\" width=\"46\" height=\"46\" \/><\/a><\/strong><\/span><\/p>\n<p style=\"text-align: center;\"><span style=\"font-size: 14pt; font-family: times new roman, times, serif;\"><a href=\"https:\/\/qactus.fr\/2021\/11\/13\/jean-bernard-fourtillan-encore-emprisonne-persecution-de-la-ripoublique-au-service-de-big-pharma\/\"><strong>https:\/\/qactus.fr\/2021\/11\/13\/jean-bernard-fourtillan-encore-emprisonne-persecution-de-la-ripoublique-au-service-de-big-pharma\/<\/strong><\/a><\/span><\/p>\n<p>&nbsp;<\/p>\n<p>&nbsp;<\/p>\n<p><span style=\"font-size: 14pt; font-family: times new roman, times, serif;\">Besan\u00e7on le 28 juillet 2021<\/span><\/p>\n<p style=\"text-align: justify;\"><span style=\"font-size: 14pt; font-family: times new roman, times, serif;\">Monsieur le Pr\u00e9sident de la R\u00e9publique,<\/span><br \/>\n<span style=\"font-size: 14pt; font-family: times new roman, times, serif;\">Monsieur le Premier Ministre,<\/span><br \/>\n<span style=\"font-size: 14pt; font-family: times new roman, times, serif;\">Monsieur le ministre de la Sant\u00e9,<\/span><\/p>\n<p style=\"text-align: justify;\"><span style=\"font-size: 14pt; font-family: times new roman, times, serif;\">Quoi qu\u2019il puisse m\u2019en co\u00fbter je n\u2019h\u00e9site pas \u00e0 affirmer que vous \u00eates des criminels et j\u2019associe \u00e0 cette accusation tous ceux qui vous soutiennent dans votre funeste besogne : certains \u00e9lus, journalistes, (je ne g\u00e9n\u00e9ralise pas).<\/span><\/p>\n<p style=\"text-align: justify;\"><span style=\"font-size: 14pt; font-family: times new roman, times, serif;\">Vos premiers crimes remontent au d\u00e9but de 2020 quand, par d\u00e9cret, vous avez refus\u00e9 aux m\u00e9decins g\u00e9n\u00e9ralistes la possibilit\u00e9 de soigner leurs patients sous des pr\u00e9textes fallacieux. Depuis cette \u00e9poque vous avez des dizaines de milliers de morts sur la conscience, car beaucoup de nos concitoyens auraient pu \u00eatre trait\u00e9s et sauv\u00e9s.<\/span><\/p>\n<p style=\"text-align: justify;\"><span style=\"font-size: 14pt; font-family: times new roman, times, serif;\">Je vous d\u00e9fie de me prouver le contraire, car, partout dans le monde, des m\u00e9dicaments ont prouv\u00e9 leur efficacit\u00e9. D\u00e9but 2020 on a aussi d\u00e9couvert que la Chloroquine, largement utilis\u00e9e depuis plus de 70 ans, notamment en Afrique, \u00e9tait myst\u00e9rieusement devenue un produit dangereux.<\/span><\/p>\n<p style=\"text-align: justify;\"><span style=\"font-size: 14pt; font-family: times new roman, times, serif;\">Le seul but de cette d\u00e9cision totalement illogique et condamnable a \u00e9t\u00e9 de pouvoir imposer un \u00ab vaccin \u00bb en tentant de justifier qu\u2019il n\u2019y avait pas d\u2019autres solutions.<\/span><\/p>\n<p style=\"text-align: justify;\"><span style=\"font-size: 14pt; font-family: times new roman, times, serif;\">La v\u00e9rit\u00e9 finira par \u00e9clater ; vous ne pourrez pas encore la cacher bien longtemps.<\/span><\/p>\n<p style=\"text-align: justify;\"><span style=\"font-size: 14pt; font-family: times new roman, times, serif;\">Depuis plus d\u2019un an le g\u00e9n\u00e9ral Delawarde fait des recherches minutieuses et publie des analyses approfondies par lesquelles il a d\u00e9montr\u00e9 que les pays qui pratiquent les traitements pr\u00e9coces ont proportionnellement beaucoup moins de d\u00e9c\u00e8s que la France ; bien tardivement l\u2019Institut Pasteur vient d\u2019ailleurs de confirmer l\u2019int\u00e9r\u00eat de l\u2019Ivermectine. Le g\u00e9n\u00e9ral a \u00e9galement d\u00e9montr\u00e9 que la \u00ab\u00a0pand\u00e9mie \u00bb \u00e9tait tr\u00e8s largement surfaite et qu\u2019elle pouvait \u00eatre g\u00e9r\u00e9e de mani\u00e8re beaucoup moins destructrice. D\u2019autres maladies sont beaucoup plus meurtri\u00e8res mais on en parle tr\u00e8s peu.<\/span><\/p>\n<p style=\"text-align: justify;\"><span style=\"font-size: 14pt; font-family: times new roman, times, serif;\">Vous \u00eates des criminels car, toujours en raison de ce refus de soins, les h\u00f4pitaux ont \u00e9t\u00e9 engorg\u00e9s, des op\u00e9rations et des soins urgents ont \u00e9t\u00e9 repouss\u00e9s avec pour cons\u00e9quences de nombreux d\u00e9c\u00e8s ; sans parler de \u00ab l\u2019assassinat \u00bb de personnes \u00e2g\u00e9es par le Rivotril par manque de moyens en raison de votre incurie.<\/span><\/p>\n<p style=\"text-align: justify;\"><span style=\"font-size: 14pt; font-family: times new roman, times, serif;\">Vous \u00eates des criminels car, toujours pour cette raison, vous avez provoqu\u00e9 l\u2019effondrement de l\u2019\u00e9conomie avec pour cons\u00e9quence un ch\u00f4mage de masse, des suicides\u2026<\/span><\/p>\n<p style=\"text-align: justify;\"><span style=\"font-size: 14pt; font-family: times new roman, times, serif;\">Messieurs de l\u2019Ex\u00e9cutif je ne suis pas anti vaccin ; depuis des ann\u00e9es, avec mon \u00e9pouse, nous nous faisons vacciner contre la grippe et je ne critique pas ceux qui se font \u00ab vacciner \u00bb car c\u2019est leur choix qui, souvent, a \u00e9t\u00e9 largement provoqu\u00e9 par la propagande de m\u00e9dias aux ordres.<\/span><\/p>\n<p style=\"text-align: justify;\"><span style=\"font-size: 14pt; font-family: times new roman, times, serif;\">Il ne faut pas s\u2019\u00e9tonner de cette attitude de nombreux m\u00e9dias car beaucoup sont la propri\u00e9t\u00e9 de ceux qui vous ont propuls\u00e9 au pouvoir par effraction, avec l\u2019aide efficace de la justice, qui a bien opportun\u00e9ment disqualifi\u00e9 monsieur Fillon.<\/span><\/p>\n<p style=\"text-align: justify;\"><span style=\"font-size: 14pt; font-family: times new roman, times, serif;\">Il est par contre monstrueux de vouloir injecter de force aux Fran\u00e7ais des produits qui toujours en cours d\u2019exp\u00e9rimentation et dont on ne connait absolument pas les effets, notamment \u00e0 moyen-long terme. Les Fran\u00e7ais, \u00e0 vos yeux, ne sont rien d\u2019autres que des cobayes soumis au bon vouloir de puissants laboratoires pharmaceutiques.<\/span><\/p>\n<p style=\"text-align: justify;\"><span style=\"font-size: 14pt; font-family: times new roman, times, serif;\">Manifestement vous accomplissez scrupuleusement la feuille de route pr\u00e9vue depuis longtemps par les mondialistes dont le seul souci est d\u2019imposer un \u00ab\u00a0vaccin \u00bb afin d\u2019engranger des milliards de dollars.<\/span><\/p>\n<p style=\"text-align: justify;\"><span style=\"font-size: 14pt; font-family: times new roman, times, serif;\">Pour imposer cette feuille de route vous avez constamment menti aux Fran\u00e7ais et gouvern\u00e9 par la peur, des cas, des hospitalisions, des d\u00e9c\u00e8s largement sur\u00e9valu\u00e9s.<\/span><\/p>\n<p style=\"text-align: justify;\"><span style=\"font-size: 14pt; font-family: times new roman, times, serif;\">Les mesures que vous avez d\u00e9cid\u00e9es le 12 juillet sont le fruit de l\u2019imagination de psychopathes tyranniques. Nous faisons partie des cinq pays du monde \u00e0 \u00eatre entr\u00e9s dans une tyrannie plus que draconienne. <\/span><\/p>\n<p style=\"text-align: justify;\"><span style=\"font-size: 14pt; font-family: times new roman, times, serif;\">Qu\u2019est devenue la patrie des droits de l\u2019homme ?<\/span><\/p>\n<p style=\"text-align: justify;\"><span style=\"font-size: 14pt; font-family: times new roman, times, serif;\">Par plusieurs lectures j\u2019ai compris que pour imposer une gouvernance mondiale les mondialistes devaient pr\u00e9alablement \u00e9liminer les nations souveraines ; j\u2019avais encore un l\u00e9ger doute mais je n\u2019en ai plus.<\/span><\/p>\n<p style=\"text-align: justify;\"><span style=\"font-size: 14pt; font-family: times new roman, times, serif;\">Messieurs Klaus Schwab, Jacques Attali, Georges Soros, Bill Gates, Anthony Fauci, et beaucoup d\u2019autres ne s\u2019en cachent pas ; pour s\u2019en convaincre il suffit de retrouver les d\u00e9clarations et \u00e9crits de ces oligarques qui se prennent d\u00e9j\u00e0 pour les ma\u00eetres du monde.<\/span><\/p>\n<p style=\"text-align: justify;\"><span style=\"font-size: 14pt; font-family: times new roman, times, serif;\">Avec eux vous participez donc activement \u00e0 la destruction de la France, et actuellement vous nous pr\u00e9parez le coup du variant Delta, certainement pas plus l\u00e9tal que les pr\u00e9c\u00e9dents, de mani\u00e8re \u00e0 soumettre encore un peu plus le peuple.<\/span><\/p>\n<p style=\"text-align: justify;\"><span style=\"font-size: 14pt; font-family: times new roman, times, serif;\">Le Conseil Constitutionnel et le Conseil d\u2019\u00c9tat d\u00e9montrent que l\u2019on ne peut rien attendre d\u2019eux ; ils sont complices.<\/span><\/p>\n<p style=\"text-align: justify;\"><span style=\"font-size: 14pt; font-family: times new roman, times, serif;\">Nous avons bien compris que vous voulez culpabiliser les non \u00ab vaccin\u00e9s \u00bb et, surtout, que votre principal but est de dresser les Fran\u00e7ais les uns contre les autres. J\u2019esp\u00e8re qu\u2019ils auront l\u2019intelligence de ne pas tomber dans ce pi\u00e8ge mal\u00e9fique ; sans quoi tout peut arriver.<\/span><\/p>\n<p style=\"text-align: justify;\"><span style=\"font-size: 14pt; font-family: times new roman, times, serif;\">Pour moi il ne s\u2019agit pas uniquement de libert\u00e9 de choix mais, surtout, de pr\u00e9server mon int\u00e9grit\u00e9 physique et celle de mes proches. Affirmer que les \u00ab\u00a0vaccins \u00bb ne pr\u00e9sentent pas de risques graves rel\u00e8ve de la \u00ab voyance \u00bb et non de la science.<\/span><\/p>\n<p style=\"text-align: justify;\"><span style=\"font-size: 14pt; font-family: times new roman, times, serif;\">\u00c0 vos places je ne serais pas tranquille car l\u2019histoire a montr\u00e9 que les tyrans et leurs collaborateurs finissent en g\u00e9n\u00e9ral tr\u00e8s mal. Je comprends que des Fran\u00e7ais, peut-\u00eatre na\u00effs et cr\u00e9dules pour certains, veuillent devenir d\u00e9put\u00e9s (c\u2019est une bonne place) ; je comprends que des journalistes veuillent pr\u00e9server leur emploi, mais beaucoup devraient se m\u00e9fier de ne pas trop collaborer avec un pouvoir devenu tyrannique car ils risquent d\u2019en payer le prix fort. On surveille, on note.<\/span><\/p>\n<p style=\"text-align: justify;\"><span style=\"font-size: 14pt; font-family: times new roman, times, serif;\">Je ne vous salue pas car un militaire ne salue pas des criminels.<\/span><\/p>\n<p style=\"text-align: justify;\"><span style=\"font-size: 14pt; font-family: times new roman, times, serif;\">Colonel Jacques Amiot<\/span><\/p>\n<p>&nbsp;<\/p>\n<p><span style=\"font-size: 14pt; font-family: times new roman, times, serif;\">Source\u00a0: <a href=\"https:\/\/plumenclume.org\/blog\/766-lettre-ouverte-du-colonel-jacques-amiot\">https:\/\/plumenclume.org\/blog\/766-lettre-ouverte-du-colonel-jacques-amiot<\/a><\/span><\/p>\n<p>&nbsp;<\/p>\n<p><span style=\"font-size: 14pt; font-family: times new roman, times, serif;\"><strong>\u00a0<\/strong><\/span><\/p>\n<p style=\"text-align: left;\"><span style=\"font-size: 14pt; font-family: times new roman, times, serif;\"><strong>URL de cet article\u00a0: <\/strong><a href=\"http:\/\/blog.lesgrossesorchadeslesamplesthalameges.fr\/index.php\/messieurs-je-ne-vous-salue-pas\/\">http:\/\/blog.lesgrossesorchadeslesamplesthalameges.fr\/index.php\/messieurs-je-ne-vous-salue-pas\/<\/a><strong><br \/>\n<\/strong><\/span><\/p>\n<p><span style=\"font-size: 14pt; font-family: times new roman, times, serif;\"><strong>\u00a0<\/strong><\/span><\/p>\n<p><strong>\u00a0<\/strong><\/p>\n<p style=\"text-align: center;\"><strong>\u00a0<a href=\"http:\/\/blog.lesgrossesorchadeslesamplesthalameges.fr\/index.php\/2021\/11\/24\/timeo-danaos\/000-dangerous-times-4\/\" rel=\"attachment wp-att-15416\"><img loading=\"lazy\" class=\"alignnone size-full wp-image-15416\" src=\"http:\/\/blog.lesgrossesorchadeslesamplesthalameges.fr\/wp-content\/uploads\/2021\/11\/000.-dangerous-times.gif\" alt=\"\" width=\"70\" height=\"63\" \/><\/a><\/strong><\/p>\n<p><strong>\u00a0<\/strong><\/p>\n<p><strong>\u00a0<\/strong><\/p>\n<p><strong>\u00a0<\/strong><\/p>\n<p style=\"text-align: right;\"><span style=\"font-size: 14pt; font-family: comic sans ms, sans-serif;\">24 novembre 2021<\/span><\/p>\n<p>&nbsp;<\/p>\n<p>&nbsp;<\/p>\n","protected":false},"excerpt":{"rendered":"<p>&nbsp; &nbsp; &nbsp; &nbsp; &nbsp; &nbsp; &nbsp; &nbsp; \u00ab\u00a0Messieurs, je ne vous salue pas car un militaire ne salue jamais des criminels\u00a0\u00bb. Colonel Jacques Amiot \u00a0 \u00a0 &nbsp; Un colonel en gilet jaune, \u00e7a ne se voit pas tous les jours &nbsp; \u00a0 https:\/\/qactus.fr\/2021\/11\/13\/jean-bernard-fourtillan-encore-emprisonne-persecution-de-la-ripoublique-au-service-de-big-pharma\/ &nbsp; &nbsp; Besan\u00e7on le 28 juillet 2021 Monsieur le Pr\u00e9sident de&#8230;<\/p>\n","protected":false},"author":1,"featured_media":0,"parent":0,"menu_order":0,"comment_status":"open","ping_status":"open","template":"","meta":[],"_links":{"self":[{"href":"https:\/\/blog.lesgrossesorchadeslesamplesthalameges.fr\/index.php\/wp-json\/wp\/v2\/pages\/15501"}],"collection":[{"href":"https:\/\/blog.lesgrossesorchadeslesamplesthalameges.fr\/index.php\/wp-json\/wp\/v2\/pages"}],"about":[{"href":"https:\/\/blog.lesgrossesorchadeslesamplesthalameges.fr\/index.php\/wp-json\/wp\/v2\/types\/page"}],"author":[{"embeddable":true,"href":"https:\/\/blog.lesgrossesorchadeslesamplesthalameges.fr\/index.php\/wp-json\/wp\/v2\/users\/1"}],"replies":[{"embeddable":true,"href":"https:\/\/blog.lesgrossesorchadeslesamplesthalameges.fr\/index.php\/wp-json\/wp\/v2\/comments?post=15501"}],"version-history":[{"count":9,"href":"https:\/\/blog.lesgrossesorchadeslesamplesthalameges.fr\/index.php\/wp-json\/wp\/v2\/pages\/15501\/revisions"}],"predecessor-version":[{"id":15510,"href":"https:\/\/blog.lesgrossesorchadeslesamplesthalameges.fr\/index.php\/wp-json\/wp\/v2\/pages\/15501\/revisions\/15510"}],"wp:attachment":[{"href":"https:\/\/blog.lesgrossesorchadeslesamplesthalameges.fr\/index.php\/wp-json\/wp\/v2\/media?parent=15501"}],"curies":[{"name":"wp","href":"https:\/\/api.w.org\/{rel}","templated":true}]}}