{"id":157,"date":"2018-10-22T15:38:02","date_gmt":"2018-10-22T13:38:02","guid":{"rendered":"http:\/\/blog.lesgrossesorchadeslesamplesthalameges.fr\/?page_id=157"},"modified":"2018-10-22T19:58:18","modified_gmt":"2018-10-22T17:58:18","slug":"le-meurtre-de-tara-fares","status":"publish","type":"page","link":"https:\/\/blog.lesgrossesorchadeslesamplesthalameges.fr\/index.php\/le-meurtre-de-tara-fares\/","title":{"rendered":"Le meurtre de Tara Fares"},"content":{"rendered":"<h3><span style=\"font-family: times new roman, times, serif; color: #c00000;\"><strong><em>On tue des femmes en Irak. <\/em><\/strong><\/span><span style=\"font-family: times new roman, times, serif; color: #c00000;\"><strong><em>Parce qu\u2019elles sont des femmes\u00a0?<\/em><\/strong><\/span><\/h3>\n<p style=\"text-align: center;\"><span style=\"font-family: times new roman, times, serif; font-size: 36pt;\"><strong>Le meurtre de Tara Fares marque une recrudescence des activit\u00e9s des P2OG-Mossad, pas de \u00ab\u00a0l\u2019extr\u00e9misme\u00a0\u00bb<\/strong><\/span><\/p>\n<p style=\"text-align: center;\"><span style=\"font-size: 18pt; font-family: times new roman, times, serif;\"><strong>Jonathan Azaziah \u2013 <em>FortRuss<\/em> \u2013 17 octobre 2018<\/strong><\/span><\/p>\n<p>&nbsp;<\/p>\n<p><img loading=\"lazy\" class=\"aligncenter wp-image-145\" src=\"http:\/\/blog.lesgrossesorchadeslesamplesthalameges.fr\/wp-content\/uploads\/2018\/10\/Tara-Fares-2-300x190.jpg\" alt=\"\" width=\"450\" height=\"285\" srcset=\"https:\/\/blog.lesgrossesorchadeslesamplesthalameges.fr\/wp-content\/uploads\/2018\/10\/Tara-Fares-2-300x190.jpg 300w, https:\/\/blog.lesgrossesorchadeslesamplesthalameges.fr\/wp-content\/uploads\/2018\/10\/Tara-Fares-2.jpg 412w\" sizes=\"(max-width: 450px) 100vw, 450px\" \/><\/p>\n<p>&nbsp;<\/p>\n<p style=\"text-align: justify;\"><span style=\"font-family: times new roman, times, serif; font-size: 14pt;\">Allons, nous serons francs. Si vous ne savez pas ce qu\u2019est le <a href=\"http:\/\/www.atimes.com\/atimes\/Middle_East\/DK05Ak02.html\"><strong><em>Groupe d\u2019Op\u00e9rations Proactif Pr\u00e9emptif<\/em><\/strong><\/a> (en abr\u00e9g\u00e9 <a href=\"https:\/\/en.wikipedia.org\/wiki\/Proactive,_Preemptive_Operations_Group\">P2OG<\/a>), vous n\u2019avez AUCUN titre \u00e0 vous m\u00ealer de proposer le moindre mot de commentaire sur l\u2019Irak et sur ce qui est en train d\u2019affecter son tissu social. Les meurtres r\u00e9cents de plusieurs irakiennes en vue marquent une recrudescence des activit\u00e9s du P2OG, de concert avec son partenaire, le Mossad de l\u2019entit\u00e9 usurpatrice sioniste, pas de \u00ab\u00a0l\u2019extr\u00e9misme\u00a0\u00bb, comme le diagnostiquent \u00e0 l\u2019envi les m\u00e9dias archi-menteurs, archi-insidieux, archi-juda\u00efs\u00e9s du <em>mainstream<\/em>. La populaire mod\u00e8le irako-libanaise et chr\u00e9tienne Tara Faras, l\u2019esth\u00e9ticienne en vogue Rasha al-Hassan, la chirurgienne esth\u00e9tique Rafeel al-Yassari et la militante f\u00e9ministe bien connue Suad al-Ali ont toutes \u00e9t\u00e9 assassin\u00e9es au cours des deux derniers mois, dans des circonstances excessivement myst\u00e9rieuses.<\/span><\/p>\n<p style=\"text-align: justify;\"><span style=\"font-family: times new roman, times, serif; font-size: 14pt;\">Et voil\u00e0 qu\u2019\u00e0 pr\u00e9sent, Miss Irak 2015 Shimaa Qasim Abdulrahman et <a href=\"https:\/\/www.facebook.com\/deutschewellenews\"><strong><em>l\u2019influenceuse Instagram Israa al-Obaidi<\/em><\/strong><\/a> re\u00e7oivent \u00e0 leur tour des menaces de mort. Abdulrahman pour sa part a dit que les femmes sont en train de se faire \u00ab\u00a0<a href=\"https:\/\/nypost.com\/2018\/10\/02\/former-miss-iraq-receives-death-threats-after-beauty-queens-murder\/\"><strong><em> massacrer comme des poulets<\/em><\/strong><\/a>\u00a0\u00bb. Mais elle, comme la chambre d\u2019\u00e9cho m\u00e9diatique des sionistes, est dans l\u2019hyst\u00e9rie totale. Les femmes, comme les hommes, se font \u00ab\u00a0massacrer comme des poulets\u00a0\u00bb en Irak, depuis que les USA ont envahi leur pays pour le compte du r\u00e9gime ill\u00e9gitime \u00ab\u00a0isra\u00e9lien\u00a0\u00bb, en mars 2003. Massacr\u00e9s sont indiff\u00e9remment les sunnites et les chi\u2019ites, les chr\u00e9tiens et les Ezadis, les Arabes et les Turkm\u00e8nes, les Kurdes et les Assyriens, enfants, vieillards et handicap\u00e9s inclus. Tous les milieux, de tout l\u2019Irak, ont \u00e9t\u00e9 et continuent d\u2019\u00eatre \u00ab\u00a0massacr\u00e9s comme des poulets\u00a0\u00bb, et ce sont toujours les m\u00eames mains qui r\u00e9pandent notre sang. Les mises \u00e0 mort des personnalit\u00e9s f\u00e9minines cit\u00e9es ci-dessus n\u2019y font pas exception.<\/span><\/p>\n<p style=\"text-align: justify;\"><span style=\"font-family: times new roman, times, serif; font-size: 14pt;\">Malgr\u00e9 quoi les lib\u00e9raux, les \u00ab\u00a0f\u00e9ministes\u00a0\u00bb et les medias saoudiens, qataris et \u00e9mirati (ces parangons de d\u00e9fense des droits des femmes), d\u00e9noncent \u00e0 qui mieux mieux, l\u2019\u00e9cume aux l\u00e8vres, \u00ab\u00a0l\u2019extr\u00e9misme chi\u2019ite\u00a0\u00bb et bien s\u00fbr \u00ab\u00a0l\u2019islamisme khomeiniste\u00a0\u00bb, sans oublier \u00ab\u00a0la soci\u00e9t\u00e9 irakienne meurtri\u00e8rement conservatrice\u00a0\u00bb, depuis que la nouvelle de l\u2019ex\u00e9cution par balles de Tara Faras dans sa Porsche fait le buzz sur les r\u00e9seaux sociaux. La haine putride et path\u00e9tique jet\u00e9e apr\u00e8s sa mort \u00e0 la t\u00eate de l\u2019influenceuse des m\u00e9dias sociaux par un quarteron de sombres brutes, tant en ligne qu\u2019\u00e0 la TV irakienne, n\u2019ont rien fait pour dissiper cette fable. Mais ne vous y trompez pas\u00a0: cette fable en est bien une. Et un fait g\u00eanant s\u2019ajoute \u00e0 cette analyse\u00a0: m\u00eame si un \u00ab\u00a0groupe extr\u00e9miste\u00a0\u00bb s\u2019av\u00e8re mat\u00e9riellement coupable de l\u2019assassinat de chacune de ces femmes, en particulier de celui de Tara Faras, <a href=\"http:\/\/www.kurdistan24.net\/en\/news\/b632859d-8678-471a-9be8-bc90aca35605\"><strong><em>comme l\u2019a d\u00e9clar\u00e9 il y a quelques jours le ministre de l\u2019Int\u00e9rieur irakien Qassem al-Araji<\/em><\/strong><\/a>, tout n\u2019aura pas \u00e9t\u00e9 dit. Ce qui nous ram\u00e8ne l\u00e0 o\u00f9 nous avons commenc\u00e9\u00a0: au P2OG.<\/span><\/p>\n<p style=\"text-align: justify;\"><span style=\"font-family: times new roman, times, serif; font-size: 14pt;\">Fond\u00e9 par le criminel de guerre juif sioniste William Schneider, alors chef du Comit\u00e9 de D\u00e9fense occulte (<em>Defense Science Board<\/em>) du Pentagone, et supervis\u00e9 par Paul Wolfowitz et Richard Perle, les architectes psychopathes juifs sionistes de l\u2019annihilation de l\u2019Irak, le P2OG infest\u00e9 de n\u00e9ocons est une petite agence \u00e8s faux-drapeaux \u2013 <a href=\"http:\/\/www.historycommons.org\/entity.jsp?entity=william_schneider_jr.\"><strong><em>une petite agence qui dispose de milliards de dollars<\/em><\/strong><\/a>. Elle tue des sunnites et s\u2019arrange pour faire croire qu\u2019ils l\u2019ont \u00e9t\u00e9 par des chi\u2019ites. Elle tue des Kurdes et fait croire que les tueurs sont des Arabes. Et vice versa. Et c\u00e6tera. Elle pose des bombes. Elle sabote. Elle orchestre des kidnappings. Sans oublier sa tactique la plus notoire : le flingage de sang-froid, \u00e0 moto, par des tireurs cagoul\u00e9s. Si vous vouliez jouer aux d\u00e9tectives, vous pourriez rep\u00e9rer ce modus operandi et le suivre \u00e0 la trace depuis la R\u00e9publique Islamique d\u2019Iran, o\u00f9 il a \u00e9t\u00e9 utilis\u00e9 par le Mossad pour assassiner plusieurs scientifiques iraniens du nucl\u00e9aire. Et votre perspicacit\u00e9 vous aurait fait mettre dans le mille, car\u2026 eh, oui\u2026 P2OG travaille main dans la main avec les escadrons de la mort \u00ab\u00a0isra\u00e9liens\u00a0\u00bb, pour maintenir co\u00fbte que co\u00fbte l\u2019Irak dans la tourmente.<\/span><\/p>\n<p style=\"text-align: justify;\"><span style=\"font-family: times new roman, times, serif; font-size: 14pt;\">Un des hauts faits particuli\u00e8rement sanguinaires de cette int\u00e9ressante petite agence est la <a href=\"http:\/\/www.maskofzion.com\/2010\/11\/baghdad-cathedral-massacre-zionist.html\"><strong><em>cr\u00e9ation du groupe terroriste \u00ab\u00a0chi\u2019ite\u2019 connu sous le nom d\u2019arm\u00e9e Zulfiqar<\/em><\/strong><\/a>, qui a tu\u00e9 tant de sunnites en 2005 et 2006, comme, d\u2019ailleurs, des flop\u00e9es de chi\u2019ites \u2013 soit la majorit\u00e9 de la soci\u00e9t\u00e9 irakienne qui s\u2019est battue avec <a href=\"https:\/\/fr.wikipedia.org\/wiki\/Arm%C3%A9e_du_Mahdi\"><strong><em>Jaich al-Madi<\/em><\/strong><\/a> et a rejet\u00e9 l\u2019autorit\u00e9 du r\u00e9gime install\u00e9 par les occupants \u2013 en 2007 et 2008. L\u2019Arm\u00e9e Zulfiqar, comme le P2OG lui-m\u00eame, en d\u00e9pit du changement de la garde entre Bush et Obama, puis entre Obama et Trump, n\u2019a jamais \u00e9t\u00e9 dissoute. Le meurtre impitoyable de Tara Fares et des autres victimes correspond \u00e0 la lettre aux stratag\u00e8mes habituels du P2OG.<\/span><\/p>\n<p style=\"text-align: justify;\"><span style=\"font-family: times new roman, times, serif; font-size: 14pt;\">Des personnalit\u00e9s remarquables. Un point de pression soci\u00e9tal (le genre). Une situation politique critique (en plein milieu d\u2019une \u00e9lection chaudement controvers\u00e9e). Des ex\u00e9cutions en plein jour, avec juste le degr\u00e9 de n\u00e9gligence qui permette d\u2019\u00e9garer les enqu\u00eateurs. Une campagne m\u00e9diatique orchestr\u00e9e instantan\u00e9ment pour camoufler bien \u00e0 fond l\u2019affaire. Le P2OG a press\u00e9 tous les boutons et tir\u00e9 toutes les ficelles qu\u2019il fallait pour atteindre son but. Quel pourrait \u00eatre ce but, demanderez-vous\u00a0? Simple. Les \u00ab\u00a0islamistes chi\u2019ites\u00a0\u00bb, que ha\u00efssent si fort Sion et ses goyim pro-Shabak islamophobes, sont hors-jeu.\u00a0 Les <a href=\"http:\/\/mouqawamahmusic.net\/adel-abdul-mahdis-selection-as-iraqi-pm-is-a-win-for-muqtada-al-sadr-saudi-arabia-and-kurdistan-zion\/\"><strong><em>\u00ab\u00a0centristes\u00a0\u00bb, c. \u00e0 d. la marionnette occidentalo-sioniste Adel Abdul Mahdi al-Mountafiqi<\/em><\/strong><\/a> sont aux commandes. Autrement dit\u00a0: le P2OG a fray\u00e9, \u00e0 coups d\u2019assassinats, la voie \u00e0 un Premier ministre docile.<\/span><\/p>\n<p style=\"text-align: justify;\"><span style=\"font-family: times new roman, times, serif; font-size: 14pt;\">Nous observons par ailleurs que les assassinats de femmes en vue ont commenc\u00e9 au moment o\u00f9 les manifestations de Bassorah \u2013 <a href=\"http:\/\/mouqawamahmusic.net\/chaos-in-basra-saudi-mossad-p2og-nexus-uses-traitor-muqtada-al-sadr-to-sow-sedition-between-iraq-and-iran\/\"><strong><em>autre acte de d\u00e9stabilisation cribl\u00e9 d\u2019empreintes P2OG-Mossad<\/em><\/strong><\/a> \u2013 se calmaient. En v\u00e9rit\u00e9, les deux \u00e9v\u00e9nements sont li\u00e9s de fa\u00e7on tr\u00e8s importante, et alors que les androphobes \u00ab\u00a0je suis une femme, tu m\u2019entends rugir\u00a0?\u00a0\u00bb d\u00e9marrent au quart de tour le doigt sur la g\u00e2chette, nous ne manquons pas de bonnes raisons de dire que nous nous en fichons \u00e9perdument\u00a0: Suad al-Ali \u00e9tait tout sauf innocente. Elle \u00e9tait au centre des manifestations de Bassorah et <a href=\"https:\/\/www.alaraby.co.uk\/english\/news\/2018\/9\/25\/iraqi-activist-who-helped-organise-basra-protests-shot-dead\"><strong><em>coordonnait ses mouvements avec le consul g\u00e9n\u00e9ral US \u00e0 Bassorah, Timmy Davis<\/em><\/strong><\/a>, un <a href=\"https:\/\/iq.usembassy.gov\/our-relationship\/cg-timmy-davis\/\"><strong><em>supp\u00f4t de confiance de la criminelle de guerre Hillary Clinton et ex-officier sup\u00e9rieur de surveillance du Centre d\u2019Op\u00e9rations du D\u00e9partement d\u2019\u00c9tat<\/em><\/strong><\/a>, ce qui signifie selon toutes les formes de la vraisemblance qu\u2019il est de la CIA aussi. Elle faisait donc partie des pions du P2OG et peut tr\u00e8s bien avoir \u00e9t\u00e9 assassin\u00e9e par les Monstres, pour effacer leurs traces en remettant les compteurs \u00e0 z\u00e9ro une fois leur loup Mountafiqi introduit dans la bergerie [Version moyen-orientale de l\u2019affaire <em>Charlie Hebdo<\/em>\u00a0? ndt].<\/span><\/p>\n<p style=\"text-align: justify;\"><span style=\"font-family: times new roman, times, serif; font-size: 14pt;\">Tragique ? Bof ! Pas moins que le meurtre du <a href=\"http:\/\/mouqawamahmusic.net\/dead-or-alive-no-tears-for-us-uk-zionist-intelligence-asset-and-ikhwanji-takfiri-mouthpiece-jamal-khashoggi\/\"><strong><em>pion des services secrets US-UK-sionistes et porte-parole des Ikhwanji-Takfiri Jamal Kashoggi, pr\u00e9tendument assassin\u00e9 par un escadront de la mort saoudien assist\u00e9 des isra\u00e9lo-\u00e9gyptiens.<\/em><\/strong><\/a> Couchez avec des chiens, vous vous l\u00e8verez avec des puces. Couchez avec des juifs et vous resterez couch\u00e9 quand vous aurez \u00e9t\u00e9 truff\u00e9 de balles par les P2OG-Mossad. C\u2019est la nature de ces sales affaires. On pourrait se rappeler aussi que Tara Fares vivait \u00e0 Erbil, capitale du \u00ab\u00a0Kurdistan\u00a0\u00bb, que les Irakiens appellent \u00ab\u00a0Israel al-Asghar\u00a0(Petit Isra\u00ebl)\u00a0\u00bb parce qu\u2019elle regorge d\u2019Isra\u00e9liens. Curieuse r\u00e9sidence, soit dit en passant, pour une chr\u00e9tienne irako-libanaise. Avec pr\u00e8s de 3 millions de \u00ab\u00a0<em>followers<\/em>\u00a0\u00bb sur Instagram, en contact avec les grosses bo\u00eetes de produits de beaut\u00e9 propri\u00e9t\u00e9s de la Juiverie Organis\u00e9e, un regain d\u2019attention de la part des m\u00e9dias et enfin \u00e9tant donn\u00e9s les liens intimes qu\u2019entretient \u00ab\u00a0Isra\u00ebl\u00a0\u00bb avec la ville qu\u2019elle appelait son foyer, nous sommes fond\u00e9s \u00e0 nous poser la question\u00a0: le sachant ou pas, faisait-elle partie du personnel du P2OG et de ses r\u00e9seaux\u00a0? Et l\u2019ont-ils utilis\u00e9e comme agneau sacrificiel, dans leur poursuite de la d\u00e9stabilisation de l\u2019Irak\u00a0? Elle ne serait certainement pas la premi\u00e8re <a href=\"https:\/\/chicago.cbslocal.com\/2018\/06\/14\/iraqi-beauty-queen-criticized-for-visiting-israel\/\"><strong><em>reine de beaut\u00e9 irakienne \u2013<\/em><\/strong> <strong><em>c\u2019est de vous qu\u2019on parle, tra\u00eetre Sarah Idan<\/em><\/strong> <strong><em>\u2013 \u00e0 avoir servi des int\u00e9r\u00eats sionistes<\/em><\/strong><\/a><strong><em>. <\/em><\/strong>Mais, avec le r\u00e9gime corrompu qui r\u00e8gne \u00e0 Bagdad, sans doute ne le saurons-nous jamais.<\/span><\/p>\n<p style=\"text-align: justify;\"><span style=\"font-family: times new roman, times, serif; font-size: 14pt;\">Quoi qu\u2019il en soit, l\u2019impact des meurtres a aid\u00e9 le sionisme mondial \u00e0 continuer sa guerre \u00e0 l\u2019Islam de mani\u00e8re spectaculaire, \u00e0 le d\u00e9peindre comme \u00ab\u00a0arri\u00e9r\u00e9\u00a0\u00bb et \u00ab\u00a0incompatible avec les droits des femmes\u00a0\u00bb, sans oublier de d\u00e9nigrer les Irakiens dans la foul\u00e9e comme \u00ab\u00a0barbares misogynes\u00a0\u00bb \u00e0 la \u00ab\u00a0masculinit\u00e9 fragile\u00a0\u00bb, tout simplement \u00ab\u00a0pas capables de manier\u00a0\u00bb des foules de \u00ab\u00a0nouvelles femmes irakiennes\u00a0\u00bb. Inepte radotage lib\u00e9ral, c\u2019est s\u00fbr. \u00c0 la Soros, m\u00eame\u2026. Mais du fait de l\u2019absence de toute analyse sens\u00e9e d\u00e9masquant les forces malfaisantes qui ha\u00efssent l\u2019Irak et ont fait tout ce qu\u2019elles pouvaient pour renvoyer notre pays \u00e0 l\u2019\u00e2ge de pierre et l\u2019y maintenir depuis des d\u00e9cennies, c\u2019est ce radotage qui prosp\u00e8re. Personne ne b\u00e9n\u00e9ficie de ce que des femmes irakiennes soient prises pour cibles, si ce n\u2019est l\u2019empire, qui veut que l\u2019Irak continue de saigner d\u2019un millier de blessures et ne puisse, ainsi, jamais se reconstruire ni se joindre \u00e0 la lutte contre l\u2019h\u00e9g\u00e9monie sioniste. Oubliez vos \u00e9motions et regardez bien la foule des heureux marchands marqu\u00e9s de l\u2019\u00e9toile \u00e0 six branches en train de vous rire au nez. L\u2019\u00ab\u00a0extr\u00e9misme islamique\u00a0\u00bb n\u2019a pas tu\u00e9 Tara Fares, Rasha al-Hassan, Rafeef al-Yassiri et la <em>proxy<\/em> des Am\u00e9ricains Suad al-Ali. C\u2019est la P2OG-Mossad-connexion qui l\u2019a fait. Ce m\u00eame gang d\u2019\u00ab\u00a0\u00e9lus\u00a0\u00bb qui nous tourmente depuis quinze ans. Combien d\u2019autres femmes (et hommes) d\u2019Irak devront encore \u00eatre assassin\u00e9s, avant que vous vous d\u00e9cidiez \u00e0 voir dans tout ceci le criminel plan Yahviste que c\u2019est\u00a0?<\/span><\/p>\n<p>&nbsp;<\/p>\n<p><span style=\"font-size: 18pt; font-family: times new roman, times, serif; color: #c00000;\"><strong><em>Les autres victimes\u00a0:<\/em><\/strong><\/span><\/p>\n<p style=\"text-align: center;\"><strong><em>\u00a0<img loading=\"lazy\" class=\"aligncenter wp-image-158\" src=\"http:\/\/blog.lesgrossesorchadeslesamplesthalameges.fr\/wp-content\/uploads\/2018\/10\/Rasha-Hassan.jpg\" alt=\"\" width=\"350\" height=\"350\" srcset=\"https:\/\/blog.lesgrossesorchadeslesamplesthalameges.fr\/wp-content\/uploads\/2018\/10\/Rasha-Hassan.jpg 200w, https:\/\/blog.lesgrossesorchadeslesamplesthalameges.fr\/wp-content\/uploads\/2018\/10\/Rasha-Hassan-150x150.jpg 150w\" sizes=\"(max-width: 350px) 100vw, 350px\" \/><\/em><\/strong><\/p>\n<p style=\"text-align: center;\"><span style=\"font-size: 14pt; font-family: times new roman, times, serif;\"><strong><em>Rasha al-Hassan<\/em><\/strong><\/span><\/p>\n<p>&nbsp;<\/p>\n<p><img loading=\"lazy\" class=\"aligncenter wp-image-159\" src=\"http:\/\/blog.lesgrossesorchadeslesamplesthalameges.fr\/wp-content\/uploads\/2018\/10\/Rafeef-al-Yassiri-240x300.jpg\" alt=\"\" width=\"350\" height=\"438\" srcset=\"https:\/\/blog.lesgrossesorchadeslesamplesthalameges.fr\/wp-content\/uploads\/2018\/10\/Rafeef-al-Yassiri-240x300.jpg 240w, https:\/\/blog.lesgrossesorchadeslesamplesthalameges.fr\/wp-content\/uploads\/2018\/10\/Rafeef-al-Yassiri.jpg 256w\" sizes=\"(max-width: 350px) 100vw, 350px\" \/><\/p>\n<p style=\"text-align: center;\"><span style=\"font-family: times new roman, times, serif; font-size: 14pt;\"><strong><em>Dr. Rafeef al-Y<\/em><\/strong><\/span><span style=\"font-family: times new roman, times, serif; font-size: 14pt;\"><strong><em>assiri<\/em><\/strong><\/span><\/p>\n<p>&nbsp;<\/p>\n<p><img loading=\"lazy\" class=\"aligncenter wp-image-160\" src=\"http:\/\/blog.lesgrossesorchadeslesamplesthalameges.fr\/wp-content\/uploads\/2018\/10\/Souad-al-Ali-300x300.jpg\" alt=\"\" width=\"350\" height=\"350\" srcset=\"https:\/\/blog.lesgrossesorchadeslesamplesthalameges.fr\/wp-content\/uploads\/2018\/10\/Souad-al-Ali-300x300.jpg 300w, https:\/\/blog.lesgrossesorchadeslesamplesthalameges.fr\/wp-content\/uploads\/2018\/10\/Souad-al-Ali-150x150.jpg 150w, https:\/\/blog.lesgrossesorchadeslesamplesthalameges.fr\/wp-content\/uploads\/2018\/10\/Souad-al-Ali.jpg 400w\" sizes=\"(max-width: 350px) 100vw, 350px\" \/><\/p>\n<p style=\"text-align: center;\"><span style=\"font-family: times new roman, times, serif; font-size: 14pt;\"><strong><em>Souad al-Ali<\/em><\/strong><\/span><\/p>\n<p>&nbsp;<\/p>\n<p><span style=\"font-size: 18pt; font-family: times new roman, times, serif; color: #c00000;\"><strong><em>Les suivantes ?<\/em><\/strong><\/span><\/p>\n<p>&nbsp;<\/p>\n<p><img loading=\"lazy\" class=\"aligncenter wp-image-161\" src=\"http:\/\/blog.lesgrossesorchadeslesamplesthalameges.fr\/wp-content\/uploads\/2018\/10\/miss-irak-2-225x300.jpg\" alt=\"\" width=\"350\" height=\"466\" srcset=\"https:\/\/blog.lesgrossesorchadeslesamplesthalameges.fr\/wp-content\/uploads\/2018\/10\/miss-irak-2-225x300.jpg 225w, https:\/\/blog.lesgrossesorchadeslesamplesthalameges.fr\/wp-content\/uploads\/2018\/10\/miss-irak-2-768x1023.jpg 768w, https:\/\/blog.lesgrossesorchadeslesamplesthalameges.fr\/wp-content\/uploads\/2018\/10\/miss-irak-2-769x1024.jpg 769w, https:\/\/blog.lesgrossesorchadeslesamplesthalameges.fr\/wp-content\/uploads\/2018\/10\/miss-irak-2.jpg 990w\" sizes=\"(max-width: 350px) 100vw, 350px\" \/><\/p>\n<p style=\"text-align: center;\"><span style=\"font-family: times new roman, times, serif; font-size: 14pt;\"><strong><em>Shimaa Qasim Abdulrahman<\/em><\/strong><\/span><\/p>\n<p>&nbsp;<\/p>\n<p><img loading=\"lazy\" class=\"aligncenter wp-image-162\" src=\"http:\/\/blog.lesgrossesorchadeslesamplesthalameges.fr\/wp-content\/uploads\/2018\/10\/israa-al-Obaidi-300x300.jpg\" alt=\"\" width=\"350\" height=\"350\" srcset=\"https:\/\/blog.lesgrossesorchadeslesamplesthalameges.fr\/wp-content\/uploads\/2018\/10\/israa-al-Obaidi-300x300.jpg 300w, https:\/\/blog.lesgrossesorchadeslesamplesthalameges.fr\/wp-content\/uploads\/2018\/10\/israa-al-Obaidi-150x150.jpg 150w, https:\/\/blog.lesgrossesorchadeslesamplesthalameges.fr\/wp-content\/uploads\/2018\/10\/israa-al-Obaidi-768x768.jpg 768w, https:\/\/blog.lesgrossesorchadeslesamplesthalameges.fr\/wp-content\/uploads\/2018\/10\/israa-al-Obaidi-1024x1024.jpg 1024w, https:\/\/blog.lesgrossesorchadeslesamplesthalameges.fr\/wp-content\/uploads\/2018\/10\/israa-al-Obaidi.jpg 1080w\" sizes=\"(max-width: 350px) 100vw, 350px\" \/><\/p>\n<p style=\"text-align: center;\"><span style=\"font-family: times new roman, times, serif; font-size: 14pt;\"><strong><em>Israa al-Obaidi<\/em><\/strong><\/span><\/p>\n<p>&nbsp;<\/p>\n<p><span style=\"font-family: times new roman, times, serif; font-size: 14pt;\">Source :<\/span> <a href=\"https:\/\/www.fort-russ.com\/2018\/10\/murder-of-tara-fares-reflects-uptick-in-p2og-mossad-activity-not-extremism\/\">https:\/\/www.fort-russ.com\/2018\/10\/murder-of-tara-fares-reflects-uptick-in-p2og-mossad-activity-not-extremism\/<\/a><\/p>\n<p style=\"text-align: right;\"><span style=\"font-family: times new roman, times, serif; font-size: 14pt;\">Traduction\u00a0: c.l. pour Les Grosses Orchades<\/span><\/p>\n<p>&nbsp;<\/p>\n<p><img loading=\"lazy\" class=\"alignnone size-full wp-image-140 aligncenter\" src=\"http:\/\/blog.lesgrossesorchadeslesamplesthalameges.fr\/wp-content\/uploads\/2018\/10\/Paper-boat-sign.gif\" alt=\"\" width=\"67\" height=\"48\" \/><\/p>\n<p>&nbsp;<\/p>\n<p style=\"text-align: left;\"><span style=\"font-family: times new roman, times, serif; font-size: 14pt;\">Url de cet article :\u00a0 <a href=\"http:\/\/blog.lesgrossesorchadeslesamplesthalameges.fr\/?page_id=157&amp;preview=true\">http:\/\/blog.lesgrossesorchadeslesamplesthalameges.fr\/?page_id=157&amp;preview=true<\/a><\/span><\/p>\n<p>&nbsp;<\/p>\n<p>&nbsp;<\/p>\n<p style=\"text-align: right;\"><span style=\"font-family: comic sans ms, sans-serif; font-size: 14pt;\">Mis en ligne le 22 octobre 2018<\/span><\/p>\n","protected":false},"excerpt":{"rendered":"<p>On tue des femmes en Irak. Parce qu\u2019elles sont des femmes\u00a0? Le meurtre de Tara Fares marque une recrudescence des activit\u00e9s des P2OG-Mossad, pas de \u00ab\u00a0l\u2019extr\u00e9misme\u00a0\u00bb Jonathan Azaziah \u2013 FortRuss \u2013 17 octobre 2018 &nbsp; &nbsp; Allons, nous serons francs. Si vous ne savez pas ce qu\u2019est le Groupe d\u2019Op\u00e9rations Proactif Pr\u00e9emptif (en abr\u00e9g\u00e9 P2OG),&#8230;<\/p>\n","protected":false},"author":1,"featured_media":0,"parent":0,"menu_order":0,"comment_status":"open","ping_status":"closed","template":"","meta":[],"_links":{"self":[{"href":"https:\/\/blog.lesgrossesorchadeslesamplesthalameges.fr\/index.php\/wp-json\/wp\/v2\/pages\/157"}],"collection":[{"href":"https:\/\/blog.lesgrossesorchadeslesamplesthalameges.fr\/index.php\/wp-json\/wp\/v2\/pages"}],"about":[{"href":"https:\/\/blog.lesgrossesorchadeslesamplesthalameges.fr\/index.php\/wp-json\/wp\/v2\/types\/page"}],"author":[{"embeddable":true,"href":"https:\/\/blog.lesgrossesorchadeslesamplesthalameges.fr\/index.php\/wp-json\/wp\/v2\/users\/1"}],"replies":[{"embeddable":true,"href":"https:\/\/blog.lesgrossesorchadeslesamplesthalameges.fr\/index.php\/wp-json\/wp\/v2\/comments?post=157"}],"version-history":[{"count":0,"href":"https:\/\/blog.lesgrossesorchadeslesamplesthalameges.fr\/index.php\/wp-json\/wp\/v2\/pages\/157\/revisions"}],"wp:attachment":[{"href":"https:\/\/blog.lesgrossesorchadeslesamplesthalameges.fr\/index.php\/wp-json\/wp\/v2\/media?parent=157"}],"curies":[{"name":"wp","href":"https:\/\/api.w.org\/{rel}","templated":true}]}}