{"id":15743,"date":"2021-12-13T22:48:03","date_gmt":"2021-12-13T21:48:03","guid":{"rendered":"http:\/\/blog.lesgrossesorchadeslesamplesthalameges.fr\/?page_id=15743"},"modified":"2021-12-13T22:49:33","modified_gmt":"2021-12-13T21:49:33","slug":"israel-vise-une-cargaison-darmes-iraniennes-au-port-de-lattaquie","status":"publish","type":"page","link":"https:\/\/blog.lesgrossesorchadeslesamplesthalameges.fr\/index.php\/israel-vise-une-cargaison-darmes-iraniennes-au-port-de-lattaquie\/","title":{"rendered":"Isra\u00ebl vise une cargaison d&rsquo;armes iraniennes au port de Lattaqui\u00e9"},"content":{"rendered":"<p>&nbsp;<\/p>\n<p>&nbsp;<\/p>\n<p>&nbsp;<\/p>\n<p>&nbsp;<\/p>\n<p>&nbsp;<\/p>\n<p>&nbsp;<\/p>\n<p>&nbsp;<\/p>\n<p>&nbsp;<\/p>\n<p style=\"text-align: left;\"><span style=\"color: #c00000;\"><em><strong><span style=\"font-family: times new roman, times, serif; font-size: 18pt;\">Armes iraniennes ou sacs de riz\u00a0?<\/span><\/strong><\/em><\/span><\/p>\n<p>&nbsp;<\/p>\n<p>&nbsp;<\/p>\n<p>&nbsp;<\/p>\n<p style=\"text-align: center;\"><strong><span style=\"font-family: times new roman, times, serif; font-size: 36pt;\">Isra\u00ebl vise une cargaison d&rsquo;armes iraniennes au port de Lattaqui\u00e9 en Syrie<\/span><\/strong><\/p>\n<p style=\"text-align: center;\"><span style=\"font-family: times new roman, times, serif; font-size: 14pt;\"><strong><em>\u00a0<\/em><\/strong><\/span><span style=\"font-family: times new roman, times, serif; font-size: 14pt;\"><strong><em>\u00a0<\/em><\/strong><\/span><\/p>\n<p>&nbsp;<\/p>\n<p style=\"text-align: center;\"><span style=\"font-family: times new roman, times, serif; font-size: 18pt;\"><strong><em>TV5 Monde \u2013 7.12.2021<\/em><\/strong><\/span><\/p>\n<p>&nbsp;<\/p>\n<p style=\"text-align: center;\"><span style=\"font-family: times new roman, times, serif; font-size: 14pt;\"><strong><em>\u00a0<\/em><\/strong><\/span><\/p>\n<p>&nbsp;<\/p>\n<p style=\"text-align: center;\"><a href=\"http:\/\/blog.lesgrossesorchadeslesamplesthalameges.fr\/index.php\/2021\/12\/13\/un-massacre-des-innocents-et-un-agneau-sans-tache-sacrifie\/16-lattaquie\/\" rel=\"attachment wp-att-15725\"><img loading=\"lazy\" class=\"alignnone wp-image-15725 size-full\" src=\"http:\/\/blog.lesgrossesorchadeslesamplesthalameges.fr\/wp-content\/uploads\/2021\/12\/16.-Lattaqui\u00e9.jpg\" alt=\"\" width=\"600\" height=\"400\" srcset=\"https:\/\/blog.lesgrossesorchadeslesamplesthalameges.fr\/wp-content\/uploads\/2021\/12\/16.-Lattaqui\u00e9.jpg 600w, https:\/\/blog.lesgrossesorchadeslesamplesthalameges.fr\/wp-content\/uploads\/2021\/12\/16.-Lattaqui\u00e9-300x200.jpg 300w\" sizes=\"(max-width: 600px) 100vw, 600px\" \/><\/a><\/p>\n<p style=\"text-align: center;\"><span style=\"font-family: times new roman, times, serif; font-size: 12pt;\"><strong><em>Des conteneurs endommag\u00e9s dans le port de Lattaqui\u00e9, en Syrie, apr\u00e8s des frappes a\u00e9riennes isra\u00e9liennes, le 7 d\u00e9cembre 2021<\/em><\/strong><\/span><\/p>\n<p>&nbsp;<\/p>\n<p>&nbsp;<\/p>\n<p>&nbsp;<\/p>\n<p style=\"text-align: justify;\"><span style=\"font-family: times new roman, times, serif; font-size: 14pt;\">Des frappes a\u00e9riennes isra\u00e9liennes ont atteint mardi une cargaison d&rsquo;armes iraniennes stock\u00e9e dans un terminal \u00e0 conteneurs du port de Lattaqui\u00e9, dans l&rsquo;ouest de la Syrie. Une premi\u00e8re, contre ces installations strat\u00e9giques, selon l&rsquo;Observatoire syrien des droits de l&rsquo;Homme (OSDH).<\/span><\/p>\n<p style=\"text-align: justify;\"><span style=\"font-family: times new roman, times, serif; font-size: 14pt;\">Depuis le d\u00e9but de la guerre en Syrie en 2011, Isra\u00ebl a men\u00e9 des centaines de frappes en territoire syrien, ciblant notamment des positions des forces iraniennes et du Hezbollah, qui combat aux c\u00f4t\u00e9s du r\u00e9gime de Damas.<\/span><\/p>\n<p style=\"text-align: justify;\"><span style=\"font-family: times new roman, times, serif; font-size: 14pt;\">Les missiles isra\u00e9liens ont vis\u00e9 \u00ab\u00a0directement une cargaison d&rsquo;armes iraniennes dans le terminal \u00e0 conteneurs \u00e0 l&rsquo;int\u00e9rieur du port, ce qui a entra\u00een\u00e9 \u00ab\u00a0de violentes explosions et des d\u00e9g\u00e2ts mat\u00e9riels cons\u00e9quents, sans faire de victimes\u00a0\u00bb, selon l&rsquo;OSDH, une ONG bas\u00e9e au Royaume-Uni et qui dispose d&rsquo;un vaste r\u00e9seau de sources dans le pays en guerre.<\/span><\/p>\n<p style=\"text-align: justify;\"><span style=\"font-family: times new roman, times, serif; font-size: 14pt;\">C&rsquo;est la premi\u00e8re fois qu&rsquo;Isra\u00ebl vise le port de Lattaqui\u00e9, principal port du pays, depuis le d\u00e9but du conflit en 2011, a d\u00e9clar\u00e9 \u00e0 l&rsquo;AFP le directeur de l&rsquo;OSDH, Rami Abdel Rahman.<\/span><\/p>\n<p style=\"text-align: justify;\"><span style=\"font-family: times new roman, times, serif; font-size: 14pt;\">\u00ab\u00a0Vers 01H23 (23H23 GMT lundi), l&rsquo;ennemi isra\u00e9lien a effectu\u00e9 un raid a\u00e9rien avec plusieurs missiles visant le parc \u00e0 conteneurs du port commercial de Lattaqui\u00e9\u00a0\u00bb, a indiqu\u00e9 plus t\u00f4t une source militaire syrienne cit\u00e9e par l&rsquo;agence de presse officielle syrienne SANA.<\/span><\/p>\n<p style=\"text-align: justify;\"><span style=\"font-family: times new roman, times, serif; font-size: 14pt;\">Ce bombardement a mis le feu \u00e0 \u00ab\u00a0un certain nombre de conteneurs commerciaux\u00a0\u00bb, sans faire de victimes, a-t-elle pr\u00e9cis\u00e9, \u00e9voquant une \u00ab\u00a0riposte de nos d\u00e9fenses anti-a\u00e9riennes\u00a0\u00bb.<\/span><\/p>\n<p style=\"text-align: justify;\"><span style=\"font-family: times new roman, times, serif; font-size: 14pt;\">La d\u00e9fense anti a\u00e9rienne syrienne a \u00e9t\u00e9 activ\u00e9e, rapporte SANA. Des photos publi\u00e9es par l&rsquo;agence montrent un incendie dans le parc \u00e0 conteneurs. \u00ab\u00a0Les \u00e9quipes de pompiers ont ma\u00eetris\u00e9 l&rsquo;incendie qui s&rsquo;est d\u00e9clar\u00e9 dans le port de Lattaqui\u00e9 \u00e0 la suite de l&rsquo;agression isra\u00e9lienne\u00a0\u00bb, selon la t\u00e9l\u00e9vision d&rsquo;\u00c9tat.<\/span><\/p>\n<p style=\"text-align: justify;\"><span style=\"font-family: times new roman, times, serif; font-size: 14pt;\">Plusieurs photos et extraits de vid\u00e9os diffus\u00e9s par SANA \u00e0 l&rsquo;aube ont montr\u00e9 le d\u00e9clenchement du feu au milieu de dizaines de conteneurs. Peu de temps apr\u00e8s, les pompiers \u00ab\u00a0sont parvenus \u00e0 \u00e9teindre l&rsquo;incendie\u00a0\u00bb, selon l&rsquo;agence.<\/span><\/p>\n<p style=\"text-align: justify;\"><span style=\"font-family: times new roman, times, serif; font-size: 14pt;\">Isra\u00ebl confirme tr\u00e8s rarement ses attaques en Syrie voisine, mais affirme r\u00e9guli\u00e8rement que l&rsquo;\u00c9tat h\u00e9breu ne permettra pas \u00e0 ce pays de devenir la t\u00eate de pont des forces de la R\u00e9publique islamique d&rsquo;Iran, son ennemi jur\u00e9.<\/span><\/p>\n<p>&nbsp;<\/p>\n<p style=\"text-align: justify;\"><span style=\"font-family: times new roman, times, serif; font-size: 18pt;\"><strong>Principal alli\u00e9<\/strong><\/span><\/p>\n<p style=\"text-align: justify;\"><span style=\"font-family: times new roman, times, serif; font-size: 14pt;\">L&rsquo;Iran, consid\u00e9r\u00e9 comme le principal alli\u00e9 r\u00e9gional du r\u00e9gime syrien, a fourni une aide politique, \u00e9conomique et militaire \u00e0 Damas depuis le d\u00e9but du conflit en 2011.<\/span><\/p>\n<p style=\"text-align: justify;\"><span style=\"font-family: times new roman, times, serif; font-size: 14pt;\">Isra\u00ebl a r\u00e9cemment intensifi\u00e9 la fr\u00e9quence de ses frappes en Syrie et trois militaires ainsi que deux miliciens syriens affili\u00e9s au Hezbollah ont \u00e9t\u00e9 tu\u00e9s le 24 novembre lors d&rsquo;une s\u00e9rie de frappes pr\u00e9c\u00e9dente visant des zones o\u00f9 le Hezbollah libanais pro-iranien est implant\u00e9 dans le centre de la Syrie selon l&rsquo;OSDH.<\/span><\/p>\n<p style=\"text-align: justify;\"><span style=\"font-family: times new roman, times, serif; font-size: 14pt;\">Le 3 novembre, des frappes a\u00e9riennes ont vis\u00e9 des d\u00e9p\u00f4ts d&rsquo;armes et de munitions appartenant \u00e0 des combattants affili\u00e9s \u00e0 l&rsquo;Iran dans la banlieue de Damas, selon l&rsquo;OSDH.<\/span><\/p>\n<p style=\"text-align: justify;\"><span style=\"font-family: times new roman, times, serif; font-size: 14pt;\">Fin octobre, cinq combattants affili\u00e9s \u00e0 l&rsquo;Iran ont \u00e9t\u00e9 tu\u00e9s dans une frappe isra\u00e9lienne contre plusieurs positions dans la banlieue de la capitale syrienne, selon l&rsquo;OSDH qui a \u00e9galement fait \u00e9tat de la mort de 9 combattants pro-iraniens lors d&rsquo;une frappe isra\u00e9lienne au milieu du m\u00eame mois, dans la banlieue est de Homs. Damas avait alors annonc\u00e9 la mort d&rsquo;un soldat syrien.<\/span><\/p>\n<p style=\"text-align: justify;\"><span style=\"font-family: times new roman, times, serif; font-size: 14pt;\">La Syrie conna\u00eet un conflit sanglant depuis 2011 qui a caus\u00e9 la mort d&rsquo;environs 500.000 personnes et d&rsquo;\u00e9normes destructions des infrastructures, entra\u00eenant un d\u00e9placement forc\u00e9 de millions de personnes \u00e0 l&rsquo;int\u00e9rieur et en dehors du pays.<\/span><\/p>\n<p>&nbsp;<\/p>\n<p style=\"text-align: left;\"><span style=\"font-family: times new roman, times, serif; font-size: 14pt;\">Source\u00a0: <a href=\"https:\/\/information.tv5monde.com\/info\/israel-vise-une-cargaison-d-armes-iraniennes-au-port-de-lattaquie-en-syrie-435538\">https:\/\/information.tv5monde.com\/info\/israel-vise-une-cargaison-d-armes-iraniennes-au-port-de-lattaquie-en-syrie-435538<\/a><\/span><\/p>\n<p>&nbsp;<\/p>\n<p style=\"text-align: left;\"><span style=\"font-family: times new roman, times, serif; font-size: 14pt;\"><strong>URL de cet article\u00a0: <\/strong><a href=\"http:\/\/blog.lesgrossesorchadeslesamplesthalameges.fr\/index.php\/israel-vise-une-cargaison-darmes-iraniennes-au-port-de-lattaquie\/\">http:\/\/blog.lesgrossesorchadeslesamplesthalameges.fr\/index.php\/israel-vise-une-cargaison-darmes-iraniennes-au-port-de-lattaquie\/<\/a><strong><br \/>\n<\/strong><\/span><\/p>\n<p>&nbsp;<\/p>\n<p>&nbsp;<\/p>\n<p style=\"text-align: center;\"><a href=\"http:\/\/blog.lesgrossesorchadeslesamplesthalameges.fr\/index.php\/2021\/12\/13\/un-massacre-des-innocents-et-un-agneau-sans-tache-sacrifie\/000-iran-missiles\/\" rel=\"attachment wp-att-15705\"><img loading=\"lazy\" class=\"alignnone wp-image-15705\" src=\"http:\/\/blog.lesgrossesorchadeslesamplesthalameges.fr\/wp-content\/uploads\/2021\/12\/000.-Iran-missiles.jpg\" alt=\"\" width=\"220\" height=\"134\" \/><\/a><\/p>\n<p>&nbsp;<\/p>\n<p>&nbsp;<\/p>\n<p style=\"text-align: right;\"><span style=\"font-family: comic sans ms, sans-serif;\">D\u00e9cembre 2021<\/span><\/p>\n<p>&nbsp;<\/p>\n<p>&nbsp;<\/p>\n<p>&nbsp;<\/p>\n","protected":false},"excerpt":{"rendered":"<p>&nbsp; &nbsp; &nbsp; &nbsp; &nbsp; &nbsp; &nbsp; &nbsp; Armes iraniennes ou sacs de riz\u00a0? &nbsp; &nbsp; &nbsp; Isra\u00ebl vise une cargaison d&rsquo;armes iraniennes au port de Lattaqui\u00e9 en Syrie \u00a0\u00a0 &nbsp; TV5 Monde \u2013 7.12.2021 &nbsp; \u00a0 &nbsp; Des conteneurs endommag\u00e9s dans le port de Lattaqui\u00e9, en Syrie, apr\u00e8s des frappes a\u00e9riennes isra\u00e9liennes, le 7&#8230;<\/p>\n","protected":false},"author":1,"featured_media":0,"parent":0,"menu_order":0,"comment_status":"open","ping_status":"open","template":"","meta":[],"_links":{"self":[{"href":"https:\/\/blog.lesgrossesorchadeslesamplesthalameges.fr\/index.php\/wp-json\/wp\/v2\/pages\/15743"}],"collection":[{"href":"https:\/\/blog.lesgrossesorchadeslesamplesthalameges.fr\/index.php\/wp-json\/wp\/v2\/pages"}],"about":[{"href":"https:\/\/blog.lesgrossesorchadeslesamplesthalameges.fr\/index.php\/wp-json\/wp\/v2\/types\/page"}],"author":[{"embeddable":true,"href":"https:\/\/blog.lesgrossesorchadeslesamplesthalameges.fr\/index.php\/wp-json\/wp\/v2\/users\/1"}],"replies":[{"embeddable":true,"href":"https:\/\/blog.lesgrossesorchadeslesamplesthalameges.fr\/index.php\/wp-json\/wp\/v2\/comments?post=15743"}],"version-history":[{"count":10,"href":"https:\/\/blog.lesgrossesorchadeslesamplesthalameges.fr\/index.php\/wp-json\/wp\/v2\/pages\/15743\/revisions"}],"predecessor-version":[{"id":15753,"href":"https:\/\/blog.lesgrossesorchadeslesamplesthalameges.fr\/index.php\/wp-json\/wp\/v2\/pages\/15743\/revisions\/15753"}],"wp:attachment":[{"href":"https:\/\/blog.lesgrossesorchadeslesamplesthalameges.fr\/index.php\/wp-json\/wp\/v2\/media?parent=15743"}],"curies":[{"name":"wp","href":"https:\/\/api.w.org\/{rel}","templated":true}]}}