{"id":15756,"date":"2021-12-13T22:59:38","date_gmt":"2021-12-13T21:59:38","guid":{"rendered":"http:\/\/blog.lesgrossesorchadeslesamplesthalameges.fr\/?page_id=15756"},"modified":"2021-12-13T23:01:22","modified_gmt":"2021-12-13T22:01:22","slug":"syrie-poutine-et-israel","status":"publish","type":"page","link":"https:\/\/blog.lesgrossesorchadeslesamplesthalameges.fr\/index.php\/syrie-poutine-et-israel\/","title":{"rendered":"Syrie, Poutine et Isra\u00ebl &#8230;"},"content":{"rendered":"<p>&nbsp;<\/p>\n<p>&nbsp;<\/p>\n<p>&nbsp;<\/p>\n<p>&nbsp;<\/p>\n<p>&nbsp;<\/p>\n<p>&nbsp;<\/p>\n<p>&nbsp;<\/p>\n<p>&nbsp;<\/p>\n<p>&nbsp;<\/p>\n<p style=\"text-align: center;\"><span style=\"font-family: times new roman, times, serif; font-size: 36pt;\"><strong>Syrie, Poutine et Isra\u00ebl &#8230;<\/strong><\/span><\/p>\n<p style=\"text-align: center;\"><span style=\"font-family: times new roman, times, serif; font-size: 14pt;\"><strong><em>\u00a0<\/em><\/strong><\/span><\/p>\n<p>&nbsp;<\/p>\n<p style=\"text-align: center;\"><span style=\"font-family: times new roman, times, serif; font-size: 18pt;\"><strong><em>Pars Today<\/em><\/strong><strong> \u2013 11.12.2021<\/strong><\/span><\/p>\n<p style=\"text-align: center;\"><span style=\"font-family: times new roman, times, serif; font-size: 14pt;\"><strong>\u00a0<\/strong><\/span><\/p>\n<p style=\"text-align: justify;\"><span style=\"font-family: times new roman, times, serif; font-size: 14pt;\"><strong>\u00a0<\/strong><\/span><\/p>\n<p>&nbsp;<\/p>\n<p style=\"text-align: center;\"><span style=\"font-family: times new roman, times, serif; font-size: 14pt;\"><strong><iframe loading=\"lazy\" title=\"YouTube video player\" src=\"\/\/www.youtube.com\/embed\/6_BlGlE7Axs\" width=\"560\" height=\"315\" frameborder=\"0\" allowfullscreen=\"allowfullscreen\"><\/iframe> <\/strong><\/span><\/p>\n<p>&nbsp;<\/p>\n<p>&nbsp;<\/p>\n<p>&nbsp;<\/p>\n<p style=\"text-align: justify;\"><strong><span style=\"font-family: tahoma, arial, helvetica, sans-serif; font-size: 14pt;\">\u00c0 suivre de plus pr\u00e8s les images de cette extraordinaire interception, et quasi abattage dans le ciel de Maarib au centre du Y\u00e9men, d\u2019un F-15 saoudien \u2013 qui, apr\u00e8s avoir d\u00e9coll\u00e9 de l\u2019a\u00e9roport militaire sous contr\u00f4le anglo-saxon de \u00ab\u00a0Khamis Mushait \u00bb dans le sud saoudien, \u00e9tait venu frapper le site p\u00e9trolier \u00ab\u00a0Safer\u00a0\u00bb o\u00f9 Saoudiens, Britanniques, Am\u00e9ricains et m\u00eame Sud-Cor\u00e9ens continuent, culott\u00e9s qu\u2019ils sont, d\u2019en sucer encore le p\u00e9trole, bien qu\u2019Ansarallah ait d\u00e9j\u00e0 encercl\u00e9 Maarib de trois c\u00f4t\u00e9s et que la quasi-totalit\u00e9 des tribus lui aient apport\u00e9 all\u00e9geance et que m\u00eame les hauts officiers de l\u2019arm\u00e9e de Hadi pensent en faire autant \u2013 l\u2019observateur habitu\u00e9 \u00e0 la subtilit\u00e9 des choix militaires de la R\u00e9sistance et au sens aigu\u00a0de la nuance qui impr\u00e8gne\u00a0ses actions, ne peut pas ne pas y voir un trop curieux message non sans lien avec la frappe du 7 d\u00e9cembre des F-16 isra\u00e9liens contre le port ultra-strat\u00e9gique de Lattaqui\u00e9 qu\u2019on sait \u00eatre herm\u00e9tiquement plac\u00e9 sous la puissante bulle de DCA russe, compos\u00e9e \u00e0 la fois de S-300 et de S-400\u00a0stationn\u00e9s \u00e0 Hmeimim et \u00e0 Tartous.<\/span><\/strong><\/p>\n<p>&nbsp;<\/p>\n<p style=\"text-align: justify;\"><span style=\"font-family: times new roman, times, serif; font-size: 14pt;\">Au fait, ce missile sol-air y\u00e9m\u00e9nite du nom Fater-1 qui depuis le d\u00e9but de d\u00e9cembre, en a \u00e9t\u00e9, ce jeudi 9 d\u00e9cembre, \u00e0 son quatri\u00e8me face-\u00e0-face s\u00e9rieux avec la flotte de guerre US-GB-Riyad \u00e0 Maarib et qui a inscrit \u00e0 son tableau de chasse, en moins d\u2019une semaine, deux Scan Eagle et un MC-9 chinois, dit CH-4, renvoie droit \u00e0 un contexte historique impliquant d\u2019une part la Russie et de l\u2019autre Isra\u00ebl.<\/span><\/p>\n<p style=\"text-align: justify;\"><span style=\"font-family: times new roman, times, serif; font-size: 14pt;\">En 1973, ce m\u00eame missile Fater-1, produit de l\u2019optimisation de SA-6 Gainful sovi\u00e9tique, alors, au service de l\u2019\u00c9gypte d&rsquo;Abdel Nasser, a chass\u00e9\u00a0tant de A-4 Skyhawk et de F-4 Phantom II isra\u00e9liens\u00a0que les pilotes de l\u2019entit\u00e9 l\u2019avaient baptis\u00e9 \u00ab\u00a0Les trois doigts de mort\u00a0\u00bb,\u00a0en allusion \u00e0 ses trois missiles intercepteur et aux ondes de son radar acquisition. Quelques ann\u00e9es plus tard, \u00e0 savoir en 1981 et lors de la bataille de Gueltat Zemmour\u00a0au Sahara occidental, l\u00e0 o\u00f9 Isra\u00ebl vient de s\u2019implanter depuis quelques mois et \u00e0 la faveur d\u2019un feu vert perfide de Mohamed VI qui croit s\u2019assurer une p\u00e9rennit\u00e9 \u00e0 la t\u00eate du royaume en tirant des plans sur la com\u00e8te sioniste, le m\u00eame SA-6 Gainful a pulv\u00e9ris\u00e9 dans le ciel un C-130 H marocain, puis un F-5 et un Mirage F1 fran\u00e7ais venus lui apporter secours.<\/span><\/p>\n<p style=\"text-align: justify;\"><span style=\"font-family: times new roman, times, serif; font-size: 14pt;\">C\u2019est dire que le silence des S-400 russes, ce 7 d\u00e9cembre \u00e0 Hmeimim, situ\u00e9\u00a0\u00e0 20 km du parc de conteneurs de Lattaqui\u00e9, \u00e0 l\u2019heure exacte o\u00f9 les missiles isra\u00e9liens l\u2019ont frapp\u00e9, reste totalement incompr\u00e9hensible.<\/span><\/p>\n<p style=\"text-align: justify;\"><span style=\"font-family: times new roman, times, serif; font-size: 14pt;\">Car, si le SA-6 y\u00e9m\u00e9nite, tueur des chasseurs isra\u00e9liens il y a 60 ans, peut si all\u00e8grement intercepter et abattre des F-15 saoudiens, <strong>pourquoi le S-400 russe ne le ferait-il pas avec les F-16<\/strong>\u00a0? En d\u2019autres termes, <strong>le raid a\u00e9rien du 7 d\u00e9cembre avait-il \u00e9t\u00e9 coordonn\u00e9 avec les Russes<\/strong>\u00a0? Ce samedi 11 d\u00e9cembre, les sp\u00e9culations vont bon train sur cet assourdissant silence de l\u2019arm\u00e9e russe lors de la frappe de 7 d\u00e9cembre et certaines sources vont jusqu\u2019\u00e0 pr\u00e9tendre que le commandement militaire \u00e0 Hmeimim\u00a0en aurait \u00e9t\u00e9 alert\u00e9 bien avant, mais que par sympathie avec Isra\u00ebl, il aurait refus\u00e9 d\u2019en avertir Damas, quitte \u00e0 mettre m\u00eame en veilleuse les puissants radars Container des S-400. Un\u00a0Rai\u00a0al-Youm\u00a0dit m\u00eame\u00a0:<\/span><\/p>\n<p>&nbsp;<\/p>\n<p style=\"text-align: justify; padding-left: 120px;\"><span style=\"font-family: times new roman, times, serif; font-size: 14pt;\">\u00ab\u00a0Ce raid isra\u00e9lien sur le port de Lattaqui\u00e9, au nez et \u00e0 la barbe du commandement militaire russe de la base de Hmeimim, constitue, \u00e0 nos yeux, une insulte \u00e0 cette direction, une provocation \u00e0 son \u00e9gard et une tentative de semer les germes de la discorde entre les dirigeants russes et syriens, et excitent les opinions publiques russe et arabe contre le grand alli\u00e9 de la Syrie\u2026\u00bb<\/span><\/p>\n<p>&nbsp;<\/p>\n<p style=\"text-align: justify;\"><span style=\"font-family: times new roman, times, serif; font-size: 14pt;\">Et cette m\u00eame source d\u2019ajouter\u00a0:<\/span><\/p>\n<p>&nbsp;<\/p>\n<p style=\"text-align: justify; padding-left: 120px;\"><span style=\"font-family: times new roman, times, serif; font-size: 14pt;\">\u00ab\u00a0Nous sommes bien conscients que la direction syrienne \u00e9touffe sa col\u00e8re, et ne veut \u00e0 aucun prix f\u00e2cher l&rsquo;alli\u00e9 russe qui a si grandement contribu\u00e9 \u00e0 faire capoter le m\u00e9ga plan de d\u00e9membrement de la Syrie sign\u00e9 USA-OTAN-Golfiens.\u00a0Cette alliance, la Russie l\u2019a jusqu\u2019ici assum\u00e9e pleinement et enti\u00e8rement car, comme le disait le pr\u00e9sident Poutine il y a quelques ann\u00e9es, \u201csi on ne combat pas les terroristes \u00e0 Damas, c\u2019est dans les rues de Moscou qu\u2019il faudra les combattre\u201d. Or, et consciente de la port\u00e9e d\u2019un tel choix g\u00e9ostrat\u00e9gique qui a fait de la Syrie un rempart contre les vell\u00e9it\u00e9s occidentales en M\u00e9diterran\u00e9e orientale, alors m\u00eame que l\u2019axe US-OTAN embrasse le flanc oriental de la Russie, ce serait une fatale erreur que de sacrifier l\u2019alliance avec la Syrie, qui compte pr\u00e8s d&rsquo;un demi-milliard de partisans arabes \u00e0 travers toute la r\u00e9gion, afin de plaire \u00e0 un million de Sionistes d&rsquo;origine russe qui participent aux exactions isra\u00e9liennes en Palestine occup\u00e9e.\u00bb<\/span><\/p>\n<p>&nbsp;<\/p>\n<p style=\"text-align: justify;\"><span style=\"font-family: times new roman, times, serif; font-size: 14pt;\">La question qui se pose d\u00e9sormais est donc la suivante\u00a0: le port de Lattaqui\u00e9, poumon \u00e9conomique d\u2019une Syrie sous sanctions, sera-t-il \u00e0 nouveaux cibl\u00e9 par l\u2019aviation isra\u00e9lienne sans que Moscou y r\u00e9agisse militairement ou le 7 d\u00e9cembre d\u00e9bouchera-t-il sur un changement de cap russo-isra\u00e9lien, dans la mesure o\u00f9 une campagne de frappes a\u00e9riennes contre Lattaqui\u00e9 finirait t\u00f4t ou tard par mettre en question la pr\u00e9sence a\u00e9rienne et navale de la Russie sur la c\u00f4te ouest\u00a0?<\/span><\/p>\n<p style=\"text-align: justify;\"><span style=\"font-family: times new roman, times, serif; font-size: 14pt;\">Vendredi 10 d\u00e9cembre, le Kremlin a annonc\u00e9 l\u2019annulation de la visite en Isra\u00ebl de Sergue\u00ef\u00a0Lavrov, qui aurait d\u00fb partir cette semaine en tourn\u00e9e non seulement en Isra\u00ebl et bien entendu en Palestine, mais aussi au Maroc. Plus d\u2019un observateur aurait le droit de se dire que \u00ab\u00a0l\u2019incartade\u00a0\u00bb sioniste \u00e0 Lattaqui\u00e9 en est la cause principale et que Moscou, inform\u00e9 par ses alli\u00e9s syriens et iraniens, s\u2019appr\u00eate peut-\u00eatre \u00e0 faciliter une \u00ab\u00a0riposte militaire syrienne\u00a0\u00bb contre Isra\u00ebl. Du coup l\u2019interception d\u2019un F-15 dans le ciel de Maarib ce vendredi, prend totalement un sens nouveau, surtout si l\u2019on pense que l\u2019arme redoutable est de fabrication russe.<\/span><\/p>\n<p style=\"text-align: justify;\"><span style=\"font-family: times new roman, times, serif; font-size: 14pt;\">Lavrov devait rencontrer son homologue, Yair Lapid, ainsi que le Premier ministre Naftali Bennett avec, \u00e0 l\u2019ordre du jour des discussions, outre celles sur les n\u00e9gociations nucl\u00e9aires de Vienne, la \u00ab\u00a0coordination\u00a0\u00bb entre Moscou et Tel-Aviv concernant les activit\u00e9s militaires en Syrie.<\/span><\/p>\n<p style=\"text-align: justify;\"><span style=\"font-family: times new roman, times, serif; font-size: 14pt;\">Ce vendredi, presque au moment o\u00f9 Lavrov annon\u00e7ait rayer de sa tourn\u00e9e l\u2019\u00e9tape isra\u00e9lienne \u2013 en quoi certains sont m\u00eame all\u00e9s jusqu\u2019\u00e0 voir un\u00a0<em>casus belli<\/em>\u00a0\u00e0 l\u2019\u00e9gard de l\u2019entit\u00e9 \u2013, des sources bien inform\u00e9es ont fait \u00e9tat de l\u2019arriv\u00e9e de nouveaux lots de \u00ab\u00a0missiles\u00a0iraniens\u00a0\u00bb en Syrie. Il semblerait m\u00eame que ces missiles, soient les m\u00eames que ceux que les F-16 isra\u00e9liens voulaient an\u00e9antir ce 7 d\u00e9cembre (en se trompant lourdement puisqu\u2019ils ont pilonn\u00e9 des sacs de riz). Il s\u2019agirait de deux curieux \u00ab\u00a0BM-120\u00a0\u00bb et \u00ab\u00a0 BM-45\u00a0\u00bb dont le minist\u00e8re iranien de la D\u00e9fense et de la Logistique a publi\u00e9 ce 10 d\u00e9cembre les images. Ce sont, \u00e0 la base, de nouveaux syst\u00e8mes d&rsquo;artillerie-roquettes \u00e0 guidage de pr\u00e9cision.<\/span><\/p>\n<p style=\"text-align: justify;\"><span style=\"font-family: times new roman, times, serif; font-size: 14pt;\">Le premier syst\u00e8me, baptis\u00e9 Fath BM-120, a une port\u00e9e allant jusqu&rsquo;\u00e0 120 kilom\u00e8tres. Le lanceur du syst\u00e8me peut emporter jusqu&rsquo;\u00e0 six fus\u00e9es \u00e0 guidage de pr\u00e9cision d&rsquo;un diam\u00e8tre assez petit.\u00a0 Les roquettes BM-120 seraient disponibles avec des ogives \u00e0 fragmentation hautement explosive [HE-FRAG], \u00e0 p\u00e9n\u00e9tration ou \u00e0 fragmentation. Les fus\u00e9es, qui ont une aire circulaire probable (CEP) tr\u00e8s \u00e9lev\u00e9e, sont guid\u00e9es par un syst\u00e8me de navigation inertielle (INS) assist\u00e9 d&rsquo;un syst\u00e8me de navigation par satellite.<\/span><\/p>\n<p style=\"text-align: justify;\"><span style=\"font-family: times new roman, times, serif; font-size: 14pt;\">Le deuxi\u00e8me syst\u00e8me, baptis\u00e9 BM-45, qui est arm\u00e9 de roquettes plus lourdes et de plus grand diam\u00e8tre avec une port\u00e9e de 45 km. La nouveaut\u00e9 est que le lanceur du syst\u00e8me peut transporter deux types de fus\u00e9es \u00e0 la fois&#8230;\u00a0les deux syst\u00e8mes avanc\u00e9s sont disponibles \u00e0 l&rsquo;exportation. Et cela sert \u00e0 cr\u00e9er un effet de mitrailleuse, ou ce que le concepteur appelle \u00ab\u00a0mitrailleuse balistique\u00a0\u00bb.<\/span><\/p>\n<p style=\"text-align: justify;\"><span style=\"font-family: times new roman, times, serif; font-size: 14pt;\">Cet effet de mitraillage se r\u00e9alise en effet \u00e0 la faveur de ce m\u00eame lanceur qui est multi-r\u00f4les et qui s\u2019adapte \u00e0 la longueur et au diam\u00e8tre de l\u2019engin qui dans les deux cas est environ de 850 \u00e0 1.100 kg. Puis l&rsquo;utilisation de la technologie du corps en composite fait le reste et offre une port\u00e9e de 130\u00a0 \u00e0 170 km aux deux types de missiles pr\u00e9cit\u00e9s. Plus le fait que ces engins on des gouvernes a\u00e9rodynamiques plac\u00e9es sur le nez leur offrent la capacit\u00e9 de lancer des attaques de pr\u00e9cision. Disons qu\u2019il y a une similitude surnaturelle entre ces complexes Fath iranien et le syst\u00e8me russe Kalibr-K. Mais alors que le Kalibr-K est arm\u00e9 de missiles de croisi\u00e8re \u00e0 usage maritime,\u00a0la version iranienne contient des balistiques \u00e0 courte port\u00e9e et de grande pr\u00e9cision&#8230; Entre la Russie et la R\u00e9sistance, les liens vont bien plus loin qu\u2019un simple partenariat\u2026\u00a0<\/span><\/p>\n<p style=\"text-align: justify;\"><span style=\"font-family: times new roman, times, serif; font-size: 14pt;\">Et si la Russie, en fermant les yeux sur la frappe contre Lattaqui\u00e9, avait cherch\u00e9 avant tout \u00e0 pi\u00e9ger Isra\u00ebl ?<\/span><\/p>\n<p>&nbsp;<\/p>\n<p style=\"text-align: left;\"><span style=\"font-family: times new roman, times, serif; font-size: 14pt;\">Source\u00a0: <a href=\"https:\/\/parstoday.com\/fr\/news\/middle_east-i104798-syrie_poutine_et_isra%C3%ABl_\">https:\/\/parstoday.com\/fr\/news\/middle_east-i104798-syrie_poutine_et_isra%C3%ABl_<\/a>&#8230;<\/span><\/p>\n<p>&nbsp;<\/p>\n<p style=\"text-align: left;\"><span style=\"font-family: times new roman, times, serif; font-size: 14pt;\"><strong>URL de cet article\u00a0: <\/strong><a href=\"http:\/\/blog.lesgrossesorchadeslesamplesthalameges.fr\/index.php\/syrie-poutine-et-israel\/\">http:\/\/blog.lesgrossesorchadeslesamplesthalameges.fr\/index.php\/syrie-poutine-et-israel\/<\/a><strong><br \/>\n<\/strong><\/span><\/p>\n<p>&nbsp;<\/p>\n<p>&nbsp;<\/p>\n<p>&nbsp;<\/p>\n<p style=\"text-align: center;\"><a href=\"http:\/\/blog.lesgrossesorchadeslesamplesthalameges.fr\/index.php\/2021\/12\/13\/un-massacre-des-innocents-et-un-agneau-sans-tache-sacrifie\/000-iran-missiles\/\" rel=\"attachment wp-att-15705\"><img loading=\"lazy\" class=\"alignnone wp-image-15705\" src=\"http:\/\/blog.lesgrossesorchadeslesamplesthalameges.fr\/wp-content\/uploads\/2021\/12\/000.-Iran-missiles.jpg\" alt=\"\" width=\"220\" height=\"134\" \/><\/a><\/p>\n<p>&nbsp;<\/p>\n<p>&nbsp;<\/p>\n<p>&nbsp;<\/p>\n<p style=\"text-align: right;\"><span style=\"font-family: comic sans ms, sans-serif; font-size: 14pt;\">D\u00e9cembre 2021<\/span><\/p>\n<p>&nbsp;<\/p>\n<p>&nbsp;<\/p>\n","protected":false},"excerpt":{"rendered":"<p>&nbsp; &nbsp; &nbsp; &nbsp; &nbsp; &nbsp; &nbsp; &nbsp; &nbsp; Syrie, Poutine et Isra\u00ebl &#8230; \u00a0 &nbsp; Pars Today \u2013 11.12.2021 \u00a0 \u00a0 &nbsp; &nbsp; &nbsp; &nbsp; \u00c0 suivre de plus pr\u00e8s les images de cette extraordinaire interception, et quasi abattage dans le ciel de Maarib au centre du Y\u00e9men, d\u2019un F-15 saoudien \u2013 qui, apr\u00e8s&#8230;<\/p>\n","protected":false},"author":1,"featured_media":0,"parent":0,"menu_order":0,"comment_status":"open","ping_status":"open","template":"","meta":[],"_links":{"self":[{"href":"https:\/\/blog.lesgrossesorchadeslesamplesthalameges.fr\/index.php\/wp-json\/wp\/v2\/pages\/15756"}],"collection":[{"href":"https:\/\/blog.lesgrossesorchadeslesamplesthalameges.fr\/index.php\/wp-json\/wp\/v2\/pages"}],"about":[{"href":"https:\/\/blog.lesgrossesorchadeslesamplesthalameges.fr\/index.php\/wp-json\/wp\/v2\/types\/page"}],"author":[{"embeddable":true,"href":"https:\/\/blog.lesgrossesorchadeslesamplesthalameges.fr\/index.php\/wp-json\/wp\/v2\/users\/1"}],"replies":[{"embeddable":true,"href":"https:\/\/blog.lesgrossesorchadeslesamplesthalameges.fr\/index.php\/wp-json\/wp\/v2\/comments?post=15756"}],"version-history":[{"count":8,"href":"https:\/\/blog.lesgrossesorchadeslesamplesthalameges.fr\/index.php\/wp-json\/wp\/v2\/pages\/15756\/revisions"}],"predecessor-version":[{"id":15764,"href":"https:\/\/blog.lesgrossesorchadeslesamplesthalameges.fr\/index.php\/wp-json\/wp\/v2\/pages\/15756\/revisions\/15764"}],"wp:attachment":[{"href":"https:\/\/blog.lesgrossesorchadeslesamplesthalameges.fr\/index.php\/wp-json\/wp\/v2\/media?parent=15756"}],"curies":[{"name":"wp","href":"https:\/\/api.w.org\/{rel}","templated":true}]}}