{"id":15810,"date":"2021-12-16T22:36:30","date_gmt":"2021-12-16T21:36:30","guid":{"rendered":"http:\/\/blog.lesgrossesorchadeslesamplesthalameges.fr\/?page_id=15810"},"modified":"2021-12-16T22:38:04","modified_gmt":"2021-12-16T21:38:04","slug":"russie-et-israel-les-deux-poids-deux-mesures-de-la-condamnation-internationale","status":"publish","type":"page","link":"https:\/\/blog.lesgrossesorchadeslesamplesthalameges.fr\/index.php\/russie-et-israel-les-deux-poids-deux-mesures-de-la-condamnation-internationale\/","title":{"rendered":"Russie et Isra\u00ebl \u2013 les deux poids-deux mesures de la condamnation internationale"},"content":{"rendered":"<p>&nbsp;<\/p>\n<p>&nbsp;<\/p>\n<p>&nbsp;<\/p>\n<p>&nbsp;<\/p>\n<p>&nbsp;<\/p>\n<p>&nbsp;<\/p>\n<p>&nbsp;<\/p>\n<p style=\"text-align: center;\"><span style=\"font-family: times new roman, times, serif; font-size: 36pt;\"><strong>Russie et Isra\u00ebl \u2013 les deux poids-deux mesures de la condamnation internationale<\/strong><\/span><\/p>\n<p style=\"text-align: center;\"><span style=\"font-family: times new roman, times, serif; font-size: 14pt;\"><strong>\u00a0<\/strong><\/span><\/p>\n<p style=\"text-align: center;\"><span style=\"font-family: times new roman, times, serif; font-size: 14pt;\"><strong><a href=\"http:\/\/blog.lesgrossesorchadeslesamplesthalameges.fr\/index.php\/2021\/12\/16\/a-la-guerre-comme-a-la-guerre-bis\/9-logo-furan\/\" rel=\"attachment wp-att-15783\"><img loading=\"lazy\" class=\"alignnone size-full wp-image-15783\" src=\"http:\/\/blog.lesgrossesorchadeslesamplesthalameges.fr\/wp-content\/uploads\/2021\/12\/9.-Logo-Furan.png\" alt=\"\" width=\"92\" height=\"92\" \/><\/a>Gavin O&rsquo;Reilly<\/strong><\/span> <span style=\"font-size: 18pt;\">\u00a0\u00a0\u00a0<strong><em>The Duran<\/em><\/strong> \u2013<strong>15.12.2021<\/strong><\/span><\/p>\n<p style=\"text-align: center;\"><span style=\"font-family: times new roman, times, serif; font-size: 18pt;\">\u00a0\u00a0\u00a0\u00a0\u00a0\u00a0\u00a0\u00a0\u00a0\u00a0 Traduction : <strong>c.l.<\/strong> pour <strong><em>L.G.O<\/em><\/strong>.<\/span><\/p>\n<p>&nbsp;<\/p>\n<p>&nbsp;<\/p>\n<p>&nbsp;<\/p>\n<p style=\"text-align: center;\"><a href=\"http:\/\/blog.lesgrossesorchadeslesamplesthalameges.fr\/index.php\/2021\/12\/16\/a-la-guerre-comme-a-la-guerre-bis\/10-gantz-usa-a-droite-austin\/\" rel=\"attachment wp-att-15782\"><img loading=\"lazy\" class=\"wp-image-15782 size-full aligncenter\" src=\"http:\/\/blog.lesgrossesorchadeslesamplesthalameges.fr\/wp-content\/uploads\/2021\/12\/10.-gantz-usa-\u00e0-droite-Austin.jpeg\" alt=\"\" width=\"600\" height=\"375\" srcset=\"https:\/\/blog.lesgrossesorchadeslesamplesthalameges.fr\/wp-content\/uploads\/2021\/12\/10.-gantz-usa-\u00e0-droite-Austin.jpeg 600w, https:\/\/blog.lesgrossesorchadeslesamplesthalameges.fr\/wp-content\/uploads\/2021\/12\/10.-gantz-usa-\u00e0-droite-Austin-300x188.jpeg 300w\" sizes=\"(max-width: 600px) 100vw, 600px\" \/><\/a><\/p>\n<p style=\"text-align: center;\"><span style=\"font-family: times new roman, times, serif; font-size: 12pt;\"><strong><em>Gantz aux Am\u00e9ricains : <\/em><\/strong><a href=\"https:\/\/fr.timesofisrael.com\/gantz-aux-americains-jai-ordonne-a-tsahal-de-se-preparer-pour-attaquer-liran\/\"><strong><em>J\u2019ai donn\u00e9 l\u2019ordre \u00e0 Tsahal de se pr\u00e9parer pour attaquer l\u2019Iran<\/em><\/strong><\/a><\/span><\/p>\n<p style=\"text-align: center;\"><span style=\"font-family: times new roman, times, serif; font-size: 12pt;\">(ici\u00a0: Gantz \u00e0 gauche et Lloyd Austin, de dos, \u00e0 droite)<\/span><\/p>\n<p>&nbsp;<\/p>\n<p>&nbsp;<\/p>\n<p>&nbsp;<\/p>\n<p style=\"text-align: justify;\"><span style=\"font-family: times new roman, times, serif; font-size: 14pt;\">Au courant du mois dernier, brisant avec l&rsquo;attention qu&rsquo;ils accordent habituellement au COVID-19, les grands m\u00e9dias occidentaux ont consacr\u00e9 une part importante de leur commentaires aux affirmations non v\u00e9rifi\u00e9es de collaborateurs anonymes des services d\u2019espionnage am\u00e9ricains, selon lesquelles la F\u00e9d\u00e9ration de Russie pr\u00e9parerait une invasion militaire imminente de son voisin occidental, l&rsquo;Ukraine \u2013 sous la coupe des gouvernements successifs de Petro Porochenko et Volodymyr Zelensky, inf\u00e9od\u00e9s aux \u00c9tats-Unis et \u00e0 l&rsquo;Union Europ\u00e9enne depuis 2014, lorsque la r\u00e9volution de couleur Euromaidan, orchestr\u00e9e par la CIA, a renvers\u00e9 le gouvernement pro-russe de Viktor Ianoukovitch, \u00e0 la suite de sa d\u00e9cision, en novembre 2013, de suspendre un accord commercial avec l&rsquo;UE en faveur d&rsquo;un rapprochement avec Moscou.<\/span><\/p>\n<p>&nbsp;<\/p>\n<p style=\"text-align: justify;\"><span style=\"font-family: times new roman, times, serif; font-size: 14pt;\">Cette campagne, qui intervient \u00e0 un moment o\u00f9 les tensions s&rsquo;intensifient <\/span><span style=\"font-family: times new roman, times, serif; font-size: 14pt;\">en Europe de l&rsquo;Est, avec une accumulation de r\u00e9fugi\u00e9s \u00e0 la fronti\u00e8re entre la Bi\u00e9lorussie et la Pologne, d\u00e9nonc\u00e9e comme une tentative du pr\u00e9sident russe Vladimir Poutine et de son homologue bi\u00e9lorusse Alexandre Loukachenko de d\u00e9stabiliser l&rsquo;Union europ\u00e9enne, a entra\u00een\u00e9 une condamnation g\u00e9n\u00e9rale de Moscou par les m\u00e9dias et les <em>establishments<\/em> politiques occidentaux. Le G7 a publi\u00e9 samedi une d\u00e9claration dans laquelle il menace de sanctions massives \u00ab\u00a0si la Russie fait une incursion en Ukraine\u00a0\u00bb. La Russie \u00e9tait membre de ce qui avait \u00e9t\u00e9 le G8 jusqu&rsquo;\u00e0 la r\u00e9unification r\u00e9ussie de la p\u00e9ninsule historiquement russe de Crim\u00e9e avec le reste du pays en 2014, le pr\u00e9texte <em>[ou la cause, NdT]<\/em> \u00e9tant le sentiment anti-russe dangereusement \u00e9lev\u00e9 du gouvernement Porochenko nouvellement form\u00e9 et soutenu par l&rsquo;Occident. Cette r\u00e9unification a entra\u00een\u00e9 la suspension de Moscou du forum, le Kremlin ayant ensuite d\u00e9cid\u00e9, en 2017, de quitter officiellement le groupe.<\/span><\/p>\n<p>&nbsp;<\/p>\n<p style=\"text-align: justify;\"><span style=\"font-family: times new roman, times, serif; font-size: 14pt;\">Cette condamnation g\u00e9n\u00e9ralis\u00e9e de la Russie par l&rsquo;<em>establishment<\/em> occidental, pour de pr\u00e9tendues intentions que Moscou a d\u00e9menties, contraste fortement avec le silence des grands m\u00e9dias et des politiciens de tous bords en r\u00e9ponse aux menaces ouvertes d&rsquo;Isra\u00ebl de mener une attaque militaire contre les installations nucl\u00e9aires iraniennes, en plein milieu des n\u00e9gociations actuelles \u00e0 Vienne concernant l&rsquo;accord sur le nucl\u00e9aire iranien, Le ministre isra\u00e9lien de la d\u00e9fense, Benny Gantz, a annonc\u00e9, moins de 24 heures avant la d\u00e9claration du G7 sur la Russie, qu&rsquo;il avait consult\u00e9 le secr\u00e9taire am\u00e9ricain \u00e0 la d\u00e9fense, Lloyd Austin, et le secr\u00e9taire d&rsquo;\u00c9tat, Antony Blinken, au sujet d&rsquo;une telle action qui, non moins qu\u2019une \u00e9ventuelle incursion russe en Ukraine, entra\u00eenerait imm\u00e9diatement un conflit r\u00e9gional d\u00e9vastateur, conflit qui pourrait facilement d\u00e9g\u00e9n\u00e9rer en une v\u00e9ritable guerre entre l&rsquo;Est et l&rsquo;Ouest.<\/span><\/p>\n<p>&nbsp;<\/p>\n<p style=\"text-align: justify;\"><span style=\"font-family: times new roman, times, serif; font-size: 14pt;\">Pour comprendre cette fa\u00e7on tr\u00e8s diff\u00e9rente de consid\u00e9rer Moscou et Tel Aviv de la part de l&rsquo;<em>establishment<\/em> politique et m\u00e9diatique occidental, il faut examiner la relation g\u00e9opolitique plus large entre l&rsquo;h\u00e9g\u00e9monie des \u00c9tats-Unis et de l&rsquo;OTAN avec la Russie d\u2019une part et Isra\u00ebl de l\u2019autre.<\/span><\/p>\n<p>&nbsp;<\/p>\n<p style=\"text-align: justify;\"><span style=\"font-family: times new roman, times, serif; font-size: 14pt;\">Form\u00e9 en 1948, conform\u00e9ment \u00e0 la d\u00e9claration Balfour de 1917, r\u00e9dig\u00e9e par le Royaume-Uni, qui appelait \u00e0 la cr\u00e9ation d&rsquo;un \u00c9tat sioniste au Moyen-Orient, Isra\u00ebl a toujours re\u00e7u le soutien militaire, financier et politique des \u00c9tats-Unis et de leurs alli\u00e9s, lequel a culmin\u00e9 avec l&rsquo;invasion de l&rsquo;Irak par une coalition dirig\u00e9e par les \u00c9tats-Unis, mais pour le compte d&rsquo;Isra\u00ebl, en 2003, ce qui a conduit ensuite Washington et ses alli\u00e9s \u00e0 lancer une op\u00e9ration de changement de r\u00e9gime contre la Syrie voisine en 2011, Damas \u00e9tant, comme Bagdad, un opposant de longue date \u00e0 l&rsquo;\u00c9tat sioniste.<\/span><\/p>\n<p>&nbsp;<\/p>\n<p style=\"text-align: justify;\"><span style=\"font-family: times new roman, times, serif; font-size: 14pt;\">La Russie, quant \u00e0 elle, et en particulier depuis l&rsquo;\u00e9lection de Vladimir Poutine \u00e0 la pr\u00e9sidence en 2000, est diam\u00e9tralement oppos\u00e9e \u00e0 cette politique \u00e9trang\u00e8re des USA et de l&rsquo;OTAN men\u00e9e en soutien des int\u00e9r\u00eats isra\u00e9liens, une intervention militaire russe en 2015, \u00e0 la demande du gouvernement syrien, ayant sans doute jou\u00e9 le r\u00f4le le plus d\u00e9cisif pour assurer le maintien \u00e0 la pr\u00e9sidence de Bachar el-Assad, en d\u00e9pit des dix ans d\u2019efforts d\u00e9ploy\u00e9s pour tenter de le destituer par une r\u00e9volution de couleur dirig\u00e9e par les \u00c9tats-Unis et directement <a href=\"https:\/\/www.rt.com\/news\/448818-israel-arming-rebels-admission\/\">soutenue par Isra\u00ebl.<\/a><\/span><\/p>\n<p>&nbsp;<\/p>\n<p style=\"text-align: justify;\"><span style=\"font-family: times new roman, times, serif; font-size: 14pt;\">La r\u00e9unification susmentionn\u00e9e de la Russie et de la Crim\u00e9e en 2014 a \u00e9galement mis un terme \u00e0 l&rsquo;objectif des n\u00e9oconservateurs d&rsquo;\u00e9tablir une base navale US dans le port strat\u00e9gique de S\u00e9bastopol, en Crim\u00e9e, projet qui se serait certainement concr\u00e9tis\u00e9 si la Crim\u00e9e \u00e9tait rest\u00e9e sous le r\u00e9gime pro-occidental de l&rsquo;administration actuelle de Kiev.<\/span><\/p>\n<p>&nbsp;<\/p>\n<p style=\"text-align: justify;\"><span style=\"font-family: times new roman, times, serif; font-size: 14pt;\">C&rsquo;est donc parce qu\u2019elle s\u2019est oppos\u00e9e avec succ\u00e8s \u00e0 l&rsquo;imp\u00e9rialisme US\/OTAN que la Russie se trouve diabolis\u00e9e par l&rsquo;Occident tout entier et fait l&rsquo;objet d&rsquo;une campagne de diffamation accusant Moscou de planifier un conflit mondial au moyen d&rsquo;une intervention militaire en Ukraine, ce qui est en complet contraste avec le silence m\u00e9diatique et le soutien politique tacite offerts \u00e0 l\u2019alli\u00e9 isra\u00e9lien des \u00c9tats-Unis, lorsqu\u2019il clame son intentions de se livrer pr\u00e9cis\u00e9ment \u00e0 ce genre d\u2019action en Iran.<\/span><\/p>\n<p>&nbsp;<\/p>\n<p style=\"text-align: left;\"><span style=\"font-family: times new roman, times, serif; font-size: 14pt;\">Source : <a href=\"https:\/\/theduran.com\/russia-and-israel-a-double-standard-in-international-condemnation\/\">https:\/\/theduran.com\/russia-and-israel-a-double-standard-in-international-condemnation\/<\/a><\/span><\/p>\n<p style=\"text-align: left;\"><strong><span style=\"font-family: times new roman, times, serif; font-size: 14pt;\">URL de cet article : <\/span><\/strong><a href=\"http:\/\/blog.lesgrossesorchadeslesamplesthalameges.fr\/index.php\/russie-et-israel-les-deux-poids-deux-mesures-de-la-condamnation-internationale\/\"><span style=\"font-family: times new roman, times, serif; font-size: 14pt;\">http:\/\/blog.lesgrossesorchadeslesamplesthalameges.fr\/index.php\/russie-et-israel-les-deux-poids-deux-mesures-de-la-condamnation-internationale\/<\/span><\/a><strong><span style=\"font-family: times new roman, times, serif; font-size: 14pt;\"><br \/>\n<\/span><\/strong><\/p>\n<p>&nbsp;<\/p>\n<p>&nbsp;<\/p>\n<p>&nbsp;<\/p>\n<p style=\"text-align: center;\"><a href=\"http:\/\/blog.lesgrossesorchadeslesamplesthalameges.fr\/index.php\/2021\/12\/16\/a-la-guerre-comme-a-la-guerre-bis\/000-lart-de-la-guerre\/\" rel=\"attachment wp-att-15772\"><img loading=\"lazy\" class=\"alignnone wp-image-15772\" src=\"http:\/\/blog.lesgrossesorchadeslesamplesthalameges.fr\/wp-content\/uploads\/2021\/12\/000.-LART-DE-LA-GUERRE-300x65.jpg\" alt=\"\" width=\"300\" height=\"65\" srcset=\"https:\/\/blog.lesgrossesorchadeslesamplesthalameges.fr\/wp-content\/uploads\/2021\/12\/000.-LART-DE-LA-GUERRE-300x65.jpg 300w, https:\/\/blog.lesgrossesorchadeslesamplesthalameges.fr\/wp-content\/uploads\/2021\/12\/000.-LART-DE-LA-GUERRE.jpg 750w\" sizes=\"(max-width: 300px) 100vw, 300px\" \/><\/a><\/p>\n<p>&nbsp;<\/p>\n<p>&nbsp;<\/p>\n<p>&nbsp;<\/p>\n<p style=\"text-align: right;\"><span style=\"font-family: comic sans ms, sans-serif; font-size: 14pt;\">D\u00e9cembre 2021<\/span><\/p>\n<p>&nbsp;<\/p>\n<p>&nbsp;<\/p>\n","protected":false},"excerpt":{"rendered":"<p>&nbsp; &nbsp; &nbsp; &nbsp; &nbsp; &nbsp; &nbsp; Russie et Isra\u00ebl \u2013 les deux poids-deux mesures de la condamnation internationale \u00a0 Gavin O&rsquo;Reilly \u00a0\u00a0\u00a0The Duran \u201315.12.2021 \u00a0\u00a0\u00a0\u00a0\u00a0\u00a0\u00a0\u00a0\u00a0\u00a0 Traduction : c.l. pour L.G.O. &nbsp; &nbsp; &nbsp; Gantz aux Am\u00e9ricains : J\u2019ai donn\u00e9 l\u2019ordre \u00e0 Tsahal de se pr\u00e9parer pour attaquer l\u2019Iran (ici\u00a0: Gantz \u00e0 gauche et Lloyd&#8230;<\/p>\n","protected":false},"author":1,"featured_media":0,"parent":0,"menu_order":0,"comment_status":"open","ping_status":"open","template":"","meta":[],"_links":{"self":[{"href":"https:\/\/blog.lesgrossesorchadeslesamplesthalameges.fr\/index.php\/wp-json\/wp\/v2\/pages\/15810"}],"collection":[{"href":"https:\/\/blog.lesgrossesorchadeslesamplesthalameges.fr\/index.php\/wp-json\/wp\/v2\/pages"}],"about":[{"href":"https:\/\/blog.lesgrossesorchadeslesamplesthalameges.fr\/index.php\/wp-json\/wp\/v2\/types\/page"}],"author":[{"embeddable":true,"href":"https:\/\/blog.lesgrossesorchadeslesamplesthalameges.fr\/index.php\/wp-json\/wp\/v2\/users\/1"}],"replies":[{"embeddable":true,"href":"https:\/\/blog.lesgrossesorchadeslesamplesthalameges.fr\/index.php\/wp-json\/wp\/v2\/comments?post=15810"}],"version-history":[{"count":5,"href":"https:\/\/blog.lesgrossesorchadeslesamplesthalameges.fr\/index.php\/wp-json\/wp\/v2\/pages\/15810\/revisions"}],"predecessor-version":[{"id":15816,"href":"https:\/\/blog.lesgrossesorchadeslesamplesthalameges.fr\/index.php\/wp-json\/wp\/v2\/pages\/15810\/revisions\/15816"}],"wp:attachment":[{"href":"https:\/\/blog.lesgrossesorchadeslesamplesthalameges.fr\/index.php\/wp-json\/wp\/v2\/media?parent=15810"}],"curies":[{"name":"wp","href":"https:\/\/api.w.org\/{rel}","templated":true}]}}