{"id":15818,"date":"2021-12-16T23:02:06","date_gmt":"2021-12-16T22:02:06","guid":{"rendered":"http:\/\/blog.lesgrossesorchadeslesamplesthalameges.fr\/?page_id=15818"},"modified":"2021-12-16T23:03:49","modified_gmt":"2021-12-16T22:03:49","slug":"covid-19-plus-de-15-000-medecins-dans-le-monde-denoncent-des-attaques-sans-precedent","status":"publish","type":"page","link":"https:\/\/blog.lesgrossesorchadeslesamplesthalameges.fr\/index.php\/covid-19-plus-de-15-000-medecins-dans-le-monde-denoncent-des-attaques-sans-precedent\/","title":{"rendered":"COVID-19 : plus de 15.000 m\u00e9decins dans le monde d\u00e9noncent des \u00ab attaques sans pr\u00e9c\u00e9dent \u00bb"},"content":{"rendered":"<p>&nbsp;<\/p>\n<p>&nbsp;<\/p>\n<p>&nbsp;<\/p>\n<p>&nbsp;<\/p>\n<p>&nbsp;<\/p>\n<p>&nbsp;<\/p>\n<p>&nbsp;<\/p>\n<p>&nbsp;<\/p>\n<p style=\"text-align: left;\"><span style=\"font-family: times new roman, times, serif; font-size: 18pt;\"><strong><em>Contre la Pand\u00e9mie de Peur, la Pand\u00e9mie de Conformisme et la Pand\u00e9mie de Volupt\u00e9 d\u2019ob\u00e9ir, qui sont toutes des Pand\u00e9mies d\u2019\u00c9gocentrisme\u2026<\/em><\/strong><\/span><\/p>\n<p><span style=\"font-family: times new roman, times, serif; font-size: 14pt;\"><strong><em>\u00a0<\/em><\/strong><\/span><\/p>\n<p><span style=\"font-family: comic sans ms, sans-serif; font-size: 14pt;\">Les m\u00e9decins et scientifiques russes avaient \u00e9t\u00e9 pr\u00e9c\u00e9d\u00e9s, dans les pays que ces pestes ont touch\u00e9s en premier ou plus durement, par des confr\u00e8res de toutes disciplines et de tous horizons\u00a0:<\/span><\/p>\n<p><span style=\"font-family: times new roman, times, serif; font-size: 14pt;\"><strong><em>\u00a0<\/em><\/strong><\/span><\/p>\n<p>&nbsp;<\/p>\n<p style=\"text-align: center;\"><strong><span style=\"font-family: times new roman, times, serif; font-size: 36pt;\">COVID-19 : plus de 15.000 m\u00e9decins dans le monde d\u00e9noncent des \u00ab\u00a0attaques sans pr\u00e9c\u00e9dent\u00a0\u00bb<\/span><\/strong><\/p>\n<h1><\/h1>\n<p>&nbsp;<\/p>\n<p>&nbsp;<\/p>\n<p>&nbsp;<\/p>\n<p style=\"text-align: center;\"><span style=\"font-family: times new roman, times, serif; font-size: 14pt;\"><strong><em>\u00a0<a href=\"http:\/\/blog.lesgrossesorchadeslesamplesthalameges.fr\/index.php\/2021\/12\/16\/a-la-guerre-comme-a-la-guerre-bis\/13-medeins-rome\/\" rel=\"attachment wp-att-15787\"><img loading=\"lazy\" class=\"alignnone wp-image-15787 size-full\" src=\"http:\/\/blog.lesgrossesorchadeslesamplesthalameges.fr\/wp-content\/uploads\/2021\/12\/13.-M\u00e9deins-Rome.jpg\" alt=\"\" width=\"640\" height=\"426\" srcset=\"https:\/\/blog.lesgrossesorchadeslesamplesthalameges.fr\/wp-content\/uploads\/2021\/12\/13.-M\u00e9deins-Rome.jpg 640w, https:\/\/blog.lesgrossesorchadeslesamplesthalameges.fr\/wp-content\/uploads\/2021\/12\/13.-M\u00e9deins-Rome-300x200.jpg 300w\" sizes=\"(max-width: 640px) 100vw, 640px\" \/><\/a><\/em><\/strong><\/span><\/p>\n<p>&nbsp;<\/p>\n<p>&nbsp;<\/p>\n<p><span style=\"font-family: times new roman, times, serif; font-size: 14pt;\"><strong><em>\u00a0<\/em><\/strong><\/span><\/p>\n<p style=\"text-align: justify;\"><span style=\"font-family: comic sans ms, sans-serif; font-size: 14pt;\">Ces vigilants m\u00e9decins et scientifiques m\u00e9dicaux avaient d\u00e9j\u00e0 sign\u00e9 la \u00ab\u00a0D\u00e9claration de Rome sur le Covid\u00a0\u00bb,\u00a0 appel international destin\u00e9 \u00e0 d\u00e9noncer l&rsquo;ing\u00e9rence du pseudo-politique et du <em>business<\/em> dans le libre arbitre des m\u00e9decins et des autres acteurs de professions m\u00e9dicales<\/span><\/p>\n<p>&nbsp;<\/p>\n<p style=\"text-align: justify; padding-left: 120px;\"><span style=\"font-family: times new roman, times, serif; font-size: 14pt;\">\u00ab\u00a0Les gouvernements, les m\u00e9dias <em>mainstream<\/em>, les g\u00e9ants de la pharmacie et de l&rsquo;Internet se mobilisent comme jamais pour faire la promotion de la vaccination massive et aveugle qui est pratiqu\u00e9e pour nous \u00ab\u00a0prot\u00e9ger\u00a0\u00bb de la <a href=\"https:\/\/www.notre-planete.info\/actualites\/4135-coronavirus-epidemie-Chine-Europe-monde\">pand\u00e9mie de COVID-19<\/a>. Tous les moyens propres aux r\u00e9gimes dictatoriaux sont utilis\u00e9s : propagande massive sur tous les r\u00e9seaux de communication, censure et d\u00e9nigrement des voix dissidentes, pression financi\u00e8re, arrestations, manifestations r\u00e9prim\u00e9es violemment&#8230;<\/span><\/p>\n<p style=\"text-align: justify; padding-left: 120px;\"><span style=\"font-family: times new roman, times, serif; font-size: 14pt;\">Les soignants, applaudis il y a un an lorsqu&rsquo;ils \u00e9taient en premi\u00e8re ligne face \u00e0 une \u00e9pid\u00e9mie \u00e9mergente, sont maintenant contraints d&rsquo;adh\u00e9rer \u00e0 des choix politiques arbitraires sous peine d&rsquo;\u00eatre radi\u00e9s de leurs fonctions.\u00a0\u00bb<\/span><\/p>\n<p>&nbsp;<\/p>\n<p><strong><span style=\"font-family: times new roman, times, serif; font-size: 24pt;\">Les m\u00e9decins du monde entier s&rsquo;allient pour d\u00e9fendre leurs patients et le serment d&rsquo;Hippocrate<\/span><\/strong><\/p>\n<p>&nbsp;<\/p>\n<p style=\"text-align: justify;\"><span style=\"font-family: times new roman, times, serif; font-size: 14pt;\">Face aux d\u00e9cisions politiques insens\u00e9es et dangereuses des gouvernements, principalement occidentaux, plusieurs milliers de m\u00e9decins et scientifiques m\u00e9dicaux dans le monde entier ont fond\u00e9 une alliance internationale de m\u00e9decins et scientifiques \u00ab\u00a0d\u00e9termin\u00e9s \u00e0 dire la v\u00e9rit\u00e9 aux pouvoirs sur la recherche et le traitement de la pand\u00e9mie de Covid\u00a0\u00bb.<\/span><\/p>\n<p>&nbsp;<\/p>\n<p><strong><span style=\"font-family: times new roman, times, serif; font-size: 20pt;\">1<sup>\u00e8re<\/sup> d\u00e9claration de l&rsquo;alliance des m\u00e9decins<\/span><\/strong><\/p>\n<p>&nbsp;<\/p>\n<p><span style=\"font-family: times new roman, times, serif; font-size: 14pt;\">\u00c0 l&rsquo;occasion du <a href=\"https:\/\/globalcovidsummit.org\"><em>Global Covid Summit<\/em><\/a> qui s&rsquo;est tenu du 12 au 14 septembre 2021 \u00e0 Rome, ils ont sign\u00e9 une <a href=\"https:\/\/doctorsandscientistsdeclaration.org\/original\/\">premi\u00e8re d\u00e9claration<\/a> qui est<\/span><\/p>\n<p>&nbsp;<\/p>\n<p style=\"text-align: justify; padding-left: 120px;\"><span style=\"font-family: times new roman, times, serif; font-size: 14pt;\">\u00ab\u00a0un cri de guerre des m\u00e9decins qui se battent quotidiennement pour le droit de traiter leurs patients et le droit des patients de recevoir ces traitements &#8211; sans crainte d&rsquo;ing\u00e9rence, de repr\u00e9sailles ou de censure de la part du gouvernement, des pharmacies, des soci\u00e9t\u00e9s pharmaceutiques et des grandes technologies. Nous exigeons que ces groupes se retirent et honorent le caract\u00e8re sacr\u00e9 et l&rsquo;int\u00e9grit\u00e9 de la relation patient-m\u00e9decin, la maxime fondamentale \u201cD&rsquo;abord ne pas nuire\u201d et la libert\u00e9 des patients et des m\u00e9decins de prendre des d\u00e9cisions m\u00e9dicales \u00e9clair\u00e9es. Des vies en d\u00e9pendent.\u00a0\u00bb<\/span><\/p>\n<p>&nbsp;<\/p>\n<p style=\"text-align: justify;\"><span style=\"font-family: times new roman, times, serif; font-size: 14pt;\">D\u00e9but d\u00e9cembre 2021, ils \u00e9taient d\u00e9j\u00e0 <strong>plus de 15 000 m\u00e9decins et scientifiques m\u00e9dicaux \u00e0 avoir sign\u00e9 cette d\u00e9claration<\/strong> dont le Dr. Robert Malone, l&rsquo;un des inventeurs du vaccin \u00e0 ARN messager, Peter McCullough, c\u00e9l\u00e8bre cardiologue am\u00e9ricain, Geert Vanden Bossche, sp\u00e9cialiste mondialement reconnu de la recherche sur les vaccins et bien d&rsquo;autres docteurs.<\/span><\/p>\n<p>&nbsp;<\/p>\n<p>&nbsp;<\/p>\n<p><span style=\"font-family: courier new, courier, monospace; font-size: 18pt;\">D\u00c9CLARATION DES M\u00c9DECINS <\/span><\/p>\n<p><span style=\"font-family: courier new, courier, monospace; font-size: 18pt;\">SOMMET MONDIAL DU COVID \u2013 ROME, ITALIE\u00a0<\/span><\/p>\n<p><span style=\"font-family: courier new, courier, monospace; font-size: 14pt;\">Alliance Internationale des M\u00e9decins et des Scientifiques M\u00e9dicaux\u00a0<\/span><\/p>\n<p><span style=\"font-family: courier new, courier, monospace; font-size: 14pt;\">Septembre 2021\u00a0<\/span><\/p>\n<p>&nbsp;<\/p>\n<p><span style=\"font-family: courier new, courier, monospace; font-size: 14pt;\">Nous, m\u00e9decins du monde, unis et fid\u00e8les au serment d&rsquo;Hippocrate, reconnaissant que la profession de m\u00e9decin telle que nous la connaissons est \u00e0 la crois\u00e9e des chemins, sommes contraints de d\u00e9clarer ce qui suit ;<\/span><\/p>\n<p><span style=\"font-family: courier new, courier, monospace; font-size: 14pt;\">\u00a0<\/span><\/p>\n<p><span style=\"font-family: courier new, courier, monospace; font-size: 14pt;\">VU QU&rsquo;il est de notre plus grande responsabilit\u00e9 et de notre plus grand devoir de maintenir et de restaurer la dignit\u00e9, l&rsquo;int\u00e9grit\u00e9, l&rsquo;art et la science de la m\u00e9decine ;\u00a0<\/span><\/p>\n<p>&nbsp;<\/p>\n<p><span style=\"font-family: courier new, courier, monospace; font-size: 14pt;\">VU QUE notre capacit\u00e9 \u00e0 prendre soin de nos patients fait l&rsquo;objet d&rsquo;une attaque sans pr\u00e9c\u00e9dent ;\u00a0<\/span><\/p>\n<p>&nbsp;<\/p>\n<p><span style=\"font-family: courier new, courier, monospace; font-size: 14pt;\">VU QUE les d\u00e9cideurs publics ont choisi d&rsquo;imposer une strat\u00e9gie de traitement \u201ctaille unique\u201d, entra\u00eenant des maladies et des d\u00e9c\u00e8s inutiles, plut\u00f4t que de d\u00e9fendre les concepts fondamentaux de l&rsquo;approche individualis\u00e9e et personnalis\u00e9e des soins aux patients, qui s&rsquo;est av\u00e9r\u00e9e s\u00fbre et plus efficace ;\u00a0<\/span><\/p>\n<p>&nbsp;<\/p>\n<p><span style=\"font-family: courier new, courier, monospace; font-size: 14pt;\">VU QUE les m\u00e9decins et les autres fournisseurs de soins de sant\u00e9 qui travaillent en premi\u00e8re ligne, en utilisant leurs connaissances en \u00e9pid\u00e9miologie, en pathophysiologie et en pharmacologie, sont souvent les premiers \u00e0 identifier de nouveaux traitements susceptibles de sauver des vies ;\u00a0<\/span><\/p>\n<p>&nbsp;<\/p>\n<p><span style=\"font-family: courier new, courier, monospace; font-size: 14pt;\">CONSID\u00c9RANT que les m\u00e9decins sont de plus en plus d\u00e9courag\u00e9s de s&rsquo;engager dans un discours professionnel ouvert et d&rsquo;\u00e9changer des id\u00e9es sur les maladies nouvelles et \u00e9mergentes, ce qui met en danger non seulement l&rsquo;essence de la profession m\u00e9dicale, mais surtout, plus tragiquement, la vie de nos patients ;\u00a0<\/span><\/p>\n<p>&nbsp;<\/p>\n<p><span style=\"font-family: courier new, courier, monospace; font-size: 14pt;\">CONSID\u00c9RANT que des milliers de m\u00e9decins sont emp\u00each\u00e9s de fournir un traitement \u00e0 leurs patients, en raison des barri\u00e8res \u00e9rig\u00e9es par les pharmacies, les h\u00f4pitaux et les agences de sant\u00e9 publique, ce qui rend la grande majorit\u00e9 des prestataires de soins de sant\u00e9 impuissants \u00e0 prot\u00e9ger leurs patients face \u00e0 la maladie. Les m\u00e9decins conseillent maintenant \u00e0 leurs patients de simplement rentrer chez eux (permettant ainsi au virus de se r\u00e9pliquer) et de revenir lorsque leur maladie s&rsquo;aggrave, ce qui entra\u00eene des centaines de milliers de d\u00e9c\u00e8s inutiles de patients, en raison de l&rsquo;absence de traitement ;\u00a0<\/span><\/p>\n<p>&nbsp;<\/p>\n<p><span style=\"font-family: courier new, courier, monospace; font-size: 14pt;\">CONSID\u00c9RANT que ceci n&rsquo;est pas de la m\u00e9decine. Ce ne sont pas des soins. Ces politiques peuvent en fait constituer des crimes contre l&rsquo;humanit\u00e9.<\/span><\/p>\n<p><span style=\"font-family: courier new, courier, monospace; font-size: 14pt;\">\u00a0<\/span><\/p>\n<p><span style=\"font-family: courier new, courier, monospace; font-size: 14pt;\">PAR CONS\u00c9QUENT, <\/span><\/p>\n<p><span style=\"font-family: courier new, courier, monospace; font-size: 14pt;\">IL EST\u00a0R\u00c9SOLU, que la relation m\u00e9decin-patient doit \u00eatre restaur\u00e9e. Le c\u0153ur m\u00eame de la m\u00e9decine est cette relation, qui permet aux m\u00e9decins de mieux comprendre leurs patients et leurs maladies, de formuler des traitements qui donnent les meilleures chances de succ\u00e8s, tandis que le patient est un participant actif \u00e0 ses soins.\u00a0<\/span><\/p>\n<p>&nbsp;<\/p>\n<p><span style=\"font-family: courier new, courier, monospace; font-size: 14pt;\">R\u00c9SOLU, que l&rsquo;intrusion politique dans la pratique de la m\u00e9decine et la relation m\u00e9decin\/patient doit cesser. Les m\u00e9decins, et tous les prestataires de soins de sant\u00e9, doivent \u00eatre libres de pratiquer l&rsquo;art et la science de la m\u00e9decine sans crainte de repr\u00e9sailles, de censure, de calomnie ou de mesures disciplinaires, y compris la perte \u00e9ventuelle de l&rsquo;autorisation d&rsquo;exercer et des privil\u00e8ges hospitaliers, la perte des contrats d&rsquo;assurance et l&rsquo;ing\u00e9rence des entit\u00e9s et organisations gouvernementales \u2013 qui nous emp\u00eachent encore davantage de soigner les patients dans le besoin. Plus que jamais, le droit et la capacit\u00e9 d&rsquo;\u00e9changer des r\u00e9sultats scientifiques objectifs, qui font progresser notre compr\u00e9hension des maladies, doivent \u00eatre prot\u00e9g\u00e9s.\u00a0<\/span><\/p>\n<p>&nbsp;<\/p>\n<p><span style=\"font-family: courier new, courier, monospace; font-size: 14pt;\">IL EST R\u00c9SOLU que les m\u00e9decins doivent d\u00e9fendre leur droit de prescrire des traitements, en respectant le principe \u201cD&rsquo;ABORD, NE PAS NUIRE\u201d. Les m\u00e9decins ne doivent pas \u00eatre emp\u00each\u00e9s de prescrire des traitements s\u00fbrs et efficaces. Ces restrictions continuent de provoquer des maladies et des d\u00e9c\u00e8s inutiles. Les droits des patients, apr\u00e8s avoir \u00e9t\u00e9 pleinement inform\u00e9s des risques et des avantages de chaque option, doivent \u00eatre r\u00e9tablis pour recevoir ces traitements.\u00a0<\/span><\/p>\n<p>&nbsp;<\/p>\n<p><span style=\"font-family: courier new, courier, monospace; font-size: 14pt;\">IL EST R\u00c9SOLU que nous invitons les m\u00e9decins du monde entier et tous les prestataires de soins de sant\u00e9 \u00e0 nous rejoindre dans cette noble cause, alors que nous nous effor\u00e7ons de restaurer la confiance, l&rsquo;int\u00e9grit\u00e9 et le professionnalisme dans la pratique de la m\u00e9decine.\u00a0<\/span><\/p>\n<p>&nbsp;<\/p>\n<p><span style=\"font-family: courier new, courier, monospace; font-size: 14pt;\">R\u00c9SOLU, nous invitons les scientifiques du monde entier, qui sont comp\u00e9tents en mati\u00e8re de recherche biom\u00e9dicale et qui respectent les normes \u00e9thiques et morales les plus \u00e9lev\u00e9es, \u00e0 insister sur leur capacit\u00e9 \u00e0 mener et \u00e0 publier des recherches objectives et empiriques sans craindre de repr\u00e9sailles sur leur carri\u00e8re, leur r\u00e9putation et leurs moyens de subsistance.\u00a0<\/span><\/p>\n<p>&nbsp;<\/p>\n<p><span style=\"font-family: courier new, courier, monospace; font-size: 14pt;\">R\u00c9SOLU, que nous invitons les patients, qui croient en l&rsquo;importance de la relation m\u00e9decin-patient et en la possibilit\u00e9 de participer activement \u00e0 leurs soins, \u00e0 exiger l&rsquo;acc\u00e8s \u00e0 des soins m\u00e9dicaux fond\u00e9s sur la science.\u00a0<\/span><\/p>\n<p>&nbsp;<\/p>\n<p><span style=\"font-family: courier new, courier, monospace; font-size: 14pt;\">EN FOI DE QUOI, le soussign\u00e9 a sign\u00e9 la pr\u00e9sente d\u00e9claration \u00e0 la date indiqu\u00e9e en premier lieu.\u00a0<\/span><\/p>\n<p>&nbsp;<\/p>\n<p><span style=\"font-family: courier new, courier, monospace; font-size: 14pt;\"><strong>[\u2026]<\/strong><\/span><\/p>\n<p>&nbsp;<\/p>\n<p><strong><span style=\"font-family: times new roman, times, serif; font-size: 20pt;\">2e d\u00e9claration de l&rsquo;alliance de m\u00e9decins pour prot\u00e9ger les enfants<\/span><\/strong><\/p>\n<p>&nbsp;<\/p>\n<p style=\"text-align: justify;\"><span style=\"font-family: times new roman, times, serif; font-size: 14pt;\">Le 29 octobre 2021, les milliers de m\u00e9decins et scientifiques r\u00e9unis dans le cadre de cette alliance ont sign\u00e9 une <a href=\"https:\/\/globalcovidsummit.org\/news\/thousands-of-physicians-and-scientists-reach-consensus-on-vaccinating-children-and-natural-immunity\">deuxi\u00e8me d\u00e9claration<\/a> visant \u00e0 prot\u00e9ger la sant\u00e9 des enfants face \u00e0 la pression vaccinale.<\/span><\/p>\n<p>&nbsp;<\/p>\n<p style=\"text-align: justify;\"><span style=\"font-family: times new roman, times, serif; font-size: 14pt;\">\u00ab\u00a0Le consensus est clair parmi les m\u00e9decins et les docteurs en m\u00e9decine : apr\u00e8s 20 mois de recherches exhaustives, des millions de patients trait\u00e9s, des centaines d&rsquo;essais cliniques r\u00e9alis\u00e9s et des donn\u00e9es scientifiques partag\u00e9es dans le monde, ils concluent que les enfants en bonne sant\u00e9 ou ayant r\u00e9cup\u00e9r\u00e9 du COVID devraient \u00eatre exclus des obligations vaccinales et des restrictions sociales.<\/span><\/p>\n<p>&nbsp;<\/p>\n<p style=\"text-align: justify;\"><span style=\"font-family: times new roman, times, serif; font-size: 14pt;\">Les m\u00e9decins recommandent \u00e9galement des mesures l\u00e9gislatives et administratives, pour \u00e9viter d&rsquo;interrompre les traitements des m\u00e9decins, ou de mettre davantage en danger les enfants en bonne sant\u00e9 ou ayant r\u00e9cup\u00e9r\u00e9 du COVID.\u00a0\u00bb explique l&rsquo;alliance.<\/span><\/p>\n<p>&nbsp;<\/p>\n<p style=\"text-align: justify;\"><span style=\"font-family: times new roman, times, serif; font-size: 14pt;\">Cette nouvelle d\u00e9claration intervient alors que <strong>des d\u00e9cisions arbitraires et infond\u00e9es sont prises pour forcer les enfants en bonne sant\u00e9 \u00e0 se faire vacciner, sans qu&rsquo;il n&rsquo;y ait aucun avantage dans la balance b\u00e9n\u00e9fice \/ risque<\/strong>, tout en imposant des mesures de plus en plus draconiennes contre des citoyens d\u00e9j\u00e0 immunis\u00e9s.<\/span><\/p>\n<p>&nbsp;<\/p>\n<p style=\"text-align: justify;\"><span style=\"font-family: times new roman, times, serif; font-size: 14pt;\">Les mesures insens\u00e9es et autoritaires prises principalement dans les pays occidentaux face \u00e0 cette pand\u00e9mie &#8211; extr\u00eamement peu l\u00e9tale chez les personnes non \u00e2g\u00e9es et en bonne sant\u00e9 &#8211; soul\u00e8vent de plus en plus de questions sur sa v\u00e9ritable origine et sa finalit\u00e9 alors que des <a href=\"https:\/\/www.notre-planete.info\/actualites\/4849-vaccins-COVID-19-risques-morts\">vaccins d\u00e9l\u00e9t\u00e8res et invalidants sont impos\u00e9s<\/a> de mani\u00e8re autoritaire, aveugle et sans garde-fou.<\/span><\/p>\n<p>&nbsp;<\/p>\n<p style=\"text-align: justify;\"><span style=\"font-family: times new roman, times, serif; font-size: 14pt;\">Bien s\u00fbr, un certain nombre de m\u00e9decins font la promotion des \u00ab\u00a0vaccins\u00a0\u00bb anti-COVID, ce sont eux les plus visibles dans les grands m\u00e9dias et ce sont eux qui sont consult\u00e9s par les d\u00e9cideurs. Cependant, leur position n&rsquo;est souvent pas neutre car ils per\u00e7oivent des indemnit\u00e9s et des avantages des laboratoires pharmaceutiques. Le <a href=\"https:\/\/www.eurosfordocs.fr\/dashboard\/professionnel_beneficiaire\">site web Euros for docs<\/a> permet de le v\u00e9rifier nominativement.<\/span><\/p>\n<p>&nbsp;<\/p>\n<h5><span style=\"font-family: times new roman, times, serif; font-size: 14pt;\">Auteur\u00a0:<\/span><\/h5>\n<p><span style=\"font-family: times new roman, times, serif; font-size: 14pt;\"><a href=\"http:\/\/blog.lesgrossesorchadeslesamplesthalameges.fr\/index.php\/covid-19-plus-de-15-000-medecins-dans-le-monde-denoncent-des-attaques-sans-precedent\/14-auteur-blog\/\" rel=\"attachment wp-att-15819\"><img loading=\"lazy\" class=\"alignnone size-full wp-image-15819\" src=\"http:\/\/blog.lesgrossesorchadeslesamplesthalameges.fr\/wp-content\/uploads\/2021\/12\/14.-Auteur-blog.jpg\" alt=\"\" width=\"100\" height=\"101\" \/><\/a><a href=\"https:\/\/www.notre-planete.info\/services\/membres\/membre.php?id=2\">Christophe Magdelaine \/ notre-planete.info<\/a><\/span><\/p>\n<p>&nbsp;<\/p>\n<h5><span style=\"font-family: times new roman, times, serif; font-size: 14pt;\">Source\u00a0:\u00a0 <a href=\"https:\/\/www.notre-planete.info\/actualites\/4866-declaration-medecins-vaccins-COVID\">COVID-19 : plus de 15 000 m\u00e9decins dans le monde d\u00e9noncent des \u00ab\u00a0attaques sans pr\u00e9c\u00e9dent\u00a0\u00bb<\/a> ; 12\/12\/2021 &#8211; www.notre-planete.info<\/span><\/h5>\n<p>&nbsp;<\/p>\n<p style=\"text-align: left;\"><span style=\"font-family: times new roman, times, serif; font-size: 14pt;\"><strong>URL de cet article\u00a0: <\/strong><a href=\"http:\/\/blog.lesgrossesorchadeslesamplesthalameges.fr\/index.php\/covid-19-plus-de-15-000-medecins-dans-le-monde-denoncent-des-attaques-sans-precedent\/\">http:\/\/blog.lesgrossesorchadeslesamplesthalameges.fr\/index.php\/covid-19-plus-de-15-000-medecins-dans-le-monde-denoncent-des-attaques-sans-precedent\/<\/a><br \/>\n<\/span><\/p>\n<p>&nbsp;<\/p>\n<p>&nbsp;<\/p>\n<p style=\"text-align: center;\"><a href=\"http:\/\/blog.lesgrossesorchadeslesamplesthalameges.fr\/index.php\/2021\/12\/16\/a-la-guerre-comme-a-la-guerre-bis\/000-n-n\/\" rel=\"attachment wp-att-15774\"><img loading=\"lazy\" class=\"alignnone size-full wp-image-15774\" src=\"http:\/\/blog.lesgrossesorchadeslesamplesthalameges.fr\/wp-content\/uploads\/2021\/12\/000.-N.N.gif\" alt=\"\" width=\"120\" height=\"127\" \/><\/a><\/p>\n<p>&nbsp;<\/p>\n<p>&nbsp;<\/p>\n<p style=\"text-align: right;\"><span style=\"font-family: comic sans ms, sans-serif; font-size: 14pt;\">D\u00e9cembre 2021<\/span><\/p>\n<p>&nbsp;<\/p>\n<p>&nbsp;<\/p>\n","protected":false},"excerpt":{"rendered":"<p>&nbsp; &nbsp; &nbsp; &nbsp; &nbsp; &nbsp; &nbsp; &nbsp; Contre la Pand\u00e9mie de Peur, la Pand\u00e9mie de Conformisme et la Pand\u00e9mie de Volupt\u00e9 d\u2019ob\u00e9ir, qui sont toutes des Pand\u00e9mies d\u2019\u00c9gocentrisme\u2026 \u00a0 Les m\u00e9decins et scientifiques russes avaient \u00e9t\u00e9 pr\u00e9c\u00e9d\u00e9s, dans les pays que ces pestes ont touch\u00e9s en premier ou plus durement, par des confr\u00e8res de&#8230;<\/p>\n","protected":false},"author":1,"featured_media":0,"parent":0,"menu_order":0,"comment_status":"open","ping_status":"open","template":"","meta":[],"_links":{"self":[{"href":"https:\/\/blog.lesgrossesorchadeslesamplesthalameges.fr\/index.php\/wp-json\/wp\/v2\/pages\/15818"}],"collection":[{"href":"https:\/\/blog.lesgrossesorchadeslesamplesthalameges.fr\/index.php\/wp-json\/wp\/v2\/pages"}],"about":[{"href":"https:\/\/blog.lesgrossesorchadeslesamplesthalameges.fr\/index.php\/wp-json\/wp\/v2\/types\/page"}],"author":[{"embeddable":true,"href":"https:\/\/blog.lesgrossesorchadeslesamplesthalameges.fr\/index.php\/wp-json\/wp\/v2\/users\/1"}],"replies":[{"embeddable":true,"href":"https:\/\/blog.lesgrossesorchadeslesamplesthalameges.fr\/index.php\/wp-json\/wp\/v2\/comments?post=15818"}],"version-history":[{"count":10,"href":"https:\/\/blog.lesgrossesorchadeslesamplesthalameges.fr\/index.php\/wp-json\/wp\/v2\/pages\/15818\/revisions"}],"predecessor-version":[{"id":15829,"href":"https:\/\/blog.lesgrossesorchadeslesamplesthalameges.fr\/index.php\/wp-json\/wp\/v2\/pages\/15818\/revisions\/15829"}],"wp:attachment":[{"href":"https:\/\/blog.lesgrossesorchadeslesamplesthalameges.fr\/index.php\/wp-json\/wp\/v2\/media?parent=15818"}],"curies":[{"name":"wp","href":"https:\/\/api.w.org\/{rel}","templated":true}]}}