{"id":15831,"date":"2021-12-16T23:11:17","date_gmt":"2021-12-16T22:11:17","guid":{"rendered":"http:\/\/blog.lesgrossesorchadeslesamplesthalameges.fr\/?page_id=15831"},"modified":"2021-12-16T23:12:44","modified_gmt":"2021-12-16T22:12:44","slug":"15831-2","status":"publish","type":"page","link":"https:\/\/blog.lesgrossesorchadeslesamplesthalameges.fr\/index.php\/15831-2\/","title":{"rendered":""},"content":{"rendered":"<p>&nbsp;<\/p>\n<p>&nbsp;<\/p>\n<p>&nbsp;<\/p>\n<p>&nbsp;<\/p>\n<p>&nbsp;<\/p>\n<p>&nbsp;<\/p>\n<p>&nbsp;<\/p>\n<p style=\"text-align: center;\"><span style=\"font-family: times new roman, times, serif; font-size: 36pt;\"><strong>La grande arnaque<\/strong><\/span><\/p>\n<p style=\"text-align: center;\"><span style=\"font-family: times new roman, times, serif; font-size: 14pt;\"><em>\u00a0<\/em><\/span><\/p>\n<p style=\"text-align: center;\"><span style=\"font-family: times new roman, times, serif; font-size: 18pt;\"><strong><em>Strategika 51<\/em><\/strong><strong> \u2013 15.12.2021<\/strong><\/span><\/p>\n<p><span style=\"font-family: times new roman, times, serif; font-size: 14pt;\"><strong>\u00a0<\/strong><\/span><\/p>\n<p><span style=\"font-family: times new roman, times, serif; font-size: 14pt;\"><strong>\u00a0<\/strong><\/span><\/p>\n<p>&nbsp;<\/p>\n<p style=\"text-align: center;\"><span style=\"font-family: times new roman, times, serif; font-size: 14pt;\"><strong>\u00a0<a href=\"http:\/\/blog.lesgrossesorchadeslesamplesthalameges.fr\/index.php\/2021\/12\/16\/a-la-guerre-comme-a-la-guerre-bis\/15-coronavirus\/\" rel=\"attachment wp-att-15788\"><img loading=\"lazy\" class=\"alignnone wp-image-15788 size-full\" src=\"http:\/\/blog.lesgrossesorchadeslesamplesthalameges.fr\/wp-content\/uploads\/2021\/12\/15.-Coronavirus.jpg\" alt=\"\" width=\"600\" height=\"315\" srcset=\"https:\/\/blog.lesgrossesorchadeslesamplesthalameges.fr\/wp-content\/uploads\/2021\/12\/15.-Coronavirus.jpg 600w, https:\/\/blog.lesgrossesorchadeslesamplesthalameges.fr\/wp-content\/uploads\/2021\/12\/15.-Coronavirus-300x158.jpg 300w\" sizes=\"(max-width: 600px) 100vw, 600px\" \/><\/a><\/strong><\/span><\/p>\n<p>&nbsp;<\/p>\n<p>&nbsp;<\/p>\n<p>&nbsp;<\/p>\n<p style=\"text-align: justify;\"><strong><span style=\"font-family: tahoma, arial, helvetica, sans-serif; font-size: 14pt;\">Pour l\u2019int\u00e9r\u00eat de la raison, il faut garder \u00e0 l\u2019esprit que tous les documents attestant d\u2019une ou plusieurs injection (s) d\u00e9livr\u00e9s par les autorit\u00e9s sanitaires en tant que sauf-conduit sont des faux grossiers et ne peuvent en aucun cas \u00eatre consid\u00e9r\u00e9s comme une quelques preuve d\u2019une immunisation contre le SARS-COV-2.<\/span><\/strong><\/p>\n<p>&nbsp;<\/p>\n<p style=\"text-align: justify;\"><span style=\"font-family: times new roman, times, serif; font-size: 14pt;\">De ce fait, l\u2019adaptation du droit visant \u00e0 criminaliser ce qui est consid\u00e9r\u00e9 comme un faux passe sanitaire est non seulement une aberration totale mais une absurdit\u00e9, puisque dans ce cas de figure pr\u00e9cis, c\u2019est l\u2019\u00c9tat qui devient de jure et de facto le premier faussaire avec une position de monopole.<\/span><\/p>\n<p>&nbsp;<\/p>\n<p style=\"text-align: justify;\"><span style=\"font-family: times new roman, times, serif; font-size: 14pt;\">En 2021, les \u00c9tats ne sont plus que des appareils d\u2019ex\u00e9cution et n\u2019ont plus aucune forme de souverainet\u00e9. Ce sont au mieux des outils de contr\u00f4le soci\u00e9tal disposant d\u2019un outil militaire \u00e0 la guise d\u2019instances supra-nationales et m\u00eame non-\u00e9tatiques. Le pr\u00e9texte COVID a mis \u00e0 nu l\u2019obsolescence de l\u2019\u00c9tat-nation et a confirm\u00e9 la mont\u00e9e en puissance d\u2019autres p\u00f4les de puissances disposant d\u2019un contr\u00f4le sur les ressources mon\u00e9taires, financi\u00e8res et les commodit\u00e9s de base au niveau mondial.<\/span><\/p>\n<p>&nbsp;<\/p>\n<p style=\"text-align: justify;\"><span style=\"font-family: times new roman, times, serif; font-size: 14pt;\">Une violation de la loi pour un faux passe sanitaire n\u2019est pas applicable pour un individu. C\u2019est le fait de l\u2019\u00c9tat et \u00e0 ce titre c\u2019est \u00e0 lui d\u2019assumer la responsabilit\u00e9 ou plut\u00f4t l\u2019irresponsabilit\u00e9 de son acte. Poursuivre des individus pour un suppos\u00e9 faux passe sanitaire qui n\u2019existe pas est d\u2019une absurdit\u00e9 digne d\u2019Ubu. C\u2019est m\u00eame un contre-sens. Mais dans le monde dans lequel nous vivons, l\u2019absurde est \u00e9rig\u00e9 au rang d\u2019un culte au service de la nouvelle relique pro-vaccinal (rappel sanitaire: les injections biochimiques anti-COVID ne sont pas, au sens strict, de vrais vaccins).<\/span><\/p>\n<p>&nbsp;<\/p>\n<p style=\"text-align: justify;\"><span style=\"font-family: times new roman, times, serif; font-size: 14pt;\">Des fonds souverains investissent dans ces vaccins pour des raisons \u00e9conomiques comme d\u2019autres pays attirent des \u00e9tudiants et leur donnent de vrais faux dipl\u00f4mes pour gonfler leur PIB ou aff\u00fbter leur \u201c<em>Soft Power<\/em>\u201d. Cependant, des grosses multinationales comme Pfizer ont des enjeux infiniment plus grands. Ils pr\u00e9conisent d\u00e9j\u00e0 un abonnement vaccinal trimestriel (et bient\u00f4t bimensuel) sous peine d\u2019annulation du sauf-conduit pi\u00e8ge \u00e0 gogos. La fin justifie toujours les moyens.<\/span><\/p>\n<p>&nbsp;<\/p>\n<p style=\"text-align: justify;\"><span style=\"font-family: times new roman, times, serif; font-size: 14pt;\">Affirmer quelques constats est passible d\u2019une accusation de complotisme. Un terme fourre-tout que n\u2019importe qui peut brandir de nos jours. Personne n\u2019y \u00e9chappe sauf si on est Bill Gates, Klaus Schwab, George Soros ou d\u2019autres magnifiques philanthropes qui ne pensent qu\u2019au bien-\u00eatre et le bonheur de l\u2019esp\u00e8ce humaine. Heureusement que nous profitons tous des lumi\u00e8res de leurs esprits sup\u00e9rieurs et misanthropes sinon on finira par se d\u00e9vorer les uns les autres comme dans un mauvais film de s\u00e9rie Z.<\/span><\/p>\n<p>&nbsp;<\/p>\n<p style=\"text-align: justify;\"><span style=\"font-family: times new roman, times, serif; font-size: 14pt;\">Force de loi ne laisse que tr\u00e8s peu de marge de man\u0153uvre \u00e0 un individu dress\u00e9 d\u00e8s son enfance \u00e0 ob\u00e9ir aux lois et aux institutions comme le pauvre chien de Pavlov. Et puis il y a d\u2019autres individus qui, sans jamais avoir vers\u00e9 dans la criminalit\u00e9 ou la r\u00e9bellion, sentent depuis leur enfance qu\u2019ils n\u2019ont jamais vraiment int\u00e9gr\u00e9 le moule; qu\u2019ils ne sont pas fait pour \u201c\u00e7a\u201d. Certains font semblant de se conformer au normatif impos\u00e9. D\u2019autres imitent Diog\u00e8ne le cynique avec des fortunes diverses et non sans casse. C\u2019est au cas pas cas et selon le contexte et les circonstances. Peu en sortent indemnes du rouleau compresseur du conformisme barbare et rigide qui caract\u00e9rise certaines soci\u00e9t\u00e9s artificielles en Europe et ailleurs. C\u2019est la faille que les nouveaux profiteurs de la crise COVID veulent \u00e9liminer par la mise en place d\u2019une double contrainte et une coercition juridique, soci\u00e9tale et environnementale.<\/span><\/p>\n<p>&nbsp;<\/p>\n<p style=\"text-align: justify;\"><span style=\"font-family: times new roman, times, serif; font-size: 14pt;\">Dans ce cas l\u00e0, il ne s\u2019agit plus d\u2019\u00eatre pour ou contre car c\u2019est un d\u00e9bat r\u00e9ducteur et fauss\u00e9 mais de conna\u00eetre l\u2019ampleur de l\u2019ing\u00e9nierie sociale du chaos et son dessein. C\u2019est un cas d\u2019\u00e9cole in\u00e9dit que les Saint-simoniens auraient approuv\u00e9 et applaudi des deux mains et des deux pieds, cousins rapproch\u00e9s des chimpanz\u00e9s qu\u2019ils furent, au nom du \u201cprogr\u00e8s\u201d de la \u201crace humaine\u201d (r\u00e9duite \u00e0 un seul type \u00e0 l\u2019\u00e9poque m\u00eame si les individus blonds aux yeux clairs appartenant \u00e0 d\u2019autres sph\u00e8res civilisationnelles se faisaient trucider comme barbares ou nouveaux Huns).<\/span><\/p>\n<p>&nbsp;<\/p>\n<p style=\"text-align: justify;\"><span style=\"font-family: times new roman, times, serif; font-size: 14pt;\">Nous vivons une immense arnaque doubl\u00e9e d\u2019une escroquerie inqualifiable. Le r\u00e9veil sera tr\u00e8s dur pour la plupart d\u2019entre-nous.<\/span><\/p>\n<p>&nbsp;<\/p>\n<p style=\"text-align: justify;\"><span style=\"font-family: times new roman, times, serif; font-size: 14pt;\">Le faux n\u2019est pas celui que l\u2019on croit. La v\u00e9rit\u00e9 est ailleurs.<\/span><\/p>\n<p>&nbsp;<\/p>\n<p style=\"text-align: right;\"><span style=\"font-family: times new roman, times, serif; font-size: 14pt;\">pcc. Complotiste.\u00a0<\/span><\/p>\n<p>&nbsp;<\/p>\n<p><span style=\"font-family: times new roman, times, serif; font-size: 14pt;\">Source\u00a0: <a href=\"https:\/\/strategika51.org\/2021\/12\/15\/la-grande-arnaque\/\">https:\/\/strategika51.org\/2021\/12\/15\/la-grande-arnaque\/<\/a><\/span><\/p>\n<p style=\"text-align: left;\"><strong><span style=\"font-family: times new roman, times, serif; font-size: 14pt;\">URL de cet article : <\/span><\/strong><a href=\"http:\/\/blog.lesgrossesorchadeslesamplesthalameges.fr\/index.php\/15831-2\/\"><span style=\"font-family: times new roman, times, serif; font-size: 14pt;\">http:\/\/blog.lesgrossesorchadeslesamplesthalameges.fr\/index.php\/15831-2\/<\/span><\/a><strong><span style=\"font-family: times new roman, times, serif; font-size: 14pt;\"><br \/>\n<\/span><\/strong><\/p>\n<p>&nbsp;<\/p>\n<p>&nbsp;<\/p>\n<p style=\"text-align: center;\"><a href=\"http:\/\/blog.lesgrossesorchadeslesamplesthalameges.fr\/index.php\/2021\/12\/16\/a-la-guerre-comme-a-la-guerre-bis\/000-n-n\/\" rel=\"attachment wp-att-15774\"><img loading=\"lazy\" class=\"alignnone size-full wp-image-15774\" src=\"http:\/\/blog.lesgrossesorchadeslesamplesthalameges.fr\/wp-content\/uploads\/2021\/12\/000.-N.N.gif\" alt=\"\" width=\"120\" height=\"127\" \/><\/a><\/p>\n<p>&nbsp;<\/p>\n<p>&nbsp;<\/p>\n<p style=\"text-align: right;\"><span style=\"font-family: comic sans ms, sans-serif; font-size: 14pt;\">D\u00e9cembre 2021<\/span><\/p>\n<p>&nbsp;<\/p>\n<p>&nbsp;<\/p>\n","protected":false},"excerpt":{"rendered":"<p>&nbsp; &nbsp; &nbsp; &nbsp; &nbsp; &nbsp; &nbsp; La grande arnaque \u00a0 Strategika 51 \u2013 15.12.2021 \u00a0 \u00a0 &nbsp; \u00a0 &nbsp; &nbsp; &nbsp; Pour l\u2019int\u00e9r\u00eat de la raison, il faut garder \u00e0 l\u2019esprit que tous les documents attestant d\u2019une ou plusieurs injection (s) d\u00e9livr\u00e9s par les autorit\u00e9s sanitaires en tant que sauf-conduit sont des faux grossiers&#8230;<\/p>\n","protected":false},"author":1,"featured_media":0,"parent":0,"menu_order":0,"comment_status":"open","ping_status":"open","template":"","meta":[],"_links":{"self":[{"href":"https:\/\/blog.lesgrossesorchadeslesamplesthalameges.fr\/index.php\/wp-json\/wp\/v2\/pages\/15831"}],"collection":[{"href":"https:\/\/blog.lesgrossesorchadeslesamplesthalameges.fr\/index.php\/wp-json\/wp\/v2\/pages"}],"about":[{"href":"https:\/\/blog.lesgrossesorchadeslesamplesthalameges.fr\/index.php\/wp-json\/wp\/v2\/types\/page"}],"author":[{"embeddable":true,"href":"https:\/\/blog.lesgrossesorchadeslesamplesthalameges.fr\/index.php\/wp-json\/wp\/v2\/users\/1"}],"replies":[{"embeddable":true,"href":"https:\/\/blog.lesgrossesorchadeslesamplesthalameges.fr\/index.php\/wp-json\/wp\/v2\/comments?post=15831"}],"version-history":[{"count":4,"href":"https:\/\/blog.lesgrossesorchadeslesamplesthalameges.fr\/index.php\/wp-json\/wp\/v2\/pages\/15831\/revisions"}],"predecessor-version":[{"id":15836,"href":"https:\/\/blog.lesgrossesorchadeslesamplesthalameges.fr\/index.php\/wp-json\/wp\/v2\/pages\/15831\/revisions\/15836"}],"wp:attachment":[{"href":"https:\/\/blog.lesgrossesorchadeslesamplesthalameges.fr\/index.php\/wp-json\/wp\/v2\/media?parent=15831"}],"curies":[{"name":"wp","href":"https:\/\/api.w.org\/{rel}","templated":true}]}}