{"id":15961,"date":"2021-12-23T20:31:22","date_gmt":"2021-12-23T19:31:22","guid":{"rendered":"http:\/\/blog.lesgrossesorchadeslesamplesthalameges.fr\/?page_id=15961"},"modified":"2021-12-23T20:34:22","modified_gmt":"2021-12-23T19:34:22","slug":"15961-2","status":"publish","type":"page","link":"https:\/\/blog.lesgrossesorchadeslesamplesthalameges.fr\/index.php\/15961-2\/","title":{"rendered":"Les gens demandent. Je r\u00e9ponds. \u00c0 la va-vite."},"content":{"rendered":"<p>&nbsp;<\/p>\n<p>&nbsp;<\/p>\n<p>&nbsp;<\/p>\n<p>&nbsp;<\/p>\n<p>&nbsp;<\/p>\n<p>&nbsp;<\/p>\n<p>&nbsp;<\/p>\n<p>&nbsp;<\/p>\n<p><span style=\"font-family: times new roman, times, serif; font-size: 14pt;\"><strong><a href=\"https:\/\/smoothiex12.blogspot.com\/2021\/11\/but-what-ifor-here-we-go-again.html\"><span style=\"font-size: 24pt;\">R\u00e9miniscence du futur\u2026<\/span><\/a><\/strong><\/span><\/p>\n<p><span style=\"font-family: times new roman, times, serif; font-size: 14pt;\"><em>Si Vis Pacem, Para Vinum<\/em> \u00a0<\/span><\/p>\n<p>&nbsp;<\/p>\n<p>&nbsp;<\/p>\n<p style=\"text-align: right;\"><a href=\"http:\/\/blog.lesgrossesorchadeslesamplesthalameges.fr\/index.php\/2021\/12\/23\/guerre-et-paix\/10-si-vis-pacem\/\" rel=\"attachment wp-att-15914\"><img loading=\"lazy\" class=\"alignnone wp-image-15914\" src=\"http:\/\/blog.lesgrossesorchadeslesamplesthalameges.fr\/wp-content\/uploads\/2021\/12\/10.-Si-vis-pacem-215x300.jpg\" alt=\"\" width=\"200\" height=\"279\" srcset=\"https:\/\/blog.lesgrossesorchadeslesamplesthalameges.fr\/wp-content\/uploads\/2021\/12\/10.-Si-vis-pacem-215x300.jpg 215w, https:\/\/blog.lesgrossesorchadeslesamplesthalameges.fr\/wp-content\/uploads\/2021\/12\/10.-Si-vis-pacem.jpg 250w\" sizes=\"(max-width: 200px) 100vw, 200px\" \/><\/a><\/p>\n<p style=\"text-align: right;\"><span style=\"font-family: times new roman, times, serif; font-size: 12pt;\"><strong><em>Pour 9,60 \u20ac, c\u2019est donn\u00e9.<\/em><\/strong><\/span><\/p>\n<p><span style=\"font-family: times new roman, times, serif; font-size: 14pt;\"><strong>\u00a0<\/strong><\/span><\/p>\n<p>&nbsp;<\/p>\n<p>&nbsp;<\/p>\n<p style=\"text-align: center;\"><span style=\"font-family: times new roman, times, serif; font-size: 36pt;\"><strong>Les gens demandent. Je r\u00e9ponds. \u00c0 la va-vite.<\/strong><\/span><\/p>\n<p style=\"text-align: center;\"><span style=\"font-family: times new roman, times, serif; font-size: 14pt;\"><strong><em>\u00a0<\/em><\/strong><\/span><\/p>\n<p style=\"text-align: center;\"><span style=\"font-family: times new roman, times, serif; font-size: 14pt;\"><a href=\"https:\/\/smoothiex12.blogspot.com\/2021\/12\/people-asked-i-respond-on-run.html\"><strong><em><span style=\"font-size: 18pt;\">Blog d\u2019Andrei Martyanov<\/span><\/em><\/strong><\/a><span style=\"font-size: 18pt;\"><strong> \u2013 18.12.2021<\/strong><\/span><\/span><\/p>\n<p>&nbsp;<\/p>\n<p style=\"text-align: center;\"><span style=\"font-family: times new roman, times, serif; font-size: 18pt;\">Traduction\u00a0: <strong>c.l.<\/strong> pour <strong><em>L.G.O.<\/em><\/strong><\/span><\/p>\n<p><span style=\"font-family: times new roman, times, serif; font-size: 18pt;\"><strong>\u00a0<\/strong><\/span><\/p>\n<p>&nbsp;<\/p>\n<p>&nbsp;<\/p>\n<p style=\"text-align: center;\"><a href=\"http:\/\/blog.lesgrossesorchadeslesamplesthalameges.fr\/index.php\/2021\/12\/23\/guerre-et-paix\/11-lotan-en-ukraine\/\" rel=\"attachment wp-att-15915\"><img loading=\"lazy\" class=\"alignnone wp-image-15915 size-full\" src=\"http:\/\/blog.lesgrossesorchadeslesamplesthalameges.fr\/wp-content\/uploads\/2021\/12\/11.-LOTAN-en-Ukraine.jpg\" alt=\"\" width=\"600\" height=\"399\" srcset=\"https:\/\/blog.lesgrossesorchadeslesamplesthalameges.fr\/wp-content\/uploads\/2021\/12\/11.-LOTAN-en-Ukraine.jpg 600w, https:\/\/blog.lesgrossesorchadeslesamplesthalameges.fr\/wp-content\/uploads\/2021\/12\/11.-LOTAN-en-Ukraine-300x200.jpg 300w\" sizes=\"(max-width: 600px) 100vw, 600px\" \/><\/a><\/p>\n<p>&nbsp;<\/p>\n<p>&nbsp;<\/p>\n<p>&nbsp;<\/p>\n<p style=\"text-align: justify;\"><span style=\"font-family: tahoma, arial, helvetica, sans-serif; font-size: 14pt;\">Rappelez-vous, jem&rsquo;ecrime \u00e0 visser cette id\u00e9e depuis longtemps : <strong><u>seuls les forts lancent des ultimatums<\/u><\/strong>. Les faibles ne peuvent pas lancer d&rsquo;ultimatums qui aient la moindre signification.<\/span><\/p>\n<p>&nbsp;<\/p>\n<p style=\"text-align: justify;\"><span style=\"font-family: times new roman, times, serif; font-size: 14pt;\">1\/ La Russie a lanc\u00e9 un ultimatum \u00e0 tout l&rsquo;Occident. Les projets de cadre pour un nouvel accord de s\u00e9curit\u00e9 entre la Russie et l&rsquo;Occident (OTAN) ne sont qu&rsquo;une petite partie d&rsquo;un ultimatum plus large. Bien que cet ultimatum soit \u00e9galement formul\u00e9 dans les d\u00e9clarations des hauts fonctionnaires du minist\u00e8re russe des Affaires \u00e9trang\u00e8res, comme celle du vice-ministre des Affaires \u00e9trang\u00e8res, Grushko :<\/span><\/p>\n<p>&nbsp;<\/p>\n<p style=\"text-align: justify; padding-left: 90px;\"><span style=\"font-family: times new roman, times, serif; font-size: 14pt;\"><a href=\"https:\/\/tass.ru\/politika\/13239213\"><em>\u00ab\u00a0\u041c\u044b\u00a0\u043a\u0430\u043a \u0440\u0430\u0437 \u0434\u0430\u0435\u043c \u043f\u043e\u043d\u044f\u0442\u044c, \u0447\u0442\u043e \u043c\u044b\u00a0\u0433\u043e\u0442\u043e\u0432\u044b \u0440\u0430\u0437\u0433\u043e\u0432\u0430\u0440\u0438\u0432\u0430\u0442\u044c \u043e\u00a0\u0442\u043e\u043c, \u0447\u0442\u043e\u0431\u044b \u0432\u043e\u0435\u043d\u043d\u044b\u0439 \u0441\u0446\u0435\u043d\u0430\u0440\u0438\u0439 \u0438\u043b\u0438 \u0432\u043e\u0435\u043d\u043d\u043e-\u0442\u0435\u0445\u043d\u0438\u0447\u0435\u0441\u043a\u0438\u0439 \u0441\u0446\u0435\u043d\u0430\u0440\u0438\u0439 \u043f\u0435\u0440\u0435\u0432\u0435\u0441\u0442\u0438 \u0432\u00a0\u043d\u0435\u043a\u0438\u0439 \u043f\u043e\u043b\u0438\u0442\u0438\u0447\u0435\u0441\u043a\u0438\u0439 \u043f\u0440\u043e\u0446\u0435\u0441\u0441, \u043a\u043e\u0442\u043e\u0440\u044b\u0439 \u0440\u0435\u0430\u043b\u044c\u043d\u043e \u0443\u043a\u0440\u0435\u043f\u0438\u0442 \u0432\u043e\u0435\u043d\u043d\u0443\u044e \u0431\u0435\u0437\u043e\u043f\u0430\u0441\u043d\u043e\u0441\u0442\u044c &lt;\u2026&gt; \u0432\u0441\u0435\u0445 \u0433\u043e\u0441\u0443\u0434\u0430\u0440\u0441\u0442\u0432 \u043d\u0430\u00a0\u043f\u0440\u043e\u0441\u0442\u0440\u0430\u043d\u0441\u0442\u0432\u0435 \u041e\u0411\u0421\u0415, \u0415\u0432\u0440\u043e\u0430\u0442\u043b\u0430\u043d\u0442\u0438\u043a\u0438, \u0415\u0432\u0440\u0430\u0437\u0438\u0438. \u0410\u00a0\u0435\u0441\u043b\u0438 \u044d\u0442\u043e\u0433\u043e \u043d\u0435\u00a0\u043f\u043e\u043b\u0443\u0447\u0438\u0442\u0441\u044f, \u0442\u043e\u00a0\u043c\u044b\u00a0\u0443\u0436\u0435 \u043e\u0431\u043e\u0437\u043d\u0430\u0447\u0438\u043b\u0438 \u0438\u043c\u00a0(\u041d\u0410\u0422\u041e\u00a0&#8211; \u043f\u0440\u0438\u043c. \u0422\u0410\u0421\u0421), \u0442\u043e\u0433\u0434\u0430 \u043c\u044b\u00a0\u0442\u043e\u0436\u0435 \u043f\u0435\u0440\u0435\u0439\u0434\u0435\u043c \u0432\u00a0\u0432\u043e\u0442 \u044d\u0442\u043e\u0442 \u0440\u0435\u0436\u0438\u043c \u0441\u043e\u0437\u0434\u0430\u043d\u0438\u044f \u043a\u043e\u043d\u0442\u0440\u0443\u0433\u0440\u043e\u0437, \u043d\u043e\u00a0\u0442\u043e\u0433\u0434\u0430 \u0431\u0443\u0434\u0435\u0442 \u043f\u043e\u0437\u0434\u043d\u043e \u043d\u0430\u0441 \u0441\u043f\u0440\u0430\u0448\u0438\u0432\u0430\u0442\u044c, \u043f\u043e\u0447\u0435\u043c\u0443 \u043c\u044b\u00a0\u043f\u0440\u0438\u043d\u044f\u043b\u0438 \u0442\u0430\u043a\u0438\u0435 \u0440\u0435\u0448\u0435\u043d\u0438\u044f, \u043f\u043e\u0447\u0435\u043c\u0443 \u043c\u044b\u00a0\u0440\u0430\u0437\u043c\u0435\u0441\u0442\u0438\u043b\u0438 \u0442\u0430\u043a\u0438\u0435 \u0441\u0438\u0441\u0442\u0435\u043c\u044b\u00a0\u00bb,\u00a0&#8211; \u0441\u043a\u0430\u0437\u0430\u043b \u043e\u043d.<\/em><\/a><\/span><\/p>\n<p>&nbsp;<\/p>\n<p style=\"text-align: justify;\"><span style=\"font-family: times new roman, times, serif; font-size: 14pt;\">Traduction : \u00ab\u00a0<em>Nous disons simplement clairement que nous sommes pr\u00eats \u00e0 discuter de la fa\u00e7on de<\/em> <u>traduire le sc\u00e9nario militaire ou le sc\u00e9nario militaro-technique en un processus politique qui renforcera r\u00e9ellement la s\u00e9curit\u00e9 militaire<\/u> &lt;&#8230;&gt; de tous les \u00c9tats de l&rsquo;OSCE, de l&rsquo;espace euro-atlantique, et de l\u2019espace eurasien. Si ceci ne devait pas arriver, alors nous les avons d\u00e9j\u00e0 d\u00e9sign\u00e9s (OTAN &#8211; commentaire TASS), alors nous passerons \u00e9galement \u00e0 ce mode de cr\u00e9ation de contre-menaces, <u>mais alors il sera trop tard pour nous demander pourquoi nous avons pris de telles d\u00e9cisions, pourquoi nous avons d\u00e9ploy\u00e9 de tels syst\u00e8mes\u00a0<\/u>\u00bb, <em>a-t-il d\u00e9clar\u00e9<\/em>.<\/span><\/p>\n<p style=\"text-align: justify;\"><span style=\"font-family: times new roman, times, serif; font-size: 14pt;\">J&rsquo;ai soulign\u00e9 cette s\u00e9mantique cruciale.<br \/>\n<\/span><\/p>\n<p>&nbsp;<\/p>\n<p style=\"text-align: justify;\"><span style=\"font-family: times new roman, times, serif; font-size: 14pt;\">2\/ Je suis sur ce dossier depuis des ann\u00e9es : La Russie poss\u00e8de \u00e0 la fois un avantage militaire \u00e9crasant et une compl\u00e8te ma\u00eetrise de l\u2019escalade en Europe de l&rsquo;Est, d&rsquo;o\u00f9 les menaces, au cas o\u00f9 les \u00c9tats-Unis (OTAN) d\u00e9cideraient de continuer \u00e0 faire les cons\u00a0:<\/span><\/p>\n<p style=\"text-align: justify;\"><span style=\"font-family: times new roman, times, serif; font-size: 14pt;\">a) De supprimer les garanties de non-invasion des 404 et, en fait, de pr\u00e9parer un changement de r\u00e9gime \u00e0 Kiev. Si n\u00e9cessaire, les installations d\u2019espionnage et les bases militaires de l&rsquo;OTAN pourraient \u00eatre \u00e9limin\u00e9es (\u00e9ventuellement sans avertissement) en guise d&rsquo;\u00e9chauffement.<\/span><\/p>\n<p style=\"text-align: justify;\"><span style=\"font-family: times new roman, times, serif; font-size: 14pt;\">b) La Russie positionnera des armes hypersoniques, y compris \u00e0 t\u00eate nucl\u00e9aire, \u00e0 proximit\u00e9 des pays membres de l&rsquo;OTAN (tels que les \u00c9tats baltes) et pourra en outre :<\/span><\/p>\n<p style=\"text-align: justify;\"><span style=\"font-family: times new roman, times, serif; font-size: 14pt;\">c) Cr\u00e9er des arm\u00e9es de chars de choc (en r\u00e9alit\u00e9, de frappe) suppl\u00e9mentaires ;<\/span><\/p>\n<p style=\"text-align: justify;\"><span style=\"font-family: times new roman, times, serif; font-size: 14pt;\">d) La Russie fournira \u00e0 la Chine des versions ant\u00e9rieures du 3M22 (\u00e9ventuellement le Kinzhal) et veillera \u00e0 ce que la Chine dispose d&rsquo;un avantage d\u00e9cisif sur les marines am\u00e9ricaine et royale dans sa premi\u00e8re cha\u00eene d&rsquo;\u00eeles, tout en lui fournissant simultan\u00e9ment une d\u00e9fense AD\/AM de pointe. Le S-500 pourrait y appara\u00eetre encore plus t\u00f4t qu&rsquo;en Inde.<\/span><\/p>\n<p style=\"text-align: justify;\"><span style=\"font-family: times new roman, times, serif; font-size: 14pt;\">e) Il y a toute une r\u00e9serve de syst\u00e8mes d&rsquo;armement russes que nous n&rsquo;avons pas encore vus et je peux seulement imaginer ce qu&rsquo;ils sont capables de faire. Je pense que certaines personnes au Pentagone en ont une vague id\u00e9e et qu&rsquo;elles n\u2019aimeraient pas s\u2019y frotter<\/span><span style=\"font-family: times new roman, times, serif; font-size: 14pt;\">f) <\/span><\/p>\n<p style=\"text-align: justify;\"><span style=\"font-family: times new roman, times, serif; font-size: 14pt;\">f) La Russie, certainement, acc\u00e9l\u00e9rera le r\u00e9armement des pr. 949A \u00e0 949AM et pr. 971M pour transporter le 3M14 Kalibr et le P-800 Onyx et les renverra patrouiller le long des deux rives de l&rsquo;Am\u00e9rique du Nord.<\/span><\/p>\n<p>&nbsp;<\/p>\n<p style=\"text-align: justify;\"><span style=\"font-family: times new roman, times, serif; font-size: 14pt;\">3\/ La Russie comprend la rupture avec l&rsquo;Occident et est pr\u00eate \u00e0 en assumer n\u2019importe quelles cons\u00e9quences, y compris \u2013 c\u2019est d\u00e9j\u00e0 en train \u2013 le diminution du commerce et la r\u00e9duction de l&rsquo;approvisionnement en hydrocarbures de l&rsquo;UE. Laissons les \u00c9tats-Unis se d\u00e9brouiller avec \u00e7\u00e0&#8230; Ah, attendez, les \u00c9tats-Unis font un malheur en Asie du Sud-Est en vendant leur GNL et, franchement, l&rsquo;UE ne peut pas s\u2019aligner sur les \u00e9conomies asiatiques qui, elles, ne n\u00e9gocient m\u00eame pas \u2013 elles ach\u00e8tent simplement toute l&rsquo;\u00e9nergie disponible, quel que soit le prix. Si l&rsquo;Europe a quelque chose \u00e0 dire \u00e0 la Russie, les pays membres peuvent se pointer \u00e0 Moscou un par un et voir si Moscou s&rsquo;en soucie.<\/span><\/p>\n<p>&nbsp;<\/p>\n<p style=\"text-align: justify;\"><span style=\"font-family: times new roman, times, serif; font-size: 14pt;\">Ceux qui suivent ce blog attentivement devraient se rappeler ceci, d\u2019il y a un mois\u00a0:<\/span><\/p>\n<p>&nbsp;<\/p>\n<p style=\"text-align: justify; padding-left: 90px;\"><span style=\"font-family: times new roman, times, serif; font-size: 14pt;\"><a href=\"https:\/\/smoothiex12.blogspot.com\/2021\/11\/but-what-ifor-here-we-go-again.html\"><em>La Russie n&rsquo;a pas besoin de la 404, en fait, les Russes, dans leur grande majorit\u00e9, ne veulent pas de ces gens dans leur vie, ils ne veulent pas payer pour eux, et ils veulent qu&rsquo;ils restent loin de la Russie de toutes les mani\u00e8res imaginables, sauf\u00a0 g\u00e9ographiquement, puisqu\u2019on ne peut pas changer la g\u00e9ographie. Et c&rsquo;est bien le probl\u00e8me pour la Russie, parce qu&rsquo;en fin de compte, la Russie devra s&rsquo;occuper de ce trou \u00e0 rats qui s&rsquo;est plac\u00e9 comme un kyste aux fronti\u00e8res sud-ouest de la Russie et qui tourne \u00e0 la tumeur canc\u00e9reuse \u00e0 une vitesse croissante. Les \u00c9tats-Unis, si on veut \u00eatre r\u00e9aliste, n&rsquo;ont pas besoin de la 404 non plus, parce que, bien que les USA continuent d&rsquo;envisager d&rsquo;utiliser la 404 comme un b\u00e9lier anti-Russie, tant sur le plan g\u00e9opolitique qu&rsquo;\u00e9conomique, et bien qu&rsquo;ils s\u2019endorment le soir en r\u00eavant d&rsquo;une \u00ab\u00a0invasion\u00a0\u00bb de ce territoire par la Russie, les \u00c9tats-Unis sont confront\u00e9s l\u00e0 \u00e0 un s\u00e9rieux d\u00e9fi : que se passera-t-il SI les d\u00e9sirs des \u00c9tats-Unis se r\u00e9alisent et SI la Russie D\u00c9CIDE effectivement de mettre fin \u00e0 la pi\u00e8ce et d&rsquo;en finir avec le r\u00e9gime nazi de Kiev ?\u00a0 <\/em><\/a><\/span><\/p>\n<p style=\"text-align: justify;\"><span style=\"font-family: times new roman, times, serif; font-size: 14pt;\"><em>\u00a0<\/em><\/span><\/p>\n<p style=\"text-align: justify;\"><span style=\"font-family: times new roman, times, serif; font-size: 14pt;\">Comme je le r\u00e9p\u00e8te ad nauseam, la Russie est le seul pays au monde qui peut, sans recourir aux armes nucl\u00e9aires, vaincre l&rsquo;OTAN en Europe. De plus, c&rsquo;est le seul pays au monde qui peut s&rsquo;auto-suffire \u00e9conomiquement ou qui peut se suffire \u00e0 lui-m\u00eame sans commercer avec l&rsquo;UE. Ce commerce \u00e9tait de toute fa\u00e7on en train de se d\u00e9grader. Et si les exportations de la Russie vers l&rsquo;UE ont augment\u00e9 ces derniers temps, cela est d\u00fb en grande partie au fait que la Russie fait un malheur sur le march\u00e9 spot du gaz. \u00c0 en juger par l&rsquo;ampleur du projet <em>Power of Siberia<\/em> <a href=\"https:\/\/teknoblog.ru\/2021\/12\/15\/115107\"><em>et les mesures prises pour construire (en russe) Power of Siberia-2<\/em><\/a>, Xi et Poutine ayant discut\u00e9 de cette question il y a trois jours, la r\u00e9orientation strat\u00e9gique de la Russie vers la Grande Asie est essentiellement termin\u00e9e et, h\u00e9, ils peuvent continuer \u00e0 sanctionner ce qu&rsquo;ils veulent. Je connais quelques jardins d&rsquo;enfants pr\u00e8s de la maison de ma m\u00e8re qu&rsquo;ils n&rsquo;ont pas encore sanctionn\u00e9s. Quelle imprudence de leur part.<\/span><\/p>\n<p>&nbsp;<\/p>\n<p>&nbsp;<\/p>\n<p>&nbsp;<\/p>\n<p style=\"text-align: center;\"><a href=\"http:\/\/blog.lesgrossesorchadeslesamplesthalameges.fr\/index.php\/15961-2\/26-xi-et-vlad\/\" rel=\"attachment wp-att-15962\"><img loading=\"lazy\" class=\"alignnone wp-image-15962 size-full\" src=\"http:\/\/blog.lesgrossesorchadeslesamplesthalameges.fr\/wp-content\/uploads\/2021\/12\/26.-Xi-et-Vlad.jpg\" alt=\"\" width=\"600\" height=\"399\" srcset=\"https:\/\/blog.lesgrossesorchadeslesamplesthalameges.fr\/wp-content\/uploads\/2021\/12\/26.-Xi-et-Vlad.jpg 600w, https:\/\/blog.lesgrossesorchadeslesamplesthalameges.fr\/wp-content\/uploads\/2021\/12\/26.-Xi-et-Vlad-300x200.jpg 300w\" sizes=\"(max-width: 600px) 100vw, 600px\" \/><\/a><\/p>\n<p>&nbsp;<\/p>\n<p>&nbsp;<\/p>\n<p>&nbsp;<\/p>\n<p style=\"text-align: justify;\"><span style=\"font-family: times new roman, times, serif; font-size: 14pt;\"><strong><u>Conclusion<\/u><\/strong> : La Russie est pr\u00eate (elle l&rsquo;\u00e9tait depuis un certain temps) et elle donne \u00e0 l&rsquo;OTAN sa derni\u00e8re chance de sauver la face et d&rsquo;am\u00e9liorer l&rsquo;atmosph\u00e8re. Sinon, le probl\u00e8me 404 sera \u00e9limin\u00e9. De plus, l&rsquo;infrastructure militaire de l&rsquo;OTAN sera retir\u00e9e des \u00c9tats baltes.<\/span><\/p>\n<p>&nbsp;<\/p>\n<p>&nbsp;<\/p>\n<p style=\"text-align: justify;\"><span style=\"font-family: times new roman, times, serif; font-size: 14pt;\">Dans des nouvelles connexes, le drone Orion de la Russie fonctionne contre d&rsquo;autres drones.<\/span><\/p>\n<p>&nbsp;<\/p>\n<p>&nbsp;<\/p>\n<p style=\"text-align: center;\"><span style=\"font-family: times new roman, times, serif; font-size: 14pt;\"><iframe loading=\"lazy\" title=\"YouTube video player\" src=\"\/\/www.youtube.com\/embed\/oAvWY1RV6fI\" width=\"560\" height=\"315\" frameborder=\"0\" allowfullscreen=\"allowfullscreen\"><\/iframe><\/span><\/p>\n<p>&nbsp;<\/p>\n<p>&nbsp;<\/p>\n<p style=\"text-align: justify;\"><strong><span style=\"font-family: tahoma, arial, helvetica, sans-serif; font-size: 14pt;\">Vous vous rappelez ? Seuls les forts lancent des ultimatums. Et, comme le dit un vieux proverbe russe : \u0420\u0443\u0441\u0441\u043a\u0438\u0435 \u0434\u043e\u043b\u0433\u043e \u0437\u0430\u043f\u0440\u044f\u0433\u0430\u044e\u0442, \u043d\u043e \u0431\u044b\u0441\u0442\u0440\u043e \u0435\u0437\u0434\u044f\u0442. (\u00ab\u00a0Les Russes mettent du temps pour atteler, mais ils conduisent vite\u00a0\u00bb)\u00a0<\/span><\/strong><\/p>\n<p>&nbsp;<\/p>\n<p><span style=\"font-family: times new roman, times, serif; font-size: 14pt;\">Source : <a href=\"https:\/\/smoothiex12.blogspot.com\/2021\/12\/people-asked-i-respond-on-run.html\">Reminiscence of the Future&#8230; : People Asked, I Respond. On the Run. (smoothiex12.blogspot.com)<\/a><\/span><\/p>\n<p>&nbsp;<\/p>\n<p style=\"text-align: left;\"><strong><span style=\"font-family: times new roman, times, serif; font-size: 14pt;\">URL de cet article : <\/span><\/strong><a href=\"http:\/\/blog.lesgrossesorchadeslesamplesthalameges.fr\/index.php\/15961-2\/\"><span style=\"font-family: times new roman, times, serif; font-size: 14pt;\">http:\/\/blog.lesgrossesorchadeslesamplesthalameges.fr\/index.php\/15961-2\/<\/span><\/a><\/p>\n<p>&nbsp;<\/p>\n<p>&nbsp;<\/p>\n<p>&nbsp;<\/p>\n<p style=\"text-align: center;\"><a href=\"http:\/\/blog.lesgrossesorchadeslesamplesthalameges.fr\/index.php\/2021\/12\/23\/guerre-et-paix\/000-banksy-colombe\/\" rel=\"attachment wp-att-15906\"><img loading=\"lazy\" class=\"alignnone size-full wp-image-15906\" src=\"http:\/\/blog.lesgrossesorchadeslesamplesthalameges.fr\/wp-content\/uploads\/2021\/12\/000.-Banksy-Colombe.png\" alt=\"\" width=\"200\" height=\"141\" \/><\/a><\/p>\n<p>&nbsp;<\/p>\n<h1><\/h1>\n<p style=\"text-align: right;\"><span style=\"font-family: comic sans ms, sans-serif; font-size: 14pt;\">D\u00e9cembre 2021<\/span><\/p>\n<p>&nbsp;<\/p>\n<p>&nbsp;<\/p>\n<p>&nbsp;<\/p>\n","protected":false},"excerpt":{"rendered":"<p>&nbsp; &nbsp; &nbsp; &nbsp; &nbsp; &nbsp; &nbsp; &nbsp; R\u00e9miniscence du futur\u2026 Si Vis Pacem, Para Vinum \u00a0 &nbsp; &nbsp; Pour 9,60 \u20ac, c\u2019est donn\u00e9. \u00a0 &nbsp; &nbsp; Les gens demandent. Je r\u00e9ponds. \u00c0 la va-vite. \u00a0 Blog d\u2019Andrei Martyanov \u2013 18.12.2021 &nbsp; Traduction\u00a0: c.l. pour L.G.O. \u00a0 &nbsp; &nbsp; &nbsp; &nbsp; &nbsp; Rappelez-vous, jem&rsquo;ecrime \u00e0&#8230;<\/p>\n","protected":false},"author":1,"featured_media":0,"parent":0,"menu_order":0,"comment_status":"open","ping_status":"open","template":"","meta":[],"_links":{"self":[{"href":"https:\/\/blog.lesgrossesorchadeslesamplesthalameges.fr\/index.php\/wp-json\/wp\/v2\/pages\/15961"}],"collection":[{"href":"https:\/\/blog.lesgrossesorchadeslesamplesthalameges.fr\/index.php\/wp-json\/wp\/v2\/pages"}],"about":[{"href":"https:\/\/blog.lesgrossesorchadeslesamplesthalameges.fr\/index.php\/wp-json\/wp\/v2\/types\/page"}],"author":[{"embeddable":true,"href":"https:\/\/blog.lesgrossesorchadeslesamplesthalameges.fr\/index.php\/wp-json\/wp\/v2\/users\/1"}],"replies":[{"embeddable":true,"href":"https:\/\/blog.lesgrossesorchadeslesamplesthalameges.fr\/index.php\/wp-json\/wp\/v2\/comments?post=15961"}],"version-history":[{"count":14,"href":"https:\/\/blog.lesgrossesorchadeslesamplesthalameges.fr\/index.php\/wp-json\/wp\/v2\/pages\/15961\/revisions"}],"predecessor-version":[{"id":15976,"href":"https:\/\/blog.lesgrossesorchadeslesamplesthalameges.fr\/index.php\/wp-json\/wp\/v2\/pages\/15961\/revisions\/15976"}],"wp:attachment":[{"href":"https:\/\/blog.lesgrossesorchadeslesamplesthalameges.fr\/index.php\/wp-json\/wp\/v2\/media?parent=15961"}],"curies":[{"name":"wp","href":"https:\/\/api.w.org\/{rel}","templated":true}]}}