{"id":15979,"date":"2021-12-23T20:46:28","date_gmt":"2021-12-23T19:46:28","guid":{"rendered":"http:\/\/blog.lesgrossesorchadeslesamplesthalameges.fr\/?page_id=15979"},"modified":"2021-12-23T20:48:42","modified_gmt":"2021-12-23T19:48:42","slug":"dernieres-nouvelles-poutine-est-fichu","status":"publish","type":"page","link":"https:\/\/blog.lesgrossesorchadeslesamplesthalameges.fr\/index.php\/dernieres-nouvelles-poutine-est-fichu\/","title":{"rendered":"Derni\u00e8res nouvelles : Poutine est fichu"},"content":{"rendered":"<p>&nbsp;<\/p>\n<p>&nbsp;<\/p>\n<p>&nbsp;<\/p>\n<p>&nbsp;<\/p>\n<p>&nbsp;<\/p>\n<p>&nbsp;<\/p>\n<p>&nbsp;<\/p>\n<p>&nbsp;<\/p>\n<p style=\"text-align: justify;\"><span style=\"font-family: times new roman, times, serif; font-size: 14pt;\"><a href=\"https:\/\/smoothiex12.blogspot.com\/2021\/11\/but-what-ifor-here-we-go-again.html\"><strong><span style=\"font-size: 24pt;\">R\u00e9miniscence du futur\u2026<\/span><\/strong><\/a><\/span><\/p>\n<p style=\"text-align: justify;\"><span style=\"font-family: times new roman, times, serif; font-size: 14pt;\"><em>Si Vis Pacem, Para Vinum<\/em><\/span><\/p>\n<p>&nbsp;<\/p>\n<p>&nbsp;<\/p>\n<p style=\"text-align: center;\"><strong><span style=\"font-family: times new roman, times, serif; font-size: 14pt;\"><span style=\"font-size: 36pt;\">Derni\u00e8res nouvelles : Poutine est fichu, la Russie r\u00e9dige les articles de sa reddition \u00e0 l&rsquo;Allemagne<\/span>.<\/span><\/strong><\/p>\n<p style=\"text-align: center;\"><span style=\"font-family: times new roman, times, serif; font-size: 14pt;\"><em>\u00a0<\/em><\/span><\/p>\n<p>&nbsp;<\/p>\n<p style=\"text-align: center;\"><strong><span style=\"font-family: times new roman, times, serif; font-size: 14pt;\"><a href=\"https:\/\/smoothiex12.blogspot.com\/2021\/12\/breaking-news-putin-is-finshed-russia.html\"><em><span style=\"font-size: 18pt;\">Blog d\u2019Andrei Martyanov<\/span><\/em><\/a><span style=\"font-size: 18pt;\"> \u2013 19.12.2021<\/span><\/span><\/strong><\/p>\n<p>&nbsp;<\/p>\n<p>&nbsp;<\/p>\n<p style=\"text-align: center;\"><span style=\"font-family: times new roman, times, serif; font-size: 18pt;\">Traduction\u00a0: <strong>c.l.<\/strong> pour <strong><em>L.G.O.<\/em><\/strong><\/span><\/p>\n<p style=\"text-align: center;\"><span style=\"font-family: times new roman, times, serif; font-size: 14pt;\"><em>\u00a0<\/em><\/span><\/p>\n<p>&nbsp;<\/p>\n<p>&nbsp;<\/p>\n<p style=\"text-align: center;\"><a href=\"http:\/\/blog.lesgrossesorchadeslesamplesthalameges.fr\/index.php\/2021\/12\/23\/guerre-et-paix\/12-lambrecht-en-lithuanie\/\" rel=\"attachment wp-att-15916\"><img loading=\"lazy\" class=\"alignnone wp-image-15916 size-full\" src=\"http:\/\/blog.lesgrossesorchadeslesamplesthalameges.fr\/wp-content\/uploads\/2021\/12\/12.-Lambrecht-en-Lithuanie.jpg\" alt=\"\" width=\"600\" height=\"337\" srcset=\"https:\/\/blog.lesgrossesorchadeslesamplesthalameges.fr\/wp-content\/uploads\/2021\/12\/12.-Lambrecht-en-Lithuanie.jpg 600w, https:\/\/blog.lesgrossesorchadeslesamplesthalameges.fr\/wp-content\/uploads\/2021\/12\/12.-Lambrecht-en-Lithuanie-300x169.jpg 300w\" sizes=\"(max-width: 600px) 100vw, 600px\" \/><\/a><\/p>\n<p>&nbsp;<\/p>\n<p>&nbsp;<\/p>\n<p>&nbsp;<\/p>\n<p style=\"text-align: justify;\"><span style=\"font-family: tahoma, arial, helvetica, sans-serif; font-size: 14pt;\"><strong>La ministre allemande de la D\u00e9fense vient de prendre les sanctions les plus s\u00e9v\u00e8res et les plus mortelles contre Poutine personnellement. On le conduit, au moment o\u00f9 je tape ces lignes, \u00e0 la clinique du Kremlin, pour \u00eatre r\u00e9anim\u00e9 apr\u00e8s avoir entendu cette horrible nouvelle.<\/strong><\/span><\/p>\n<p style=\"text-align: justify;\"><span style=\"font-family: times new roman, times, serif; font-size: 14pt;\"><em>\u00a0<\/em><\/span><\/p>\n<p style=\"text-align: justify; padding-left: 90px;\"><span style=\"font-family: times new roman, times, serif; font-size: 14pt;\"><a href=\"https:\/\/www.rt.com\/russia\/543694-lambrecht-nato-position-dialogue\/\"><em>Avant son voyage en Lituanie, o\u00f9 elle a rendu visite aux soldats allemands stationn\u00e9s dans le pays dans le cadre du groupement tactique de la pr\u00e9sence avanc\u00e9e de l&rsquo;OTAN, Mme Lambrecht a appel\u00e9 les pays occidentaux \u00e0 \u00ab\u00a0mettre Poutine et son cercle intime dans le collimateur\u00a0\u00bb. Elle a propos\u00e9 des sanctions personnelles contre les dirigeants russes si Moscou envahit l&rsquo;Ukraine, \u00ab\u00a0par exemple, qu&rsquo;ils ne puissent plus se rendre sur les Champs \u00c9lys\u00e9es \u00e0 Paris pour faire du shopping\u00a0\u00bb. Mme Lambrecht semblait ignorer que le m\u00eame type de magasins de luxe existe aussi dans la capitale russe\u00a0\u2013 dans des endroits comme l&rsquo;avenue Kutuzovsky, le Barvikha Luxury Village, le TSUM et le Tretyakovsky Proyezd \u2013 et dans d&rsquo;autres villes, comme Saint-P\u00e9tersbourg et Sotchi. <\/em><\/a><em>\u00a0<\/em><\/span><\/p>\n<p>&nbsp;<\/p>\n<p style=\"text-align: justify;\"><span style=\"font-family: times new roman, times, serif; font-size: 14pt;\">Oh mon Dieu ! Pouvez-vous imaginer ce pauvre Poutine en manque de shopping, dans un Paris hors de prix, surfait, puant la pisse et infest\u00e9 de migrants.<\/span><\/p>\n<p>&nbsp;<\/p>\n<p style=\"text-align: justify;\"><span style=\"font-family: times new roman, times, serif; font-size: 14pt;\">Plus s\u00e9rieusement, oui, elle est ministre de la D\u00e9fense de l\u2019Allemagne.<\/span><\/p>\n<p>&nbsp;<\/p>\n<p>&nbsp;<\/p>\n<p>&nbsp;<\/p>\n<p style=\"text-align: center;\"><a href=\"http:\/\/blog.lesgrossesorchadeslesamplesthalameges.fr\/index.php\/dernieres-nouvelles-poutine-est-fichu\/27-christine-lambrecht-spd-parteitag-2017-03-19-quelle-wikimedia-cc-by-sa-3_0-bild-olaf-kosinsky-eigenes-werk-scaled\/\" rel=\"attachment wp-att-15980\"><img loading=\"lazy\" class=\"alignnone wp-image-15980\" src=\"http:\/\/blog.lesgrossesorchadeslesamplesthalameges.fr\/wp-content\/uploads\/2021\/12\/27.-Christine-Lambrecht-SPD-Parteitag-2017-03-19-Quelle-Wikimedia-CC-BY-SA-3_0-Bild-Olaf-Kosinsky-Eigenes-Werk-scaled-229x300.jpg\" alt=\"\" width=\"400\" height=\"524\" srcset=\"https:\/\/blog.lesgrossesorchadeslesamplesthalameges.fr\/wp-content\/uploads\/2021\/12\/27.-Christine-Lambrecht-SPD-Parteitag-2017-03-19-Quelle-Wikimedia-CC-BY-SA-3_0-Bild-Olaf-Kosinsky-Eigenes-Werk-scaled-229x300.jpg 229w, https:\/\/blog.lesgrossesorchadeslesamplesthalameges.fr\/wp-content\/uploads\/2021\/12\/27.-Christine-Lambrecht-SPD-Parteitag-2017-03-19-Quelle-Wikimedia-CC-BY-SA-3_0-Bild-Olaf-Kosinsky-Eigenes-Werk-scaled.jpg 500w\" sizes=\"(max-width: 400px) 100vw, 400px\" \/><\/a><\/p>\n<p>&nbsp;<\/p>\n<p>&nbsp;<\/p>\n<p>&nbsp;<\/p>\n<p style=\"text-align: justify;\"><span style=\"font-family: times new roman, times, serif; font-size: 14pt;\">Lisez sa biographie. Vous l&rsquo;avez devin\u00e9\u00a0: elle est avocate. Maintenant, lisez sur mes l\u00e8vres : Oui, ils sont b\u00eates \u00c0 CE POINT-L\u00c0. La plupart d&rsquo;entre eux, 90% au moins. Comme l&rsquo;observateur politique allemand Alexander Rahr le disait hier \u00e0 Solovyov (malheureusement c\u2019est en russe)\u00a0:<\/span><\/p>\n<p>&nbsp;<\/p>\n<p style=\"text-align: justify;\"><span style=\"font-family: times new roman, times, serif; font-size: 14pt;\">Il a parl\u00e9 avec beaucoup d&rsquo;\u00e9motion de la situation en Allemagne et a soulign\u00e9 que ces gens \u2013 la plupart des dirigeants politiques et des m\u00e9dias allemands \u2013 pensent r\u00e9ellement qu&rsquo;ils ont l&rsquo;\u00e9conomie la plus avanc\u00e9e du monde (avec l&rsquo;UE) et que la redoutable puissance militaire am\u00e9ricaine les soutiendra, et que c&rsquo;est la raison pour laquelle la Russie n\u2019a pas \u00e0 dire \u00e0 l&rsquo;Allemagne ce qu&rsquo;elle doit faire. C&rsquo;est \u00e0 \u00e7a qu\u2019on en arrive quand on vit selon les \u00ab\u00a0valeurs\u00a0\u00bb de l&rsquo;UE et qu&rsquo;on truffe son gouvernement d&rsquo;ignares. Que quelqu&rsquo;un emm\u00e8ne donc ces abrutis visiter Moscou, Saint-P\u00e9tersbourg, Kazan, Sotchi ou autres, et qu&rsquo;il leur montre comment on y fait du shopping. Qu\u2019il leur fasse voir aussi les nouvelles autoroutes, les nouveaux b\u00e2timents, les gigantesques centres commerciaux et les \u00e9piceries. Et puis, qu\u2019il leur rappelle que si, jamais, la merde atteint le ventilateur, l&rsquo;Allemagne sera la premi\u00e8re \u00e0 sentir la chaleur et que la \u00ab\u00a0redoutable\u00a0\u00bb puissance militaire am\u00e9ricaine ne fera rien \u2013 parce qu&rsquo;elle ne le peut pas \u2013 pour d\u00e9fendre son \u00ab\u00a0\u00e9conomie la plus avanc\u00e9e\u00a0\u00bb. Dans un ordre d\u2019id\u00e9es plus \u00e9tendu, l&rsquo;Allemagne est un rien du tout, perdu dans un gigantesque jeu de r\u00e9alignement g\u00e9opolitique entre trois titans : les \u00c9tats-Unis, la Russie et la Chine\u00a0: jeu dans lequel le sort des pays de l&rsquo;UE pourra \u00e9ventuellement servir de d\u00e9jeuner \u00e0 des \u00c9tats-Unis essayant d\u00e9sesp\u00e9r\u00e9ment de retarder l&rsquo;in\u00e9vitable. Quand on en est l\u00e0, faire du shopping \u00e0 Paris n\u2019a plus grande signification, voire aucune. Mais, au fait\u2026 n\u2019est-ce pas d\u00e9j\u00e0 le cas\u00a0?<\/span><\/p>\n<p>&nbsp;<\/p>\n<p>&nbsp;<\/p>\n<p>&nbsp;<\/p>\n<p style=\"text-align: center;\"><a href=\"http:\/\/blog.lesgrossesorchadeslesamplesthalameges.fr\/index.php\/dernieres-nouvelles-poutine-est-fichu\/28-chappatte-suisse-mur-berlin-commemoration-liberalisme-hd-le-temps\/\" rel=\"attachment wp-att-15981\"><img loading=\"lazy\" class=\"alignnone wp-image-15981\" src=\"http:\/\/blog.lesgrossesorchadeslesamplesthalameges.fr\/wp-content\/uploads\/2021\/12\/28.-chappatte-Suisse-mur-berlin-commemoration-liberalisme-hd-le-temps.jpg\" alt=\"\" width=\"650\" height=\"422\" srcset=\"https:\/\/blog.lesgrossesorchadeslesamplesthalameges.fr\/wp-content\/uploads\/2021\/12\/28.-chappatte-Suisse-mur-berlin-commemoration-liberalisme-hd-le-temps.jpg 600w, https:\/\/blog.lesgrossesorchadeslesamplesthalameges.fr\/wp-content\/uploads\/2021\/12\/28.-chappatte-Suisse-mur-berlin-commemoration-liberalisme-hd-le-temps-300x195.jpg 300w\" sizes=\"(max-width: 650px) 100vw, 650px\" \/><\/a><\/p>\n<p>&nbsp;<\/p>\n<p>&nbsp;<\/p>\n<p><span style=\"font-family: times new roman, times, serif; font-size: 14pt;\">Source : <a href=\"https:\/\/smoothiex12.blogspot.com\/2021\/12\/breaking-news-putin-is-finshed-russia.html\">Reminiscence of the Future&#8230; : Breaking News: Putin Is Finshed, Russia Is Drafting The Articles of Surrender To Germany. (smoothiex12.blogspot.com)<\/a><\/span><\/p>\n<p>&nbsp;<\/p>\n<p style=\"text-align: left;\"><span style=\"font-family: times new roman, times, serif; font-size: 14pt;\"><strong>URL de cet article : <\/strong><a href=\"http:\/\/blog.lesgrossesorchadeslesamplesthalameges.fr\/index.php\/dernieres-nouvelles-poutine-est-fichu\/\">http:\/\/blog.lesgrossesorchadeslesamplesthalameges.fr\/index.php\/dernieres-nouvelles-poutine-est-fichu\/<\/a><\/span><\/p>\n<p style=\"text-align: justify;\"><span style=\"font-family: times new roman, times, serif; font-size: 14pt;\"><strong>\u00a0<\/strong><\/span><\/p>\n<p style=\"text-align: justify;\"><span style=\"font-family: times new roman, times, serif; font-size: 14pt;\"><strong>\u00a0<\/strong><\/span><\/p>\n<p style=\"text-align: justify;\"><span style=\"font-family: times new roman, times, serif; font-size: 14pt;\"><strong>\u00a0<\/strong><\/span><\/p>\n<p style=\"text-align: center;\"><strong>\u00a0<a href=\"http:\/\/blog.lesgrossesorchadeslesamplesthalameges.fr\/index.php\/2021\/12\/23\/guerre-et-paix\/000-banksy-colombe\/\" rel=\"attachment wp-att-15906\"><img loading=\"lazy\" class=\"alignnone size-full wp-image-15906\" src=\"http:\/\/blog.lesgrossesorchadeslesamplesthalameges.fr\/wp-content\/uploads\/2021\/12\/000.-Banksy-Colombe.png\" alt=\"\" width=\"200\" height=\"141\" \/><\/a><\/strong><\/p>\n<p>&nbsp;<\/p>\n<p>&nbsp;<\/p>\n<p>&nbsp;<\/p>\n<p style=\"text-align: right;\"><span style=\"font-family: comic sans ms, sans-serif; font-size: 14pt;\">D\u00e9cembre 2021<\/span><\/p>\n<p>&nbsp;<\/p>\n<p>&nbsp;<\/p>\n<p>&nbsp;<\/p>\n","protected":false},"excerpt":{"rendered":"<p>&nbsp; &nbsp; &nbsp; &nbsp; &nbsp; &nbsp; &nbsp; &nbsp; R\u00e9miniscence du futur\u2026 Si Vis Pacem, Para Vinum &nbsp; &nbsp; Derni\u00e8res nouvelles : Poutine est fichu, la Russie r\u00e9dige les articles de sa reddition \u00e0 l&rsquo;Allemagne. \u00a0 &nbsp; Blog d\u2019Andrei Martyanov \u2013 19.12.2021 &nbsp; &nbsp; Traduction\u00a0: c.l. pour L.G.O. \u00a0 &nbsp; &nbsp; &nbsp; &nbsp; &nbsp; La ministre&#8230;<\/p>\n","protected":false},"author":1,"featured_media":0,"parent":0,"menu_order":0,"comment_status":"open","ping_status":"open","template":"","meta":[],"_links":{"self":[{"href":"https:\/\/blog.lesgrossesorchadeslesamplesthalameges.fr\/index.php\/wp-json\/wp\/v2\/pages\/15979"}],"collection":[{"href":"https:\/\/blog.lesgrossesorchadeslesamplesthalameges.fr\/index.php\/wp-json\/wp\/v2\/pages"}],"about":[{"href":"https:\/\/blog.lesgrossesorchadeslesamplesthalameges.fr\/index.php\/wp-json\/wp\/v2\/types\/page"}],"author":[{"embeddable":true,"href":"https:\/\/blog.lesgrossesorchadeslesamplesthalameges.fr\/index.php\/wp-json\/wp\/v2\/users\/1"}],"replies":[{"embeddable":true,"href":"https:\/\/blog.lesgrossesorchadeslesamplesthalameges.fr\/index.php\/wp-json\/wp\/v2\/comments?post=15979"}],"version-history":[{"count":8,"href":"https:\/\/blog.lesgrossesorchadeslesamplesthalameges.fr\/index.php\/wp-json\/wp\/v2\/pages\/15979\/revisions"}],"predecessor-version":[{"id":15989,"href":"https:\/\/blog.lesgrossesorchadeslesamplesthalameges.fr\/index.php\/wp-json\/wp\/v2\/pages\/15979\/revisions\/15989"}],"wp:attachment":[{"href":"https:\/\/blog.lesgrossesorchadeslesamplesthalameges.fr\/index.php\/wp-json\/wp\/v2\/media?parent=15979"}],"curies":[{"name":"wp","href":"https:\/\/api.w.org\/{rel}","templated":true}]}}