{"id":15991,"date":"2021-12-23T20:59:08","date_gmt":"2021-12-23T19:59:08","guid":{"rendered":"http:\/\/blog.lesgrossesorchadeslesamplesthalameges.fr\/?page_id=15991"},"modified":"2021-12-23T21:07:39","modified_gmt":"2021-12-23T20:07:39","slug":"la-royaute-de-washington-pourrait-elle-fomenter-un-coup-de-palais","status":"publish","type":"page","link":"https:\/\/blog.lesgrossesorchadeslesamplesthalameges.fr\/index.php\/la-royaute-de-washington-pourrait-elle-fomenter-un-coup-de-palais\/","title":{"rendered":"La royaut\u00e9 de Washington pourrait-elle fomenter un \u00ab coup \u00bb de palais ?"},"content":{"rendered":"<p>&nbsp;<\/p>\n<p>&nbsp;<\/p>\n<p>&nbsp;<\/p>\n<p>&nbsp;<\/p>\n<p>&nbsp;<\/p>\n<p>&nbsp;<\/p>\n<p>&nbsp;<\/p>\n<p>&nbsp;<\/p>\n<p style=\"text-align: center;\"><span style=\"font-family: times new roman, times, serif; font-size: 36pt;\"><strong>La royaut\u00e9 de Washington pourrait-elle fomenter un \u00ab\u00a0coup\u00a0\u00bb de palais ?<\/strong><\/span><\/p>\n<p>&nbsp;<\/p>\n<p>&nbsp;<\/p>\n<p style=\"text-align: center;\"><span style=\"font-family: times new roman, times, serif; font-size: 24pt;\">Robert Kennedy Jr. d\u00e9fend la sant\u00e9 et (un semblant de) libert\u00e9 contre le profit et le pouvoir pand\u00e9miques<\/span><\/p>\n<p>&nbsp;<\/p>\n<p>&nbsp;<\/p>\n<p style=\"text-align: center;\"><span style=\"font-family: times new roman, times, serif; font-size: 14pt;\"><a href=\"https:\/\/www.unz.com\/author\/greg-klein\/\"><strong><span style=\"font-size: 18pt;\">Greg Klein<\/span><\/strong><\/a><span style=\"font-size: 18pt;\"><strong>\u00a0 \u2013 <em>The UNZ Review<\/em> \u2013 18.12.2021<\/strong><\/span><\/span><\/p>\n<p style=\"text-align: justify;\"><span style=\"font-family: times new roman, times, serif; font-size: 14pt;\"><strong>\u00a0<\/strong><\/span><\/p>\n<p style=\"text-align: center;\"><span style=\"font-family: times new roman, times, serif; font-size: 18pt;\">Traduction :<strong> c.l. <\/strong>pour<strong> <em>L.G.O.<\/em><\/strong><\/span><\/p>\n<p>&nbsp;<\/p>\n<p>&nbsp;<\/p>\n<p style=\"text-align: center;\"><span style=\"font-family: times new roman, times, serif; font-size: 18pt;\"><strong>\u00a0<\/strong><\/span><\/p>\n<p style=\"text-align: center;\"><a href=\"http:\/\/blog.lesgrossesorchadeslesamplesthalameges.fr\/index.php\/2021\/12\/23\/guerre-et-paix\/17-enfant-vaccinee\/\" rel=\"attachment wp-att-15923\"><img loading=\"lazy\" class=\"alignnone wp-image-15923 size-full\" src=\"http:\/\/blog.lesgrossesorchadeslesamplesthalameges.fr\/wp-content\/uploads\/2021\/12\/17.-Enfant-vaccin\u00e9e.jpg\" alt=\"\" width=\"600\" height=\"471\" srcset=\"https:\/\/blog.lesgrossesorchadeslesamplesthalameges.fr\/wp-content\/uploads\/2021\/12\/17.-Enfant-vaccin\u00e9e.jpg 600w, https:\/\/blog.lesgrossesorchadeslesamplesthalameges.fr\/wp-content\/uploads\/2021\/12\/17.-Enfant-vaccin\u00e9e-300x236.jpg 300w\" sizes=\"(max-width: 600px) 100vw, 600px\" \/><\/a><\/p>\n<p style=\"text-align: justify;\"><span style=\"font-family: times new roman, times, serif; font-size: 14pt;\"><strong><em>\u00a0<\/em><\/strong><\/span><\/p>\n<p>&nbsp;<\/p>\n<p>&nbsp;<\/p>\n<p style=\"text-align: justify;\"><span style=\"font-family: times new roman, times, serif; font-size: 14pt;\"><strong><em>The Real Anthony Fauci; Bill Gates, Big Pharma, and the Global War on Democracy and Public Health<\/em><\/strong><strong><br \/>\nRobert F. Kennedy Jr.<br \/>\nSkyhorse<\/strong><\/span><\/p>\n<p>&nbsp;<\/p>\n<p style=\"text-align: center;\"><span style=\"font-family: times new roman, times, serif; font-size: 20pt;\"><strong>[En cours de publication en fran\u00e7ais sur<\/strong> <a href=\"https:\/\/resistance71.wordpress.com\/2021\/12\/22\/le-veritable-anthony-fauci-bill-gates-big-pharma-et-la-guerre-globale-contre-la-democratie-et-la-sante-publique-robert-f-kennedy-jr-chapitre-1-2eme-partie\/\"><strong>R\u00e9sistance 71\u00a0<\/strong><\/a>&#8212; \u00e0 suivre au jour le jour <strong>]<\/strong><\/span><\/p>\n<p>&nbsp;<\/p>\n<p>&nbsp;<\/p>\n<p style=\"text-align: center;\"><a href=\"http:\/\/blog.lesgrossesorchadeslesamplesthalameges.fr\/index.php\/2021\/12\/23\/guerre-et-paix\/18-book\/\" rel=\"attachment wp-att-15922\"><img loading=\"lazy\" class=\"alignnone size-medium wp-image-15922\" src=\"http:\/\/blog.lesgrossesorchadeslesamplesthalameges.fr\/wp-content\/uploads\/2021\/12\/18.-BOOK-197x300.jpg\" alt=\"\" width=\"197\" height=\"300\" srcset=\"https:\/\/blog.lesgrossesorchadeslesamplesthalameges.fr\/wp-content\/uploads\/2021\/12\/18.-BOOK-197x300.jpg 197w, https:\/\/blog.lesgrossesorchadeslesamplesthalameges.fr\/wp-content\/uploads\/2021\/12\/18.-BOOK.jpg 278w\" sizes=\"(max-width: 197px) 100vw, 197px\" \/><\/a><\/p>\n<p>&nbsp;<\/p>\n<p>&nbsp;<\/p>\n<p style=\"text-align: justify;\"><span style=\"font-family: tahoma, arial, helvetica, sans-serif; font-size: 14pt;\"><strong>Pendant qu&rsquo;Ottawa attend les instructions, la question qui br\u00fble maintenant l&rsquo;<em>establishment<\/em> am\u00e9ricain doit \u00eatre : \u00ab\u00a0Comment allons-nous marginaliser un Kennedy ?\u00a0\u00bb<\/strong><\/span><\/p>\n<p style=\"text-align: justify;\"><span style=\"font-family: tahoma, arial, helvetica, sans-serif; font-size: 14pt;\"><strong>Selon la dur\u00e9e de leur survie, les autres dissidents subissent une transition o\u00f9 ils sont ignor\u00e9s, ridiculis\u00e9s, calomni\u00e9s, censur\u00e9s, diabolis\u00e9s, harcel\u00e9s, licenci\u00e9s et criminalis\u00e9s. Ou pire encore, bien que cela puisse ne pas se produire dans ce cas-ci, pour \u00e9viter au g\u00eaneur le martyre conf\u00e9r\u00e9 \u00e0 son p\u00e8re et \u00e0 son oncle.<\/strong><\/span><\/p>\n<p style=\"text-align: justify;\"><span style=\"font-family: tahoma, arial, helvetica, sans-serif; font-size: 14pt;\"><strong>Il reste cependant le fait que pas moins de 17 dirigeants et ministres de la sant\u00e9 africains ont \u00e9t\u00e9 tu\u00e9s au cours des 12 mois pr\u00e9c\u00e9dant f\u00e9vrier 2021, pour s&rsquo;\u00eatre oppos\u00e9s aux exp\u00e9riences de vaccination men\u00e9es par Big Pharma sur leurs peuples.<\/strong><\/span><\/p>\n<p style=\"text-align: justify;\"><span style=\"font-family: tahoma, arial, helvetica, sans-serif; font-size: 14pt;\"><strong>Ce qu\u2019il n\u2019y a pas encore eu, pas \u00e0 un degr\u00e9 significatif, c&rsquo;est la moindre r\u00e9futation. Mais si seulement une fraction de ce que dit Robert Kennedy Jr.\u00a0 est exacte \u2013 et son livre abondamment document\u00e9 donne une absolue impression de cr\u00e9dibilit\u00e9 \u2013 la manipulation \u00e0 laquelle cette pand\u00e9mie a donn\u00e9 lieu, et peut-\u00eatre l&rsquo;existence m\u00eame de cette pand\u00e9mie, signifie <\/strong><\/span><span style=\"font-family: tahoma, arial, helvetica, sans-serif; font-size: 14pt;\"><strong>une attaque totalitaire contre la libert\u00e9. Les principaux coupables sont un r\u00e9seau qui relie entre eux le gouvernement (branches militaires et d&rsquo;espionnage comprises), l&rsquo;industrie pharmaceutique, le corps m\u00e9dical et les m\u00e9dias.<\/strong><\/span><\/p>\n<p style=\"text-align: justify;\"><span style=\"font-family: times new roman, times, serif; font-size: 14pt;\"><strong>\u00a0<\/strong><\/span><\/p>\n<p style=\"text-align: justify;\"><span style=\"font-family: times new roman, times, serif; font-size: 14pt;\">Et si ces derniers ont permis une quelconque critique de la r\u00e9ponse officielle au COVID-19, cela a \u00e9t\u00e9 uniquement pour pr\u00e9tendre que les gouvernements n&rsquo;\u00e9taient pas pr\u00e9par\u00e9s. Ils \u00e9taient tout sauf pr\u00eats. Or\u2026 ce livre affirme que des d\u00e9cennies de planification, de pr\u00e9paration et de r\u00e9p\u00e9titions ont pr\u00e9c\u00e9d\u00e9 la Nouvelle Normalit\u00e9.<\/span><\/p>\n<p>&nbsp;<\/p>\n<p style=\"text-align: left;\"><span style=\"font-family: times new roman, times, serif; font-size: 18pt;\"><strong>Les \u00ab\u00a0vaccins\u00a0\u00bb sont dangereux, dit Kennedy. L\u2019Hydroxychloroquine et l\u2019Ivermectine marchent.<\/strong><\/span><\/p>\n<p style=\"text-align: justify;\"><span style=\"font-family: times new roman, times, serif; font-size: 14pt;\">La critique que les m\u00e9dias ne permettront \u00e0 aucun prix, bien s\u00fbr, concerne les \u00ab\u00a0vaccins\u00a0\u00bb. Comme l&rsquo;a d\u00e9montr\u00e9 Kennedy, les preuves montrent d\u00e9j\u00e0, \u00e0 ce stade, qu&rsquo;ils sont non seulement inefficaces mais dangereux. Ce qui reste \u00e0 d\u00e9couvrir ult\u00e9rieurement, ce sont les effets secondaires encore inconnus de ces substances non test\u00e9es.<\/span><\/p>\n<p style=\"text-align: justify;\"><span style=\"font-family: times new roman, times, serif; font-size: 14pt;\">La propagande des vaccins a d\u00e9sesp\u00e9r\u00e9ment besoin de ridiculiser les rem\u00e8des r\u00e9els comme l&rsquo;Ivermectine et l&rsquo;Hydroxychloroquine. Kennedy cite des experts m\u00e9dicaux qui ont constat\u00e9 qu&rsquo;ils fonctionnent bien, en particulier pour la pr\u00e9vention et le traitement pr\u00e9coce.<\/span><\/p>\n<p>&nbsp;<\/p>\n<p style=\"text-align: justify;\"><span style=\"font-family: times new roman, times, serif; font-size: 14pt;\">[\u2026]<\/span><\/p>\n<p>&nbsp;<\/p>\n<p style=\"text-align: left;\"><span style=\"font-family: times new roman, times, serif; font-size: 18pt;\"><strong>Kennedy d\u00e9crit les dizaines d\u2019ann\u00e9es d\u2019entra\u00eenement qui ont pr\u00e9par\u00e9 une suppression de la libert\u00e9 au moyen d\u2019une pand\u00e9mie<\/strong><\/span><\/p>\n<p style=\"text-align: justify;\"><span style=\"font-family: times new roman, times, serif; font-size: 14pt;\">Bien avant cette occurrence, le partenariat Fauci-Gates s&rsquo;\u00e9tait d\u00e9j\u00e0 \u00ab\u00a0m\u00e9tastas\u00e9 pour inclure des soci\u00e9t\u00e9s pharmaceutiques, des planificateurs de l&rsquo;arm\u00e9e et des services d\u2019espionnage, ainsi que des agences sanitaires internationales, qui tous ont collabor\u00e9 pour promouvoir des pand\u00e9mies et des vaccins arm\u00e9s et une nouvelle forme d&rsquo;imp\u00e9rialisme d&rsquo;entreprise enracin\u00e9e dans l&rsquo;id\u00e9ologie de la bios\u00e9curit\u00e9. Ce projet allait rapporter \u00e0 M. Gates et au Dr Fauci des aubaines sans pr\u00e9c\u00e9dent en termes de richesse et de pouvoir, et allait avoir des cons\u00e9quences catastrophiques pour la d\u00e9mocratie et pour l&rsquo;humanit\u00e9\u00a0\u00bb.<\/span><\/p>\n<p>&nbsp;<\/p>\n<p>&nbsp;<\/p>\n<p style=\"text-align: center;\"><a href=\"http:\/\/blog.lesgrossesorchadeslesamplesthalameges.fr\/index.php\/2021\/12\/23\/guerre-et-paix\/19-troupes-covid\/\" rel=\"attachment wp-att-15924\"><img loading=\"lazy\" class=\"alignnone wp-image-15924 size-full\" src=\"http:\/\/blog.lesgrossesorchadeslesamplesthalameges.fr\/wp-content\/uploads\/2021\/12\/19.-TROUPES-COVID.jpg\" alt=\"\" width=\"600\" height=\"388\" srcset=\"https:\/\/blog.lesgrossesorchadeslesamplesthalameges.fr\/wp-content\/uploads\/2021\/12\/19.-TROUPES-COVID.jpg 600w, https:\/\/blog.lesgrossesorchadeslesamplesthalameges.fr\/wp-content\/uploads\/2021\/12\/19.-TROUPES-COVID-300x194.jpg 300w\" sizes=\"(max-width: 600px) 100vw, 600px\" \/><\/a><\/p>\n<p style=\"text-align: center;\"><span style=\"font-family: times new roman, times, serif; font-size: 14pt;\"><strong><em>Pendant vingt ans, des simulations de pand\u00e9mies ont comport\u00e9 un entra\u00eenement militaire visant \u00e0 r\u00e9primer l\u2019opposition et les troubles.<\/em><\/strong><\/span><\/p>\n<p>&nbsp;<\/p>\n<p>&nbsp;<\/p>\n<p style=\"text-align: justify;\"><span style=\"font-family: times new roman, times, serif; font-size: 14pt;\">La planification remonte au moins \u00e0 1999. Des fonds et des investissements provenant de la fortune de Gates et des agences de Fauci ont permis de financer vingt ans d&rsquo;exercices de simulation, dont certains sous la direction personnelle de Gates. Pr\u00e9tendument pour se pr\u00e9parer \u00e0 une guerre biologique telle qu\u2019une attaque \u00e0 l&rsquo;anthrax ou \u00e0 la variole, les simulations, v\u00e9ritables grandes man\u0153uvres guerri\u00e8res, devaient exp\u00e9rimenter la meilleure mani\u00e8re d\u2019utiliser les pouvoirs de police pour arr\u00eater les citoyens et les maintenir en confinement, comment appliquer la loi martiale, comment contr\u00f4ler les messageries \u00e9lectroniques par un large d\u00e9ploiement de propagande, comment utiliser la censure pour r\u00e9duire les dissidents au silence, comment rendre obligatoires les masques, les quarantaines et les vaccinations coercitives et comment exercer, enfin, une surveillance de type \u00ab\u00a0<em>track-and-trace<\/em>\u00a0\u00bb au sein de populations potentiellement r\u00e9tives.<\/span><\/p>\n<p style=\"text-align: justify;\"><span style=\"font-family: times new roman, times, serif; font-size: 14pt;\">Plus d&rsquo;une douzaine de ces \u00ab\u00a0jeux de microbes\u00a0\u00bb ont pr\u00e9c\u00e9d\u00e9 le COVID, plusieurs avec une participation internationale et chacun utilisant une projection de pand\u00e9mie mondiale, en guise de \u00ab\u00a0r\u00e9p\u00e9tition ou exercice d&rsquo;entra\u00eenement pour un programme occulte visant \u00e0 coordonner le d\u00e9mant\u00e8lement mondial de la gouvernance d\u00e9mocratique\u00a0\u00bb.<\/span><\/p>\n<p>&nbsp;<\/p>\n<p style=\"text-align: justify;\"><span style=\"font-family: times new roman, times, serif; font-size: 14pt;\">[\u2026]<\/span><\/p>\n<p>&nbsp;<\/p>\n<p><span style=\"font-family: times new roman, times, serif; font-size: 14pt;\">Source\u00a0: <a href=\"https:\/\/www.unz.com\/article\/could-washington-royalty-lead-a-palace-coup-robert-kennedy-jr-defends-health-and-some-semblance-of-liberty-against-pandemic-profit-and-power\/\">https:\/\/www.unz.com\/article\/could-washington-royalty-lead-a-palace-coup-robert-kennedy-jr-defends-health-and-some-semblance-of-liberty-against-pandemic-profit-and-power\/<\/a><\/span><\/p>\n<p style=\"text-align: justify;\"><span style=\"font-family: times new roman, times, serif; font-size: 14pt;\"><strong>Reproduit avec la permission de VancouverZeitgeist.ca.<\/strong><\/span><\/p>\n<p style=\"text-align: left;\"><span style=\"font-family: times new roman, times, serif; font-size: 14pt;\">(Republi\u00e9 de <em>The Occidental Observer<\/em> avec la permission de l&rsquo;auteur ou de son repr\u00e9sentant)<\/span><\/p>\n<p style=\"text-align: left;\"><span style=\"font-size: 14pt;\"><strong><span style=\"font-family: times new roman, times, serif;\">URL de ces deux extraits\u00a0:\u00a0<\/span><\/strong><a href=\"http:\/\/blog.lesgrossesorchadeslesamplesthalameges.fr\/index.php\/la-royaute-de-washington-pourrait-elle-fomenter-un-coup-de-palais\/\"><span style=\"font-family: times new roman, times, serif;\">http:\/\/blog.lesgrossesorchadeslesamplesthalameges.fr\/index.php\/la-royaute-de-washington-pourrait-elle-fomenter-un-coup-de-palais\/<\/span><\/a><\/span><\/p>\n<p>&nbsp;<\/p>\n<p>&nbsp;<\/p>\n<p style=\"text-align: center;\"><a href=\"http:\/\/blog.lesgrossesorchadeslesamplesthalameges.fr\/index.php\/2021\/12\/23\/guerre-et-paix\/000-banksy-colombe\/\" rel=\"attachment wp-att-15906\"><img loading=\"lazy\" class=\"alignnone size-full wp-image-15906\" src=\"http:\/\/blog.lesgrossesorchadeslesamplesthalameges.fr\/wp-content\/uploads\/2021\/12\/000.-Banksy-Colombe.png\" alt=\"\" width=\"200\" height=\"141\" \/><\/a><\/p>\n<p>&nbsp;<\/p>\n<p>&nbsp;<\/p>\n<p style=\"text-align: right;\"><span style=\"font-family: comic sans ms, sans-serif; font-size: 14pt;\">D\u00e9cembre 2021<\/span><\/p>\n<p>&nbsp;<\/p>\n<p>&nbsp;<\/p>\n","protected":false},"excerpt":{"rendered":"<p>&nbsp; &nbsp; &nbsp; &nbsp; &nbsp; &nbsp; &nbsp; &nbsp; La royaut\u00e9 de Washington pourrait-elle fomenter un \u00ab\u00a0coup\u00a0\u00bb de palais ? &nbsp; &nbsp; Robert Kennedy Jr. d\u00e9fend la sant\u00e9 et (un semblant de) libert\u00e9 contre le profit et le pouvoir pand\u00e9miques &nbsp; &nbsp; Greg Klein\u00a0 \u2013 The UNZ Review \u2013 18.12.2021 \u00a0 Traduction : c.l. pour L.G.O&#8230;.<\/p>\n","protected":false},"author":1,"featured_media":0,"parent":0,"menu_order":0,"comment_status":"open","ping_status":"open","template":"","meta":[],"_links":{"self":[{"href":"https:\/\/blog.lesgrossesorchadeslesamplesthalameges.fr\/index.php\/wp-json\/wp\/v2\/pages\/15991"}],"collection":[{"href":"https:\/\/blog.lesgrossesorchadeslesamplesthalameges.fr\/index.php\/wp-json\/wp\/v2\/pages"}],"about":[{"href":"https:\/\/blog.lesgrossesorchadeslesamplesthalameges.fr\/index.php\/wp-json\/wp\/v2\/types\/page"}],"author":[{"embeddable":true,"href":"https:\/\/blog.lesgrossesorchadeslesamplesthalameges.fr\/index.php\/wp-json\/wp\/v2\/users\/1"}],"replies":[{"embeddable":true,"href":"https:\/\/blog.lesgrossesorchadeslesamplesthalameges.fr\/index.php\/wp-json\/wp\/v2\/comments?post=15991"}],"version-history":[{"count":13,"href":"https:\/\/blog.lesgrossesorchadeslesamplesthalameges.fr\/index.php\/wp-json\/wp\/v2\/pages\/15991\/revisions"}],"predecessor-version":[{"id":16004,"href":"https:\/\/blog.lesgrossesorchadeslesamplesthalameges.fr\/index.php\/wp-json\/wp\/v2\/pages\/15991\/revisions\/16004"}],"wp:attachment":[{"href":"https:\/\/blog.lesgrossesorchadeslesamplesthalameges.fr\/index.php\/wp-json\/wp\/v2\/media?parent=15991"}],"curies":[{"name":"wp","href":"https:\/\/api.w.org\/{rel}","templated":true}]}}