{"id":16041,"date":"2021-12-28T20:12:35","date_gmt":"2021-12-28T19:12:35","guid":{"rendered":"http:\/\/blog.lesgrossesorchadeslesamplesthalameges.fr\/?page_id=16041"},"modified":"2021-12-28T20:13:28","modified_gmt":"2021-12-28T19:13:28","slug":"la-construction-du-camp-de-concentration-israelien-de-gaza-est-terminee","status":"publish","type":"page","link":"https:\/\/blog.lesgrossesorchadeslesamplesthalameges.fr\/index.php\/la-construction-du-camp-de-concentration-israelien-de-gaza-est-terminee\/","title":{"rendered":"La construction du camp de concentration isra\u00e9lien de Gaza est termin\u00e9e"},"content":{"rendered":"<p>&nbsp;<\/p>\n<p>&nbsp;<\/p>\n<p>&nbsp;<\/p>\n<p>&nbsp;<\/p>\n<p>&nbsp;<\/p>\n<p>&nbsp;<\/p>\n<p>&nbsp;<\/p>\n<p>&nbsp;<\/p>\n<p style=\"text-align: left;\"><span style=\"font-family: times new roman, times, serif; font-size: 18pt; color: #c00000;\"><strong><em>Il ne s\u2019agit \u00e9videmment pas \u00ab\u00a0du\u00a0\u00bb camp de concentration de Gaza mais de sa doublure. On parle bien ici de <\/em><\/strong><strong>deux camps<em> imbriqu\u00e9s l\u2019un dans l\u2019autre.<\/em><\/strong><\/span><\/p>\n<p style=\"text-align: justify;\"><span style=\"font-family: times new roman, times, serif; font-size: 14pt;\"><strong>\u00a0<\/strong><\/span><\/p>\n<p>&nbsp;<\/p>\n<p style=\"text-align: center;\"><span style=\"font-family: times new roman, times, serif; font-size: 36pt;\"><strong>\u00ab\u00a0La construction du camp de concentration isra\u00e9lien de Gaza est termin\u00e9e\u00a0\u00bb<\/strong><\/span><\/p>\n<p style=\"text-align: justify;\"><span style=\"font-family: times new roman, times, serif; font-size: 14pt;\"><strong>\u00a0<\/strong><\/span><\/p>\n<p>&nbsp;<\/p>\n<p style=\"text-align: center;\"><span style=\"font-family: times new roman, times, serif; font-size: 18pt;\"><strong>Gilles Munier \u2013 <em>France-Irak-Actualit\u00e9<\/em> \u2013\u00a0 25.12.2021<\/strong><\/span><\/p>\n<p>&nbsp;<\/p>\n<p>&nbsp;<\/p>\n<p>&nbsp;<\/p>\n<p style=\"text-align: center;\"><a href=\"http:\/\/blog.lesgrossesorchadeslesamplesthalameges.fr\/index.php\/2021\/12\/28\/barbaries-barbara\/3-mur\/\" rel=\"attachment wp-att-16013\"><img loading=\"lazy\" class=\"alignnone wp-image-16013 size-full\" src=\"http:\/\/blog.lesgrossesorchadeslesamplesthalameges.fr\/wp-content\/uploads\/2021\/12\/3.-MUR.jpg\" alt=\"\" width=\"600\" height=\"400\" srcset=\"https:\/\/blog.lesgrossesorchadeslesamplesthalameges.fr\/wp-content\/uploads\/2021\/12\/3.-MUR.jpg 600w, https:\/\/blog.lesgrossesorchadeslesamplesthalameges.fr\/wp-content\/uploads\/2021\/12\/3.-MUR-300x200.jpg 300w\" sizes=\"(max-width: 600px) 100vw, 600px\" \/><\/a><\/p>\n<p style=\"text-align: center;\"><span style=\"font-family: times new roman, times, serif; font-size: 12pt;\"><strong><em>La barri\u00e8re souterraine nouvellement achev\u00e9e le long de la fronti\u00e8re d\u2019Isra\u00ebl avec la bande de Gaza \u00e0 Erez, dans le sud d\u2019\u00ab\u00a0Isra\u00ebl\u00a0\u00bb, le 7 d\u00e9cembre 2021. Photo Ammar Awad)<\/em><\/strong><\/span><\/p>\n<p style=\"text-align: center;\"><span style=\"font-family: times new roman, times, serif; font-size: 12pt;\"><strong>\u00a0<\/strong><\/span><\/p>\n<p>&nbsp;<\/p>\n<p>&nbsp;<\/p>\n<p style=\"text-align: justify;\"><span style=\"font-family: times new roman, times, serif; font-size: 14pt;\"><strong>Par Haidar Eid <em>(revue de presse\u00a0: CAPJO-EuroPalestine\/ Mondoweiss &#8211; 14\/12\/21)<\/em><\/strong><\/span><\/p>\n<p>&nbsp;<\/p>\n<p style=\"text-align: justify;\"><span style=\"font-family: tahoma, arial, helvetica, sans-serif; font-size: 14pt;\"><strong>Isra\u00ebl a annonc\u00e9 l\u2019ach\u00e8vement d\u2019un mur souterrain et d\u2019une barri\u00e8re maritime entourant la bande de Gaza assi\u00e9g\u00e9e. \u00c9quip\u00e9 de capteurs autour de Gaza, il comprend des centaines de cam\u00e9ras, de radars et d\u2019autres capteurs, et s\u2019\u00e9tend sur 65 km. Il mesure plus de six m\u00e8tres de haut et sa barri\u00e8re maritime comprend des dispositifs \u00e9lectroniques pour d\u00e9tecter les infiltrations par la mer et un syst\u00e8me d\u2019armes t\u00e9l\u00e9command\u00e9.<\/strong><\/span><\/p>\n<p>&nbsp;<\/p>\n<p style=\"text-align: justify;\"><span style=\"font-family: times new roman, times, serif; font-size: 14pt;\">Pas un seul m\u00e9dia grand public n\u2019a utilis\u00e9 le terme \u00ab\u00a0camp de concentration \u00bb pour en parler, mais ils auraient d\u00fb le faire.<\/span><\/p>\n<p style=\"text-align: justify;\"><span style=\"font-family: times new roman, times, serif; font-size: 14pt;\">Le dictionnaire Merriam-Webster d\u00e9finit un camp de concentration comme \u00ab\u00a0un lieu o\u00f9 un grand nombre de personnes (tels que des prisonniers de guerre, des prisonniers politiques, des r\u00e9fugi\u00e9s ou les membres d\u2019une minorit\u00e9 ethnique ou religieuse) sont d\u00e9tenus ou enferm\u00e9s sous garde arm\u00e9e \u2013 et fait en particulier r\u00e9f\u00e9rence aux camps cr\u00e9\u00e9s par les nazis pendant la Seconde Guerre mondiale pour l\u2019internement et la pers\u00e9cution des Juifs et d\u2019autres prisonniers. Tout comme un camp de la mort est \u00ab\u00a0un camp de concentration dans lequel un grand nombre de prisonniers sont syst\u00e9matiquement tu\u00e9s !\u00a0\u00bb<\/span><\/p>\n<p style=\"text-align: justify;\"><span style=\"font-family: times new roman, times, serif; font-size: 14pt;\">La bande de Gaza, occup\u00e9e et assi\u00e9g\u00e9e par l\u2019apartheid isra\u00e9lien, a \u00e9t\u00e9 transform\u00e9e en ces deux formes ; la diff\u00e9rence est qu\u2019il est plus grand que tous les camps de concentration et de la mort\u00a0connus, cr\u00e9\u00e9s par les r\u00e9gimes occidentaux fanatiques au XX\u00e8me si\u00e8cle. La d\u00e9cision d\u2019Isra\u00ebl de red\u00e9ployer ses troupes autour de la bande c\u00f4ti\u00e8re dens\u00e9ment peupl\u00e9e en 2005, puis de nlui imposer en 2006 un si\u00e8ge m\u00e9di\u00e9val sans pr\u00e9c\u00e9dent, qui a bris\u00e9 toutes les sph\u00e8res de la vie, puis d\u2019y mener quatre attaques massives, qui ont tu\u00e9 plus de quatre mille civils, y compris les femmes et les enfants, ne semble pas \u00eatre suffisant pour les \u00e9lites sionistes au pouvoir dans l\u2019\u00c9tat voyou.<\/span><\/p>\n<p style=\"text-align: justify;\"><span style=\"font-family: times new roman, times, serif; font-size: 14pt;\">Le langage utilis\u00e9 par les Forces d\u2019Occupation Isra\u00e9liennes est devenu <em>la r\u00e9f\u00e9rence<\/em> \u2013 <em>sans qu\u2019aucune question soit jamais pos\u00e9e<\/em>. Aucune voix gazaouie\/palestinienne n\u2019est autoris\u00e9e \u00e0 dire un mot sur l\u2019impact de ce \u00ab\u00a0projet\u00a0\u00bb sur ce qui leur sert de vie. Tout ce que nous pouvons lire, c\u2019est la d\u00e9claration faite par le criminel de guerre isra\u00e9lien, le ministre de la D\u00e9fense Benny Gantz, \u00e0 savoir que<\/span><\/p>\n<p style=\"text-align: justify;\"><span style=\"font-family: times new roman, times, serif; font-size: 14pt;\">\u00ab\u00a0[l]a barri\u00e8re, qui est un projet innovant et technologiquement avanc\u00e9, prive le Hamas de l\u2019une des capacit\u00e9s qu\u2019il a essay\u00e9 de d\u00e9velopper\u00a0\u00bb, et que \u00ab\u00a0[il] place un \u00ab\u00a0mur de fer, des capteurs et du b\u00e9ton entre l\u2019organisation terroriste et les habitants du sud d\u2019Isra\u00ebl\u00a0\u00bb.<\/span><\/p>\n<p style=\"text-align: justify;\"><span style=\"font-family: times new roman, times, serif; font-size: 14pt;\">POINT FINAL. Circulez, il n\u2019y a rien \u00e0 demander\u00a0!<\/span><\/p>\n<p style=\"text-align: justify;\"><span style=\"font-family: times new roman, times, serif; font-size: 14pt;\">Les deux millions d\u2019habitants de Gaza assi\u00e9g\u00e9e, dont l\u2019\u00e9crasante majorit\u00e9 sont des r\u00e9fugi\u00e9s violemment expuls\u00e9s et d\u00e9poss\u00e9d\u00e9s de leurs foyers par les forces sionistes en 1948, ont \u00e9t\u00e9 soumis \u00e0 quatre semaines (2009), 2 semaines (2012), 51 jours (2014) , et 11 jours (mai 2021) de terreur d\u2019\u00c9tat isra\u00e9lienne implacable, au cours de laquelle les avions de guerre isra\u00e9liens ont syst\u00e9matiquement cibl\u00e9 des zones civiles, r\u00e9duit des quartiers entiers et des infrastructures civiles vitales en d\u00e9combres et d\u00e9truit des dizaines d\u2019\u00e9coles, dont plusieurs g\u00e9r\u00e9es par l\u2019Agence de secours et de travaux des Nations Unies pour R\u00e9fugi\u00e9s de Palestine au Proche-Orient (UNRWA), o\u00f9 des civils s\u2019\u00e9taient r\u00e9fugi\u00e9s.<\/span><\/p>\n<p style=\"text-align: justify;\"><span style=\"font-family: times new roman, times, serif; font-size: 14pt;\">Cette forme s\u00e9v\u00e8re de torture collective s\u2019est produite apr\u00e8s des ann\u00e9es d\u2019un si\u00e8ge isra\u00e9lien de Gaza, d\u00e9j\u00e0 paralysant et meurtrier. \u00ab\u00a0Mais pourquoi ne sont-\u201cils\u201d pas satisfaits de ce que \u201cnous\u201d \u2013 soutenus par les r\u00e9gimes occidentaux et arabes \u201camis\u201d complices \u2013 leur offrons ?\u00a0\u00bb (Oubliez la Quatri\u00e8me Convention de Gen\u00e8ve de 1949, ratifi\u00e9e par \u00ab\u00a0nous\u00a0\u00bb, c\u2019est-\u00e0-dire Isra\u00ebl, interdisant les ch\u00e2timents collectifs d\u2019une population civile\u00a0!)<\/span><\/p>\n<p style=\"text-align: justify;\"><span style=\"font-family: times new roman, times, serif; font-size: 14pt;\">Les propri\u00e9taires de maisons partiellement ou totalement d\u00e9truites pendant la guerre de mai \u00e0 Gaza sont de plus en plus pr\u00e9occup\u00e9s par leur reconstruction ind\u00e9finiment retard\u00e9e.<\/span><\/p>\n<p style=\"text-align: justify;\"><span style=\"font-family: times new roman, times, serif; font-size: 14pt;\">Jamais auparavant une population n\u2019a \u00e9t\u00e9 ainsi priv\u00e9e des <em>conditions de survie de base<\/em> par une politique d\u00e9lib\u00e9r\u00e9e de colonisation, d\u2019occupation et d\u2019apartheid. Et c\u2019est pourtant ce qu\u2019Isra\u00ebl fait et continuera de faire au peuple de Gaza : deux millions de personnes vivent <em>en permanence<\/em> sans un approvisionnement s\u00fbr en eau, en nourriture, en \u00e9lectricit\u00e9 et en m\u00e9dicaments. Pr\u00e8s de la moiti\u00e9 de ces personnes sont des enfants de moins de 15 ans.<\/span><\/p>\n<p style=\"text-align: justify;\"><span style=\"font-family: times new roman, times, serif; font-size: 14pt;\">Maintenant, il va nous falloir affronter le fait que nous sommes litt\u00e9ralement d\u00e9tenus dans le plus grand [double] camp de concentration du monde, sans <em>aucun<\/em> des droits reconnus et \u2013 th\u00e9oriquement \u2013 assur\u00e9s par les lois internationales.<\/span><\/p>\n<p style=\"text-align: justify;\"><span style=\"font-family: times new roman, times, serif; font-size: 14pt;\">Le pr\u00e9sident Carter n\u2019exag\u00e9rait pas lorsqu\u2019il s\u2019est rendu \u00e0 Gaza en 2009 :<\/span><\/p>\n<p>&nbsp;<\/p>\n<p style=\"text-align: justify; padding-left: 90px;\"><span style=\"font-family: times new roman, times, serif; font-size: 14pt;\">\u00ab\u00a0[<em>Les Palestiniens<\/em> de la bande de Gaza] <em>sont davantage trait\u00e9s comme des animaux que comme des \u00eatres humains<\/em>\u2026 [jamais auparavant dans l\u2019histoire une grande communaut\u00e9 comme celle-ci n\u2019a \u00e9t\u00e9 ravag\u00e9e par des bombes et des missiles et n\u2019a ensuite \u00e9t\u00e9 priv\u00e9e des moyens de se r\u00e9parer\u00a0\u00bb.<\/span><\/p>\n<p>&nbsp;<\/p>\n<p style=\"text-align: justify;\"><span style=\"font-family: times new roman, times, serif; font-size: 14pt;\">H\u00e9las, Carter n\u2019est plus le pr\u00e9sident des \u00c9tats-Unis, et les \u00c9tats-Unis sont l\u2019alli\u00e9 strat\u00e9gique de l\u2019apartheid isra\u00e9lien.<\/span><\/p>\n<p style=\"text-align: justify;\"><span style=\"font-family: times new roman, times, serif; font-size: 14pt;\"><em>Tant que les organes officiels et les dirigeants du monde choisiront de ne rien dire et de ne rien faire<\/em>, Isra\u00ebl continuera de tuer toujours plus de Palestiniens, d\u2019\u00e9riger des murs de plus en plus hauts et de resserrer toujours davantage le si\u00e8ge en pr\u00e9tendant que tout cela est fait parce qu\u2019il a \u00ab\u00a0le droit de se d\u00e9fendre\u00a0!\u00a0\u00bb Et c\u2019est nous, ingrats \u00ab\u00a0antis\u00e9mites \u00bb, qui serons accus\u00e9s de qualifier abusivement ce jardin de \u00ab camp de concentration\u00a0\u00bb\u00a0!<\/span><\/p>\n<p style=\"text-align: right;\"><span style=\"font-family: times new roman, times, serif; font-size: 14pt;\"><em>[Les italiques sont de nous. LGO]<\/em><\/span><\/p>\n<p style=\"text-align: justify;\"><span style=\"font-family: times new roman, times, serif; font-size: 14pt;\"><em>\u00a0<\/em><\/span><\/p>\n<p>&nbsp;<\/p>\n<p style=\"text-align: justify;\"><a href=\"http:\/\/blog.lesgrossesorchadeslesamplesthalameges.fr\/index.php\/la-construction-du-camp-de-concentration-israelien-de-gaza-est-terminee\/19-haidar-eid\/\" rel=\"attachment wp-att-16042\"><img loading=\"lazy\" class=\"alignnone size-medium wp-image-16042\" src=\"http:\/\/blog.lesgrossesorchadeslesamplesthalameges.fr\/wp-content\/uploads\/2021\/12\/19.-Haidar-Eid-300x142.jpg\" alt=\"\" width=\"300\" height=\"142\" srcset=\"https:\/\/blog.lesgrossesorchadeslesamplesthalameges.fr\/wp-content\/uploads\/2021\/12\/19.-Haidar-Eid-300x142.jpg 300w, https:\/\/blog.lesgrossesorchadeslesamplesthalameges.fr\/wp-content\/uploads\/2021\/12\/19.-Haidar-Eid.jpg 720w\" sizes=\"(max-width: 300px) 100vw, 300px\" \/><\/a><\/p>\n<p style=\"text-align: justify;\"><span style=\"font-family: times new roman, times, serif; font-size: 14pt;\"><strong>Haidar Eid est professeur agr\u00e9g\u00e9 de litt\u00e9rature postcoloniale et postmoderne \u00e0 l\u2019Universit\u00e9 al-Aqsa de Gaza. Il a beaucoup \u00e9crit sur le conflit arabo-isra\u00e9lien, y compris des articles publi\u00e9s sur <em>Znet<\/em>, <em>Electronic Intifada<\/em>, <em>Palestine Chronicle<\/em> et <em>Open Democracy<\/em>. Il a publi\u00e9 des articles sur les \u00e9tudes culturelles et la litt\u00e9rature dans un certain nombre de revues, dont <em>Nebula<\/em>, <em>Journal of American Studies in Turkey<\/em>, <em>Cultural Logic<\/em> et <em>Journal of Comparative Literature<\/em>.<\/strong><\/span><\/p>\n<p>&nbsp;<\/p>\n<p style=\"text-align: left;\"><span style=\"font-family: times new roman, times, serif; font-size: 14pt;\">Source\u00a0: <a href=\"https:\/\/www.france-irak-actualite.com\/2021\/12\/la-construction-du-camp-de-concentration-israelien-de-gaza-est-terminee.html\">https:\/\/www.france-irak-actualite.com\/2021\/12\/la-construction-du-camp-de-concentration-israelien-de-gaza-est-terminee.html<\/a><\/span><\/p>\n<p style=\"text-align: left;\"><span style=\"font-family: times new roman, times, serif; font-size: 14pt;\">Source\u00a0d\u2019origine : <a href=\"https:\/\/europalestine.com\/2021\/12\/14\/la-construction-du-camp-de-concentration-israelien-de-gaza-est-terminee-par-haidar-eid\/\">CAPJPO-EuroPalestine<\/a><\/span><\/p>\n<p>&nbsp;<\/p>\n<p>&nbsp;<\/p>\n<p style=\"text-align: left;\"><span style=\"font-family: times new roman, times, serif; font-size: 18pt; color: #c00000;\"><strong><em>\u00ab\u00a0Ils auraient d\u00fb le faire\u00a0\u00bb dit M. Eid. Il en\u00a0 a de bonnes\u00a0! Il croit peut-\u00eatre que c\u2019est pour \u00e7a qu\u2019ils sont pay\u00e9s\u00a0?<\/em><\/strong><\/span><\/p>\n<p style=\"text-align: left;\"><span style=\"color: #c00000;\"><span style=\"font-family: times new roman, times, serif; font-size: 18pt;\"><strong><em>\u00ab\u00a0\u2026politique d\u00e9lib\u00e9r\u00e9e de colonisation, d\u2019occupation et d\u2019apartheid\u00a0\u00bb. <\/em><\/strong><\/span><span style=\"font-family: times new roman, times, serif; font-size: 18pt;\"><strong><em>Et si on disait plus simplement \u00ab\u00a0politique d\u2019extermination\u00a0\u00bb\u00a0?<\/em><\/strong><\/span><\/span><\/p>\n<p style=\"text-align: left;\"><span style=\"font-family: times new roman, times, serif; font-size: 18pt; color: #c00000;\"><strong><em>Enfin, qu\u2019a fait le pr\u00e9sident Carter pour que les \u00c9tats-Unis <\/em><\/strong><strong>ne soient pas<em> l\u2019alli\u00e9 strat\u00e9gique d\u2019Isra\u00ebl\u00a0?On ne sait pas, nous\u2026 d\u00e9missionner par exemple.<\/em><\/strong><\/span><\/p>\n<p>&nbsp;<\/p>\n<p style=\"text-align: left;\"><strong><span style=\"font-family: times new roman, times, serif; font-size: 14pt;\">URL de cet article :\u00a0 <\/span><\/strong><a href=\"http:\/\/blog.lesgrossesorchadeslesamplesthalameges.fr\/index.php\/la-construction-du-camp-de-concentration-israelien-de-gaza-est-terminee\/\"><span style=\"font-family: times new roman, times, serif; font-size: 14pt;\">http:\/\/blog.lesgrossesorchadeslesamplesthalameges.fr\/index.php\/la-construction-du-camp-de-concentration-israelien-de-gaza-est-terminee\/<\/span><\/a><\/p>\n<p>&nbsp;<\/p>\n<p>&nbsp;<\/p>\n<p>&nbsp;<\/p>\n<p style=\"text-align: center;\"><a href=\"http:\/\/blog.lesgrossesorchadeslesamplesthalameges.fr\/index.php\/2021\/12\/28\/barbaries-barbara\/000-bottles-gif\/\" rel=\"attachment wp-att-16012\"><img loading=\"lazy\" class=\"alignnone wp-image-16012\" src=\"http:\/\/blog.lesgrossesorchadeslesamplesthalameges.fr\/wp-content\/uploads\/2021\/12\/000.-bottles-GIF.gif\" alt=\"\" width=\"120\" height=\"79\" \/><\/a><\/p>\n<p>&nbsp;<\/p>\n<p>&nbsp;<\/p>\n<p style=\"text-align: right;\"><span style=\"font-family: comic sans ms, sans-serif; font-size: 14pt;\">D\u00e9cembre 2021<\/span><\/p>\n<p>&nbsp;<\/p>\n<p>&nbsp;<\/p>\n","protected":false},"excerpt":{"rendered":"<p>&nbsp; &nbsp; &nbsp; &nbsp; &nbsp; &nbsp; &nbsp; &nbsp; Il ne s\u2019agit \u00e9videmment pas \u00ab\u00a0du\u00a0\u00bb camp de concentration de Gaza mais de sa doublure. On parle bien ici de deux camps imbriqu\u00e9s l\u2019un dans l\u2019autre. \u00a0 &nbsp; \u00ab\u00a0La construction du camp de concentration isra\u00e9lien de Gaza est termin\u00e9e\u00a0\u00bb \u00a0 &nbsp; Gilles Munier \u2013 France-Irak-Actualit\u00e9 \u2013\u00a0 25.12.2021&#8230;<\/p>\n","protected":false},"author":1,"featured_media":0,"parent":0,"menu_order":0,"comment_status":"open","ping_status":"open","template":"","meta":[],"_links":{"self":[{"href":"https:\/\/blog.lesgrossesorchadeslesamplesthalameges.fr\/index.php\/wp-json\/wp\/v2\/pages\/16041"}],"collection":[{"href":"https:\/\/blog.lesgrossesorchadeslesamplesthalameges.fr\/index.php\/wp-json\/wp\/v2\/pages"}],"about":[{"href":"https:\/\/blog.lesgrossesorchadeslesamplesthalameges.fr\/index.php\/wp-json\/wp\/v2\/types\/page"}],"author":[{"embeddable":true,"href":"https:\/\/blog.lesgrossesorchadeslesamplesthalameges.fr\/index.php\/wp-json\/wp\/v2\/users\/1"}],"replies":[{"embeddable":true,"href":"https:\/\/blog.lesgrossesorchadeslesamplesthalameges.fr\/index.php\/wp-json\/wp\/v2\/comments?post=16041"}],"version-history":[{"count":9,"href":"https:\/\/blog.lesgrossesorchadeslesamplesthalameges.fr\/index.php\/wp-json\/wp\/v2\/pages\/16041\/revisions"}],"predecessor-version":[{"id":16052,"href":"https:\/\/blog.lesgrossesorchadeslesamplesthalameges.fr\/index.php\/wp-json\/wp\/v2\/pages\/16041\/revisions\/16052"}],"wp:attachment":[{"href":"https:\/\/blog.lesgrossesorchadeslesamplesthalameges.fr\/index.php\/wp-json\/wp\/v2\/media?parent=16041"}],"curies":[{"name":"wp","href":"https:\/\/api.w.org\/{rel}","templated":true}]}}