{"id":16056,"date":"2021-12-28T20:33:55","date_gmt":"2021-12-28T19:33:55","guid":{"rendered":"http:\/\/blog.lesgrossesorchadeslesamplesthalameges.fr\/?page_id=16056"},"modified":"2021-12-28T20:35:24","modified_gmt":"2021-12-28T19:35:24","slug":"liran-simule-lattaque-balistique-dun-centre-militaire-nucleaire-israelien-secret-pres-de-dimona","status":"publish","type":"page","link":"https:\/\/blog.lesgrossesorchadeslesamplesthalameges.fr\/index.php\/liran-simule-lattaque-balistique-dun-centre-militaire-nucleaire-israelien-secret-pres-de-dimona\/","title":{"rendered":"L\u2019Iran simule l\u2019attaque balistique d\u2019un centre militaire nucl\u00e9aire isra\u00e9lien secret pr\u00e8s de Dimona"},"content":{"rendered":"<p>&nbsp;<\/p>\n<p>&nbsp;<\/p>\n<p>&nbsp;<\/p>\n<p>&nbsp;<\/p>\n<p>&nbsp;<\/p>\n<p>&nbsp;<\/p>\n<p>&nbsp;<\/p>\n<p>&nbsp;<\/p>\n<p style=\"text-align: justify; padding-left: 240px;\"><span style=\"font-family: times new roman, times, serif; font-size: 14pt;\">\u00ab\u00a0On va beaucoup plus loin avec une bonne parole et un flingue qu&rsquo;avec seulement une bonne parole.\u00a0\u00bb<\/span><\/p>\n<p style=\"text-align: right;\"><span style=\"font-family: times new roman, times, serif; font-size: 14pt;\">Al Capone<\/span><\/p>\n<p style=\"text-align: justify;\"><span style=\"font-family: times new roman, times, serif; font-size: 14pt;\"><strong>\u00a0<\/strong><\/span><\/p>\n<p>&nbsp;<\/p>\n<p>&nbsp;<\/p>\n<p style=\"text-align: center;\"><span style=\"font-family: times new roman, times, serif; font-size: 14pt;\"><strong>\u00a0<a href=\"http:\/\/blog.lesgrossesorchadeslesamplesthalameges.fr\/index.php\/2021\/12\/28\/barbaries-barbara\/5-missiles-iran-1\/\" rel=\"attachment wp-att-16018\"><img loading=\"lazy\" class=\"alignnone wp-image-16018\" src=\"http:\/\/blog.lesgrossesorchadeslesamplesthalameges.fr\/wp-content\/uploads\/2021\/12\/5.-Missiles-Iran-1-300x200.jpg\" alt=\"\" width=\"600\" height=\"400\" srcset=\"https:\/\/blog.lesgrossesorchadeslesamplesthalameges.fr\/wp-content\/uploads\/2021\/12\/5.-Missiles-Iran-1-300x200.jpg 300w, https:\/\/blog.lesgrossesorchadeslesamplesthalameges.fr\/wp-content\/uploads\/2021\/12\/5.-Missiles-Iran-1.jpg 450w\" sizes=\"(max-width: 600px) 100vw, 600px\" \/><\/a><\/strong><\/span><\/p>\n<p>&nbsp;<\/p>\n<p>&nbsp;<\/p>\n<p>&nbsp;<\/p>\n<p style=\"text-align: center;\"><span style=\"font-family: times new roman, times, serif; font-size: 36pt;\"><strong>L\u2019Iran simule l\u2019attaque balistique d\u2019un centre militaire nucl\u00e9aire isra\u00e9lien secret pr\u00e8s de Dimona<\/strong><\/span><\/p>\n<p style=\"text-align: justify;\"><span style=\"font-family: times new roman, times, serif; font-size: 14pt;\"><strong><em>\u00a0<\/em><\/strong><\/span><\/p>\n<p>&nbsp;<\/p>\n<p style=\"text-align: center;\"><span style=\"font-family: times new roman, times, serif; font-size: 18pt;\"><strong><em>Strategika 51 Intelligence<\/em><\/strong><strong> \u2013 26.12.2021<\/strong><\/span><\/p>\n<p>&nbsp;<\/p>\n<p>&nbsp;<\/p>\n<p>&nbsp;<\/p>\n<p style=\"text-align: center;\"><iframe loading=\"lazy\" title=\"YouTube video player\" src=\"\/\/www.youtube.com\/embed\/0sYE5xFtSmg\" width=\"560\" height=\"315\" frameborder=\"0\" allowfullscreen=\"allowfullscreen\"><\/iframe><\/p>\n<p>&nbsp;<\/p>\n<p>&nbsp;<\/p>\n<p style=\"text-align: justify;\"><span style=\"font-family: times new roman, times, serif; font-size: 14pt;\"><strong>\u00a0<\/strong><\/span><\/p>\n<p style=\"text-align: justify;\"><span style=\"font-family: tahoma, arial, helvetica, sans-serif; font-size: 14pt;\"><strong>Les menaces d\u2019une guerre unilat\u00e9rale, r\u00e9it\u00e9r\u00e9es par Isra\u00ebl \u00e0 l\u2019encontre de l\u2019Iran au sujet de son programme nucl\u00e9aire, viennent de recevoir un d\u00e9but de r\u00e9ponse non rh\u00e9torique.<\/strong><\/span><\/p>\n<p>&nbsp;<\/p>\n<p style=\"text-align: justify;\"><span style=\"font-family: times new roman, times, serif; font-size: 14pt;\">Lors de l\u2019exercice militaire au nom de code \u00ab\u00a0Grand Proph\u00e8te 17\u00a0\u00bb qui s\u2019est d\u00e9roul\u00e9 du 20 au 25 d\u00e9cembre dans les provinces de Bouchehr, de Hormuzgan et du Khuzestan, l\u2019un des points forts des manoeuvres balistiques iranienne a \u00e9t\u00e9 la simulation d\u2019une attaque complexe ciblant une maquette grandeur nature d\u2019un centre militaire de recherches dans la miniaturisation des ogives nucl\u00e9aires situ\u00e9 \u00e0 treize kilom\u00e8tre du fameux complexe nucl\u00e9aire de Dimona dans le d\u00e9sert du N\u00e9guev au sud de l\u2019\u00c9tat d\u2019Isra\u00ebl.<\/span><\/p>\n<p>&nbsp;<\/p>\n<p style=\"text-align: justify;\"><span style=\"font-family: times new roman, times, serif; font-size: 14pt;\">Seize missiles Sol-Sol de type Sejjil, Emad, Zelzal, Ghadr, Zulfekar et Dezful ont \u00e9t\u00e9 tir\u00e9s \u00e0 la fin des exercices. La port\u00e9e de ces missiles varie entre 350 et 2.200 km.<\/span><\/p>\n<p>&nbsp;<\/p>\n<p style=\"text-align: justify;\"><span style=\"font-family: times new roman, times, serif; font-size: 14pt;\">Pour le Chef d\u2019\u00e9tat-major des arm\u00e9es iraniennes, le g\u00e9n\u00e9ral Mohamed Bagheri, ces man\u0153uvres militaires ont \u00e9t\u00e9 con\u00e7ues de mani\u00e8re \u00e0 r\u00e9pondre aux r\u00e9centes menaces prof\u00e9r\u00e9es par des responsables isra\u00e9liens \u00e0 l\u2019encontre de l\u2019Iran. M\u00eame son de cloche du c\u00f4t\u00e9 du g\u00e9n\u00e9ral Hussein Salami, le chef du Corps des Gardiens de la R\u00e9volution Iranienne, pour qui ces exercices sont \u00ab\u00a0un s\u00e9rieux avertissement aux responsables du r\u00e9gime sioniste\u00a0\u00bb.<\/span><\/p>\n<p>&nbsp;<\/p>\n<p style=\"text-align: justify;\"><span style=\"font-family: times new roman, times, serif; font-size: 14pt;\">Simultan\u00e9ment au tir de barrage balistique, des drones kamikazes semblables au Shahid-136 ont \u00e9t\u00e9 lanc\u00e9s \u00e0 partir de plateformes \u00e0 \u00e9tages mont\u00e9es sur des v\u00e9hicules contre des cibles statiques et mobiles. Cela d\u00e9montre que les Iraniens ont suivi avec beaucoup d\u2019attention les r\u00e9centes \u00e9volutions sur le th\u00e9\u00e2tre des op\u00e9rations militaires et notamment l\u2019usage d\u00e9cisif des drones kamikazes dans le conflit du Nagorno-KaraBagh par l\u2019Azerba\u00efdjan voisin.<\/span><\/p>\n<p>&nbsp;<\/p>\n<p style=\"text-align: justify;\"><span style=\"font-family: times new roman, times, serif; font-size: 14pt;\">Autre observation, le choix de la cible finale dans les exercices \u00ab\u00a0Grand Proph\u00e8te 17\u00a0\u00bb d\u00e9montre que le renseignement militaire iranien suit non seulement tr\u00e8s attentivement l\u2019\u00e9volution de l\u2019arsenal non-conventionnel isra\u00e9lien \u2013 consid\u00e9r\u00e9 comme l\u2019un des plus prolifique au monde \u2013 mais qu\u2019il dispose de donn\u00e9es sensibles sur certains aspects de ce programme nucl\u00e9aire militaire datant de la fin des ann\u00e9es 50, comme le programme de miniaturisation des t\u00eates nucl\u00e9aires et l\u2019emplacement de certains laboratoires secret y aff\u00e9rents.<\/span><\/p>\n<p>&nbsp;<\/p>\n<p style=\"text-align: justify;\"><span style=\"font-family: times new roman, times, serif; font-size: 14pt;\">Isra\u00ebl dispose d\u2019un certain nombre de r\u00e9seaux d\u2019espionnage et de sabotage \u00e0 l\u2019int\u00e9rieur de l\u2019Iran, certes, mais il semble \u00e9galement que les Iraniens soient parvenus \u00e0 avoir des agents \u00e0 l\u2019int\u00e9rieur du programme nucl\u00e9aire isra\u00e9lien.<\/span><\/p>\n<p>&nbsp;<\/p>\n<p style=\"text-align: left;\"><span style=\"font-family: times new roman, times, serif; font-size: 14pt;\">Source\u00a0: <a href=\"https:\/\/strategika51.org\/2021\/12\/26\/liran-simule-lattaque-balistique-dun-centre-militaire-nucleaire-israelien-secret-pres-de-dimona\/\">https\u00a0:\/\/strategika51.org\/2021\/12\/26\/liran-simule-lattaque-balistique-dun-centre-militaire-nucleaire-israelien-secret-pres-de-dimona\/<\/a><\/span><\/p>\n<p>&nbsp;<\/p>\n<p>&nbsp;<\/p>\n<p style=\"text-align: left;\"><span style=\"font-family: times new roman, times, serif; font-size: 18pt; color: #c00000;\"><strong><em>L\u2019Iran sait aussi, h\u00e9las, qu\u2019il est impossible de frapper (nucl\u00e9airement) Isra\u00ebl sans frapper en m\u00eame temps ses victimes, ch\u00e8vre attach\u00e9e au piquet pour attirer le tigre.<\/em><\/strong><\/span><\/p>\n<p style=\"text-align: justify;\"><span style=\"font-family: times new roman, times, serif; font-size: 14pt;\"><strong><em>\u00a0<\/em><\/strong><\/span><\/p>\n<p style=\"text-align: left;\"><span style=\"font-family: times new roman, times, serif; font-size: 14pt;\"><strong>\u00a0URL de cet article : <\/strong><a href=\"http:\/\/blog.lesgrossesorchadeslesamplesthalameges.fr\/index.php\/liran-simule-lattaque-balistique-dun-centre-militaire-nucleaire-israelien-secret-pres-de-dimona\/\">http:\/\/blog.lesgrossesorchadeslesamplesthalameges.fr\/index.php\/liran-simule-lattaque-balistique-dun-centre-militaire-nucleaire-israelien-secret-pres-de-dimona\/<\/a><strong><em><br \/>\n<\/em><\/strong><\/span><\/p>\n<p><strong><em>\u00a0<\/em><\/strong><\/p>\n<p>&nbsp;<\/p>\n<p>&nbsp;<\/p>\n<p style=\"text-align: center;\"><strong><em>\u00a0<a href=\"http:\/\/blog.lesgrossesorchadeslesamplesthalameges.fr\/index.php\/2021\/12\/28\/barbaries-barbara\/000-bottles-gif\/\" rel=\"attachment wp-att-16012\"><img loading=\"lazy\" class=\"alignnone wp-image-16012\" src=\"http:\/\/blog.lesgrossesorchadeslesamplesthalameges.fr\/wp-content\/uploads\/2021\/12\/000.-bottles-GIF.gif\" alt=\"\" width=\"120\" height=\"79\" \/><\/a><\/em><\/strong><\/p>\n<p><strong><em>\u00a0<\/em><\/strong><\/p>\n<p><strong><em>\u00a0<\/em><\/strong><\/p>\n<p style=\"text-align: right;\"><span style=\"font-family: comic sans ms, sans-serif; font-size: 14pt;\">D\u00e9cembre 2021<\/span><\/p>\n<p>&nbsp;<\/p>\n<p>&nbsp;<\/p>\n","protected":false},"excerpt":{"rendered":"<p>&nbsp; &nbsp; &nbsp; &nbsp; &nbsp; &nbsp; &nbsp; &nbsp; \u00ab\u00a0On va beaucoup plus loin avec une bonne parole et un flingue qu&rsquo;avec seulement une bonne parole.\u00a0\u00bb Al Capone \u00a0 &nbsp; &nbsp; \u00a0 &nbsp; &nbsp; &nbsp; L\u2019Iran simule l\u2019attaque balistique d\u2019un centre militaire nucl\u00e9aire isra\u00e9lien secret pr\u00e8s de Dimona \u00a0 &nbsp; Strategika 51 Intelligence \u2013 26.12.2021 &nbsp;&#8230;<\/p>\n","protected":false},"author":1,"featured_media":0,"parent":0,"menu_order":0,"comment_status":"open","ping_status":"open","template":"","meta":[],"_links":{"self":[{"href":"https:\/\/blog.lesgrossesorchadeslesamplesthalameges.fr\/index.php\/wp-json\/wp\/v2\/pages\/16056"}],"collection":[{"href":"https:\/\/blog.lesgrossesorchadeslesamplesthalameges.fr\/index.php\/wp-json\/wp\/v2\/pages"}],"about":[{"href":"https:\/\/blog.lesgrossesorchadeslesamplesthalameges.fr\/index.php\/wp-json\/wp\/v2\/types\/page"}],"author":[{"embeddable":true,"href":"https:\/\/blog.lesgrossesorchadeslesamplesthalameges.fr\/index.php\/wp-json\/wp\/v2\/users\/1"}],"replies":[{"embeddable":true,"href":"https:\/\/blog.lesgrossesorchadeslesamplesthalameges.fr\/index.php\/wp-json\/wp\/v2\/comments?post=16056"}],"version-history":[{"count":6,"href":"https:\/\/blog.lesgrossesorchadeslesamplesthalameges.fr\/index.php\/wp-json\/wp\/v2\/pages\/16056\/revisions"}],"predecessor-version":[{"id":16062,"href":"https:\/\/blog.lesgrossesorchadeslesamplesthalameges.fr\/index.php\/wp-json\/wp\/v2\/pages\/16056\/revisions\/16062"}],"wp:attachment":[{"href":"https:\/\/blog.lesgrossesorchadeslesamplesthalameges.fr\/index.php\/wp-json\/wp\/v2\/media?parent=16056"}],"curies":[{"name":"wp","href":"https:\/\/api.w.org\/{rel}","templated":true}]}}