{"id":16064,"date":"2021-12-28T20:52:02","date_gmt":"2021-12-28T19:52:02","guid":{"rendered":"http:\/\/blog.lesgrossesorchadeslesamplesthalameges.fr\/?page_id=16064"},"modified":"2021-12-28T20:53:29","modified_gmt":"2021-12-28T19:53:29","slug":"dernieres-petites-nouvelles-rejouissantes","status":"publish","type":"page","link":"https:\/\/blog.lesgrossesorchadeslesamplesthalameges.fr\/index.php\/dernieres-petites-nouvelles-rejouissantes\/","title":{"rendered":"Derni\u00e8res petites nouvelles r\u00e9jouissantes"},"content":{"rendered":"<p>&nbsp;<\/p>\n<p>&nbsp;<\/p>\n<p>&nbsp;<\/p>\n<p>&nbsp;<\/p>\n<p>&nbsp;<\/p>\n<p>&nbsp;<\/p>\n<p>&nbsp;<\/p>\n<p>&nbsp;<\/p>\n<p style=\"text-align: justify;\"><span style=\"font-family: times new roman, times, serif; font-size: 18pt; color: #c00000;\"><strong><em>Derni\u00e8res petites nouvelles r\u00e9jouissantes<\/em><\/strong><\/span><\/p>\n<p style=\"text-align: justify;\"><span style=\"font-family: times new roman, times, serif; font-size: 14pt;\"><strong><em>\u00a0<\/em><\/strong><\/span><\/p>\n<p>&nbsp;<\/p>\n<p style=\"text-align: center;\"><span style=\"font-family: times new roman, times, serif; font-size: 14pt;\"><strong><span style=\"font-size: 36pt;\">\u00a0Guerre aux peuples<\/span><em><br \/>\n<\/em><\/strong><\/span><\/p>\n<p>&nbsp;<\/p>\n<p>&nbsp;<\/p>\n<p style=\"text-align: justify;\"><span style=\"font-family: times new roman, times, serif; font-size: 14pt;\">Le 21\/12\/2021<\/span><\/p>\n<p style=\"text-align: justify;\"><span style=\"font-family: times new roman, times, serif; font-size: 14pt;\"><strong><u><a href=\"https:\/\/secoursrouge.org\/palestine-affrontements-a-silat-al-khartiya\/\"><span style=\"font-size: 18pt;\">Palestine: Affrontements \u00e0 Silat al-Khartiya<\/span><\/a><\/u><\/strong><\/span><\/p>\n<p>&nbsp;<\/p>\n<p style=\"text-align: justify;\"><span style=\"font-family: times new roman, times, serif; font-size: 14pt;\">Jeudi, des coups de feu avaient \u00e9t\u00e9 tir\u00e9s contre une voiture occup\u00e9e par des militants d\u2019une colonie ill\u00e9gale (elles le sont toutes aux yeux de la loi internationale, mais celle-l\u00e0 l\u2019\u00e9tait m\u00eame aux yeux de la loi isra\u00e9lienne) de Homesh, tuant un colon.\u00a0 Hier lundi, des forces de s\u00e9curit\u00e9 isra\u00e9liennes ont \u00e9t\u00e9 envoy\u00e9es lundi dans le village de Silat al-Khartiya, pr\u00e8s de J\u00e9nine pour informer une famille de l\u2019ordre de d\u00e9molition de sa maison. Il s\u2019agit de la famille de deux Palestiniens arr\u00eat\u00e9 pour l\u2019attaque de jeudi. Les militaires ont \u00e9t\u00e9 accueillis par des manifestants qui ont lanc\u00e9 des pierres et des bouteilles. Des coups de feu auraient \u00e9t\u00e9 aussi tir\u00e9. Les familles des suspects sont inform\u00e9es \u00e0 l\u2019avance de la d\u00e9molition, ce qui leur donne la possibilit\u00e9 de faire appel devant la Haute Cour de justice d\u2019Isra\u00ebl. Ces appel r\u00e9ussissent rarement, bien que dans certains cas, le tribunal limite l\u2019ordre de d\u00e9molition aux seules parties de la maison utilis\u00e9es par l\u2019accus\u00e9.<\/span><\/p>\n<p style=\"text-align: justify;\"><span style=\"font-family: times new roman, times, serif; font-size: 14pt;\"><strong><em>\u00a0<\/em><\/strong><\/span><\/p>\n<p>&nbsp;<\/p>\n<p style=\"text-align: center;\"><span style=\"font-family: times new roman, times, serif; font-size: 14pt;\"><strong><em>\u00a0<a href=\"http:\/\/blog.lesgrossesorchadeslesamplesthalameges.fr\/index.php\/dernieres-petites-nouvelles-rejouissantes\/20-maison-investie\/\" rel=\"attachment wp-att-16065\"><img loading=\"lazy\" class=\"alignnone wp-image-16065 size-full\" src=\"http:\/\/blog.lesgrossesorchadeslesamplesthalameges.fr\/wp-content\/uploads\/2021\/12\/20.-Maison-investie.jpg\" alt=\"\" width=\"600\" height=\"450\" srcset=\"https:\/\/blog.lesgrossesorchadeslesamplesthalameges.fr\/wp-content\/uploads\/2021\/12\/20.-Maison-investie.jpg 600w, https:\/\/blog.lesgrossesorchadeslesamplesthalameges.fr\/wp-content\/uploads\/2021\/12\/20.-Maison-investie-300x225.jpg 300w\" sizes=\"(max-width: 600px) 100vw, 600px\" \/><\/a><\/em><\/strong><\/span><\/p>\n<p style=\"text-align: justify;\"><span style=\"font-family: times new roman, times, serif; font-size: 14pt;\"><strong><em>\u00a0<\/em><\/strong><\/span><\/p>\n<p style=\"text-align: justify;\"><span style=\"font-family: times new roman, times, serif; font-size: 14pt;\"><strong><em>\u00a0<\/em><\/strong><\/span><\/p>\n<p style=\"text-align: justify;\"><span style=\"font-family: times new roman, times, serif; font-size: 14pt;\"><strong><em>\u00a0<\/em><\/strong><\/span><\/p>\n<p style=\"text-align: justify;\"><span style=\"font-family: times new roman, times, serif; font-size: 14pt;\">Le 25.12.2021<\/span><\/p>\n<p style=\"text-align: justify;\"><span style=\"font-family: times new roman, times, serif; font-size: 14pt;\"><strong><u><a href=\"https:\/\/secoursrouge.org\/palestine-des-dizaines-de-manifestants-blesses-par-les-forces-doccupation-2\/\"><span style=\"font-size: 18pt;\">Palestine: Des dizaines de manifestants bless\u00e9s par les forces d\u2019occupation<\/span><\/a><\/u><\/strong><\/span><\/p>\n<p>&nbsp;<\/p>\n<p style=\"text-align: justify;\"><span style=\"font-family: times new roman, times, serif; font-size: 14pt;\">Cinq manifestants palestiniens ont \u00e9t\u00e9 touch\u00e9s par des balles en caoutchouc lors d\u2019affrontements avec les forces isra\u00e9liennes dans le village de Burqa et la ville de Beita dans la province de Naplouse vendredi. 43 autres Palestiniens ont souffert de difficult\u00e9s respiratoires dues \u00e0 l\u2019inhalation de gaz. Trois autres manifestants ont signal\u00e9 des blessures diff\u00e9rentes lors des affrontements dans la province de Cisjordanie. Dans le village de Kafr Qaddum, \u00e0 l\u2019est de la ville cisjordanienne de Qalqilya, six Palestiniens qui participaient aux manifestations hebdomadaires anti-colonisation vendredi ont \u00e9t\u00e9 touch\u00e9s par des balles en caoutchouc et des dizaines d\u2019autres, de nombreuses difficult\u00e9s respiratoires dues aux gaz lacrymog\u00e8nes utilis\u00e9s par l\u2019Isra\u00e9lien troupes contre les manifestants.<\/span><\/p>\n<p style=\"text-align: justify;\"><span style=\"font-family: times new roman, times, serif; font-size: 14pt;\">Pendant ce temps, des affrontements ont \u00e9galement \u00e9clat\u00e9 entre les forces isra\u00e9liennes et les Palestiniens dans la ville d\u2019Azzun, \u00e0 l\u2019est de Qalqilya, vendredi. Au cours des affrontements, un Palestinien de 18 ans a \u00e9t\u00e9 bless\u00e9 par des balles r\u00e9elles tir\u00e9es par les forces isra\u00e9liennes, qui ont \u00e9galement utilis\u00e9 des gaz lacrymog\u00e8nes, des balles en caoutchouc et des bombes assourdissantes contre les Palestiniens. \u00c9galement le vendredi, des dizaines de Palestiniens ont des difficult\u00e9s respiratoires dues \u00e0 l\u2019inhalation de gaz tir\u00e9s par des Isra\u00e9liens qui ont pris d\u2019assaut le quartier de Bab al-Zawiya dans la ville cisjordanienne d\u2019al-Khalil (H\u00e9bron).<\/span><\/p>\n<p>&nbsp;<\/p>\n<p>&nbsp;<\/p>\n<p>&nbsp;<\/p>\n<p style=\"text-align: center;\"><span style=\"font-family: times new roman, times, serif; font-size: 14pt;\"><strong><em>\u00a0<a href=\"http:\/\/blog.lesgrossesorchadeslesamplesthalameges.fr\/index.php\/dernieres-petites-nouvelles-rejouissantes\/21-repression-a-kalil-hebron\/\" rel=\"attachment wp-att-16066\"><img loading=\"lazy\" class=\"alignnone wp-image-16066 size-full\" src=\"http:\/\/blog.lesgrossesorchadeslesamplesthalameges.fr\/wp-content\/uploads\/2021\/12\/21.-R\u00e9pression-\u00e0-Kalil-H\u00e9bron.jpg\" alt=\"\" width=\"600\" height=\"332\" srcset=\"https:\/\/blog.lesgrossesorchadeslesamplesthalameges.fr\/wp-content\/uploads\/2021\/12\/21.-R\u00e9pression-\u00e0-Kalil-H\u00e9bron.jpg 600w, https:\/\/blog.lesgrossesorchadeslesamplesthalameges.fr\/wp-content\/uploads\/2021\/12\/21.-R\u00e9pression-\u00e0-Kalil-H\u00e9bron-300x166.jpg 300w\" sizes=\"(max-width: 600px) 100vw, 600px\" \/><\/a><\/em><\/strong><\/span><\/p>\n<p>&nbsp;<\/p>\n<p>&nbsp;<\/p>\n<p>&nbsp;<\/p>\n<p style=\"text-align: justify;\"><span style=\"font-family: times new roman, times, serif; font-size: 14pt;\">Le 26.12.2021<\/span><\/p>\n<p style=\"text-align: justify;\"><span style=\"font-family: times new roman, times, serif; font-size: 14pt;\"><strong><u><a href=\"https:\/\/secoursrouge.org\/palestine-violents-affrontements-samedi-soir-a-burqa\/\"><span style=\"font-size: 18pt;\">Palestine: Violents affrontements samedi soir \u00a0\u00e0 Burqa<\/span><\/a><\/u><\/strong><\/span><\/p>\n<p>&nbsp;<\/p>\n<p style=\"text-align: justify;\"><span style=\"font-family: times new roman, times, serif; font-size: 14pt;\">Des milliers de colons et de manifestants de l\u2019extr\u00eame-droite sioniste avaient \u00e9t\u00e9 autoris\u00e9 \u00e0 marcher vers l\u2019avant-poste et \u00e0 manifester contre l\u2019\u00e9vacuation pr\u00e9vue de la colonie ill\u00e9gale de Homesh, pr\u00e8s de la localit\u00e9 de Burqa. Les jeunes manifestants de Burqa, appuy\u00e9s par d\u2019autres jeunes des villes palestiniennes voisines en Cisjordanie occup\u00e9e, ont r\u00e9ussi, le samedi soir 25 d\u00e9cembre, \u00e0 s\u2019opposer \u00e0 cette marche sur leurs terres, en affrontant les forces militaires isra\u00e9liennes d\u00e9ploy\u00e9es pour s\u00e9curiser l\u2019incursion des colons.<\/span><\/p>\n<p style=\"text-align: justify;\"><span style=\"font-family: times new roman, times, serif; font-size: 14pt;\">Les jeunes palestiniens ont br\u00fbl\u00e9 des pneus, et jet\u00e9 des pierres et des cocktails Molotov. Le Croissant-Rouge palestiniens a indiqu\u00e9 que ses \u00e9quipes sur le terrain ont enregistr\u00e9 135 bless\u00e9s lors de ces affrontements, dont 5 avec des balles r\u00e9elles et 35 avec des balles m\u00e9talliques recouvertes de caoutchouc. Un manifestant a \u00e9t\u00e9 gravement bless\u00e9 d\u2019une balle dans le ventre, il a \u00e9t\u00e9 \u00e9vacu\u00e9 vers l\u2019h\u00f4pital de Naplouse pour y \u00eatre op\u00e9r\u00e9. Au moins deux autres personnes ont \u00e9t\u00e9 touch\u00e9es aux jambes et ont \u00e9t\u00e9 \u00e9vacu\u00e9es vers l\u2019h\u00f4pital Rafidia de Naplouse.\u00a0 Apr\u00e8s ces affrontements les forces d\u2019occupation ont d\u00fb interdire la marche des colons et elles ont d\u00e9clar\u00e9 la r\u00e9gion \u00ab zone militaire ferm\u00e9e \u00bb.<\/span><\/p>\n<p style=\"text-align: justify;\"><span style=\"font-family: times new roman, times, serif; font-size: 14pt;\"><strong><em>\u00a0<\/em><\/strong><\/span><\/p>\n<p>&nbsp;<\/p>\n<p style=\"text-align: justify;\"><span style=\"font-family: times new roman, times, serif; font-size: 14pt;\"><strong><em>\u00a0<\/em><\/strong><\/span><\/p>\n<p style=\"text-align: center;\"><span style=\"font-family: times new roman, times, serif; font-size: 14pt;\"><strong><em><a href=\"http:\/\/blog.lesgrossesorchadeslesamplesthalameges.fr\/index.php\/dernieres-petites-nouvelles-rejouissantes\/22-affrontements-a-burqa\/\" rel=\"attachment wp-att-16067\"><img loading=\"lazy\" class=\"alignnone wp-image-16067 size-full\" src=\"http:\/\/blog.lesgrossesorchadeslesamplesthalameges.fr\/wp-content\/uploads\/2021\/12\/22.-Affrontements-\u00e0-burqa.jpg\" alt=\"\" width=\"600\" height=\"348\" srcset=\"https:\/\/blog.lesgrossesorchadeslesamplesthalameges.fr\/wp-content\/uploads\/2021\/12\/22.-Affrontements-\u00e0-burqa.jpg 600w, https:\/\/blog.lesgrossesorchadeslesamplesthalameges.fr\/wp-content\/uploads\/2021\/12\/22.-Affrontements-\u00e0-burqa-300x174.jpg 300w\" sizes=\"(max-width: 600px) 100vw, 600px\" \/><\/a>\u00a0<\/em><\/strong><\/span><\/p>\n<p style=\"text-align: justify;\"><span style=\"font-family: times new roman, times, serif; font-size: 14pt;\"><strong><em>\u00a0<\/em><\/strong><\/span><\/p>\n<p>&nbsp;<\/p>\n<p>&nbsp;<\/p>\n<p style=\"text-align: left;\"><span style=\"font-family: times new roman, times, serif; font-size: 18pt; color: #c00000;\"><strong><em>Infoutus de se battre quand il y a des guerres d\u2019invasion, mais contre leurs propres populations, ils seront peut-\u00eatre plus efficaces. En tout cas, ils sont arm\u00e9s jusqu\u2019aux dents.<\/em><\/strong><\/span><\/p>\n<p style=\"text-align: justify;\"><span style=\"font-family: times new roman, times, serif; font-size: 14pt; color: #c00000;\"><strong><em>\u00a0<\/em><\/strong><\/span><\/p>\n<p>&nbsp;<\/p>\n<p style=\"text-align: justify;\"><span style=\"font-family: times new roman, times, serif; font-size: 14pt;\"><strong><u><a href=\"https:\/\/secoursrouge.org\/bruxelles-le-camion-barriere-anti-emeute-est-en-service\/\"><span style=\"font-size: 18pt;\">Bruxelles: Le camion-barri\u00e8re anti-\u00e9meute est en service<\/span><\/a><\/u><\/strong><\/span><\/p>\n<p>&nbsp;<\/p>\n<p style=\"text-align: justify;\"><span style=\"font-family: times new roman, times, serif; font-size: 14pt;\">Nous annoncions qu\u2019il y a deux ans, un appel d\u2019offres avait r\u00e9cemment lanc\u00e9 par la zone de police Bruxelles-Capitale\/Ixelles afin d\u2019obtenir un \u00abcamion-barri\u00e8re\u00bb \u00e0 utiliser lors de manifestation (<a href=\"https:\/\/secoursrouge.org\/bruxelles-la-police-veut-un-camion-barriere-anti-emeute\/\">voir notre article<\/a>). Celui-ci a \u00e9t\u00e9 achet\u00e9 et est entr\u00e9 en service. C\u2019est l\u2019occasion de (re)lire <a href=\"https:\/\/secoursrouge.org\/les-vehicules-de-maintien-de-lordre-a-bruxelles\/\">notre dossier<\/a> sur les v\u00e9hicules de maintien de l\u2019ordre \u00e0 Bruxelles.<\/span><\/p>\n<p>&nbsp;<\/p>\n<p>&nbsp;<\/p>\n<p>&nbsp;<\/p>\n<p style=\"text-align: center;\"><a href=\"http:\/\/blog.lesgrossesorchadeslesamplesthalameges.fr\/index.php\/dernieres-petites-nouvelles-rejouissantes\/23-camion-barriere-anti-emeute\/\" rel=\"attachment wp-att-16068\"><img loading=\"lazy\" class=\"alignnone wp-image-16068\" src=\"http:\/\/blog.lesgrossesorchadeslesamplesthalameges.fr\/wp-content\/uploads\/2021\/12\/23.-Camion-barri\u00e8re-anti-\u00e9meute-300x225.jpeg\" alt=\"\" width=\"650\" height=\"488\" srcset=\"https:\/\/blog.lesgrossesorchadeslesamplesthalameges.fr\/wp-content\/uploads\/2021\/12\/23.-Camion-barri\u00e8re-anti-\u00e9meute-300x225.jpeg 300w, https:\/\/blog.lesgrossesorchadeslesamplesthalameges.fr\/wp-content\/uploads\/2021\/12\/23.-Camion-barri\u00e8re-anti-\u00e9meute-768x576.jpeg 768w, https:\/\/blog.lesgrossesorchadeslesamplesthalameges.fr\/wp-content\/uploads\/2021\/12\/23.-Camion-barri\u00e8re-anti-\u00e9meute.jpeg 850w\" sizes=\"(max-width: 650px) 100vw, 650px\" \/><\/a><\/p>\n<p>&nbsp;<\/p>\n<p>&nbsp;<\/p>\n<p>&nbsp;<\/p>\n<p style=\"text-align: justify;\"><span style=\"font-family: times new roman, times, serif; font-size: 14pt;\"><strong><u><a href=\"https:\/\/secoursrouge.org\/france-90-blindes-et-10-helicopteres-pour-la-gendarmerie\/\"><span style=\"font-size: 18pt;\">France: 90 blind\u00e9s et 10 h\u00e9licopt\u00e8res pour la gendarmerie<\/span><\/a><\/u><\/strong><\/span><\/p>\n<p>&nbsp;<\/p>\n<p style=\"text-align: justify;\"><span style=\"font-family: times new roman, times, serif; font-size: 14pt;\">Le successeur du V\u00e9hicule blind\u00e9 \u00e0 roues de la gendarmerie (VBRG) est d\u00e9sormais connu: il s\u2019agit de l\u2019 \u00ab ARIVE \u00bb (pour ARmoured Infanty VEhicle), un blind\u00e9 4\u00d74 produit par l\u2019industriel Soframe (<a href=\"https:\/\/secoursrouge.org\/france-appel-doffre-pour-les-nouveaux-blindes-de-la-gendarmerie\/\">voir notre pr\u00e9c\u00e9dent article<\/a>). Il r\u00e9pondra dans la gendarmerie au nom de Centaure. Il s\u2019agit d\u2019un imposant blind\u00e9 4\u00d74 de 14,5 tonnes (soit deux de plus que le VBRG qu\u2019il remplace). Il affiche une longueur de 6,2 m\u00e8tres pour une largeur de 2,45 m\u00e8tres et une hauteur de 2,5 m\u00e8tres. Et contrairement \u00e0 son pr\u00e9d\u00e9cesseur, il poss\u00e8de, de mani\u00e8re uniforme, des capacit\u00e9s de pousser, ainsi que de d\u00e9gagement, gr\u00e2ce \u00e0 des lames mont\u00e9es sur des v\u00e9rins pneumatiques, install\u00e9es \u00e0 l\u2019avant du v\u00e9hicule. Enfin, ces v\u00e9hicules disposeront d\u2019\u00e9quipements optroniques modernes et de capacit\u00e9s actualis\u00e9es, donc t\u00e9l\u00e9op\u00e9r\u00e9es, en mati\u00e8re de tir et de lancement de grenades. 90 exemplaires de cet engin blind\u00e9 seront command\u00e9s, soit 30 de plus que le parc actuel des VBRG. La livraison du premier Centaure est attendue au 1er semestre 2022.<\/span><\/p>\n<p style=\"text-align: justify;\"><span style=\"font-family: times new roman, times, serif; font-size: 14pt;\">En 2019, la ministre des Arm\u00e9es, Florence Parly, avait d\u00e9cid\u00e9 d\u2019acc\u00e9l\u00e9rer d\u2019un an le programme d\u2019h\u00e9licopt\u00e8re interarm\u00e9es l\u00e9ger. Le 22 d\u00e9cembre, elle a notifi\u00e9 le contrat d\u2019acquisition et de soutien de 169 h\u00e9licopt\u00e8res \u00e0 Airbus Helicopters. avec une commande de 169 appareils, un march\u00e9 global \u00e9valu\u00e9 \u00e0 10 milliards d\u2019euros (qui comprend le d\u00e9veloppement et la livraison des appareils, la fourniture du syst\u00e8me de soutien et de formation ainsi que la maintenance en condition op\u00e9rationnelle pendant dix ans). Ce contrat comprend dix h\u00e9licopt\u00e8res H160 pour la Gendarmerie nationale pour 200 millions d\u2019euros, qui seront livr\u00e9s \u00e0 partir de 2026.<\/span><\/p>\n<p>&nbsp;<\/p>\n<p>&nbsp;<\/p>\n<p>&nbsp;<\/p>\n<p style=\"text-align: center;\"><a href=\"http:\/\/blog.lesgrossesorchadeslesamplesthalameges.fr\/index.php\/dernieres-petites-nouvelles-rejouissantes\/24-blinde-gendarmerie\/\" rel=\"attachment wp-att-16069\"><img loading=\"lazy\" class=\"alignnone wp-image-16069 size-full\" src=\"http:\/\/blog.lesgrossesorchadeslesamplesthalameges.fr\/wp-content\/uploads\/2021\/12\/24.-Blind\u00e9-gendarmerie.jpg\" alt=\"\" width=\"600\" height=\"453\" srcset=\"https:\/\/blog.lesgrossesorchadeslesamplesthalameges.fr\/wp-content\/uploads\/2021\/12\/24.-Blind\u00e9-gendarmerie.jpg 600w, https:\/\/blog.lesgrossesorchadeslesamplesthalameges.fr\/wp-content\/uploads\/2021\/12\/24.-Blind\u00e9-gendarmerie-300x227.jpg 300w\" sizes=\"(max-width: 600px) 100vw, 600px\" \/><\/a><\/p>\n<p>&nbsp;<\/p>\n<p>&nbsp;<\/p>\n<p style=\"text-align: justify;\"><span style=\"font-family: times new roman, times, serif; font-size: 14pt;\">Source\u00a0: <a href=\"https:\/\/secoursrouge.org\/\">https:\/\/secoursrouge.org\/<\/a><\/span><\/p>\n<p style=\"text-align: left;\"><strong><span style=\"font-family: times new roman, times, serif; font-size: 14pt;\">URL de cet article : <\/span><\/strong><a href=\"http:\/\/blog.lesgrossesorchadeslesamplesthalameges.fr\/index.php\/dernieres-petites-nouvelles-rejouissantes\/\"><span style=\"font-family: times new roman, times, serif; font-size: 14pt;\">http:\/\/blog.lesgrossesorchadeslesamplesthalameges.fr\/index.php\/dernieres-petites-nouvelles-rejouissantes\/<\/span><\/a><strong><span style=\"font-family: times new roman, times, serif; font-size: 14pt;\"><br \/>\n<\/span><\/strong><\/p>\n<p>&nbsp;<\/p>\n<p>&nbsp;<\/p>\n<p>&nbsp;<\/p>\n<p style=\"text-align: center;\"><a href=\"http:\/\/blog.lesgrossesorchadeslesamplesthalameges.fr\/index.php\/2021\/12\/28\/barbaries-barbara\/000-dangerous-times-5\/\" rel=\"attachment wp-att-16028\"><img loading=\"lazy\" class=\"alignnone size-full wp-image-16028\" src=\"http:\/\/blog.lesgrossesorchadeslesamplesthalameges.fr\/wp-content\/uploads\/2021\/12\/000.-dangerous-times.gif\" alt=\"\" width=\"70\" height=\"63\" \/><\/a><\/p>\n<p>&nbsp;<\/p>\n<p>&nbsp;<\/p>\n<p style=\"text-align: right;\">D\u00e9cembre 2021<\/p>\n<p>&nbsp;<\/p>\n<p>&nbsp;<\/p>\n","protected":false},"excerpt":{"rendered":"<p>&nbsp; &nbsp; &nbsp; &nbsp; &nbsp; &nbsp; &nbsp; &nbsp; Derni\u00e8res petites nouvelles r\u00e9jouissantes \u00a0 &nbsp; \u00a0Guerre aux peuples &nbsp; &nbsp; Le 21\/12\/2021 Palestine: Affrontements \u00e0 Silat al-Khartiya &nbsp; Jeudi, des coups de feu avaient \u00e9t\u00e9 tir\u00e9s contre une voiture occup\u00e9e par des militants d\u2019une colonie ill\u00e9gale (elles le sont toutes aux yeux de la loi internationale,&#8230;<\/p>\n","protected":false},"author":1,"featured_media":0,"parent":0,"menu_order":0,"comment_status":"closed","ping_status":"closed","template":"","meta":[],"_links":{"self":[{"href":"https:\/\/blog.lesgrossesorchadeslesamplesthalameges.fr\/index.php\/wp-json\/wp\/v2\/pages\/16064"}],"collection":[{"href":"https:\/\/blog.lesgrossesorchadeslesamplesthalameges.fr\/index.php\/wp-json\/wp\/v2\/pages"}],"about":[{"href":"https:\/\/blog.lesgrossesorchadeslesamplesthalameges.fr\/index.php\/wp-json\/wp\/v2\/types\/page"}],"author":[{"embeddable":true,"href":"https:\/\/blog.lesgrossesorchadeslesamplesthalameges.fr\/index.php\/wp-json\/wp\/v2\/users\/1"}],"replies":[{"embeddable":true,"href":"https:\/\/blog.lesgrossesorchadeslesamplesthalameges.fr\/index.php\/wp-json\/wp\/v2\/comments?post=16064"}],"version-history":[{"count":9,"href":"https:\/\/blog.lesgrossesorchadeslesamplesthalameges.fr\/index.php\/wp-json\/wp\/v2\/pages\/16064\/revisions"}],"predecessor-version":[{"id":16078,"href":"https:\/\/blog.lesgrossesorchadeslesamplesthalameges.fr\/index.php\/wp-json\/wp\/v2\/pages\/16064\/revisions\/16078"}],"wp:attachment":[{"href":"https:\/\/blog.lesgrossesorchadeslesamplesthalameges.fr\/index.php\/wp-json\/wp\/v2\/media?parent=16064"}],"curies":[{"name":"wp","href":"https:\/\/api.w.org\/{rel}","templated":true}]}}