{"id":16090,"date":"2021-12-28T21:16:40","date_gmt":"2021-12-28T20:16:40","guid":{"rendered":"http:\/\/blog.lesgrossesorchadeslesamplesthalameges.fr\/?page_id=16090"},"modified":"2021-12-28T21:17:36","modified_gmt":"2021-12-28T20:17:36","slug":"les-elections-presidentielles-francaise-en-danger","status":"publish","type":"page","link":"https:\/\/blog.lesgrossesorchadeslesamplesthalameges.fr\/index.php\/les-elections-presidentielles-francaise-en-danger\/","title":{"rendered":"Les \u00e9lections pr\u00e9sidentielles fran\u00e7aise en danger ?"},"content":{"rendered":"<p>&nbsp;<\/p>\n<p>&nbsp;<\/p>\n<p>&nbsp;<\/p>\n<p>&nbsp;<\/p>\n<p>&nbsp;<\/p>\n<p>&nbsp;<\/p>\n<p>&nbsp;<\/p>\n<p>&nbsp;<\/p>\n<p style=\"text-align: center;\"><span style=\"font-size: 36pt; font-family: times new roman, times, serif;\"><strong>Les \u00e9lections pr\u00e9sidentielles fran\u00e7aise en danger ?<\/strong><\/span><\/p>\n<p>&nbsp;<\/p>\n<p>&nbsp;<\/p>\n<p style=\"text-align: center;\"><span style=\"font-size: 18pt; font-family: times new roman, times, serif;\"><strong>Karine Bechet- Golovko \u2013 <\/strong><a href=\"http:\/\/russiepolitics.blogspot.com\/2021\/12\/billet-francais-les-elections.html?utm_source=feedburner&amp;utm_medium=email\"><strong><em>Russie politics<\/em><\/strong><\/a><strong> \u2013 22.12.2021<\/strong><\/span><\/p>\n<p>&nbsp;<\/p>\n<p>&nbsp;<\/p>\n<p style=\"text-align: center;\"><span style=\"font-size: 18pt; font-family: times new roman, times, serif;\"><strong>\u00a0<\/strong><\/span><\/p>\n<p style=\"text-align: center;\"><a href=\"http:\/\/blog.lesgrossesorchadeslesamplesthalameges.fr\/index.php\/2021\/12\/28\/barbaries-barbara\/10-castex-bechet\/\" rel=\"attachment wp-att-16024\"><img loading=\"lazy\" class=\"alignnone wp-image-16024\" src=\"http:\/\/blog.lesgrossesorchadeslesamplesthalameges.fr\/wp-content\/uploads\/2021\/12\/10.-Castex-Bechet-300x171.png\" alt=\"\" width=\"600\" height=\"343\" srcset=\"https:\/\/blog.lesgrossesorchadeslesamplesthalameges.fr\/wp-content\/uploads\/2021\/12\/10.-Castex-Bechet-300x171.png 300w, https:\/\/blog.lesgrossesorchadeslesamplesthalameges.fr\/wp-content\/uploads\/2021\/12\/10.-Castex-Bechet.png 450w\" sizes=\"(max-width: 600px) 100vw, 600px\" \/><\/a><\/p>\n<p>&nbsp;<\/p>\n<p>&nbsp;<\/p>\n<p>&nbsp;<\/p>\n<p style=\"text-align: justify;\"><span style=\"font-size: 14pt; font-family: tahoma, arial, helvetica, sans-serif;\"><strong>Sous couvert d\u2019\u00e9ni\u00e8me vague potentielle de l\u2019\u00e9ternel coronavirus, le Gouvernement pense de plus en plus \u00e0 annuler\/ reporter les \u00e9lections pr\u00e9sidentielles, qui s\u2019approchent \u00e0 grands pas. Gouverner contre le peuple est un exercice difficile et garder l\u2019illusion d\u00e9mocratique n\u2019est plus un imp\u00e9ratif : les peuples sont cens\u00e9s \u00eatre suffisamment bris\u00e9s pour, de toute mani\u00e8re, continuer \u00e0 manifester le week-end, sans chercher \u00e0 reprendre le pouvoir. Alors pourquoi ne pas c\u00e9der \u00e0 la tentation ?<br \/>\n<\/strong><\/span><\/p>\n<p>&nbsp;<\/p>\n<p style=\"text-align: justify;\"><span style=\"font-size: 14pt; font-family: times new roman, times, serif;\">L\u2019information est sortie dans le\u00a0<a href=\"https:\/\/www.leparisien.fr\/politique\/passe-vaccinal-le-gouvernement-attend-lopposition-au-tournant-21-12-2021-IYJOM2I7RJBUZO3CYFAWHMVKFA.php\">Parisien<\/a>, reprise dans des journaux non-politiques, comme\u00a0<a href=\"https:\/\/www.gala.fr\/l_actu\/news_de_stars\/la-presidentielle-annulee-a-cause-de-lepidemie-on-ne-sait-pas-ou-on-en-sera-en-2022_483253\">Gala<\/a>\u00a0ou Femme Actuelle. Je cite au sujet de la question centrale du d\u00e9bat de cet apr\u00e8s-midi de Castex devant les d\u00e9put\u00e9s : \u00ab\u00a0<em>l\u2019\u00e9lection pr\u00e9sidentielle sera-t-elle maintenue ?<\/em>\u00a0\u00bb :<\/span><\/p>\n<p>&nbsp;<\/p>\n<p style=\"text-align: justify; padding-left: 90px;\"><span style=\"font-size: 14pt; font-family: times new roman, times, serif;\">\u00ab\u00a0<em>Cela va \u00eatre LE sujet, mais on ne sait pas o\u00f9 on en sera en avril 2022,\u00a0on ne peut pas garantir qu\u2019on ne sera pas en 7e vague<\/em>\u00ab\u00a0, a confi\u00e9 une source gouvernementale \u00e0 nos confr\u00e8res.\u00a0\u00bb<\/span><\/p>\n<p>&nbsp;<\/p>\n<p style=\"text-align: justify;\"><span style=\"font-size: 14pt; font-family: times new roman, times, serif;\">En circulant dans des m\u00e9dias non-politiques, cette hypoth\u00e8se fait son chemin dans les foyers, dans les esprits, pour \u00e9viter l\u2019effet de choc,\u00a0<strong>pour \u00e9viter l\u2019impression de coup d\u2019\u00c9tat.<\/strong><\/span><\/p>\n<p>&nbsp;<\/p>\n<p style=\"text-align: justify;\"><span style=\"font-size: 14pt; font-family: times new roman, times, serif;\">Soyons r\u00e9aliste, cette issue est in\u00e9vitable :\u00a0aucun Gouvernement ne peut gouverner d\u00e9mocratiquement contre son peuple, car il se retrouve alors en minorit\u00e9 et perd le pouvoir<em>.<\/em>\u00a0Or, depuis des ann\u00e9es, nous sommes face \u00e0 une minorit\u00e9 gouvernante, qui s\u2019\u00e9loignait doucement de la majorit\u00e9 populaire. Depuis deux ans, la rupture est consomm\u00e9e, la gouvernance est anti-nationale, anti-populaire.\u00a0<strong>Finalement, elle est devenue inhumaine.<\/strong><\/span><\/p>\n<p>&nbsp;<\/p>\n<p style=\"text-align: justify;\"><span style=\"font-size: 14pt; font-family: times new roman, times, serif;\">Aujourd\u2019hui, l\u2019alternative\u00a0 est simple : soit le Gouvernement se met \u00e0 gouverner dans l\u2019int\u00e9r\u00eat national, mais il perd son soutien ext\u00e9rieur et tombera, car il a d\u00e9j\u00e0 perdu la confiance int\u00e9rieure ; soit il continue ouvertement \u00e0 gouverner contre l\u2019int\u00e9r\u00eat national, il garde le soutien ext\u00e9rieur, mais il ne peut plus se permettre de v\u00e9ritables \u00e9lections. Nous avons d\u00e9j\u00e0 vu appara\u00eetre le vote \u00e9lectronique (c\u2019est pass\u00e9, car tellement \u00ab\u00a0plus pratique\u00a0\u00bb), le vote pourrait \u00eatre report\u00e9 sur la vague du \u00ab\u00a0<em>mais on va tous mourir!<\/em>\u00a0\u00bb (ce qui, par ailleurs, est vrai dans tous les cas \u2026 il faudrait juste ne pas oublier de vivre avant). Il pourra ensuite \u00eatre annul\u00e9, car en principe on ne sait jamais ce qu\u2019il se passera dans quelques ann\u00e9es.<\/span><\/p>\n<p>&nbsp;<\/p>\n<p style=\"text-align: justify;\"><span style=\"font-size: 14pt; font-family: times new roman, times, serif;\">Le Gouvernement a tant \u00e0 coeur notre sant\u00e9, qu\u2019il veut nous \u00e9viter de prendre des risques sanitaires. \u00d4, merci ! Si \u00e7a passe une fois, l\u2019imp\u00e9ratif formel d\u00e9mocratique sera bris\u00e9, la barri\u00e8re du possible sera repouss\u00e9e et tout alors sera possible. Sauf la d\u00e9mocratie.<\/span><\/p>\n<p>&nbsp;<\/p>\n<p style=\"text-align: justify;\"><span style=\"font-size: 14pt; font-family: times new roman, times, serif;\"><strong><em>Et quels sont les risques pour lui ? A priori, aucun risque s\u00e9rieux.<\/em><\/strong>\u00a0Les manifestants continueront \u00e0 manifester, peut-\u00eatre un peu plus nombreux au d\u00e9but ; la police frappera un peu plus et la justice enfermera quelques uns.\u00a0<strong>Mais cette foule n\u2019est pas une foule r\u00e9volutionnaire, elle ne cherche pas le pouvoir, elle veut sa place dans ce syst\u00e8me.<\/strong>\u00a0La violence est bannie, elle est heureuse d\u2019ailleurs de la critiquer et de montrer \u00e0 quel point elle est fondamentalement pacifiste. L\u2019on a m\u00eame des chansons, des clips de danse, les r\u00e9seaux sociaux s\u2019emballent et \u2026 rien ne change, tout continue, car le pouvoir a compris qu\u2019il ne risque strictement rien.<\/span><\/p>\n<p>&nbsp;<\/p>\n<p style=\"text-align: justify;\"><span style=\"font-size: 14pt; font-family: times new roman, times, serif;\">Si le Gouvernement pouvait \u00e9viter le processus \u00e9lectoral pour garder le pouvoir, ce serait id\u00e9al. Aucune critique internationale, d\u2019autant plus que si \u00e7a marche, l\u2019id\u00e9e sera export\u00e9e. La seule limite r\u00e9elle aujourd\u2019hui est celle de leur pleutrerie :\u00a0car, finalement, ce sont des trouillards<em>.<\/em>\u00a0Et il y a peu de chances, \u00e0 moins d\u2019y \u00eatre vraiment pouss\u00e9s, qu\u2019ils osent (pour l\u2019instant) aller aussi loin.<\/span><\/p>\n<p>&nbsp;<\/p>\n<p style=\"text-align: justify;\"><span style=\"font-size: 14pt; font-family: times new roman, times, serif;\">Nous serons rapidement fix\u00e9s.<\/span><\/p>\n<p>&nbsp;<\/p>\n<p>&nbsp;<\/p>\n<p style=\"text-align: left;\"><span style=\"font-size: 14pt; font-family: times new roman, times, serif;\">Source\u00a0: <a href=\"http:\/\/russiepolitics.blogspot.com\/2021\/12\/billet-francais-les-elections.html?utm_source=feedburner&amp;utm_medium=email\">http:\/\/russiepolitics.blogspot.com\/2021\/12\/billet-francais-les-elections.html?utm_source=feedburner&amp;utm_medium=email<\/a><\/span><\/p>\n<p>&nbsp;<\/p>\n<p style=\"text-align: left;\"><strong><span style=\"font-family: times new roman, times, serif; font-size: 14pt;\">URL de cet article : <\/span><\/strong><a href=\"http:\/\/blog.lesgrossesorchadeslesamplesthalameges.fr\/index.php\/les-elections-presidentielles-francaise-en-danger\/\"><span style=\"font-family: times new roman, times, serif; font-size: 14pt;\">http:\/\/blog.lesgrossesorchadeslesamplesthalameges.fr\/index.php\/les-elections-presidentielles-francaise-en-danger\/<\/span><\/a><\/p>\n<p>&nbsp;<\/p>\n<p>&nbsp;<\/p>\n<p>&nbsp;<\/p>\n<p style=\"text-align: center;\"><a href=\"http:\/\/blog.lesgrossesorchadeslesamplesthalameges.fr\/index.php\/2021\/12\/28\/barbaries-barbara\/000-dangerous-times-5\/\" rel=\"attachment wp-att-16028\"><img loading=\"lazy\" class=\"alignnone size-full wp-image-16028\" src=\"http:\/\/blog.lesgrossesorchadeslesamplesthalameges.fr\/wp-content\/uploads\/2021\/12\/000.-dangerous-times.gif\" alt=\"\" width=\"70\" height=\"63\" \/><\/a><\/p>\n<p>&nbsp;<\/p>\n<p>&nbsp;<\/p>\n<p style=\"text-align: right;\"><span style=\"font-family: comic sans ms, sans-serif; font-size: 14pt;\">D\u00e9cembre 2021<\/span><\/p>\n<p>&nbsp;<\/p>\n<p>&nbsp;<\/p>\n","protected":false},"excerpt":{"rendered":"<p>&nbsp; &nbsp; &nbsp; &nbsp; &nbsp; &nbsp; &nbsp; &nbsp; Les \u00e9lections pr\u00e9sidentielles fran\u00e7aise en danger ? &nbsp; &nbsp; Karine Bechet- Golovko \u2013 Russie politics \u2013 22.12.2021 &nbsp; &nbsp; \u00a0 &nbsp; &nbsp; &nbsp; Sous couvert d\u2019\u00e9ni\u00e8me vague potentielle de l\u2019\u00e9ternel coronavirus, le Gouvernement pense de plus en plus \u00e0 annuler\/ reporter les \u00e9lections pr\u00e9sidentielles, qui s\u2019approchent \u00e0&#8230;<\/p>\n","protected":false},"author":1,"featured_media":0,"parent":0,"menu_order":0,"comment_status":"open","ping_status":"open","template":"","meta":[],"_links":{"self":[{"href":"https:\/\/blog.lesgrossesorchadeslesamplesthalameges.fr\/index.php\/wp-json\/wp\/v2\/pages\/16090"}],"collection":[{"href":"https:\/\/blog.lesgrossesorchadeslesamplesthalameges.fr\/index.php\/wp-json\/wp\/v2\/pages"}],"about":[{"href":"https:\/\/blog.lesgrossesorchadeslesamplesthalameges.fr\/index.php\/wp-json\/wp\/v2\/types\/page"}],"author":[{"embeddable":true,"href":"https:\/\/blog.lesgrossesorchadeslesamplesthalameges.fr\/index.php\/wp-json\/wp\/v2\/users\/1"}],"replies":[{"embeddable":true,"href":"https:\/\/blog.lesgrossesorchadeslesamplesthalameges.fr\/index.php\/wp-json\/wp\/v2\/comments?post=16090"}],"version-history":[{"count":7,"href":"https:\/\/blog.lesgrossesorchadeslesamplesthalameges.fr\/index.php\/wp-json\/wp\/v2\/pages\/16090\/revisions"}],"predecessor-version":[{"id":16097,"href":"https:\/\/blog.lesgrossesorchadeslesamplesthalameges.fr\/index.php\/wp-json\/wp\/v2\/pages\/16090\/revisions\/16097"}],"wp:attachment":[{"href":"https:\/\/blog.lesgrossesorchadeslesamplesthalameges.fr\/index.php\/wp-json\/wp\/v2\/media?parent=16090"}],"curies":[{"name":"wp","href":"https:\/\/api.w.org\/{rel}","templated":true}]}}