{"id":16113,"date":"2021-12-28T21:55:40","date_gmt":"2021-12-28T20:55:40","guid":{"rendered":"http:\/\/blog.lesgrossesorchadeslesamplesthalameges.fr\/?page_id=16113"},"modified":"2021-12-28T21:58:17","modified_gmt":"2021-12-28T20:58:17","slug":"16113-2","status":"publish","type":"page","link":"https:\/\/blog.lesgrossesorchadeslesamplesthalameges.fr\/index.php\/16113-2\/","title":{"rendered":"La r\u00e9sistance est aux Antilles, la r\u00e9pression aussi"},"content":{"rendered":"<p>&nbsp;<\/p>\n<p>&nbsp;<\/p>\n<p>&nbsp;<\/p>\n<p>&nbsp;<\/p>\n<p>&nbsp;<\/p>\n<p>&nbsp;<\/p>\n<p>&nbsp;<\/p>\n<p>&nbsp;<\/p>\n<p style=\"text-align: center;\"><span style=\"font-family: times new roman, times, serif; font-size: 36pt;\"><strong>La r\u00e9sistance est aux Antilles, la r\u00e9pression aussi<\/strong><\/span><\/p>\n<p style=\"text-align: center;\"><span style=\"font-family: times new roman, times, serif; font-size: 14pt;\"><strong><em>\u00a0<\/em><\/strong><\/span><\/p>\n<p>&nbsp;<\/p>\n<p style=\"text-align: center;\"><span style=\"font-family: times new roman, times, serif; font-size: 18pt;\"><strong><em>Entre la plume et l\u2019enclume<\/em><\/strong><strong> \u2013 27.12.2021<\/strong><\/span><\/p>\n<p style=\"text-align: center;\"><span style=\"font-family: times new roman, times, serif; font-size: 14pt;\"><strong>\u00a0<\/strong><\/span><\/p>\n<p>&nbsp;<\/p>\n<p>&nbsp;<\/p>\n<p style=\"text-align: center;\"><span style=\"font-family: times new roman, times, serif; font-size: 14pt;\"><strong>\u00a0<a href=\"http:\/\/blog.lesgrossesorchadeslesamplesthalameges.fr\/index.php\/2021\/12\/28\/barbaries-barbara\/14-mulatresse_solitude_1_kamita_magazine\/\" rel=\"attachment wp-att-16029\"><img loading=\"lazy\" class=\"alignnone wp-image-16029 size-full\" src=\"http:\/\/blog.lesgrossesorchadeslesamplesthalameges.fr\/wp-content\/uploads\/2021\/12\/14.-Mul\u00e2tresse_Solitude_1_Kamita_Magazine.png\" alt=\"\" width=\"600\" height=\"450\" srcset=\"https:\/\/blog.lesgrossesorchadeslesamplesthalameges.fr\/wp-content\/uploads\/2021\/12\/14.-Mul\u00e2tresse_Solitude_1_Kamita_Magazine.png 600w, https:\/\/blog.lesgrossesorchadeslesamplesthalameges.fr\/wp-content\/uploads\/2021\/12\/14.-Mul\u00e2tresse_Solitude_1_Kamita_Magazine-300x225.png 300w\" sizes=\"(max-width: 600px) 100vw, 600px\" \/><\/a><\/strong><\/span><\/p>\n<p>&nbsp;<\/p>\n<p>&nbsp;<\/p>\n<p>&nbsp;<\/p>\n<p style=\"text-align: justify;\"><span style=\"font-family: times new roman, times, serif; font-size: 14pt;\"><strong>&#8211; Premi\u00e8re victoire, gr\u00e2ce au sacrifice des Guadeloup\u00e9ens, toujours en premi\u00e8re ligne (et de tous les autres r\u00e9sistants bien s\u00fbr!) :<\/strong><\/span><\/p>\n<p style=\"text-align: center;\"><a href=\"http:\/\/blog.lesgrossesorchadeslesamplesthalameges.fr\/index.php\/2021\/12\/28\/barbaries-barbara\/000-vers-le-bas-fleche-rouge-gif-copie-3\/\" rel=\"attachment wp-att-16026\"><img loading=\"lazy\" class=\"alignnone size-full wp-image-16026\" src=\"http:\/\/blog.lesgrossesorchadeslesamplesthalameges.fr\/wp-content\/uploads\/2021\/12\/000.-vers-le-bas-fl\u00e8che-rouge-GIF-Copie-1.gif\" alt=\"\" width=\"100\" height=\"100\" \/><\/a><\/p>\n<p style=\"text-align: center;\"><span style=\"font-family: times new roman, times, serif; font-size: 14pt;\"><a href=\"https:\/\/lecourrierdesstrateges.fr\/2021\/12\/10\/des-soignants-suspendus-reintegres-les-premieres-victoires-arrivent\/\"><strong><span style=\"font-size: 18pt;\">https:\/\/lecourrierdesstrateges.fr\/2021\/12\/10\/des-soignants-suspendus-reintegres-les-premieres-victoires-arrivent\/<\/span><\/strong><\/a><\/span><\/p>\n<p>&nbsp;<\/p>\n<p>&nbsp;<\/p>\n<p>&nbsp;<\/p>\n<p style=\"text-align: center;\"><a href=\"http:\/\/blog.lesgrossesorchadeslesamplesthalameges.fr\/index.php\/2021\/12\/28\/barbaries-barbara\/000-dangerous-times-5\/\" rel=\"attachment wp-att-16028\"><img loading=\"lazy\" class=\"alignnone size-full wp-image-16028\" src=\"http:\/\/blog.lesgrossesorchadeslesamplesthalameges.fr\/wp-content\/uploads\/2021\/12\/000.-dangerous-times.gif\" alt=\"\" width=\"70\" height=\"63\" \/><\/a><\/p>\n<p>&nbsp;<\/p>\n<p>&nbsp;<\/p>\n<p>&nbsp;<\/p>\n<p style=\"text-align: center;\"><strong><span style=\"font-family: times new roman, times, serif; font-size: 36pt;\">URGENT : Castex d\u00e9pose un projet de loi autorisant le \u00ab\u00a0placement\u00a0\u00bb des\u00a0non-vaccin\u00e9s<\/span><\/strong><\/p>\n<p>&nbsp;<\/p>\n<p>&nbsp;<\/p>\n<h2 style=\"text-align: justify;\"><\/h2>\n<p>&nbsp;<\/p>\n<p>&nbsp;<\/p>\n<p style=\"text-align: center;\"><a href=\"http:\/\/blog.lesgrossesorchadeslesamplesthalameges.fr\/index.php\/16113-2\/13-castex-2-2\/\" rel=\"attachment wp-att-16114\"><img loading=\"lazy\" class=\"alignnone wp-image-16114 size-full\" src=\"http:\/\/blog.lesgrossesorchadeslesamplesthalameges.fr\/wp-content\/uploads\/2021\/12\/13.-Castex-2-1.jpg\" alt=\"\" width=\"600\" height=\"374\" srcset=\"https:\/\/blog.lesgrossesorchadeslesamplesthalameges.fr\/wp-content\/uploads\/2021\/12\/13.-Castex-2-1.jpg 600w, https:\/\/blog.lesgrossesorchadeslesamplesthalameges.fr\/wp-content\/uploads\/2021\/12\/13.-Castex-2-1-300x187.jpg 300w\" sizes=\"(max-width: 600px) 100vw, 600px\" \/><\/a><\/p>\n<p>&nbsp;<\/p>\n<p>&nbsp;<\/p>\n<p>&nbsp;<\/p>\n<p>&nbsp;<\/p>\n<p style=\"text-align: justify;\"><span style=\"font-family: times new roman, times, serif; font-size: 14pt;\"><strong><span style=\"font-family: tahoma, arial, helvetica, sans-serif;\">Le \u00ab\u00a0placement\u00a0\u00bb des non-vaccin\u00e9s, c\u2019est-\u00e0-dire leur installation forc\u00e9e dans un lieu qui ne serait pas leur domicile, fait partie des mesures pr\u00e9vues par le projet de loi n\u00ba 3714 instituant un r\u00e9gime p\u00e9renne de gestion des urgences sanitaires. Ce texte hallucinant, d\u00e9pos\u00e9 le 21 d\u00e9cembre \u00e0 l\u2019Assembl\u00e9e Nationale, utilise le pr\u00e9texte sanitaire pour transformer ce pays en v\u00e9ritable dictature.<\/span> <\/strong><\/span><\/p>\n<p>&nbsp;<\/p>\n<p style=\"text-align: center;\"><a href=\"http:\/\/blog.lesgrossesorchadeslesamplesthalameges.fr\/index.php\/2021\/12\/28\/barbaries-barbara\/000-vers-le-bas-fleche-rouge-gif-copie-3\/\" rel=\"attachment wp-att-16026\"><img loading=\"lazy\" class=\"alignnone size-full wp-image-16026\" src=\"http:\/\/blog.lesgrossesorchadeslesamplesthalameges.fr\/wp-content\/uploads\/2021\/12\/000.-vers-le-bas-fl\u00e8che-rouge-GIF-Copie-1.gif\" alt=\"\" width=\"100\" height=\"100\" \/><\/a><\/p>\n<p style=\"text-align: center;\"><span style=\"font-family: times new roman, times, serif; font-size: 14pt;\"><a href=\"https:\/\/arnauddebrienne.wordpress.com\/2021\/12\/24\/urgent-castex-depose-un-projet-de-loi-autorisant-le-placement-des-non-vaccines\/\"><strong><span style=\"font-size: 18pt;\">https:\/\/arnauddebrienne.wordpress.com\/2021\/12\/24\/urgent-castex-depose-un-projet-de-loi-autorisant-le-placement-des-non-vaccines\/<\/span><\/strong><\/a><\/span><\/p>\n<p>&nbsp;<\/p>\n<p>&nbsp;<\/p>\n<p style=\"text-align: justify;\"><span style=\"font-family: times new roman, times, serif; font-size: 14pt;\"><strong>Quelque chose nous dit qu&rsquo;il a pens\u00e9 avant tout aux Guadeloup\u00e9ens r\u00e9calcitrants&#8230;<\/strong><\/span><\/p>\n<p style=\"text-align: justify;\"><span style=\"font-family: times new roman, times, serif; font-size: 14pt;\">Heureusement, nos fr\u00e8res Guadeloup\u00e9ens ne se laissent pas marcher sur la gueule\u00a0:<\/span><\/p>\n<p>&nbsp;<\/p>\n<p style=\"text-align: justify;\"><span style=\"font-family: times new roman, times, serif; font-size: 14pt;\"><strong>&#8211; Guadeloup\u00e9ens en action contre la tyrannie sanitaire\u00a0et pour leur Juste Droit !<\/strong><\/span><\/p>\n<p style=\"text-align: justify;\"><span style=\"font-family: times new roman, times, serif; font-size: 14pt;\"><strong>&#8211; Guadeloupe, 23 d\u00e9cembre 2021, la lutte contre l&rsquo;obligation vaccinale et le pass sanitaire ne faiblit pas !\u00a0<\/strong><\/span><\/p>\n<p>&nbsp;<\/p>\n<p style=\"text-align: justify;\"><span style=\"font-family: times new roman, times, serif; font-size: 14pt;\"><strong>Plusieurs centaines de personnes ont occup\u00e9 le Conseil R\u00e9gional de Guadeloupe afin de lui rappeler son obligation de respecter ses engagements \u00e9crits pour sortir de la crise&#8230;<\/strong><\/span><\/p>\n<p style=\"text-align: center;\"><a href=\"http:\/\/blog.lesgrossesorchadeslesamplesthalameges.fr\/index.php\/2021\/12\/28\/barbaries-barbara\/000-vers-le-bas-fleche-rouge-gif-copie-3\/\" rel=\"attachment wp-att-16026\"><img loading=\"lazy\" class=\"alignnone size-full wp-image-16026\" src=\"http:\/\/blog.lesgrossesorchadeslesamplesthalameges.fr\/wp-content\/uploads\/2021\/12\/000.-vers-le-bas-fl\u00e8che-rouge-GIF-Copie-1.gif\" alt=\"\" width=\"100\" height=\"100\" \/><\/a><\/p>\n<p style=\"text-align: center;\"><span style=\"font-family: times new roman, times, serif; font-size: 14pt;\"><a href=\"https:\/\/www.facebook.com\/watch\/guadeloupela1ere\/\"><strong><span style=\"font-size: 18pt;\">https:\/\/www.facebook.com\/watch\/guadeloupela1ere\/.<\/span><\/strong><\/a><\/span><\/p>\n<p style=\"text-align: justify;\"><span style=\"font-family: times new roman, times, serif; font-size: 14pt;\"><strong>\u00a0<\/strong><\/span><\/p>\n<p style=\"text-align: justify;\"><span style=\"font-family: times new roman, times, serif; font-size: 14pt;\"><strong>\u00a0<\/strong><\/span><\/p>\n<p style=\"text-align: justify;\"><span style=\"font-family: times new roman, times, serif; font-size: 14pt;\">18h16\u00a0: Des manifestants du collectif antipass sanitaire ont fait irruption dans les locaux du conseil r\u00e9gional de Guadeloupe, \u00e0 Basse-Terre. \u00ab\u00a0Le collectif a cass\u00e9 le portail d\u2019entr\u00e9e et la porte du hall d\u2019accueil, et ils sont entr\u00e9s dans l\u2019h\u00e9micycle alors que s\u2019achevait une pl\u00e9ni\u00e8re\u00a0\u00bb, t\u00e9moigne une responsable de la communication \u00e0 la r\u00e9gion. \u00ab\u00a0Pour l\u2019heure, les manifestants alternent entre des slogans scand\u00e9s avec force et des chants revendicatifs\u00a0\u00bb, rapporte Guadeloupe La 1\u00e8re.<\/span><\/p>\n<p>&nbsp;<\/p>\n<p>&nbsp;<\/p>\n<p style=\"text-align: center;\"><span style=\"font-family: times new roman, times, serif; font-size: 14pt;\"><strong>INFORMATIONS OUVRI\u00c8RES N0\u00a0686 <\/strong><\/span><\/p>\n<p style=\"text-align: center;\"><span style=\"font-family: times new roman, times, serif; font-size: 14pt;\"><strong>L\u2019ACTUALIT\u00c9 INTERNATIONALE <\/strong><\/span><\/p>\n<p style=\"text-align: center;\"><span style=\"font-family: times new roman, times, serif; font-size: 14pt;\"><strong>Quinzaine du 23 d\u00e9cembre 2021 au 5 janvier 2022\u00a0 page 10<\/strong><\/span><\/p>\n<p style=\"text-align: center;\"><a href=\"http:\/\/blog.lesgrossesorchadeslesamplesthalameges.fr\/index.php\/2021\/12\/28\/barbaries-barbara\/000-vers-le-bas-fleche-rouge-gif-copie-3\/\" rel=\"attachment wp-att-16026\"><img loading=\"lazy\" class=\"alignnone size-full wp-image-16026\" src=\"http:\/\/blog.lesgrossesorchadeslesamplesthalameges.fr\/wp-content\/uploads\/2021\/12\/000.-vers-le-bas-fl\u00e8che-rouge-GIF-Copie-1.gif\" alt=\"\" width=\"100\" height=\"100\" \/><\/a><\/p>\n<p style=\"text-align: center;\"><span style=\"font-family: times new roman, times, serif; font-size: 14pt;\"><a href=\"https:\/\/www.egaliteetreconciliation.fr\/Martinique-les-deux-representants-syndicaux-antivax-sont-morts-du-Covid-66661.html\"><strong><span style=\"font-size: 18pt;\">https:\/\/www.egaliteetreconciliation.fr\/Martinique-les-deux-representants-syndicaux-antivax-sont-morts-du-Covid-66661.html<\/span><\/strong><\/a><\/span><\/p>\n<p>&nbsp;<\/p>\n<p>&nbsp;<\/p>\n<p style=\"text-align: justify;\"><span style=\"font-family: times new roman, times, serif; font-size: 14pt;\"><strong>&#8211; Martinique<\/strong><\/span><\/p>\n<p>&nbsp;<\/p>\n<p style=\"text-align: justify;\"><span style=\"font-family: times new roman, times, serif; font-size: 14pt;\"><em>Pourquoi le choix de la commune du Gros-Morne pour sa tenue ?<\/em><\/span><\/p>\n<p>&nbsp;<\/p>\n<p style=\"text-align: justify;\"><span style=\"font-family: times new roman, times, serif; font-size: 14pt;\">Le maire du Gros-Morne et sa majorit\u00e9 municipale sont les seuls \u00e0 avoir pris position contre le passe sanitaire et la vaccination obligatoire, non appliqu\u00e9s dans leur municipalit\u00e9.<\/span><\/p>\n<p>&nbsp;<\/p>\n<p style=\"text-align: justify;\"><span style=\"font-family: times new roman, times, serif; font-size: 14pt;\">Le conseil municipal du 9 novembre dernier a adopt\u00e9 une motion dont nous publions ci-contre des extraits.<\/span><\/p>\n<p>&nbsp;<\/p>\n<p style=\"text-align: justify;\"><span style=\"font-family: times new roman, times, serif; font-size: 14pt;\">Une quarantaine de combattants de terrain, responsables syndicaux, politiques, associatifs ou simples citoyens martiniquais, ont r\u00e9pondu \u00e0 l\u2019appel, malgr\u00e9 des rendez-vous militants de taille le m\u00eame jour ayant entra\u00een\u00e9 quelques d\u00e9sistements : march\u00e9 agricole sur le site du piquet de gr\u00e8ve de l\u2019intersyndicale de la sant\u00e9, rencontres avec Jean-Luc M\u00e9lenchon, pr\u00e9sent en Martinique du 17 au 19 d\u00e9cembre.<\/span><\/p>\n<p>&nbsp;<\/p>\n<p style=\"text-align: justify;\"><span style=\"font-family: times new roman, times, serif; font-size: 14pt;\">Apr\u00e8s le mot de bienvenue du maire, Jacqueline Petitot a ensuite pr\u00e9sent\u00e9 l\u2019Alliance ouvri\u00e8re et paysanne, l\u2019Association des travailleurs et des peuples de la Cara\u00efbe et l\u2019Entente internationale des travailleurs et des peuples, en signalant que sa naissance en 1991, \u00e0 Barcelone, a \u00e9t\u00e9 marqu\u00e9e par l\u2019appel commun de Pierre Lambert et de Yann C\u00e9l\u00e9n\u00e9 Uregei, dirigeant du Front uni de lib\u00e9ration kanak (Fulk), \u00e0 une commission d\u2019enqu\u00eate sur la situation de la Kanaky, trois ans apr\u00e8s les accords de Matignon de 1988. Puis, minute de silence pour les victimes de la politique sanitaire de l\u2019\u00c9tat colonial, dont le dirigeant syndical de la sant\u00e9 Manuel Galap, membre d\u2019honneur du Cicr.<\/span><\/p>\n<p>&nbsp;<\/p>\n<p style=\"text-align: justify;\"><span style=\"font-family: times new roman, times, serif; font-size: 14pt;\">Ensuite, il a \u00e9t\u00e9 proc\u00e9d\u00e9 \u00e0 un \u00e9tat des lieux de la r\u00e9sistance, en Martinique, par l\u2019\u00e9lue du Gros-Morne en charge de la sant\u00e9 et du bien-\u00eatre, par des syndicalistes de la sant\u00e9, du transport, puis par une jeune et une repr\u00e9sentante du <em>Komit\u00e9 13 janvi\u00e9 contre la r\u00e9pression<\/em> ; en Guyane (\u00e0 distance) par Yannis Xavier, secr\u00e9taire g\u00e9n\u00e9ral de l\u2019Union des travailleurs de Guyane, et en Guadeloupe (\u00e0 distance), par Elie Domota et Gaby Clavier de l\u2019UGTG.<\/span><\/p>\n<p>&nbsp;<\/p>\n<p style=\"text-align: justify;\"><span style=\"font-family: times new roman, times, serif; font-size: 14pt;\">A suivi un d\u00e9bat sur des points cruciaux : unit\u00e9 syndicale, jonction des syndicats avec les forces vives populaires, positionnement des \u00e9lus, collaboration avec l\u2019\u00c9tat ou mobilisation ind\u00e9pendante face \u00e0 l\u2019\u00c9tat, r\u00e9pression, et sur des perspectives.<\/span><\/p>\n<p>&nbsp;<\/p>\n<p style=\"text-align: justify;\"><span style=\"font-family: times new roman, times, serif; font-size: 14pt;\">Le maire du Gros-Morne, en butte \u00e0 de fortes pressions pr\u00e9fectorales, a d\u00e9clar\u00e9 sous les applaudissements <em>qu\u2019entre des directives de l\u2019\u00c9tat fran\u00e7ais contraires aux int\u00e9r\u00eats du peuple martiniquais et l\u2019int\u00e9r\u00eat de celui-ci, il choisirait toujours l\u2019int\u00e9r\u00eat du peuple.<\/em><\/span><\/p>\n<p>&nbsp;<\/p>\n<p style=\"text-align: justify;\"><span style=\"font-family: times new roman, times, serif; font-size: 14pt;\">A fortement jailli du d\u00e9bat la question du pouvoir et de notre autod\u00e9termination. Un des participants a pos\u00e9 en ces termes le positionnement des \u00e9lus :<\/span><\/p>\n<p>&nbsp;<\/p>\n<p style=\"text-align: justify; padding-left: 90px;\"><span style=\"font-family: times new roman, times, serif; font-size: 14pt;\">\u00ab Pr\u00e8s de 70 % du peuple martiniquais rejette cette obligation vaccinale et ce passe sanitaire. Ce n\u2019est pas rien ! <em>Combien de femmes et d\u2019hommes responsables politiques sont \u00e9lus avec 70 % de suffrages exprim\u00e9s ?<\/em> L\u2019histoire est en marche et il y aura trois sc\u00e9narios possibles : la r\u00e9sistance organis\u00e9e avec les \u00e9lus du peuple \u00e0 nos c\u00f4t\u00e9s contre l\u2019\u00c9tat ; la r\u00e9sistance organis\u00e9e du peuple avec un ou deux \u00e9lus du peuple \u00e0 nos c\u00f4t\u00e9s contre l\u2019\u00c9tat ; la r\u00e9sistance organis\u00e9e du peuple contre l\u2019\u00c9tat accompagn\u00e9 des \u00e9lus trahissant leur propre peuple. Il faudra clairement qu\u2019ils se positionnent et le peuple saura quoi faire\u2026 Ansanm Ansanm Nou Pli F\u00f4 ! \u00bb<\/span><\/p>\n<p style=\"text-align: right;\"><span style=\"font-family: times new roman, times, serif; font-size: 14pt;\"><em>[Les italiques sont de nous. LGO]<\/em><\/span><\/p>\n<p>&nbsp;<\/p>\n<p>&nbsp;<\/p>\n<p style=\"text-align: left;\"><span style=\"font-size: 14pt;\"><strong><span style=\"font-family: times new roman, times, serif;\">URL de cet article\u00a0:\u00a0<\/span><\/strong><a href=\"http:\/\/blog.lesgrossesorchadeslesamplesthalameges.fr\/index.php\/16113-2\/\"><span style=\"font-family: times new roman, times, serif;\">http:\/\/blog.lesgrossesorchadeslesamplesthalameges.fr\/index.php\/16113-2\/<\/span><\/a><\/span><\/p>\n<p><strong>\u00a0<\/strong><\/p>\n<p>&nbsp;<\/p>\n<p>&nbsp;<\/p>\n<p style=\"text-align: center;\"><a href=\"http:\/\/blog.lesgrossesorchadeslesamplesthalameges.fr\/index.php\/2021\/12\/28\/barbaries-barbara\/000-dangerous-times-5\/\" rel=\"attachment wp-att-16028\"><img loading=\"lazy\" class=\"alignnone size-full wp-image-16028\" src=\"http:\/\/blog.lesgrossesorchadeslesamplesthalameges.fr\/wp-content\/uploads\/2021\/12\/000.-dangerous-times.gif\" alt=\"\" width=\"70\" height=\"63\" \/><\/a><\/p>\n<p>&nbsp;<\/p>\n<p>&nbsp;<\/p>\n<p style=\"text-align: right;\"><span style=\"font-family: comic sans ms, sans-serif; font-size: 14pt;\">D\u00e9cembre 2021<\/span><\/p>\n<p>&nbsp;<\/p>\n<p>&nbsp;<\/p>\n","protected":false},"excerpt":{"rendered":"<p>&nbsp; &nbsp; &nbsp; &nbsp; &nbsp; &nbsp; &nbsp; &nbsp; La r\u00e9sistance est aux Antilles, la r\u00e9pression aussi \u00a0 &nbsp; Entre la plume et l\u2019enclume \u2013 27.12.2021 \u00a0 &nbsp; &nbsp; \u00a0 &nbsp; &nbsp; &nbsp; &#8211; Premi\u00e8re victoire, gr\u00e2ce au sacrifice des Guadeloup\u00e9ens, toujours en premi\u00e8re ligne (et de tous les autres r\u00e9sistants bien s\u00fbr!) : https:\/\/lecourrierdesstrateges.fr\/2021\/12\/10\/des-soignants-suspendus-reintegres-les-premieres-victoires-arrivent\/ &nbsp;&#8230;<\/p>\n","protected":false},"author":1,"featured_media":0,"parent":0,"menu_order":0,"comment_status":"open","ping_status":"open","template":"","meta":[],"_links":{"self":[{"href":"https:\/\/blog.lesgrossesorchadeslesamplesthalameges.fr\/index.php\/wp-json\/wp\/v2\/pages\/16113"}],"collection":[{"href":"https:\/\/blog.lesgrossesorchadeslesamplesthalameges.fr\/index.php\/wp-json\/wp\/v2\/pages"}],"about":[{"href":"https:\/\/blog.lesgrossesorchadeslesamplesthalameges.fr\/index.php\/wp-json\/wp\/v2\/types\/page"}],"author":[{"embeddable":true,"href":"https:\/\/blog.lesgrossesorchadeslesamplesthalameges.fr\/index.php\/wp-json\/wp\/v2\/users\/1"}],"replies":[{"embeddable":true,"href":"https:\/\/blog.lesgrossesorchadeslesamplesthalameges.fr\/index.php\/wp-json\/wp\/v2\/comments?post=16113"}],"version-history":[{"count":13,"href":"https:\/\/blog.lesgrossesorchadeslesamplesthalameges.fr\/index.php\/wp-json\/wp\/v2\/pages\/16113\/revisions"}],"predecessor-version":[{"id":16127,"href":"https:\/\/blog.lesgrossesorchadeslesamplesthalameges.fr\/index.php\/wp-json\/wp\/v2\/pages\/16113\/revisions\/16127"}],"wp:attachment":[{"href":"https:\/\/blog.lesgrossesorchadeslesamplesthalameges.fr\/index.php\/wp-json\/wp\/v2\/media?parent=16113"}],"curies":[{"name":"wp","href":"https:\/\/api.w.org\/{rel}","templated":true}]}}