{"id":16200,"date":"2021-12-30T20:39:16","date_gmt":"2021-12-30T19:39:16","guid":{"rendered":"http:\/\/blog.lesgrossesorchadeslesamplesthalameges.fr\/?page_id=16200"},"modified":"2021-12-30T20:40:57","modified_gmt":"2021-12-30T19:40:57","slug":"poutine-et-xui-complotent-leur-sortie-du-swift","status":"publish","type":"page","link":"https:\/\/blog.lesgrossesorchadeslesamplesthalameges.fr\/index.php\/poutine-et-xui-complotent-leur-sortie-du-swift\/","title":{"rendered":"Poutine et Xi complotent leur sortie du Swift"},"content":{"rendered":"<p>&nbsp;<\/p>\n<p>&nbsp;<\/p>\n<p>&nbsp;<\/p>\n<p>&nbsp;<\/p>\n<p>&nbsp;<\/p>\n<p>&nbsp;<\/p>\n<p>&nbsp;<\/p>\n<p>&nbsp;<\/p>\n<p>&nbsp;<\/p>\n<p>&nbsp;<\/p>\n<p style=\"text-align: center;\"><span style=\"font-family: times new roman, times, serif; font-size: 36pt;\"><strong>Poutine et Xi complotent leur sortie du SWIFT<\/strong><\/span><\/p>\n<p>&nbsp;<\/p>\n<p>&nbsp;<\/p>\n<p style=\"text-align: justify;\"><span style=\"font-family: times new roman, times, serif; font-size: 18pt;\">L&rsquo;annonce par la Russie et la Chine de la cr\u00e9ation d&rsquo;une plateforme ind\u00e9pendante d&rsquo;\u00e9changes financiers permettra aux pays soumis aux sanctions am\u00e9ricaines de se lib\u00e9rer de l&rsquo;ing\u00e9rence occidentale dans leurs activit\u00e9s commerciales.<\/span><\/p>\n<p style=\"text-align: justify;\"><span style=\"font-family: times new roman, times, serif; font-size: 14pt;\"><strong>\u00a0<\/strong><\/span><\/p>\n<p style=\"text-align: center;\"><span style=\"font-family: times new roman, times, serif; font-size: 14pt;\"><a href=\"https:\/\/www.mondialisation.ca\/author\/pepe-escobar\"><strong><span style=\"font-size: 18pt;\">Pepe Escobar<\/span><\/strong><\/a><span style=\"font-size: 18pt;\"><strong> \u2013 <\/strong><a href=\"https:\/\/thecradle.co\/Article\/columns\/4857\"><strong><em>The Cradle<\/em><\/strong><\/a><strong> \u2013 17.12.2021<\/strong><\/span><\/span><\/p>\n<p style=\"text-align: center;\"><span style=\"font-family: times new roman, times, serif; font-size: 18pt;\"><strong>\u00a0<\/strong><\/span><\/p>\n<p style=\"text-align: center;\"><span style=\"font-family: times new roman, times, serif; font-size: 18pt;\">Traduction\u00a0:<strong> c.l. <\/strong>pour<strong> <em>L.G.O.<\/em><\/strong><\/span><\/p>\n<p style=\"text-align: center;\"><span style=\"font-family: times new roman, times, serif; font-size: 18pt;\"><strong>\u00a0<\/strong><\/span><\/p>\n<p>&nbsp;<\/p>\n<p>&nbsp;<\/p>\n<p style=\"text-align: center;\"><a href=\"http:\/\/blog.lesgrossesorchadeslesamplesthalameges.fr\/index.php\/poutine-et-xui-complotent-leur-sortie-du-swift\/14-poignee-de-mains-russie-chine-768x448-2\/\" rel=\"attachment wp-att-16201\"><img loading=\"lazy\" class=\"alignnone wp-image-16201 size-full\" src=\"http:\/\/blog.lesgrossesorchadeslesamplesthalameges.fr\/wp-content\/uploads\/2021\/12\/14.-Poign\u00e9e-de-mains-Russie-Chine-768x448-1.jpeg\" alt=\"\" width=\"600\" height=\"350\" srcset=\"https:\/\/blog.lesgrossesorchadeslesamplesthalameges.fr\/wp-content\/uploads\/2021\/12\/14.-Poign\u00e9e-de-mains-Russie-Chine-768x448-1.jpeg 600w, https:\/\/blog.lesgrossesorchadeslesamplesthalameges.fr\/wp-content\/uploads\/2021\/12\/14.-Poign\u00e9e-de-mains-Russie-Chine-768x448-1-300x175.jpeg 300w\" sizes=\"(max-width: 600px) 100vw, 600px\" \/><\/a><\/p>\n<p>&nbsp;<\/p>\n<p>&nbsp;<\/p>\n<p>&nbsp;<\/p>\n<p style=\"text-align: justify;\"><strong><span style=\"font-family: tahoma, arial, helvetica, sans-serif; font-size: 14pt;\">Vladimir Poutine est all\u00e9 droit au but. Au d\u00e9but de sa conversation vid\u00e9o d\u2019une heure et quatorze minutes, le 15 d\u00e9cembre, avec Xi Jinping\u00a0: il a d\u00e9crit les relations entre la Russie et la Chine comme \u00ab\u00a0<em>un exemple de coop\u00e9ration v\u00e9ritable entre \u00c9tats au XXIe si\u00e8cle<\/em>\u00a0\u00bb.<\/span><\/strong><\/p>\n<p>&nbsp;<\/p>\n<p style=\"text-align: justify;\"><span style=\"font-family: times new roman, times, serif; font-size: 14pt;\">Leur myriade de niveaux de coop\u00e9ration est connue depuis des ann\u00e9es maintenant \u2013 du commerce, du p\u00e9trole et du gaz, de la finance, de l\u2019a\u00e9rospatiale et de la lutte contre le Covid-19 \u00e0 l\u2019interconnexion progressive de l\u2019Initiative Ceinture et Route (BRI) et de l\u2019Union \u00c9conomique Eurasiatique (UEE).<\/span><\/p>\n<p>&nbsp;<\/p>\n<p style=\"text-align: justify;\"><span style=\"font-family: times new roman, times, serif; font-size: 14pt;\">Mais le d\u00e9cor vient d\u2019\u00eatre plant\u00e9 pour l\u2019annonce d\u2019un contre-mouvement s\u00e9rieux dans leur ballet soigneusement coordonn\u00e9 qui s\u2019oppose \u00e0 l\u2019implacable combinaison Guerre hybride\/Guerre froide bis d\u00e9ploy\u00e9e par l\u2019Empire.<\/span><\/p>\n<p>&nbsp;<\/p>\n<p style=\"text-align: justify;\"><span style=\"font-family: times new roman, times, serif; font-size: 14pt;\">Comme l\u2019a expliqu\u00e9 succinctement l\u2019assistant du pr\u00e9sident pour la politique \u00e9trang\u00e8re, Yuri Ushakov, Poutine et Xi ont convenu de cr\u00e9er une \u00ab\u00a0<em>structure financi\u00e8re ind\u00e9pendante pour les op\u00e9rations commerciales non influen\u00e7able par d\u2019autres pays<\/em>\u00a0\u00bb.<\/span><\/p>\n<p>&nbsp;<\/p>\n<p style=\"text-align: justify;\"><span style=\"font-family: times new roman, times, serif; font-size: 14pt;\">C\u2019est l\u00e0 un changement de donne impressionnant \u00e0 bien plus d\u2019un titre. La question avait \u00e9t\u00e9 longuement d\u00e9battue lors de pr\u00e9c\u00e9dents sommets bilat\u00e9raux et de pr\u00e9paration des BRICS \u2013 pour l\u2019essentiel ax\u00e9e sur l\u2019augmentation de la part du yuan et du rouble dans les r\u00e8glements entre la Russie et la Chine, pour contourner le dollar US et ouvrir de nouvelles options boursi\u00e8res aux investisseurs russes et chinois.<\/span><\/p>\n<p>&nbsp;<\/p>\n<p style=\"text-align: justify;\"><span style=\"font-family: times new roman, times, serif; font-size: 14pt;\">Nous en sommes arriv\u00e9s au point critique. Et l\u2019\u00e9v\u00e9nement catalyseur n\u2019a \u00e9t\u00e9 rien d\u2019autre que les faucons am\u00e9ricains lan\u00e7ant l\u2019id\u00e9e \u2013 financi\u00e8rement nucl\u00e9aire \u2013 d\u2019expulser la Russie du SWIFT, le r\u00e9seau de messagerie utilis\u00e9 par plus de 11 .000 banques dans plus de 200 pays, ainsi que par des institutions financi\u00e8res, pour les transferts rapides d\u2019argent dans le monde entier.<\/span><\/p>\n<p>&nbsp;<\/p>\n<p style=\"text-align: justify;\"><span style=\"font-family: times new roman, times, serif; font-size: 14pt;\">L\u2019exclusion de la Russie de SWIFT ferait partie d\u2019un nouveau train de sanctions s\u00e9v\u00e8res \u00e9labor\u00e9 en r\u00e9ponse \u00e0 une \u00ab\u00a0invasion\u00a0\u00bb de l\u2019Ukraine qui n\u2019aura jamais lieu, d\u2019autant que les seuls \u00e0 la souhaiter sont les fauteurs de guerres \u00a0professionnels de l\u2019OTAN.<\/span><\/p>\n<p>&nbsp;<\/p>\n<p>&nbsp;<\/p>\n<p style=\"text-align: justify;\"><span style=\"font-family: times new roman, times, serif; font-size: 18pt;\"><strong>Profiter d\u2019une b\u00e9vue strat\u00e9gique<\/strong><\/span><\/p>\n<p>&nbsp;<\/p>\n<p style=\"text-align: justify;\"><span style=\"font-family: times new roman, times, serif; font-size: 14pt;\">Une fois de plus, une b\u00e9vue strat\u00e9gique am\u00e9ricaine offre au \u00ab\u00a0Partenariat strat\u00e9gique global\u00a0\u00bb autoproclam\u00e9 entre la Russie et la Chine la possibilit\u00e9 de faire progresser leur coordination.<\/span><\/p>\n<p>&nbsp;<\/p>\n<p><span style=\"font-family: times new roman, times, serif; font-size: 14pt;\">M. Ushakov l\u2019a formul\u00e9 tr\u00e8s diplomatiquement : il est temps de passer outre un m\u00e9canisme SWIFT \u00ab\u00a0<em>influenc\u00e9 par des pays tiers<\/em>\u00bb pour former \u00ab\u00a0<em>une structure financi\u00e8re ind\u00e9pendante<\/em>\u00bb<\/span><\/p>\n<p>&nbsp;<\/p>\n<p style=\"text-align: justify;\"><span style=\"font-family: times new roman, times, serif; font-size: 14pt;\">Il s\u2019agit l\u00e0 d\u2019un s\u00e9rieux changement de donne pour les pays du Sud Global, alors que de nombreuses nations aspirent \u00e0 se lib\u00e9rer de la dictature de facto du dollar am\u00e9ricain et du cirque des \u00ab\u00a0mesures d\u2019assouplissement quantitatif\u00a0\u00bb \u00e0 n\u2019en plus finir de la FED.<\/span><\/p>\n<p>&nbsp;<\/p>\n<p style=\"text-align: justify;\"><span style=\"font-family: times new roman, times, serif; font-size: 14pt;\">Il y a un moment que la Russie et la Chine exp\u00e9rimentent leurs syst\u00e8mes de paiement alternatifs : le SPFS (Syst\u00e8me de Transfert de Messages Financiers) russe et le CIPS (Syst\u00e8me de Paiement Interbancaire Transfrontalier) chinois.<\/span><\/p>\n<p>&nbsp;<\/p>\n<p style=\"text-align: justify;\"><span style=\"font-family: times new roman, times, serif; font-size: 14pt;\">Ce ne sera pas chose ais\u00e9e, car les banques chinoises les plus puissantes sont tr\u00e8s attach\u00e9es au SWIFT et ont exprim\u00e9 des r\u00e9serves \u00e0 l\u2019\u00e9gard du SPFS. Pourtant, elles devront in\u00e9vitablement accepter de s\u2019int\u00e9grer avant le lancement du nouveau m\u00e9canisme, peut-\u00eatre fin 2022.<\/span><\/p>\n<p>&nbsp;<\/p>\n<p style=\"text-align: justify;\"><span style=\"font-family: times new roman, times, serif; font-size: 14pt;\">Une fois que les plus importantes banques russes et chinoises \u2013 de la Sberbank \u00e0 la la fin du compte, SWIFT, sujet \u00e0 d\u2019incessantes interf\u00e9rences politiques am\u00e9ricaines, sera de plus en plus marginalis\u00e9, ou limit\u00e9 aux r\u00e9gions atlantistes.<\/span><\/p>\n<p>&nbsp;<\/p>\n<p style=\"text-align: justify;\"><span style=\"font-family: times new roman, times, serif; font-size: 14pt;\">Passer outre le dollar am\u00e9ricain, pour le commerce et toutes sortes de r\u00e8glements financiers, est un \u00e9l\u00e9ment absolument essentiel \u00e0 la notion en constante \u00e9volution du monde multipolaire voulu par la Russie et la Chine.<\/span><\/p>\n<p>&nbsp;<\/p>\n<p style=\"text-align: justify;\"><span style=\"font-family: times new roman, times, serif; font-size: 14pt;\">La route sera longue, c\u2019est certain, surtout lorsqu\u2019il s\u2019agira d\u2019offrir un contrepoint solide au syst\u00e8me gigantesques des soci\u00e9t\u00e9s d\u2019investissement de type BlackRock, Vanguard et State Street, et leurs prises de participation dans pratiquement toutes les grandes soci\u00e9t\u00e9s multinationales.<\/span><\/p>\n<p>&nbsp;<\/p>\n<p style=\"text-align: justify;\"><span style=\"font-family: times new roman, times, serif; font-size: 14pt;\">Pourtant, une \u00e9vasion de SWIFT va rapidement prendre de la vitesse et de l\u2019ampleur, parce qu\u2019elle est inextricablement li\u00e9e \u00e0 une s\u00e9rie de d\u00e9veloppements que Poutine-Xi ont abord\u00e9s lors de leur conversation, dont les plus importants sont :<\/span><\/p>\n<p>&nbsp;<\/p>\n<p style=\"padding-left: 60px;\"><span style=\"font-family: times new roman, times, serif; font-size: 14pt;\">1\/ L\u2019interconnexion progressive de la BRI et de l\u2019UEE, offrant des r\u00f4les croissants \u00e0 la Nouvelle Banque de D\u00e9veloppement (NDB) g\u00e9r\u00e9e par les BRICS ainsi qu\u2019\u00e0 la Banque asiatique d\u2019Investissement dans les Infrastructures (AIIB).<\/span><\/p>\n<p>&nbsp;<\/p>\n<p style=\"padding-left: 60px;\"><span style=\"font-family: times new roman, times, serif; font-size: 14pt;\">2\/ La port\u00e9e g\u00e9opolitique et g\u00e9o\u00e9conomique croissante de l\u2019Organisation de Coop\u00e9ration de Shanghai (OCS), notamment apr\u00e8s l\u2019admission en son sein de l\u2019Iran, au mois d\u2019octobre dernier.<\/span><\/p>\n<p>&nbsp;<\/p>\n<p style=\"padding-left: 60px;\"><span style=\"font-family: times new roman, times, serif; font-size: 14pt;\">3\/ Et, par-dessus tout, la prochaine pr\u00e9sidence chinoise des BRICS en 2022.<\/span><\/p>\n<p>&nbsp;<\/p>\n<p style=\"text-align: justify;\"><span style=\"font-family: times new roman, times, serif; font-size: 14pt;\">En 2022, la Chine s\u2019investira pleinement dans les <a href=\"https:\/\/valdaiclub.com\/a\/highlights\/brics-2-0-integration-reloaded\/\">BRICS+<\/a>. Ce \u00ab\u00a0club des BRICS \u00e9largi\u00a0\u00bb sera li\u00e9 \u00e0 un processus de d\u00e9veloppement qui comprendra :<\/span><\/p>\n<p>&nbsp;<\/p>\n<p style=\"padding-left: 90px;\"><span style=\"font-family: times new roman, times, serif; font-size: 14pt;\">1\/ La consolidation du <a href=\"https:\/\/rcepsec.org\/2021\/12\/14\/regional-comprehensive-economic-partnership-rcep-agreement-to-enter-into-force-on-1-january-2022\/\">Partenariat \u00e9conomique global r\u00e9gional<\/a> (RCEP) \u2013 un accord commercial massif en Asie de l\u2019Est r\u00e9unissant la Chine, les 10 pays de l\u2019ANASE et le Japon, plus la Cor\u00e9e du Sud, ainsi que l\u2019Australie et la Nouvelle-Z\u00e9lande.<\/span><\/p>\n<p>&nbsp;<\/p>\n<p style=\"padding-left: 90px;\"><span style=\"font-family: times new roman, times, serif; font-size: 14pt;\">2\/ La zone de libre-\u00e9change continentale africaine (ACFTA).<\/span><\/p>\n<p>&nbsp;<\/p>\n<p style=\"padding-left: 90px;\"><span style=\"font-family: times new roman, times, serif; font-size: 14pt;\">3\/ Et les protocoles d\u2019accord sign\u00e9s entre l\u2019UEE et le MERCOSUR et entre l\u2019UEE et l\u2019ANASE.<\/span><\/p>\n<p>&nbsp;<\/p>\n<p>&nbsp;<\/p>\n<p style=\"text-align: justify;\"><span style=\"font-family: times new roman, times, serif; font-size: 14pt;\"><strong><span style=\"font-size: 18pt;\">Ancrer l\u2019Asie occidentale\u00a0<\/span> <\/strong><\/span><\/p>\n<p>&nbsp;<\/p>\n<p style=\"text-align: justify;\"><span style=\"font-family: times new roman, times, serif; font-size: 14pt;\">Yaroslav Lissovolik, l\u2019un des plus grands experts mondiaux des BRICS+, estime que l\u2019heure est venue de passer \u00e0 la version bis des BRICS+, dans un syst\u00e8me qui ouvre \u00ab\u00a0<em>la possibilit\u00e9 d\u2019accords bilat\u00e9raux et plurilat\u00e9raux pour compl\u00e9ter le r\u00e9seau central d\u2019alliances r\u00e9gionales form\u00e9 par les pays des BRICS et leurs voisins r\u00e9gionaux respectifs<\/em>\u00a0\u00bb.<\/span><\/p>\n<p>&nbsp;<\/p>\n<p style=\"text-align: justify;\"><span style=\"font-family: times new roman, times, serif; font-size: 14pt;\">Donc, si non parle d\u2019un saut qualitatif majeur en termes de d\u00e9veloppement \u00e9conomique \u00e0 travers les pays du Sud, la question qui se pose in\u00e9vitablement est\u00a0:\u00a0 qu\u2019en est-il de l\u2019Asie occidentale ?<\/span><\/p>\n<p>&nbsp;<\/p>\n<p style=\"text-align: justify;\"><span style=\"font-family: times new roman, times, serif; font-size: 14pt;\">Toutes ces interconnexions, auxquelles s\u2019ajoute une \u00e9vasion du SWIFT, ne peuvent que profiter au Corridor \u00c9conomique Chine-Pakistan (CPEC), sans doute le projet-phare de la BRI, auquel P\u00e9kin pr\u00e9voit l\u2019adjonction de l\u2019Afghanistan.<\/span><\/p>\n<p>&nbsp;<\/p>\n<p style=\"text-align: justify;\"><span style=\"font-family: times new roman, times, serif; font-size: 14pt;\">Le CPEC sera progressivement reli\u00e9 au futur corridor Iran-Chine via l\u2019Afghanistan, dans le cadre de l\u2019accord strat\u00e9gique Iran-Chine de 20 ans dans lequel les projets de la BRI occuperont une place importante. L\u2019Iran et la Chine commercent d\u00e9j\u00e0 en yuans et en rials, de sorte que les r\u00e8glements entre l\u2019Iran et la Chine dans un m\u00e9canisme non-SWIFT iront de soi.<\/span><\/p>\n<p>&nbsp;<\/p>\n<p style=\"text-align: justify;\"><span style=\"font-family: times new roman, times, serif; font-size: 14pt;\">Ce qui est arriv\u00e9 \u00e0 l\u2019Iran est un exemple classique de SWIFT devenu l\u2019otage d\u2019une manipulation politique imp\u00e9riale. Les banques iraniennes ont \u00e9t\u00e9 expuls\u00e9es du SWIFT en 2012, en raison de la pression exerc\u00e9e par les malfaiteurs habituels. En 2016, l\u2019acc\u00e8s a \u00e9t\u00e9 r\u00e9tabli suite au JCPOA, conclu en 2015. Pourtant, en 2018, sous l\u2019administration Trump, l\u2019Iran a de nouveau \u00e9t\u00e9 ray\u00e9 du SWIFT.<\/span><\/p>\n<p>&nbsp;<\/p>\n<p style=\"text-align: justify;\"><span style=\"font-family: times new roman, times, serif; font-size: 14pt;\">Rien de tout cela ne pourra plus se produire d\u00e8s que l\u2019Iran aura rejoint le nouveau m\u00e9canisme Russie-Chine.<\/span><\/p>\n<p>&nbsp;<\/p>\n<p style=\"text-align: justify;\"><span style=\"font-family: times new roman, times, serif; font-size: 14pt;\">Et cela nous am\u00e8ne \u00e0 l\u2019interconnexion de l\u2019expansion de la BRI de la Chine en Iran, en Irak, en Syrie, au Liban et au Y\u00e9men. La reconstruction de la Syrie pourrait \u00eatre largement financ\u00e9e par le m\u00e9canisme non-SWIFT. Idem pour l\u2019achat d\u2019\u00e9nergie irakienne par la Chine. Idem pour la reconstruction d\u2019un Y\u00e9men accueillant \u00e9ventuellement un port appartenant \u00e0 la Chine, qui ferait partie de son \u00ab\u00a0<a href=\"https:\/\/thecradle.co\/Article\/columns\/3738\">collier de perles<\/a> \u00bb.<\/span><\/p>\n<p>&nbsp;<\/p>\n<p style=\"text-align: justify;\"><span style=\"font-family: times new roman, times, serif; font-size: 14pt;\">L\u2019Arabie saoudite, les \u00c9mirats et Isra\u00ebl peuvent rester dans la sph\u00e8re d\u2019influence (ou non) financi\u00e8re des \u00c9tats-Unis. Et m\u00eame si aucune nation des BRICS ne vient y ancrer l\u2019Asie occidentale et si aucun accord d\u2019int\u00e9gration \u00e9conomique r\u00e9gionale ne se profile \u00e0 l\u2019horizon, le r\u00f4le d\u2019int\u00e9grateur \u00e9conomique sera forc\u00e9ment jou\u00e9 par la Chine.<\/span><\/p>\n<p>&nbsp;<\/p>\n<p style=\"text-align: justify;\"><span style=\"font-family: times new roman, times, serif; font-size: 14pt;\">La Chine jouera un r\u00f4le similaire \u00e0 celui du Br\u00e9sil dans le MERCOSUR, de la Russie dans l\u2019UEE et de l\u2019Afrique du Sud dans la CDAA\/SACU.<\/span><\/p>\n<p>&nbsp;<\/p>\n<p style=\"text-align: justify;\"><span style=\"font-family: times new roman, times, serif; font-size: 14pt;\">La BRI et l\u2019UEE b\u00e9n\u00e9ficieront d\u2019un formidable \u00e9lan en passant outre le SWIFT. Il est tout simplement impossible de devenir multipolaire si on fait du commerce en utilisant la monnaie (\u00f4 combien d\u00e9valu\u00e9e) de l\u2019empire.<\/span><\/p>\n<p>&nbsp;<\/p>\n<p style=\"text-align: justify;\"><span style=\"font-family: times new roman, times, serif; font-size: 14pt;\">La BRI, l\u2019UEE et tous ces accords de d\u00e9veloppement \u00e9conomique interd\u00e9pendants, ajout\u00e9s \u00e0 la technologie num\u00e9rique, permettront d\u2019int\u00e9grer des milliards de personnes dans le Sud Global.<\/span><\/p>\n<p>&nbsp;<\/p>\n<p style=\"text-align: justify;\"><span style=\"font-family: times new roman, times, serif; font-size: 14pt;\">Songez \u00e0 l\u2019avenir tr\u00e8s possible qui promet d\u2019offrir des services de t\u00e9l\u00e9-communications bon march\u00e9, des services financiers et un acc\u00e8s au march\u00e9 mondial dans un environnement sans dollar \u00e0 tous ceux qui ont \u00e9t\u00e9 jusqu\u2019\u00e0 pr\u00e9sent coup\u00e9s d\u2019une \u00e9conomie v\u00e9ritablement mondialis\u00e9e.<\/span><\/p>\n<p style=\"text-align: justify;\"><span style=\"font-family: times new roman, times, serif; font-size: 14pt;\"><strong>\u00a0<\/strong><\/span><\/p>\n<p style=\"text-align: justify;\"><span style=\"font-family: times new roman, times, serif; font-size: 14pt;\"><strong>Source\u00a0: <\/strong><a href=\"https:\/\/thecradle.co\/Article\/columns\/4857\">https:\/\/thecradle.co\/Article\/columns\/4857<\/a><\/span><\/p>\n<p>&nbsp;<\/p>\n<p style=\"text-align: left;\"><span style=\"font-family: times new roman, times, serif; font-size: 14pt;\"><strong>URL de cet article\u00a0: <\/strong><a href=\"http:\/\/blog.lesgrossesorchadeslesamplesthalameges.fr\/index.php\/poutine-et-xui-complotent-leur-sortie-du-swift\/\">http:\/\/blog.lesgrossesorchadeslesamplesthalameges.fr\/index.php\/poutine-et-xui-complotent-leur-sortie-du-swift\/<\/a><strong><br \/>\n<\/strong><\/span><\/p>\n<p style=\"text-align: justify;\"><span style=\"font-family: times new roman, times, serif; font-size: 14pt;\"><strong>\u00a0<\/strong><\/span><\/p>\n<p><strong>\u00a0<\/strong><\/p>\n<p style=\"text-align: center;\"><strong>\u00a0<a href=\"http:\/\/blog.lesgrossesorchadeslesamplesthalameges.fr\/index.php\/2021\/12\/30\/si-vous-necoutez-pas-lavrov-vous-entendrez-choigou\/000-flute-player-silhouette-gif\/\" rel=\"attachment wp-att-16165\"><img loading=\"lazy\" class=\"alignnone size-full wp-image-16165\" src=\"http:\/\/blog.lesgrossesorchadeslesamplesthalameges.fr\/wp-content\/uploads\/2021\/12\/000.-Flute-player-silhouette-GIF.gif\" alt=\"\" width=\"80\" height=\"151\" \/><\/a><\/strong><\/p>\n<p><strong>\u00a0<\/strong><\/p>\n<p style=\"text-align: right;\"><span style=\"font-family: comic sans ms, sans-serif; font-size: 14pt;\">D\u00e9cembre 2021<\/span><\/p>\n<p>&nbsp;<\/p>\n<p>&nbsp;<\/p>\n","protected":false},"excerpt":{"rendered":"<p>&nbsp; &nbsp; &nbsp; &nbsp; &nbsp; &nbsp; &nbsp; &nbsp; &nbsp; &nbsp; Poutine et Xi complotent leur sortie du SWIFT &nbsp; &nbsp; L&rsquo;annonce par la Russie et la Chine de la cr\u00e9ation d&rsquo;une plateforme ind\u00e9pendante d&rsquo;\u00e9changes financiers permettra aux pays soumis aux sanctions am\u00e9ricaines de se lib\u00e9rer de l&rsquo;ing\u00e9rence occidentale dans leurs activit\u00e9s commerciales. \u00a0 Pepe Escobar&#8230;<\/p>\n","protected":false},"author":1,"featured_media":0,"parent":0,"menu_order":0,"comment_status":"open","ping_status":"open","template":"","meta":[],"_links":{"self":[{"href":"https:\/\/blog.lesgrossesorchadeslesamplesthalameges.fr\/index.php\/wp-json\/wp\/v2\/pages\/16200"}],"collection":[{"href":"https:\/\/blog.lesgrossesorchadeslesamplesthalameges.fr\/index.php\/wp-json\/wp\/v2\/pages"}],"about":[{"href":"https:\/\/blog.lesgrossesorchadeslesamplesthalameges.fr\/index.php\/wp-json\/wp\/v2\/types\/page"}],"author":[{"embeddable":true,"href":"https:\/\/blog.lesgrossesorchadeslesamplesthalameges.fr\/index.php\/wp-json\/wp\/v2\/users\/1"}],"replies":[{"embeddable":true,"href":"https:\/\/blog.lesgrossesorchadeslesamplesthalameges.fr\/index.php\/wp-json\/wp\/v2\/comments?post=16200"}],"version-history":[{"count":8,"href":"https:\/\/blog.lesgrossesorchadeslesamplesthalameges.fr\/index.php\/wp-json\/wp\/v2\/pages\/16200\/revisions"}],"predecessor-version":[{"id":16209,"href":"https:\/\/blog.lesgrossesorchadeslesamplesthalameges.fr\/index.php\/wp-json\/wp\/v2\/pages\/16200\/revisions\/16209"}],"wp:attachment":[{"href":"https:\/\/blog.lesgrossesorchadeslesamplesthalameges.fr\/index.php\/wp-json\/wp\/v2\/media?parent=16200"}],"curies":[{"name":"wp","href":"https:\/\/api.w.org\/{rel}","templated":true}]}}