{"id":1621,"date":"2019-01-13T22:54:00","date_gmt":"2019-01-13T21:54:00","guid":{"rendered":"http:\/\/blog.lesgrossesorchadeslesamplesthalameges.fr\/?page_id=1621"},"modified":"2019-01-14T10:35:52","modified_gmt":"2019-01-14T09:35:52","slug":"chaos-total-au-bresil","status":"publish","type":"page","link":"https:\/\/blog.lesgrossesorchadeslesamplesthalameges.fr\/index.php\/chaos-total-au-bresil\/","title":{"rendered":"Chaos total au Br\u00e9sil"},"content":{"rendered":"<p>&nbsp;<\/p>\n<p>&nbsp;<\/p>\n<p>&nbsp;<\/p>\n<p>&nbsp;<\/p>\n<p>&nbsp;<\/p>\n<p style=\"text-align: center;\"><span style=\"font-family: times new roman, times, serif; font-size: 36pt;\"><strong>\u00ab\u00a0Chaos total\u00a0\u00bb au Br\u00e9sil, o\u00f9 les gangs se d\u00e9cha\u00eenent \u00a0contre la r\u00e9pression d\u00e9cha\u00een\u00e9e par Bolsonaro<\/strong><\/span><\/p>\n<p>&nbsp;<\/p>\n<p style=\"text-align: center;\"><span style=\"font-family: times new roman, times, serif; font-size: 14pt;\"><strong><span style=\"font-size: 18pt;\">Tyler Durden\u00a0 \u2013 <em>Zero Hedge<\/em> \u2013<\/span> <\/strong>9.1.2019<\/span><\/p>\n<p>&nbsp;<\/p>\n<p style=\"text-align: justify;\"><span style=\"font-family: times new roman, times, serif; font-size: 14pt;\">Le Br\u00e9sil vient d\u2019\u00eatre balay\u00e9 par une vague de violence, les gangs r\u00e9agissant \u00e0 la r\u00e9pression des crimes d\u00e9clench\u00e9e par le pr\u00e9sident Jair Bolsonaro, qui implique la prise du pouvoir par l\u2019arm\u00e9e dans les villes br\u00e9siliennes et l\u2019ordre de \u00ab\u00a0tirer pour tuer\u00a0\u00bb donn\u00e9 aux escadrons de tireurs d\u2019\u00e9lite.<\/span><\/p>\n<p>&nbsp;<\/p>\n<p style=\"text-align: center;\"><img loading=\"lazy\" class=\"alignnone wp-image-1607\" src=\"http:\/\/blog.lesgrossesorchadeslesamplesthalameges.fr\/wp-content\/uploads\/2019\/01\/Br\u00e9sil-1-300x180.jpg\" alt=\"\" width=\"600\" height=\"360\" srcset=\"https:\/\/blog.lesgrossesorchadeslesamplesthalameges.fr\/wp-content\/uploads\/2019\/01\/Br\u00e9sil-1-300x180.jpg 300w, https:\/\/blog.lesgrossesorchadeslesamplesthalameges.fr\/wp-content\/uploads\/2019\/01\/Br\u00e9sil-1.jpg 620w\" sizes=\"(max-width: 600px) 100vw, 600px\" \/><\/p>\n<p>&nbsp;<\/p>\n<p style=\"text-align: justify;\"><span style=\"font-family: times new roman, times, serif; font-size: 14pt;\">Cinq cents hommes de la garde nationale ont \u00e9t\u00e9 d\u00e9ploy\u00e9s dans la ville de Fortaleza, dans l\u2019\u00e9tat de Ceara (Nordeste), o\u00f9 les autorit\u00e9s \u00e9taient d\u00e9bord\u00e9es, apr\u00e8s plus d\u2019une semaine de violence, qui a vu se produire plus de 160 attaques, rapporte <a href=\"https:\/\/www.theguardian.com\/world\/2019\/jan\/09\/brazil-ceara-violence-fortaleza-gangs-bolsonaro\"><em>The Guardian<\/em><\/a><\/span><\/p>\n<p>&nbsp;<\/p>\n<p style=\"text-align: center;\"><img loading=\"lazy\" class=\"alignnone wp-image-1622\" src=\"http:\/\/blog.lesgrossesorchadeslesamplesthalameges.fr\/wp-content\/uploads\/2019\/01\/Br\u00e9sil-2-300x157.jpg\" alt=\"\" width=\"600\" height=\"314\" srcset=\"https:\/\/blog.lesgrossesorchadeslesamplesthalameges.fr\/wp-content\/uploads\/2019\/01\/Br\u00e9sil-2-300x157.jpg 300w, https:\/\/blog.lesgrossesorchadeslesamplesthalameges.fr\/wp-content\/uploads\/2019\/01\/Br\u00e9sil-2.jpg 600w\" sizes=\"(max-width: 600px) 100vw, 600px\" \/><\/p>\n<p>&nbsp;<\/p>\n<p style=\"text-align: justify;\"><span style=\"font-family: times new roman, times, serif; font-size: 14pt;\">Les forces de s\u00e9curit\u00e9 disent que les gangs de la drogue rivaux ont fait cause commune pour perp\u00e9trer plus de 160 attaques, en repr\u00e9sailles \u00e0 la d\u00e9cision de mettre fin \u00e0 la pratique de s\u00e9parer les diff\u00e9rentes factions de narcotrafiquants dans les prisons du Br\u00e9sil.<\/span><\/p>\n<p style=\"text-align: justify;\"><span style=\"font-family: times new roman, times, serif; font-size: 14pt;\"><strong>Des bus, des camions de transport postal et des voitures ont \u00e9t\u00e9 incendi\u00e9s. Des postes de police, des b\u00e2timents gouvernementaux et des banques ont \u00e9t\u00e9 attaqu\u00e9s aux cocktails Molotov et aux explosifs. Dimanche, des criminels ont fait sauter un central t\u00e9l\u00e9phonique, laissant douze villes sans service de t\u00e9l\u00e9phonie mobile<\/strong>. D\u2019autres explosifs ont endommag\u00e9 un viaduc autoroutier et un pont. <a href=\"https:\/\/www.theguardian.com\/world\/2019\/jan\/09\/brazil-ceara-violence-fortaleza-gangs-bolsonaro\"><em>Guardian<\/em><\/a><\/span><\/p>\n<p style=\"text-align: justify;\"><span style=\"font-family: times new roman, times, serif; font-size: 14pt;\">Il y a eu 148 arrestations li\u00e9es \u00e0 ces attaques, tandis qu\u2019au moins 20 prisonniers soup\u00e7onn\u00e9s d\u2019avoir ordonn\u00e9 les attaques ont \u00e9t\u00e9 transf\u00e9r\u00e9s de prisons d\u2019\u00e9tats dans des prisons f\u00e9d\u00e9rales \u2013 o\u00f9 l\u2019administration Bolsonaro dit qu\u2019elle ne reculera pas dans sa d\u00e9termination de combattre les activit\u00e9s des gangs.<br \/>\n<\/span><\/p>\n<p>&nbsp;<\/p>\n<p><img loading=\"lazy\" class=\"aligncenter wp-image-1623\" src=\"http:\/\/blog.lesgrossesorchadeslesamplesthalameges.fr\/wp-content\/uploads\/2019\/01\/Br\u00e9sil-3-300x240.png\" alt=\"\" width=\"450\" height=\"360\" srcset=\"https:\/\/blog.lesgrossesorchadeslesamplesthalameges.fr\/wp-content\/uploads\/2019\/01\/Br\u00e9sil-3-300x240.png 300w, https:\/\/blog.lesgrossesorchadeslesamplesthalameges.fr\/wp-content\/uploads\/2019\/01\/Br\u00e9sil-3.png 667w\" sizes=\"(max-width: 450px) 100vw, 450px\" \/><\/p>\n<p style=\"text-align: justify;\"><span style=\"font-family: times new roman, times, serif; font-size: 14pt;\"><em>\u00a0<\/em><\/span><\/p>\n<p style=\"text-align: justify;\"><span style=\"font-family: times new roman, times, serif; font-size: 14pt;\"><em>Via The Guardian<\/em><\/span><\/p>\n<p>&nbsp;<\/p>\n<p><img loading=\"lazy\" class=\"aligncenter wp-image-1624\" src=\"http:\/\/blog.lesgrossesorchadeslesamplesthalameges.fr\/wp-content\/uploads\/2019\/01\/Br\u00e9sil-4-201x300.jpg\" alt=\"\" width=\"500\" height=\"746\" srcset=\"https:\/\/blog.lesgrossesorchadeslesamplesthalameges.fr\/wp-content\/uploads\/2019\/01\/Br\u00e9sil-4-201x300.jpg 201w, https:\/\/blog.lesgrossesorchadeslesamplesthalameges.fr\/wp-content\/uploads\/2019\/01\/Br\u00e9sil-4-768x1145.jpg 768w, https:\/\/blog.lesgrossesorchadeslesamplesthalameges.fr\/wp-content\/uploads\/2019\/01\/Br\u00e9sil-4-687x1024.jpg 687w, https:\/\/blog.lesgrossesorchadeslesamplesthalameges.fr\/wp-content\/uploads\/2019\/01\/Br\u00e9sil-4.jpg 890w\" sizes=\"(max-width: 500px) 100vw, 500px\" \/><\/p>\n<p>&nbsp;<\/p>\n<p style=\"text-align: justify;\"><span style=\"font-family: times new roman, times, serif; font-size: 14pt;\">Des membres de gangs ont fait exploser un <a href=\"https:\/\/fr.wikipedia.org\/wiki\/Engin_explosif_improvis%C3%A9\"><strong>IED<\/strong><\/a> sur la colonne de soutien d\u2019un viaduc, <a href=\"https:\/\/g1.globo.com\/ce\/ceara\/noticia\/2019\/01\/03\/viaduto-da-caucaia-atacado-com-explosivos-pode-desabar-a-qualquer-momento-diz-dnit.ghtml\">faisant courir au viaduc un risque d\u2019effondrement<\/a>.<\/span><\/p>\n<p style=\"text-align: center;\"><span style=\"font-family: times new roman, times, serif; font-size: 14pt;\"><a href=\"https:\/\/twitter.com\/rdayt_\"><strong><em>https:\/\/twitter.com\/rdayt_<\/em><\/strong><\/a><strong><em> \u2013 <\/em><\/strong>\u00a0<strong><em>Ross Dayton (@rdayt_) <\/em><\/strong><a href=\"https:\/\/twitter.com\/rdayt_\/status\/1082347970006315009?ref_src=twsrc%5Etfw\"><strong><em>January 7, 2019<\/em><\/strong><\/a><\/span><\/p>\n<p style=\"text-align: justify;\"><span style=\"font-family: times new roman, times, serif; font-size: 14pt;\">Commande Rouge (<em>Comando Vermelho<\/em>) de Rio de Janeiro est engag\u00e9e dans une lutte \u00e0 mort, \u00e0 la fois avec les Gardes d\u2019\u00c9tat de Fortaleza et avec la \u00ab\u00a0Famille\u00a0 du Nord\u00a0\u00bb de l\u2019\u00c9tat d\u2019Amazonas.<\/span><\/p>\n<p style=\"text-align: justify;\"><span style=\"font-family: times new roman, times, serif; font-size: 14pt;\">Le <a href=\"https:\/\/en.wikipedia.org\/wiki\/Primeiro_Comando_da_Capital\"><strong>PCC<\/strong><\/a> et Commande Rouge s\u2019affrontent pour le contr\u00f4le du march\u00e9 de la drogue br\u00e9silien, et Fortaleza est consid\u00e9r\u00e9e comme une place strat\u00e9gique, parce qu\u2019elle est le plus grand port vers l\u2019Europe et l\u2019Afrique.<em> Guardian.<\/em><\/span><\/p>\n<p style=\"text-align: justify;\"><span style=\"font-family: times new roman, times, serif; font-size: 14pt;\"><strong><em>\u00ab\u00a0On voyait cette esp\u00e8ce de sauvagerie \u00e0 Rio de Janeiro, par la t\u00e9l\u00e9vision. Les choses \u00e9taient plut\u00f4t calmes, ici.\u00a0\u00bb<\/em><\/strong> dit Carlos Rob\u00e9rio, co-propri\u00e9taire d\u2019un minibus \u00e0 Fortaleza, apr\u00e8s avoir vu, sur CCTV, un groupe de jeunes asperger d\u2019essence un de ses kiosques avant d\u2019y mettre le feu.<\/span><\/p>\n<p style=\"text-align: justify;\"><span style=\"font-family: times new roman, times, serif; font-size: 14pt;\">Rob\u00e9rio dit que cet effondrement du comportement civilis\u00e9 l\u2019a d\u00e9cid\u00e9 \u00e0 s\u2019armer. \u00ab\u00a0C\u2019est le chaos complet, ici, et je me sens comme quelqu\u2019un qui est au milieu de l\u2019oc\u00e9an sans le moindre petit radeau de sauvetage.<\/span><\/p>\n<p style=\"text-align: justify;\"><span style=\"font-family: times new roman, times, serif; font-size: 14pt;\">\u00c0 cet effet, d\u2019ailleurs, Bolsonaro a d\u00e9clar\u00e9 la semaine derni\u00e8re sur Twitter <em>[!!! ndt]<\/em> qu\u2019il allait rendre plus accommodantes les lois sur le port d\u2019armes, pour en faciliter l\u2019autorisation aux adultes de plus de 25 ans sans casier judiciaire. <strong>Il a notamment d\u00e9clar\u00e9 que permettre aux \u00ab\u00a0braves\u00a0\u00bb gens de poss\u00e9der des armes d\u00e9couragera les criminels tout en faisant baisser le taux d\u2019homicides du Br\u00e9sil, qui aligne pr\u00e8s de 64.000 meurtres l\u2019an dernier<\/strong><\/span><\/p>\n<p style=\"text-align: justify;\"><span style=\"font-family: times new roman, times, serif; font-size: 14pt;\">Le taux d\u2019homicides, \u00e0 Fortaleza et dans d\u2019autres villes du Nordeste, a grimp\u00e9 en fl\u00e8che ces derni\u00e8res ann\u00e9es, tandis que des guerres de territoires \u00e9clataient entre les principaux gangs du Br\u00e9sil\u00a0: la Premi\u00e8re Commande de la Capitale (PCC), de S\u00e3o Paulo, et la Commande Rouge.<\/span><\/p>\n<p>&nbsp;<\/p>\n<p style=\"text-align: center;\"><img loading=\"lazy\" class=\"alignnone wp-image-1625\" src=\"http:\/\/blog.lesgrossesorchadeslesamplesthalameges.fr\/wp-content\/uploads\/2019\/01\/Br\u00e9sil-5-300x157.jpg\" alt=\"\" width=\"600\" height=\"314\" srcset=\"https:\/\/blog.lesgrossesorchadeslesamplesthalameges.fr\/wp-content\/uploads\/2019\/01\/Br\u00e9sil-5-300x157.jpg 300w, https:\/\/blog.lesgrossesorchadeslesamplesthalameges.fr\/wp-content\/uploads\/2019\/01\/Br\u00e9sil-5.jpg 600w\" sizes=\"(max-width: 600px) 100vw, 600px\" \/><\/p>\n<p>&nbsp;<\/p>\n<p style=\"text-align: justify;\"><span style=\"font-family: times new roman, times, serif; font-size: 14pt;\">Les forces de s\u00e9curit\u00e9 du Br\u00e9sil ont tu\u00e9 5.000 personnes en 2017, une moyenne de 14 par jour.<\/span><\/p>\n<p style=\"text-align: justify;\"><span style=\"font-family: times new roman, times, serif; font-size: 14pt;\">En attendant, les autorit\u00e9s de Rio de Janeiro ont entra\u00een\u00e9 <a href=\"https:\/\/www.zerohedge.com\/news\/2018-12-22\/rio-police-get-license-kill\">jusqu\u2019\u00e0 120 tireurs d\u2019\u00e9lite<\/a>, qui accompagneront les forces de police de la ville \u00e0 l\u2019int\u00e9rieur des favelas proches pour y \u00e9radiquer les criminels arm\u00e9s les plus violents.<\/span><\/p>\n<p style=\"text-align: justify;\"><span style=\"font-family: times new roman, times, serif; font-size: 14pt;\">Les tireurs op\u00e9reront par paires\u00a0: un tireur et un guetteur qui contr\u00f4lera les conditions des ex\u00e9cutions et les vid\u00e9ofilmera, d&rsquo;apr\u00e8s <a href=\"https:\/\/www.bloomberg.com\/news\/articles\/2018-12-22\/license-to-kill-policing-to-get-a-trial-run-in-rio-de-janeiro\"><em>Bloomberg<\/em><\/a>, les deux officiers de polices \u00e9changeant alternativement leurs r\u00f4les.<\/span><\/p>\n<p>&nbsp;<\/p>\n<p><img loading=\"lazy\" class=\"aligncenter wp-image-1626\" src=\"http:\/\/blog.lesgrossesorchadeslesamplesthalameges.fr\/wp-content\/uploads\/2019\/01\/Br\u00e9sil-6-300x200.jpg\" alt=\"\" width=\"600\" height=\"400\" srcset=\"https:\/\/blog.lesgrossesorchadeslesamplesthalameges.fr\/wp-content\/uploads\/2019\/01\/Br\u00e9sil-6-300x200.jpg 300w, https:\/\/blog.lesgrossesorchadeslesamplesthalameges.fr\/wp-content\/uploads\/2019\/01\/Br\u00e9sil-6.jpg 500w\" sizes=\"(max-width: 600px) 100vw, 600px\" \/><\/p>\n<p style=\"text-align: justify;\"><span style=\"font-family: times new roman, times, serif; font-size: 14pt;\"><strong><em>\u00a0<\/em><\/strong><\/span><\/p>\n<p style=\"text-align: justify;\"><span style=\"font-family: times new roman, times, serif; font-size: 14pt;\"><strong><em>\u00ab\u00a0Le protocole consistera \u00e0 neutraliser imm\u00e9diatement et \u00e0 abattre quiconque sera porteur d\u2019une arme\u00a0\u00bb<\/em><\/strong> a dit le 12 d\u00e9cembre Witzel, un ex-marine br\u00e9silien et juge au f\u00e9d\u00e9ral<em>. \u00ab\u00a0Ceux qui ont des armes ne se pr\u00e9occupent pas de la vie des autres, <strong>ils sont pr\u00eats \u00e0 descendre le premier qui croise leur chemin<\/strong>. C\u2019est un grave probl\u00e8me, pas seulement \u00e0 Rio de Janeiro, mais aussi dans d\u2019autres \u00e9tats.\u00a0\u00bb<\/em><\/span><\/p>\n<p style=\"text-align: left;\"><span style=\"font-family: times new roman, times, serif; font-size: 14pt;\">Source\u00a0: <a href=\"https:\/\/www.zerohedge.com\/news\/2019-01-09\/complete-chaos-brazils-gangs-go-ballistic-over-bolsonaro-crackdown?mc_cid=38e778a81c&amp;mc_eid=a6bc8ffe32\">https:\/\/www.zerohedge.com\/news\/2019-01-09\/complete-chaos-brazils-gangs-go-ballistic-over-bolsonaro-crackdown?mc_cid=38e778a81c&amp;mc_eid=a6bc8ffe32<\/a><\/span><\/p>\n<p style=\"text-align: right;\"><span style=\"font-family: times new roman, times, serif; font-size: 14pt;\">Traduction\u00a0: c.l. pour Les Grosses Orchades<\/span><\/p>\n<p>&nbsp;<\/p>\n<p style=\"text-align: justify;\"><span style=\"font-family: times new roman, times, serif; font-size: 18pt; color: #c00000;\"><strong><em>Reste \u00e0 savoir comment les ex\u00e9cuteurs des hautes \u0153uvres de M. Bolsonaro feront la diff\u00e9rence entre un criminel arm\u00e9 \u00ab\u00a0pr\u00eat \u00e0 tirer\u00a0\u00bb et un \u00ab\u00a0brave\u00a0\u00bb citoyen autoris\u00e9 \u00e0 s\u2019armer pour se d\u00e9fendre. Reste \u00e0 savoir si M. Bolsonaro tient absolument \u00e0 ce qu\u2019ils fassent une diff\u00e9rence ou si\u2026<\/em><\/strong><\/span><\/p>\n<p>&nbsp;<\/p>\n<p>&nbsp;<\/p>\n<p style=\"text-align: center;\"><span style=\"font-family: times new roman, times, serif; font-size: 14pt;\"><strong><em>\u00a0<img loading=\"lazy\" class=\"alignnone size-full wp-image-1606\" src=\"http:\/\/blog.lesgrossesorchadeslesamplesthalameges.fr\/wp-content\/uploads\/2019\/01\/000.-russep-x-1.gif\" alt=\"\" width=\"50\" height=\"50\" \/><\/em><\/strong><\/span><\/p>\n<p>&nbsp;<\/p>\n<p style=\"text-align: right;\"><span style=\"font-family: comic sans ms, sans-serif; font-size: 14pt;\">13 janvier 2019<\/span><\/p>\n<p>&nbsp;<\/p>\n<p>&nbsp;<\/p>\n<p>&nbsp;<\/p>\n","protected":false},"excerpt":{"rendered":"<p>&nbsp; &nbsp; &nbsp; &nbsp; &nbsp; \u00ab\u00a0Chaos total\u00a0\u00bb au Br\u00e9sil, o\u00f9 les gangs se d\u00e9cha\u00eenent \u00a0contre la r\u00e9pression d\u00e9cha\u00een\u00e9e par Bolsonaro &nbsp; Tyler Durden\u00a0 \u2013 Zero Hedge \u2013 9.1.2019 &nbsp; Le Br\u00e9sil vient d\u2019\u00eatre balay\u00e9 par une vague de violence, les gangs r\u00e9agissant \u00e0 la r\u00e9pression des crimes d\u00e9clench\u00e9e par le pr\u00e9sident Jair Bolsonaro, qui implique&#8230;<\/p>\n","protected":false},"author":1,"featured_media":0,"parent":0,"menu_order":0,"comment_status":"open","ping_status":"open","template":"","meta":[],"_links":{"self":[{"href":"https:\/\/blog.lesgrossesorchadeslesamplesthalameges.fr\/index.php\/wp-json\/wp\/v2\/pages\/1621"}],"collection":[{"href":"https:\/\/blog.lesgrossesorchadeslesamplesthalameges.fr\/index.php\/wp-json\/wp\/v2\/pages"}],"about":[{"href":"https:\/\/blog.lesgrossesorchadeslesamplesthalameges.fr\/index.php\/wp-json\/wp\/v2\/types\/page"}],"author":[{"embeddable":true,"href":"https:\/\/blog.lesgrossesorchadeslesamplesthalameges.fr\/index.php\/wp-json\/wp\/v2\/users\/1"}],"replies":[{"embeddable":true,"href":"https:\/\/blog.lesgrossesorchadeslesamplesthalameges.fr\/index.php\/wp-json\/wp\/v2\/comments?post=1621"}],"version-history":[{"count":0,"href":"https:\/\/blog.lesgrossesorchadeslesamplesthalameges.fr\/index.php\/wp-json\/wp\/v2\/pages\/1621\/revisions"}],"wp:attachment":[{"href":"https:\/\/blog.lesgrossesorchadeslesamplesthalameges.fr\/index.php\/wp-json\/wp\/v2\/media?parent=1621"}],"curies":[{"name":"wp","href":"https:\/\/api.w.org\/{rel}","templated":true}]}}