{"id":16225,"date":"2021-12-30T21:10:28","date_gmt":"2021-12-30T20:10:28","guid":{"rendered":"http:\/\/blog.lesgrossesorchadeslesamplesthalameges.fr\/?page_id=16225"},"modified":"2021-12-30T21:11:23","modified_gmt":"2021-12-30T20:11:23","slug":"les-salaires-chinois-si-seulement-nous-les-avions","status":"publish","type":"page","link":"https:\/\/blog.lesgrossesorchadeslesamplesthalameges.fr\/index.php\/les-salaires-chinois-si-seulement-nous-les-avions\/","title":{"rendered":"Les salaires chinois ? Si seulement nous les avions&#8230;"},"content":{"rendered":"<p>&nbsp;<\/p>\n<p>&nbsp;<\/p>\n<p>&nbsp;<\/p>\n<p>&nbsp;<\/p>\n<p>&nbsp;<\/p>\n<p>&nbsp;<\/p>\n<p>&nbsp;<\/p>\n<p>&nbsp;<\/p>\n<p>&nbsp;<\/p>\n<p style=\"text-align: center;\"><a href=\"http:\/\/blog.lesgrossesorchadeslesamplesthalameges.fr\/index.php\/2021\/12\/30\/si-vous-necoutez-pas-lavrov-vous-entendrez-choigou\/000-logo-comaguer-petit\/\" rel=\"attachment wp-att-16176\"><img loading=\"lazy\" class=\"alignnone size-full wp-image-16176\" src=\"http:\/\/blog.lesgrossesorchadeslesamplesthalameges.fr\/wp-content\/uploads\/2021\/12\/000.-logo-comaguer-petit.gif\" alt=\"\" width=\"159\" height=\"86\" \/><\/a><\/p>\n<p>&nbsp;<\/p>\n<p style=\"text-align: center;\"><span style=\"font-family: times new roman, times, serif; font-size: 18pt;\"><strong>Bulletin n\u00b0 456 \u2013 29.12.2021<\/strong><\/span><\/p>\n<p style=\"text-align: justify;\"><span style=\"font-family: times new roman, times, serif; font-size: 14pt;\"><strong>\u00a0<\/strong><\/span><\/p>\n<p>&nbsp;<\/p>\n<p style=\"text-align: justify;\"><span style=\"font-family: times new roman, times, serif; font-size: 14pt;\">La revue italienne en ligne <em><a href=\"https:\/\/contropiano.org\/news\/news-economia\/2021\/12\/26\/salari-cinesi-magari-li-avessimo-noi-0145199\"><strong>Contropiano<\/strong> a publ\u00e9 le 26 D\u00e9cembre un article bien document\u00e9 de l\u2019\u00e9conomiste italien Pasquale Cicalese sur les salaires chinois<\/a>,<\/em> qui donne au passage quelques pr\u00e9cieuses indications sur la S\u00e9curit\u00e9 Sociale en R\u00e9publique Populaire. Pasquale Cicalese a publi\u00e9 r\u00e9cemment un livre <strong><em>Piano\u00a0 contro\u00a0 Mercato &#8211; Per un salario sociale di classe<\/em><\/strong> \u00a0(Plan contre March\u00e9 &#8211; Pour un salaire social de classe) non traduit en fran\u00e7ais qui pose le d\u00e9bat de fond sur la voie chinoise.<\/span><\/p>\n<p>&nbsp;<\/p>\n<p style=\"text-align: justify;\"><span style=\"font-family: times new roman, times, serif; font-size: 14pt;\">D\u2019autre part un document tr\u00e9s complet sur la s\u00e9curit\u00e9 sociale chinoise a \u00e9t\u00e9 \u00e9tabli par un organisme public fran\u00e7ais le <strong><a href=\"https:\/\/fr.wikipedia.org\/wiki\/Centre_des_liaisons_europ%C3%A9ennes_et_internationales_de_s%C3%A9curit%C3%A9_sociale\">CLEISS<\/a><\/strong>.<\/span><\/p>\n<p>&nbsp;<\/p>\n<p style=\"text-align: justify;\"><span style=\"font-family: times new roman, times, serif; font-size: 14pt;\">Ce document m\u00e9rite d\u2019\u00e9tre connu car on retrouve dans la s\u00e9curit\u00e9 sociale chinoise une vision globale de la protection sociale des travailleurs chinois tr\u00e9s directement inspir\u00e9e des pricipes fondateurs ayant guid\u00e9 les travaux de l\u2019\u00e9quipe Croizat et les lois vot\u00e9es en 1947.<\/span><\/p>\n<p>&nbsp;<\/p>\n<p style=\"text-align: justify;\"><span style=\"font-family: times new roman, times, serif; font-size: 14pt;\">La France prenant acte de la mise en place compl\u00e8te du syst\u00e8me chinois de S\u00e9curit\u00e9 Sociale a sign\u00e9 en 2016 \u00e0 P\u00e9kin\u00a0 un accord de s\u00e9curit\u00e9 sociale entre le Gouvernement de la R\u00e9publique fran\u00e7aise et le Gouvernement de la R\u00e9publique populaire de Chine et le 16 septembre 2019 \u00e0 Paris\u00a0 l&rsquo;Arrangement administratif relatif aux modalit\u00e9s d&rsquo;application de l&rsquo;Accord de s\u00e9curit\u00e9 sociale.<\/span><\/p>\n<p>&nbsp;<\/p>\n<p>&nbsp;<\/p>\n<p>&nbsp;<\/p>\n<p style=\"text-align: center;\"><span style=\"font-family: times new roman, times, serif; font-size: 36pt;\"><strong>Les salaires chinois ? Si seulement nous les avions&#8230;<\/strong><\/span><\/p>\n<p>&nbsp;<\/p>\n<p style=\"text-align: center;\"><span style=\"font-family: times new roman, times, serif; font-size: 18pt;\"><strong>Pasquale Cicalese \u2013 <\/strong><a href=\"https:\/\/contropiano.org\/news\/news-economia\/2021\/12\/26\/salari-cinesi-magari-li-avessimo-noi-0145199\"><strong><em>Contropiano<\/em><\/strong><\/a><strong> \u2013 26.12.2021<\/strong><\/span><\/p>\n<p>&nbsp;<\/p>\n<p style=\"text-align: center;\"><span style=\"font-family: times new roman, times, serif; font-size: 18pt;\">(traduction deepl retouch\u00e9e par Comaguer)<\/span><\/p>\n<p>&nbsp;<\/p>\n<p>&nbsp;<\/p>\n<p>&nbsp;<\/p>\n<p style=\"text-align: center;\"><a href=\"http:\/\/blog.lesgrossesorchadeslesamplesthalameges.fr\/index.php\/2021\/12\/30\/si-vous-necoutez-pas-lavrov-vous-entendrez-choigou\/16-ouvrieres-chinoises\/\" rel=\"attachment wp-att-16177\"><img loading=\"lazy\" class=\"alignnone wp-image-16177 size-full\" src=\"http:\/\/blog.lesgrossesorchadeslesamplesthalameges.fr\/wp-content\/uploads\/2021\/12\/16.-ouvri\u00e8res-chinoises.jpg\" alt=\"\" width=\"600\" height=\"250\" srcset=\"https:\/\/blog.lesgrossesorchadeslesamplesthalameges.fr\/wp-content\/uploads\/2021\/12\/16.-ouvri\u00e8res-chinoises.jpg 600w, https:\/\/blog.lesgrossesorchadeslesamplesthalameges.fr\/wp-content\/uploads\/2021\/12\/16.-ouvri\u00e8res-chinoises-300x125.jpg 300w\" sizes=\"(max-width: 600px) 100vw, 600px\" \/><\/a><\/p>\n<p>&nbsp;<\/p>\n<p>&nbsp;<\/p>\n<p>&nbsp;<\/p>\n<p style=\"text-align: justify;\"><span style=\"font-family: times new roman, times, serif; font-size: 14pt;\">On dit souvent en Italie que lorsqu&rsquo;un travailleur gagne tr\u00e8s peu et est pay\u00e9 une mis\u00e8re, qu\u2019il a un \u00ab salaire chinois \u00bb.<\/span><\/p>\n<p>&nbsp;<\/p>\n<p style=\"text-align: justify;\"><span style=\"font-family: times new roman, times, serif; font-size: 14pt;\">Mais quels sont les niveaux de salaire en Chine ?<\/span><\/p>\n<p>&nbsp;<\/p>\n<p style=\"text-align: justify;\"><span style=\"font-family: times new roman, times, serif; font-size: 14pt;\">Dans le livre <em>Plan contre march\u00e9<\/em>, je vous dis que le gouvernement &#8211; \u00e0 travers le salaire social global de classe &#8211; a d\u00e9cid\u00e9 ces derni\u00e8res ann\u00e9es, \u00e0 diff\u00e9rents moments, d&rsquo;\u00e9tablir puis d&rsquo;\u00e9tendre les d\u00e9ductions pour les frais m\u00e9dicaux, le logement, ainsi que d&rsquo;autres d\u00e9ductions fiscales. Des recherches r\u00e9centes montrent que les salaires dans une m\u00e9tropole moyenne sont loin d&rsquo;\u00eatre bas par rapport au co\u00fbt de la vie. En partant \u00e9videmment du principe que les salaires en Chine diff\u00e8rent consid\u00e9rablement selon les provinces, que les salaires \u00e0 P\u00e9kin et Shanghai sont les plus \u00e9lev\u00e9s, et que le co\u00fbt de la vie &#8211; tout aussi diff\u00e9renci\u00e9 &#8211; est encore loin de celui de l&rsquo;Europe, m\u00eame si la distance diminue.<\/span><\/p>\n<p>&nbsp;<\/p>\n<p style=\"text-align: justify;\"><span style=\"font-family: times new roman, times, serif; font-size: 14pt;\">V\u00e9rifions les salaires d&rsquo;une m\u00e9tropole moyenne de l&rsquo;est du pays. Un ouvrier gagne 576 euros, un employ\u00e9 1088 euros, net. Son salaire comporte des d\u00e9ductions : fonds de pension 54 euros, assurance m\u00e9dicale 14 euros, ch\u00f4mage 2 euros, fonds de logement 34 euros. Son salaire brut est de 681, apr\u00e8s d\u00e9duction de ces d\u00e9ductions il est de 576.<\/span><\/p>\n<p>&nbsp;<\/p>\n<p style=\"text-align: justify;\"><span style=\"font-family: times new roman, times, serif; font-size: 14pt;\">De son c\u00f4t\u00e9, l&#8217;employeur verse au salari\u00e9 123 euros pour le fonds de pension, 61 euros pour l&rsquo;assurance m\u00e9dicale, 5 euros pour le ch\u00f4mage, 7 euros pour la maternit\u00e9 et 34 euros pour le fonds de logement, ainsi que deux euros pour l&rsquo;assurance accident. Nous avons mentionn\u00e9 que le gouvernement accorde des d\u00e9ductions fiscales pour le logement. En Chine, un travailleur peut utiliser en partie le fonds d&rsquo;aide au logement &#8211; pour lequel lui-m\u00eame et son employeur cotisent &#8211; pour payer son loyer. Dans une ville de taille moyenne, cela co\u00fbte 347 euros (si la maison est neuve), 111 euros pour une maison vieille de plusieurs ann\u00e9es.<\/span><\/p>\n<p>&nbsp;<\/p>\n<p style=\"text-align: justify;\"><span style=\"font-family: times new roman, times, serif; font-size: 14pt;\">Le Fonds pour le logement peut \u00eatre utilis\u00e9 par le travailleur \u00e0 100 % pour l&rsquo;achat d&rsquo;une maison (co\u00fbt moyen de 1.800 euros par m\u00e8tre carr\u00e9) ou, s&rsquo;il n&rsquo;est pas utilis\u00e9, il peut \u00eatre vers\u00e9 \u00e0 la fin de l&#8217;emploi comme indemnit\u00e9 de licenciement.\u00a0<\/span><\/p>\n<p>&nbsp;<\/p>\n<p style=\"text-align: justify;\"><span style=\"font-family: times new roman, times, serif; font-size: 14pt;\">En ce qui concerne le co\u00fbt de la vie, un bon d\u00eener dans un restaurant qui n&rsquo;est pas de luxe co\u00fbte 6,87 euros par personne. Les services m\u00e9nagers &#8211; eau, \u00e9lectricit\u00e9, gaz &#8211; repr\u00e9sentent 28 euros, un trajet en m\u00e9tro 0,69 euros.<\/span><\/p>\n<p>&nbsp;<\/p>\n<p style=\"text-align: justify;\"><span style=\"font-family: times new roman, times, serif; font-size: 14pt;\">Ces salaires se r\u00e9f\u00e8rent \u00e0 cinq jours de travail par semaine et n&rsquo;incluent pas les heures suppl\u00e9mentaires. La situation est diff\u00e9rente \u00e0 P\u00e9kin et \u00e0 Shanghai, o\u00f9 un ouvrier gagne 873 euros nets et un employ\u00e9 1.296. Dans la m\u00e9tropole moyenne, les salaires peuvent sembler bas, mais ils doivent \u00eatre compar\u00e9s au co\u00fbt de la vie.<\/span><\/p>\n<p>&nbsp;<\/p>\n<p style=\"text-align: justify;\"><span style=\"font-family: times new roman, times, serif; font-size: 14pt;\">La reflation salariale chinoise(1), qui a commenc\u00e9 il y a 20 ans et qui bat toujours son plein, a donc eu un fort effet sur la demande int\u00e9rieure, qui repr\u00e9sente d\u00e9sormais 70 % du PIB, et sur le bien-\u00eatre des Chinois, qui sont uniques au monde en ce qu&rsquo;ils ont la perspective, et c&rsquo;est ce qu&rsquo;ils pensent, d&rsquo;am\u00e9liorer de plus en plus leurs conditions de vie. Comme on peut le voir, dans le paquet de salaire, il y a toutes les institutions du bien-\u00eatre, seulement partiellement financ\u00e9es par les travailleurs, qui correspondent au faible co\u00fbt de la vie et aux d\u00e9penses des m\u00e9nages.<\/span><\/p>\n<p>&nbsp;<\/p>\n<p style=\"text-align: justify;\"><span style=\"font-family: times new roman, times, serif; font-size: 14pt;\">Entre le salaire direct et le salaire global de classe, garanti par le gouvernement \u2013 pensons aux logements sociaux \u00e0 prix r\u00e9duits ou \u00e0 la prise en charge de l&rsquo;assurance moyenne par les d\u00e9ductions \u2013 les salaires chinois affichent un niveau respectable. C&rsquo;est nous qui avons des salaires de famine, pas eux. L&rsquo;\u00e8re des salaires ultra-bas en Chine est r\u00e9volue depuis longtemps.<\/span><\/p>\n<p>&nbsp;<\/p>\n<p style=\"text-align: justify;\"><span style=\"font-family: times new roman, times, serif; font-size: 14pt;\">_______________<\/span><\/p>\n<p style=\"text-align: justify;\"><span style=\"font-family: times new roman, times, serif; font-size: 14pt;\">(1) <em>Par reflation il faut entendre la politique nationale des salaires visant \u00e0 augmenter les salaires plus vite que le PIB global.<\/em><\/span><\/p>\n<p style=\"text-align: justify;\"><span style=\"font-family: times new roman, times, serif; font-size: 14pt;\"><em>\u00a0<\/em><\/span><\/p>\n<p>&nbsp;<\/p>\n<p style=\"padding-left: 210px;\"><a href=\"http:\/\/blog.lesgrossesorchadeslesamplesthalameges.fr\/index.php\/les-salaires-chinois-si-seulement-nous-les-avions\/27-piano-contro-mercato\/\" rel=\"attachment wp-att-16226\"><img loading=\"lazy\" class=\"alignnone size-medium wp-image-16226\" src=\"http:\/\/blog.lesgrossesorchadeslesamplesthalameges.fr\/wp-content\/uploads\/2021\/12\/27.-Piano-contro-mercato-206x300.jpg\" alt=\"\" width=\"206\" height=\"300\" srcset=\"https:\/\/blog.lesgrossesorchadeslesamplesthalameges.fr\/wp-content\/uploads\/2021\/12\/27.-Piano-contro-mercato-206x300.jpg 206w, https:\/\/blog.lesgrossesorchadeslesamplesthalameges.fr\/wp-content\/uploads\/2021\/12\/27.-Piano-contro-mercato.jpg 300w\" sizes=\"(max-width: 206px) 100vw, 206px\" \/><\/a><\/p>\n<p style=\"text-align: justify; padding-left: 210px;\"><span style=\"font-family: times new roman, times, serif; font-size: 14pt;\">Pasquale Cicalese<\/span><\/p>\n<p style=\"text-align: justify; padding-left: 210px;\"><strong><span style=\"font-family: times new roman, times, serif; font-size: 18pt;\"><em>Piano contro mercato<\/em><\/span><\/strong><\/p>\n<p style=\"text-align: justify; padding-left: 210px;\"><span style=\"font-family: times new roman, times, serif; font-size: 14pt;\">Ed. L.A.D. Gruppo Editoriale ETS \u2013 2020<\/span><\/p>\n<p style=\"text-align: justify; padding-left: 210px;\"><span style=\"font-family: times new roman, times, serif; font-size: 14pt;\">En italien<\/span><\/p>\n<p style=\"text-align: justify; padding-left: 210px;\"><span style=\"font-family: times new roman, times, serif; font-size: 14pt;\">174 pages<\/span><\/p>\n<h3 style=\"text-align: justify; padding-left: 210px;\"><span style=\"font-family: times new roman, times, serif; font-size: 14pt;\">12 \u20ac (Kindle : 4,99 \u20ac)<\/span><\/h3>\n<p>&nbsp;<\/p>\n<p>&nbsp;<\/p>\n<p>&nbsp;<\/p>\n<p style=\"text-align: left;\"><span style=\"font-family: times new roman, times, serif; font-size: 14pt;\"><strong>URL de cet article<\/strong> : <a href=\"http:\/\/blog.lesgrossesorchadeslesamplesthalameges.fr\/index.php\/les-salaires-chinois-si-seulement-nous-les-avions\/\">http:\/\/blog.lesgrossesorchadeslesamplesthalameges.fr\/index.php\/les-salaires-chinois-si-seulement-nous-les-avions\/<\/a><\/span><\/p>\n<p>&nbsp;<\/p>\n<p>&nbsp;<\/p>\n<p style=\"text-align: center;\"><a href=\"http:\/\/blog.lesgrossesorchadeslesamplesthalameges.fr\/index.php\/2021\/12\/30\/si-vous-necoutez-pas-lavrov-vous-entendrez-choigou\/000-flute-player-silhouette-gif\/\" rel=\"attachment wp-att-16165\"><img loading=\"lazy\" class=\"alignnone size-full wp-image-16165\" src=\"http:\/\/blog.lesgrossesorchadeslesamplesthalameges.fr\/wp-content\/uploads\/2021\/12\/000.-Flute-player-silhouette-GIF.gif\" alt=\"\" width=\"80\" height=\"151\" \/><\/a><\/p>\n<p>&nbsp;<\/p>\n<p>&nbsp;<\/p>\n<p style=\"text-align: right;\"><span style=\"font-family: comic sans ms, sans-serif; font-size: 14pt;\">D\u00e9cembre 2021<\/span><\/p>\n<p>&nbsp;<\/p>\n<p>&nbsp;<\/p>\n","protected":false},"excerpt":{"rendered":"<p>&nbsp; &nbsp; &nbsp; &nbsp; &nbsp; &nbsp; &nbsp; &nbsp; &nbsp; &nbsp; Bulletin n\u00b0 456 \u2013 29.12.2021 \u00a0 &nbsp; La revue italienne en ligne Contropiano a publ\u00e9 le 26 D\u00e9cembre un article bien document\u00e9 de l\u2019\u00e9conomiste italien Pasquale Cicalese sur les salaires chinois, qui donne au passage quelques pr\u00e9cieuses indications sur la S\u00e9curit\u00e9 Sociale en R\u00e9publique Populaire&#8230;.<\/p>\n","protected":false},"author":1,"featured_media":0,"parent":0,"menu_order":0,"comment_status":"open","ping_status":"open","template":"","meta":[],"_links":{"self":[{"href":"https:\/\/blog.lesgrossesorchadeslesamplesthalameges.fr\/index.php\/wp-json\/wp\/v2\/pages\/16225"}],"collection":[{"href":"https:\/\/blog.lesgrossesorchadeslesamplesthalameges.fr\/index.php\/wp-json\/wp\/v2\/pages"}],"about":[{"href":"https:\/\/blog.lesgrossesorchadeslesamplesthalameges.fr\/index.php\/wp-json\/wp\/v2\/types\/page"}],"author":[{"embeddable":true,"href":"https:\/\/blog.lesgrossesorchadeslesamplesthalameges.fr\/index.php\/wp-json\/wp\/v2\/users\/1"}],"replies":[{"embeddable":true,"href":"https:\/\/blog.lesgrossesorchadeslesamplesthalameges.fr\/index.php\/wp-json\/wp\/v2\/comments?post=16225"}],"version-history":[{"count":9,"href":"https:\/\/blog.lesgrossesorchadeslesamplesthalameges.fr\/index.php\/wp-json\/wp\/v2\/pages\/16225\/revisions"}],"predecessor-version":[{"id":16235,"href":"https:\/\/blog.lesgrossesorchadeslesamplesthalameges.fr\/index.php\/wp-json\/wp\/v2\/pages\/16225\/revisions\/16235"}],"wp:attachment":[{"href":"https:\/\/blog.lesgrossesorchadeslesamplesthalameges.fr\/index.php\/wp-json\/wp\/v2\/media?parent=16225"}],"curies":[{"name":"wp","href":"https:\/\/api.w.org\/{rel}","templated":true}]}}