{"id":16237,"date":"2021-12-30T21:21:11","date_gmt":"2021-12-30T20:21:11","guid":{"rendered":"http:\/\/blog.lesgrossesorchadeslesamplesthalameges.fr\/?page_id=16237"},"modified":"2021-12-30T21:22:15","modified_gmt":"2021-12-30T20:22:15","slug":"liquidations-et-dissolutions-assainissement-de-la-situation-en-russie","status":"publish","type":"page","link":"https:\/\/blog.lesgrossesorchadeslesamplesthalameges.fr\/index.php\/liquidations-et-dissolutions-assainissement-de-la-situation-en-russie\/","title":{"rendered":"Liquidations et dissolutions : Assainissement de la situation en Russie\u2026"},"content":{"rendered":"<p>&nbsp;<\/p>\n<p>&nbsp;<\/p>\n<p>&nbsp;<\/p>\n<p>&nbsp;<\/p>\n<p>&nbsp;<\/p>\n<p>&nbsp;<\/p>\n<p>&nbsp;<\/p>\n<p>&nbsp;<\/p>\n<p>&nbsp;<\/p>\n<p style=\"text-align: center;\"><span style=\"font-family: times new roman, times, serif; font-size: 36pt;\"><strong>Liquidations et dissolutions : Assainissement de la situation en Russie\u2026 Enfin !<\/strong><\/span><\/p>\n<p>&nbsp;<\/p>\n<p>&nbsp;<\/p>\n<p style=\"text-align: center;\"><span style=\"font-family: times new roman, times, serif; font-size: 18pt;\"><strong>Boris Karpov \u2013 <em>RusReinfo<\/em> \u2013 29.12.2021<\/strong><\/span><\/p>\n<p style=\"text-align: justify;\"><span style=\"font-family: times new roman, times, serif; font-size: 14pt;\"><strong>\u00a0<\/strong><\/span><\/p>\n<p>&nbsp;<\/p>\n<p>&nbsp;<\/p>\n<p style=\"text-align: center;\"><a href=\"http:\/\/blog.lesgrossesorchadeslesamplesthalameges.fr\/index.php\/2021\/12\/30\/si-vous-necoutez-pas-lavrov-vous-entendrez-choigou\/11-karpov-gif\/\" rel=\"attachment wp-att-16170\"><img loading=\"lazy\" class=\"alignnone wp-image-16170\" src=\"http:\/\/blog.lesgrossesorchadeslesamplesthalameges.fr\/wp-content\/uploads\/2021\/12\/11.-Karpov-GIF-300x199.gif\" alt=\"\" width=\"400\" height=\"265\" \/><\/a><\/p>\n<p>&nbsp;<\/p>\n<p>&nbsp;<\/p>\n<p>&nbsp;<\/p>\n<p style=\"text-align: justify;\"><span style=\"font-family: tahoma, arial, helvetica, sans-serif; font-size: 14pt;\"><strong>La fermeture par le gouvernement de l\u2019association \u00ab\u00a0M\u00e9morial\u00a0\u00bb pr\u00e9tendant \u00ab\u00a0d\u00e9fendre les droits de l\u2019homme\u00a0\u00bb en Russie est un acte fort des autorit\u00e9s russes bien d\u00e9cid\u00e9es \u00e0 assainir le pays en liquidant les \u00e9l\u00e9ments toxiques financ\u00e9s par l\u2019\u00e9tranger.<\/strong><\/span><\/p>\n<p>&nbsp;<\/p>\n<p style=\"text-align: justify;\"><span style=\"font-family: times new roman, times, serif; font-size: 14pt;\">Ceci est dans le droit chemin du plan de Vladimir Poutine de se d\u00e9barrasser de cette 5\u00e8me colonne de \u00ab\u00a0lib\u00e9raux\u00a0\u00bb inf\u00e9od\u00e9s aux pays occidentaux.<\/span><\/p>\n<p>&nbsp;<\/p>\n<p>&nbsp;<\/p>\n<p>&nbsp;<\/p>\n<p style=\"text-align: center;\"><a href=\"http:\/\/blog.lesgrossesorchadeslesamplesthalameges.fr\/index.php\/liquidations-et-dissolutions-assainissement-de-la-situation-en-russie\/28-ours-et-5e-colonne\/\" rel=\"attachment wp-att-16238\"><img loading=\"lazy\" class=\"alignnone wp-image-16238 size-full\" src=\"http:\/\/blog.lesgrossesorchadeslesamplesthalameges.fr\/wp-content\/uploads\/2021\/12\/28.-Ours-et-5e-colonne.jpg\" alt=\"\" width=\"600\" height=\"255\" srcset=\"https:\/\/blog.lesgrossesorchadeslesamplesthalameges.fr\/wp-content\/uploads\/2021\/12\/28.-Ours-et-5e-colonne.jpg 600w, https:\/\/blog.lesgrossesorchadeslesamplesthalameges.fr\/wp-content\/uploads\/2021\/12\/28.-Ours-et-5e-colonne-300x128.jpg 300w\" sizes=\"(max-width: 600px) 100vw, 600px\" \/><\/a><\/p>\n<p>&nbsp;<\/p>\n<p>&nbsp;<\/p>\n<p>&nbsp;<\/p>\n<p style=\"text-align: justify;\"><span style=\"font-family: times new roman, times, serif; font-size: 14pt;\">On note \u00e9galement une recrudescence d\u2019accidents et de suicides d\u2019individus prenant leurs ordres \u00e0 Washington ou Bruxelles. La nature aide la Russie !\u2026<\/span><\/p>\n<p>&nbsp;<\/p>\n<p style=\"text-align: justify;\"><span style=\"font-family: times new roman, times, serif; font-size: 14pt;\">On note \u00e9galement la mise en avant de ceux qui, au sein du gouvernement russe et de l\u2019\u00c9glise, refusent la parano\u00efa autour du \u00ab\u00a0Covid\u00a0\u00bb : Suppression des mesures de contr\u00f4le d\u2019acc\u00e8s dans les lieux publics dans plusieurs r\u00e9gions les ayant mises en place, mise en retrait des hyst\u00e9riques en faveur de restrictions de masses qui jusqu\u2019alors menaient la danse, d\u00e9claration des autorit\u00e9s religieuses au sujet du Grand Reset et de son instrument le Covid, etc. etc.<\/span><\/p>\n<p>&nbsp;<\/p>\n<p style=\"text-align: justify;\"><span style=\"font-family: times new roman, times, serif; font-size: 14pt;\">Ceci n\u2019\u00e9chappe bien entendu pas aux globalistes qui activent une fois de plus leurs pions pour attaquer la Russie, coupable \u00e0 leurs yeux de refuser le \u00ab\u00a0Grand Reset\u00a0\u00bb. C\u2019est ainsi que le pion ukrainien est pouss\u00e9 en avant, dans le but \u00e9vident de faire r\u00e9agir la Russie qui sera alors pr\u00e9sent\u00e9e comme l\u2019agresseur.<\/span><\/p>\n<p>&nbsp;<\/p>\n<p style=\"text-align: justify;\"><span style=\"font-family: times new roman, times, serif; font-size: 14pt;\">Les semaines \u00e0 venir sont les plus dangereuses que le monde ait connues depuis bien longtemps, et nous terminons l\u2019ann\u00e9e avec ceci. Nous souhaitons aux Amis de la Russie de trouver la force pour surmonter les \u00e9preuves qui s\u2019annoncent, et aux autres de bien r\u00e9fl\u00e9chir avant de franchir nos lignes rouges. Il n\u2019y aura alors pas de retour en arri\u00e8re.<\/span><\/p>\n<p>&nbsp;<\/p>\n<p style=\"text-align: left;\"><span style=\"font-family: times new roman, times, serif; font-size: 14pt;\">Source\u00a0: <a href=\"https:\/\/rusreinfo.ru\/fr\/2021\/12\/liquidations-et-dissolutions-assainissement-de-la-situation-en-russie-enfin\/\">https:\/\/rusreinfo.ru\/fr\/2021\/12\/liquidations-et-dissolutions-assainissement-de-la-situation-en-russie-enfin\/<\/a><\/span><\/p>\n<p>&nbsp;<\/p>\n<p style=\"text-align: left;\"><span style=\"font-family: times new roman, times, serif; font-size: 14pt;\"><strong>URL de cet article\u00a0: <\/strong><a href=\"http:\/\/blog.lesgrossesorchadeslesamplesthalameges.fr\/index.php\/liquidations-et-dissolutions-assainissement-de-la-situation-en-russie\/\">http:\/\/blog.lesgrossesorchadeslesamplesthalameges.fr\/index.php\/liquidations-et-dissolutions-assainissement-de-la-situation-en-russie\/<\/a><strong><br \/>\n<\/strong><\/span><\/p>\n<p style=\"text-align: justify;\"><span style=\"font-family: times new roman, times, serif; font-size: 14pt;\"><strong>\u00a0<\/strong><\/span><\/p>\n<p><strong>\u00a0<\/strong><\/p>\n<p style=\"text-align: center;\"><strong>\u00a0<a href=\"http:\/\/blog.lesgrossesorchadeslesamplesthalameges.fr\/index.php\/2021\/12\/30\/si-vous-necoutez-pas-lavrov-vous-entendrez-choigou\/000-flute-player-silhouette-gif\/\" rel=\"attachment wp-att-16165\"><img loading=\"lazy\" class=\"alignnone size-full wp-image-16165\" src=\"http:\/\/blog.lesgrossesorchadeslesamplesthalameges.fr\/wp-content\/uploads\/2021\/12\/000.-Flute-player-silhouette-GIF.gif\" alt=\"\" width=\"80\" height=\"151\" \/><\/a><\/strong><\/p>\n<p><strong>\u00a0<\/strong><\/p>\n<p style=\"text-align: right;\"><span style=\"font-family: comic sans ms, sans-serif; font-size: 14pt;\">D\u00e9cembre 2021<\/span><\/p>\n<p>&nbsp;<\/p>\n<p>&nbsp;<\/p>\n","protected":false},"excerpt":{"rendered":"<p>&nbsp; &nbsp; &nbsp; &nbsp; &nbsp; &nbsp; &nbsp; &nbsp; &nbsp; Liquidations et dissolutions : Assainissement de la situation en Russie\u2026 Enfin ! &nbsp; &nbsp; Boris Karpov \u2013 RusReinfo \u2013 29.12.2021 \u00a0 &nbsp; &nbsp; &nbsp; &nbsp; &nbsp; La fermeture par le gouvernement de l\u2019association \u00ab\u00a0M\u00e9morial\u00a0\u00bb pr\u00e9tendant \u00ab\u00a0d\u00e9fendre les droits de l\u2019homme\u00a0\u00bb en Russie est un acte fort&#8230;<\/p>\n","protected":false},"author":1,"featured_media":0,"parent":0,"menu_order":0,"comment_status":"open","ping_status":"open","template":"","meta":[],"_links":{"self":[{"href":"https:\/\/blog.lesgrossesorchadeslesamplesthalameges.fr\/index.php\/wp-json\/wp\/v2\/pages\/16237"}],"collection":[{"href":"https:\/\/blog.lesgrossesorchadeslesamplesthalameges.fr\/index.php\/wp-json\/wp\/v2\/pages"}],"about":[{"href":"https:\/\/blog.lesgrossesorchadeslesamplesthalameges.fr\/index.php\/wp-json\/wp\/v2\/types\/page"}],"author":[{"embeddable":true,"href":"https:\/\/blog.lesgrossesorchadeslesamplesthalameges.fr\/index.php\/wp-json\/wp\/v2\/users\/1"}],"replies":[{"embeddable":true,"href":"https:\/\/blog.lesgrossesorchadeslesamplesthalameges.fr\/index.php\/wp-json\/wp\/v2\/comments?post=16237"}],"version-history":[{"count":8,"href":"https:\/\/blog.lesgrossesorchadeslesamplesthalameges.fr\/index.php\/wp-json\/wp\/v2\/pages\/16237\/revisions"}],"predecessor-version":[{"id":16246,"href":"https:\/\/blog.lesgrossesorchadeslesamplesthalameges.fr\/index.php\/wp-json\/wp\/v2\/pages\/16237\/revisions\/16246"}],"wp:attachment":[{"href":"https:\/\/blog.lesgrossesorchadeslesamplesthalameges.fr\/index.php\/wp-json\/wp\/v2\/media?parent=16237"}],"curies":[{"name":"wp","href":"https:\/\/api.w.org\/{rel}","templated":true}]}}