{"id":16248,"date":"2021-12-30T21:35:14","date_gmt":"2021-12-30T20:35:14","guid":{"rendered":"http:\/\/blog.lesgrossesorchadeslesamplesthalameges.fr\/?page_id=16248"},"modified":"2021-12-30T21:39:32","modified_gmt":"2021-12-30T20:39:32","slug":"16248-2","status":"publish","type":"page","link":"https:\/\/blog.lesgrossesorchadeslesamplesthalameges.fr\/index.php\/16248-2\/","title":{"rendered":"Le \u00ab IVe Reich \u00bb mondialiste revisit\u00e9"},"content":{"rendered":"<p>&nbsp;<\/p>\n<p>&nbsp;<\/p>\n<p>&nbsp;<\/p>\n<p>&nbsp;<\/p>\n<p>&nbsp;<\/p>\n<p>&nbsp;<\/p>\n<p>&nbsp;<\/p>\n<p>&nbsp;<\/p>\n<p style=\"text-align: center;\"><span style=\"font-family: times new roman, times, serif; font-size: 36pt;\"><strong>Le \u00ab\u00a0IVe Reich\u00a0\u00bb mondialiste revisit\u00e9<\/strong><\/span><\/p>\n<p>&nbsp;<\/p>\n<p>&nbsp;<\/p>\n<p style=\"text-align: center;\"><span style=\"font-family: times new roman, times, serif; font-size: 14pt;\"><strong><a href=\"http:\/\/blog.lesgrossesorchadeslesamplesthalameges.fr\/index.php\/2021\/12\/30\/si-vous-necoutez-pas-lavrov-vous-entendrez-choigou\/000-logo-duran\/\" rel=\"attachment wp-att-16198\"><img loading=\"lazy\" class=\"alignnone size-full wp-image-16198\" src=\"http:\/\/blog.lesgrossesorchadeslesamplesthalameges.fr\/wp-content\/uploads\/2021\/12\/000.-Logo-Duran.png\" alt=\"\" width=\"92\" height=\"92\" \/><\/a>Ste<\/strong><\/span><span style=\"font-size: 18pt;\"><strong>ve_brown<\/strong> <\/span><span style=\"font-size: 18pt;\"><strong>\u00a0\u2013 <em>TheDuran <\/em>\u2013\u00a0 25.12.2021<\/strong><\/span><\/p>\n<p>&nbsp;<\/p>\n<p style=\"text-align: center;\"><span style=\"font-family: times new roman, times, serif; font-size: 18pt;\">Traduction :<strong> c.l. <\/strong>pour<strong> <em>L.G.O.<\/em><\/strong><\/span><\/p>\n<p>&nbsp;<\/p>\n<p>&nbsp;<\/p>\n<p>&nbsp;<\/p>\n<p style=\"text-align: center;\"><span style=\"font-family: times new roman, times, serif; font-size: 14pt;\"><strong>\u00a0<a href=\"http:\/\/blog.lesgrossesorchadeslesamplesthalameges.fr\/index.php\/2021\/12\/30\/si-vous-necoutez-pas-lavrov-vous-entendrez-choigou\/12-more_blood_for_globalist_throne-1024x576\/\" rel=\"attachment wp-att-16171\"><img loading=\"lazy\" class=\"alignnone wp-image-16171\" src=\"http:\/\/blog.lesgrossesorchadeslesamplesthalameges.fr\/wp-content\/uploads\/2021\/12\/12.-More_Blood_For_Globalist_Throne-1024x576-300x169.jpg\" alt=\"\" width=\"500\" height=\"281\" srcset=\"https:\/\/blog.lesgrossesorchadeslesamplesthalameges.fr\/wp-content\/uploads\/2021\/12\/12.-More_Blood_For_Globalist_Throne-1024x576-300x169.jpg 300w, https:\/\/blog.lesgrossesorchadeslesamplesthalameges.fr\/wp-content\/uploads\/2021\/12\/12.-More_Blood_For_Globalist_Throne-1024x576-768x432.jpg 768w, https:\/\/blog.lesgrossesorchadeslesamplesthalameges.fr\/wp-content\/uploads\/2021\/12\/12.-More_Blood_For_Globalist_Throne-1024x576.jpg 800w\" sizes=\"(max-width: 500px) 100vw, 500px\" \/><\/a><\/strong><\/span><\/p>\n<p style=\"text-align: justify;\"><span style=\"font-family: times new roman, times, serif; font-size: 14pt;\"><strong>\u00a0<\/strong><\/span><\/p>\n<p>&nbsp;<\/p>\n<p>&nbsp;<\/p>\n<p style=\"text-align: justify;\"><span style=\"font-family: tahoma, arial, helvetica, sans-serif; font-size: 14pt;\"><strong>Apr\u00e8s la Seconde Guerre mondiale, il a fallu combler rapidement un vide de pouvoir pour permettre \u00e0 un monde qui venait d\u2019\u00eatre en guerre de retrouver la paix. \u00c0 la lumi\u00e8re des le\u00e7ons apprises, on a compris que la puissance militaire n&rsquo;\u00e9tait pas facultative pour l&rsquo;\u00c9tat \u2013 \u00e0 utiliser uniquement pour la d\u00e9fense \u2013 mais obligatoire pour maintenir le pouvoir, parfois de mani\u00e8re agressive. En d&rsquo;autres termes, le r\u00f4le militariste agressif de l&rsquo;\u00c9tat a \u00e9t\u00e9 donn\u00e9 apr\u00e8s la Seconde Guerre mondiale (avant cela, certains id\u00e9alistes influents pensaient que le monde pouvait \u00eatre en paix avec une concurrence repr\u00e9sent\u00e9e non pas par la guerre, mais par les \u00e9changes et le commerce, sans retour au mercantilisme, c&rsquo;est-\u00e0-dire \u00e0 l&rsquo;id\u00e9ologie mondialiste naissante).<\/strong><\/span><\/p>\n<p style=\"text-align: justify;\"><span style=\"font-family: times new roman, times, serif; font-size: 14pt;\"><strong>\u00a0<\/strong><\/span><\/p>\n<p style=\"text-align: justify;\"><span style=\"font-family: times new roman, times, serif; font-size: 14pt;\">\u00c0 cette \u00e9poque, les th\u00e9ories capitalistes sur le commerce pr\u00e9valaient \u00e0 l&rsquo;Ouest (teint\u00e9es d&rsquo;id\u00e9ologie socialiste sous la forme d&rsquo;un contr\u00f4le \u00e9tatique du capitalisme). \u00c0 l&rsquo;Est, une id\u00e9ologie socialiste plus radicale \u2013 peut-\u00eatre adapt\u00e9e \u00e0 la pens\u00e9e et \u00e0 l&rsquo;exp\u00e9rience orientales \u2013 favorisait la propri\u00e9t\u00e9 et le contr\u00f4le par l&rsquo;\u00c9tat de l&rsquo;ensemble de la production, ainsi que l&rsquo;\u00e9galit\u00e9 en mati\u00e8re de logement, d&rsquo;\u00e9ducation et de sant\u00e9, impos\u00e9e par l&rsquo;\u00c9tat. Ainsi, le capitalisme am\u00e9ricain, le capitalisme social europ\u00e9en et le communisme oriental sont devenus le triumvirat du pouvoir id\u00e9ologique apr\u00e8s la Seconde Guerre mondiale.<\/span><\/p>\n<p>&nbsp;<\/p>\n<p style=\"text-align: justify;\"><span style=\"font-family: times new roman, times, serif; font-size: 14pt;\">Des camps id\u00e9ologiques ont \u00e9t\u00e9 cr\u00e9\u00e9s de tous c\u00f4t\u00e9s, en concurrence. M\u00eame si la propri\u00e9t\u00e9 de la production par l&rsquo;\u00c9tat \u00e9tait anath\u00e8me dans (la plupart) des pays europ\u00e9ens et aux \u00c9tats-Unis, des \u00e9l\u00e9ments politiques puissants favorisaient en fait la pens\u00e9e socialiste radicale, surtout en Europe. Pendant ce temps, les \u00c9tats-Unis ressentaient le besoin de repousser toute id\u00e9ologie socialiste radicale et consid\u00e9raient les socialistes radicaux (communistes) en Asie (Russie-Chine) comme une menace existentielle pour les \u00c9tats-Unis.<\/span><\/p>\n<p>&nbsp;<\/p>\n<p style=\"text-align: justify;\"><span style=\"font-family: times new roman, times, serif; font-size: 14pt;\"><a href=\"https:\/\/spartacus-educational.com\/USAdullesA.htm\">Allen Dulles<\/a> savait que le IIIe Reich \u00e9tait bien plus qu&rsquo;une dictature exerc\u00e9e par un maniaque\u00a0: les r\u00e9v\u00e9lations du rapport de la Maison Rouge (1944) le lui disaient. Les r\u00e9v\u00e9lations du rapport de la Maison rouge (1944) le lui indiquaient. <a href=\"https:\/\/glwdocuments.wordpress.com\/1944\/11\/27\/the-red-house-report-07-nov-1944\/\">Dulles comprenait implicitement le rapport de la Maison rouge<\/a>, et les informations dont il avait connaissance allaient lui inspirer une version am\u00e9ricaine du corporatisme d&rsquo;IG Farben en tant que politique, une collusion de l&rsquo;\u00c9tat avec l&rsquo;industrie pour alimenter les entreprises occidentales et contrer la puissance russe. Allen Dulles avait des liens \u00e9troits avec les nazis, et beaucoup \u00e9taient ses amis personnels. Les efforts de Dulles ont permis de sauver un certain nombre de nazis de la d\u00e9tention et m\u00eame de l&rsquo;ex\u00e9cution. <a href=\"https:\/\/allthatsinteresting.com\/reinhard-gehlen\">Dulles et McCloy ont fait entrer le SS Gehlen \u00e0 la CIA<\/a> et ont tir\u00e9 un grand avantage de ses connaissances en mati\u00e8re de renseignement sur l&rsquo;Est (via Gehlen). De m\u00eame, la science nazie \u00e9tait bien plus avanc\u00e9e que ce que l&rsquo;histoire d\u00e9peint, et Dulles appr\u00e9ciait ce levier industriel. Si Dulles n&rsquo;\u00e9tait pas n\u00e9cessairement un nazi id\u00e9ologique lui-m\u00eame, le jury n&rsquo;a pas tranch\u00e9 sur ce point depuis de nombreuses ann\u00e9es.<\/span><\/p>\n<p>&nbsp;<\/p>\n<p style=\"text-align: justify;\"><span style=\"font-family: times new roman, times, serif; font-size: 14pt;\">N&rsquo;oubliez pas que la reddition allemande a \u00e9t\u00e9 assez \u00e9trange, puisque seule la Wehrmacht et l&rsquo;arm\u00e9e se sont rendues. Le nazi de haut rang (de l&rsquo;\u00e9poque) Karl D\u00f6nitz ne s&rsquo;est pas rendu. En effet, aucun officiel du parti nazi, quel que soit son rang, n&rsquo;a jamais sign\u00e9 de document de reddition ou de codicille officiel de capitulation, que ce soit \u00e0 Reims, \u00e0 Berlin ou ailleurs. Ce fut soit une gaffe, soit une bonne occasion pour Dulles, une b\u00e9ance dont Dulles pouvait tirer parti. D&rsquo;une certaine mani\u00e8re, Allen Dulles \u00e9tait un nouvel internationaliste, m\u00eame si ce n&rsquo;\u00e9tait pas de la mani\u00e8re dont on le con\u00e7oit habituellement.<\/span><\/p>\n<p>&nbsp;<\/p>\n<p style=\"text-align: justify;\"><span style=\"font-family: times new roman, times, serif; font-size: 14pt;\">En fin de compte, Dulles voyait qu&rsquo;une Europe unifi\u00e9e et align\u00e9e sur les \u00c9tats-Unis pourrait s&rsquo;opposer puissamment \u00e0 l&rsquo;influence communiste et orientale apr\u00e8s la guerre, avec pour objectif suppl\u00e9mentaire de vaincre et de soumettre la puissance orientale. Cet alignement fournit une base grossi\u00e8re pour le successeur du III\u00e8me Reich avec l&rsquo;aide de la BRI et du syst\u00e8me bancaire jusqu&rsquo;\u00e0 ce jour. En bref, le Quatri\u00e8me Reich mondialiste est une Europe politiquement unie, alli\u00e9e aux \u00c9tats-Unis, en forte opposition avec l&rsquo;Est&#8230; en fait, avec pour objectif de vaincre et de soumettre les puissances orientales sous domination occidentale. En d&rsquo;autres termes, pour la domination du monde. (Tout comme l&rsquo;esp\u00e9rait le IIIe Reich ; m\u00eame si la Grande-Bretagne et les \u00c9tats-Unis n\u2019y coop\u00e9raient pas \u00e0 l&rsquo;\u00e9poque !\u00a0 <em>[??? NdT]<\/em> )<\/span><\/p>\n<p>&nbsp;<\/p>\n<p style=\"text-align: justify;\"><span style=\"font-family: times new roman, times, serif; font-size: 14pt;\">Le jeu id\u00e9ologique est ici tr\u00e8s int\u00e9ressant, car l&rsquo;Occident n&rsquo;\u00e9tait pas universellement oppos\u00e9 au socialisme, au communisme ou \u00e0 la Chine, comme l&rsquo;a prouv\u00e9 Nixon en 1972. Certains \u00e9l\u00e9ments de la structure de pouvoir occidentale avaient adopt\u00e9 la pens\u00e9e socialiste*. Le premier discours d&rsquo;investiture de Roosevelt sur les \u00ab\u00a0royalistes \u00e9conomiques\u00a0\u00bb donne un aper\u00e7u puissant des id\u00e9aux socialistes, et indiquait que le gouvernement central interviendrait dans les activit\u00e9s bancaires et criminelles de Wall Street, chaque fois que cela serait dans l&rsquo;int\u00e9r\u00eat du gouvernement central. Rappelons \u00e9galement que certains th\u00e9oriciens pensaient que les puissances occidentales avaient favoris\u00e9 la chute du tsar et soutenu les bolcheviks, dans ce sc\u00e9nario original Est contre Ouest \/ Ouest contre Est. En r\u00e9sum\u00e9, la guerre id\u00e9ologique a \u00e9t\u00e9 men\u00e9e apr\u00e8s la Seconde Guerre mondiale, avec pour composantes essentielles l&rsquo;id\u00e9ologie capitaliste contre le dogme communiste, l&rsquo;id\u00e9e \u00e9tant de tester les th\u00e9ories du pouvoir et du contr\u00f4le militaristes et soci\u00e9taux.<\/span><\/p>\n<p>&nbsp;<\/p>\n<p style=\"text-align: justify;\"><span style=\"font-family: times new roman, times, serif; font-size: 14pt;\">Tandis que cette guerre se d\u00e9roulait sur de nombreuses ann\u00e9es, les id\u00e9ologues socialistes radicaux de l&rsquo;Ouest ont \u00e9t\u00e9 \u00e9clips\u00e9s par les internationalistes capitalistes, au moment o\u00f9 Wall Street et les puissances mon\u00e9taires occidentales dominaient le syst\u00e8me mon\u00e9taire mondial. Ceci a \u00e9t\u00e9 accompli, au fil des ans, en recrutant et en endettant la plupart des nations dans le syst\u00e8me du dollar am\u00e9ricain. De mani\u00e8re quelque peu anecdotique, au fur et \u00e0 mesure que l&rsquo;histoire se d\u00e9roulait, nous avons vu des id\u00e9ologues communistes comme Kim Philby, Donald Maclean et Guy Burgess s&rsquo;enfuir en Union sovi\u00e9tique, par exemple, et il y en avait beaucoup d&rsquo;autres. Joe McCarthy a pass\u00e9 sa vie \u00e0 vanter les m\u00e9rites du \u00ab\u00a0p\u00e9ril rouge\u00a0\u00bb et s&rsquo;en est bien sorti (financi\u00e8rement). En 1962, m\u00eame Lee Oswald \u00e9tait trop g\u00ean\u00e9 pour se dire communiste !<\/span><\/p>\n<p>&nbsp;<\/p>\n<p style=\"text-align: justify;\"><span style=\"font-family: times new roman, times, serif; font-size: 14pt;\">En d&rsquo;autres termes, Allen Dulles a correctement devin\u00e9, ou avec raison soup\u00e7onn\u00e9, que le \u00ab\u00a0capitalisme occidental\u00a0\u00bb \u00e9clipserait le communisme oriental, peut-\u00eatre en grande partie en raison de son temps et de son exp\u00e9rience avec les grandes banques, la R\u00e9serve f\u00e9d\u00e9rale et la Banque des R\u00e8glements Internationaux (la BRI, dans certains cercles, est encore appel\u00e9e \u00ab\u00a0la banque nazie\u00a0\u00bb aujourd&rsquo;hui). Au lieu de la Quatri\u00e8me Internationale, nous avons le Quatri\u00e8me Reich mondialiste que Dulles n&rsquo;a peut-\u00eatre pas compl\u00e8tement visualis\u00e9 \u00e0 l&rsquo;\u00e9poque, mais qu&rsquo;il a certainement rendu possible, le but ultime \u00e9tant de vaincre le bloc de l&rsquo;Est. Comme apr\u00e8s la Seconde Guerre mondiale&#8230; Cependant, Allen Dulles n&rsquo;a pas pleinement compris <em>[???NdT]<\/em> que les d\u00e9mocraties occidentales \u00e9taient manipul\u00e9es par ce qui restait du Troisi\u00e8me Reich pour assurer sa survie. Ce qui pr\u00e9c\u00e8de est un point tr\u00e8s important, qu&rsquo;aucun politologue (ou qui que ce soit d&rsquo;autre !) n&rsquo;abordera dans ce domaine de l&rsquo;histoire, obs\u00e9d\u00e9 par les faux dilemmes dualistes.<\/span><\/p>\n<p>&nbsp;<\/p>\n<p style=\"text-align: justify;\"><span style=\"font-family: times new roman, times, serif; font-size: 14pt;\">Pour abr\u00e9ger, en 1950, nous avons trois id\u00e9ologies avec des structures de pouvoir concurrentes : 1, les \u00ab\u00a0d\u00e9mocraties\u00a0\u00bb am\u00e9ricano-europ\u00e9ennes (ou ce qu&rsquo;elles \u00e9taient autrefois) 2, le fascisme totalitaire que nous appelons le nazisme et 3, le gouvernement communiste.\u00a0 Ce qui est universellement ignor\u00e9, non r\u00e9alis\u00e9, ou non appr\u00e9ci\u00e9, c&rsquo;est que les id\u00e9alistes du Troisi\u00e8me Reich qui ont surv\u00e9cu \u00e0 la guerre (et il y en a eu beaucoup !) travaillaient et manipulaient Dulles et McCloy etc. et non l&rsquo;inverse. Dans leur z\u00e8le nazi pour la domination mondiale \u2013 comme nous le voyons tous les jours, aujourd&rsquo;hui \u2013 les internationalistes nazis ont r\u00e9ussi \u00e0 accomplir le Quatri\u00e8me Reich mondialiste&#8230; en toute discr\u00e9tion et avec beaucoup de ruse.<\/span><\/p>\n<p>&nbsp;<\/p>\n<p style=\"text-align: justify;\"><span style=\"font-family: times new roman, times, serif; font-size: 14pt;\">Il est important de souligner que les \u00e9lites du Quatri\u00e8me Reich mondialiste n&rsquo;ont pas d&rsquo;Hitler &#8211; cela ne les int\u00e9resse pas. Les \u00e9lites du Quatri\u00e8me Reich n&rsquo;ont pas non plus de religion ou de croyance spirituelle. Elles ne sont pas ouvertement racistes ou antis\u00e9mites&#8230; De leur point de vue, la race, l&rsquo;honneur et tous les attributs d&rsquo;un nazi au pas de l&rsquo;oie sont absolument sans importance. En fin de compte, ces \u00e9lites sont les riches oligarques et ploutocrates occidentaux en costume d&rsquo;affaires, qui ne pensent qu&rsquo;en termes de pouvoir et de contr\u00f4le totalitaires&#8230; et ils consid\u00e8rent l&rsquo;Est comme une menace existentielle pour leur syst\u00e8me de contr\u00f4le et de gouvernance. Ils ont atteint le pouvoir en embrassant les id\u00e9aux totalitaires fascistes sur lesquels <a href=\"https:\/\/fr.wikipedia.org\/wiki\/Sheldon_Wolin\">Sheldon Wolin<\/a> a \u00e9galement \u00e9crit, qui sont d\u00e9crits comme l&rsquo;\u00c9tat totalitaire inverse des \u00c9tats-Unis.\u00a0 Pour couronner le tout, les grands m\u00e9dias occidentaux obscurcissent la question en pr\u00e9sentant le Quatri\u00e8me Reich comme un mouvement de supr\u00e9matie blanche, alors que le programme mondialiste occidental n&rsquo;a rien \u00e0 voir avec cela.<\/span><\/p>\n<p>&nbsp;<\/p>\n<p style=\"text-align: justify;\"><span style=\"font-family: times new roman, times, serif; font-size: 14pt;\">Notez que si ces id\u00e9ologues fascistes peuvent utiliser l&rsquo;id\u00e9ologie comme un outil, leur contr\u00f4le ultime ne repose pas sur une quelconque id\u00e9ologie, mais sur des moyens techniques, politiques, doctrinaires et propagandistes. En outre, leur fascisme d&rsquo;inspiration nazie recoupe le national-socialisme, en tant que moyen de contr\u00f4ler le capitalisme d&rsquo;\u00c9tat. Nous voyons cela incarn\u00e9 en partie par le syst\u00e8me bancaire et mon\u00e9taire pr\u00e9dateur et corrompu de Wall Street.<\/span><\/p>\n<p>&nbsp;<\/p>\n<p style=\"text-align: justify;\"><span style=\"font-family: times new roman, times, serif; font-size: 14pt;\">En bref, selon cette vision du monde quasi-Allen Dulles, la paix mondiale, le capitalisme bienveillant ou tout syst\u00e8me id\u00e9ologique ou mon\u00e9taire qui repr\u00e9sente un march\u00e9 libre r\u00e9ellement comp\u00e9titif \u2013 ou d&rsquo;ailleurs un syst\u00e8me capitaliste socialiste fonctionnel comme celui dont jouit la Chine \u2013 est l&rsquo;ennemi le plus acharn\u00e9 du Quatri\u00e8me Reich mondialiste. C&rsquo;est pourquoi &#8211; comme l&rsquo;a soulign\u00e9 le Dr Joseph Farrell dans son livre <em>The Third Way<\/em> &#8211; Sergue\u00ef Glazyev a d\u00e9clar\u00e9 en 2014 que \u00ab\u00a0les vrais nazis sont \u00e0 Washington\u00a0\u00bb. Bien s\u00fbr, tout ce qui pr\u00e9c\u00e8de est tr\u00e8s bien en th\u00e9orie&#8230; mais quelles preuves voyons-nous que le Quatri\u00e8me Reich mondialiste existe vraiment ? Eh bien, nous le voyons tous les jours.<\/span><\/p>\n<p>&nbsp;<\/p>\n<p style=\"text-align: justify;\"><span style=\"font-family: times new roman, times, serif; font-size: 14pt;\">L&rsquo;Occident n&rsquo;\u00e9prouve aucun int\u00e9r\u00eat pour la paix. Aucun dirigeant occidental ne parle jamais de la paix dans le monde : en aucune occasion ni en aucune circonstance. L&rsquo;Occident ne pense qu&rsquo;\u00e0 la guerre, \u00e0 la terreur, \u00e0 l&rsquo;horreur, \u00e0 la mort, \u00e0 la destruction et aux profits qui en d\u00e9coulent. Comment pouvons-nous le savoir ?\u00a0 Pas seulement par la destruction de la Yougoslavie ou de la Libye par l&rsquo;OTAN, ou par le fait que l&rsquo;OTAN existe tout simplement. Non, nous le savons parce que c&rsquo;est l&rsquo;id\u00e9ologie de l&rsquo;\u00e9tat de guerre qui nous est d\u00e9vers\u00e9e quotidiennement, jour apr\u00e8s jour, par les m\u00e9dias occidentaux et surtout par les \u00ab\u00a0leaders\u00a0\u00bb am\u00e9ricains.\u00a0 Depuis au moins vingt ans maintenant (mais bien plus en fait). C&rsquo;est pourquoi le pr\u00e9sident de la Russie l\u00e8ve les bras au ciel et se demande pourquoi l&rsquo;Occident est si fou &#8230;. comme il l&rsquo;a fait aujourd&rsquo;hui. Il doit se rendre compte que l&rsquo;intention des nazis d&rsquo;asservir l&rsquo;Est n&rsquo;a pas \u00e9t\u00e9 vaincue en 1945, ni \u00e0 aucun moment par la suite ; tout comme nous le voyons avec la promesse d&rsquo;agression occidentale contre la Chine, la Russie et l&rsquo;Iran aujourd&rsquo;hui.<\/span><\/p>\n<p>&nbsp;<\/p>\n<p style=\"text-align: justify;\"><span style=\"font-family: times new roman, times, serif; font-size: 14pt;\">Le pr\u00e9sident russe s&rsquo;adresse \u00e0 un journaliste de <em>Sky News<\/em> au sujet du \u00ab\u00a0Quatri\u00e8me Reich\u00a0\u00bb de l&rsquo;Occident :<\/span><\/p>\n<p style=\"text-align: center;\"><a href=\"http:\/\/blog.lesgrossesorchadeslesamplesthalameges.fr\/index.php\/2021\/12\/28\/barbaries-barbara\/000-vers-le-bas-fleche-rouge-gif-copie-3\/\" rel=\"attachment wp-att-16026\"><img loading=\"lazy\" class=\"alignnone size-full wp-image-16026\" src=\"http:\/\/blog.lesgrossesorchadeslesamplesthalameges.fr\/wp-content\/uploads\/2021\/12\/000.-vers-le-bas-fl\u00e8che-rouge-GIF-Copie-1.gif\" alt=\"\" width=\"100\" height=\"100\" \/><\/a><\/p>\n<p style=\"text-align: center;\"><strong><span style=\"font-family: times new roman, times, serif; font-size: 18pt;\">\u00a0<a href=\"https:\/\/www.bitchute.com\/video\/6t4tzngjeDgT\/\">https:\/\/www.bitchute.com\/video\/6t4tzngjeDgT\/<\/a><br \/>\n<\/span><\/strong><\/p>\n<p>&nbsp;<\/p>\n<p>&nbsp;<\/p>\n<p style=\"text-align: justify;\"><span style=\"font-family: times new roman, times, serif; font-size: 14pt;\">Les \u00c9tats-Unis ont sp\u00e9cifiquement reni\u00e9 leur promesse (verbale) de ne pas \u00e9tendre leur \u00e9tat de guerre de l&rsquo;OTAN vers l&rsquo;est, dans un mensonge typique du Troisi\u00e8me Reich \u2013 <a href=\"https:\/\/historyofyesterday.com\/hitler-and-stalins-alliance-at-the-beginning-of-wwii-cb905f2eda8e\">voir le Pacte Hitler-Staline<\/a> \u2013 le Quatri\u00e8me Reich occidental se contentant de mentir exactement de la m\u00eame mani\u00e8re aujourd&rsquo;hui. Mais une jolie chausse-trape sous les pieds du Quatri\u00e8me Reich de nos banquiers occidentaux, est qu\u2019il lui faut maintenant consid\u00e9rer que l&rsquo;alliance potentielle entre la Russie et la Chine complique \u00a0consid\u00e9rablement l&rsquo;objectif nazi am\u00e9ricain d&rsquo;asservir l&rsquo;Est. Il s&rsquo;agit l\u00e0 d&rsquo;un d\u00e9fi bien plus important que ne l&rsquo;imaginent les n\u00e9oconservateurs, les n\u00e9olib\u00e9raux et leurs partenaires du Quatri\u00e8me Reich \u00e0 Washington. Esp\u00e9rons-le\u00a0! Entretemps, l\u2019Am\u00e9rique du Nord, l&rsquo;Europe, l&rsquo;Arabie Saoudite et Isra\u00ebl continueront leur guerre nazie contre le monde&#8230;. sans que l&rsquo;on per\u00e7oive chez aucun d\u2019eux un seul mot sur la paix.<\/span><\/p>\n<p>&nbsp;<\/p>\n<p style=\"text-align: justify;\"><span style=\"font-family: times new roman, times, serif; font-size: 14pt;\">Il y a encore quelque chose d\u2019autre. On pr\u00e9tend que l&rsquo;URSS a perdu la guerre froide. C&rsquo;est vrai, mais les USA ne l&rsquo;ont pas vraiment gagn\u00e9e non plus&#8230; les \u00c9tats-Unis n&rsquo;ont tout simplement pas perdu la guerre froide aussi gravement que l&rsquo;Union Sovi\u00e9tique**. Et il s\u2019y ajoute une autre v\u00e9rit\u00e9. Les \u00c9tats-Unis n&rsquo;ont pas non plus vaincu les nazis. Que l&rsquo;Occident ait \u00e9t\u00e9 progressivement immerg\u00e9 dans cette id\u00e9ologie, est prouv\u00e9 au-del\u00e0 du n\u00e9cessaire par tout ce qui se passe aujourd\u2019hui. Il appartient maintenant \u00e0 la Chine et \u00e0 la Russie de les vaincre \u2013cette fois pour toujours.<\/span><\/p>\n<p>&nbsp;<\/p>\n<p style=\"text-align: justify;\"><span style=\"font-family: times new roman, times, serif; font-size: 14pt;\">______________\u00a0<\/span><\/p>\n<p style=\"text-align: justify;\"><span style=\"font-family: times new roman, times, serif; font-size: 14pt;\">* <em>Dans une certaine mesure par n\u00e9cessit\u00e9 (pour une autre fois)<\/em><\/span><\/p>\n<p style=\"text-align: justify;\"><span style=\"font-family: times new roman, times, serif; font-size: 14pt;\">** <em>Pour vous amuser un peu, lisez l&rsquo;histoire de l&rsquo;\u00eele de la Grande Diom\u00e8de (Reagan, Gorbatchev) sur wikipedia\u00a0: <\/em><\/span><span style=\"font-family: times new roman, times, serif; font-size: 14pt;\"><em>[ <\/em><a href=\"https:\/\/fr.wikipedia.org\/wiki\/%C3%8Eles_Diom%C3%A8de\"><em>https:\/\/fr.wikipedia.org\/wiki\/%C3%8Eles_Diom%C3%A8de<\/em><\/a><em> ]\u00a0 <\/em><\/span><\/p>\n<p>&nbsp;<\/p>\n<p><span style=\"font-family: times new roman, times, serif; font-size: 14pt;\">Source\u00a0: <\/span><a href=\"https:\/\/theduran.com\/globalist-fourth-reich-revisited\/?ml_subscriber=1848723510436828842&amp;ml_subscriber_hash=s4c5\"><span style=\"font-family: times new roman, times, serif; font-size: 14pt;\">https:\/\/theduran.com\/globalist-fourth-reich-revisited\/?ml_subscriber=1848723510436828842&amp;ml_subscriber_hash=s4c5<\/span><\/a><\/p>\n<p>&nbsp;<\/p>\n<p style=\"text-align: left;\"><strong><span style=\"font-size: 14pt;\">URL de cet article : <\/span><\/strong><a href=\"http:\/\/blog.lesgrossesorchadeslesamplesthalameges.fr\/index.php\/16248-2\/\"><span style=\"font-size: 14pt;\">http:\/\/blog.lesgrossesorchadeslesamplesthalameges.fr\/index.php\/16248-2\/<\/span><\/a><strong><span style=\"font-size: 14pt;\"><br \/>\n<\/span><\/strong><\/p>\n<p>&nbsp;<\/p>\n<p>&nbsp;<\/p>\n<p style=\"text-align: center;\"><a href=\"http:\/\/blog.lesgrossesorchadeslesamplesthalameges.fr\/index.php\/2021\/12\/30\/si-vous-necoutez-pas-lavrov-vous-entendrez-choigou\/000-flute-player-silhouette-gif\/\" rel=\"attachment wp-att-16165\"><img loading=\"lazy\" class=\"alignnone size-full wp-image-16165\" src=\"http:\/\/blog.lesgrossesorchadeslesamplesthalameges.fr\/wp-content\/uploads\/2021\/12\/000.-Flute-player-silhouette-GIF.gif\" alt=\"\" width=\"80\" height=\"151\" \/><\/a><\/p>\n<p>&nbsp;<\/p>\n<p>&nbsp;<\/p>\n<p style=\"text-align: right;\"><span style=\"font-family: comic sans ms, sans-serif; font-size: 14pt;\">D\u00e9cembre 2021<\/span><\/p>\n<p>&nbsp;<\/p>\n<p>&nbsp;<\/p>\n","protected":false},"excerpt":{"rendered":"<p>&nbsp; &nbsp; &nbsp; &nbsp; &nbsp; &nbsp; &nbsp; &nbsp; Le \u00ab\u00a0IVe Reich\u00a0\u00bb mondialiste revisit\u00e9 &nbsp; &nbsp; Steve_brown \u00a0\u2013 TheDuran \u2013\u00a0 25.12.2021 &nbsp; Traduction : c.l. pour L.G.O. &nbsp; &nbsp; &nbsp; \u00a0 \u00a0 &nbsp; &nbsp; Apr\u00e8s la Seconde Guerre mondiale, il a fallu combler rapidement un vide de pouvoir pour permettre \u00e0 un monde qui venait d\u2019\u00eatre&#8230;<\/p>\n","protected":false},"author":1,"featured_media":0,"parent":0,"menu_order":0,"comment_status":"open","ping_status":"open","template":"","meta":[],"_links":{"self":[{"href":"https:\/\/blog.lesgrossesorchadeslesamplesthalameges.fr\/index.php\/wp-json\/wp\/v2\/pages\/16248"}],"collection":[{"href":"https:\/\/blog.lesgrossesorchadeslesamplesthalameges.fr\/index.php\/wp-json\/wp\/v2\/pages"}],"about":[{"href":"https:\/\/blog.lesgrossesorchadeslesamplesthalameges.fr\/index.php\/wp-json\/wp\/v2\/types\/page"}],"author":[{"embeddable":true,"href":"https:\/\/blog.lesgrossesorchadeslesamplesthalameges.fr\/index.php\/wp-json\/wp\/v2\/users\/1"}],"replies":[{"embeddable":true,"href":"https:\/\/blog.lesgrossesorchadeslesamplesthalameges.fr\/index.php\/wp-json\/wp\/v2\/comments?post=16248"}],"version-history":[{"count":7,"href":"https:\/\/blog.lesgrossesorchadeslesamplesthalameges.fr\/index.php\/wp-json\/wp\/v2\/pages\/16248\/revisions"}],"predecessor-version":[{"id":16255,"href":"https:\/\/blog.lesgrossesorchadeslesamplesthalameges.fr\/index.php\/wp-json\/wp\/v2\/pages\/16248\/revisions\/16255"}],"wp:attachment":[{"href":"https:\/\/blog.lesgrossesorchadeslesamplesthalameges.fr\/index.php\/wp-json\/wp\/v2\/media?parent=16248"}],"curies":[{"name":"wp","href":"https:\/\/api.w.org\/{rel}","templated":true}]}}