{"id":1629,"date":"2019-01-13T23:23:14","date_gmt":"2019-01-13T22:23:14","guid":{"rendered":"http:\/\/blog.lesgrossesorchadeslesamplesthalameges.fr\/?page_id=1629"},"modified":"2019-01-14T00:41:44","modified_gmt":"2019-01-13T23:41:44","slug":"erdogan-a-trump","status":"publish","type":"page","link":"https:\/\/blog.lesgrossesorchadeslesamplesthalameges.fr\/index.php\/erdogan-a-trump\/","title":{"rendered":"Erdogan \u00e0 Trump :"},"content":{"rendered":"<p>&nbsp;<\/p>\n<p>&nbsp;<\/p>\n<p>&nbsp;<\/p>\n<p>&nbsp;<\/p>\n<p>&nbsp;<\/p>\n<p style=\"text-align: center;\"><span style=\"font-family: times new roman, times, serif; font-size: 36pt;\"><strong>Erdogan \u00e0 Trump : Quittez la Syrie avant que nous ne frappions<\/strong><\/span><\/p>\n<p>&nbsp;<\/p>\n<p style=\"text-align: center;\"><span style=\"font-family: times new roman, times, serif; font-size: 14pt;\"><span style=\"font-size: 18pt;\"><strong><u>Tyler Durden<\/u><\/strong><strong>\u00a0 \u2013 <em>Zero Hedge<\/em> \u2013<\/strong> <\/span>11.1.2019<\/span><\/p>\n<p>&nbsp;<\/p>\n<p style=\"text-align: center;\"><img loading=\"lazy\" class=\"alignnone wp-image-1608\" src=\"http:\/\/blog.lesgrossesorchadeslesamplesthalameges.fr\/wp-content\/uploads\/2019\/01\/Erdogan-and-Trump-call-300x180.jpg\" alt=\"\" width=\"600\" height=\"360\" srcset=\"https:\/\/blog.lesgrossesorchadeslesamplesthalameges.fr\/wp-content\/uploads\/2019\/01\/Erdogan-and-Trump-call-300x180.jpg 300w, https:\/\/blog.lesgrossesorchadeslesamplesthalameges.fr\/wp-content\/uploads\/2019\/01\/Erdogan-and-Trump-call.jpg 400w\" sizes=\"(max-width: 600px) 100vw, 600px\" \/><\/p>\n<p>&nbsp;<\/p>\n<p style=\"text-align: justify;\"><span style=\"font-family: times new roman, times, serif; font-size: 14pt;\">La Turquie a menac\u00e9 de frapper la milice YPG des Kurdes syriens, si les \u00c9tats-Unis diff\u00e8rent le retrait de leurs troupes de Syrie, selon <a href=\"https:\/\/www.theguardian.com\/world\/2019\/jan\/10\/turkey-says-it-will-launch-syria-offensive-if-us-delays-pullout?CMP=edit_2221\"><em>The Guardian<\/em><\/a><em>.<\/em><\/span><\/p>\n<p style=\"text-align: justify;\"><span style=\"font-family: times new roman, times, serif; font-size: 14pt;\"><strong><em>\u00ab\u00a0Si le retrait est report\u00e9, sous le pr\u00e9texte ridicule d\u2019un massacre des Kurdes par les Turcs qui ne refl\u00e8te en rien la r\u00e9alit\u00e9, nous passerons \u00e0 l\u2019offensive\u00a0\u00bb<\/em><\/strong> a dit le ministre des Affaires \u00e9trang\u00e8res Mevl\u00fct \u00c7avu\u015fo\u011flu, mena\u00e7ant ainsi de lancer une op\u00e9ration militaire dans la r\u00e9gion de Syrie contr\u00f4l\u00e9e par les Kurdes.<\/span><\/p>\n<p>&nbsp;<\/p>\n<p style=\"text-align: center;\"><img loading=\"lazy\" class=\"alignnone wp-image-1630\" src=\"http:\/\/blog.lesgrossesorchadeslesamplesthalameges.fr\/wp-content\/uploads\/2019\/01\/ERDOGAN-SYRIE-300x276.jpeg\" alt=\"\" width=\"500\" height=\"459\" srcset=\"https:\/\/blog.lesgrossesorchadeslesamplesthalameges.fr\/wp-content\/uploads\/2019\/01\/ERDOGAN-SYRIE-300x276.jpeg 300w, https:\/\/blog.lesgrossesorchadeslesamplesthalameges.fr\/wp-content\/uploads\/2019\/01\/ERDOGAN-SYRIE.jpeg 640w\" sizes=\"(max-width: 500px) 100vw, 500px\" \/><\/p>\n<p>&nbsp;<\/p>\n<p style=\"text-align: justify;\"><span style=\"font-family: times new roman, times, serif; font-size: 14pt;\">Parlant sur la cha\u00eene NTV, \u00c7avu\u015fo\u011flu a dit qu\u2019il n\u2019\u00e9tait pas r\u00e9aliste de s\u2019attendre \u00e0 ce que les \u00c9tats-Unis soient capables de r\u00e9cup\u00e9rer les armes qu\u2019ils ont donn\u00e9es \u00e0 l\u2019YPG, que le pr\u00e9sident turc Recep Tayyip Erdogan consid\u00e8re comme un groupe terroriste.<\/span><\/p>\n<p style=\"text-align: justify;\"><span style=\"font-family: times new roman, times, serif; font-size: 14pt;\"><strong>Les officiels turcs ont eu une rencontre tendue cette semaine \u00e0 Ankara avec le conseiller en s\u00e9curit\u00e9 nationale de Trump, John Bolton<\/strong>, rencontre dont le but \u00e9tait de coordonner le processus de retrait.<\/span><\/p>\n<p style=\"text-align: justify;\"><span style=\"font-family: times new roman, times, serif; font-size: 14pt;\">Erdogan, qui avait accueilli favorablement le plan de retrait,<strong> a accus\u00e9 Bolton d\u2019avoir commis \u00ab\u00a0une grave erreur\u00a0\u00bb en exigeant qu\u2019Ankara donne des assurances sur la s\u00e9curit\u00e9 des combattants kurdes pr\u00e9alablement au retrait de ses troupes par Washington.<\/strong><\/span><\/p>\n<p style=\"text-align: justify;\"><span style=\"font-family: times new roman, times, serif; font-size: 14pt;\">Le secr\u00e9taire d\u2019\u00c9tat Mike Pompeo, qui est en tourn\u00e9e dans la r\u00e9gion, a dit lui aussi mercredi que \u00a0la Turquie avait l\u2019obligation de prot\u00e9ger les alli\u00e9s kurdes de Washington, qui combattent l\u2019ISIS en Syrie. <a href=\"https:\/\/www.theguardian.com\/world\/2019\/jan\/10\/turkey-says-it-will-launch-syria-offensive-if-us-delays-pullout?CMP=edit_2221\"><em>The Guardian<\/em><\/a><\/span><\/p>\n<p style=\"text-align: justify;\"><span style=\"font-family: times new roman, times, serif; font-size: 14pt;\">Les \u00c9tats-Unis ont travaill\u00e9 en coop\u00e9ration \u00e9troite avec les Unit\u00e9s de Protection du Peuple Kurde (YPG), qu\u2019Ankara consid\u00e8re comme une \u00ab\u00a0branche terroriste\u00a0\u00bb du Parti des Travailleurs du Kurdistan (PKK), rapporte <em>The Guardian.<\/em> Le PKK est engag\u00e9 dans une lutte contre l\u2019\u00e9tat turc depuis 1984.<\/span><\/p>\n<p style=\"text-align: justify;\"><span style=\"font-family: times new roman, times, serif; font-size: 14pt;\"><strong><em>\u00ab\u00a0Nous sommes d\u00e9termin\u00e9s, sur le terrain et \u00e0 la table des n\u00e9gociations\u2026 Nous d\u00e9ciderons du moment et nous ne demanderons la permission de personne.\u00a0\u00bb<\/em><\/strong> a dit \u00c7avu\u015fo\u011flu, \u00e0 propos du plan de frappe, ajoutant que plusieurs fonctionnaires de l\u2019administration Trump avaient essay\u00e9 de le convaincre d\u2019abandonner son plan de retraite en invoquant des \u00ab\u00a0excuses\u00a0\u00bb du genre massacre des Kurdes par les Turcs, r\u00e9f\u00e9rence \u00e9vidente aux commentaires de Pompeo.<\/span><\/p>\n<p style=\"text-align: justify;\"><span style=\"font-family: times new roman, times, serif; font-size: 14pt;\">\u00c7avu\u015fo\u011flu a encore ajout\u00e9 que la Turquie combattrait l\u2019YPG, que les USA se retirent ou non de Syrie, et ajout\u00e9 que lui-m\u00eame et Pompeo se parleraient jeudi au t\u00e9l\u00e9phone.<\/span><\/p>\n<p style=\"text-align: justify;\"><span style=\"font-family: times new roman, times, serif; font-size: 14pt;\">Source : <a href=\"https:\/\/www.zerohedge.com\/news\/2019-01-10\/erdogan-trump-leave-syria-now-we-strike\">https:\/\/www.zerohedge.com\/news\/2019-01-10\/erdogan-trump-leave-syria-now-we-strike<\/a><\/span><\/p>\n<p>&nbsp;<\/p>\n<p style=\"text-align: right;\"><span style=\"font-family: times new roman, times, serif; font-size: 14pt;\">Traduction\u00a0: c.l. pour Les Grosses Orchades<\/span><\/p>\n<p>&nbsp;<\/p>\n<p>&nbsp;<\/p>\n<p style=\"text-align: center;\"><img loading=\"lazy\" class=\"alignnone size-full wp-image-1606\" src=\"http:\/\/blog.lesgrossesorchadeslesamplesthalameges.fr\/wp-content\/uploads\/2019\/01\/000.-russep-x-1.gif\" alt=\"\" width=\"50\" height=\"50\" \/><\/p>\n<p>&nbsp;<\/p>\n<p style=\"text-align: right;\"><span style=\"font-family: comic sans ms, sans-serif; font-size: 14pt;\">13 janvier 2019<\/span><\/p>\n<p>&nbsp;<\/p>\n<p>&nbsp;<\/p>\n","protected":false},"excerpt":{"rendered":"<p>&nbsp; &nbsp; &nbsp; &nbsp; &nbsp; Erdogan \u00e0 Trump : Quittez la Syrie avant que nous ne frappions &nbsp; Tyler Durden\u00a0 \u2013 Zero Hedge \u2013 11.1.2019 &nbsp; &nbsp; La Turquie a menac\u00e9 de frapper la milice YPG des Kurdes syriens, si les \u00c9tats-Unis diff\u00e8rent le retrait de leurs troupes de Syrie, selon The Guardian. \u00ab\u00a0Si le&#8230;<\/p>\n","protected":false},"author":1,"featured_media":0,"parent":0,"menu_order":0,"comment_status":"open","ping_status":"open","template":"","meta":[],"_links":{"self":[{"href":"https:\/\/blog.lesgrossesorchadeslesamplesthalameges.fr\/index.php\/wp-json\/wp\/v2\/pages\/1629"}],"collection":[{"href":"https:\/\/blog.lesgrossesorchadeslesamplesthalameges.fr\/index.php\/wp-json\/wp\/v2\/pages"}],"about":[{"href":"https:\/\/blog.lesgrossesorchadeslesamplesthalameges.fr\/index.php\/wp-json\/wp\/v2\/types\/page"}],"author":[{"embeddable":true,"href":"https:\/\/blog.lesgrossesorchadeslesamplesthalameges.fr\/index.php\/wp-json\/wp\/v2\/users\/1"}],"replies":[{"embeddable":true,"href":"https:\/\/blog.lesgrossesorchadeslesamplesthalameges.fr\/index.php\/wp-json\/wp\/v2\/comments?post=1629"}],"version-history":[{"count":0,"href":"https:\/\/blog.lesgrossesorchadeslesamplesthalameges.fr\/index.php\/wp-json\/wp\/v2\/pages\/1629\/revisions"}],"wp:attachment":[{"href":"https:\/\/blog.lesgrossesorchadeslesamplesthalameges.fr\/index.php\/wp-json\/wp\/v2\/media?parent=1629"}],"curies":[{"name":"wp","href":"https:\/\/api.w.org\/{rel}","templated":true}]}}