{"id":16314,"date":"2022-01-04T00:14:57","date_gmt":"2022-01-03T23:14:57","guid":{"rendered":"http:\/\/blog.lesgrossesorchadeslesamplesthalameges.fr\/?page_id=16314"},"modified":"2022-01-04T00:15:50","modified_gmt":"2022-01-03T23:15:50","slug":"16314-2","status":"publish","type":"page","link":"https:\/\/blog.lesgrossesorchadeslesamplesthalameges.fr\/index.php\/16314-2\/","title":{"rendered":""},"content":{"rendered":"<p>&nbsp;<\/p>\n<p>&nbsp;<\/p>\n<p>&nbsp;<\/p>\n<p>&nbsp;<\/p>\n<p>&nbsp;<\/p>\n<p>&nbsp;<\/p>\n<p>&nbsp;<\/p>\n<p>&nbsp;<\/p>\n<p style=\"text-align: center;\"><span style=\"font-family: times new roman, times, serif; font-size: 34pt;\"><strong>Comment les unipolaires vont-ils r\u00e9agir \u00e0 la ligne rouge de Poutine ? Une table ronde d&rsquo;experts<\/strong><\/span><\/p>\n<h2 style=\"text-align: center;\"><\/h2>\n<p>&nbsp;<\/p>\n<p>&nbsp;<\/p>\n<p style=\"text-align: center;\"><span style=\"font-family: times new roman, times, serif; font-size: 18pt;\"><em><strong>Matthew Ehret \u2013 <\/strong><\/em><em><strong>CovertAction Magazine<\/strong><\/em><em><strong> \u2013 1.1.2022<\/strong><\/em><\/span><\/p>\n<p style=\"text-align: center;\"><span style=\"font-family: times new roman, times, serif; font-size: 14pt;\"><strong>\u00a0<\/strong><\/span><\/p>\n<p>&nbsp;<\/p>\n<p>&nbsp;<\/p>\n<p style=\"text-align: center;\"><span style=\"font-family: times new roman, times, serif; font-size: 14pt;\"><strong>\u00a0<a href=\"http:\/\/blog.lesgrossesorchadeslesamplesthalameges.fr\/index.php\/2022\/01\/03\/bonnes-resolutions-du-1er-de-lan\/16-soldats-russes\/\" rel=\"attachment wp-att-16286\"><img loading=\"lazy\" class=\"alignnone wp-image-16286 size-full\" src=\"http:\/\/blog.lesgrossesorchadeslesamplesthalameges.fr\/wp-content\/uploads\/2022\/01\/16.-Soldats-russes.jpg\" alt=\"\" width=\"600\" height=\"400\" srcset=\"https:\/\/blog.lesgrossesorchadeslesamplesthalameges.fr\/wp-content\/uploads\/2022\/01\/16.-Soldats-russes.jpg 600w, https:\/\/blog.lesgrossesorchadeslesamplesthalameges.fr\/wp-content\/uploads\/2022\/01\/16.-Soldats-russes-300x200.jpg 300w\" sizes=\"(max-width: 600px) 100vw, 600px\" \/><\/a><\/strong><\/span><\/p>\n<p>&nbsp;<\/p>\n<p>&nbsp;<\/p>\n<p>&nbsp;<\/p>\n<p style=\"text-align: justify;\"><span style=\"font-family: times new roman, times, serif; font-size: 14pt;\"><strong><span style=\"font-family: tahoma, arial, helvetica, sans-serif;\">Alors que les tensions montent en fl\u00e8che en Ukraine et que Poutine a annonc\u00e9 des lignes rouges concernant une fr\u00e9n\u00e9sie insens\u00e9e d&rsquo;absorption de l&rsquo;Ukraine par l&rsquo;OTAN, le Dr Edward Lozansky, pr\u00e9sident de l&rsquo;Universit\u00e9 am\u00e9ricaine de Moscou, a organis\u00e9 une table ronde r\u00e9unissant huit experts qui ont donn\u00e9 leur avis sur les causes, la trajectoire et les solutions du d\u00e9sordre g\u00e9opolitique actuel. [&#8230;<\/span>]<\/strong><\/span><\/p>\n<p>&nbsp;<\/p>\n<p>&nbsp;<\/p>\n<p style=\"text-align: justify;\"><span style=\"font-family: times new roman, times, serif; font-size: 18pt; color: #c00000;\"><strong><em>Les participants \u00e9taient :<\/em><\/strong><\/span><\/p>\n<p style=\"text-align: justify;\"><span style=\"font-family: times new roman, times, serif; font-size: 14pt;\"><strong><em>\u00a0<\/em><\/strong><\/span><\/p>\n<h2 style=\"text-align: justify; padding-left: 90px;\"><span style=\"font-family: times new roman, times, serif; font-size: 14pt;\"><strong>Martin Sieff : \u00ab\u00a0La situation est d\u00e9sesp\u00e9r\u00e9e mais pas s\u00e9rieuse\u00a0\u00bb.<\/strong><\/span><\/h2>\n<h2 style=\"text-align: justify; padding-left: 90px;\"><span style=\"font-family: times new roman, times, serif; font-size: 14pt;\"><strong>Glenn Diesen : <\/strong>S\u00e9curit\u00e9 indivisible contre h\u00e9g\u00e9monie unipolaire de l&rsquo;OTAN.<\/span><\/h2>\n<h2 style=\"text-align: justify; padding-left: 90px;\"><span style=\"font-family: times new roman, times, serif; font-size: 14pt;\"><strong>Peter Kuznick : Comment faire confiance \u00e0 ceux qui ne sont pas dignes de confiance ?<\/strong><\/span><\/h2>\n<h2 style=\"text-align: justify; padding-left: 90px;\"><span style=\"font-family: times new roman, times, serif; font-size: 14pt;\"><strong>Matthew Ehret : La sup\u00e9riorit\u00e9 de l\u2019Alliance Multipolaire.<\/strong><\/span><\/h2>\n<h2 style=\"text-align: justify; padding-left: 90px;\"><span style=\"font-family: times new roman, times, serif; font-size: 14pt;\"><strong>Alex Krainer : Surveillez les ma\u00eetres du jeu, pas les marionnettes.<\/strong><\/span><\/h2>\n<h2 style=\"text-align: justify; padding-left: 90px;\"><span style=\"font-family: times new roman, times, serif; font-size: 14pt;\"><strong>Jeremy Kuzmarov : La crise du MICIMATT et la perte de la raison.<\/strong><\/span><\/h2>\n<h2 style=\"text-align: justify; padding-left: 90px;\"><span style=\"font-family: times new roman, times, serif; font-size: 14pt;\"><strong>Mila Melnichuk : Perceptions et r\u00e9alit\u00e9.<\/strong><\/span><\/h2>\n<h2 style=\"text-align: justify; padding-left: 90px;\"><span style=\"font-family: times new roman, times, serif; font-size: 14pt;\"><strong>Jim Jatras : Il est temps de prier.<\/strong><\/span><\/h2>\n<h2 style=\"text-align: justify; padding-left: 90px;\"><span style=\"font-family: times new roman, times, serif; font-size: 14pt;\"><strong>Addendum : Contribution \u00e9crite \u00e0 la table ronde par le professeur Herbert Reginbogin de l&rsquo;Universit\u00e9 catholique d&rsquo;Am\u00e9rique.<\/strong><\/span><\/h2>\n<h2 style=\"text-align: justify;\"><\/h2>\n<p>&nbsp;<\/p>\n<p>&nbsp;<\/p>\n<p style=\"text-align: center;\"><strong><em><a href=\"http:\/\/blog.lesgrossesorchadeslesamplesthalameges.fr\/index.php\/2022\/01\/03\/bonnes-resolutions-du-1er-de-lan\/000-dangerous-times-6\/\" rel=\"attachment wp-att-16270\"><img loading=\"lazy\" class=\"alignnone size-full wp-image-16270\" src=\"http:\/\/blog.lesgrossesorchadeslesamplesthalameges.fr\/wp-content\/uploads\/2022\/01\/000.-dangerous-times.gif\" alt=\"\" width=\"70\" height=\"63\" \/><\/a><\/em><\/strong><\/p>\n<p>&nbsp;<\/p>\n<p>&nbsp;<\/p>\n<p style=\"text-align: justify;\"><span style=\"font-family: times new roman, times, serif; font-size: 18pt; color: #c00000;\"><strong><em>De cette tr\u00e8s copieuse table ronde, nous avons extrait pour vous les contributions d\u2019Alex Krainer et de Jeremy Kuzmarov<\/em><\/strong><\/span><\/p>\n<p style=\"text-align: justify;\"><span style=\"font-family: times new roman, times, serif; font-size: 14pt;\"><strong><em>\u00a0<\/em><\/strong><\/span><\/p>\n<p style=\"text-align: justify;\"><span style=\"font-family: times new roman, times, serif; font-size: 14pt;\"><strong><em>\u00a0<\/em><\/strong><\/span><\/p>\n<p style=\"text-align: center;\"><span style=\"font-family: times new roman, times, serif; font-size: 28pt;\"><strong>Surveillez les ma\u00eetres du jeu, pas les marionnettes<\/strong><\/span><\/p>\n<p style=\"text-align: center;\"><span style=\"font-family: times new roman, times, serif; font-size: 14pt;\"><strong>\u00a0<\/strong><\/span><\/p>\n<p style=\"text-align: center;\"><span style=\"font-family: times new roman, times, serif; font-size: 18pt;\"><strong>Alex Krainer<\/strong><\/span><\/p>\n<p style=\"text-align: center;\"><span style=\"font-family: times new roman, times, serif; font-size: 14pt;\"><strong>\u00a0<\/strong><\/span><\/p>\n<p style=\"text-align: justify;\"><span style=\"font-family: times new roman, times, serif; font-size: 14pt;\"><strong><em>\u00a0<\/em><\/strong><\/span><\/p>\n<p style=\"text-align: center;\"><span style=\"font-family: times new roman, times, serif; font-size: 14pt;\"><strong><em>\u00a0<a href=\"http:\/\/blog.lesgrossesorchadeslesamplesthalameges.fr\/index.php\/16314-2\/29-krainer-1\/\" rel=\"attachment wp-att-16316\"><img loading=\"lazy\" class=\"alignnone wp-image-16316 size-full\" src=\"http:\/\/blog.lesgrossesorchadeslesamplesthalameges.fr\/wp-content\/uploads\/2022\/01\/29.-Krainer-1.jpg\" alt=\"\" width=\"500\" height=\"349\" srcset=\"https:\/\/blog.lesgrossesorchadeslesamplesthalameges.fr\/wp-content\/uploads\/2022\/01\/29.-Krainer-1.jpg 500w, https:\/\/blog.lesgrossesorchadeslesamplesthalameges.fr\/wp-content\/uploads\/2022\/01\/29.-Krainer-1-300x209.jpg 300w\" sizes=\"(max-width: 500px) 100vw, 500px\" \/><\/a><\/em><\/strong><\/span><\/p>\n<p style=\"text-align: justify;\"><span style=\"font-family: times new roman, times, serif; font-size: 14pt;\"><strong><em>\u00a0<\/em><\/strong><\/span><\/p>\n<p>&nbsp;<\/p>\n<p style=\"text-align: justify;\"><span style=\"font-family: times new roman, times, serif; font-size: 14pt;\">Alex Krainer a commenc\u00e9 sa pr\u00e9sentation en avertissant que la folie omnipr\u00e9sente dans l&rsquo;ordre lib\u00e9ral occidental est surtout celle des marionnettes, mais qu&rsquo;\u00e0 un niveau plus \u00e9lev\u00e9 (c&rsquo;est-\u00e0-dire l\u00e0 o\u00f9 la politique importante est faite au-dessus des gouvernements nationaux fantoches par un cartel bancaire et des \u00e9lites financi\u00e8res), il y a une rime et une raison tr\u00e8s claires qui animent la strat\u00e9gie mondiale. Cette strat\u00e9gie est dans la coulisse des efforts incessants d\u00e9ploy\u00e9s pour provoquer une r\u00e9action violente de la Russie et de la Chine en Ukraine et \u00e0 Taiwan.<\/span><\/p>\n<p>&nbsp;<\/p>\n<p style=\"text-align: justify;\"><span style=\"font-family: times new roman, times, serif; font-size: 14pt;\">Krainer a de nouveau soulign\u00e9 qu&rsquo;\u00e0 ce niveau sup\u00e9rieur (l\u00e0 o\u00f9 se rejoignent les affaires bancaires, l\u2019espionnage et les affaires militaires), la logique froide et dure de l&#8217;empire se dresse comme une barre d\u2019acier tremp\u00e9, d\u00e9pourvue d&rsquo;humilit\u00e9, de flexibilit\u00e9 ou de moralit\u00e9. Ce syst\u00e8me est sans rel\u00e2che anim\u00e9 par la volont\u00e9 d&rsquo;\u00e9liminer les rivaux, exclut toute possibilit\u00e9 de coop\u00e9ration avec quiconque, ne recherche que la domination et exerce un vaste contr\u00f4le sur les c\u00f4t\u00e9s nominalement \u00ab\u00a0droit\u00a0\u00bb et \u00ab\u00a0gauche\u00a0\u00bb des syst\u00e8mes de partis en Occident.<\/span><\/p>\n<p>&nbsp;<\/p>\n<p style=\"text-align: justify;\"><span style=\"font-family: times new roman, times, serif; font-size: 14pt;\">C&rsquo;est pourquoi Krainer pense qu&rsquo;aucune solution \u00e0 la crise d&rsquo;aujourd&rsquo;hui ne peut \u00eatre trouv\u00e9e au sein des forces politiques actuellement aux affaires dans les gouvernements occidentaux. Et puisqu&rsquo;aucun changement qualitatif n&rsquo;est possible dans les conditions actuelles, Alex pense que la d\u00e9cision de Poutine, de se maintenir fermement et r\u00e9solument sur une ligne rouge et une liste d&rsquo;exigences bien claires, cr\u00e9e le type de pression ext\u00e9rieure dont le syst\u00e8me occidental en faillite a besoin, vu qu\u2019il ne peut pas \u00eatre chang\u00e9 de l&rsquo;int\u00e9rieur.<\/span><\/p>\n<p>&nbsp;<\/p>\n<p style=\"text-align: justify;\"><span style=\"font-family: times new roman, times, serif; font-size: 14pt;\">On esp\u00e8re que la nouvelle strat\u00e9gie de Poutine fera sortir de l\u2019ombre les fanatiques occidentaux les plus d\u00e9traqu\u00e9s, pour qu\u2019ils deviennent enfin visibles au grand jour, ce qui pourrait \u00e9ventuellement permettre que des fissures entre \u00e9l\u00e9ments radicaux et mod\u00e9r\u00e9s de l&rsquo;establishment politique permettent \u00e0 ceux-ci de se polariser, et provoquent des batailles politiques qui n\u2019auraient aucune chance de se produire autrement. En tant qu&rsquo;\u00e9conomiste, Krainer a insist\u00e9 sur le fait que les cartels financiers occidentaux sont actuellement affam\u00e9s de garanties apr\u00e8s s&rsquo;\u00eatre surendett\u00e9s pendant des d\u00e9cennies dans une fr\u00e9n\u00e9sie sp\u00e9culative bas\u00e9e sur la dette, sans aucun r\u00e9el syst\u00e8me de valeur pour soutenir les taux de croissance hyperboliques d\u2019un capital fictif. C&rsquo;est ce qui explique leur d\u00e9sir si violent de prendre le contr\u00f4le du collat\u00e9ral eurasien, \u00e9tant donn\u00e9 le niveau de la dette russe : le taux d&rsquo;endettement de la Russie, par rapport \u00e0 son PIB, n&rsquo;est que de 16 %, alors qu&rsquo;il est de plus de 180 % pour les \u00c9tats-Unis, o\u00f9 la totalit\u00e9 du PIB est requise pour amorcer un autre cycle de cr\u00e9ation de cr\u00e9dit.<\/span><\/p>\n<p style=\"text-align: justify;\"><span style=\"font-family: times new roman, times, serif; font-size: 14pt;\"><strong><em>\u00a0<\/em><\/strong><\/span><\/p>\n<p>&nbsp;<\/p>\n<p>&nbsp;<\/p>\n<p style=\"text-align: center;\"><a href=\"http:\/\/blog.lesgrossesorchadeslesamplesthalameges.fr\/index.php\/16314-2\/30-krainer-2\/\" rel=\"attachment wp-att-16317\"><img loading=\"lazy\" class=\"alignnone wp-image-16317 size-full\" src=\"http:\/\/blog.lesgrossesorchadeslesamplesthalameges.fr\/wp-content\/uploads\/2022\/01\/30.-Krainer-2.jpg\" alt=\"\" width=\"600\" height=\"360\" srcset=\"https:\/\/blog.lesgrossesorchadeslesamplesthalameges.fr\/wp-content\/uploads\/2022\/01\/30.-Krainer-2.jpg 600w, https:\/\/blog.lesgrossesorchadeslesamplesthalameges.fr\/wp-content\/uploads\/2022\/01\/30.-Krainer-2-300x180.jpg 300w\" sizes=\"(max-width: 600px) 100vw, 600px\" \/><\/a><\/p>\n<p style=\"text-align: center;\"><span style=\"font-family: times new roman, times, serif; font-size: 14pt;\">[Source: <a href=\"https:\/\/www.learningfromchina.net\/why-china-wont-suffer-a-western-type-financial-crisis\/\">learningfromchina.net<\/a>]<\/span><\/p>\n<p style=\"text-align: justify;\"><span style=\"font-family: times new roman, times, serif; font-size: 14pt;\"><strong><em>\u00a0<\/em><\/strong><\/span><\/p>\n<p>&nbsp;<\/p>\n<p style=\"text-align: justify;\"><span style=\"font-family: times new roman, times, serif; font-size: 14pt;\"><strong><em>\u00a0<\/em><\/strong><\/span><\/p>\n<p style=\"text-align: center;\"><span style=\"font-family: times new roman, times, serif; font-size: 14pt;\"><strong><em>\u00a0<a href=\"http:\/\/blog.lesgrossesorchadeslesamplesthalameges.fr\/index.php\/2022\/01\/03\/bonnes-resolutions-du-1er-de-lan\/000-dangerous-times-6\/\" rel=\"attachment wp-att-16270\"><img loading=\"lazy\" class=\"alignnone size-full wp-image-16270\" src=\"http:\/\/blog.lesgrossesorchadeslesamplesthalameges.fr\/wp-content\/uploads\/2022\/01\/000.-dangerous-times.gif\" alt=\"\" width=\"70\" height=\"63\" \/><\/a><\/em><\/strong><\/span><\/p>\n<p style=\"text-align: justify;\"><span style=\"font-family: times new roman, times, serif; font-size: 14pt;\"><strong><em>\u00a0<\/em><\/strong><\/span><\/p>\n<p style=\"text-align: justify;\"><span style=\"font-family: times new roman, times, serif; font-size: 14pt;\"><strong><em>\u00a0<\/em><\/strong><\/span><\/p>\n<p style=\"text-align: center;\"><span style=\"font-family: times new roman, times, serif; font-size: 28pt;\"><strong>La crise du MICIMAT et la perte de la raison<\/strong><\/span><span style=\"font-family: times new roman, times, serif; font-size: 14pt;\"><em>\u00a0<\/em><\/span><\/p>\n<h2 style=\"text-align: center;\"><span style=\"font-family: times new roman, times, serif; font-size: 14pt;\"><strong>\u00a0<\/strong><\/span><\/h2>\n<h2 style=\"text-align: center;\"><span style=\"font-family: times new roman, times, serif; font-size: 18pt;\"><strong>Jeremy Kuzmarov<\/strong><\/span><\/h2>\n<h2 style=\"text-align: justify;\"><span style=\"font-family: times new roman, times, serif; font-size: 14pt;\"><strong>\u00a0<\/strong><\/span><\/h2>\n<p style=\"text-align: justify;\"><span style=\"font-family: times new roman, times, serif; font-size: 14pt;\">Jeremy Kuzmarov a soulign\u00e9 une fois encore l&rsquo;importance qu\u2019il y a \u00e0 ne pas perdre de vue les agendas cach\u00e9s qui op\u00e8rent par-dessus les marionnettes qu\u2019on voit gesticuler sur le devant de la sc\u00e8ne. Il a notamment \u00e9voqu\u00e9 le r\u00f4le du complexe militaro-industriel, qui avait un besoin si d\u00e9sesp\u00e9r\u00e9 de quelque nouveau m\u00e9chant apr\u00e8s la d\u00e9b\u00e2cle afghane, d&rsquo;o\u00f9 la n\u00e9cessit\u00e9 de claironner \u00e0 tous vents la \u00ab\u00a0menace russe\u00a0\u00bb pour justifier le budget de d\u00e9fense record r\u00e9clam\u00e9 \u00e0 la fois par Biden et par le Congr\u00e8s. M. Kuzmarov a aussi mis en garde contre la vaste chape de silence et d\u2019obscurit\u00e9 jet\u00e9e par les m\u00e9dias et par l\u2019universit\u00e9 sur les voix dissidentes qui s&rsquo;opposent \u00e0 la politique de guerre actuelle. Il a ainsi \u00e9voqu\u00e9 le cas de l&rsquo;ancien analyste de la CIA Ray McGovern, compl\u00e8tement r\u00e9duit au silence par les m\u00e9dias dominants, en d\u00e9pit de son illustre carri\u00e8re de conseiller des pr\u00e9sidents pendant des d\u00e9cennies.<\/span><\/p>\n<p>&nbsp;<\/p>\n<p>&nbsp;<\/p>\n<p>&nbsp;<\/p>\n<p style=\"text-align: center;\"><a href=\"http:\/\/blog.lesgrossesorchadeslesamplesthalameges.fr\/index.php\/16314-2\/31-mcgovern\/\" rel=\"attachment wp-att-16318\"><img loading=\"lazy\" class=\"alignnone wp-image-16318 size-full\" src=\"http:\/\/blog.lesgrossesorchadeslesamplesthalameges.fr\/wp-content\/uploads\/2022\/01\/31.-McGovern.jpg\" alt=\"\" width=\"700\" height=\"257\" srcset=\"https:\/\/blog.lesgrossesorchadeslesamplesthalameges.fr\/wp-content\/uploads\/2022\/01\/31.-McGovern.jpg 700w, https:\/\/blog.lesgrossesorchadeslesamplesthalameges.fr\/wp-content\/uploads\/2022\/01\/31.-McGovern-300x110.jpg 300w\" sizes=\"(max-width: 700px) 100vw, 700px\" \/><\/a><\/p>\n<p style=\"text-align: center;\"><span style=\"font-family: times new roman, times, serif; font-size: 12pt;\"><strong><em>Ray McGovern : Une voix de bon sens et de v\u00e9rit\u00e9 qui a \u00e9t\u00e9 r\u00e9duite au silence. <\/em><\/strong>[Source: <a href=\"https:\/\/covertactionmagazine.com\/2021\/11\/05\/ray-mcgovern-the-man-who-got-russiagate-right-and-tried-to-warn-the-public-to-no-avail\/\">covertactionmagazine.com<\/a>]<\/span><\/p>\n<p>&nbsp;<\/p>\n<p style=\"text-align: justify;\"><span style=\"font-family: times new roman, times, serif; font-size: 14pt;\"><strong><em>\u00a0<\/em><\/strong><\/span><\/p>\n<p>&nbsp;<\/p>\n<p style=\"text-align: justify;\"><span style=\"font-family: times new roman, times, serif; font-size: 14pt;\">Kuzmarov a fait r\u00e9f\u00e9rence au terme MICIMATT (<em>Military-Industrial-Corporate-Intelligence-Media-Academic-Think-Tank Complex<\/em>) de McGovern comme une mutation moderne qui a parasit\u00e9 toutes les branches influentes de la soci\u00e9t\u00e9, ce qui fait que m\u00eame les soi-disant lib\u00e9raux progressistes comme Bernie Sanders et Alexandria Ocasio-Cortez soutiennent sans ciller des mesures de guerre contre la Russie, et promeuvent \u00e0 l\u2019int\u00e9rieur des programmes totalitaires.<\/span><\/p>\n<p>&nbsp;<\/p>\n<p>&nbsp;<\/p>\n<p>&nbsp;<\/p>\n<p style=\"text-align: center;\"><a href=\"http:\/\/blog.lesgrossesorchadeslesamplesthalameges.fr\/index.php\/16314-2\/32-sanders-aoc\/\" rel=\"attachment wp-att-16319\"><img loading=\"lazy\" class=\"alignnone wp-image-16319 size-full\" src=\"http:\/\/blog.lesgrossesorchadeslesamplesthalameges.fr\/wp-content\/uploads\/2022\/01\/32.-Sanders-AOC.jpg\" alt=\"\" width=\"600\" height=\"337\" srcset=\"https:\/\/blog.lesgrossesorchadeslesamplesthalameges.fr\/wp-content\/uploads\/2022\/01\/32.-Sanders-AOC.jpg 600w, https:\/\/blog.lesgrossesorchadeslesamplesthalameges.fr\/wp-content\/uploads\/2022\/01\/32.-Sanders-AOC-300x169.jpg 300w\" sizes=\"(max-width: 600px) 100vw, 600px\" \/><\/a><\/p>\n<p style=\"text-align: center;\"><span style=\"font-family: times new roman, times, serif; font-size: 12pt;\"><strong><em>Bernie et AOC apparaissent comme les faux r\u00e9volutionnaires et progressistes qu\u2019ils sont, quand on consid\u00e8re leurs positions sur la Russie, l&rsquo;Ukraine, l&rsquo;OTAN et la nouvelle guerre froide.<\/em><\/strong> [Source: <a href=\"https:\/\/abcnews.go.com\/Politics\/sen-bernie-sanders-expected-endorsed-rep-alexandria-ocasio\/story?id=66389489\">abcnews.go.com<\/a>]<\/span><\/p>\n<p>&nbsp;<\/p>\n<p>&nbsp;<\/p>\n<p><span style=\"font-family: times new roman, times, serif; font-size: 14pt;\">Source\u00a0: <a href=\"https:\/\/covertactionmagazine.com\/2022\/01\/01\/how-will-unipolarists-respond-to-putins-red-line-an-expert-round-table-discussion\/\">https:\/\/covertactionmagazine.com\/2022\/01\/01\/how-will-unipolarists-respond-to-putins-red-line-an-expert-round-table-discussion\/<\/a><\/span><\/p>\n<p style=\"text-align: justify;\"><span style=\"font-family: times new roman, times, serif; font-size: 14pt;\"><strong>\u00a0<\/strong><\/span><\/p>\n<p style=\"text-align: left;\"><span style=\"font-family: times new roman, times, serif; font-size: 14pt;\"><strong>URL de cet article\u00a0:<\/strong> <a href=\"http:\/\/blog.lesgrossesorchadeslesamplesthalameges.fr\/index.php\/16314-2\/\">http:\/\/blog.lesgrossesorchadeslesamplesthalameges.fr\/index.php\/16314-2\/<\/a><strong><br \/>\n<\/strong><\/span><\/p>\n<p>&nbsp;<\/p>\n<p>&nbsp;<\/p>\n<p style=\"text-align: center;\"><a href=\"http:\/\/blog.lesgrossesorchadeslesamplesthalameges.fr\/index.php\/2022\/01\/03\/bonnes-resolutions-du-1er-de-lan\/000-dangerous-times-6\/\" rel=\"attachment wp-att-16270\"><img loading=\"lazy\" class=\"alignnone size-full wp-image-16270\" src=\"http:\/\/blog.lesgrossesorchadeslesamplesthalameges.fr\/wp-content\/uploads\/2022\/01\/000.-dangerous-times.gif\" alt=\"\" width=\"70\" height=\"63\" \/><\/a><\/p>\n<p><strong><em>\u00a0<\/em><\/strong><\/p>\n<p><strong><em>\u00a0<\/em><\/strong><\/p>\n<p style=\"text-align: right;\"><span style=\"font-family: comic sans ms, sans-serif; font-size: 14pt;\">Janvier 2022<\/span><\/p>\n<p>&nbsp;<\/p>\n<p>&nbsp;<\/p>\n<p>&nbsp;<\/p>\n","protected":false},"excerpt":{"rendered":"<p>&nbsp; &nbsp; &nbsp; &nbsp; &nbsp; &nbsp; &nbsp; &nbsp; Comment les unipolaires vont-ils r\u00e9agir \u00e0 la ligne rouge de Poutine ? Une table ronde d&rsquo;experts &nbsp; &nbsp; Matthew Ehret \u2013 CovertAction Magazine \u2013 1.1.2022 \u00a0 &nbsp; &nbsp; \u00a0 &nbsp; &nbsp; &nbsp; Alors que les tensions montent en fl\u00e8che en Ukraine et que Poutine a annonc\u00e9 des&#8230;<\/p>\n","protected":false},"author":1,"featured_media":0,"parent":0,"menu_order":0,"comment_status":"open","ping_status":"open","template":"","meta":[],"_links":{"self":[{"href":"https:\/\/blog.lesgrossesorchadeslesamplesthalameges.fr\/index.php\/wp-json\/wp\/v2\/pages\/16314"}],"collection":[{"href":"https:\/\/blog.lesgrossesorchadeslesamplesthalameges.fr\/index.php\/wp-json\/wp\/v2\/pages"}],"about":[{"href":"https:\/\/blog.lesgrossesorchadeslesamplesthalameges.fr\/index.php\/wp-json\/wp\/v2\/types\/page"}],"author":[{"embeddable":true,"href":"https:\/\/blog.lesgrossesorchadeslesamplesthalameges.fr\/index.php\/wp-json\/wp\/v2\/users\/1"}],"replies":[{"embeddable":true,"href":"https:\/\/blog.lesgrossesorchadeslesamplesthalameges.fr\/index.php\/wp-json\/wp\/v2\/comments?post=16314"}],"version-history":[{"count":10,"href":"https:\/\/blog.lesgrossesorchadeslesamplesthalameges.fr\/index.php\/wp-json\/wp\/v2\/pages\/16314\/revisions"}],"predecessor-version":[{"id":16328,"href":"https:\/\/blog.lesgrossesorchadeslesamplesthalameges.fr\/index.php\/wp-json\/wp\/v2\/pages\/16314\/revisions\/16328"}],"wp:attachment":[{"href":"https:\/\/blog.lesgrossesorchadeslesamplesthalameges.fr\/index.php\/wp-json\/wp\/v2\/media?parent=16314"}],"curies":[{"name":"wp","href":"https:\/\/api.w.org\/{rel}","templated":true}]}}