{"id":1632,"date":"2019-01-13T23:24:37","date_gmt":"2019-01-13T22:24:37","guid":{"rendered":"http:\/\/blog.lesgrossesorchadeslesamplesthalameges.fr\/?page_id=1632"},"modified":"2019-01-14T00:39:10","modified_gmt":"2019-01-13T23:39:10","slug":"nous-ne-prenons-pas-nos-ordres-de-bolton","status":"publish","type":"page","link":"https:\/\/blog.lesgrossesorchadeslesamplesthalameges.fr\/index.php\/nous-ne-prenons-pas-nos-ordres-de-bolton\/","title":{"rendered":"\u00abNous ne prenons pas nos ordres de Bolton\u00bb"},"content":{"rendered":"<p>&nbsp;<\/p>\n<p>&nbsp;<\/p>\n<p>&nbsp;<\/p>\n<p>&nbsp;<\/p>\n<p>&nbsp;<\/p>\n<p style=\"text-align: center;\"><span style=\"font-family: times new roman, times, serif; font-size: 36pt;\"><strong>\u00ab\u00a0Nous ne prenons pas nos ordres de Bolton\u00a0\u00bb : Le retrait des troupes US de Syrie a commenc\u00e9<\/strong><\/span><\/p>\n<p>&nbsp;<\/p>\n<p style=\"text-align: center;\"><span style=\"font-family: times new roman, times, serif; font-size: 14pt;\"><a href=\"https:\/\/www.zerohedge.com\/users\/tyler-durden\"><strong><span style=\"font-size: 18pt;\">Tyler Durden<\/span><\/strong><\/a> <strong><span style=\"font-size: 18pt;\">\u2013 <em>Zero Hedge<\/em> \u2013<\/span> <\/strong>11.1.2019<\/span><\/p>\n<p>&nbsp;<\/p>\n<p style=\"text-align: center;\"><img loading=\"lazy\" class=\"alignnone wp-image-1609\" src=\"http:\/\/blog.lesgrossesorchadeslesamplesthalameges.fr\/wp-content\/uploads\/2019\/01\/BOLTON-1-300x180.jpg\" alt=\"\" width=\"600\" height=\"360\" srcset=\"https:\/\/blog.lesgrossesorchadeslesamplesthalameges.fr\/wp-content\/uploads\/2019\/01\/BOLTON-1-300x180.jpg 300w, https:\/\/blog.lesgrossesorchadeslesamplesthalameges.fr\/wp-content\/uploads\/2019\/01\/BOLTON-1-768x461.jpg 768w, https:\/\/blog.lesgrossesorchadeslesamplesthalameges.fr\/wp-content\/uploads\/2019\/01\/BOLTON-1.jpg 800w\" sizes=\"(max-width: 600px) 100vw, 600px\" \/><\/p>\n<p style=\"text-align: justify;\"><span style=\"font-family: times new roman, times, serif; font-size: 14pt;\"><strong>\u00a0<\/strong><\/span><\/p>\n<p style=\"text-align: justify;\"><span style=\"font-family: times new roman, times, serif; font-size: 14pt;\">Contrairement aux assurances donn\u00e9es par le conseiller en s\u00e9curit\u00e9 nationale de Trump, le n\u00e9ocon John Bolton, et par le secr\u00e9taire d\u2019\u00c9tat Mike Pompeo, qui avaient laiss\u00e9 entendre au d\u00e9but de la semaine que les troupes US allaient rester en Syrie pour quelque temps encore, l\u2019<a href=\"https:\/\/www.apnews.com\/89288a2b8f274eb7897733078960df56\">Associated Press<\/a> a rapport\u00e9 vendredi que les USA ont commenc\u00e9 le processus de retrait des 2.000 soldats qui stationnaient dans le nord-est de la Syrie.\u00a0\u00a0\u00a0\u00a0<\/span><\/p>\n<p style=\"text-align: justify;\"><span style=\"font-family: times new roman, times, serif; font-size: 14pt;\">Citant des informations re\u00e7ues d\u2019activistes de l\u2019Observatoire Syrien pour les Droits de l\u2019Homme, le retrait officiel a commenc\u00e9 jeudi soir, heure locale. Un convoi de dix v\u00e9hicules blind\u00e9s et de quelques camions a quitt\u00e9 la ville de Rmeilan en direction de l\u2019Irak. Le colonel Sean Ryan,\u00a0 porte-parole de la coalition qui combat l\u2019\u00c9tat Islamique a confirm\u00e9\u00a0ult\u00e9rieurement que les USA avaient entam\u00e9 \u00ab\u00a0le processus de notre retrait d\u00e9lib\u00e9r\u00e9 de Syrie\u00a0\u00bb.<\/span><\/p>\n<p>&nbsp;<\/p>\n<p><img loading=\"lazy\" class=\"aligncenter wp-image-1633\" src=\"http:\/\/blog.lesgrossesorchadeslesamplesthalameges.fr\/wp-content\/uploads\/2019\/01\/BOLTON-1-1-300x181.jpg\" alt=\"\" width=\"600\" height=\"362\" srcset=\"https:\/\/blog.lesgrossesorchadeslesamplesthalameges.fr\/wp-content\/uploads\/2019\/01\/BOLTON-1-1-300x181.jpg 300w, https:\/\/blog.lesgrossesorchadeslesamplesthalameges.fr\/wp-content\/uploads\/2019\/01\/BOLTON-1-1-768x463.jpg 768w, https:\/\/blog.lesgrossesorchadeslesamplesthalameges.fr\/wp-content\/uploads\/2019\/01\/BOLTON-1-1.jpg 890w\" sizes=\"(max-width: 600px) 100vw, 600px\" \/><\/p>\n<p>&nbsp;<\/p>\n<p style=\"text-align: justify;\"><span style=\"font-family: times new roman, times, serif; font-size: 14pt;\">L\u2019abrupte d\u00e9cision de Trump le mois dernier, d\u2019ordonner le retrait des troupes de Syrie avait rendu furieux l\u2019ex-secr\u00e9taire \u00e0 la D\u00e9fense James Mattis, qui avait aussit\u00f4t d\u00e9missionn\u00e9 et qui attisait les craintes que l\u2019abandon, des Kurdes par Trump conduirait \u00e0 leur massacre par les forces turques, lesquelles ont jur\u00e9 de prendre le relais dans la lutte contre l\u2019ISIS en Syrie.<\/span><\/p>\n<p style=\"text-align: justify;\"><span style=\"font-family: times new roman, times, serif; font-size: 14pt;\"><strong>\u00ab\u00a0Il y a des gens qui se sont battus avec nous, et il est important que nous fassions tout ce que nous pouvons pour garantir que ces gens qui se sont battus avec nous soient prot\u00e9g\u00e9s \u00bb<\/strong> a dit Pompeo, parlant des Kurdes, lors d\u2019une visite qu\u2019il a faite \u00e0 Irbil, capitale de la r\u00e9gion semi-autonome du Kurdistan irakien, apr\u00e8s des n\u00e9gociations auxquelles il venait de participer \u00e0 Bagdad.<\/span><\/p>\n<p style=\"text-align: justify;\"><span style=\"font-family: times new roman, times, serif; font-size: 14pt;\">Apr\u00e8s avoir lanc\u00e9 une campagne de frappes a\u00e9riennes contre ISIS en 2014, le pr\u00e9sident Obama avait d\u00e9ploy\u00e9 des troupes au sol l\u2019ann\u00e9e suivante, pour \u00ab\u00a0combattre ISIS\u00a0\u00bb qui, \u00e0 l\u2019\u00e9poque, contr\u00f4lait de vastes morceaux du nord-est de la Syrie. Depuis lors, le groupe, battu, a recul\u00e9 partout au point de ne plus contr\u00f4ler que 1% de son territoire d\u2019alors.<\/span><\/p>\n<p style=\"text-align: justify;\"><span style=\"font-family: times new roman, times, serif; font-size: 14pt;\">Au d\u00e9part, Trump avait dit que le retrait serait l\u2019affaire de quelques semaines, mais ces plans se sont obscurcis quand le Pentagone a exig\u00e9 quatre mois pour compl\u00e9ter l\u2019op\u00e9ration. Hier au soir, cependant, le <a href=\"https:\/\/www.wsj.com\/articles\/u-s-military-prepares-for-syria-pullout-amid-uncertainty-11547156824\"><em>Wall Street Journal<\/em><\/a> a annonc\u00e9 que le retrait allait commencer imm\u00e9diatement.<\/span><\/p>\n<p style=\"text-align: justify;\"><span style=\"font-family: times new roman, times, serif; font-size: 14pt;\">Des soldats de terrain en grand nombre se dirigent vers la Syrie pour aider les forces US \u00e0 en sortir, et un groupe de vaisseaux conduit par le navire d\u2019assaut amphibie USS Kearsarge se dirige vers la r\u00e9gion pour soutenir les troupes au moment vuln\u00e9rable o\u00f9 elles quittent le pays, d\u00e9clarent les porte-parole officiels. Le Kearsarge transporte des centaines de marines, des h\u00e9licopt\u00e8res et des avions.<\/span><\/p>\n<p style=\"text-align: justify;\"><span style=\"font-family: times new roman, times, serif; font-size: 14pt;\"><strong><em>\u00ab\u00a0Rien n\u2019a chang\u00e9\u00a0\u00bb<\/em><\/strong> a dit un fonctionnaire de la D\u00e9fense, <strong><em>\u00ab\u00a0Nous ne prenons pas nos ordres de Bolton.\u00a0\u00bb<\/em><\/strong><\/span><\/p>\n<p style=\"text-align: justify;\"><span style=\"font-family: times new roman, times, serif; font-size: 14pt;\">Pour tenir compte des changements de plans, l\u2019arm\u00e9e va organiser [d\u00e9barquer\u00a0? ndt] les hommes et les \u00e9quipements n\u00e9cessaires \u00e0 la possibilit\u00e9 d\u2019un retrait, plut\u00f4t que d\u00e9m\u00e9nager purement et simplement les troupes. Des forces charg\u00e9es d\u2019aider \u00e0 la possibilit\u00e9 d\u2019un retrait sont d\u00e9j\u00e0 pr\u00e9sentes, dans des endroits comme le Koweit et la base a\u00e9rienne d\u2019al-Asad en Irak occidental.<\/span><\/p>\n<p style=\"text-align: justify;\"><span style=\"font-family: times new roman, times, serif; font-size: 14pt;\">Apr\u00e8s avoir exprim\u00e9 son immense d\u00e9plaisir de la reculade US sur ses plans de retraite, le Premier ministre turc Recep Tayip Erdogan \u2013qui est all\u00e9 r\u00e9cemment jusqu\u2019\u00e0 menacer les USA \u00e0 propos de leur intention de s\u2019attarder en Syrie \u2013 sera certainement content d\u2019apprendre ces nouvelles.<\/span><\/p>\n<p style=\"text-align: justify;\"><span style=\"font-family: times new roman, times, serif; font-size: 14pt;\">.<\/span><\/p>\n<p style=\"text-align: left;\"><span style=\"font-family: times new roman, times, serif; font-size: 14pt;\">Source : <a href=\"https:\/\/www.zerohedge.com\/news\/2019-01-11\/we-dont-take-orders-bolton-us-withdrawal-syria-begins\">https:\/\/www.zerohedge.com\/news\/2019-01-11\/we-dont-take-orders-bolton-us-withdrawal-syria-begins<\/a><\/span><\/p>\n<p style=\"text-align: right;\"><span style=\"font-family: times new roman, times, serif; font-size: 14pt;\">Traduction\u00a0: c.l. pour Les Grosses Orchades<\/span><\/p>\n<p>&nbsp;<\/p>\n<p style=\"text-align: justify;\"><span style=\"font-family: times new roman, times, serif; font-size: 14pt; color: #c00000;\"><strong><em>Forces de soutien \u00e0 la retraite ou renforts ?\u2026<\/em><\/strong><\/span><\/p>\n<p>&nbsp;<\/p>\n<p>&nbsp;<\/p>\n<p style=\"text-align: center;\"><span style=\"font-family: times new roman, times, serif; font-size: 14pt;\"><strong><em>\u00a0<img loading=\"lazy\" class=\"alignnone size-full wp-image-1634\" src=\"http:\/\/blog.lesgrossesorchadeslesamplesthalameges.fr\/wp-content\/uploads\/2019\/01\/000.-russep-x-2.gif\" alt=\"\" width=\"50\" height=\"50\" \/><\/em><\/strong><\/span><\/p>\n<p style=\"text-align: right;\"><span style=\"font-family: comic sans ms, sans-serif; font-size: 14pt;\">13 janvier 2019<\/span><\/p>\n<p>&nbsp;<\/p>\n<p>&nbsp;<\/p>\n","protected":false},"excerpt":{"rendered":"<p>&nbsp; &nbsp; &nbsp; &nbsp; &nbsp; \u00ab\u00a0Nous ne prenons pas nos ordres de Bolton\u00a0\u00bb : Le retrait des troupes US de Syrie a commenc\u00e9 &nbsp; Tyler Durden \u2013 Zero Hedge \u2013 11.1.2019 &nbsp; \u00a0 Contrairement aux assurances donn\u00e9es par le conseiller en s\u00e9curit\u00e9 nationale de Trump, le n\u00e9ocon John Bolton, et par le secr\u00e9taire d\u2019\u00c9tat Mike&#8230;<\/p>\n","protected":false},"author":1,"featured_media":0,"parent":0,"menu_order":0,"comment_status":"open","ping_status":"open","template":"","meta":[],"_links":{"self":[{"href":"https:\/\/blog.lesgrossesorchadeslesamplesthalameges.fr\/index.php\/wp-json\/wp\/v2\/pages\/1632"}],"collection":[{"href":"https:\/\/blog.lesgrossesorchadeslesamplesthalameges.fr\/index.php\/wp-json\/wp\/v2\/pages"}],"about":[{"href":"https:\/\/blog.lesgrossesorchadeslesamplesthalameges.fr\/index.php\/wp-json\/wp\/v2\/types\/page"}],"author":[{"embeddable":true,"href":"https:\/\/blog.lesgrossesorchadeslesamplesthalameges.fr\/index.php\/wp-json\/wp\/v2\/users\/1"}],"replies":[{"embeddable":true,"href":"https:\/\/blog.lesgrossesorchadeslesamplesthalameges.fr\/index.php\/wp-json\/wp\/v2\/comments?post=1632"}],"version-history":[{"count":0,"href":"https:\/\/blog.lesgrossesorchadeslesamplesthalameges.fr\/index.php\/wp-json\/wp\/v2\/pages\/1632\/revisions"}],"wp:attachment":[{"href":"https:\/\/blog.lesgrossesorchadeslesamplesthalameges.fr\/index.php\/wp-json\/wp\/v2\/media?parent=1632"}],"curies":[{"name":"wp","href":"https:\/\/api.w.org\/{rel}","templated":true}]}}