{"id":16399,"date":"2022-01-09T17:24:26","date_gmt":"2022-01-09T16:24:26","guid":{"rendered":"http:\/\/blog.lesgrossesorchadeslesamplesthalameges.fr\/?page_id=16399"},"modified":"2022-01-09T19:53:54","modified_gmt":"2022-01-09T18:53:54","slug":"toute-une-aventure","status":"publish","type":"page","link":"https:\/\/blog.lesgrossesorchadeslesamplesthalameges.fr\/index.php\/toute-une-aventure\/","title":{"rendered":"Toute  une aventure&#8230;"},"content":{"rendered":"<p>&nbsp;<\/p>\n<p>&nbsp;<\/p>\n<p>&nbsp;<\/p>\n<p>&nbsp;<\/p>\n<p>&nbsp;<\/p>\n<p>&nbsp;<\/p>\n<p>&nbsp;<\/p>\n<p>&nbsp;<\/p>\n<p>&nbsp;<\/p>\n<p style=\"text-align: center;\"><span style=\"font-family: times new roman, times, serif; font-size: 36pt; color: #c00000;\"><strong><em>Toute une aventure\u2026<\/em><\/strong><\/span><\/p>\n<p>&nbsp;<\/p>\n<p>&nbsp;<\/p>\n<p style=\"text-align: justify;\"><span style=\"font-family: times new roman, times, serif; font-size: 14pt;\"><strong>\u00a0<\/strong><\/span><\/p>\n<p style=\"text-align: justify;\"><span style=\"font-family: comic sans ms, sans-serif; font-size: 14pt;\">Au cours des si mal nomm\u00e9es trente glorieuses, la main invisible du march\u00e9 d\u00e9cida sans trop le crier sur les toits, qu\u2019il \u00e9tait grand temps d\u2019en finir avec un certain nombre d\u2019intellectuels, repr\u00e9sentatifs d\u2019une g\u00e9n\u00e9ration et d\u2019une forme d\u2019\u00e9ducation, c\u2019est-\u00e0-dire d\u2019une culture dont il urgeait de se d\u00e9barrasser en la d\u00e9clarant obsol\u00e8te, pour la remplacer par la religion de la r\u00e9ussite mat\u00e9rielle, le lib\u00e9ralisme de droite (pl\u00e9onasme), la culture des <em>start ups<\/em> et autres cadeaux de f\u00e9e Carabosse venus d\u2019Outre Atlantique et accueillis \u2013 faut-il le dire \u2013 par les m\u00eames p\u00e9cores de Panurge qui se pr\u00e9cipitent aujourd\u2019hui les yeux brillants et la bouche ouverte sur les seringues porteuses de leur mort.<\/span><\/p>\n<p>&nbsp;<\/p>\n<p>&nbsp;<\/p>\n<p>&nbsp;<\/p>\n<p style=\"text-align: center;\"><span style=\"font-family: comic sans ms, sans-serif; font-size: 14pt;\"><strong><em>\u00a0<a href=\"http:\/\/blog.lesgrossesorchadeslesamplesthalameges.fr\/index.php\/2022\/01\/09\/comprendre\/3-bis-la-main-dadam-smith\/\" rel=\"attachment wp-att-16396\"><img loading=\"lazy\" class=\"alignnone wp-image-16396\" src=\"http:\/\/blog.lesgrossesorchadeslesamplesthalameges.fr\/wp-content\/uploads\/2022\/01\/3-bis-la-main-dAdam-Smith-300x225.jpg\" alt=\"\" width=\"400\" height=\"300\" srcset=\"https:\/\/blog.lesgrossesorchadeslesamplesthalameges.fr\/wp-content\/uploads\/2022\/01\/3-bis-la-main-dAdam-Smith-300x225.jpg 300w, https:\/\/blog.lesgrossesorchadeslesamplesthalameges.fr\/wp-content\/uploads\/2022\/01\/3-bis-la-main-dAdam-Smith.jpg 480w\" sizes=\"(max-width: 400px) 100vw, 400px\" \/><\/a><\/em><\/strong><\/span><\/p>\n<p style=\"text-align: center;\"><span style=\"font-family: comic sans ms, sans-serif; font-size: 14pt;\"><a href=\"https:\/\/lastreschicassite.wordpress.com\/2016\/06\/03\/la-main-invisible\/\"><strong><em><span style=\"font-family: times new roman, times, serif;\">\u2026d\u2019Adam Smith<\/span><\/em><\/strong><\/a><\/span><\/p>\n<p>&nbsp;<\/p>\n<p>&nbsp;<\/p>\n<p>&nbsp;<\/p>\n<p style=\"text-align: justify;\"><span style=\"font-family: comic sans ms, sans-serif; font-size: 14pt;\">Dans la foul\u00e9e, on allait aussi s\u2019attaquer au principal tr\u00e9sor des peuples, autrement dit \u00e0 leurs livres, en \u00ab\u00a0d\u00e9graissant\u00a0\u00bb les biblioth\u00e8ques publiques de ce qu\u2019elles avaient de plus pr\u00e9cieux, pour faire place aux d\u00e9gorgements exponentiels de l\u2019\u00e9dition dominante qui se conforma, empress\u00e9e, aux oukases des nouveaux ma\u00eetres et se transforma sans sourciller en corporation de marchands de p\u00e2te \u00e0 papier imprim\u00e9. Un de nos souvenirs tr\u00e8s cher est ce week-end o\u00f9 une grande biblioth\u00e8que US (celle de San Francisco si notre m\u00e9moire de flanche pas) o\u00f9, avertis le vendredi de ce que, le lundi, il leur faudrait remettre aux \u00e9quarisseurs tous les livres qui n\u2019auraient pas \u00e9t\u00e9 emprunt\u00e9s depuis trois ans, les biblioth\u00e9caires d\u00e9cid\u00e8rent de camper sur place et d\u2019en sauver le plus possible, tamponnant \u00e0 tour de bras de faux emprunts et ne dormant, par terre, qu\u2019une heure de temps en temps, jusqu\u2019\u00e0 la r\u00e9ouverture fatidique.<\/span><\/p>\n<p>&nbsp;<\/p>\n<p style=\"text-align: justify;\"><span style=\"font-family: comic sans ms, sans-serif; font-size: 14pt;\">De m\u00eame, du jour au lendemain, tout \u00e9crivain, penseur, historien ou artiste qui ne se conformait pas aux valeurs \u00e0 la mode fut d\u00e9cr\u00e9t\u00e9 jetable comme un kleenex et trait\u00e9 en paria, en encombrant qui, lorsqu\u2019il avait en outre le mauvais go\u00fbt de vivre vieux, co\u00fbtait un pognon de dingue aux nouveaux mirliflores, en amenuisant au-del\u00e0 du supportable, leur part de ce qu\u2019ils ponctionnaient dans les poches contribuables.<\/span><\/p>\n<p>&nbsp;<\/p>\n<p style=\"text-align: justify;\"><span style=\"font-family: comic sans ms, sans-serif; font-size: 14pt;\">Parmi les d\u00e9graiss\u00e9s humains, nous en connaissons trois, mais il y en eut bien d\u2019autres, dans le monde dit libre (mais libre de quoi, hein\u00a0?).<\/span><\/p>\n<p>&nbsp;<\/p>\n<p style=\"text-align: justify;\"><span style=\"font-family: comic sans ms, sans-serif; font-size: 14pt;\">La Grande Bretagne, comme souvent en mati\u00e8re de progr\u00e8s vers le pire \u2013 l\u2019industrialisation sauvage par exemple \u2013 eut quelques longueurs d\u2019avance sur le reste de l\u2019Europe. Car c\u2019est en 1950 que John Cowper Powys, qui, apr\u00e8s plus de dix mille conf\u00e9rences donn\u00e9es \u00ab\u00a0dans tous les \u00c9tats-Unis sauf deux\u00a0\u00bb et plusieurs chefs d\u2019\u0153uvres publi\u00e9s des deux c\u00f4t\u00e9s de l\u2019Atlantique, se vit refuser par son \u00e9diteur anglais, la Bodleyan, puis, aux USA, par Simon et Shuster, qu\u2019il avait pour ainsi dire tenus sur les fonts baptismaux, son chef d\u2019\u0153uvre absolu, <em>Porius<\/em>, en vue duquel il \u00e9tait rentr\u00e9 pour toujours au pays et auquel il avait travaill\u00e9 de nombreuses ann\u00e9es avec acharnement, allant jusqu\u2019\u00e0 apprendre le gallois \u00e0 plus de 70 ans. Un roman \u00e0 cin q niveaux de lecture dont un alchimique, \u00ab\u00a0plus long que <em>Guerre et Paix<\/em>\u00a0\u00bb disait-il fi\u00e8rement. Justement. Trop long\u00a0! d\u00e9cr\u00e9t\u00e8rent les directeurs de collections new look. On invoqua la guerre, la p\u00e9nurie de papier\u00a0: s\u2019il voulait qu\u2019on le publie, il fallait en couper \u00ab\u00a0au moins mille pages\u00a0\u00bb \u00e0 son tapuscrit. Heureusement pour lui, Tolsto\u00ef \u00e9tait mort, sinon&#8230; Powys coupa. Pour son chef d\u2019\u0153uvre mutil\u00e9, on lui offrit 60 \u00a3, qu\u2019il refusa, quoique dans la mis\u00e8re. Finalement, MacDonald, munificent, lui en offrit 300 et publia la version tronqu\u00e9e. Ce n\u2019est que 40 ans plus tard qu\u2019Overlook Duckworth pria deux femmes, Judith Bond et Morine Krissdottir, de tenter de reconstituer le <em>Porius<\/em> d\u2019origine perdu. Cela leur prit deux autres ann\u00e9es de recherches et de travail, en Angleterre et aux USA, et elles y r\u00e9ussirent au-del\u00e0 de toute esp\u00e9rance\u00a0: \u00e0 elle seule, l\u2019histoire de cette r\u00e9surrection m\u00e9riterait de faire l\u2019objet d\u2019un livre\u00a0!<\/span><\/p>\n<p>&nbsp;<\/p>\n<p style=\"text-align: justify;\"><span style=\"font-family: comic sans ms, sans-serif; font-size: 14pt;\">En France, il y eut, \u00e0 la fin des ann\u00e9es 70, le cas Guillemin. Auteur Gallimard depuis 1951, il se vit, en 1979, refuser le <em>Charles P\u00e9guy<\/em> qui lui avait co\u00fbt\u00e9 deux ans d\u2019efforts : \u00ab\u00a0ne se vendra pas \u2013 n\u2019int\u00e9resse plus personne\u00a0\u00bb. Du balais. On peut, certes, regretter qu\u2019en mati\u00e8re de litt\u00e9rature, Guillemin s\u2019en soit tenu aux auteurs catholiques (pas une ligne sur Diderot\u00a0! pas une sur Saint-Just\u00a0!), il n\u2019emp\u00eache. Rupture unilat\u00e9rale de contrat sans pr\u00e9avis ni indemnit\u00e9s. Dans ce cas, l\u2019affaire tourna bien, car quelqu\u2019un, aux \u00e9ditions du Seuil, r\u00eavait depuis longtemps de le publier. Il se mit sur les rangs. Aux scrupules \u00e9mis par l\u2019auteur, il r\u00e9pondit \u00ab\u00a0si celui-l\u00e0 nous fait perdre de l\u2019argent, nous en gagnerons avec les autres\u00a0\u00bb. Oui, il y a des exceptions \u00e0 tout.<\/span><\/p>\n<p>&nbsp;<\/p>\n<p>&nbsp;<\/p>\n<p style=\"text-align: justify; padding-left: 90px;\"><span style=\"font-family: comic sans ms, sans-serif; font-size: 14pt;\">[On ne vous parlera pas ici du plus grand po\u00e8te fran\u00e7ais du XXe si\u00e8cle, victime lui aussi de la censure \u00e9conomique, laquelle fut assist\u00e9e, dans son cas, par un r\u00e8glement de comptes politique de derri\u00e8re les fagots. Les id\u00e9es qu\u2019il avait d\u00e9fendues n\u2019\u00e9taient d\u00e9cid\u00e9ment plus \u00e0 la mode. Idem pour sa muse dont combien de Fran\u00e7ais savent-ils encore qu\u2019elle a \u00e9crit des livres et qu\u2019elle a m\u00eame eu le Prix Goncourt\u00a0? <a href=\"http:\/\/www.spherisme.be\/Texte\/ConferenceElsaTriolet.htm\">Qui a peur d\u2019Elsa Triolet\u00a0?<\/a>]<\/span><\/p>\n<p>&nbsp;<\/p>\n<p>&nbsp;<\/p>\n<p style=\"text-align: justify;\"><span style=\"font-family: comic sans ms, sans-serif; font-size: 14pt;\">D\u2019exception, il n\u2019y en eut pas, cependant, en 1975, pour Manuel de Di\u00e9guez, qui, lorsqu\u2019il remit\u00a0 \u00e0 son \u00e9diteur \u2013 tiens, encore Gallimard \u2013 le manuscrit de <em>La<\/em> <em>Caverne<\/em> (1078 pages) en obtint un contrat normal pour publication dans \u00ab La Biblioth\u00e8que des Id\u00e9es \u00bb, mais <em>au moment de la sortie de l&rsquo;ouvrage<\/em> s\u2019entendit annoncer que ses droits d\u2019auteur, pour ce livre, seraient r\u00e9duits de moiti\u00e9. Devant son refus, l&rsquo;\u00e9diteur le mena\u00e7a de mettre le livre en vente \u00e0 un prix invendable, vengeance qui fut bel et bien mise en action et qui porta un grave pr\u00e9judice \u00e0 l&rsquo;oeuvre et \u00e0 l&rsquo;auteur.\u00a0 Et les contrats sign\u00e9s ? Circulez\u00a0! En v\u00e9ritable Don Quichotte, Manuel de Di\u00e9guez fit, \u00e0 la tr\u00e8s puissante maison, un proc\u00e8s qu\u2019il gagna.<br \/>\n<\/span><\/p>\n<p>&nbsp;<\/p>\n<p style=\"text-align: justify;\"><span style=\"font-family: comic sans ms, sans-serif; font-size: 14pt;\">C\u2019est apr\u00e8s cet incident que le philosophe prit la d\u00e9cision de ne plus rien publier par les voies commerciales, mais, en totale gratuit\u00e9, par celles d\u2019Internet. C\u2019est l\u00e0 que nous avons vu son nom pour la premi\u00e8re fois, il y a bien des ann\u00e9es, au bas d\u2019un texte qui nous avait accroch\u00e9s. Et \u00e0 la suite duquel nous avions eu la surprise de voir l\u2019auteur r\u00e9pondre aux questions de certains lecteurs et engager avec eux des dialogues. Or, le site \u00e9tait musulman et ses lecteurs aussi. Et nous avons suivi nous-m\u00eames, avec un int\u00e9r\u00eat croissant, les efforts que faisaient cet ath\u00e9e et ces croyants pour comprendre le monde et se comprendre entre eux, par-dessus tout ce qui les s\u00e9parait, \u00e0 commencer par la langue, qui, dans la plupart des cas n\u2019\u00e9tait pas la premi\u00e8re, mais \u00e9tait l\u00e0, en outre, celle d\u2019un savant dont le style et les m\u00e9taphores ne sont pas toujours per\u00e7ues de tous ses compatriotes, m\u00eame cultiv\u00e9s. La seule chose qu\u2019avaient en commun cet auteur et ces lecteurs \u00e9tait celle-ci\u00a0: un \u00e9gal, irr\u00e9pressible et in\u00e9branlable sentiment de fraternit\u00e9 pour les Palestiniens, martyris\u00e9s par quelques-uns et abandonn\u00e9s par tous les autres. Quand on n\u2019en peut vraiment plus d\u2019envie de jeter l\u2019esp\u00e8ce humaine dans les chiottes et de tirer la chasse, on repense \u00e0 eux. Les voies de la Grande Sophia sont imp\u00e9n\u00e9trables.<\/span><\/p>\n<p>&nbsp;<\/p>\n<p style=\"text-align: justify;\"><span style=\"font-family: comic sans ms, sans-serif; font-size: 14pt;\">Cependant, tout au long de ces ann\u00e9es qui vont de 1975 \u00e0 sa mort en 2019, Manuel de Di\u00e9guez avait continu\u00e9 d\u2019\u00e9crire, puis de dicter, \u00e0 Aline, lorsque sa vue avait trop baiss\u00e9. Il paraissait logique \u00e0 celle qui connaissait son \u0153uvre et les m\u00e9andres de sa pens\u00e9e sur le bout des ongles, de songer qu\u2019il \u00e9tait temps de faire publier d\u00e9sormais des \u0153uvres qui n\u2019attendaient que le grand jour.<\/span><\/p>\n<p>&nbsp;<\/p>\n<p style=\"text-align: justify;\"><span style=\"font-family: comic sans ms, sans-serif; font-size: 14pt;\">C\u2019est alors qu\u2019un petit miracle du genre Le Seuil se produisit, en la personne de l\u2019animateur des \u00e9ditions Perspectives Libres, qui lui rendit un jour visite pour demander si elle n\u2019aurait pas un ouvrage in\u00e9dit de son mari, car il aurait aim\u00e9 publier quelque chose de lui. Oh, mais si, Monsieur, elle en avait. Et c\u2019est ainsi que le 1<sup>er<\/sup> janvier de cette ann\u00e9e 2022 est sorti le premier (car il y en a d\u2019autres) de ces in\u00e9dits.<\/span><\/p>\n<p>&nbsp;<\/p>\n<p style=\"text-align: justify;\"><span style=\"font-family: comic sans ms, sans-serif; font-size: 14pt;\">Qu\u2019il soit la premi\u00e8re hirondelle de ce qu\u2019on esp\u00e8re \u00eatre un printemps.<\/span><\/p>\n<p style=\"text-align: right;\"><em><span style=\"font-size: 18pt;\"><strong><span style=\"font-family: times new roman, times, serif;\">L.G.O.<\/span><\/strong><\/span><\/em><\/p>\n<p style=\"text-align: justify;\"><span style=\"font-family: comic sans ms, sans-serif; font-size: 14pt;\"><strong>\u00a0<\/strong><\/span><\/p>\n<p style=\"text-align: justify;\"><span style=\"font-family: times new roman, times, serif; font-size: 14pt;\"><strong>\u00a0<\/strong><\/span><\/p>\n<p style=\"text-align: left;\"><span style=\"font-family: times new roman, times, serif; font-size: 14pt;\"><strong>URL de cet article\u00a0: <\/strong><a href=\"http:\/\/blog.lesgrossesorchadeslesamplesthalameges.fr\/index.php\/toute-une-aventure\/\">http:\/\/blog.lesgrossesorchadeslesamplesthalameges.fr\/index.php\/toute-une-aventure\/<\/a><strong><br \/>\n<\/strong><\/span><\/p>\n<p style=\"text-align: justify;\"><span style=\"font-family: times new roman, times, serif; font-size: 14pt;\"><strong>\u00a0<\/strong><\/span><\/p>\n<p>&nbsp;<\/p>\n<p><strong>\u00a0<\/strong><\/p>\n<p style=\"text-align: center;\"><strong>\u00a0<a href=\"http:\/\/blog.lesgrossesorchadeslesamplesthalameges.fr\/index.php\/2022\/01\/09\/comprendre\/000-plume-et-oiseaux-gif\/\" rel=\"attachment wp-att-16385\"><img loading=\"lazy\" class=\"alignnone size-full wp-image-16385\" src=\"http:\/\/blog.lesgrossesorchadeslesamplesthalameges.fr\/wp-content\/uploads\/2022\/01\/000.-plume-et-oiseaux-GIF.gif\" alt=\"\" width=\"120\" height=\"165\" \/><\/a><\/strong><\/p>\n<p><strong>\u00a0<\/strong><\/p>\n<p>&nbsp;<\/p>\n<p style=\"text-align: right;\"><span style=\"font-family: comic sans ms, sans-serif; font-size: 14pt;\">Janvier 2022<\/span><\/p>\n<p>&nbsp;<\/p>\n<p>&nbsp;<\/p>\n<p>&nbsp;<\/p>\n","protected":false},"excerpt":{"rendered":"<p>&nbsp; &nbsp; &nbsp; &nbsp; &nbsp; &nbsp; &nbsp; &nbsp; &nbsp; Toute une aventure\u2026 &nbsp; &nbsp; \u00a0 Au cours des si mal nomm\u00e9es trente glorieuses, la main invisible du march\u00e9 d\u00e9cida sans trop le crier sur les toits, qu\u2019il \u00e9tait grand temps d\u2019en finir avec un certain nombre d\u2019intellectuels, repr\u00e9sentatifs d\u2019une g\u00e9n\u00e9ration et d\u2019une forme d\u2019\u00e9ducation, c\u2019est-\u00e0-dire&#8230;<\/p>\n","protected":false},"author":1,"featured_media":0,"parent":0,"menu_order":0,"comment_status":"open","ping_status":"open","template":"","meta":[],"_links":{"self":[{"href":"https:\/\/blog.lesgrossesorchadeslesamplesthalameges.fr\/index.php\/wp-json\/wp\/v2\/pages\/16399"}],"collection":[{"href":"https:\/\/blog.lesgrossesorchadeslesamplesthalameges.fr\/index.php\/wp-json\/wp\/v2\/pages"}],"about":[{"href":"https:\/\/blog.lesgrossesorchadeslesamplesthalameges.fr\/index.php\/wp-json\/wp\/v2\/types\/page"}],"author":[{"embeddable":true,"href":"https:\/\/blog.lesgrossesorchadeslesamplesthalameges.fr\/index.php\/wp-json\/wp\/v2\/users\/1"}],"replies":[{"embeddable":true,"href":"https:\/\/blog.lesgrossesorchadeslesamplesthalameges.fr\/index.php\/wp-json\/wp\/v2\/comments?post=16399"}],"version-history":[{"count":9,"href":"https:\/\/blog.lesgrossesorchadeslesamplesthalameges.fr\/index.php\/wp-json\/wp\/v2\/pages\/16399\/revisions"}],"predecessor-version":[{"id":16445,"href":"https:\/\/blog.lesgrossesorchadeslesamplesthalameges.fr\/index.php\/wp-json\/wp\/v2\/pages\/16399\/revisions\/16445"}],"wp:attachment":[{"href":"https:\/\/blog.lesgrossesorchadeslesamplesthalameges.fr\/index.php\/wp-json\/wp\/v2\/media?parent=16399"}],"curies":[{"name":"wp","href":"https:\/\/api.w.org\/{rel}","templated":true}]}}