{"id":165,"date":"2018-10-22T15:55:35","date_gmt":"2018-10-22T13:55:35","guid":{"rendered":"http:\/\/blog.lesgrossesorchadeslesamplesthalameges.fr\/?page_id=165"},"modified":"2018-10-22T19:59:48","modified_gmt":"2018-10-22T17:59:48","slug":"poutine-a-son-auditoire-stupefait","status":"publish","type":"page","link":"https:\/\/blog.lesgrossesorchadeslesamplesthalameges.fr\/index.php\/poutine-a-son-auditoire-stupefait\/","title":{"rendered":"Poutine \u00e0 son auditoire stup\u00e9fait :"},"content":{"rendered":"<p style=\"text-align: center; line-height: normal;\"><span style=\"font-family: times new roman, times, serif; font-size: 36pt;\"><strong>Poutine \u00e0 son auditoire stup\u00e9fait : \u00ab\u00a0ISIS a pris 700 otages en Syrie, y compris des citoyens US et UE\u00a0\u00bb<\/strong><\/span><\/p>\n<p style=\"text-align: center;\"><span style=\"font-family: times new roman, times, serif; font-size: 18pt;\"><a href=\"http:\/\/theduran.com\/author\/alex\/\"><strong>Alex Christoforou<\/strong><\/a><strong> \u2013 <em>TheDuran<\/em> \u2013 19 octobre 2018<\/strong><\/span><\/p>\n<p>&nbsp;<\/p>\n<p><img loading=\"lazy\" class=\"aligncenter wp-image-166\" src=\"http:\/\/blog.lesgrossesorchadeslesamplesthalameges.fr\/wp-content\/uploads\/2018\/10\/Poutine-valdai-1-300x170.jpg\" alt=\"\" width=\"600\" height=\"341\" srcset=\"https:\/\/blog.lesgrossesorchadeslesamplesthalameges.fr\/wp-content\/uploads\/2018\/10\/Poutine-valdai-1-300x170.jpg 300w, https:\/\/blog.lesgrossesorchadeslesamplesthalameges.fr\/wp-content\/uploads\/2018\/10\/Poutine-valdai-1-768x436.jpg 768w, https:\/\/blog.lesgrossesorchadeslesamplesthalameges.fr\/wp-content\/uploads\/2018\/10\/Poutine-valdai-1.jpg 837w\" sizes=\"(max-width: 600px) 100vw, 600px\" \/><\/p>\n<p>&nbsp;<\/p>\n<p style=\"text-align: justify;\"><span style=\"font-family: times new roman, times, serif; font-size: 14pt;\"><strong>Dans la vid\u00e9o qui suit, Alex Christoforou et son r\u00e9dacteur en chef Alexander Mercouris, jettent un rapide coup d\u2019oeil sur l\u2019\u00e9tonnante d\u00e9claration faite par Vladimir Poutine au Club de R\u00e9flexion de Valdai, qui se tient \u00e0 Sochi, o\u00f9 le pr\u00e9sident russe a non seulement annonc\u00e9 que 700 otages avaient \u00e9t\u00e9 captur\u00e9s en Syrie par des terroristes de l\u2019\u00c9tat Islamique, mais aussi qu\u2019il y a, parmi eux, des citoyens US et des Europ\u00e9ens, et qu\u2019ils sont ex\u00e9cut\u00e9s \u00e0 raison de dix par jour.<\/strong><\/span><\/p>\n<p>&nbsp;<\/p>\n<p style=\"text-align: center;\"><span style=\"font-family: times new roman, times, serif; font-size: 14pt;\"><strong>(En anglais malheureusement)<\/strong><\/span><\/p>\n<p><center><iframe loading=\"lazy\" src=\"\/\/www.youtube.com\/embed\/UgAI8cZvdUk\" width=\"560\" height=\"315\" frameborder=\"0\" allowfullscreen=\"allowfullscreen\" data-mce-fragment=\"1\"><\/iframe><\/center><center><\/center><center><\/center>&nbsp;<\/p>\n<p style=\"text-align: justify;\"><span style=\"font-family: times new roman, times, serif; font-size: 14pt;\">Au cours de son intervention \u00e0 la r\u00e9union du Club de R\u00e9flexion de Valdai, \u00e0 Sochi, le pr\u00e9sident Vladimir Poutine a appris aux assistants que l\u2019ISIS avait captur\u00e9 700 otages dans la zone de Syrie contr\u00f4l\u00e9e par les \u00c9tats-Unis.<\/span><\/p>\n<p style=\"text-align: justify;\"><span style=\"font-family: times new roman, times, serif; font-size: 14pt;\">Il a notamment d\u00e9clar\u00e9 :<\/span><\/p>\n<blockquote>\n<p style=\"text-align: justify;\"><span style=\"font-family: times new roman, times, serif; font-size: 14pt;\">\u00ab\u00a0Nous voyons \u00e0 pr\u00e9sent ce qui se passe sur la rive gauche de l\u2019Euphrate, nos coll\u00e8gues savent cela. Ce territoire est sous la protection de nos partenaires am\u00e9ricains, qui s\u2019appuient sur les forces arm\u00e9es kurdes. Mais, ils n\u2019ont apparemment pas r\u00e9ussi ans leur entreprise, des membres de Daech y sont rest\u00e9s, implant\u00e9s en plusieurs endroits..<\/span><\/p>\n<\/blockquote>\n<p style=\"text-align: justify;\"><span style=\"font-family: times new roman, times, serif; font-size: 14pt;\">Les terroristes de l\u2019ISIS \u00ab\u00a0ont lanc\u00e9 un ultimatum et formul\u00e9 plusieurs exigences, mena\u00e7ant de fusiller dix personnes par jour\u00a0\u00bb a ajout\u00e9 Poutine, ajoutant que Daech avait d\u00e9j\u00e0 ex\u00e9cut\u00e9 dix otages il y a deux jours.<\/span><\/p>\n<p style=\"text-align: justify;\"><span style=\"font-family: times new roman, times, serif; font-size: 14pt;\">Il a encore dit qu\u2019ISIS a amplifi\u00e9 sa pr\u00e9sence dans la zone contr\u00f4l\u00e9e par les USA, et a pris 130 familles en otage, ce qui fait pr\u00e8s de 700 personnes, y compris des citoyens US et europ\u00e9ens.<\/span><\/p>\n<blockquote>\n<p style=\"text-align: justify; padding-left: 30px;\"><span style=\"font-family: times new roman, times, serif; font-size: 14pt;\">\u00ab\u00a0Ils ont formul\u00e9 des ultimatums et certaines exigences, et averti que s\u2019il n\u2019y \u00e9tait pas fait droit, ils passeraient chaque jour par les armes dix des otages. Avant-hier, ils ont ex\u00e9cut\u00e9 dix personnes.\u00a0\u00bb<\/span><\/p>\n<p style=\"text-align: justify; padding-left: 30px;\"><span style=\"font-family: times new roman, times, serif; font-size: 14pt;\">\u00ab\u00a0Notre information montre que plusieurs citoyens des \u00c9tats-Unis et de (certains) pays d\u2019Europe font partie de ces otages.\u00bb<\/span><\/p>\n<p style=\"padding-left: 30px;\"><span style=\"font-family: times new roman, times, serif; font-size: 14pt;\">Via <a href=\"https:\/\/www.rt.com\/news\/441620-putin-syria-us-hostages-isis\/\"><strong>RT<\/strong><\/a><strong>\u2026<\/strong><\/span><\/p>\n<p style=\"padding-left: 30px; text-align: justify;\"><span style=\"font-family: times new roman, times, serif; font-size: 14pt;\">\u00ab\u00a0 C\u2019est tout simplement horrible, c\u2019est une catastrophe\u00a0\u00bb a comment\u00e9 Poutine, qui a dit aussi que les forces US qui pr\u00e9tendent contr\u00f4ler cette partie de la rive gauche de l\u2019Euphrate par le biais des forces arm\u00e9es kurdes qui se trouvent sur le terrain, gardent manifestement le silence sur cette crise. Il y a des citoyens US et des Europ\u00e9ens parmi ces gens, a dit le Pr\u00e9sident et \u00ab\u00a0tout le monde se tait\u2026 comme si rien n\u2019\u00e9tait arriv\u00e9\u00a0\u00bb.<\/span><\/p>\n<p style=\"padding-left: 30px; text-align: justify;\"><span style=\"font-family: times new roman, times, serif; font-size: 14pt;\">\u00ab\u00a0Il est clair qu\u2019ils (les USA) n\u2019ont pas atteint leurs objectifs\u00a0\u00bb a comment\u00e9 Poutine, ajoutant que Washington et ses alli\u00e9s n\u2019ont pas r\u00e9ussi \u00e0 combattre les terroristes dans la partie de la Syrie qu\u2019ils occupent. \u00ab\u00a0Les terroristes de l\u2019\u00c9tat Islamique continuent \u00e0 amplifier leur pr\u00e9sence dans la r\u00e9gion\u00a0\u00bb.<\/span><\/p>\n<\/blockquote>\n<p style=\"text-align: justify;\"><span style=\"font-family: times new roman, times, serif; font-size: 14pt;\">Les forces russes ont \u00ab\u00a0port\u00e9 un coup tr\u00e8s rude\u00a0\u00bb aux terroristes en Syrie, en \u00e9liminant beaucoup et en for\u00e7ant beaucoup \u00e0 d\u00e9poser les armes, a-t-il fait remarquer.<\/span><\/p>\n<blockquote>\n<p style=\"padding-left: 30px; text-align: justify;\"><span style=\"font-family: times new roman, times, serif; font-size: 14pt;\">\u00ab\u00a0Au cours de ces ann\u00e9es, nous avons lib\u00e9r\u00e9 presque 95% du territoire de la R\u00e9publique Syrienne.\u00a0Nous avons soutenu sa souverainet\u00e9 et n\u2019avons pas laiss\u00e9 l\u2019\u00c9tat tomber en morceaux.\u00a0\u00bb<\/span><\/p>\n<\/blockquote>\n<p style=\"text-align: justify;\"><span style=\"font-family: times new roman, times, serif; font-size: 14pt;\">Il a continu\u00e9 en expliquant que les actions de la Russie avaient aid\u00e9 \u00e0 \u00ab\u00a0stabiliser la situation dans la r\u00e9gion\u00a0\u00bb.<\/span><\/p>\n<p style=\"text-align: justify;\"><span style=\"font-family: times new roman, times, serif; font-size: 14pt;\">Il a \u00e9galement fait l\u2019\u00e9loge de la Turquie, pour ses efforts visant \u00e0 chasser les terroristes du nord de la Syrie. \u00ab\u00a0Ils travaillent et nous le voyons\u00a0\u00bb, a-t-il assur\u00e9, ajoutant que le c\u00f4t\u00e9 turc \u00ab\u00a0a fait de son mieux pour remplir ses obligations\u00a0\u00bb, et saluant \u00ab\u00a0l\u2019efficacit\u00e9\u00a0\u00bb des actions d\u2019Ankara.<\/span><\/p>\n<p style=\"text-align: justify;\"><span style=\"font-family: times new roman, times, serif; font-size: 14pt;\">Poutine a appel\u00e9 les nations du monde \u00e0 \u00ab\u00a0unir leurs efforts\u00a0\u00bb pour combattre efficacement le terrorisme. \u00c0 ce jour, cette coop\u00e9ration a \u00e9t\u00e9 r\u00e9duite \u00e0 \u00ab\u00a0des instances de coop\u00e9ration s\u00e9par\u00e9es, qui ne sont pas suffisantes\u00a0\u00bb a-t-il conclu.<\/span><\/p>\n<p>&nbsp;<\/p>\n<p><span style=\"font-family: times new roman, times, serif; font-size: 14pt;\">Source : <a href=\"https:\/\/theduran.com\/putin-stuns-crowd-700-hostages-captured-by-isis-in-syria-including-us-and-european-citizens-video\/\">https:\/\/theduran.com\/putin-stuns-crowd-700-hostages-captured-by-isis-in-syria-including-us-and-european-citizens-video\/<\/a><\/span><\/p>\n<p>&nbsp;<\/p>\n<p style=\"text-align: right;\"><span style=\"font-family: times new roman, times, serif; font-size: 14pt;\">Traduction\u00a0: c.l. pour Les Grosses Orchades<\/span><\/p>\n<p><span style=\"font-family: times new roman, times, serif; font-size: 14pt;\">Url de cet article\u00a0: <a href=\"http:\/\/blog.lesgrossesorchadeslesamplesthalameges.fr\/?page_id=165&amp;preview=true\">http:\/\/blog.lesgrossesorchadeslesamplesthalameges.fr\/?page_id=165&amp;preview=true<\/a><br \/>\n<\/span><\/p>\n<p>&nbsp;<\/p>\n<p style=\"text-align: justify;\"><span style=\"font-family: times new roman, times, serif; font-size: 14pt; color: #c00000;\"><strong><em>Bref, la technique (tactique\u00a0?) de Fouch\u00e9 aux Brotteaux a fait des petits\u2026<\/em><\/strong><\/span><\/p>\n<p style=\"text-align: justify;\"><span style=\"font-family: times new roman, times, serif; font-size: 14pt; color: #c00000;\"><strong><em>Et si on comprend bien malgr\u00e9 notre surdit\u00e9 ce que dit Mercouris, les otages US et UE seraient des civils travaillant dans les camps de r\u00e9fugi\u00e9s, captur\u00e9s avec les r\u00e9fugi\u00e9s, non des militaires, ce qui expliquerait, of course, l\u2019indiff\u00e9rence des gouvernements occidentaux \u00e0 leur sort.<\/em><\/strong><\/span><\/p>\n<p style=\"text-align: justify;\"><span style=\"font-family: times new roman, times, serif; font-size: 14pt; color: #c00000;\"><strong><em>Mais ceci est peut-\u00eatre un jugement t\u00e9m\u00e9raire.<\/em><\/strong><\/span><\/p>\n<p>&nbsp;<\/p>\n<p><span style=\"font-family: times new roman, times, serif;\"><strong><em>\u00a0<img loading=\"lazy\" class=\"alignnone size-full wp-image-140 aligncenter\" src=\"http:\/\/blog.lesgrossesorchadeslesamplesthalameges.fr\/wp-content\/uploads\/2018\/10\/Paper-boat-sign.gif\" alt=\"\" width=\"67\" height=\"48\" \/><\/em><\/strong><\/span><\/p>\n<p>&nbsp;<\/p>\n<p>&nbsp;<\/p>\n<p>&nbsp;<\/p>\n<p style=\"text-align: right;\"><span style=\"font-family: comic sans ms, sans-serif; font-size: 14pt;\">Mis en ligne le 22 octobre 2018<\/span><\/p>\n<p>&nbsp;<\/p>\n","protected":false},"excerpt":{"rendered":"<p>Poutine \u00e0 son auditoire stup\u00e9fait : \u00ab\u00a0ISIS a pris 700 otages en Syrie, y compris des citoyens US et UE\u00a0\u00bb Alex Christoforou \u2013 TheDuran \u2013 19 octobre 2018 &nbsp; &nbsp; Dans la vid\u00e9o qui suit, Alex Christoforou et son r\u00e9dacteur en chef Alexander Mercouris, jettent un rapide coup d\u2019oeil sur l\u2019\u00e9tonnante d\u00e9claration faite par Vladimir&#8230;<\/p>\n","protected":false},"author":1,"featured_media":0,"parent":0,"menu_order":0,"comment_status":"open","ping_status":"closed","template":"","meta":[],"_links":{"self":[{"href":"https:\/\/blog.lesgrossesorchadeslesamplesthalameges.fr\/index.php\/wp-json\/wp\/v2\/pages\/165"}],"collection":[{"href":"https:\/\/blog.lesgrossesorchadeslesamplesthalameges.fr\/index.php\/wp-json\/wp\/v2\/pages"}],"about":[{"href":"https:\/\/blog.lesgrossesorchadeslesamplesthalameges.fr\/index.php\/wp-json\/wp\/v2\/types\/page"}],"author":[{"embeddable":true,"href":"https:\/\/blog.lesgrossesorchadeslesamplesthalameges.fr\/index.php\/wp-json\/wp\/v2\/users\/1"}],"replies":[{"embeddable":true,"href":"https:\/\/blog.lesgrossesorchadeslesamplesthalameges.fr\/index.php\/wp-json\/wp\/v2\/comments?post=165"}],"version-history":[{"count":0,"href":"https:\/\/blog.lesgrossesorchadeslesamplesthalameges.fr\/index.php\/wp-json\/wp\/v2\/pages\/165\/revisions"}],"wp:attachment":[{"href":"https:\/\/blog.lesgrossesorchadeslesamplesthalameges.fr\/index.php\/wp-json\/wp\/v2\/media?parent=165"}],"curies":[{"name":"wp","href":"https:\/\/api.w.org\/{rel}","templated":true}]}}