{"id":16519,"date":"2022-01-14T20:26:21","date_gmt":"2022-01-14T19:26:21","guid":{"rendered":"http:\/\/blog.lesgrossesorchadeslesamplesthalameges.fr\/?page_id=16519"},"modified":"2022-01-14T20:27:35","modified_gmt":"2022-01-14T19:27:35","slug":"2022-on-rejoue-la-crise-des-missiles-de-cuba-en-plus-serieux","status":"publish","type":"page","link":"https:\/\/blog.lesgrossesorchadeslesamplesthalameges.fr\/index.php\/2022-on-rejoue-la-crise-des-missiles-de-cuba-en-plus-serieux\/","title":{"rendered":"2022 : On rejoue la crise des missiles de Cuba.. En plus s\u00e9rieux !"},"content":{"rendered":"<p>&nbsp;<\/p>\n<p>&nbsp;<\/p>\n<p>&nbsp;<\/p>\n<p>&nbsp;<\/p>\n<p>&nbsp;<\/p>\n<p>&nbsp;<\/p>\n<p>&nbsp;<\/p>\n<p>&nbsp;<\/p>\n<p style=\"text-align: center;\"><span style=\"font-family: times new roman, times, serif; font-size: 36pt;\"><strong>2022 : On rejoue la crise des missiles de Cuba.. <\/strong><\/span><\/p>\n<p style=\"text-align: center;\"><span style=\"font-family: times new roman, times, serif; font-size: 36pt;\"><strong>En plus s\u00e9rieux !<\/strong><\/span><\/p>\n<p style=\"text-align: center;\"><span style=\"font-family: times new roman, times, serif; font-size: 36pt;\"><strong>\u00a0<\/strong><\/span><\/p>\n<p style=\"text-align: center;\"><span style=\"font-family: times new roman, times, serif; font-size: 18pt;\"><strong>Boris Karpov \u2013 <em>RusReinfo<\/em> \u2013 13.1.2022<\/strong><\/span><\/p>\n<p>&nbsp;<\/p>\n<p>&nbsp;<\/p>\n<p>&nbsp;<\/p>\n<p style=\"text-align: center;\"><a href=\"http:\/\/blog.lesgrossesorchadeslesamplesthalameges.fr\/index.php\/2022\/01\/14\/crise-des-missiles-bis\/7-us-ukraine\/\" rel=\"attachment wp-att-16491\"><img loading=\"lazy\" class=\"alignnone wp-image-16491 size-full\" src=\"http:\/\/blog.lesgrossesorchadeslesamplesthalameges.fr\/wp-content\/uploads\/2022\/01\/7.-US-Ukraine.jpg\" alt=\"\" width=\"600\" height=\"338\" srcset=\"https:\/\/blog.lesgrossesorchadeslesamplesthalameges.fr\/wp-content\/uploads\/2022\/01\/7.-US-Ukraine.jpg 600w, https:\/\/blog.lesgrossesorchadeslesamplesthalameges.fr\/wp-content\/uploads\/2022\/01\/7.-US-Ukraine-300x169.jpg 300w\" sizes=\"(max-width: 600px) 100vw, 600px\" \/><\/a><\/p>\n<p>&nbsp;<\/p>\n<p>&nbsp;<\/p>\n<p style=\"text-align: justify;\"><span style=\"font-family: tahoma, arial, helvetica, sans-serif; font-size: 14pt;\"><strong>Pour ceux, nombreux sans doute, n\u2019ayant pas suivi la situation de pr\u00e8s, voici un r\u00e9sum\u00e9 pour expliquer la tension entre la Russie et les am\u00e9ricains. Je ne compte pas les europ\u00e9ens puisqu\u2019ils ne sont que les pantins de Biden.<\/strong><\/span><\/p>\n<p>&nbsp;<\/p>\n<p style=\"text-align: justify;\"><span style=\"font-family: times new roman, times, serif; font-size: 14pt;\">\u00c0 la chute de l\u2019Union Sovi\u00e9tique, les am\u00e9ricains et l\u2019OTAN s\u2019\u00e9taient engag\u00e9s \u00e0 ce que l\u2019OTAN ne s\u2019\u00e9largisse pas \u00ab\u00a0\u00e0 l\u2019est\u00a0\u00bb. Engagement oral, ce qui a suffit \u00e0 Boris Eltsine dans son euphorie alcoolique! Or aujourd\u2019hui force est de constater que non seulement l\u2019OTAN est bien plus \u00ab\u00a0\u00e0 l\u2019est\u00a0\u00bb, mais aussi que des pays non (encore) membres de l\u2019OTAN b\u00e9n\u00e9ficient de mat\u00e9riel et d\u2019encadrement de l\u00a0\u00bbAlliance Atlantique, comme par exemple l\u2019Ukraine.<\/span><\/p>\n<p>&nbsp;<\/p>\n<p style=\"text-align: justify;\"><span style=\"font-family: times new roman, times, serif; font-size: 14pt;\">La Russie, voyant que les troupes OTAN s\u2019approchent dangereusement de ses fronti\u00e8res, a alors renforc\u00e9 ses d\u00e9fenses en envoyant des troupes, il faut pr\u00e9ciser \u00ab\u00a0\u00e0 l\u2019int\u00e9rieur de ses fronti\u00e8res\u00a0\u00bb, en Russie donc. L\u2019arm\u00e9e russe est chez elle en Russie, \u00e7a semble normal\u2026 sauf aux am\u00e9ricains qui r\u00e9guli\u00e8rement et particuli\u00e8rement ces derniers mois, ont accus\u00e9 la Russie de vouloir attaquer l\u2019Ukraine, et en ont profit\u00e9 pour d\u00e9ployer de nouvelles troupes dans la r\u00e9gion, sous le couvert de l\u2019OTAN bien entendu.<\/span><\/p>\n<p>&nbsp;<\/p>\n<p style=\"text-align: justify;\"><span style=\"font-family: times new roman, times, serif; font-size: 14pt;\">Il faut savoir qu\u2019en se rapprochant ainsi de la Russie, les forces de l\u2019OTAN sont \u00ab\u00a0\u00e0 6 a 7 minutes\u00a0\u00bb de Moscou. C\u2019est le temps que mettrait un missile envoy\u00e9 par l\u2019OTAN sur Moscou. Ce court d\u00e9lai ne laisse que peu de temps \u00e0 l\u2019\u00c9tat-Major russe pour r\u00e9agir, et ceci est inacceptable pour la Russie. Un syst\u00e8me de riposte automatique est en vigueur, mais cela ferait courir un \u00e9norme risque de guerre nucl\u00e9aire. Dans le m\u00eame temps, les forces ukrainiennes, se sentant pousser des ailes par le soutien am\u00e9ricain, intensifient leurs attaques, permanentes, contre les populations civiles du Donbass ayant d\u00e9clar\u00e9 leur ind\u00e9pendance de l\u2019Ukraine et vouloir rejoindre la F\u00e9d\u00e9ration de Russie. Plus de 70% des habitants ont demand\u00e9 et re\u00e7u la nationalit\u00e9 russe. Ce sont donc des citoyens russes que l\u2019Ukraine bombarde chaque jour.<\/span><\/p>\n<p>&nbsp;<\/p>\n<p style=\"text-align: justify;\"><span style=\"font-family: times new roman, times, serif; font-size: 14pt;\">Les Russes ont donc exig\u00e9 plusieurs choses dont le respect par l\u2019Ukraine des \u00ab\u00a0accords de Minsk\u00a0\u00bb (qui prot\u00e8gent les populations du Donbass), et surtout l\u2019engagement, sous des formes juridiques, que l\u2019OTAN ne s\u2019\u00e9largirait pas plus \u00e0 l\u2019est, en particulier en Ukraine et G\u00e9orgie.<\/span><\/p>\n<p>&nbsp;<\/p>\n<p style=\"text-align: justify;\"><span style=\"font-family: times new roman, times, serif; font-size: 14pt;\">Plusieurs rencontres ont eu lieu des derniers jours entre russes et am\u00e9ricains dans le but de tenter de r\u00e9soudre ce \u00ab\u00a0probl\u00e8me\u00a0\u00bb. Les am\u00e9ricains (l\u2019OTAN) refusent absolument de s\u2019engager sur la non-extension de l\u2019OTAN \u00e0 l\u2019est. Or la Russie a tr\u00e8s clairement d\u00e9clar\u00e9 qu\u2019elle ne n\u00e9gocierait pas sur ce point, et que si les am\u00e9ricains refusaient, elle prendrait des mesures militaires pour garantir sa s\u00e9curit\u00e9.<\/span><\/p>\n<p>&nbsp;<\/p>\n<p style=\"text-align: justify;\"><span style=\"font-family: times new roman, times, serif; font-size: 14pt;\">Comme pr\u00e9vu, les n\u00e9gociations ont tourn\u00e9 en rond et aucun accord n\u2019a pu \u00eatre trouv\u00e9, les am\u00e9ricains \u00ab\u00a0exigeant\u00a0\u00bb de plus que les troupes Russes d\u00e9ploy\u00e9es \u00e0 ses fronti\u00e8res (\u00e0 l\u2019int\u00e9rieur de la Russie donc) se replient, et a de plus multipli\u00e9 les menaces de nouvelles \u00ab\u00a0sanctions\u00a0\u00bb qui toucheraient cette fois les grandes banques russes\u2026 et les dirigeants dont Vladimir Poutine lui-m\u00eame.<\/span><\/p>\n<p>&nbsp;<\/p>\n<p style=\"text-align: justify;\"><span style=\"font-family: times new roman, times, serif; font-size: 14pt;\">Aujourd\u2019hui \u00e0 l\u2019issue d\u2019une r\u00e9union avec l\u2019OTAN, le ministre adjoint des affaires ext\u00e9rieures russes a d\u00e9clar\u00e9 qu\u2019il n\u2019y a pas de raison de continuer \u00e0 se rencontrer, les am\u00e9ricains et l\u2019OTAN refusant absolument de consid\u00e9rer les exigences touchant \u00e0 la s\u00e9curit\u00e9 de la Russie (extension de l\u2019OTAN), et qu\u2019une r\u00e9ponse \u00e9crite est attendue pour la semaine prochaine. Le ministre Lavrov a d\u00e9clar\u00e9 de son c\u00f4t\u00e9 que la Russie ne va pas attendre longtemps pour prendre des mesures.<\/span><\/p>\n<p>&nbsp;<\/p>\n<p style=\"text-align: justify;\"><span style=\"font-family: times new roman, times, serif; font-size: 14pt;\">Une d\u00e9claration innatendue et surprenante a \u00e9t\u00e9 faite par Herman Gref, politicien russe, directeur de la Sberbank (banque nationale russe), connu pour son amour des occidentaux et membre \u00e9minent de la 5-\u00e8me colonne globaliste. Gref a en effet d\u00e9clar\u00e9 aujourd\u2019hui \u00ab\u00a0Quand on est menac\u00e9 par quelque chose tous les jours, \u00e0 la fin \u00e7a cesse de faire peur, donc c\u2019est impossible de nous faire peur avec \u00e7a. Ce qui sera, sera, nous sommes pr\u00eats pour tous les sc\u00e9narios.\u00a0\u00bb Il se place en tant que directeur de banque, mais son discours semble montrer que certains \u00ab\u00a0globalistes\u00a0\u00bb se placent aux c\u00f4t\u00e9s du gouvernement russe dans cette affaire.<\/span><\/p>\n<p>&nbsp;<\/p>\n<p style=\"text-align: justify;\"><span style=\"font-family: times new roman, times, serif; font-size: 14pt;\">L\u2019\u00c9tat Major a quand \u00e0 lui propos\u00e9 plusieurs options militaires \u00e0 Vladimir Poutine. Aucune de ces mesures n\u2019a bien entendu \u00e9t\u00e9 pr\u00e9cis\u00e9e mais on peut faire quelques hypoth\u00e8ses:<\/span><\/p>\n<p>&nbsp;<\/p>\n<p style=\"text-align: justify;\"><span style=\"font-family: times new roman, times, serif; font-size: 14pt;\">D\u00e9ploiement de l\u2019arm\u00e9e Russe dans le Donbass \u00e0 la demande des autorit\u00e9s des r\u00e9publiques de Donetsk et de Lugansk. Ceci prot\u00e9gerait les populations civiles, et il est \u00e9vident que des combats avec l\u2019Ukraine s\u2019engageraient sur le terrain. L\u2019OTAN et les \u00c9tats-Unis appelleraient ceci \u00ab\u00a0invasion russe de l\u2019Ukraine\u00a0\u00bb, et on peut imaginer l\u2019arm\u00e9e russe avancer jusqu\u2019\u00e0 Kiev (selon les experts militaires Kiev tomberait en moins d\u2019une semaine) en fonction des \u00e9v\u00e8nements politiques.<\/span><\/p>\n<p>&nbsp;<\/p>\n<p style=\"text-align: justify;\"><span style=\"font-family: times new roman, times, serif; font-size: 14pt;\">Installation de missiles russes \u00e0 Cuba ou\/et au V\u00e9n\u00e9zuela, ce qui mettrait alors la Russie \u00e0 quelques minutes des \u00c9tats-Unis.<\/span><\/p>\n<p>&nbsp;<\/p>\n<p style=\"text-align: justify;\"><span style=\"font-family: times new roman, times, serif; font-size: 14pt;\">Une mesure accessoire pourrait \u00eatre l\u2019invitation du pr\u00e9sident Lukashenko aux russes de s\u2019installer en Bi\u00e9lorussie, qui a une grande fronti\u00e8re avec l\u2019Ukraine. L\u2019int\u00e9gration de la Bi\u00e9lorussie \u00e0 la F\u00e9d\u00e9ration de Russie, en n\u00e9gociations depuis une dizaine d\u2019ann\u00e9es, arriverait ainsi enfin \u00e0 son terme, les forces russes seraient alors \u00e0 la fronti\u00e8re de l\u2019Union Europ\u00e9enne en Pologne.<\/span><\/p>\n<p>&nbsp;<\/p>\n<p style=\"text-align: justify;\"><span style=\"font-family: times new roman, times, serif; font-size: 14pt;\">D\u2019autres mesures envisag\u00e9es par certains analystes en Russie sont une intervention russe dans les Pays Baltes, voire en Finlande. Peu cr\u00e9dible semble-t-il, la Russie n\u2019ayant aucune volont\u00e9 de faire la guerre mais se place sur une position d\u00e9fensive. Un renforcement militaire aux fronti\u00e8res de ces pays est par contre une \u00e9vidence d\u00e8s le d\u00e9clenchement des op\u00e9rations dans le but de briser une \u00e9ventuelle attaque de l\u2019OTAN.<\/span><\/p>\n<p>&nbsp;<\/p>\n<p style=\"text-align: justify;\"><span style=\"font-family: times new roman, times, serif; font-size: 14pt;\">Mais il semble \u00e9vident pour tout le monde que l\u2019OTAN n\u2019interviendra pas directement si la Russie intervient au Donbass (consid\u00e9r\u00e9 par l\u2019OTAN comme territoire ukrainien), l\u2019Alliance Atlantique l\u2019a d\u2019ailleurs dit plusieurs fois. Par contre elle approvisionnera \u00e0 coup sur l\u2019Ukraine en mat\u00e9riel, ce qui ne changera pas grand chose au r\u00e9sultat final.<\/span><\/p>\n<p>&nbsp;<\/p>\n<p style=\"text-align: justify;\"><span style=\"font-family: times new roman, times, serif; font-size: 14pt;\">Dans le cadre de l\u2019installation de missiles russes \u00e0 Cuba et au Venezuela, on voit mal ce que les am\u00e9ricains pourront faire de plus (\u00e0 part envahir Cuba ou Caracas?!) leurs propres missiles sont d\u00e9j\u00e0 quasiment aux fronti\u00e8res de la Russie. De nouvelles \u00ab\u00a0sanctions\u00a0\u00bb donc, ce qui ne changera pas grand chose, mais la Russie a clairement indiqu\u00e9 qu\u2019elle ripostera cette fois avec des mani\u00e8res \u00ab\u00a0surprenantes\u00a0\u00bb. On peut imaginer des attaques cybern\u00e9tiques mettant hors service les sites \u00e9nerg\u00e9tiques aux 1\u00c9tats-Unis, voire les syst\u00e8mes d\u2019approvisionnement en \u00e9lectricit\u00e9. Ceci est du domaine du possible.<\/span><\/p>\n<p>&nbsp;<\/p>\n<p style=\"text-align: justify;\"><span style=\"font-family: times new roman, times, serif; font-size: 14pt;\">Les mois, les semaines et m\u00eame les jours \u00e0 venir seront cruciaux et il pourrait se d\u00e9clencher des \u00e9v\u00e8nements face auxquels la grippe-covid ferait mesure d\u2019amusement.<\/span><\/p>\n<p>&nbsp;<\/p>\n<p style=\"text-align: justify;\"><span style=\"font-family: times new roman, times, serif; font-size: 14pt;\"><strong>Boris Karpov<\/strong><\/span><span style=\"font-family: times new roman, times, serif; font-size: 14pt;\"> : <a href=\"https:\/\/boriskarpov.tvs24.ru\">https:\/\/boriskarpov.tvs24.ru<\/a><\/span><\/p>\n<p>&nbsp;<\/p>\n<p style=\"text-align: left;\"><span style=\"font-family: times new roman, times, serif; font-size: 14pt;\">Source\u00a0: <\/span><a href=\"https:\/\/rusreinfo.ru\/fr\/2022\/01\/2022-on-rejoue-la-crise-des-missiles-de-cuba-en-plus-serieux\/\"><span style=\"font-family: times new roman, times, serif; font-size: 14pt;\">https:\/\/rusreinfo.ru\/fr\/2022\/01\/2022-on-rejoue-la-crise-des-missiles-de-cuba-en-plus-serieux\/<\/span><\/a><\/p>\n<p>&nbsp;<\/p>\n<p><strong><span style=\"font-family: times new roman, times, serif; font-size: 14pt;\">URL de cet article <\/span><\/strong>: <a href=\"http:\/\/blog.lesgrossesorchadeslesamplesthalameges.fr\/index.php\/2022-on-rejoue-la-crise-des-missiles-de-cuba-en-plus-serieux\/\"><span style=\"font-family: times new roman, times, serif; font-size: 14pt;\">http:\/\/blog.lesgrossesorchadeslesamplesthalameges.fr\/index.php\/2022-on-rejoue-la-crise-des-missiles-de-cuba-en-plus-serieux\/ <\/span><\/a><\/p>\n<p>&nbsp;<\/p>\n<p>&nbsp;<\/p>\n<p style=\"text-align: center;\"><a href=\"http:\/\/blog.lesgrossesorchadeslesamplesthalameges.fr\/index.php\/2022\/01\/14\/crise-des-missiles-bis\/000-dangerous-times-7\/\" rel=\"attachment wp-att-16484\"><img loading=\"lazy\" class=\"alignnone size-full wp-image-16484\" src=\"http:\/\/blog.lesgrossesorchadeslesamplesthalameges.fr\/wp-content\/uploads\/2022\/01\/000.-dangerous-times-1.gif\" alt=\"\" width=\"70\" height=\"63\" \/><\/a><\/p>\n<p>&nbsp;<\/p>\n<p style=\"text-align: right;\"><span style=\"font-family: comic sans ms, sans-serif; font-size: 14pt;\">Janvier 2022<\/span><\/p>\n<p>&nbsp;<\/p>\n<p>&nbsp;<\/p>\n<p>&nbsp;<\/p>\n","protected":false},"excerpt":{"rendered":"<p>&nbsp; &nbsp; &nbsp; &nbsp; &nbsp; &nbsp; &nbsp; &nbsp; 2022 : On rejoue la crise des missiles de Cuba.. En plus s\u00e9rieux ! \u00a0 Boris Karpov \u2013 RusReinfo \u2013 13.1.2022 &nbsp; &nbsp; &nbsp; &nbsp; &nbsp; Pour ceux, nombreux sans doute, n\u2019ayant pas suivi la situation de pr\u00e8s, voici un r\u00e9sum\u00e9 pour expliquer la tension entre la&#8230;<\/p>\n","protected":false},"author":1,"featured_media":0,"parent":0,"menu_order":0,"comment_status":"open","ping_status":"open","template":"","meta":[],"_links":{"self":[{"href":"https:\/\/blog.lesgrossesorchadeslesamplesthalameges.fr\/index.php\/wp-json\/wp\/v2\/pages\/16519"}],"collection":[{"href":"https:\/\/blog.lesgrossesorchadeslesamplesthalameges.fr\/index.php\/wp-json\/wp\/v2\/pages"}],"about":[{"href":"https:\/\/blog.lesgrossesorchadeslesamplesthalameges.fr\/index.php\/wp-json\/wp\/v2\/types\/page"}],"author":[{"embeddable":true,"href":"https:\/\/blog.lesgrossesorchadeslesamplesthalameges.fr\/index.php\/wp-json\/wp\/v2\/users\/1"}],"replies":[{"embeddable":true,"href":"https:\/\/blog.lesgrossesorchadeslesamplesthalameges.fr\/index.php\/wp-json\/wp\/v2\/comments?post=16519"}],"version-history":[{"count":6,"href":"https:\/\/blog.lesgrossesorchadeslesamplesthalameges.fr\/index.php\/wp-json\/wp\/v2\/pages\/16519\/revisions"}],"predecessor-version":[{"id":16525,"href":"https:\/\/blog.lesgrossesorchadeslesamplesthalameges.fr\/index.php\/wp-json\/wp\/v2\/pages\/16519\/revisions\/16525"}],"wp:attachment":[{"href":"https:\/\/blog.lesgrossesorchadeslesamplesthalameges.fr\/index.php\/wp-json\/wp\/v2\/media?parent=16519"}],"curies":[{"name":"wp","href":"https:\/\/api.w.org\/{rel}","templated":true}]}}