{"id":16560,"date":"2022-01-16T21:02:33","date_gmt":"2022-01-16T20:02:33","guid":{"rendered":"http:\/\/blog.lesgrossesorchadeslesamplesthalameges.fr\/?page_id=16560"},"modified":"2022-01-16T21:03:47","modified_gmt":"2022-01-16T20:03:47","slug":"la-garden-party-de-boris","status":"publish","type":"page","link":"https:\/\/blog.lesgrossesorchadeslesamplesthalameges.fr\/index.php\/la-garden-party-de-boris\/","title":{"rendered":"La garden-party de Boris"},"content":{"rendered":"<p>&nbsp;<\/p>\n<p>&nbsp;<\/p>\n<p>&nbsp;<\/p>\n<p>&nbsp;<\/p>\n<p>&nbsp;<\/p>\n<p>&nbsp;<\/p>\n<p>&nbsp;<\/p>\n<p>&nbsp;<\/p>\n<p style=\"text-align: justify;\"><span style=\"font-family: times new roman, times, serif; font-size: 18pt; color: #c00000;\"><strong><em>Et \u00e7a vous \u00e9tonne\u00a0?<\/em><\/strong><\/span><\/p>\n<p style=\"text-align: justify;\"><span style=\"font-family: times new roman, times, serif; font-size: 14pt;\"><strong><em>\u00a0<\/em><\/strong><\/span><\/p>\n<p style=\"text-align: justify;\"><span style=\"font-family: times new roman, times, serif; font-size: 14pt;\"><strong><em>\u00a0<\/em><\/strong><\/span><\/p>\n<p style=\"text-align: center;\"><span style=\"font-family: times new roman, times, serif; font-size: 14pt;\"><strong><span style=\"font-size: 36pt;\">La garden-party de Boris \u2013 une question plus urgente que le g\u00e9nocide y\u00e9m\u00e9nit<\/span>e<\/strong><\/span><\/p>\n<p style=\"text-align: center;\"><span style=\"font-family: times new roman, times, serif; font-size: 14pt;\"><strong>\u00a0<\/strong><\/span><\/p>\n<p>&nbsp;<\/p>\n<p style=\"text-align: center;\"><span style=\"font-family: times new roman, times, serif; font-size: 14pt;\"><a href=\"https:\/\/theduran.com\/author\/gavin-oreilly\/\"><strong><span style=\"font-size: 18pt;\">Gavin O&rsquo;Reilly<\/span><\/strong> <\/a><span style=\"font-size: 18pt;\"><strong>\u00a0\u2013<\/strong><strong> <em>TheDuran<\/em> \u2013 15.1.2022<\/strong><\/span><\/span><\/p>\n<p>&nbsp;<\/p>\n<p style=\"text-align: center;\"><span style=\"font-family: times new roman, times, serif; font-size: 18pt;\">Traduction :<strong> c.l. <\/strong>pour<strong> <em>L.G.O<\/em>.<\/strong><\/span><\/p>\n<p style=\"text-align: center;\"><span style=\"font-family: times new roman, times, serif; font-size: 14pt;\"><strong>\u00a0<\/strong><\/span><\/p>\n<p>&nbsp;<\/p>\n<p>&nbsp;<\/p>\n<p style=\"text-align: center;\"><a href=\"http:\/\/blog.lesgrossesorchadeslesamplesthalameges.fr\/?attachment_id=16531\" rel=\"attachment wp-att-16531\"><img loading=\"lazy\" class=\"alignnone wp-image-16531 size-full\" src=\"http:\/\/blog.lesgrossesorchadeslesamplesthalameges.fr\/wp-content\/uploads\/2022\/01\/2.-Kroll.jpg\" alt=\"\" width=\"500\" height=\"437\" srcset=\"https:\/\/blog.lesgrossesorchadeslesamplesthalameges.fr\/wp-content\/uploads\/2022\/01\/2.-Kroll.jpg 500w, https:\/\/blog.lesgrossesorchadeslesamplesthalameges.fr\/wp-content\/uploads\/2022\/01\/2.-Kroll-300x262.jpg 300w\" sizes=\"(max-width: 500px) 100vw, 500px\" \/><\/a><\/p>\n<p>&nbsp;<\/p>\n<p>&nbsp;<\/p>\n<p>&nbsp;<\/p>\n<p style=\"text-align: justify;\"><span style=\"font-family: times new roman, times, serif; font-size: 14pt;\">Ces derniers jours, la nouvelle qui a domin\u00e9 les titres de l&rsquo;actualit\u00e9 britannique et, par cons\u00e9quent, ceux du reste du monde occidental, est la controverse suscit\u00e9e par la fuite d&rsquo;un courriel confirmant la pr\u00e9sence de Boris Johnson \u00e0 une garden-party de Downing Street en mai 2020 &#8211; p\u00e9riode o\u00f9 l&rsquo;\u00e9t\u00e9 est g\u00e9n\u00e9ralement \u00e0 son apog\u00e9e en Grande-Bretagne, et accessoirement, p\u00e9riode o\u00f9 le pays tout entier \u00e9tait soumis \u00e0 des mesures de confinement rigoureuses.<\/span><\/p>\n<p>&nbsp;<\/p>\n<p style=\"text-align: justify;\"><span style=\"font-family: times new roman, times, serif; font-size: 14pt;\">Bien qu&rsquo;il ait pr\u00e9sent\u00e9 des excuses presque imm\u00e9diates \u00e0 la Chambre des Communes mercredi, M. Johnson a d\u00fb faire face \u00e0 de pressants appels \u00e0 la d\u00e9mission, non seulement de la part de l&rsquo;opposition travailliste de Keir Starmer, des lib\u00e9raux-d\u00e9mocrates d&rsquo;Ed Davey et du SNP de Nicola Sturgeon, mais aussi de la part de membres \u00e9minents de son propre parti conservateur, tels que le chef des conservateurs \u00e9cossais, Douglas Ross, le principal point de friction \u00e9tant que les membres du public britannique n&rsquo;ont pas appr\u00e9ci\u00e9 de savoir qu\u2019au moment o\u00f9 leurs proches \u00e9taient gravement malades, Johnson assistait \u00e0 ladite garden-party au m\u00e9pris des restrictions mises en place.<\/span><\/p>\n<p>&nbsp;<\/p>\n<p style=\"text-align: justify;\"><span style=\"font-family: times new roman, times, serif; font-size: 14pt;\">La controverse actuelle sur le \u00ab\u00a0<em>partygate<\/em>\u00a0\u00bb offre toutefois un criant contraste avec l\u2019infime couverture m\u00e9diatique occidentale du r\u00f4le cl\u00e9 jou\u00e9 par Boris Johnson dans ce qui est actuellement la plus grande crise humanitaire du monde\u00a0: la guerre livr\u00e9e au Y\u00e9men par l&rsquo;Arabie Saoudite depuis maintenant sept ans \u2013 conflit qui a entra\u00een\u00e9 <em>la pire \u00e9pid\u00e9mie de chol\u00e9ra de tous les temps<\/em>, la mort de 10.000 enfants directement due aux violences de la guerre, et la mort de plus de 85.000 autres enfants, caus\u00e9e par la famine massive qu\u2019elle a d\u00e9clench\u00e9e.<\/span><\/p>\n<p>&nbsp;<\/p>\n<p style=\"text-align: justify;\"><span style=\"font-family: times new roman, times, serif; font-size: 14pt;\">En juillet 2016, d\u00e8s sa nomination au poste de ministre des Affaires \u00e9trang\u00e8res du gouvernement de Theresa May, Johnson a approuv\u00e9 la vente de plus de 1,2 milliards de \u00a3 d\u2019armes fabriqu\u00e9es en Grande Bretagne \u00e0 l\u2019Arabie Saoudite alli\u00e9e de Downing Street, le royaume du Golfe s\u2019empressant aussit\u00f4t d\u2019utiliser ces armes contre les infrastructures agricoles, de salubrit\u00e9 et de sant\u00e9 du Y\u00e9men, ce qui a provoqu\u00e9 l&rsquo;\u00e9pid\u00e9mie de chol\u00e9ra et une famine meurtri\u00e8re dans ce qui est d\u00e9j\u00e0 la nation la plus pauvre de la p\u00e9ninsule arabique, situation encore aggrav\u00e9e par le blocus saoudien, qui interdit \u00e0 la nourriture et aux fournitures m\u00e9dicales d&rsquo;entrer dans le pays.<\/span><\/p>\n<p>&nbsp;<\/p>\n<p style=\"text-align: justify;\"><span style=\"font-family: times new roman, times, serif; font-size: 14pt;\">Le soutien britannique \u00e0 la guerre de l&rsquo;Arabie saoudite va toutefois bien au-del\u00e0 de ventes d&rsquo;armes lucratives \u00e0 Riyad. Avec des conseillers militaires britanniques pr\u00e9sents aux c\u00f4t\u00e9s de leurs homologues am\u00e9ricains dans la salle de commandement saoudienne pour aider \u00e0 la s\u00e9lection des cibles de l&rsquo;arm\u00e9e de l&rsquo;air royale saoudienne, il faut savoir que plus de 100 <a href=\"https:\/\/www.rt.com\/uk\/443304-raf-training-saudi-pilots\/\">pilotes saoudiens<\/a> ont \u00e9galement \u00e9t\u00e9 form\u00e9s sur les bases a\u00e9riennes de la RAF en Grande-Bretagne au cours de la seule derni\u00e8re d\u00e9cennie \u2013 ces deux politiques persistant depuis que Johnson est devenu Premier ministre en juillet 2019 \u2013 parall\u00e8lement aux ventes d&rsquo;armes susmentionn\u00e9es qui ont permis aux \u00ab\u00a0entrepreneurs de d\u00e9fense\u00a0\u00bb <em>[en fran\u00e7ais\u00a0: marchands d\u2019armes]<\/em> britanniques tels que <a href=\"https:\/\/www.dailymaverick.co.za\/article\/2021-04-16-bae-systems-sold-weaponry-worth-17-6bn-to-saudis-during-yemen-war\/\"><em>BAE Systems<\/em><\/a> de r\u00e9aliser des b\u00e9n\u00e9fices consid\u00e9rables.<\/span><\/p>\n<p>&nbsp;<\/p>\n<p style=\"text-align: justify;\"><span style=\"font-family: times new roman, times, serif; font-size: 14pt;\">Cependant, le r\u00f4le le plus d\u00e9terminant, dans la d\u00e9cision de la Grande-Bretagne de soutenir la guerre au Y\u00e9men, est peut-\u00eatre l\u2019ambition g\u00e9opolitique partag\u00e9e par Downing Street avec les \u00c9tats-Unis et Isra\u00ebl, \u00e0 savoir l&rsquo;endiguement dans la r\u00e9gion de l&rsquo;Iran, ennemi de longue date de l\u2019occident, exactement depuis que la r\u00e9volution islamique de 1979 a vu le Shah, align\u00e9 sur les \u00c9tats-Unis et la Grande Bretagne, \u00eatre d\u00e9pos\u00e9 et remplac\u00e9 par l&rsquo;ayatollah Khomeini, anti-occidental et antisioniste. Ils accusent la R\u00e9publique islamique de soutenir le mouvement rebelle Ansar Allah, plus connu sous le nom de <em>Houthis,<\/em> ce qui, apr\u00e8s que ceux-ci aient pris la capitale du Y\u00e9men, Sanaa, et renvers\u00e9 le pr\u00e9sident pro-saoudien de l&rsquo;\u00e9poque, Abdrabbuh Mansur Hadi, au d\u00e9but de l&rsquo;ann\u00e9e 2015, a incit\u00e9 Riyad \u00e0 lancer sa campagne a\u00e9rienne, soutenue par les \u00c9tats-Unis et la Grande Bretagne, en mars de la m\u00eame ann\u00e9e, dans le but de r\u00e9tablir le gouvernement de leur vassal \u00e0 tous.<\/span><\/p>\n<p>&nbsp;<\/p>\n<p style=\"text-align: justify;\"><span style=\"font-family: times new roman, times, serif; font-size: 14pt;\">C&rsquo;est \u00e9galement la raison pour laquelle, outre les contrats d&rsquo;armement de plusieurs milliards de livres conclus entre Londres et Riyad, ce qui s&rsquo;apparente d\u00e9sormais \u00e0 un g\u00e9nocide du peuple y\u00e9m\u00e9nite facilit\u00e9 depuis sept ans par les \u00c9tats-Unis et la Grande Bretagne n&rsquo;a fait l&rsquo;objet que d&rsquo;une infime couverture m\u00e9diatique en Occident &#8211; en contraste quand m\u00eame assez fort avec la garden-party organis\u00e9e par un Premier ministre qui a lui-m\u00eame tenu un r\u00f4le cl\u00e9 dans le massacre.<\/span><\/p>\n<p>&nbsp;<\/p>\n<p style=\"text-align: left;\"><span style=\"font-family: times new roman, times, serif; font-size: 14pt;\">Source : <a href=\"https:\/\/theduran.com\/boriss-garden-party-a-more-pressing-issue-than-yemeni-genocide\/?ml_subscriber=1864094246584194731&amp;ml_subscriber_hash=d6n8\">https:\/\/theduran.com\/boriss-garden-party-a-more-pressing-issue-than-yemeni-genocide\/?ml_subscriber=1864094246584194731&amp;ml_subscriber_hash=d6n8<\/a><\/span><\/p>\n<p>&nbsp;<\/p>\n<p><span style=\"font-family: times new roman, times, serif; font-size: 14pt;\">URL de cet article :<a href=\"http:\/\/blog.lesgrossesorchadeslesamplesthalameges.fr\/index.php\/la-garden-party-de-boris\/\">\u00a0http:\/\/blog.lesgrossesorchadeslesamplesthalameges.fr\/index.php\/la-garden-party-de-boris\/ <\/a><\/span><\/p>\n<p>&nbsp;<\/p>\n<p>&nbsp;<\/p>\n<p>&nbsp;<\/p>\n<p style=\"text-align: center;\"><a href=\"http:\/\/blog.lesgrossesorchadeslesamplesthalameges.fr\/?attachment_id=16530\" rel=\"attachment wp-att-16530\"><img loading=\"lazy\" class=\"alignnone size-full wp-image-16530\" src=\"http:\/\/blog.lesgrossesorchadeslesamplesthalameges.fr\/wp-content\/uploads\/2022\/01\/000.-dangerous-times-2.gif\" alt=\"\" width=\"70\" height=\"63\" \/><\/a><\/p>\n<p>&nbsp;<\/p>\n<p>&nbsp;<\/p>\n<p style=\"text-align: right;\"><span style=\"font-family: comic sans ms, sans-serif; font-size: 14pt;\">Janvier 2022<\/span><\/p>\n<p>&nbsp;<\/p>\n<p>&nbsp;<\/p>\n","protected":false},"excerpt":{"rendered":"<p>&nbsp; &nbsp; &nbsp; &nbsp; &nbsp; &nbsp; &nbsp; &nbsp; Et \u00e7a vous \u00e9tonne\u00a0? \u00a0 \u00a0 La garden-party de Boris \u2013 une question plus urgente que le g\u00e9nocide y\u00e9m\u00e9nite \u00a0 &nbsp; Gavin O&rsquo;Reilly \u00a0\u2013 TheDuran \u2013 15.1.2022 &nbsp; Traduction : c.l. pour L.G.O. \u00a0 &nbsp; &nbsp; &nbsp; &nbsp; &nbsp; Ces derniers jours, la nouvelle qui a domin\u00e9&#8230;<\/p>\n","protected":false},"author":1,"featured_media":0,"parent":0,"menu_order":0,"comment_status":"open","ping_status":"open","template":"","meta":[],"_links":{"self":[{"href":"https:\/\/blog.lesgrossesorchadeslesamplesthalameges.fr\/index.php\/wp-json\/wp\/v2\/pages\/16560"}],"collection":[{"href":"https:\/\/blog.lesgrossesorchadeslesamplesthalameges.fr\/index.php\/wp-json\/wp\/v2\/pages"}],"about":[{"href":"https:\/\/blog.lesgrossesorchadeslesamplesthalameges.fr\/index.php\/wp-json\/wp\/v2\/types\/page"}],"author":[{"embeddable":true,"href":"https:\/\/blog.lesgrossesorchadeslesamplesthalameges.fr\/index.php\/wp-json\/wp\/v2\/users\/1"}],"replies":[{"embeddable":true,"href":"https:\/\/blog.lesgrossesorchadeslesamplesthalameges.fr\/index.php\/wp-json\/wp\/v2\/comments?post=16560"}],"version-history":[{"count":6,"href":"https:\/\/blog.lesgrossesorchadeslesamplesthalameges.fr\/index.php\/wp-json\/wp\/v2\/pages\/16560\/revisions"}],"predecessor-version":[{"id":16566,"href":"https:\/\/blog.lesgrossesorchadeslesamplesthalameges.fr\/index.php\/wp-json\/wp\/v2\/pages\/16560\/revisions\/16566"}],"wp:attachment":[{"href":"https:\/\/blog.lesgrossesorchadeslesamplesthalameges.fr\/index.php\/wp-json\/wp\/v2\/media?parent=16560"}],"curies":[{"name":"wp","href":"https:\/\/api.w.org\/{rel}","templated":true}]}}