{"id":1667,"date":"2019-01-13T23:44:23","date_gmt":"2019-01-13T22:44:23","guid":{"rendered":"http:\/\/blog.lesgrossesorchadeslesamplesthalameges.fr\/?page_id=1667"},"modified":"2019-01-13T23:46:03","modified_gmt":"2019-01-13T22:46:03","slug":"affaire-leetchi-dettinger","status":"publish","type":"page","link":"https:\/\/blog.lesgrossesorchadeslesamplesthalameges.fr\/index.php\/affaire-leetchi-dettinger\/","title":{"rendered":"Affaire Leetchi-Dettinger"},"content":{"rendered":"<h1 style=\"text-align: center;\"><\/h1>\n<p>&nbsp;<\/p>\n<p>&nbsp;<\/p>\n<p>&nbsp;<\/p>\n<h1 style=\"text-align: center;\"><strong><span style=\"font-family: times new roman, times, serif; font-size: 36pt;\">Affaire Leetchi-Dettinger : une cagnotte pour Schiappa !<\/span><\/strong><\/h1>\n<p>&nbsp;<\/p>\n<h2 style=\"text-align: center;\"><span style=\"font-family: times new roman, times, serif; font-size: 24pt;\"><em>Les approximations de la secr\u00e9taire d&rsquo;\u00c9tat font faire \u00e0 Leetchi n&rsquo;importe quoi<\/em><\/span><\/h2>\n<p>&nbsp;<\/p>\n<p style=\"text-align: center;\"><span style=\"font-family: times new roman, times, serif; font-size: 14pt;\"><span style=\"font-size: 18pt;\"><strong>R\u00e9gis de Castelnau \u00a0\u2013 <em>Vu du droit<\/em> \u00a0\u2013<\/strong><\/span>\u00a0 9.1.2019<\/span><\/p>\n<p>&nbsp;<\/p>\n<p>&nbsp;<\/p>\n<p style=\"text-align: center;\">\u00a0<img loading=\"lazy\" class=\"alignnone wp-image-1679\" src=\"http:\/\/blog.lesgrossesorchadeslesamplesthalameges.fr\/wp-content\/uploads\/2019\/01\/Dettinger-et-Schiappa-GIF-300x117.gif\" alt=\"\" width=\"650\" height=\"254\" srcset=\"https:\/\/blog.lesgrossesorchadeslesamplesthalameges.fr\/wp-content\/uploads\/2019\/01\/Dettinger-et-Schiappa-GIF-300x117.gif 300w, https:\/\/blog.lesgrossesorchadeslesamplesthalameges.fr\/wp-content\/uploads\/2019\/01\/Dettinger-et-Schiappa-GIF-768x300.gif 768w, https:\/\/blog.lesgrossesorchadeslesamplesthalameges.fr\/wp-content\/uploads\/2019\/01\/Dettinger-et-Schiappa-GIF-1024x400.gif 1024w\" sizes=\"(max-width: 650px) 100vw, 650px\" \/><\/p>\n<p>&nbsp;<\/p>\n<h3 style=\"text-align: justify;\"><span style=\"font-family: times new roman, times, serif; font-size: 14pt;\"><strong>Sous la pression du gouvernement, incarn\u00e9 par Marl\u00e8ne Schiappa, la soci\u00e9t\u00e9 Leetchi a ferm\u00e9 la cagnotte ouverte en soutien au boxeur Christophe Dettinger, accus\u00e9 d\u2019avoir fait preuve de violence \u00e0 l\u2019\u00e9gard d\u2019un policier. D\u00e9boussol\u00e9 par les impr\u00e9cations\u00a0de la secr\u00e9taire d\u2019\u00c9tat,\u00a0l\u2019organisme semble m\u00eame avoir contrevenu \u00e0 ses propres r\u00e8gles\u2026<\/strong><\/span><\/h3>\n<p>&nbsp;<\/p>\n<p style=\"text-align: justify;\"><span style=\"font-family: times new roman, times, serif; font-size: 14pt;\"><a href=\"https:\/\/www.causeur.fr\/marlene-schiappa\">Marl\u00e8ne Schiappa<\/a>, ci-devant secr\u00e9taire d\u2019\u00c9tat, est un personnage assez surprenant. Sortie d\u2019on ne sait o\u00f9, auteur de livres \u00e9rotiques de gare et d\u2019articles de presse ineptes, elle \u00e9tait un des \u00e9l\u00e9ments les plus singuliers parmi les passagers h\u00e9t\u00e9roclites du train conduit par Emmanuel Macron \u00e0 son arriv\u00e9e \u00e0 l\u2019\u00c9lys\u00e9e. M\u00e9lange \u00e9trange de niaiserie, d\u2019ing\u00e9nuit\u00e9 et de m\u00e9chancet\u00e9, elle s\u2019est sp\u00e9cialis\u00e9e dans le jet quasi quotidien dans le champ politique de grenades d\u00e9goupill\u00e9es. De pr\u00e9f\u00e9rence sur des sujets qui ne la concernent pas et o\u00f9 elle affiche toujours une ignorance d\u00e9vastatrice.<\/span><\/p>\n<p style=\"text-align: justify;\"><span style=\"font-family: times new roman, times, serif; font-size: 14pt;\">On ne reviendra pas sur les \u00e9l\u00e9ments de ce qui constitue d\u00e9sormais un floril\u00e8ge pour ne retenir qu\u2019une de ses derni\u00e8res sorties, celle relative \u00e0 la fameuse cagnotte mise en place pour Christophe Dettinger, le \u00ab gitan de Massy \u00bb, apr\u00e8s qu\u2019il se fut livr\u00e9 aux autorit\u00e9s. Tout le monde conna\u00eet maintenant <a href=\"https:\/\/www.youtube.com\/watch?v=HAlxxINK44I\">la vid\u00e9o<\/a> qui a fait le tour du monde o\u00f9 l\u2019on voit un jeune homme, dans une bousculade opposants gilets jaunes et policiers, marcher d\u00e9termin\u00e9 vers ces derniers, capara\u00e7onn\u00e9s et derri\u00e8re leurs boucliers, pour les faire reculer \u00e0 coups de droites et de crochets. On ne va pas ici lancer le d\u00e9bat \u00e0 coups d\u2019anath\u00e8mes moraux contre un c\u00f4t\u00e9 ou l\u2019autre, <a href=\"http:\/\/video.lefigaro.fr\/figaro\/video\/a-toulon-un-policier-decore-frappe-des-manifestants\/5986667730001\/\">la s\u00e9quence du commandant Andrieux<\/a> \u00e0 Toulon montrant suffisamment qu\u2019il faut l\u2019\u00e9viter.<\/span><\/p>\n<p>&nbsp;<\/p>\n<h3 style=\"text-align: justify;\"><span style=\"font-family: times new roman, times, serif; font-size: 18pt;\"><strong>Christophe Dettinger, figure populaire<\/strong><\/span><\/h3>\n<p style=\"text-align: justify;\"><span style=\"font-family: times new roman, times, serif; font-size: 14pt;\">Sur un plan juridique il semble que Christophe Dettinger ait commis des infractions, et il est normal d\u2019en \u00eatre choqu\u00e9. Il appartiendra au juge d\u2019en d\u00e9cider la r\u00e9alit\u00e9 et la gravit\u00e9. \u00c0 condition bien s\u00fbr qu\u2019il b\u00e9n\u00e9ficie d\u2019un proc\u00e8s \u00e9quitable, l\u2019actualit\u00e9 judiciaire r\u00e9cente concernant les gilets jaunes permettant de craindre que cette perspective ne soit pas assur\u00e9e. Mais nous verrons.<\/span><\/p>\n<p style=\"text-align: justify;\"><span style=\"font-family: times new roman, times, serif; font-size: 14pt;\">Toujours est-il qu\u2019il ne fallait que quelques secondes pour comprendre qu\u2019avec le \u00ab\u00a0gitan de Massy\u00a0\u00bb, le peuple des gilets jaunes avait trouv\u00e9 son h\u00e9ros. En France, le rapport aux forces de l\u2019ordre est contradictoire, et on fredonne <em>H\u00e9catombe au march\u00e9 de Brive-la-Gaillarde<\/em>\u00a0pour ensuite applaudir les forces de l\u2019ordre quand elles prot\u00e8gent. Et l\u00e0, apr\u00e8s des semaines de r\u00e9pression brutale, c\u2019est le r\u00e9flexe d\u00e9crit par Brassens qui a jou\u00e9 : <em>\u00ab D\u00e8s qu\u2019il s\u2019agit d\u2019rosser les cognes, tout l\u2019monde se r\u00e9concilie.<\/em> <em>\u00bb<\/em><\/span><\/p>\n<p>&nbsp;<\/p>\n<p style=\"text-align: center;\"><span style=\"font-family: times new roman, times, serif; font-size: 14pt;\"><em><iframe loading=\"lazy\" src=\"\/\/www.youtube.com\/embed\/EV9mHPHRG7k\" width=\"560\" height=\"315\" frameborder=\"0\" allowfullscreen=\"allowfullscreen\"><\/iframe><\/em><\/span><\/p>\n<p>&nbsp;<\/p>\n<p style=\"text-align: justify;\"><span style=\"font-family: times new roman, times, serif; font-size: 14pt;\">Dans le contexte de cette \u00e9tonnante insurrection du peuple fran\u00e7ais, cette irruption viriliste renvoie \u00e0 des figures de la m\u00e9moire populaire comme celle du \u00ab grand Ferr\u00e9 \u00bb, le premier h\u00e9ros paysan de l\u2019histoire de France qui avait abattu \u00e0 coup de hache 85 gardes anglais pendant la guerre de 100 ans, ou celle de <a href=\"https:\/\/lisenanteuil.wordpress.com\/2016\/01\/07\/comment-frere-jean-des-entommeures-defendit-le-clos-de-labbaye-de-seuille\/\"><em>Fr\u00e8re Jean des Entommeures<\/em><\/a>, l\u2019ami de Gargantua \u00e0 l\u2019efficacit\u00e9 redoutable contre les soldats qui profanaient sa vigne.<\/span><\/p>\n<p>&nbsp;<\/p>\n<h3 style=\"text-align: justify;\"><span style=\"font-family: times new roman, times, serif; font-size: 18pt;\"><strong>Marl\u00e8ne Schiappa renvoie Leetchi dans les cordes<\/strong><\/span><\/h3>\n<p style=\"text-align: justify;\"><span style=\"font-family: times new roman, times, serif; font-size: 14pt;\">C\u2019est peut-\u00eatre pour cela que les petits aboyeurs de la Macronie auraient d\u00fb s\u2019abstenir de hurler \u00e0 la mort contre le boxeur. Apr\u00e8s que celui-ci eut diffus\u00e9<a href=\"http:\/\/www.leparisien.fr\/faits-divers\/gilets-jaunes-l-ex-boxeur-christophe-dettinger-s-explique-en-video-07-01-2019-7982502.php\"> une vid\u00e9o d\u2019excuses<\/a>, ses amis ont ouvert aupr\u00e8s de la soci\u00e9t\u00e9 Leetchi une cagnotte destin\u00e9e \u00e0 rassembler des fonds pour assurer la d\u00e9fense de Dettinger et aider sa famille dans cette p\u00e9riode difficile. Pratique courante, normale, parfaitement l\u00e9gale et qui comporte de nombreux pr\u00e9c\u00e9dents. Il ne s\u2019agissait absolument pas de prendre en charge les \u00e9ventuelles condamnations p\u00e9cuniaires mais de pourvoir \u00e0 sa d\u00e9fense.<\/span><\/p>\n<p style=\"text-align: justify;\"><span style=\"font-family: times new roman, times, serif; font-size: 14pt;\">Le succ\u00e8s foudroyant de cette cagnotte a mis les petits marquis en fureur. Chacun au sein de la petite caste y est all\u00e9 de son couplet, masquant par des cours de morale hypocrite sa rage devant cette solidarit\u00e9 exprim\u00e9e par ce peuple qu\u2019ils d\u00e9testent. La pol\u00e9mique enflant, et apr\u00e8s une intervention de Marl\u00e8ne Schiappa, on apprit par la soci\u00e9t\u00e9 Leetchi que la cagnotte \u00e9tait \u00ab close \u00bb, les sommes bloqu\u00e9es, que les d\u00e9penses effectu\u00e9es pour la d\u00e9fense de Christophe Dettinger seraient r\u00e9alis\u00e9es directement par la soci\u00e9t\u00e9\u2026 et r\u00e9gl\u00e9es aux avocats sur pr\u00e9sentation de factures et de devis !<\/span><\/p>\n<p>&nbsp;<\/p>\n<p style=\"text-align: justify; padding-left: 90px;\"><span style=\"font-family: times new roman, times, serif; font-size: 14pt;\">Marl\u00e8ne Schiappa demande \u00e0 Leetchi de \u00ab\u00a0suspendre\u00a0\u00bb la cagnotte en soutien au boxeur de gendarmes<a href=\"https:\/\/t.co\/EK6rjMBMAY\">https:\/\/t.co\/EK6rjMBMAY<\/a> <a href=\"https:\/\/t.co\/bviJYUyyCE\">pic.twitter.com\/bviJYUyyCE<\/a><\/span><\/p>\n<p style=\"text-align: justify; padding-left: 90px;\"><span style=\"font-family: times new roman, times, serif; font-size: 14pt;\">\u2014 franceinfo (@franceinfo) <a href=\"https:\/\/twitter.com\/franceinfo\/status\/1082592877589483525?ref_src=twsrc%5Etfw\">8 janvier 2019<\/a><\/span><\/p>\n<p>&nbsp;<\/p>\n<p style=\"text-align: justify;\"><span style=\"font-family: times new roman, times, serif; font-size: 14pt;\">Ainsi, cette soci\u00e9t\u00e9 tr\u00e8s li\u00e9e \u00e0 Xavier Niel et filiale du Cr\u00e9dit mutuel Arkea a donc c\u00e9d\u00e9 aux pressions gouvernementales et \u00e0 l\u2019ordre donn\u00e9 par Marl\u00e8ne Schiappa. Situation absolument stup\u00e9fiante o\u00f9 le droit est simplement foul\u00e9 aux pieds.<\/span><\/p>\n<p>&nbsp;<\/p>\n<p style=\"text-align: justify; padding-left: 90px;\"><span style=\"font-family: times new roman, times, serif; font-size: 14pt;\">Bonjour<a href=\"https:\/\/twitter.com\/MarleneSchiappa?ref_src=twsrc%5Etfw\">@MarleneSchiappa<\/a>,<\/span><br \/>\n<span style=\"font-family: times new roman, times, serif; font-size: 14pt;\">Je veux cr\u00e9er une cagnotte Leetchi, mais je ne connais pas la proc\u00e9dure pour avoir votre permission. Et pour la liste des donateurs, faut l\u2019envoyer \u00e0 vous, \u00e0 <a href=\"https:\/\/twitter.com\/EmmanuelMacron?ref_src=twsrc%5Etfw\">@EmmanuelMacron<\/a>, \u00e0 <a href=\"https:\/\/twitter.com\/EPhilippePM?ref_src=twsrc%5Etfw\">@EPhilippePM<\/a>, \u00e0 <a href=\"https:\/\/twitter.com\/CCastaner?ref_src=twsrc%5Etfw\">@CCastaner<\/a> ou \u00e0 <a href=\"https:\/\/twitter.com\/BHL?ref_src=twsrc%5Etfw\">@BHL<\/a> ? Faut faire combien d\u2019exemplaires ?<\/span><\/p>\n<p style=\"text-align: justify; padding-left: 90px;\"><span style=\"font-family: times new roman, times, serif; font-size: 14pt;\">\u2014 R\u00e9mi Gaillard (@nqtv) <a href=\"https:\/\/twitter.com\/nqtv\/status\/1082644610155855872?ref_src=twsrc%5Etfw\">8 janvier 2019<\/a><\/span><\/p>\n<p>&nbsp;<\/p>\n<p style=\"text-align: justify;\"><span style=\"font-family: times new roman, times, serif; font-size: 14pt;\">En effet,<a href=\"https:\/\/www.leetchi.com\/fr\/cgu?fbclid=IwAR3M_NwtQwUP7Zsz6_u5v8e_w0gHrptrTLzuaz5uy0DHZ2ZqY7P1ze3JkMY\"> les r\u00e8gles g\u00e9n\u00e9rales de la soci\u00e9t\u00e9 Leetchi<\/a>, accept\u00e9es par l\u2019organisateur de la cagnotte, pr\u00e9voient explicitement que les sommes lui seront remises, \u00e0 charge pour lui de les r\u00e9partir en fonction de l\u2019objet et du mandat qu\u2019il a re\u00e7u des donateurs. La responsabilit\u00e9 dans l\u2019utilisation des fonds rel\u00e8ve des rapports entre l\u2019organisateur et les donateurs. La responsabilit\u00e9 de Leetchi peut \u00eatre engag\u00e9e en cas de probl\u00e8me survenant dans cette utilisation.<\/span><\/p>\n<p>&nbsp;<\/p>\n<h3 style=\"text-align: justify;\"><span style=\"font-family: times new roman, times, serif; font-size: 18pt;\"><strong>Leetchi avait-il le droit ?<\/strong><\/span><\/h3>\n<p style=\"text-align: justify;\"><span style=\"font-family: times new roman, times, serif; font-size: 14pt;\">Au-del\u00e0 des conclusions que chacun en tirera sur l\u2019impossibilit\u00e9 d\u00e9sormais de s\u2019adresser \u00e0 cette soci\u00e9t\u00e9 pour la constitution de cagnottes, il y a quand m\u00eame un tr\u00e8s s\u00e9rieux probl\u00e8me juridique.<\/span><\/p>\n<p style=\"text-align: justify;\"><span style=\"font-family: times new roman, times, serif; font-size: 14pt;\">R\u00e9sumons-nous : la cagnotte a \u00e9t\u00e9 lanc\u00e9e pour venir en aide \u00e0 Christophe Dettinger dans la proc\u00e9dure intent\u00e9e contre lui (frais de d\u00e9fense) et \u00e0 sa famille mise en difficult\u00e9 par l\u2019incarc\u00e9ration. C\u2019est bien sur cette base que les sommes ont \u00e9t\u00e9 vers\u00e9es par les donateurs et sont d\u00e9sormais entre les mains de Leetchi. Et c\u2019est la raison pour laquelle elles doivent \u00eatre remises \u00e0 l\u2019organisateur qui les utilisera sous sa responsabilit\u00e9. En violant ses propres r\u00e8gles, et en disposant \u00e0 sa guise de la somme re\u00e7ue \u00e0 l\u2019encontre de la volont\u00e9 des donateurs, ce qui constitue un d\u00e9tournement, Leetchi semble bien avoir commis le d\u00e9lit d\u2019abus de confiance pr\u00e9vu et r\u00e9prim\u00e9 par <a href=\"https:\/\/www.legifrance.gouv.fr\/affichCodeArticle.do?cidTexte=LEGITEXT000006070719&amp;idArticle=LEGIARTI000006418212&amp;dateTexte&amp;categorieLien=cid\">l\u2019article 314-1 du Code p\u00e9nal<\/a>. L\u2019organisateur et les donateurs devraient imm\u00e9diatement saisir le procureur de la R\u00e9publique pour d\u00e9poser plainte entre ses mains.<\/span><\/p>\n<p style=\"text-align: justify;\"><span style=\"font-family: times new roman, times, serif; font-size: 14pt;\">Outre l\u2019impact commercial probablement d\u00e9sastreux pour Leetchi, on peut s\u2019interroger sur ce z\u00e8le \u00e0 ex\u00e9cuter des ordres aussi manifestement douteux \u00e9mis par Marl\u00e8ne Schiappa lors d\u2019une \u00e9mission de t\u00e9l\u00e9vision.<\/span><\/p>\n<p>&nbsp;<\/p>\n<h3 style=\"text-align: justify;\"><span style=\"font-family: times new roman, times, serif; font-size: 18pt;\"><strong>Marl\u00e8ne Schiappa invente la post-complicit\u00e9\u00a0<\/strong><\/span><\/h3>\n<p style=\"text-align: justify;\"><span style=\"font-family: times new roman, times, serif; font-size: 14pt;\">Apr\u00e8s avoir consid\u00e9r\u00e9 que la cagnotte \u00e9tait ind\u00e9cente, <a href=\"https:\/\/www.cnews.fr\/france\/2019-01-09\/cagnotte-leetchi-pour-dettinger-marlene-schiappa-veut-identifier-les-donateurs\">cette derni\u00e8re a dit<\/a> : <em>\u00ab Il est souhaitable effectivement de savoir qui a donn\u00e9 \u00e0 cette cagnotte, parce que je crois que c\u2019est une forme de complicit\u00e9.<\/em> <em>\u00bb<\/em> Au-del\u00e0 de mettre de l\u2019huile sur le feu en un moment o\u00f9 il vaudrait mieux \u00e9viter, cette attitude invraisemblable t\u00e9moigne d\u2019une ignorance abyssale de r\u00e8gles de droit \u00e9l\u00e9mentaires et d\u00e9montre que Madame Schiappa, n\u2019a rien \u00e0 faire \u00e0 un poste de ministre. La soci\u00e9t\u00e9 civile c\u2019est tr\u00e8s bien, mais un gouvernement de la R\u00e9publique, ce n\u2019est pas un plateau de t\u00e9l\u00e9-r\u00e9alit\u00e9. Non mais all\u00f4 quoi ?<\/span><\/p>\n<p style=\"text-align: justify;\"><span style=\"font-family: times new roman, times, serif; font-size: 14pt;\"><a href=\"https:\/\/www.legifrance.gouv.fr\/affichCodeArticle.do?cidTexte=LEGITEXT000006070719&amp;idArticle=LEGIARTI000006417212&amp;dateTexte=&amp;categorieLien=cid\">La complicit\u00e9 en droit<\/a> c\u2019est tr\u00e8s simple, c\u2019est faciliter la commission de l\u2019infraction par fourniture de moyens. Pour \u00eatre incrimin\u00e9s, les actes doivent donc, bien \u00e9videmment, avoir \u00e9t\u00e9 commis avant ou pendant l\u2019infraction. Cette invocation ignare de la complicit\u00e9 de la part d\u2019un responsable public dans ces circonstances est inacceptable. Elle l\u2019est d\u2019autant plus que les indignations de Madame Schiappa sont particuli\u00e8rement s\u00e9lectives. Elle n\u2019a vu aucun inconv\u00e9nient et n\u2019a pas boug\u00e9 un sourcil lorsqu\u2019une initiative totalement identique a \u00e9t\u00e9 r\u00e9alis\u00e9e pour Tariq Ramadan. Elle n\u2019a pas accus\u00e9 ceux qui avaient souscrit pour la d\u00e9fense d\u2019une personne poursuivie pour viol d\u2019en avoir \u00e9t\u00e9 le complice. On notera les hi\u00e9rarchies d\u2019indignation de la secr\u00e9taire d\u2019\u00c9tat \u00e0 l\u2019Egalit\u00e9 entre les femmes et les hommes\u2026<\/span><\/p>\n<p>&nbsp;<\/p>\n<h3 style=\"text-align: justify;\"><span style=\"font-family: times new roman, times, serif; font-size: 18pt;\"><strong>Et la col\u00e8re monte, monte, monte\u2026<\/strong><\/span><\/h3>\n<p style=\"text-align: justify;\"><span style=\"font-family: times new roman, times, serif; font-size: 14pt;\">Mais la demande de communication montre aussi qu\u2019il y a bien une volont\u00e9 r\u00e9pressive qui se moque des r\u00e8gles de droit d\u2019un pays d\u00e9mocratique. Cette demande t\u00e9moigne d\u2019une attitude \u00ab\u00a0open bar\u00a0\u00bb quant \u00e0<a href=\"https:\/\/www.cnil.fr\/fr\/les-sanctions-penales\"> la violation de l\u2019\u00c9tat de droit<\/a>. Pour elle, des gens qui ont manifest\u00e9 de la compassion et de la fraternit\u00e9 pour une personne poursuivie sont des complices, doivent \u00eatre fich\u00e9s et poursuivis.<\/span><\/p>\n<p style=\"text-align: justify;\"><span style=\"font-family: times new roman, times, serif; font-size: 14pt;\">Comment \u00eatre \u00e9tonn\u00e9 que les couches populaires ne puissent plus supporter de voir \u00e0 des postes de responsabilit\u00e9 importants des gens capables d\u2019un tel comportement.<\/span><\/p>\n<p style=\"text-align: justify;\"><span style=\"font-family: times new roman, times, serif; font-size: 14pt;\">Source\u00a0: <a href=\"http:\/\/www.vududroit.com\/2019\/01\/schiappa-leetchi-violer-loi-cest-open-bar\/\">http:\/\/www.vududroit.com\/2019\/01\/schiappa-leetchi-violer-loi-cest-open-bar\/<\/a><\/span><\/p>\n<p style=\"text-align: justify;\"><span style=\"font-family: times new roman, times, serif; font-size: 14pt;\">Via\u00a0: <a href=\"https:\/\/www.causeur.fr\/leetchi-dettinger-cagnotte-schiappa-158078\">https:\/\/www.causeur.fr\/leetchi-dettinger-cagnotte-schiappa-158078<\/a><\/span><\/p>\n<p>&nbsp;<\/p>\n<p style=\"text-align: justify;\"><span style=\"font-family: times new roman, times, serif; font-size: 18pt; color: #c00000;\"><strong><em>Et la l\u00e9gitime d\u00e9fense, alors\u00a0?<\/em><\/strong><\/span><\/p>\n<p style=\"text-align: justify;\"><span style=\"font-family: times new roman, times, serif; font-size: 18pt; color: #c00000;\"><strong><em>M<sup>e<\/sup> de Castelnau est \u00e0 notre avis beaucoup trop tendre avec la donzelle. <\/em><\/strong><\/span><\/p>\n<p style=\"text-align: justify;\"><span style=\"font-family: times new roman, times, serif; font-size: 18pt; color: #c00000;\"><strong><em>Bient\u00f4t, la seule alternative sera de r\u00e9tablir la loi du 22 prairial pour emp\u00eacher la connerie \u00e0 charge nucl\u00e9aire de nous an\u00e9antir tous. Plus tard on le fera, pires seront les cons\u00e9quences.<\/em><\/strong><\/span><\/p>\n<p style=\"text-align: justify;\"><span style=\"font-family: times new roman, times, serif; font-size: 14pt;\"><strong><em>\u00a0<\/em><\/strong><\/span><\/p>\n<p>&nbsp;<\/p>\n<p style=\"text-align: center;\"><img loading=\"lazy\" class=\"alignnone wp-image-1670\" src=\"http:\/\/blog.lesgrossesorchadeslesamplesthalameges.fr\/wp-content\/uploads\/2019\/01\/GILET-1-2.gif\" alt=\"\" width=\"125\" height=\"125\" \/><\/p>\n<p>&nbsp;<\/p>\n<p>&nbsp;<\/p>\n<p style=\"text-align: right;\"><span style=\"font-family: comic sans ms, sans-serif; font-size: 14pt;\">\u00a013 janvier 2019<\/span><strong><em><br \/>\n<\/em><\/strong><\/p>\n<p>&nbsp;<\/p>\n","protected":false},"excerpt":{"rendered":"<p>&nbsp; &nbsp; &nbsp; Affaire Leetchi-Dettinger : une cagnotte pour Schiappa ! &nbsp; Les approximations de la secr\u00e9taire d&rsquo;\u00c9tat font faire \u00e0 Leetchi n&rsquo;importe quoi &nbsp; R\u00e9gis de Castelnau \u00a0\u2013 Vu du droit \u00a0\u2013\u00a0 9.1.2019 &nbsp; &nbsp; \u00a0 &nbsp; Sous la pression du gouvernement, incarn\u00e9 par Marl\u00e8ne Schiappa, la soci\u00e9t\u00e9 Leetchi a ferm\u00e9 la cagnotte ouverte&#8230;<\/p>\n","protected":false},"author":1,"featured_media":0,"parent":0,"menu_order":0,"comment_status":"open","ping_status":"open","template":"","meta":[],"_links":{"self":[{"href":"https:\/\/blog.lesgrossesorchadeslesamplesthalameges.fr\/index.php\/wp-json\/wp\/v2\/pages\/1667"}],"collection":[{"href":"https:\/\/blog.lesgrossesorchadeslesamplesthalameges.fr\/index.php\/wp-json\/wp\/v2\/pages"}],"about":[{"href":"https:\/\/blog.lesgrossesorchadeslesamplesthalameges.fr\/index.php\/wp-json\/wp\/v2\/types\/page"}],"author":[{"embeddable":true,"href":"https:\/\/blog.lesgrossesorchadeslesamplesthalameges.fr\/index.php\/wp-json\/wp\/v2\/users\/1"}],"replies":[{"embeddable":true,"href":"https:\/\/blog.lesgrossesorchadeslesamplesthalameges.fr\/index.php\/wp-json\/wp\/v2\/comments?post=1667"}],"version-history":[{"count":0,"href":"https:\/\/blog.lesgrossesorchadeslesamplesthalameges.fr\/index.php\/wp-json\/wp\/v2\/pages\/1667\/revisions"}],"wp:attachment":[{"href":"https:\/\/blog.lesgrossesorchadeslesamplesthalameges.fr\/index.php\/wp-json\/wp\/v2\/media?parent=1667"}],"curies":[{"name":"wp","href":"https:\/\/api.w.org\/{rel}","templated":true}]}}