{"id":16863,"date":"2022-02-01T18:48:50","date_gmt":"2022-02-01T17:48:50","guid":{"rendered":"http:\/\/blog.lesgrossesorchadeslesamplesthalameges.fr\/?page_id=16863"},"modified":"2022-02-01T18:50:11","modified_gmt":"2022-02-01T17:50:11","slug":"tensions-est-ouest-autour-de-lukraine-pourquoi-nentend-on-pas-ce-que-dit-la-russie","status":"publish","type":"page","link":"https:\/\/blog.lesgrossesorchadeslesamplesthalameges.fr\/index.php\/tensions-est-ouest-autour-de-lukraine-pourquoi-nentend-on-pas-ce-que-dit-la-russie\/","title":{"rendered":"Tensions Est-Ouest autour de l\u2019Ukraine : Pourquoi n\u2019entend-on pas ce que dit la Russie ?"},"content":{"rendered":"<p>&nbsp;<\/p>\n<p>&nbsp;<\/p>\n<p>&nbsp;<\/p>\n<p>&nbsp;<\/p>\n<p>&nbsp;<\/p>\n<p>&nbsp;<\/p>\n<p>&nbsp;<\/p>\n<p>&nbsp;<\/p>\n<p>&nbsp;<\/p>\n<p style=\"text-align: center;\"><span style=\"font-family: times new roman, times, serif; font-size: 36pt;\"><strong>Tensions Est-Ouest autour de l\u2019Ukraine\u00a0: Pourquoi n\u2019entend-on pas ce que dit la Russie\u00a0?<\/strong><\/span><\/p>\n<p>&nbsp;<\/p>\n<p style=\"text-align: center;\"><span style=\"font-family: times new roman, times, serif; font-size: 14pt;\"><strong>\u00a0<\/strong><\/span><\/p>\n<p style=\"text-align: center;\"><span style=\"font-family: times new roman, times, serif; font-size: 18pt;\"><strong>Bruno Drweski \u2013 <em>L.G.S.<\/em> \u201330.1.2022<\/strong><\/span><\/p>\n<p style=\"text-align: center;\"><span style=\"font-family: times new roman, times, serif; font-size: 14pt;\"><strong>\u00a0<\/strong><\/span><\/p>\n<p>&nbsp;<\/p>\n<p>&nbsp;<\/p>\n<p style=\"text-align: center;\"><a href=\"http:\/\/blog.lesgrossesorchadeslesamplesthalameges.fr\/?attachment_id=16845\" rel=\"attachment wp-att-16845\"><img loading=\"lazy\" class=\"alignnone wp-image-16845 size-full\" src=\"http:\/\/blog.lesgrossesorchadeslesamplesthalameges.fr\/wp-content\/uploads\/2022\/02\/6.-Troupes-en-Ukraine.png\" alt=\"\" width=\"600\" height=\"381\" srcset=\"https:\/\/blog.lesgrossesorchadeslesamplesthalameges.fr\/wp-content\/uploads\/2022\/02\/6.-Troupes-en-Ukraine.png 600w, https:\/\/blog.lesgrossesorchadeslesamplesthalameges.fr\/wp-content\/uploads\/2022\/02\/6.-Troupes-en-Ukraine-300x191.png 300w\" sizes=\"(max-width: 600px) 100vw, 600px\" \/><\/a><\/p>\n<p>&nbsp;<\/p>\n<p>&nbsp;<\/p>\n<p>&nbsp;<\/p>\n<p style=\"text-align: justify;\"><span style=\"font-family: tahoma, arial, helvetica, sans-serif; font-size: 14pt;\"><strong>On nous r\u00e9p\u00e8te comme un mantra que la Russie serait une ennemie de la d\u00e9mocratie aux traditions irr\u00e9m\u00e9diablement autoritaires alors que son syst\u00e8me politique actuel r\u00e9sulte d\u2019une constitution adopt\u00e9e en 1993 certes au pas de charge, mais sur les conseils d\u2019Occidentaux qui avaient alors leurs entr\u00e9es \u00e0 tous les niveaux de l\u2019administration russe et m\u00eame de ses bases militaires et du KGB.<\/strong> <strong>Peu nombreux sont d\u2019ailleurs ceux qui sont pr\u00eats \u00e0 admettre que les puissances capitalistes occidentales qui se sont crues \u00ab\u00a0victorieuses\u00a0\u00bb en 1991 ont alors humili\u00e9 les Russes. Quant \u00e0 l\u2019\u00e9quilibre des forces entre la Russie et les pays de l\u2019OTAN il n\u2019y a qu\u2019\u00e0 regarder la carte pour constater que l\u2019URSS finissante puis la Russie ont accept\u00e9 de reculer syst\u00e9matiquement depuis 1989 et que ce \u00ab\u00a0vide\u00a0\u00bb a \u00e9t\u00e9 rempli par l\u2019OTAN aujourd\u2019hui quasiment aux portes de Moscou. La tension autour de l\u2019Ukraine n\u2019est donc que la cons\u00e9quence d\u2019une Russie qui consid\u00e8re qu&rsquo;elle s\u2019est vue oblig\u00e9e de faire montre de fermet\u00e9 apr\u00e8s tant de reculades. Ne doit-on pas au moins essayer de comprendre la source de ce sentiment\u00a0?<\/strong><\/span><\/p>\n<p>&nbsp;<\/p>\n<p style=\"text-align: justify;\"><span style=\"font-family: times new roman, times, serif; font-size: 14pt;\">On doit savoir que si la Russie n\u2019a pas \u00e9t\u00e9 int\u00e9gr\u00e9e dans l\u2019Occident ce n\u2019est pas uniquement \u00e0 cause de l\u2019arrogance occidentale et de la surestimation de leurs forces par les \u00e9lites occidentales, de leurs moyens. La Russie n\u2019a pas non plus \u00e9t\u00e9 \u00ab\u00a0vaincue\u00a0\u00bb en 1991, contrairement \u00e0 ce que dictait leur sentiment d\u2019autosatisfaction aux dirigeants des pays occidentaux \u00e9gocentr\u00e9s de l\u2019\u00e9poque, car la classe dirigeante sovi\u00e9tique a \u00ab\u00a0librement\u00a0\u00bb d\u00e9cid\u00e9 de dissoudre le communisme et l\u2019URSS, pour des raisons d\u2019int\u00e9r\u00eats de classe&#8230; mal per\u00e7us.<\/span><\/p>\n<p>&nbsp;<\/p>\n<p style=\"text-align: justify;\"><span style=\"font-family: times new roman, times, serif; font-size: 14pt;\">Mais ce \u00ab\u00a0m\u00e9pris\u00a0\u00bb pour la Russie a \u00e9t\u00e9 et reste surtout d\u00fb au fait que le capitalisme avait besoin en Russie et dans toute l\u2019Eurasie d\u2019un march\u00e9 captif et passif, mais certainement pas d\u2019un partenaire, car un partenaire cela aurait voulu dire un concurrent de plus au sein du syst\u00e8me unipolaire, un conflit intra-imp\u00e9rialiste de plus. Les USA peuvent accepter des petits chienchiens bien dress\u00e9s et avec de petites arri\u00e8re-cours n\u00e9ocoloniales comme l\u2019Angleterre, la France, la RFA depuis sa r\u00e9unification, car ces pays sont p\u00e9n\u00e9tr\u00e9s depuis 1945 par des agents d\u2019influence US, <em>soft<\/em> ou <em>hard<\/em>, sans parler des autres petits pays europ\u00e9ens, mais ne serait-ce que par sa taille, la Russie ne pouvait \u00eatre r\u00e9duite \u00e0 un chienchien, donc il \u00e9tait illusoire d\u2019envisager son int\u00e9gration dans le capitalisme\/imp\u00e9rialisme unipolaire.<\/span><\/p>\n<p>&nbsp;<\/p>\n<p style=\"text-align: justify;\"><span style=\"font-family: times new roman, times, serif; font-size: 14pt;\">C\u2019est pour cela que Brzezinski militait ouvertement pour que la Russie survivante soit cass\u00e9e en quatre ou cinq \u00c9tats. Mais bien s\u00fbr, \u00e0 cette \u00e9poque, les \u00e9lites russes et post-communistes, pass\u00e9es du mat\u00e9rialisme \u00e0 l\u2019id\u00e9alisme, Poutine compris, n\u2019ont pu le comprendre tout de suite, et se sont laiss\u00e9es avoir&#8230; sauf les gros capitalistes russes (dits \u00ab\u00a0oligarques\u00a0\u00bb) qui, eux, ont pu placer les produits de leur pillage int\u00e9rieur dans les \u00ab\u00a0paradis fiscaux\u00a0\u00bb sous protection du gendarme OTAN. Le parti pro-OTAN existe toujours \u00e0 la cour du Kremlin, en particulier l\u2019inamovible pr\u00e9sidence de la banque nationale et plusieurs minist\u00e8res \u00e9conomiques en conflit permanent avec les \u00ab\u00a0minist\u00e8res de force\u00a0\u00bb, les \u00ab\u00a0siloviki\u00a0\u00bb, les diplomates russes navigant entre les deux.<\/span><\/p>\n<p>&nbsp;<\/p>\n<p style=\"text-align: justify;\"><span style=\"font-family: times new roman, times, serif; font-size: 14pt;\">Dans ce contexte, si la bourgeoisie compradore russe a poursuivi et poursuit jusqu\u2019\u00e0 aujourd\u2019hui, \u00e0 l\u2019ext\u00e9rieur comme \u00e0 l\u2019int\u00e9rieur de l\u2019appareil gouvernemental russe, sa strat\u00e9gie visant \u00e0 ramener la Russie \u00e0 l\u2019\u00e9tat de chienchien n\u00e9o-eltsinien, la bourgeoisie nationale russe (voir \u00ab\u00a0les contradictions au sein du peuple\u00a0\u00bb de Mao Zedong), elle, a compris que la Russie devait avoir son capitalisme national concurrentiel avec le capitalisme USAno-occidental, \u00e0 l\u2019abri d\u2019ailleurs de la puissance \u00e9conomique chinoise et d\u2019autres partenaires \u00ab\u00a0contre-h\u00e9g\u00e9moniques\u00a0\u00bb pour faire le poids.<\/span><\/p>\n<p>&nbsp;<\/p>\n<p style=\"text-align: justify;\"><span style=\"font-family: times new roman, times, serif; font-size: 14pt;\">L\u2019observation des \u00e9v\u00e9nements depuis 1989 semble donc d\u00e9montrer que les USA\/OTAN ont besoin de guerres permanentes car les d\u00e9localisations + la financiarisation du capitalisme \u00ab\u00a0post-unipolaire\u00a0\u00bb ont fait que la seule production r\u00e9elle toujours bien concentr\u00e9e \u00e0 l\u2019ouest, c\u2019est celle des armements, et que, donc, le lobby militaro-industriel y est incomparablement plus puissant qu\u2019\u00e0 l\u2019\u00e9poque o\u00f9 Eisenhower mettait d\u00e9j\u00e0 en garde son peuple contre lui. D\u2019o\u00f9 le t\u00e9l\u00e9guidage vers l\u2019administation politique des USA de porte-serviettes soit \u00ab\u00a0alzheim\u00e9riens avanc\u00e9s\u00a0\u00bb soit fous furieux \u00ab\u00a0autistes\u00a0\u00bb et incultes style Blinken\/Sullivan\/Pelosi\/mrs.Clinton\/Power\/Nuland et autres neocons&#8230; dans tous les sens de cette derni\u00e8re syllabe.<\/span><\/p>\n<p>&nbsp;<\/p>\n<p style=\"text-align: justify;\"><span style=\"font-family: times new roman, times, serif; font-size: 14pt;\">L\u2019Ukraine en soi est une faillite \u00e9conomique et \u00e9tatique aujourd\u2019hui, et la Russie n\u2019a qu\u2019\u00e0 attendre que le fruit mur&#8230; et d\u00e9j\u00e0 un peu pourri tombe de l\u2019arbre, mais le Kremlin ne peut accepter que, via l\u2019Ukraine, Moscou soit \u00e0 4 minutes des missiles US\/OTAN qui seraient bas\u00e9s en Ukraine (la Russie a d\u00e9j\u00e0 accept\u00e9 d\u2019avaler la couleuvre que la Lettonie pas tellement plus \u00e9loign\u00e9e de Moscou soit dans l\u2019OTAN, et sur ce terrain elle exige un retrait des troupes US&amp;co. ltd.), alors il fallait pour Moscou faire d\u2019une pierre deux coups\u00a0:<\/span><\/p>\n<p>&nbsp;<\/p>\n<p style=\"text-align: justify;\"><span style=\"font-family: times new roman, times, serif; font-size: 14pt;\">1\/ montrer que la Russie ne reculerait plus comme elle l\u2019avait fait \u00e0 chaque \u00e9largissement de l\u2019OTAN, donc montrer ses dents, \u00ab\u00a0co\u00fbte que co\u00fbte\u00a0\u00bb comme dirait l\u2019autre. Un pari hasardeux, mais la Russie ne peut plus se payer le luxe de reculer, l\u2019ennemi potentiel est aux portes de Moscou, comme en 1941.<\/span><\/p>\n<p>&nbsp;<\/p>\n<p style=\"text-align: justify;\"><span style=\"font-family: times new roman, times, serif; font-size: 14pt;\">2\/ Achever d\u2019essouffler l\u2019\u00e9conomie ukrainienne car la mobilisation de l\u2019arm\u00e9e ukrainienne actuelle coute tr\u00e8s cher et Kiev ne tiendra pas six mois \u00e0 ce rythme, elle s\u2019effondrera&#8230; les USA sont mis devant un dilemme&#8230; mieux\u2026 une contradiction\u00a0!!!\u00a0: soit ils entretiennent l\u2019\u00c9tat-failli ukrainien \u00e0 fonds perdus (ce qui satisfera le lobby militaro-industriel US, lequel vendra des armes au gouvernement US qui les donnera gratuitement \u00e0 Kiev incapable de payer), soit le contribuable US (et Trump qui risque de gagner les \u00ab\u00a0<em>mid terms<\/em>\u00a0\u00bb et d\u00e9clare d\u00e9j\u00e0 que l\u2019appui US \u00e0 Kiev est une stupidit\u00e9 tr\u00e8s co\u00fbteuse) ne pourra pas tenir dans une \u00e9conomie en crise, et Washington devra se retirer d\u2019Ukraine la queue basse, ce qui explique la mise en orbite de l\u2019id\u00e9e de la vice-directrice de l\u2019institut Delors d\u2019accepter une \u00ab\u00a0finlandisation\u00a0\u00bb de l\u2019Ukraine (voir son interview cette semaine dans \u00ab\u00a0Le Soir\u00a0\u00bb). \u00c0 ce moment l\u00e0 \u2013 et les Chinois y travaillent d\u00e9j\u00e0 et Poutine semble l\u2019envisager \u2013 il sera temps de sauver la face des USA pour qu\u2019ils acceptent de se replier sur une politique \u00ab\u00a0\u00e0 l\u2019autrichienne post-Sadowa\u00a0\u00bb\u00a0: faire semblant d\u2019\u00eatre toujours une grande puissance tout en remettant les bijoux de famille dans le coffre du vainqueur que l\u2019oncle Sam devra suivre d\u00e9sormais, dans le cadre d\u2019un monde multipolaire o\u00f9 Washington sera un joueur de moins en moins influent et de moins en moins consult\u00e9. \u00c0 ce moment-l\u00e0, les diverses petites puissances europ\u00e9ennes r\u00e9siduelles devront envisager de se positionner par rapport aux nouvelles puissances. Et l\u00e0, on verra bien s\u2019il existe encore une \u00ab\u00a0opinion\u00a0\u00bb europ\u00e9enne capable de sortir de sa l\u00e9thargie et de son apparente mort c\u00e9r\u00e9brale (visible avec les ph\u00e9nom\u00e8nes Zemmour, Salvini, Johnson, Kaczynski et autres, aux c\u00f4t\u00e9s des pitoyables\u2026 \u00a0Macron, <em>new old new Labour<\/em>, Draghi, Van Leyen et autres \u00ab\u00a0lamentables\u00a0\u00bb, pour paraphraser lady Clinton.).<\/span><\/p>\n<p>&nbsp;<\/p>\n<p style=\"text-align: justify;\"><span style=\"font-family: times new roman, times, serif; font-size: 14pt;\">D\u2019ailleurs, dans ce contexte, l\u2019action de Poutine exacerbe les divergences entre Washington et Berlin malgr\u00e9 la Walkyrie guerri\u00e8re vert&#8230; de gris, au Minist\u00e8re des Affaires \u00e9trang\u00e8res allemand. Stolz a refus\u00e9 de rencontrer Biden et ferm\u00e9 son espace a\u00e9rien pour les envois d\u2019armes anglaises vers l\u2019Ukraine, ce qui montre que la RFA n\u2019accepte pas, derri\u00e8re ses paroles otanistes, de suivre passivement la ligne belliqueuse de Washington.<\/span><\/p>\n<p>&nbsp;<\/p>\n<p style=\"text-align: justify;\"><span style=\"font-family: times new roman, times, serif; font-size: 14pt;\">Pour ce qui est du Donbass, la ligne est toujours la m\u00eame, imposer par la force le respect des accords de Minsk, ce qui passe par l\u2019appui de Berlin et de son suppl\u00e9tif parisien.<\/span><\/p>\n<p>&nbsp;<\/p>\n<p style=\"text-align: justify;\"><span style=\"font-family: times new roman, times, serif; font-size: 14pt;\">L\u2019opinion occidentale\u00a0?&#8230; Elle n\u2019existe tout simplement plus aujourd\u2019hui, elle est t\u00e9tanis\u00e9e pour le moment, on n\u2019a donc pas \u00e0 compter avec elle, elle suivra ce qu\u2019on lui dira de suivre, Macron, Zemmour, Le Pen, Pecresse, Johnson &amp; Labour \u00ab\u00a0mod\u00e9r\u00e9\u00a0\u00bb, verts de gris allemands, Draghi, Berlusconi, et autres fant\u00f4mes&#8230; sauf aux USA, avec le ph\u00e9nom\u00e8ne Trump qui, certes, la fait d\u00e9vier mais qui joue sur elle. Les Europ\u00e9ens sont amorphes et vieillis, ils n\u2019ont plus aucune force constitutive en tant que masses constitu\u00e9es, et donc ce qui compte pour la Russie, ce sont les vraies opinions mobilisables\u00a0: Afrique, Am\u00e9rique latine, Asie. Et sur ce plan l\u00e0, le Kremlin a marqu\u00e9 des points incontestables malgr\u00e9 la relative faiblesse de ses atouts \u00e9conomiques. Et pour marquer des points en Afrique, le Kremlin doit appara\u00eetre comme un lion vis \u00e0 vis des anciennes puissances coloniales n\u00e9o- et post-coloniales et les USA. C\u2019est ce qu\u2019il fait en d\u00e9fendant la paix mondiale et en facilitant les nouvelles routes de la soie chinoises qui apportent sur le terrain de l\u2019\u00e9conomie productive ce que la Russie saccag\u00e9e apr\u00e8s 1991 n\u2019est toujours pas vraiment en \u00e9tat d\u2019apporter. Ce n\u2019est pas parce que Poutine est un ange&#8230; il en est loin\u00a0!!! C\u2019est parce que Poutine ne peut pas ne pas tenir compte des int\u00e9r\u00eats de sa bourgeoisie nationale qui soutient un \u00c9tat protecteur&#8230; contre l\u2019\u00e9conomie pr\u00e9datrice made in USA et\u2026 aussi contre son peuple, qui demande un \u00c9tat social et qu\u2019il faut un peu flatter dans son orgueil national pour lui faire avaler les couleuvres du genre r\u00e9forme des retraites impos\u00e9es sur intervention du FMI.<\/span><\/p>\n<p>&nbsp;<\/p>\n<p style=\"text-align: justify;\"><span style=\"font-family: times new roman, times, serif; font-size: 14pt;\">Il est clair que la Russie n\u2019a aucun int\u00e9r\u00eat \u00e0 la guerre, elle profite des cours du p\u00e9trole et du gaz pour renflouer ses caisses et faire pression militaire sur l\u2019OTAN et son factotum ki\u00e9vien, qui fonctionne \u00e0 fonds perdus. La Russie doit donc maintenant tenir fermement six mois, d\u2019ici l\u00e0 l\u2019Ukraine se sera effondr\u00e9e \u00e9conomiquement \u00e0 moins que les pays occidentaux ne la renflouent&#8230; ce qui acc\u00e9l\u00e9rerait l\u2019effritement, voire le crash selon certains (?), de l\u2019\u00e9conomie occidentale. Poutine joue donc gros car il parie sur la faiblesse de caract\u00e8re des fous autocentr\u00e9s, egocentr\u00e9s et ethnocentr\u00e9s au pouvoir \u00e0 l\u2019ouest. Il n\u2019a pas int\u00e9r\u00eat \u00e0 l\u2019effondrement trop rapide du dollar, mais il a d\u00e9j\u00e0 test\u00e9 l\u2019\u00e9tat d\u2019autisme politique des \u00e9lites occidentales actuelles qui n\u2019entendent aucun argument rationnel et qu\u2019on ne peut donc pas convaincre de faire des compromis en utilisant la raison. Ces fous, il faut les amener \u00e0 la limite de la faillite pour que les \u00ab\u00a0r\u00e9alistes\u00a0\u00bb au sein du Pentagone, de la CIA et des rares entreprises encore productives civiles en Occident fassent un coup d\u2019\u00c9tat (peu importe le nom qu\u2019on lui donnera ou l\u2019apparence d\u00e9mocratique que l\u2019on conservera) pour renverser la coalition \u00ab\u00a0autistes-alzheimeriens\u00a0\u00bb au pouvoir dans les grandes capitales occidentales (avec un b\u00e9mol pour la RFA o\u00f9 il semblerait que Stolz ne soit pas aussi caricaturalement stupide qu\u2019on pensait \u00e0 la lecture du programme de la nouvelle coalition allemande puisque, lui, il semble capable d\u2019\u00e9couter la voix de son patronat qui a int\u00e9r\u00eat \u00e0 mener une politique d\u2019investissements industriels dans l\u2019immense march\u00e9 russe et eurasiatique en convergence avec les Chinois&#8230; car l\u2019Allemagne est quasiment la seule puissance industrielle non militaire survivante \u00e0 l\u2019Ouest, elle a donc une bourgeoisie productive d\u2019autres choses que de jouets militaires dispendieux&#8230; et souvent inefficaces. Voir le F-35 qui se casse la gueule de fa\u00e7on r\u00e9currente, alors que les armes russes montrent leur efficacit\u00e9 en Syrie et ailleurs pour bien moins cher). Pour le moment, vu l\u2019\u00e9tat d\u2019effritement des forces populaires, prol\u00e9tariennes, r\u00e9volutionnaires, l\u2019axe de la vie politique tourne autour des rapports entre bourgeoisies imp\u00e9rialistes, bourgeoisies compradores et bourgeoisies nationales. D\u2019o\u00f9 les convergences entre pays contre-h\u00e9g\u00e9moniques aux syst\u00e8mes sociaux tr\u00e8s diff\u00e9rents.<\/span><\/p>\n<p>&nbsp;<\/p>\n<p><span style=\"font-family: times new roman, times, serif; font-size: 14pt;\">Et pour terminer artistiquement, voil\u00e0 un des chanteurs les plus populaires du Burkina Faso&#8230; R\u00e9v\u00e9lateur\u00a0:<\/span><\/p>\n<p>&nbsp;<\/p>\n<p style=\"text-align: center;\"><span style=\"font-family: times new roman, times, serif; font-size: 24pt;\"><strong>Almamy kJ Imp\u00e9rialisme\u00a0:<\/strong><\/span><\/p>\n<p style=\"text-align: center;\"><span style=\"font-family: times new roman, times, serif; font-size: 14pt;\"><strong>\u00a0<a href=\"http:\/\/blog.lesgrossesorchadeslesamplesthalameges.fr\/index.php\/2022\/01\/29\/le-variant-ocamion-arrive\/000-vers-le-bas-fleche-rouge-gif-copie-8\/\" rel=\"attachment wp-att-16820\"><img loading=\"lazy\" class=\"alignnone size-full wp-image-16820\" src=\"http:\/\/blog.lesgrossesorchadeslesamplesthalameges.fr\/wp-content\/uploads\/2022\/01\/000.-vers-le-bas-fl\u00e8che-rouge-GIF-Copie-4.gif\" alt=\"\" width=\"100\" height=\"100\" \/><\/a><\/strong><\/span><\/p>\n<p style=\"text-align: center;\"><span style=\"font-family: times new roman, times, serif; font-size: 14pt;\"><a href=\"https:\/\/www.youtube.com\/watch?v=VsRIdz-siAQ%3c\/\"><strong><span style=\"font-size: 18pt;\">https:\/\/www.youtube.com\/watch?v=VsRIdz-siAQ&lt;\/<\/span><\/strong><\/a><\/span><\/p>\n<p style=\"text-align: center;\"><span style=\"font-family: times new roman, times, serif; font-size: 14pt;\"><strong>\u00a0<\/strong><\/span><\/p>\n<p>&nbsp;<\/p>\n<p style=\"text-align: left;\"><span style=\"font-family: times new roman, times, serif; font-size: 14pt;\">Source : <a href=\"https:\/\/www.legrandsoir.info\/tensions-est-ouest-autour-de-l-ukraine-pourquoi-n-entend-on-pas-ce-que-dit-la-russie.html\">https:\/\/www.legrandsoir.info\/tensions-est-ouest-autour-de-l-ukraine-pourquoi-n-entend-on-pas-ce-que-dit-la-russie.html<\/a><\/span><\/p>\n<p style=\"text-align: left;\"><span style=\"font-family: times new roman, times, serif; font-size: 14pt;\"><strong>URL de cet article\u00a0: <\/strong><a href=\"http:\/\/blog.lesgrossesorchadeslesamplesthalameges.fr\/index.php\/tensions-est-ouest-autour-de-lukraine-pourquoi-nentend-on-pas-ce-que-dit-la-russie\/\">http:\/\/blog.lesgrossesorchadeslesamplesthalameges.fr\/index.php\/tensions-est-ouest-autour-de-lukraine-pourquoi-nentend-on-pas-ce-que-dit-la-russie\/<\/a><strong><br \/>\n<\/strong><\/span><\/p>\n<p><span style=\"font-family: times new roman, times, serif; font-size: 14pt;\"><strong>\u00a0<\/strong><\/span><\/p>\n<p>&nbsp;<\/p>\n<p>&nbsp;<\/p>\n<p style=\"text-align: center;\"><strong>\u00a0<a href=\"http:\/\/blog.lesgrossesorchadeslesamplesthalameges.fr\/?attachment_id=16843\" rel=\"attachment wp-att-16843\"><img loading=\"lazy\" class=\"alignnone size-full wp-image-16843\" src=\"http:\/\/blog.lesgrossesorchadeslesamplesthalameges.fr\/wp-content\/uploads\/2022\/02\/000.-Explosion.jpg\" alt=\"\" width=\"150\" height=\"150\" \/><\/a><\/strong><\/p>\n<p><strong>\u00a0<\/strong><\/p>\n<p><strong>\u00a0<\/strong><\/p>\n<p>&nbsp;<\/p>\n<p style=\"text-align: right;\"><span style=\"font-family: comic sans ms, sans-serif; font-size: 14pt;\">Janvier 2022<\/span><\/p>\n<p>&nbsp;<\/p>\n<p>&nbsp;<\/p>\n","protected":false},"excerpt":{"rendered":"<p>&nbsp; &nbsp; &nbsp; &nbsp; &nbsp; &nbsp; &nbsp; &nbsp; &nbsp; Tensions Est-Ouest autour de l\u2019Ukraine\u00a0: Pourquoi n\u2019entend-on pas ce que dit la Russie\u00a0? &nbsp; \u00a0 Bruno Drweski \u2013 L.G.S. \u201330.1.2022 \u00a0 &nbsp; &nbsp; &nbsp; &nbsp; &nbsp; On nous r\u00e9p\u00e8te comme un mantra que la Russie serait une ennemie de la d\u00e9mocratie aux traditions irr\u00e9m\u00e9diablement autoritaires alors&#8230;<\/p>\n","protected":false},"author":1,"featured_media":0,"parent":0,"menu_order":0,"comment_status":"open","ping_status":"open","template":"","meta":[],"_links":{"self":[{"href":"https:\/\/blog.lesgrossesorchadeslesamplesthalameges.fr\/index.php\/wp-json\/wp\/v2\/pages\/16863"}],"collection":[{"href":"https:\/\/blog.lesgrossesorchadeslesamplesthalameges.fr\/index.php\/wp-json\/wp\/v2\/pages"}],"about":[{"href":"https:\/\/blog.lesgrossesorchadeslesamplesthalameges.fr\/index.php\/wp-json\/wp\/v2\/types\/page"}],"author":[{"embeddable":true,"href":"https:\/\/blog.lesgrossesorchadeslesamplesthalameges.fr\/index.php\/wp-json\/wp\/v2\/users\/1"}],"replies":[{"embeddable":true,"href":"https:\/\/blog.lesgrossesorchadeslesamplesthalameges.fr\/index.php\/wp-json\/wp\/v2\/comments?post=16863"}],"version-history":[{"count":5,"href":"https:\/\/blog.lesgrossesorchadeslesamplesthalameges.fr\/index.php\/wp-json\/wp\/v2\/pages\/16863\/revisions"}],"predecessor-version":[{"id":16868,"href":"https:\/\/blog.lesgrossesorchadeslesamplesthalameges.fr\/index.php\/wp-json\/wp\/v2\/pages\/16863\/revisions\/16868"}],"wp:attachment":[{"href":"https:\/\/blog.lesgrossesorchadeslesamplesthalameges.fr\/index.php\/wp-json\/wp\/v2\/media?parent=16863"}],"curies":[{"name":"wp","href":"https:\/\/api.w.org\/{rel}","templated":true}]}}