{"id":16870,"date":"2022-02-01T19:09:56","date_gmt":"2022-02-01T18:09:56","guid":{"rendered":"http:\/\/blog.lesgrossesorchadeslesamplesthalameges.fr\/?page_id=16870"},"modified":"2022-02-01T19:11:08","modified_gmt":"2022-02-01T18:11:08","slug":"dissimulatio","status":"publish","type":"page","link":"https:\/\/blog.lesgrossesorchadeslesamplesthalameges.fr\/index.php\/dissimulatio\/","title":{"rendered":"Dissimulatio"},"content":{"rendered":"<p>&nbsp;<\/p>\n<p>&nbsp;<\/p>\n<p>&nbsp;<\/p>\n<p>&nbsp;<\/p>\n<p>&nbsp;<\/p>\n<p>&nbsp;<\/p>\n<p>&nbsp;<\/p>\n<p>&nbsp;<\/p>\n<p style=\"text-align: center;\"><strong><span style=\"font-family: times new roman, times, serif; font-size: 48pt;\"><em>Dissimulatio<\/em><\/span><\/strong><\/p>\n<p style=\"text-align: center;\"><span style=\"font-family: times new roman, times, serif; font-size: 14pt;\"><em>\u00a0<\/em><\/span><\/p>\n<p>&nbsp;<\/p>\n<p>&nbsp;<\/p>\n<p style=\"text-align: center;\"><a href=\"http:\/\/blog.lesgrossesorchadeslesamplesthalameges.fr\/?attachment_id=16848\" rel=\"attachment wp-att-16848\"><img loading=\"lazy\" class=\"alignnone wp-image-16848 size-full\" src=\"http:\/\/blog.lesgrossesorchadeslesamplesthalameges.fr\/wp-content\/uploads\/2022\/02\/8.-Dissimulatio.jpg\" alt=\"\" width=\"300\" height=\"464\" srcset=\"https:\/\/blog.lesgrossesorchadeslesamplesthalameges.fr\/wp-content\/uploads\/2022\/02\/8.-Dissimulatio.jpg 300w, https:\/\/blog.lesgrossesorchadeslesamplesthalameges.fr\/wp-content\/uploads\/2022\/02\/8.-Dissimulatio-194x300.jpg 194w\" sizes=\"(max-width: 300px) 100vw, 300px\" \/><\/a><\/p>\n<p>&nbsp;<\/p>\n<p>&nbsp;<\/p>\n<p style=\"text-align: center;\"><span style=\"font-family: times new roman, times, serif; font-size: 14pt;\">Monaldi e Sorti<\/span><\/p>\n<p style=\"text-align: center;\"><span style=\"font-family: times new roman, times, serif; font-size: 18pt;\"><strong><em>Dissimulatio<\/em><\/strong><\/span><\/p>\n<p style=\"text-align: center;\"><span style=\"font-family: times new roman, times, serif; font-size: 14pt;\">Baldini &amp; Castoldi \u2013 2017<\/span><\/p>\n<p style=\"text-align: center;\"><span style=\"font-family: times new roman, times, serif; font-size: 14pt;\">Langue\u00a0: italien<\/span><\/p>\n<p style=\"text-align: center;\"><span style=\"font-family: times new roman, times, serif; font-size: 14pt;\">235 pages<\/span><\/p>\n<p>&nbsp;<\/p>\n<p>&nbsp;<\/p>\n<p style=\"text-align: center;\"><span style=\"font-family: times new roman, times, serif; font-size: 14pt;\"><strong><em>Dissimulatio<\/em><\/strong> est la suite ou si on veut le pendant de <strong><em>Mysterium<\/em><\/strong>. Ensemble, les deux livres forment ce que les auteurs appellent\u00a0: une fable \u00e0 deux visages.<\/span><\/p>\n<p>&nbsp;<\/p>\n<p>&nbsp;<\/p>\n<p>&nbsp;<\/p>\n<p style=\"text-align: justify;\"><span style=\"font-family: times new roman, times, serif; font-size: 14pt;\">Paris, janvier 1647. Il y a 375 ans tout juste. Dans un relais de poste des environs de la ville, un groupe de voyageurs qui viennent d\u2019arriver d&rsquo;Italie se r\u00e9chauffent au coin du feu : un libraire, un castrat v\u00e9nitien qui est en r\u00e9alit\u00e9 la chanteuse Barbara Strozzi, fille du compositeur du m\u00eame nom, le jeune castrat Atto Melani, pr\u00eat\u00e9 \u00e0 Mazarin par ses \u00ab\u00a0protecteurs\u00a0\u00bb les M\u00e9dicis de Florence, accompagn\u00e9 de son secr\u00e9taire et de son ma\u00eetre et rival, le c\u00e9l\u00e8bre Malagigi, et enfin Gabriel Naud\u00e9, biblioth\u00e9caire du cardinal-Premier ministre fran\u00e7ais.<\/span><\/p>\n<p>&nbsp;<\/p>\n<p style=\"text-align: justify;\"><span style=\"font-family: times new roman, times, serif; font-size: 14pt;\">Son \u00c9minence a convoqu\u00e9 \u00e0 la h\u00e2te, \u00e0 Paris, des dizaines de chanteurs, de musiciens et de d\u00e9corateurs, pour cr\u00e9er\u00a0 \u2013 en d\u00e9pit de l\u2019aversion grandissante des Fran\u00e7ais pour tout ce qui vient d\u2019Italie \u2013 un nouvel op\u00e9ra, <em>Orph\u00e9e<\/em>, quoiqu\u2019il se murmure d\u00e9j\u00e0 qu\u2019il ne sera pas jou\u00e9, sans que l\u2019on sache pourquoi, car \u00e0 la Cour de France, rien n&rsquo;est plus important que les repr\u00e9sentations d\u2019op\u00e9ra, de th\u00e9\u00e2tre et de ballet. Alors, qu&rsquo;est-ce qui se passe au juste ?<\/span><\/p>\n<p>&nbsp;<\/p>\n<p style=\"text-align: justify;\"><span style=\"font-family: times new roman, times, serif; font-size: 14pt;\">On ne sait pas, mais les r\u00e9p\u00e9titions viennent de commencer au Th\u00e9\u00e2tre Royal, en pr\u00e9sence du Cardinal, quand un attentat s\u00e8me la panique parmi les artistes : quelqu&rsquo;un a sabot\u00e9 une machine de sc\u00e8ne, qui s&rsquo;\u00e9crase sur le plateau et manque de peu tuer Malagigi, protagoniste principal\u2026 qui se trouvait \u00e0 deux pas du pr\u00e9lat. Qui voulait le tuer ? Lui ou qui d\u2019autre\u00a0? Et pourquoi ? Le principal suspect est Atto Melani, son rival sur la sc\u00e8ne et en ce moment dans la vie (tous deux \u00e9tant les amants de Barbara en d\u00e9pit de leur condition commune). Atto refuse obstin\u00e9ment de fournir un alibi, mais son secr\u00e9taire et la jeune chanteuse d\u00e9guis\u00e9e ne s&rsquo;arr\u00eatent pas \u00e0 ces apparences et d\u00e9cident d&rsquo;aller chercher la v\u00e9rit\u00e9, o\u00f9 qu\u2019elle se trouve.<\/span><\/p>\n<p>&nbsp;<\/p>\n<p style=\"text-align: justify;\"><span style=\"font-family: times new roman, times, serif; font-size: 14pt;\">Franchement, trop de bizarreries accompagnent les r\u00e9p\u00e9titions d&rsquo;<em>Orph\u00e9e<\/em> : \u00e0 commencer par les co\u00fbts \u00e9normes et par le comportement bizarre de Mazarin, qui, avec cet op\u00e9ra et cette affluence ostentatoire d\u2019Italiens universellement mal vus, n&rsquo;a pas peur d&rsquo;irriter les Fran\u00e7ais. Des complotistes diraient qu\u2019il les provoque. Mais encore une fois, pourquoi\u00a0? Dans quel but\u00a0?<\/span><\/p>\n<p>&nbsp;<\/p>\n<p style=\"text-align: justify;\"><span style=\"font-family: times new roman, times, serif; font-size: 14pt;\">Il ne faut pas oublier, planant sur tout cela enfin, l&rsquo;ombre des vrais puissants\u00a0: les grands banquiers, usuriers d\u00e9tenteurs de la dette fran\u00e7aise par le biais des pr\u00eats qu\u2019ils consentent \u00e0 Mazarin, tout en conspirant contre lui. Italiens eux aussi.<\/span><\/p>\n<p>&nbsp;<\/p>\n<p style=\"text-align: justify;\"><span style=\"font-family: times new roman, times, serif; font-size: 14pt;\">Disons pour abr\u00e9ger qu\u2019il n\u2019est bruit que du remplacement de l\u2019op\u00e9ra par un ballet qui serait donn\u00e9 en l\u2019honneur du prince de Cond\u00e9, vainqueur idol\u00e2tr\u00e9 de Rocroi, o\u00f9 celui-ci et les autres grands du royaume devraient danser dans un ballet \u00e0 leur gloire, le r\u00f4le des plan\u00e8tes qui pr\u00e9sident de l\u00e0-haut aux destin\u00e9es de la France\u00a0; autour de lui, gravitent en effet les duc de Beaufort et de Guise, le marquis de Chateauneuf, la duchesse de Chevreuse, le comte de Montr\u00e9sor, bref la belle brochette de tra\u00eetres qui pr\u00e9pare en sous-main la Fronde. Faut-il rappeler qu\u2019ils s\u2019allieront, contre leur pays, \u00e0 Cromwell et \u00e0 Philippe IV d\u2019Espagne\u00a0? C\u2019est \u00e0 se croire d\u00e9j\u00e0 en pleine contre-R\u00e9volution.<\/span><\/p>\n<p>&nbsp;<\/p>\n<p>&nbsp;<\/p>\n<p>&nbsp;<\/p>\n<p style=\"text-align: center;\"><a href=\"http:\/\/blog.lesgrossesorchadeslesamplesthalameges.fr\/index.php\/dissimulatio\/13-louis_grand_conde-gif\/\" rel=\"attachment wp-att-16871\"><img loading=\"lazy\" class=\"alignnone wp-image-16871 size-full\" src=\"http:\/\/blog.lesgrossesorchadeslesamplesthalameges.fr\/wp-content\/uploads\/2022\/02\/13.-Louis_Grand_Cond\u00e9-GIF.gif\" alt=\"\" width=\"400\" height=\"518\" \/><\/a><\/p>\n<p style=\"text-align: center;\"><strong><em><span style=\"font-family: times new roman, times, serif;\">Le grand Cond\u00e9<\/span><\/em><\/strong><\/p>\n<p>&nbsp;<\/p>\n<p>&nbsp;<\/p>\n<p>&nbsp;<\/p>\n<p style=\"text-align: justify;\"><span style=\"font-family: times new roman, times, serif; font-size: 14pt;\">Il est aussi, dans ce livre, question d\u2019une oeuvre perdue-peut-\u00eatre-expr\u00e8s de Naud\u00e9 sur la <em>Conjuration des Pazzi<\/em>, o\u00f9 le digne homme, qui ne d\u00e9parerait pas l\u2019extr\u00eame-droite en marche d\u2019aujourd\u2019hui, s\u2019applique \u00e0 pr\u00e9coniser le Coup d\u2019\u00c9tat \u00e0 la mani\u00e8re des M\u00e9dicis contre les Pazzi, c\u2019est-\u00e0-dire au complot ourdi non pour subvertir la puissance de l\u2019\u00c9tat, mais <em>par<\/em> l\u2019\u00c9tat, contre tout ce qui respecte les r\u00e8gles commun\u00e9ment admises, pour imposer sa tyrannie. Oui, bien s\u00fbr que l\u2019histoire se r\u00e9p\u00e8te.<\/span><\/p>\n<p>&nbsp;<\/p>\n<p style=\"text-align: justify;\"><span style=\"font-family: times new roman, times, serif; font-size: 14pt;\">Il y est aussi question d\u2019un op\u00e9ra qu\u2019a chant\u00e9 Melani adolescent \u00e0 Venise\u00a0: <em>La finta pazza, <\/em>de Giulio Strozzi, p\u00e8re de Barbara. Oeuvre int\u00e9ressante dans la mesure o\u00f9 Mazarin la joue au naturel en se conduisant avec toutes les apparences de la folie, mais\u2026 le titre du livre n\u2019est-il pas <em>Dissimulatio<\/em>\u00a0?<\/span><\/p>\n<p>&nbsp;<\/p>\n<p style=\"text-align: justify;\"><span style=\"font-family: times new roman, times, serif; font-size: 14pt;\">Ce que dissimule celui que le Grand Cond\u00e9 appelle \u00ab\u00a0le faquin \u00e9carlate\u00a0\u00bb, c\u2019est le pi\u00e8ge qu\u2019il tend aux grands squales du royaume, pour les inciter \u00e0 l\u2019attaquer trop t\u00f4t, maladroitement, et \u00e0 se jeter ainsi sur leurs propres armes. Ce qui, finalement arrive. Le reste\u00a0: la fuite de la Cour \u00e0 Saint-Germain, avec un Louis XIV enfant dont son cousin n\u2019e\u00fbt fait qu\u2019une bouch\u00e9e s\u2019il avait pu le saisir, est dans tous les livres d\u2019histoire. S\u2019il en reste sous Micron Ier.<\/span><\/p>\n<p>&nbsp;<\/p>\n<p style=\"text-align: justify;\"><span style=\"font-family: times new roman, times, serif; font-size: 14pt;\">Ces consid\u00e9rations sur un roman qui n\u2019est pas pr\u00e8s de voir le jour en France, parce qu\u2019il nous semble ici, depuis pas mal de temps quoique sans preuves, que Vladimir Poutine a peut-\u00eatre, qui sait, d\u00e9cid\u00e9 de rejouer, lui aussi, la <em>Finta pazza<\/em>, dans des buts passablement identiques. Car on dirait bien, en effet, que la situation de la Russie poutinienne ressemble vraiment tr\u00e8s fort \u00e0 celle qu\u2019a connue la France au temps de la r\u00e9gence d\u2019Anne d\u2019Autriche. Mais on peut se tromper\u2026<\/span><\/p>\n<p>&nbsp;<\/p>\n<p style=\"text-align: justify;\"><span style=\"font-family: times new roman, times, serif; font-size: 14pt;\">Ce que nous pensons avoir compris en tout cas, du Mazarin de Monaldi et Sorti, c\u2019est que le cardinal de Richelieu ne l\u2019avait pas, \u00e0 la l\u00e9g\u00e8re, choisi pour successeur. Et surtout que la reine et\u00a0lui en avaient re\u00e7u une feuille de route draconienne, qui fut suivie \u00e0 la lettre, avec le r\u00e9sultat escompt\u00e9\u00a0: pr\u00e9servation de l\u2019int\u00e9grit\u00e9 de l\u2019\u00c9tat autour de la personne, encore mineure, du monarque l\u00e9gitime. Et, non, il n\u2019\u00e9tait pas encore question de \u00ab\u00a0peuple souverain\u00a0\u00bb. Le peuple d\u2019alors, bern\u00e9 par les Frondeurs, a aussi copieusement ha\u00ef le Cardinal que celui d\u2019aujourd\u2019hui vomit les non-vaccin\u00e9s et ob\u00e9it aux Faucistes.<\/span><\/p>\n<p>&nbsp;<\/p>\n<p style=\"text-align: justify;\"><span style=\"font-family: times new roman, times, serif; font-size: 14pt;\">Une anecdote rigoureusement exacte est qu\u2019Anne d\u2019Autriche appr\u00e9ciait vivement la voix et le r\u00e9pertoire du Melani adolescent, lequel fut, pendant la Fronde, l\u2019h\u00f4te de Saint-Germain, o\u00f9 la reine le pria un soir de chanter a capella pour endormir son fils, plut\u00f4t secou\u00e9 pour un gamin de cinq ans qui avait d\u00fb s\u2019enfuir sans jouets. Est-ce parce qu\u2019il se souvenait de ces nuits mouvement\u00e9es de son enfance que Louis XIV, adulte et roi, prit \u00e0 son service, en qualit\u00e9 d\u2019agent secret, l\u2019un des six fils ch\u00e2tr\u00e9s de Domenico di Sante Melani\u00a0? Un fait assur\u00e9 est que tout au long des quarante ans qu\u2019il a servi fid\u00e8lement la France, Atto n\u2019a plus jamais, une seule fois, mentionn\u00e9 par \u00e9crit la musique, mais qu\u2019il a en revanche \u00e9chang\u00e9, avec Marie Mancini\u00a0 (\u00ab\u00a0Vous \u00eates roi, vous pleurez et je pars\u00a0\u00bb), une correspondance qui n\u2019a cess\u00e9 qu\u2019avec sa vie \u00e0 lui, le 4 janvier 1714. Elle devait mourir le 8 mai 1715 et Louis XIV le 1<sup>er<\/sup> septembre de la m\u00eame ann\u00e9e.<\/span><\/p>\n<p>&nbsp;<\/p>\n<p><span style=\"font-family: times new roman, times, serif; font-size: 14pt;\"><em>\u00a0<\/em><\/span><\/p>\n<p style=\"text-align: left;\"><span style=\"font-family: times new roman, times, serif; font-size: 14pt;\"><strong>URL de cet article\u00a0: <\/strong><a href=\"http:\/\/blog.lesgrossesorchadeslesamplesthalameges.fr\/index.php\/dissimulatio\/\">http:\/\/blog.lesgrossesorchadeslesamplesthalameges.fr\/index.php\/dissimulatio\/<\/a><br \/>\n<\/span><\/p>\n<p>&nbsp;<\/p>\n<p>&nbsp;<\/p>\n<p>&nbsp;<\/p>\n<p style=\"text-align: center;\"><a href=\"http:\/\/blog.lesgrossesorchadeslesamplesthalameges.fr\/?attachment_id=16843\" rel=\"attachment wp-att-16843\"><img loading=\"lazy\" class=\"alignnone size-full wp-image-16843\" src=\"http:\/\/blog.lesgrossesorchadeslesamplesthalameges.fr\/wp-content\/uploads\/2022\/02\/000.-Explosion.jpg\" alt=\"\" width=\"150\" height=\"150\" \/><\/a><\/p>\n<p>&nbsp;<\/p>\n<p>&nbsp;<\/p>\n<p>&nbsp;<\/p>\n<p style=\"text-align: right;\"><span style=\"font-size: 14pt; font-family: comic sans ms, sans-serif;\">F\u00e9vrier 2022<\/span><\/p>\n<p>&nbsp;<\/p>\n<p>&nbsp;<\/p>\n","protected":false},"excerpt":{"rendered":"<p>&nbsp; &nbsp; &nbsp; &nbsp; &nbsp; &nbsp; &nbsp; &nbsp; Dissimulatio \u00a0 &nbsp; &nbsp; &nbsp; &nbsp; Monaldi e Sorti Dissimulatio Baldini &amp; Castoldi \u2013 2017 Langue\u00a0: italien 235 pages &nbsp; &nbsp; Dissimulatio est la suite ou si on veut le pendant de Mysterium. Ensemble, les deux livres forment ce que les auteurs appellent\u00a0: une fable \u00e0 deux&#8230;<\/p>\n","protected":false},"author":1,"featured_media":0,"parent":0,"menu_order":0,"comment_status":"open","ping_status":"open","template":"","meta":[],"_links":{"self":[{"href":"https:\/\/blog.lesgrossesorchadeslesamplesthalameges.fr\/index.php\/wp-json\/wp\/v2\/pages\/16870"}],"collection":[{"href":"https:\/\/blog.lesgrossesorchadeslesamplesthalameges.fr\/index.php\/wp-json\/wp\/v2\/pages"}],"about":[{"href":"https:\/\/blog.lesgrossesorchadeslesamplesthalameges.fr\/index.php\/wp-json\/wp\/v2\/types\/page"}],"author":[{"embeddable":true,"href":"https:\/\/blog.lesgrossesorchadeslesamplesthalameges.fr\/index.php\/wp-json\/wp\/v2\/users\/1"}],"replies":[{"embeddable":true,"href":"https:\/\/blog.lesgrossesorchadeslesamplesthalameges.fr\/index.php\/wp-json\/wp\/v2\/comments?post=16870"}],"version-history":[{"count":8,"href":"https:\/\/blog.lesgrossesorchadeslesamplesthalameges.fr\/index.php\/wp-json\/wp\/v2\/pages\/16870\/revisions"}],"predecessor-version":[{"id":16879,"href":"https:\/\/blog.lesgrossesorchadeslesamplesthalameges.fr\/index.php\/wp-json\/wp\/v2\/pages\/16870\/revisions\/16879"}],"wp:attachment":[{"href":"https:\/\/blog.lesgrossesorchadeslesamplesthalameges.fr\/index.php\/wp-json\/wp\/v2\/media?parent=16870"}],"curies":[{"name":"wp","href":"https:\/\/api.w.org\/{rel}","templated":true}]}}