{"id":16880,"date":"2022-02-01T19:22:08","date_gmt":"2022-02-01T18:22:08","guid":{"rendered":"http:\/\/blog.lesgrossesorchadeslesamplesthalameges.fr\/?page_id=16880"},"modified":"2022-02-01T19:22:51","modified_gmt":"2022-02-01T18:22:51","slug":"blackwater-est-dans-le-donbass-avec-le-bataillon-azov","status":"publish","type":"page","link":"https:\/\/blog.lesgrossesorchadeslesamplesthalameges.fr\/index.php\/blackwater-est-dans-le-donbass-avec-le-bataillon-azov\/","title":{"rendered":"Blackwater est dans le Donbass avec le bataillon Azov"},"content":{"rendered":"<p><em>\u00a0<\/em><\/p>\n<p>&nbsp;<\/p>\n<p>&nbsp;<\/p>\n<p>&nbsp;<\/p>\n<p>&nbsp;<\/p>\n<p>&nbsp;<\/p>\n<p>&nbsp;<\/p>\n<p>&nbsp;<\/p>\n<p>&nbsp;<\/p>\n<p style=\"text-align: left;\"><span style=\"font-family: times new roman, times, serif; font-size: 18pt; color: #c00000;\"><strong><em>Dans la r\u00e9gion de Donetsk se trouvent \u00ab\u00a0des compagnies militaires priv\u00e9es US qui pr\u00e9parent une provocation avec emploi de substances chimiques inconnues\u00a0\u00bb, Sergue\u00ef Cho\u00efgou<\/em><\/strong><\/span><\/p>\n<p style=\"text-align: justify;\"><span style=\"font-family: times new roman, times, serif; font-size: 14pt;\"><em>\u00a0<\/em><\/span><\/p>\n<p>&nbsp;<\/p>\n<p>&nbsp;<\/p>\n<p style=\"text-align: center;\"><span style=\"font-family: times new roman, times, serif; font-size: 18pt;\"><em>L\u2019Art de la guerre<\/em><\/span><\/p>\n<p style=\"text-align: justify;\"><span style=\"font-family: times new roman, times, serif; font-size: 14pt;\"><em>\u00a0<\/em><\/span><\/p>\n<p style=\"text-align: justify;\"><span style=\"font-family: times new roman, times, serif; font-size: 14pt;\"><em>\u00a0<\/em><\/span><\/p>\n<p style=\"text-align: center;\"><span style=\"font-family: times new roman, times, serif; font-size: 14pt;\"><em>\u00a0<a href=\"http:\/\/blog.lesgrossesorchadeslesamplesthalameges.fr\/?attachment_id=16850\" rel=\"attachment wp-att-16850\"><img loading=\"lazy\" class=\"alignnone wp-image-16850 size-full\" src=\"http:\/\/blog.lesgrossesorchadeslesamplesthalameges.fr\/wp-content\/uploads\/2022\/02\/000.-LART-DE-LA-GUERRE.jpg\" alt=\"\" width=\"750\" height=\"162\" srcset=\"https:\/\/blog.lesgrossesorchadeslesamplesthalameges.fr\/wp-content\/uploads\/2022\/02\/000.-LART-DE-LA-GUERRE.jpg 750w, https:\/\/blog.lesgrossesorchadeslesamplesthalameges.fr\/wp-content\/uploads\/2022\/02\/000.-LART-DE-LA-GUERRE-300x65.jpg 300w\" sizes=\"(max-width: 750px) 100vw, 750px\" \/><\/a><\/em><\/span><\/p>\n<p>&nbsp;<\/p>\n<p>&nbsp;<\/p>\n<p style=\"text-align: justify;\"><span style=\"font-family: times new roman, times, serif; font-size: 14pt;\"><strong>\u00a0<\/strong><\/span><\/p>\n<p style=\"text-align: center;\"><span style=\"font-family: times new roman, times, serif; font-size: 36pt;\"><strong>Blackwater est dans le Donbass avec le bataillon Azov<\/strong><\/span><\/p>\n<p style=\"text-align: center;\"><span style=\"font-family: times new roman, times, serif; font-size: 14pt;\"><strong>\u00a0<\/strong><\/span><\/p>\n<p>&nbsp;<\/p>\n<p style=\"text-align: center;\"><span style=\"font-family: times new roman, times, serif; font-size: 18pt;\"><strong>Manlio Dinucci \u2013 <\/strong><a href=\"https:\/\/ilmanifesto.it\/la-blackwater-e-nel-donbass-col-battaglione-azov\/\"><strong><em>il manifesto<\/em><\/strong><\/a><strong> \u2013 1.2.2022<\/strong><\/span><\/p>\n<p style=\"text-align: center;\"><span style=\"font-family: times new roman, times, serif; font-size: 14pt;\"><strong>\u00a0<\/strong><\/span><\/p>\n<p style=\"text-align: justify;\"><span style=\"font-family: times new roman, times, serif; font-size: 14pt;\"><strong>\u00a0<\/strong><\/span><\/p>\n<p style=\"text-align: center;\"><span style=\"font-family: times new roman, times, serif; font-size: 18pt;\">Traduction\u00a0:<strong> Marie-Ange Patrizio<\/strong><\/span><\/p>\n<p style=\"text-align: justify;\"><span style=\"font-family: times new roman, times, serif; font-size: 14pt;\"><strong>\u00a0<\/strong><\/span><\/p>\n<p style=\"text-align: justify;\"><span style=\"font-family: times new roman, times, serif; font-size: 14pt;\"><strong>\u00a0<\/strong><\/span><\/p>\n<p>&nbsp;<\/p>\n<p style=\"text-align: center;\"><span style=\"font-family: times new roman, times, serif; font-size: 14pt;\"><strong>\u00a0<a href=\"http:\/\/blog.lesgrossesorchadeslesamplesthalameges.fr\/?attachment_id=16851\" rel=\"attachment wp-att-16851\"><img loading=\"lazy\" class=\"alignnone wp-image-16851 size-full\" src=\"http:\/\/blog.lesgrossesorchadeslesamplesthalameges.fr\/wp-content\/uploads\/2022\/02\/10.-Blackwater-Marianne.jpg\" alt=\"\" width=\"600\" height=\"338\" srcset=\"https:\/\/blog.lesgrossesorchadeslesamplesthalameges.fr\/wp-content\/uploads\/2022\/02\/10.-Blackwater-Marianne.jpg 600w, https:\/\/blog.lesgrossesorchadeslesamplesthalameges.fr\/wp-content\/uploads\/2022\/02\/10.-Blackwater-Marianne-300x169.jpg 300w\" sizes=\"(max-width: 600px) 100vw, 600px\" \/><\/a><\/strong><\/span><\/p>\n<p style=\"text-align: justify;\"><span style=\"font-family: times new roman, times, serif; font-size: 14pt;\"><strong>\u00a0<\/strong><\/span><\/p>\n<p style=\"text-align: justify;\"><span style=\"font-family: times new roman, times, serif; font-size: 14pt;\"><strong>\u00a0<\/strong><\/span><\/p>\n<p>&nbsp;<\/p>\n<p style=\"text-align: justify;\"><span style=\"font-family: times new roman, times, serif; font-size: 14pt;\"><strong><span style=\"font-family: tahoma, arial, helvetica, sans-serif;\">L\u2019entretien t\u00e9l\u00e9phonique entre le pr\u00e9sident Biden et le pr\u00e9sident ukrainien Zelensky \u00ab\u00a0ne s\u2019est pas bien pass\u00e9\u00a0\u00bb, titre <em>CNN<\/em> : alors que \u00ab\u00a0Biden a pr\u00e9venu qu\u2019est pratiquement s\u00fbre l\u2019invasion russe en f\u00e9vrier, quand le terrain gel\u00e9 rend possible le passage des chars d\u2019assaut\u00a0\u00bb, Zelensky \u00ab\u00a0a demand\u00e9 \u00e0 Biden de baisser le ton, soutenant que la menace russe est encore ambig\u00fce\u00a0\u00bb. Pendant que le pr\u00e9sident ukrainien lui-m\u00eame prend une attitude plus prudente, les forces arm\u00e9es ukrainiennes s\u2019amassent dans le Donbass au bord de l\u2019aire de Donetsk et Lugansk habit\u00e9e par des populations russes. Selon des informations provenant de la Mission de surveillance sp\u00e9ciale de l\u2019OSCE en Ukraine, occult\u00e9es par nos <em>mainstream<\/em> qui ne parlent que du d\u00e9ploiement russe, il y a l\u00e0 des unit\u00e9s de l\u2019Arm\u00e9e et de la Garde nationale ukrainiennes pour un montant d\u2019environ 150 mille soldats. Ils sont arm\u00e9s et entra\u00een\u00e9s, donc de fait command\u00e9s, par des conseillers militaires et instructeurs USA\/OTAN.<\/span> <\/strong><\/span><\/p>\n<p>&nbsp;<\/p>\n<p style=\"text-align: justify;\"><span style=\"font-family: times new roman, times, serif; font-size: 14pt;\">De 1991 \u00e0 2014, selon le Service de recherche du Congr\u00e8s US, les \u00c9tats-Unis ont fourni \u00e0 l\u2019Ukraine une assistance militaire de 4 milliards de dollars, auxquels se sont ajout\u00e9s plus de 2,5 milliards apr\u00e8s 2014, et plus d\u2019un milliard fourni par le Fons fiduciaire OTAN auquel participe aussi l\u2019Italie. Cela n\u2019est qu\u2019une partie des investissements militaires faits par les plus grandes puissances de l\u2019OTAN en Ukraine. La Grande-Bretagne, par exemple, a conclu avec Kiev divers accords militaires, investissant notamment 1,7 milliards de livres sterling dans la potentialisation des capacit\u00e9s navales de l\u2019Ukraine : ce programme pr\u00e9voit l\u2019armement de navires ukrainiens avec des missiles britanniques, la production conjointe de 8 unit\u00e9s lance-missiles rapides, la construction de bases navales sur la Mer Noire et aussi sur la Mer d\u2019Azov entre Ukraine, Crim\u00e9e et Russie. Dans ce cadre, la d\u00e9pense militaire ukrainienne, qui en 2014 \u00e9quivalait \u00e0 3% du PIB est pass\u00e9e \u00e0 6% en 2022, correspondant \u00e0 plus de 11 milliards de dollars.<\/span><\/p>\n<p>&nbsp;<\/p>\n<p style=\"text-align: justify;\"><span style=\"font-family: times new roman, times, serif; font-size: 14pt;\">Aux investissements militaires USA-OTAN en Ukraine s\u2019ajoute celui de 10 milliards de dollars pr\u00e9vu par le plan qu\u2019est en train de r\u00e9aliser Erik Prince, fondateur de la compagnie militaire priv\u00e9e \u00e9tatsunienne <em>Blackwater<\/em> \u2013 \u00e0 pr\u00e9sent rebaptis\u00e9e <em>Academy <\/em>\u2013 qui a fourni des mercenaires \u00e0 la CIA, au Pentagone et au D\u00e9partement d\u2019\u00c9tat pour des op\u00e9rations secr\u00e8tes (dont tortures et assassinats), en y gagnant des milliards de dollars. Le plan d\u2019Erik Prince, r\u00e9v\u00e9l\u00e9 par une enqu\u00eate de la revue <em>Time<\/em>, consiste \u00e0 cr\u00e9er en Ukraine une arm\u00e9e priv\u00e9e \u00e0 travers un partenariat entre la compagnie <em>Lancaster 6<\/em>, par laquelle Prince a fourni des mercenaires au Moyen-Orient et en Afrique, et le principal bureau de renseignements ukrainien contr\u00f4l\u00e9 par la CIA. On ne sait pas, \u00e9videmment, quelles seraient les missions de l\u2019arm\u00e9e priv\u00e9e cr\u00e9\u00e9e en Ukraine par le fondateur de <em>Blackwater<\/em>, s\u00fbrement avec des financements de la CIA. On peut en tous cas pr\u00e9voir que, depuis sa base en Ukraine, il conduirait des op\u00e9rations secr\u00e8tes en Europe, Russie et autres r\u00e9gions.<\/span><\/p>\n<p>&nbsp;<\/p>\n<p style=\"text-align: justify;\"><span style=\"font-family: times new roman, times, serif; font-size: 14pt;\">Sur un tel fond se trouve particuli\u00e8rement alarmante la d\u00e9nonciation, par le ministre russe de la D\u00e9fense Cho\u00efgou, indiquant que dans la r\u00e9gion de Donetsk se trouvent \u00ab\u00a0des compagnies militaires priv\u00e9es US qui pr\u00e9parent une provocation avec emploi de substances chimiques inconnues\u00a0\u00bb. Ce pourrait \u00eatre l\u2019\u00e9tincelle qui provoque la d\u00e9tonation d\u2019une guerre au coeur de l\u2019Europe : une attaque chimique contre des civils ukrainiens dans le Donbass, imm\u00e9diatement attribu\u00e9e aux Russes de Donetsk et Lugansk, qui seraient attaqu\u00e9s par les forces ukrainiennes pr\u00e9pond\u00e9rantes d\u00e9j\u00e0 d\u00e9ploy\u00e9es dans la r\u00e9gion, afin d\u2019obliger la Russie \u00e0 intervenir militairement pour leur d\u00e9fense. En premi\u00e8re ligne, pr\u00eat \u00e0 massacrer des Russes du Donbass, il y a le bataillon AZOV, promu r\u00e9giment de forces sp\u00e9ciales, entra\u00een\u00e9 et arm\u00e9 par les USA et l\u2019OTAN, qui s\u2019est distingu\u00e9 par sa f\u00e9rocit\u00e9 dans les attaques contre les populations russes d\u2019Ukraine. L\u2019AZOV, qui recrute des n\u00e9o-nazis de toute l\u2019Europe sous la banni\u00e8re calqu\u00e9e sur celle des SS <em>Das Reich<\/em>, est command\u00e9 par son fondateur Andrey Biletsky, promu colonel. Ce n\u2019est pas qu\u2019une unit\u00e9 militaire, mais un mouvement id\u00e9ologique et politique, dont Biletsky est le chef charismatique, en particulier pour l\u2019organisation d\u2019une jeunesse qui est \u00e9duqu\u00e9e dans la haine des Russes avec son livre <em>\u00ab\u00a0Les paroles du F\u00fchrer blanc\u00a0\u00bb. <\/em><\/span><\/p>\n<p>&nbsp;<\/p>\n<p style=\"text-align: justify;\"><span style=\"font-family: times new roman, times, serif; font-size: 14pt;\">\u00c9dition de mardi 1er f\u00e9vrier 2022 d\u2019il manifesto<\/span><\/p>\n<p style=\"text-align: justify;\"><span style=\"font-family: times new roman, times, serif; font-size: 14pt;\"><a href=\"https:\/\/ilmanifesto.it\/la-blackwater-e-nel-donbass-col-battaglione-azov\/\">https:\/\/ilmanifesto.it\/la-blackwater-e-nel-donbass-col-battaglione-azov\/<\/a><\/span><\/p>\n<p style=\"text-align: left;\"><strong><span style=\"font-family: times new roman, times, serif; font-size: 14pt;\">URL de cet article :<\/span><\/strong> <a href=\"http:\/\/blog.lesgrossesorchadeslesamplesthalameges.fr\/index.php\/blackwater-est-dans-le-donbass-avec-le-bataillon-azov\/\"><span style=\"font-family: times new roman, times, serif; font-size: 14pt;\">http:\/\/blog.lesgrossesorchadeslesamplesthalameges.fr\/index.php\/blackwater-est-dans-le-donbass-avec-le-bataillon-azov\/<\/span><\/a><\/p>\n<p>&nbsp;<\/p>\n<p>&nbsp;<\/p>\n<p>&nbsp;<\/p>\n<p style=\"text-align: center;\"><a href=\"http:\/\/blog.lesgrossesorchadeslesamplesthalameges.fr\/?attachment_id=16843\" rel=\"attachment wp-att-16843\"><img loading=\"lazy\" class=\"alignnone size-full wp-image-16843\" src=\"http:\/\/blog.lesgrossesorchadeslesamplesthalameges.fr\/wp-content\/uploads\/2022\/02\/000.-Explosion.jpg\" alt=\"\" width=\"150\" height=\"150\" \/><\/a><\/p>\n<p>&nbsp;<\/p>\n<p>&nbsp;<\/p>\n<p style=\"text-align: right;\"><span style=\"font-family: comic sans ms, sans-serif; font-size: 14pt;\">F\u00e9vrier 2022<\/span><\/p>\n<p>&nbsp;<\/p>\n<p>&nbsp;<\/p>\n","protected":false},"excerpt":{"rendered":"<p>\u00a0 &nbsp; &nbsp; &nbsp; &nbsp; &nbsp; &nbsp; &nbsp; &nbsp; Dans la r\u00e9gion de Donetsk se trouvent \u00ab\u00a0des compagnies militaires priv\u00e9es US qui pr\u00e9parent une provocation avec emploi de substances chimiques inconnues\u00a0\u00bb, Sergue\u00ef Cho\u00efgou \u00a0 &nbsp; &nbsp; L\u2019Art de la guerre \u00a0 \u00a0 \u00a0 &nbsp; &nbsp; \u00a0 Blackwater est dans le Donbass avec le bataillon Azov&#8230;<\/p>\n","protected":false},"author":1,"featured_media":0,"parent":0,"menu_order":0,"comment_status":"open","ping_status":"open","template":"","meta":[],"_links":{"self":[{"href":"https:\/\/blog.lesgrossesorchadeslesamplesthalameges.fr\/index.php\/wp-json\/wp\/v2\/pages\/16880"}],"collection":[{"href":"https:\/\/blog.lesgrossesorchadeslesamplesthalameges.fr\/index.php\/wp-json\/wp\/v2\/pages"}],"about":[{"href":"https:\/\/blog.lesgrossesorchadeslesamplesthalameges.fr\/index.php\/wp-json\/wp\/v2\/types\/page"}],"author":[{"embeddable":true,"href":"https:\/\/blog.lesgrossesorchadeslesamplesthalameges.fr\/index.php\/wp-json\/wp\/v2\/users\/1"}],"replies":[{"embeddable":true,"href":"https:\/\/blog.lesgrossesorchadeslesamplesthalameges.fr\/index.php\/wp-json\/wp\/v2\/comments?post=16880"}],"version-history":[{"count":7,"href":"https:\/\/blog.lesgrossesorchadeslesamplesthalameges.fr\/index.php\/wp-json\/wp\/v2\/pages\/16880\/revisions"}],"predecessor-version":[{"id":16887,"href":"https:\/\/blog.lesgrossesorchadeslesamplesthalameges.fr\/index.php\/wp-json\/wp\/v2\/pages\/16880\/revisions\/16887"}],"wp:attachment":[{"href":"https:\/\/blog.lesgrossesorchadeslesamplesthalameges.fr\/index.php\/wp-json\/wp\/v2\/media?parent=16880"}],"curies":[{"name":"wp","href":"https:\/\/api.w.org\/{rel}","templated":true}]}}