{"id":16899,"date":"2022-02-01T20:02:32","date_gmt":"2022-02-01T19:02:32","guid":{"rendered":"http:\/\/blog.lesgrossesorchadeslesamplesthalameges.fr\/?page_id=16899"},"modified":"2022-02-01T20:03:38","modified_gmt":"2022-02-01T19:03:38","slug":"16899-2","status":"publish","type":"page","link":"https:\/\/blog.lesgrossesorchadeslesamplesthalameges.fr\/index.php\/16899-2\/","title":{"rendered":""},"content":{"rendered":"<p>&nbsp;<\/p>\n<p>&nbsp;<\/p>\n<p>&nbsp;<\/p>\n<p>&nbsp;<\/p>\n<p>&nbsp;<\/p>\n<p>&nbsp;<\/p>\n<p>&nbsp;<\/p>\n<p>&nbsp;<\/p>\n<p>&nbsp;<\/p>\n<p style=\"text-align: center;\"><span style=\"font-family: times new roman, times, serif; font-size: 36pt;\"><strong><em>Anno Domini<\/em><\/strong><strong>\u00a0: le bug de l\u2019an mil\u00a0?<\/strong><\/span><\/p>\n<p style=\"text-align: center;\"><span style=\"font-family: times new roman, times, serif; font-size: 14pt;\"><strong>\u00a0<\/strong><\/span><\/p>\n<p>&nbsp;<\/p>\n<p style=\"text-align: center;\"><span style=\"font-family: times new roman, times, serif; font-size: 24pt;\"><strong>Conf\u00e9rence en ligne de Laurent Guy\u00e9not<\/strong><\/span><\/p>\n<p><span style=\"font-family: times new roman, times, serif; font-size: 14pt;\"><strong>\u00a0<\/strong><\/span><\/p>\n<p><span style=\"font-family: times new roman, times, serif; font-size: 14pt;\"><strong>\u00a0<\/strong><\/span><\/p>\n<p>&nbsp;<\/p>\n<p style=\"text-align: center;\"><a href=\"http:\/\/blog.lesgrossesorchadeslesamplesthalameges.fr\/index.php\/2022\/02\/01\/et-a-lest-quoi-de-nouveau\/12-anno-domini\/\" rel=\"attachment wp-att-16853\"><img loading=\"lazy\" class=\"alignnone wp-image-16853 size-full\" src=\"http:\/\/blog.lesgrossesorchadeslesamplesthalameges.fr\/wp-content\/uploads\/2022\/02\/12.-ANNO-DOMINI.jpg\" alt=\"\" width=\"600\" height=\"337\" srcset=\"https:\/\/blog.lesgrossesorchadeslesamplesthalameges.fr\/wp-content\/uploads\/2022\/02\/12.-ANNO-DOMINI.jpg 600w, https:\/\/blog.lesgrossesorchadeslesamplesthalameges.fr\/wp-content\/uploads\/2022\/02\/12.-ANNO-DOMINI-300x169.jpg 300w\" sizes=\"(max-width: 600px) 100vw, 600px\" \/><\/a><\/p>\n<p>&nbsp;<\/p>\n<p><span style=\"font-family: times new roman, times, serif; font-size: 14pt;\">\u00a0<\/span><\/p>\n<p>&nbsp;<\/p>\n<p style=\"text-align: center;\"><span style=\"font-family: times new roman, times, serif; font-size: 14pt;\"><strong>Laurent Guy\u00e9not donnera une conf\u00e9rence en ligne intitul\u00e9e \u00ab\u00a0<em>Anno Domini<\/em>\u00a0: le bug de l\u2019an mil\u00a0?\u00a0\u00bb <\/strong><\/span><\/p>\n<p style=\"text-align: center;\"><span style=\"font-family: times new roman, times, serif; font-size: 24pt; color: #c00000;\"><strong>le mardi 8 f\u00e9vrier 2022 \u00e0 20h30\u00a0!<\/strong><\/span><\/p>\n<p style=\"text-align: center;\"><span style=\"font-family: times new roman, times, serif; font-size: 14pt;\"><strong>\u00a0<\/strong><\/span><\/p>\n<p>&nbsp;<\/p>\n<p>&nbsp;<\/p>\n<p><span style=\"font-family: times new roman, times, serif; font-size: 18pt;\"><strong>Pr\u00e9sentation de la conf\u00e9rence\u00a0:<\/strong><\/span><\/p>\n<p>&nbsp;<\/p>\n<p style=\"text-align: justify;\"><span style=\"font-family: times new roman, times, serif; font-size: 14pt;\">Des si\u00e8cles fant\u00f4mes se sont-ils gliss\u00e9s dans les \u00e2ges sombres de l\u2019\u00e8re chr\u00e9tienne\u00a0? Cette hypoth\u00e8se est sugg\u00e9r\u00e9e par un grand nombre d\u2019observations, d\u2019ordre arch\u00e9ologique notamment. Laurent Guy\u00e9not, m\u00e9di\u00e9viste de formation, explore le dossier \u00ab\u00a0r\u00e9centiste\u00a0\u00bb depuis quelques ann\u00e9es. Il fera le point sur ses recherches et ses hypoth\u00e8ses, centr\u00e9es sur des questions historiographiques\u00a0: quels enjeux religieux et politiques ont pes\u00e9 sur l\u2019\u00e9criture de l\u2019histoire europ\u00e9enne\u00a0? Quelles distorsions en ont r\u00e9sult\u00e9\u00a0?<\/span><\/p>\n<p>&nbsp;<\/p>\n<p>&nbsp;<\/p>\n<p style=\"text-align: center;\"><span style=\"font-family: times new roman, times, serif; font-size: 18pt;\"><strong>Important\u00a0: les 50 premi\u00e8res inscriptions sont gratuites\u00a0!<\/strong><\/span><\/p>\n<p>&nbsp;<\/p>\n<p>&nbsp;<\/p>\n<p><span style=\"font-family: times new roman, times, serif; font-size: 14pt;\"><strong>Inscription\u00a0:<\/strong> \u00e0 partir de 3 euros (\u00e0 partir de la 51e inscription)<\/span><\/p>\n<p><span style=\"font-family: times new roman, times, serif; font-size: 14pt;\"><strong>Fin des r\u00e9servations\u00a0:<\/strong> mardi 8 f\u00e9vrier 2022 \u00e0 15h<\/span><\/p>\n<p><span style=\"font-family: times new roman, times, serif; font-size: 14pt;\"><strong>Important\u00a0: le nombre de places est limit\u00e9<\/strong><\/span><\/p>\n<p><span style=\"font-family: times new roman, times, serif; font-size: 14pt;\"><strong>Vous pouvez envoyer vos questions en avance \u00e0 <\/strong><a href=\"mailto:resas-er@protonmail.ch\"><strong>resas-er@protonmail.ch<\/strong><\/a><\/span><\/p>\n<p>&nbsp;<\/p>\n<p>&nbsp;<\/p>\n<p style=\"text-align: center;\"><span style=\"font-family: times new roman, times, serif; font-size: 14pt;\"><a href=\"https:\/\/kontrekulture.com\/produit\/anno-domini-le-bug-de-l-an-mil\/\"><strong><span style=\"font-size: 18pt;\"><span style=\"font-family: arial black, sans-serif;\">R\u00e9servations et renseignements sur Kontre Kulture\u00a0! <\/span><\/span><br \/>\n<span style=\"font-size: 18pt; font-family: arial black, sans-serif;\">(cliquez ici)<\/span><\/strong><\/a><\/span><\/p>\n<p>&nbsp;<\/p>\n<p>&nbsp;<\/p>\n<p>&nbsp;<\/p>\n<p style=\"text-align: left;\"><span style=\"font-family: times new roman, times, serif; font-size: 14pt;\"><strong>URL de cet article\u00a0: <\/strong><a href=\"http:\/\/blog.lesgrossesorchadeslesamplesthalameges.fr\/index.php\/16899-2\/\">http:\/\/blog.lesgrossesorchadeslesamplesthalameges.fr\/index.php\/16899-2\/<\/a><strong><br \/>\n<\/strong><\/span><\/p>\n<p>&nbsp;<\/p>\n<p>&nbsp;<\/p>\n<p>&nbsp;<\/p>\n<p style=\"text-align: center;\"><strong>\u00a0<a href=\"http:\/\/blog.lesgrossesorchadeslesamplesthalameges.fr\/index.php\/2022\/02\/01\/et-a-lest-quoi-de-nouveau\/000-explosion\/\" rel=\"attachment wp-att-16843\"><img loading=\"lazy\" class=\"alignnone size-full wp-image-16843\" src=\"http:\/\/blog.lesgrossesorchadeslesamplesthalameges.fr\/wp-content\/uploads\/2022\/02\/000.-Explosion.jpg\" alt=\"\" width=\"150\" height=\"150\" \/><\/a><\/strong><\/p>\n<p><strong>\u00a0<\/strong><\/p>\n<p><strong>\u00a0<\/strong><\/p>\n<p><strong>\u00a0<\/strong><\/p>\n<p style=\"text-align: right;\"><span style=\"font-size: 14pt; font-family: comic sans ms, sans-serif;\">F\u00e9vrier 2022<\/span><\/p>\n<p>&nbsp;<\/p>\n<p>&nbsp;<\/p>\n","protected":false},"excerpt":{"rendered":"<p>&nbsp; &nbsp; &nbsp; &nbsp; &nbsp; &nbsp; &nbsp; &nbsp; &nbsp; Anno Domini\u00a0: le bug de l\u2019an mil\u00a0? \u00a0 &nbsp; Conf\u00e9rence en ligne de Laurent Guy\u00e9not \u00a0 \u00a0 &nbsp; &nbsp; \u00a0 &nbsp; Laurent Guy\u00e9not donnera une conf\u00e9rence en ligne intitul\u00e9e \u00ab\u00a0Anno Domini\u00a0: le bug de l\u2019an mil\u00a0?\u00a0\u00bb le mardi 8 f\u00e9vrier 2022 \u00e0 20h30\u00a0! \u00a0 &nbsp; &nbsp;&#8230;<\/p>\n","protected":false},"author":1,"featured_media":0,"parent":0,"menu_order":0,"comment_status":"open","ping_status":"open","template":"","meta":[],"_links":{"self":[{"href":"https:\/\/blog.lesgrossesorchadeslesamplesthalameges.fr\/index.php\/wp-json\/wp\/v2\/pages\/16899"}],"collection":[{"href":"https:\/\/blog.lesgrossesorchadeslesamplesthalameges.fr\/index.php\/wp-json\/wp\/v2\/pages"}],"about":[{"href":"https:\/\/blog.lesgrossesorchadeslesamplesthalameges.fr\/index.php\/wp-json\/wp\/v2\/types\/page"}],"author":[{"embeddable":true,"href":"https:\/\/blog.lesgrossesorchadeslesamplesthalameges.fr\/index.php\/wp-json\/wp\/v2\/users\/1"}],"replies":[{"embeddable":true,"href":"https:\/\/blog.lesgrossesorchadeslesamplesthalameges.fr\/index.php\/wp-json\/wp\/v2\/comments?post=16899"}],"version-history":[{"count":4,"href":"https:\/\/blog.lesgrossesorchadeslesamplesthalameges.fr\/index.php\/wp-json\/wp\/v2\/pages\/16899\/revisions"}],"predecessor-version":[{"id":16903,"href":"https:\/\/blog.lesgrossesorchadeslesamplesthalameges.fr\/index.php\/wp-json\/wp\/v2\/pages\/16899\/revisions\/16903"}],"wp:attachment":[{"href":"https:\/\/blog.lesgrossesorchadeslesamplesthalameges.fr\/index.php\/wp-json\/wp\/v2\/media?parent=16899"}],"curies":[{"name":"wp","href":"https:\/\/api.w.org\/{rel}","templated":true}]}}