{"id":171,"date":"2018-10-22T16:12:28","date_gmt":"2018-10-22T14:12:28","guid":{"rendered":"http:\/\/blog.lesgrossesorchadeslesamplesthalameges.fr\/?page_id=171"},"modified":"2018-10-22T17:29:04","modified_gmt":"2018-10-22T15:29:04","slug":"derives-liberticides","status":"publish","type":"page","link":"https:\/\/blog.lesgrossesorchadeslesamplesthalameges.fr\/index.php\/derives-liberticides\/","title":{"rendered":"D\u00e9rives liberticides"},"content":{"rendered":"<p style=\"text-align: center;\"><strong><span style=\"font-family: times new roman, times, serif; font-size: 36pt;\">D\u00e9rives liberticides : quand c\u2019est le tour de M\u00e9lenchon<\/span><\/strong><\/p>\n<p style=\"text-align: center;\"><span style=\"font-size: 18pt; font-family: times new roman, times, serif;\"><strong>R\u00e9gis de Castelnau \u00ad\u2013 <em>Vu du droit<\/em> \u2013 18 octobre 2018<\/strong><\/span><\/p>\n<p style=\"text-align: justify;\"><strong>\u00a0<img loading=\"lazy\" class=\"aligncenter wp-image-148\" src=\"http:\/\/blog.lesgrossesorchadeslesamplesthalameges.fr\/wp-content\/uploads\/2018\/10\/Perquis-300x146.jpg\" alt=\"\" width=\"600\" height=\"293\" srcset=\"https:\/\/blog.lesgrossesorchadeslesamplesthalameges.fr\/wp-content\/uploads\/2018\/10\/Perquis-300x146.jpg 300w, https:\/\/blog.lesgrossesorchadeslesamplesthalameges.fr\/wp-content\/uploads\/2018\/10\/Perquis-768x375.jpg 768w, https:\/\/blog.lesgrossesorchadeslesamplesthalameges.fr\/wp-content\/uploads\/2018\/10\/Perquis.jpg 900w\" sizes=\"(max-width: 600px) 100vw, 600px\" \/><\/strong><\/p>\n<p>&nbsp;<\/p>\n<p style=\"text-align: justify;\"><span style=\"font-family: times new roman, times, serif; font-size: 14pt;\">En ce mardi 16 octobre au matin, ayant appris l\u2019annonce imminente du remaniement minist\u00e9riel, nous \u00e9tions palpitants, pleins d\u2019impatience et d\u2019espoir attendant les d\u00e9cisions jupit\u00e9riennes. Une fois celles-ci tomb\u00e9es, vite un petit tour sur les r\u00e9seaux, histoire de se d\u00e9tendre \u00e0 la lecture souvent hilarante des commentaires, des parodies et des d\u00e9tournements saluant le nouvel \u00e9pisode de la s\u00e9rie : \u00ab Macron fait des trucs \u00bb. Avec <a href=\"https:\/\/www.causeur.fr\/remaniement-castaner-macron-bayrou-riester-155359\">l\u2019arriv\u00e9e de Christophe Castaner<\/a> au poste de premier flic de France, les humoristes num\u00e9riques disposaient d\u2019une mine d\u2019or, on en riait \u00e0 l\u2019avance.<\/span><\/p>\n<p style=\"text-align: justify;\"><span style=\"font-family: times new roman, times, serif; font-size: 14pt;\">Et l\u00e0 surprise, partout le visage de Jean-Luc M\u00e9lenchon tout \u00e9bouriff\u00e9, tout surpris et tout f\u00e2ch\u00e9. Par ce qui lui est tomb\u00e9 sur la figure \u00e0 l\u2019heure du laitier : une perquisition judiciaire en bonne et due forme. La violence l\u00e9gitime de l\u2019\u00c9tat prenant la forme d\u2019un cambriolage au r\u00e9veil, o\u00f9 l\u2019on rentre chez vous, dans votre intimit\u00e9, pour tout fouiller, tout saisir, vous avez juste le temps d\u2019enfiler un slip, et si vous voulez prendre une douche c\u2019est en laissant la porte ouverte. Quand \u00e7a tombe sur Nicolas Sarkozy et son avocat, \u00e7a vous fait ricaner. Mais quand c\u2019est \u00e0 vous que \u00e7a arrive, croyez-moi \u00e7a fait vraiment tout dr\u00f4le.<\/span><\/p>\n<p style=\"text-align: justify;\"><span style=\"font-family: times new roman, times, serif; font-size: 14pt;\">Alors Jean-Luc M\u00e9lenchon constate, stup\u00e9fait, que c\u2019est son tour de passer au tourniquet, de subir le rod\u00e9o judiciaire que d\u2019autres ont connu avant lui. Et d\u00e9couvre par la m\u00eame occasion ce qu\u2019est la partialit\u00e9 et l\u2019arbitraire d\u2019un haut appareil judiciaire qui ne voit aucun inconv\u00e9nient \u00e0 se transformer en outil \u00e0 la disposition du pouvoir politique. Le patron de la France Insoumise, <a href=\"https:\/\/lafranceinsoumise.fr\/2018\/10\/16\/coup-de-force-policier-judiciaire-et-politique-contre-jean-luc-melenchon-et-la-france-insoumise\/\">extr\u00eamement contrari\u00e9<\/a>, adopte le registre de la d\u00e9nonciation tonnante o\u00f9 il excelle. Premi\u00e8re cible, \u00e9videmment, l\u2019extr\u00eame droite qui n\u2019y est pour rien, mais c\u2019est un rituel. Exactement comme le roi Loth d\u2019Orcanie dans la s\u00e9rie <em>Kaamelott<\/em> avec <a href=\"https:\/\/www.dailymotion.com\/video\/x27sf8i\">ses citations latines<\/a> qui ne veulent rien dire mais font toujours de l\u2019effet. Apr\u00e8s ce sera le tour, tout aussi inutile, de la pauvre Nicole Belloubet, dont une l\u00e9gende urbaine pr\u00e9tend qu\u2019elle serait Garde des Sceaux. Si l\u2019on a bien compris c\u2019est m\u00eame motif, <a href=\"https:\/\/www.causeur.fr\/rassemblement-national-rn-saisie-pnf-152683\">m\u00eame punition que le FN<\/a> devenu RN. La justice s\u2019arroge le droit de contr\u00f4ler la fa\u00e7on dont les partis d\u2019opposition utilisent leur argent et leurs ressources, et comme \u00e7a, avant toute d\u00e9cision au fond, en violation de la pr\u00e9somption d\u2019innocence, on leur saisit les sommes que leur doit l\u2019\u00c9tat en application de la loi sur le financement de la vie politique. Sans que les juridictions sup\u00e9rieures n\u2019y voient le moindre probl\u00e8me, tant en ce qui concerne la libert\u00e9 politique que la s\u00e9paration des pouvoirs.<\/span><\/p>\n<p style=\"text-align: justify;\"><span style=\"font-family: times new roman, times, serif; font-size: 14pt;\">Eh oui, cher Jean-Luc M\u00e9lenchon, avec ce pouvoir et la partie de l\u2019appareil judiciaire qui le suit, la perquisition, comme la guerre, est la continuation de la politique par d\u2019autres moyens. Mais camarade, tout ceci \u00e9tait parfaitement pr\u00e9visible. Le probl\u00e8me, c\u2019est que vous avez applaudi quand c\u2019est Nicolas Sarkozy qui a connu ces m\u00e9thodes indignes. Je vous renvoie aux dizaines d\u2019articles \u00e9crits sur ce sujet dans ces colonnes. Vous avez pris un air pinc\u00e9 sans rien dire sur celles inflig\u00e9es \u00e0 Fran\u00e7ois Fillon. Alors m\u00eame que le raid m\u00e9diatico-judiciaire lanc\u00e9 contre celui-ci a purement et simplement fauss\u00e9 l\u2019\u00e9lection pr\u00e9sidentielle et permis l\u2019accession au pouvoir d\u2019un inconnu dont nous mesurons aujourd\u2019hui la dangerosit\u00e9. Certes, Cl\u00e9mentine Autain a ensuite sauv\u00e9 l\u2019honneur en refusant de voter la mainlev\u00e9e de l\u2019immunit\u00e9 parlementaire de Marine Le Pen, car elle avait compris le pourquoi des demandes utilis\u00e9es contre celle-ci. Mais elle fut bien seule. Je pourrais multiplier les exemples qui d\u00e9montrent que vous n\u2019avez pas mesur\u00e9 le danger de cette instrumentalisation de la justice \u00e0 des fins politiques.<\/span><\/p>\n<p style=\"text-align: justify;\"><span style=\"font-family: times new roman, times, serif; font-size: 14pt;\">Ce qui est en cause n\u2019est pas ce qui pourra arriver \u00e0 la fin des proc\u00e9dures si celles-ci arrivent un jour \u00e0 une fin. Le probl\u00e8me est celui de l\u2019utilisation de la justice par des initiatives proc\u00e9durales imm\u00e9diatement m\u00e9diatis\u00e9es, prises en fonction d\u2019imp\u00e9ratifs politiques du jour. Pourquoi croyez-vous que la perquisition dont vous avez \u00e9t\u00e9 l\u2019objet est intervenue le jour de l\u2019annonce du remaniement ? Pourquoi croyez-vous que les proc\u00e9dures concernant Nicolas Sarkozy durent pour certaines depuis 25 ans comme l\u2019affaire de Karachi? N\u2019h\u00e9sitez pas \u00e0 v\u00e9rifier le contexte politique dans lequel sont r\u00e9percut\u00e9s telle mise en examen, telle perquisition, tel scoop relay\u00e9s par la presse amie, telle publication de proc\u00e8s-verbaux trafiqu\u00e9s, etc. Pour avoir suivi tout cela de tr\u00e8s pr\u00e8s pendant des ann\u00e9es, je sais \u00e0 quel point c\u2019est \u00e9difiant.<\/span><\/p>\n<p style=\"text-align: justify;\"><span style=\"font-family: times new roman, times, serif; font-size: 14pt;\">La libert\u00e9 ne se divise pas Jean-Luc M\u00e9lenchon et je dois dire que je ne comprends pas pourquoi vous avez \u00e9t\u00e9 muet face \u00e0 l\u2019\u00e9norme injustice <a href=\"https:\/\/www.causeur.fr\/mort-clement-meric-verdict-morillo-154580\">dont a \u00e9t\u00e9 victime Esteban Morillo<\/a>. Comme sur le scandale, toujours sans cons\u00e9quence disciplinaire, <a href=\"https:\/\/www.causeur.fr\/syndicat-magistrature-juge-burgaud-outreau-22788\">du c\u00e9l\u00e8bre \u00abmur des cons\u00bb<\/a>. Cette partialit\u00e9 \u00e0 l\u2019encontre des adversaires politiques s\u2019accompagne, depuis l\u2019arriv\u00e9e de Fran\u00e7ois Hollande \u00e0 la pr\u00e9sidence de la R\u00e9publique, d\u2019une \u00e9tonnante mansu\u00e9tude pour ceux qui sont du c\u00f4t\u00e9 du manche. Que sont devenues les affaires Arif, Lamdaoui, Le Roux ? Vous n\u2019avez pas d\u2019avis ? Et vous ne vous \u00eates pas beaucoup mobilis\u00e9 non plus pour protester contre les protections \u00e9tonnantes dont b\u00e9n\u00e9ficient aujourd\u2019hui Emmanuel Macron et son entourage de la part du haut appareil judiciaire. <a href=\"https:\/\/www.causeur.fr\/comptes-campagne-emmanuel-macron-151860\">Les comptes de campagne<\/a> du petit roi, <a href=\"https:\/\/www.causeur.fr\/audition-benalla-senat-belloubet-154633\">l\u2019affaire du coffre de Benalla<\/a>, la soudaine garde \u00e0 vue et les poursuites \u00e0 l\u2019encontre d\u2019une vingtaine de passants pr\u00e9sents le 1er mai sur la place de la Contrescarpe, l\u2019impunit\u00e9 de Muriel P\u00e9nicaud malgr\u00e9 deux d\u00e9lits de favoritisme, l\u2019incroyable d\u00e9paysement \u00e0 Lille de l\u2019affaire Ferrand, la tranquillit\u00e9 assur\u00e9e \u00e0 Michael Emelien malgr\u00e9 de lourds soup\u00e7ons de recel des cassettes ill\u00e9galement remises \u00e0 Benalla, l\u2019\u00e9gale tranquillit\u00e9 d\u2019Alexis Kohler, toute cette passivit\u00e9 \u00e9trange m\u00e9riterait un traitement politique. Comme contre <a href=\"https:\/\/www.nouvelobs.com\/justice\/20180927.OBS3020\/parquet-de-paris-macron-accuse-d-imposer-ses-choix-pour-le-successeur-de-molins.html\">la fa\u00e7on dont Emmanuel Macron\u00a0serait\u00a0intervenu<\/a> dans la proc\u00e9dure de nomination du nouveau procureur du tribunal de grande instance de Paris.<\/span><\/p>\n<p style=\"text-align: justify;\"><span style=\"font-family: times new roman, times, serif; font-size: 14pt;\"><a href=\"https:\/\/www.causeur.fr\/rassemblement-national-rn-saisie-pnf-152683\">On vous l\u2019avait dit pourtant<\/a> que viendrait votre tour. Et que l\u2019oligarchie, dont Macron est le fond\u00e9 de pouvoir, n\u2019aurait aucun probl\u00e8me pour instrumentaliser la justice \u00e0 des fins politiques. Il ne sert \u00e0 rien, comme vous l\u2019avez fait, d\u2019interpeller Madame Belloubet qui n\u2019est l\u00e0 que pour mettre en \u0153uvre les d\u00e9cisions du Ch\u00e2teau. Alors bien s\u00fbr, il ne s\u2019agit en aucun cas de revendiquer une quelconque impunit\u00e9 pour les personnages publics, mais au contraire d\u2019exiger l\u2019irr\u00e9prochabilit\u00e9 pour ceux qui sollicitent la confiance des citoyens. Mais cette irr\u00e9prochabilit\u00e9 doit d\u2019abord \u00eatre celle de la justice gardienne de la loi. Et nous sommes pour l\u2019instant loin du compte concernant les affaires politiques. C\u2019est \u00e0 cette justice que le parlementaire que vous \u00eates doit demander des comptes.<\/span><\/p>\n<p style=\"text-align: justify;\"><span style=\"font-family: times new roman, times, serif; font-size: 14pt;\">En attendant, vous \u00eates dans la seringue et vous allez voir, ce n\u2019est pas rigolo.<\/span><\/p>\n<p style=\"text-align: justify;\"><span style=\"font-family: times new roman, times, serif; font-size: 14pt;\">Source\u00a0: <a href=\"http:\/\/www.vududroit.com\/2018\/10\/derives-liberticides-cest-tour-de-melenchon\/\">http:\/\/www.vududroit.com\/2018\/10\/derives-liberticides-cest-tour-de-melenchon\/<\/a><\/span><\/p>\n<p style=\"text-align: justify;\"><span style=\"font-family: times new roman, times, serif; font-size: 14pt;\">Url de cet article\u00a0: <a href=\"http:\/\/blog.lesgrossesorchadeslesamplesthalameges.fr\/?page_id=171&amp;preview=true\">http:\/\/blog.lesgrossesorchadeslesamplesthalameges.fr\/?page_id=171&amp;preview=true<\/a><br \/>\n<\/span><\/p>\n<p>&nbsp;<\/p>\n<p>&nbsp;<\/p>\n<p style=\"text-align: right;\"><span style=\"font-family: comic sans ms, sans-serif; font-size: 14pt;\">Mis en ligne le 22 octobre 2018<\/span><\/p>\n","protected":false},"excerpt":{"rendered":"<p>D\u00e9rives liberticides : quand c\u2019est le tour de M\u00e9lenchon R\u00e9gis de Castelnau \u00ad\u2013 Vu du droit \u2013 18 octobre 2018 \u00a0 &nbsp; En ce mardi 16 octobre au matin, ayant appris l\u2019annonce imminente du remaniement minist\u00e9riel, nous \u00e9tions palpitants, pleins d\u2019impatience et d\u2019espoir attendant les d\u00e9cisions jupit\u00e9riennes. Une fois celles-ci tomb\u00e9es, vite un petit tour&#8230;<\/p>\n","protected":false},"author":1,"featured_media":0,"parent":0,"menu_order":0,"comment_status":"closed","ping_status":"closed","template":"","meta":[],"_links":{"self":[{"href":"https:\/\/blog.lesgrossesorchadeslesamplesthalameges.fr\/index.php\/wp-json\/wp\/v2\/pages\/171"}],"collection":[{"href":"https:\/\/blog.lesgrossesorchadeslesamplesthalameges.fr\/index.php\/wp-json\/wp\/v2\/pages"}],"about":[{"href":"https:\/\/blog.lesgrossesorchadeslesamplesthalameges.fr\/index.php\/wp-json\/wp\/v2\/types\/page"}],"author":[{"embeddable":true,"href":"https:\/\/blog.lesgrossesorchadeslesamplesthalameges.fr\/index.php\/wp-json\/wp\/v2\/users\/1"}],"replies":[{"embeddable":true,"href":"https:\/\/blog.lesgrossesorchadeslesamplesthalameges.fr\/index.php\/wp-json\/wp\/v2\/comments?post=171"}],"version-history":[{"count":0,"href":"https:\/\/blog.lesgrossesorchadeslesamplesthalameges.fr\/index.php\/wp-json\/wp\/v2\/pages\/171\/revisions"}],"wp:attachment":[{"href":"https:\/\/blog.lesgrossesorchadeslesamplesthalameges.fr\/index.php\/wp-json\/wp\/v2\/media?parent=171"}],"curies":[{"name":"wp","href":"https:\/\/api.w.org\/{rel}","templated":true}]}}