{"id":17114,"date":"2022-02-26T17:39:09","date_gmt":"2022-02-26T16:39:09","guid":{"rendered":"http:\/\/blog.lesgrossesorchadeslesamplesthalameges.fr\/?page_id=17114"},"modified":"2022-02-26T17:40:10","modified_gmt":"2022-02-26T16:40:10","slug":"soutien-de-bachar-al-assad-a-vladimir-poutine","status":"publish","type":"page","link":"https:\/\/blog.lesgrossesorchadeslesamplesthalameges.fr\/index.php\/soutien-de-bachar-al-assad-a-vladimir-poutine\/","title":{"rendered":"Soutien de Bachar al-Assad \u00e0 Vladimir Poutine"},"content":{"rendered":"<p>&nbsp;<\/p>\n<p>&nbsp;<\/p>\n<p>&nbsp;<\/p>\n<p>&nbsp;<\/p>\n<p>&nbsp;<\/p>\n<p>&nbsp;<\/p>\n<p>&nbsp;<\/p>\n<p>&nbsp;<\/p>\n<p>&nbsp;<\/p>\n<p style=\"text-align: center;\"><span style=\"font-family: times new roman, times, serif; font-size: 36pt;\"><strong>Soutien de Bachar al-Assad \u00e0 Vladimir Poutine<\/strong><\/span><\/p>\n<p>&nbsp;<\/p>\n<p>&nbsp;<\/p>\n<p style=\"text-align: center;\"><span style=\"font-family: times new roman, times, serif; font-size: 18pt;\"><strong>Gilles Munier \u2013 <em>France-Irak Actualit\u00e9s<\/em> \u201326.2. 2022<\/strong><\/span><\/p>\n<p>&nbsp;<\/p>\n<p>&nbsp;<\/p>\n<p>&nbsp;<\/p>\n<p style=\"text-align: center;\"><a href=\"http:\/\/blog.lesgrossesorchadeslesamplesthalameges.fr\/index.php\/2022\/02\/26\/a-la-guerre-comme-a-la-guerre\/15-presidence-syrienne\/\" rel=\"attachment wp-att-17093\"><img loading=\"lazy\" class=\"alignnone wp-image-17093\" src=\"http:\/\/blog.lesgrossesorchadeslesamplesthalameges.fr\/wp-content\/uploads\/2022\/02\/15.-Pr\u00e9sidence-syrienne-300x150.jpg\" alt=\"\" width=\"650\" height=\"325\" srcset=\"https:\/\/blog.lesgrossesorchadeslesamplesthalameges.fr\/wp-content\/uploads\/2022\/02\/15.-Pr\u00e9sidence-syrienne-300x150.jpg 300w, https:\/\/blog.lesgrossesorchadeslesamplesthalameges.fr\/wp-content\/uploads\/2022\/02\/15.-Pr\u00e9sidence-syrienne.jpg 600w\" sizes=\"(max-width: 650px) 100vw, 650px\" \/><\/a><\/p>\n<p>&nbsp;<\/p>\n<p>&nbsp;<\/p>\n<p>&nbsp;<\/p>\n<p style=\"text-align: center;\"><span style=\"font-family: times new roman, times, serif; font-size: 24pt;\"><strong>Appel t\u00e9l\u00e9phonique du pr\u00e9sident al-Assad au pr\u00e9sident Poutine sur l\u2019op\u00e9ration militaire en cours<\/strong><\/span><\/p>\n<p style=\"text-align: justify;\"><span style=\"font-family: times new roman, times, serif; font-size: 14pt;\"><strong>\u00a0<\/strong><\/span><\/p>\n<p>&nbsp;<\/p>\n<p style=\"text-align: justify;\"><span style=\"font-family: times new roman, times, serif; font-size: 14pt;\"><strong>Revue de presse\u00a0: Agence\u00a0 arabe syrienne d\u2019informations <em>(25\/2\/22)* <\/em><\/strong><\/span><\/p>\n<p>&nbsp;<\/p>\n<p style=\"text-align: justify;\"><span style=\"font-family: times new roman, times, serif; font-size: 14pt;\">Le pr\u00e9sident Bachar al-Assad a t\u00e9l\u00e9phon\u00e9 aujourd\u2019hui au pr\u00e9sident russe, Vladimir Poutine.<\/span><\/p>\n<p style=\"text-align: justify;\"><span style=\"font-family: times new roman, times, serif; font-size: 14pt;\">La conversation entre les deux pr\u00e9sidents a port\u00e9 sur la situation en Ukraine et sur l\u2019op\u00e9ration militaire sp\u00e9ciale de la Russie entreprise pour prot\u00e9ger les civils dans le Donbass.<\/span><\/p>\n<p style=\"text-align: justify;\"><span style=\"font-family: times new roman, times, serif; font-size: 14pt;\">Le pr\u00e9sident al-Assad a imput\u00e9 aux pays occidentaux la responsabilit\u00e9 du chaos et de l\u2019effusion de sang, cons\u00a0\u00e9quence in\u00e9vitable de leurs habituelles politiques de domination des peuples, pr\u00e9cisant que ces pays utilisent partout leurs d\u00e9testables m\u00e9thodes consistant \u00e0 soutenir les terroristes en Syrie et les nazis en Ukraine, ainsi que dans bien d\u2019autres r\u00e9gions du monde.<\/span><\/p>\n<p style=\"text-align: justify;\"><span style=\"font-family: times new roman, times, serif; font-size: 14pt;\">Le pr\u00e9sident al-Assad a affirm\u00e9 que la Syrie se tient aux c\u00f4t\u00e9s de la F\u00e9d\u00e9ration de Russie, parce que la Russie a le droit de faire face \u00e0 l\u2019\u00e9largissement de l\u2019OTAN qui est devenu une menace pour le monde entier et un outil pour r\u00e9aliser les politiques irresponsables des pays occidentaux pour porter atteinte \u00e0 la stabilit\u00e9 dans le monde.<\/span><\/p>\n<p style=\"text-align: justify;\"><span style=\"font-family: times new roman, times, serif; font-size: 14pt;\">Le pr\u00e9sident al-Assad a rappel\u00e9 que l\u2019arm\u00e9e arabe syrienne et l\u2019arm\u00e9e russe font face au m\u00eame ennemi\u00a0: en Syrie, au moyen de l\u2019extr\u00e9misme et en Ukraine, au moyen du nazisme.<\/span><\/p>\n<p style=\"text-align: justify;\"><span style=\"font-family: times new roman, times, serif; font-size: 14pt;\">De son c\u00f4t\u00e9, le pr\u00e9sident Poutine a confirm\u00e9 que l\u2019op\u00e9ration militaire sp\u00e9ciale dans le Donbass vise \u00e0 y stabiliser la situation et \u00e0 mettre fin aux\u00a0 souffrances endur\u00e9es par la population pendant les huit derni\u00e8res huit ann\u00e9es.<\/span><\/p>\n<p style=\"text-align: justify;\"><span style=\"font-family: times new roman, times, serif; font-size: 14pt;\">Le pr\u00e9sident Poutine a rappel\u00e9 que son pays n\u2019avait pris la d\u00e9cision de recourir \u00e0 la force qu\u2019apr\u00e8s que les autorit\u00e9s ukrainiennes, soutenues par les Occidentaux, eussent annonc\u00e9 leur d\u00e9cision de ne pas respecter les accords ratifi\u00e9s par les parlements des deux pays, et apr\u00e8s que les R\u00e9publiques de Donetsk et de Lougansk eussent demand\u00e9 de l\u2019aide \u00e0 la Russie.<\/span><\/p>\n<p style=\"text-align: justify;\"><span style=\"font-family: times new roman, times, serif; font-size: 14pt;\"><strong>*Source\u00a0:<\/strong><a href=\"http:\/\/sana.sy\/fr\/?p=255999\"> SANA<\/a><\/span><\/p>\n<p>&nbsp;<\/p>\n<p>&nbsp;<\/p>\n<p style=\"text-align: center;\"><a href=\"http:\/\/blog.lesgrossesorchadeslesamplesthalameges.fr\/index.php\/2022\/02\/26\/a-la-guerre-comme-a-la-guerre\/000-foudre-rouge-4-gif\/\" rel=\"attachment wp-att-17076\"><img loading=\"lazy\" class=\"alignnone wp-image-17076\" src=\"http:\/\/blog.lesgrossesorchadeslesamplesthalameges.fr\/wp-content\/uploads\/2022\/02\/000.-Foudre-rouge-4-GIF.gif\" alt=\"\" width=\"60\" height=\"126\" \/><\/a><\/p>\n<p>&nbsp;<\/p>\n<p>&nbsp;<\/p>\n<p style=\"text-align: center;\"><span style=\"font-family: times new roman, times, serif; font-size: 24pt;\"><strong>La pr\u00e9sidence de la R\u00e9publique\u00a0: La Syrie est pr\u00eate \u00e0 \u00e9tablir des relations avec les R\u00e9publiques de Lougansk et Donetsk<\/strong><\/span><\/p>\n<p>&nbsp;<\/p>\n<p>&nbsp;<\/p>\n<p style=\"text-align: justify;\"><span style=\"font-family: times new roman, times, serif; font-size: 14pt;\"><strong>Revue de presse\u00a0: Agence\u00a0 arabe syrienne d\u2019informations <em>(22\/2\/22)** <\/em><\/strong><\/span><\/p>\n<p>&nbsp;<\/p>\n<p>&nbsp;<\/p>\n<p style=\"text-align: justify;\"><span style=\"font-family: times new roman, times, serif; font-size: 14pt;\">La pr\u00e9sidence de la R\u00e9publique a affirm\u00e9 que les m\u00e9dias ont diffus\u00e9 des rapports sur la reconnaissance par la Syrie des deux R\u00e9publiques de Lougansk et Donetsk.<\/span><\/p>\n<p style=\"text-align: justify;\"><span style=\"font-family: times new roman, times, serif; font-size: 14pt;\">\u00c0 ce propos, la pr\u00e9sidence a indiqu\u00e9 que le pr\u00e9sident Bachar al-Assad, lors de la visite d\u2019une d\u00e9l\u00e9gation parlementaire russe le 21 d\u00e9cembre 2021 \u00e0 Damas, pr\u00e9sid\u00e9e par Dmitry Sablin et comprenant des repr\u00e9sentants de la r\u00e9publique de Donetsk, avait exprim\u00e9 la disposition de la Syrie \u00e0 reconna\u00eetre la R\u00e9publiques de Donetsk, ajoutant que les deux pays se sont mis d\u2019accord pour \u00e9tablir des relations communes.<\/span><\/p>\n<p style=\"text-align: justify;\"><span style=\"font-family: times new roman, times, serif; font-size: 14pt;\">\u00ab\u00a0Les positions de la R\u00e9publique Arabe Syrienne se fondent sur sa conviction que la crise ukrainienne a \u00e9t\u00e9 cr\u00e9\u00e9e par les pays occidentaux, \u00c9tats-Unis en t\u00eate, pour briser les peuples et nuire \u00e0 la s\u00e9curit\u00e9 nationale russe, et qu\u2019affronter les politiques occidentales est une t\u00e2che commune \u00e0 toutes les populations qui luttent contre l\u2019h\u00e9g\u00e9monie\u00a0\u00bb.<\/span><\/p>\n<p style=\"text-align: justify;\"><span style=\"font-family: times new roman, times, serif; font-size: 14pt;\">La pr\u00e9sidence de la R.A.S. a conclu en affirmant la d\u00e9termination de la Syrie \u00e0 \u0153uvrer pour \u00e9tablir des relations avec les deux R\u00e9publiques de Lougansk et Donetsk et pour les renforcer dans le cadre des int\u00e9r\u00eats communs et du respect mutuel.<\/span><\/p>\n<p style=\"text-align: justify;\"><span style=\"font-family: times new roman, times, serif; font-size: 14pt;\"><strong>**Source\u00a0:<\/strong><a href=\"http:\/\/sana.sy\/fr\/?p=255673\"> SANA<\/a><\/span><\/p>\n<p>&nbsp;<\/p>\n<p style=\"text-align: justify;\"><span style=\"font-family: times new roman, times, serif; font-size: 14pt;\">[traductions revues par c.l. pour <em>L.G.O<\/em>.]<\/span><\/p>\n<p style=\"text-align: left;\"><span style=\"font-family: times new roman, times, serif; font-size: 14pt;\">Source\u00a0: <a href=\"https:\/\/www.france-irak-actualite.com\/2022\/02\/ukraine-soutien-de-bachar-al-assad-a-vladimir-poutine.html\">https:\/\/www.france-irak-actualite.com\/2022\/02\/ukraine-soutien-de-bachar-al-assad-a-vladimir-poutine.html<\/a><\/span><\/p>\n<p>&nbsp;<\/p>\n<p style=\"text-align: left;\"><span style=\"font-family: times new roman, times, serif; font-size: 14pt;\"><strong>URL de cet article\u00a0: <\/strong><a href=\"http:\/\/blog.lesgrossesorchadeslesamplesthalameges.fr\/index.php\/soutien-de-bachar-al-assad-a-vladimir-poutine\/\">http:\/\/blog.lesgrossesorchadeslesamplesthalameges.fr\/index.php\/soutien-de-bachar-al-assad-a-vladimir-poutine\/<\/a><strong><br \/>\n<\/strong><\/span><\/p>\n<p><strong>\u00a0<\/strong><\/p>\n<p><strong>\u00a0<\/strong><\/p>\n<p style=\"text-align: right;\"><span style=\"font-family: comic sans ms, sans-serif; font-size: 14pt;\">F\u00e9vrier 2022<\/span><\/p>\n<p>&nbsp;<\/p>\n<p>&nbsp;<\/p>\n","protected":false},"excerpt":{"rendered":"<p>&nbsp; &nbsp; &nbsp; &nbsp; &nbsp; &nbsp; &nbsp; &nbsp; &nbsp; Soutien de Bachar al-Assad \u00e0 Vladimir Poutine &nbsp; &nbsp; Gilles Munier \u2013 France-Irak Actualit\u00e9s \u201326.2. 2022 &nbsp; &nbsp; &nbsp; &nbsp; &nbsp; &nbsp; Appel t\u00e9l\u00e9phonique du pr\u00e9sident al-Assad au pr\u00e9sident Poutine sur l\u2019op\u00e9ration militaire en cours \u00a0 &nbsp; Revue de presse\u00a0: Agence\u00a0 arabe syrienne d\u2019informations (25\/2\/22)* &nbsp;&#8230;<\/p>\n","protected":false},"author":1,"featured_media":0,"parent":0,"menu_order":0,"comment_status":"open","ping_status":"open","template":"","meta":[],"_links":{"self":[{"href":"https:\/\/blog.lesgrossesorchadeslesamplesthalameges.fr\/index.php\/wp-json\/wp\/v2\/pages\/17114"}],"collection":[{"href":"https:\/\/blog.lesgrossesorchadeslesamplesthalameges.fr\/index.php\/wp-json\/wp\/v2\/pages"}],"about":[{"href":"https:\/\/blog.lesgrossesorchadeslesamplesthalameges.fr\/index.php\/wp-json\/wp\/v2\/types\/page"}],"author":[{"embeddable":true,"href":"https:\/\/blog.lesgrossesorchadeslesamplesthalameges.fr\/index.php\/wp-json\/wp\/v2\/users\/1"}],"replies":[{"embeddable":true,"href":"https:\/\/blog.lesgrossesorchadeslesamplesthalameges.fr\/index.php\/wp-json\/wp\/v2\/comments?post=17114"}],"version-history":[{"count":10,"href":"https:\/\/blog.lesgrossesorchadeslesamplesthalameges.fr\/index.php\/wp-json\/wp\/v2\/pages\/17114\/revisions"}],"predecessor-version":[{"id":17124,"href":"https:\/\/blog.lesgrossesorchadeslesamplesthalameges.fr\/index.php\/wp-json\/wp\/v2\/pages\/17114\/revisions\/17124"}],"wp:attachment":[{"href":"https:\/\/blog.lesgrossesorchadeslesamplesthalameges.fr\/index.php\/wp-json\/wp\/v2\/media?parent=17114"}],"curies":[{"name":"wp","href":"https:\/\/api.w.org\/{rel}","templated":true}]}}