{"id":17494,"date":"2022-03-11T18:19:23","date_gmt":"2022-03-11T17:19:23","guid":{"rendered":"http:\/\/blog.lesgrossesorchadeslesamplesthalameges.fr\/?page_id=17494"},"modified":"2022-03-11T18:21:33","modified_gmt":"2022-03-11T17:21:33","slug":"la-triple-croix-de-louest","status":"publish","type":"page","link":"https:\/\/blog.lesgrossesorchadeslesamplesthalameges.fr\/index.php\/la-triple-croix-de-louest\/","title":{"rendered":"La triple croix de l&rsquo;Ouest"},"content":{"rendered":"<p>&nbsp;<\/p>\n<p>&nbsp;<\/p>\n<p>&nbsp;<\/p>\n<p>&nbsp;<\/p>\n<p>&nbsp;<\/p>\n<p>&nbsp;<\/p>\n<p>&nbsp;<\/p>\n<p>&nbsp;<\/p>\n<p>&nbsp;<\/p>\n<p style=\"text-align: center;\"><a href=\"http:\/\/blog.lesgrossesorchadeslesamplesthalameges.fr\/?attachment_id=17453\" rel=\"attachment wp-att-17453\"><img loading=\"lazy\" class=\"alignnone wp-image-17453 size-full\" src=\"http:\/\/blog.lesgrossesorchadeslesamplesthalameges.fr\/wp-content\/uploads\/2022\/03\/9.-Triple-1.jpg\" alt=\"\" width=\"500\" height=\"333\" srcset=\"https:\/\/blog.lesgrossesorchadeslesamplesthalameges.fr\/wp-content\/uploads\/2022\/03\/9.-Triple-1.jpg 500w, https:\/\/blog.lesgrossesorchadeslesamplesthalameges.fr\/wp-content\/uploads\/2022\/03\/9.-Triple-1-300x200.jpg 300w\" sizes=\"(max-width: 500px) 100vw, 500px\" \/><\/a><\/p>\n<p>&nbsp;<\/p>\n<p>&nbsp;<\/p>\n<p>&nbsp;<\/p>\n<p style=\"text-align: center;\"><span style=\"font-family: times new roman, times, serif; font-size: 36pt;\"><strong>La triple croix de l&rsquo;Ouest<\/strong><\/span><\/p>\n<p style=\"text-align: center;\"><span style=\"font-family: times new roman, times, serif; font-size: 14pt;\"><strong>\u00a0<\/strong><\/span><\/p>\n<p style=\"text-align: center;\"><span style=\"font-family: times new roman, times, serif; font-size: 18pt;\"><strong>Steve Brown<em> \u2013 Strategika 51<\/em> \u2013 10.3.2022<\/strong><\/span><\/p>\n<p style=\"text-align: center;\"><span style=\"font-family: times new roman, times, serif; font-size: 18pt;\"><strong>\u00a0<\/strong><\/span><\/p>\n<p style=\"text-align: center;\"><span style=\"font-family: times new roman, times, serif; font-size: 18pt;\">Traduction\u00a0:<strong> c.l. <\/strong>pour<strong> <em>L.G.O<\/em>.<\/strong><\/span><\/p>\n<p>&nbsp;<\/p>\n<p>&nbsp;<\/p>\n<p style=\"text-align: center;\"><span style=\"font-family: tahoma, arial, helvetica, sans-serif; font-size: 12pt;\"><strong>Sans vouloir banaliser la crise actuelle, le magicien derri\u00e8re le rideau a certainement jet\u00e9 les d\u00e9s avec abandon cette fois-ci.<\/strong><\/span><\/p>\n<p>&nbsp;<\/p>\n<p>&nbsp;<\/p>\n<p>&nbsp;<\/p>\n<p style=\"text-align: center;\"><a href=\"http:\/\/blog.lesgrossesorchadeslesamplesthalameges.fr\/?attachment_id=17454\" rel=\"attachment wp-att-17454\"><img loading=\"lazy\" class=\"alignnone wp-image-17454\" src=\"http:\/\/blog.lesgrossesorchadeslesamplesthalameges.fr\/wp-content\/uploads\/2022\/03\/10.-Triple-2-300x247.jpg\" alt=\"\" width=\"600\" height=\"493\" srcset=\"https:\/\/blog.lesgrossesorchadeslesamplesthalameges.fr\/wp-content\/uploads\/2022\/03\/10.-Triple-2-300x247.jpg 300w, https:\/\/blog.lesgrossesorchadeslesamplesthalameges.fr\/wp-content\/uploads\/2022\/03\/10.-Triple-2.jpg 500w\" sizes=\"(max-width: 600px) 100vw, 600px\" \/><\/a><\/p>\n<p>&nbsp;<\/p>\n<p>&nbsp;<\/p>\n<p>&nbsp;<\/p>\n<p style=\"text-align: center;\"><span style=\"font-family: tahoma, arial, helvetica, sans-serif; font-size: 12pt;\"><strong>Le grand sorcier est apparemment assez d\u00e9sesp\u00e9r\u00e9 maintenant, alors examinons pourquoi.<\/strong><\/span><\/p>\n<p>&nbsp;<\/p>\n<p>&nbsp;<\/p>\n<p>&nbsp;<\/p>\n<p style=\"text-align: center;\"><a href=\"http:\/\/blog.lesgrossesorchadeslesamplesthalameges.fr\/?attachment_id=17455\" rel=\"attachment wp-att-17455\"><img loading=\"lazy\" class=\"alignnone wp-image-17455 size-full\" src=\"http:\/\/blog.lesgrossesorchadeslesamplesthalameges.fr\/wp-content\/uploads\/2022\/03\/11.-Triple-3.jpg\" alt=\"\" width=\"500\" height=\"280\" srcset=\"https:\/\/blog.lesgrossesorchadeslesamplesthalameges.fr\/wp-content\/uploads\/2022\/03\/11.-Triple-3.jpg 500w, https:\/\/blog.lesgrossesorchadeslesamplesthalameges.fr\/wp-content\/uploads\/2022\/03\/11.-Triple-3-300x168.jpg 300w\" sizes=\"(max-width: 500px) 100vw, 500px\" \/><\/a><\/p>\n<p>&nbsp;<\/p>\n<p>&nbsp;<\/p>\n<p>&nbsp;<\/p>\n<p style=\"text-align: justify;\"><span style=\"font-family: times new roman, times, serif; font-size: 14pt;\">Tout d&rsquo;abord, il est clair que la contagion n&rsquo;a pas touch\u00e9 autant de \u00ab\u00a0Great Unwashed\u00a0\u00bb<em> [Les gens qui ne sont RIEN, NdT]\u00a0<\/em> (<a href=\"https:\/\/www.merriam-webster.com\/dictionary\/the%20(great)%20unwashed\">https:\/\/www.merriam-webster.com\/dictionary\/the%20(great)%20unwashed<\/a>) que l&rsquo;Empire l&rsquo;avait pr\u00e9vu, o\u00f9 par d\u00e9finition l&rsquo;Empire doit continuer \u00e0 s&rsquo;\u00e9tendre, alors que le noyau dur saigne.<\/span><\/p>\n<p style=\"text-align: justify;\"><span style=\"font-family: times new roman, times, serif; font-size: 14pt;\">Deuxi\u00e8mement, on pourrait consacrer beaucoup de temps, d&rsquo;\u00e9nergie et d&rsquo;efforts \u00e0 attribuer la responsabilit\u00e9 de la crise actuelle, mais cet exercice st\u00e9rile est de moins en moins pertinent et surtout inutile, et ne sera donc pas analys\u00e9 ici. Il convient simplement de noter qu&rsquo;il existe un certain nombre de facteurs de complication int\u00e9ressants, notamment <strong><em>un r\u00e9gime n\u00e9ophyte au pouvoir \u00e0 Berlin<\/em><\/strong>, <strong><em>un r\u00e9gime am\u00e9ricain extr\u00eamement corrompu*<\/em><\/strong> et la Fraternit\u00e9 Bormann en grande tenue qui domine l&rsquo;UE et l&rsquo;Europe de l&rsquo;Est.<\/span><\/p>\n<p>&nbsp;<\/p>\n<p>&nbsp;<\/p>\n<p>&nbsp;<\/p>\n<p style=\"text-align: center;\"><span style=\"font-family: times new roman, times, serif; font-size: 14pt;\"><a href=\"http:\/\/blog.lesgrossesorchadeslesamplesthalameges.fr\/index.php\/la-triple-croix-de-louest\/12-triple-4\/\" rel=\"attachment wp-att-17495\"><img loading=\"lazy\" class=\"alignnone wp-image-17495 size-full\" src=\"http:\/\/blog.lesgrossesorchadeslesamplesthalameges.fr\/wp-content\/uploads\/2022\/03\/12.-Triple-4.jpg\" alt=\"\" width=\"500\" height=\"352\" srcset=\"https:\/\/blog.lesgrossesorchadeslesamplesthalameges.fr\/wp-content\/uploads\/2022\/03\/12.-Triple-4.jpg 500w, https:\/\/blog.lesgrossesorchadeslesamplesthalameges.fr\/wp-content\/uploads\/2022\/03\/12.-Triple-4-300x211.jpg 300w\" sizes=\"(max-width: 500px) 100vw, 500px\" \/><\/a><\/span><\/p>\n<p>&nbsp;<\/p>\n<p>&nbsp;<\/p>\n<p>&nbsp;<\/p>\n<p><span style=\"font-family: times new roman, times, serif; font-size: 14pt;\">Mais nous n&rsquo;avons pas le temps d&rsquo;analyser maintenant une \u00e9tranget\u00e9 si grande, abordons les points principaux.<\/span><\/p>\n<p>&nbsp;<\/p>\n<ol>\n<li style=\"text-align: justify;\"><span style=\"font-family: times new roman, times, serif; font-size: 14pt;\">Les \u00c9tats-Unis ont sacrifi\u00e9 l&rsquo;Ukraine sur l&rsquo;autel de Mammon et des intentions meurtri\u00e8res pour lesquelles les \u00c9tats-Unis sont si bien connus, depuis qu&rsquo;Eisenhower notamment mis en garde contre les nazis en Europe &#8211; et aux \u00c9tats-Unis &#8211; il y a plus de sept d\u00e9cennies.<\/span><\/li>\n<\/ol>\n<p>&nbsp;<\/p>\n<ol start=\"2\">\n<li style=\"text-align: justify;\"><span style=\"font-family: times new roman, times, serif; font-size: 14pt;\">Maintenant, le magicien a d\u00e9cid\u00e9 de jeter l&rsquo;\u00e9conomie allemande aux chiens \u00e9galement &#8211; du moins \u00e0 court terme, selon la d\u00e9finition de \u00ab\u00a0court terme\u00a0\u00bb &#8211; dans un geste surprenant o\u00f9 Washington pense peut-\u00eatre que la Fraternit\u00e9 Bormann (Europe nazie\/OTAN) est devenue un peu trop grande pour ses culottes, ou ne sert plus un objectif utile.<\/span><\/li>\n<\/ol>\n<p style=\"text-align: justify; padding-left: 30px;\"><span style=\"font-family: times new roman, times, serif; font-size: 14pt;\">Le point deux co\u00efncide avec la d\u00e9claration alarmante de Jerome Powell en guise de cadeau \u00e0 l&rsquo;\u00e9quipe de sorciers du dollar, \u00e0 savoir qu&rsquo;un monde multipolaire de monnaie de r\u00e9serve est imminent, ce qui doit effrayer au plus haut point les d\u00e9tritus qui gouvernent. \u00c0 noter que l&rsquo;euro est en haut du classement alchimique&#8230; juste en dessous du roi dollar. <a href=\"https:\/\/www.statista.com\/statistics\/1189498\/share-of-global-payments-by-currency\/\">https:\/\/www.statista.com\/statistics\/1189498\/share-of-global-payments-by-currency\/<\/a><\/span><\/p>\n<p style=\"text-align: justify; padding-left: 30px;\"><span style=\"font-family: times new roman, times, serif; font-size: 14pt;\">Maintenant que la grande avenue SWIFT vers le blanchiment massif d&rsquo;argent a disparu pour Mikhail Fridman et Ihor Kolomoisky (par exemple), l&rsquo;Empire collectif doit supposer qu&rsquo;ils (et une foule d&rsquo;autres oligarques de la cr\u00e9ation par d\u00e9cret) sont d\u00e9j\u00e0 tellement compromis qu&rsquo;ils sont facilement rempla\u00e7ables. Or, le syst\u00e8me de messagerie SWIFT a \u00e9t\u00e9 essentiellement compromis aussi\u2026 au mieux. La disparition du SWIFT \u2013 nous ne pouvons pas encore le d\u00e9clarer mort, mais il est au moins s\u00e9rieusement malade \u2013 a peut-\u00eatre \u00e9t\u00e9 pr\u00e9dite par le buzz cryptographique de Wall Street. Et, une s\u00e9rieuse pouss\u00e9e de la Fed\/OCC en faveur d&rsquo;un \u00ab\u00a0<em>Fedcoin<\/em>\u00a0\u00bb num\u00e9rique de la CBDC <a href=\"https:\/\/www.forbes.com\/sites\/jasonbrett\/2022\/02\/07\/fed-designs-digital-dollar-that-handles-17-million-transactions-per-second\/\">https:\/\/www.forbes.com\/sites\/jasonbrett\/2022\/02\/07\/fed-designs-digital-dollar-that-handles-17-million-transactions-per-second\/<\/a> \u00a0pour remplacer l&rsquo;eurodollar, de sorte que les \u00ab\u00a0\u00c9tats\u00a0\u00bb du Pacte occidental puissent se standardiser sur une nouvelle norme num\u00e9rique internationale pour remplacer SWIFT, et d&rsquo;ailleurs mettre fin au dollar en esp\u00e8ces. Ainsi, le nouveau pacte totalitaire occidental ressemblera \u00e9troitement au plan Hallstein-Solter de 1941. La r\u00e9alisation est ici :<\/span><\/p>\n<ol style=\"text-align: justify;\" start=\"3\">\n<li><span style=\"font-family: times new roman, times, serif; font-size: 14pt;\">Le pacte occidental est compos\u00e9 de nations individuelles au niveau de la base. L&rsquo;\u00c9tat n&rsquo;est pas vraiment souverain (sauf \u00e0 l&rsquo;\u00e9gard de ses propres citoyens) et l&rsquo;\u00c9tat individuel n&rsquo;a donc qu&rsquo;un pouvoir c\u00e9r\u00e9moniel dans le pacte collectif.<\/span><\/li>\n<\/ol>\n<ol style=\"text-align: justify;\" start=\"4\">\n<li><span style=\"font-family: times new roman, times, serif; font-size: 14pt;\">Ensuite, nous avons le \u00ab\u00a0Reich\u00a0\u00bb ou regroupement de nations au sein de ce nouveau pacte, un \u00ab\u00a0super OTAN\u00a0\u00bb.<\/span><\/li>\n<\/ol>\n<ol style=\"text-align: justify;\" start=\"5\">\n<li><span style=\"font-family: times new roman, times, serif; font-size: 14pt;\">Ensuite, le vrai pouvoir se trouve au troisi\u00e8me niveau, l\u00e0 o\u00f9 le cartel mon\u00e9taire a la capacit\u00e9 de cr\u00e9er une monnaie de confiance et donc de d\u00e9finir la politique. C&rsquo;est le cartel fant\u00f4me o\u00f9 r\u00e9side le vrai pouvoir. Et \u00e0 son plus haut niveau r\u00e9sident quelques noms que nous ne connaissons pas, l&rsquo;un d&rsquo;entre eux (peut-\u00eatre ?) que nous connaissons, est Klaus Schwab.<\/span><\/li>\n<\/ol>\n<p>&nbsp;<\/p>\n<p style=\"text-align: justify;\"><span style=\"font-family: times new roman, times, serif; font-size: 14pt;\">Bien s\u00fbr profond\u00e9ment antid\u00e9mocratique, le pacte totalitaire mondialiste de l&rsquo;Occident collectif se caract\u00e9rise par un f\u00e9odalisme d&rsquo;entreprise o\u00f9 les gens ne sont pas des citoyens mais des employ\u00e9s, et o\u00f9 le cartel prend les d\u00e9cisions pour ses employ\u00e9s. C&rsquo;est pourquoi le pacte peut donner la priorit\u00e9 \u00e0 la <em>contagion<\/em> et \u00e0 la <em>guerre<\/em> pour exercer un contr\u00f4le sur ses employ\u00e9s prol\u00e9taires. Par commodit\u00e9, on l&rsquo;appelle le Quatri\u00e8me Reich mondialiste qui ne partage rien avec le Troisi\u00e8me, sinon le d\u00e9sir de domination mondiale par le totalitarisme, et le contr\u00f4le mon\u00e9taire. Exemple de totalitarisme collectif occidental, la <em>contagion<\/em> a commenc\u00e9 par une v\u00e9ritable maladie, mais il est tr\u00e8s int\u00e9ressant de voir comment les pouvoirs centraux y ont r\u00e9pondu. Des fermetures inutiles et des lois d&rsquo;urgence pour d\u00e9terminer jusqu&rsquo;o\u00f9 les populations pouvaient \u00eatre pouss\u00e9es\u00a0: c\u2019\u00a0\u00e9tait un test. Puis la gr\u00e8ve des camionneurs canadiens a mis en danger le mandat des pouvoirs centraux. Et quand les camionneurs am\u00e9ricains s\u2019y sont mis\u2026cela risquait de faire mal. R\u00e9sultat ? Une fois encore, nos dirigeants sont totalitaires et c&rsquo;est le seul jeu qu&rsquo;ils connaissent. Donc : m\u00e9dias de masse en masse au front, censure en bonne et due forme et omnipr\u00e9sente. Le Covid19 a prouv\u00e9 que fermetures et lois draconiennes pouvaient \u00eatre appliqu\u00e9es, plus facilement encore avec l\u2019I.D. comme utile adjoint. Et l&rsquo;adoption de la cryptographie a un brillant avenir devant elle pour mettre fin aux monnaies nationales.<\/span><\/p>\n<p style=\"text-align: justify;\"><span style=\"font-family: times new roman, times, serif; font-size: 14pt;\">La carte d&rsquo;Orwell sera redessin\u00e9e <a href=\"https:\/\/bigthink.com\/strange-maps\/66-the-world-in-george-orwells-1984\/\">https:\/\/bigthink.com\/strange-maps\/66-the-world-in-george-orwells-1984\/<\/a><\/span><\/p>\n<p style=\"text-align: justify;\"><span style=\"font-family: times new roman, times, serif; font-size: 14pt;\">La proposition d\u2019une coordination de la structure mon\u00e9taire occidentale offre le grand avantage d\u2019isoler l\u2019Est.<\/span><\/p>\n<p style=\"text-align: justify;\"><span style=\"font-family: times new roman, times, serif; font-size: 14pt;\">Les pouvoirs mon\u00e9taires peuvent tenter d&rsquo;induire une d\u00e9flation par les moyens ci-dessus.<\/span><\/p>\n<p style=\"text-align: justify;\"><span style=\"font-family: times new roman, times, serif; font-size: 14pt;\">Pouvoirs alchimiques, contr\u00f4le de la suppression de l&rsquo;or par ce qui est irr\u00e9el (monnaie papier\/num\u00e9rique).<\/span><\/p>\n<p style=\"text-align: justify;\"><span style=\"font-family: times new roman, times, serif; font-size: 14pt;\">L&rsquo;or est un excellent exemple des pouvoirs alchimiques des collectifs occidentaux, et il a un co\u00fbt \u00e9lev\u00e9. La manipulation de l&rsquo;or par le gouvernement am\u00e9ricain \u2013 en collusion avec la LBMA, la BIS, le CME et la Fed\/ESF \u2013 co\u00fbte \u00e0 ces vils changeurs de monnaie du Temple des milliards et des milliards de leur cr\u00e9ation alchimique, \u00e0 savoir des dollars papier cr\u00e9\u00e9s par d\u00e9cret.<\/span><\/p>\n<p>&nbsp;<\/p>\n<p>&nbsp;<\/p>\n<p>&nbsp;<\/p>\n<p style=\"text-align: center;\"><a href=\"http:\/\/blog.lesgrossesorchadeslesamplesthalameges.fr\/index.php\/la-triple-croix-de-louest\/13-triple-5\/\" rel=\"attachment wp-att-17496\"><img loading=\"lazy\" class=\"alignnone wp-image-17496 size-full\" src=\"http:\/\/blog.lesgrossesorchadeslesamplesthalameges.fr\/wp-content\/uploads\/2022\/03\/13.-Triple-5.jpg\" alt=\"\" width=\"600\" height=\"596\" srcset=\"https:\/\/blog.lesgrossesorchadeslesamplesthalameges.fr\/wp-content\/uploads\/2022\/03\/13.-Triple-5.jpg 600w, https:\/\/blog.lesgrossesorchadeslesamplesthalameges.fr\/wp-content\/uploads\/2022\/03\/13.-Triple-5-150x150.jpg 150w, https:\/\/blog.lesgrossesorchadeslesamplesthalameges.fr\/wp-content\/uploads\/2022\/03\/13.-Triple-5-300x298.jpg 300w\" sizes=\"(max-width: 600px) 100vw, 600px\" \/><\/a><\/p>\n<p>&nbsp;<\/p>\n<p>&nbsp;<\/p>\n<p>&nbsp;<\/p>\n<p style=\"text-align: justify;\"><span style=\"font-family: times new roman, times, serif; font-size: 14pt;\">Si une forte <strong>inflation<\/strong> s&rsquo;installe, certains planificateurs centraux mondialistes croient qu&rsquo;elle doit \u00eatre contenue. La cr\u00e9ation du Chaos m\u00e8ne \u00e0 un ordre d\u00e9flationniste (\u00e0 terme). Mais les totalitaires corrompus de Washington viennent juste de voter une loi inflationniste massive. En fin de compte, l&rsquo;\u00c9tat est aux mains des oligarques du Quatri\u00e8me Reich, qui ne diff\u00e8rent des Rabinovitch, Kolomoisky, Pinchuk et Fridman qu\u2019en ce qu&rsquo;ils ont la main directement sur le levier de cr\u00e9ation des dollars.<\/span><\/p>\n<p style=\"text-align: justify;\"><span style=\"font-family: times new roman, times, serif; font-size: 14pt;\">En termes pratiques imm\u00e9diats, les Dirigeants se sont arrang\u00e9s pour couper, les approvisionnements en p\u00e9trole et en gaz, alors qu&rsquo;il n&rsquo;existe aucun moyen pratique de les remplacer. Or, pour Washington, risquer la col\u00e8re des \u00e9cologistes rend impossible une augmentation de la production am\u00e9ricaine de p\u00e9trole et de gaz. Ironie ultime, les greffons de l&rsquo;\u00c9tat am\u00e9ricain se ruent sur toutes les sources possible de p\u00e9trole et de gaz, allant jusqu&rsquo;\u00e0 approcher l&rsquo;Iran et le Venezuela pour le p\u00e9trole.<\/span><\/p>\n<p style=\"text-align: justify;\"><span style=\"font-family: times new roman, times, serif; font-size: 14pt;\">Les \u00c9tats-Unis ont approch\u00e9 de m\u00eame les \u00c9mirats Arabes Unis et l&rsquo;Arabie saoudite pour qu\u2019ils augmentent leur production. Tout aussi imprudemment, les m\u00eames totalitaires ont impos\u00e9 l&rsquo;\u00e9olien, le solaire, le lithium et les v\u00e9hicules \u00e9lectriques pour remplacer les combustibles fossiles. Mais <strong>aucun camion \u00e9lectrique ne peut rivaliser avec l&rsquo;autonomie et la capacit\u00e9 du diesel tel qu&rsquo;il existe aujourd&rsquo;hui<\/strong>. Cette capacit\u00e9 \u00e9lectrique dont ils r\u00eavent est encore tr\u00e8s \u00e9loign\u00e9e de nous, peut-\u00eatre ne la verrons-nous m\u00eame pas de notre vivant. Pourtant, les totalitaires poussent au train pour que nous nous y convertissions s\u00e9ance tenante.<\/span><\/p>\n<p style=\"text-align: justify;\"><span style=\"font-family: times new roman, times, serif; font-size: 14pt;\">Les m\u00eames totalitaires imprudents ont abandonn\u00e9 l&rsquo;Ukraine et l&rsquo;Allemagne \u00e0 un destin incertain, o\u00f9 tous les peuples souffriront pour ce programme du Quatri\u00e8me Reich mondialiste&#8230; et souffriront inutilement. Stephen Colbert, Klaus Schwab et Jen Psaki pleureront sur l&rsquo;Ukraine et sur la fa\u00e7on dont la m\u00e9chante Russie l\u2019a attaqu\u00e9e sans provocation, parce que les mensonges sont ce dont ces gens sont faits. Les mondialistes totalitaires du Quatri\u00e8me Reich en vrais Illuminati ont sacrifi\u00e9 non seulement des pions sur l&rsquo;\u00e9chiquier, mais peut-\u00eatre m\u00eame leur reine&#8230; si dans ce monde post-genriste nous pouvons encore nous r\u00e9f\u00e9rer \u00e0 des \u00ab\u00a0rois\u00a0\u00bb et des \u00ab\u00a0reines\u00a0\u00bb comme tels.<\/span><\/p>\n<p style=\"text-align: justify;\"><span style=\"font-family: times new roman, times, serif; font-size: 14pt;\">C&rsquo;est dire \u00e0 quel point les dirigeants occidentaux sont devenus pervers. On peut donc se demander pourquoi l&rsquo;\u00c9tat am\u00e9ricain consid\u00e8re une nation aussi importante que l&rsquo;Allemagne comme un pion dans ce jeu. L&rsquo;Ukraine est bien s\u00fbr un pion \u00e9vident. Mais l&rsquo;Allemagne ? Nuland n&rsquo;est bien s\u00fbr pas un voyou. <strong>Nuland et son ma\u00eetre diabolique ont vu le R\u00e9gime N\u00e9ophyte en Allemagne comme un fruit m\u00fbr pr\u00eat \u00e0 \u00eatre cueilli<\/strong>, et si Washington ne peut pas mordre dans la pomme, il en inventera une.<\/span><\/p>\n<p style=\"text-align: justify;\"><span style=\"font-family: times new roman, times, serif; font-size: 14pt;\">Cette nouvelle g\u00e9o-\u00e9quation est une Triple Croix parce que les monstres Illuminati totalitaires de l&rsquo;Occident collectif n&rsquo;ont pas seulement irrit\u00e9 leurs bienfaiteurs \u2013 comme, par exemple, la Russie, la Chine &#8211; mais ils ont irrit\u00e9 aussi \u00a0les peuples occidentaux. Les manigances de l&rsquo;Occident collectif &#8211; et leurs sempiternelles guerres &#8211; n&rsquo;ont fait qu&rsquo;inspirer la m\u00e9fiance, le scepticisme, le d\u00e9go\u00fbt et le m\u00e9pris aux populations.<\/span><\/p>\n<p style=\"text-align: justify;\"><span style=\"font-family: times new roman, times, serif; font-size: 14pt;\">Maintenant, l&rsquo;\u00c9tat am\u00e9ricain nous a donn\u00e9 une guerre qui peut \u00e9chapper \u00e0 tout contr\u00f4le. Jeu incroyablement dangereux, tout comme l&rsquo;est leur sot orgueil de vouloir redessiner la carte d&rsquo;Orwell.<\/span><\/p>\n<p style=\"text-align: justify;\"><span style=\"font-family: times new roman, times, serif; font-size: 14pt;\">Il est clair maintenant que le cloaque d\u00e9mocrate n\u2019a pas cess\u00e9 de brailler \u00e0 la guerre avec la Russie depuis plus de soixante ans, pour pouvoir enfin \u00e9jaculer dans le sang de ceux qui y tomberont, car c\u2019est \u00e0 ce point-l\u00e0 que les Pelosi et compagnie sont malades et pervers.<\/span><\/p>\n<p style=\"text-align: justify;\"><span style=\"font-family: times new roman, times, serif; font-size: 14pt;\">Le syst\u00e8me politique U.S. est totalitaire et ceux qui le voient doivent \u00e9laborer une strat\u00e9gie pour affronter les monstres qui exercent le pouvoir comme une arme : une arme contre ce qui devrait \u00eatre ses citoyens. Au lieu de quoi les Am\u00e9ricains sont simplement devenus des employ\u00e9s, des vassaux, de l&rsquo;\u00c9tat Inc. Et les monstres \u00e0 l&rsquo;int\u00e9rieur de la<em> Beltway<\/em> sont si \u00e9loign\u00e9s de tout ce qui est constitutionnel qu&rsquo;ils ne sont m\u00eame pas un gouvernement, mais une entit\u00e9 hautement criminalis\u00e9e.<\/span><\/p>\n<p style=\"text-align: justify;\"><span style=\"font-family: times new roman, times, serif; font-size: 14pt;\">\u00c9tant donn\u00e9 que l&rsquo;or et l&rsquo;argent sont tellement manipul\u00e9s, il est difficile de recommander des PM qui aient une chance de pouvoir s&rsquo;opposer \u00e0 Moloch, except\u00e9 sur des avoirs physiques r\u00e9els. M\u00eame ainsi, il faut un acteur majeur comme la Russie ou la Chine pour jouer au march\u00e9 de l&rsquo;or domin\u00e9 par les \u00c9tats-Unis et le d\u00e9truire. Faire exploser le march\u00e9 de l&rsquo;or des CME\/LBMA\/Fed\/BIS d\u00e9truirait en fin de compte la kleptocratie occidentale, syst\u00e8me de guerre, de cupidit\u00e9, de d\u00e9vastation et d&rsquo;oppression que l&rsquo;Occident collectif repr\u00e9sente aujourd&rsquo;hui.<\/span><\/p>\n<p>&nbsp;<\/p>\n<p style=\"text-align: justify;\"><span style=\"font-family: times new roman, times, serif; font-size: 14pt;\">Source\u00a0: <a href=\"https:\/\/strategika51.org\/2022\/03\/10\/wests-triple-cross\/\">https:\/\/strategika51.org\/2022\/03\/10\/wests-triple-cross\/<\/a><\/span><\/p>\n<p>&nbsp;<\/p>\n<p>&nbsp;<\/p>\n<p>&nbsp;<\/p>\n<p style=\"text-align: center;\"><a href=\"http:\/\/blog.lesgrossesorchadeslesamplesthalameges.fr\/index.php\/la-triple-croix-de-louest\/14-triple-6\/\" rel=\"attachment wp-att-17497\"><img loading=\"lazy\" class=\"alignnone wp-image-17497\" src=\"http:\/\/blog.lesgrossesorchadeslesamplesthalameges.fr\/wp-content\/uploads\/2022\/03\/14.-Triple-6.-300x241.jpg\" alt=\"\" width=\"600\" height=\"482\" srcset=\"https:\/\/blog.lesgrossesorchadeslesamplesthalameges.fr\/wp-content\/uploads\/2022\/03\/14.-Triple-6.-300x241.jpg 300w, https:\/\/blog.lesgrossesorchadeslesamplesthalameges.fr\/wp-content\/uploads\/2022\/03\/14.-Triple-6..jpg 500w\" sizes=\"(max-width: 600px) 100vw, 600px\" \/><\/a><\/p>\n<p style=\"text-align: center;\"><span style=\"font-family: times new roman, times, serif; font-size: 12pt;\"><strong><em>C\u2019est offensant pour les pauvres b\u00eates.<\/em><\/strong>.<\/span><\/p>\n<p>&nbsp;<\/p>\n<p>&nbsp;<\/p>\n<p>&nbsp;<\/p>\n<p style=\"text-align: left;\"><span style=\"font-family: times new roman, times, serif;\"><strong><span style=\"font-size: 14pt;\">URL de cet article :<\/span><\/strong><a href=\"http:\/\/blog.lesgrossesorchadeslesamplesthalameges.fr\/index.php\/la-triple-croix-de-louest\/\"><span style=\"font-size: 14pt;\"> http:\/\/blog.lesgrossesorchadeslesamplesthalameges.fr\/index.php\/la-triple-croix-de-louest\/<\/span><\/a><\/span><\/p>\n<p>&nbsp;<\/p>\n<p>&nbsp;<\/p>\n<p>&nbsp;<\/p>\n<p style=\"text-align: center;\"><a href=\"http:\/\/blog.lesgrossesorchadeslesamplesthalameges.fr\/?attachment_id=17452\" rel=\"attachment wp-att-17452\"><img loading=\"lazy\" class=\"alignnone size-full wp-image-17452\" src=\"http:\/\/blog.lesgrossesorchadeslesamplesthalameges.fr\/wp-content\/uploads\/2022\/03\/000.-Guerre.jpg\" alt=\"\" width=\"130\" height=\"104\" \/><\/a><\/p>\n<p>&nbsp;<\/p>\n<p>&nbsp;<\/p>\n<p style=\"text-align: right;\"><span style=\"font-family: comic sans ms, sans-serif; font-size: 14pt;\">Mars 2022<\/span><\/p>\n<p>&nbsp;<\/p>\n<p>&nbsp;<\/p>\n<p>&nbsp;<\/p>\n","protected":false},"excerpt":{"rendered":"<p>&nbsp; &nbsp; &nbsp; &nbsp; &nbsp; &nbsp; &nbsp; &nbsp; &nbsp; &nbsp; &nbsp; &nbsp; La triple croix de l&rsquo;Ouest \u00a0 Steve Brown \u2013 Strategika 51 \u2013 10.3.2022 \u00a0 Traduction\u00a0: c.l. pour L.G.O. &nbsp; &nbsp; Sans vouloir banaliser la crise actuelle, le magicien derri\u00e8re le rideau a certainement jet\u00e9 les d\u00e9s avec abandon cette fois-ci. &nbsp; &nbsp; &nbsp;&#8230;<\/p>\n","protected":false},"author":1,"featured_media":0,"parent":0,"menu_order":0,"comment_status":"open","ping_status":"open","template":"","meta":[],"_links":{"self":[{"href":"https:\/\/blog.lesgrossesorchadeslesamplesthalameges.fr\/index.php\/wp-json\/wp\/v2\/pages\/17494"}],"collection":[{"href":"https:\/\/blog.lesgrossesorchadeslesamplesthalameges.fr\/index.php\/wp-json\/wp\/v2\/pages"}],"about":[{"href":"https:\/\/blog.lesgrossesorchadeslesamplesthalameges.fr\/index.php\/wp-json\/wp\/v2\/types\/page"}],"author":[{"embeddable":true,"href":"https:\/\/blog.lesgrossesorchadeslesamplesthalameges.fr\/index.php\/wp-json\/wp\/v2\/users\/1"}],"replies":[{"embeddable":true,"href":"https:\/\/blog.lesgrossesorchadeslesamplesthalameges.fr\/index.php\/wp-json\/wp\/v2\/comments?post=17494"}],"version-history":[{"count":17,"href":"https:\/\/blog.lesgrossesorchadeslesamplesthalameges.fr\/index.php\/wp-json\/wp\/v2\/pages\/17494\/revisions"}],"predecessor-version":[{"id":17514,"href":"https:\/\/blog.lesgrossesorchadeslesamplesthalameges.fr\/index.php\/wp-json\/wp\/v2\/pages\/17494\/revisions\/17514"}],"wp:attachment":[{"href":"https:\/\/blog.lesgrossesorchadeslesamplesthalameges.fr\/index.php\/wp-json\/wp\/v2\/media?parent=17494"}],"curies":[{"name":"wp","href":"https:\/\/api.w.org\/{rel}","templated":true}]}}