{"id":17711,"date":"2022-03-18T23:00:01","date_gmt":"2022-03-18T22:00:01","guid":{"rendered":"http:\/\/blog.lesgrossesorchadeslesamplesthalameges.fr\/?page_id=17711"},"modified":"2022-03-18T23:01:17","modified_gmt":"2022-03-18T22:01:17","slug":"nous-avons-besoin-de-douglas-macgregor-comme-president-des-etats-unis","status":"publish","type":"page","link":"https:\/\/blog.lesgrossesorchadeslesamplesthalameges.fr\/index.php\/nous-avons-besoin-de-douglas-macgregor-comme-president-des-etats-unis\/","title":{"rendered":"Nous avons besoin de Douglas MacGregor comme pr\u00e9sident des \u00c9tats-Unis"},"content":{"rendered":"<p>&nbsp;<\/p>\n<p>&nbsp;<\/p>\n<p>&nbsp;<\/p>\n<p>&nbsp;<\/p>\n<p>&nbsp;<\/p>\n<p>&nbsp;<\/p>\n<p>&nbsp;<\/p>\n<p>&nbsp;<\/p>\n<p style=\"text-align: center;\"><span style=\"font-family: times new roman, times, serif; font-size: 36pt;\"><strong>Nous avons besoin de Douglas MacGregor comme pr\u00e9sident des \u00c9tats-Unis<\/strong><\/span><\/p>\n<p>&nbsp;<\/p>\n<p>&nbsp;<\/p>\n<p style=\"text-align: center;\"><span style=\"font-family: times new roman, times, serif; font-size: 18pt;\"><a href=\"https:\/\/theduran.com\/author\/eric-zuesse\/\"><strong>Eric Zuesse<\/strong> <\/a><strong>\u00a0\u2013 <em>TheDuran<\/em> \u2013 17.3.2022<\/strong><\/span><\/p>\n<p style=\"text-align: center;\"><span style=\"font-family: times new roman, times, serif; font-size: 14pt;\"><strong>\u00a0<\/strong><\/span><\/p>\n<p style=\"text-align: center;\"><span style=\"font-family: times new roman, times, serif; font-size: 18pt;\">Traduction :<strong> c.l. <\/strong>pour<strong> <em>L.G.O.<\/em><\/strong><\/span><\/p>\n<p>&nbsp;<\/p>\n<p>&nbsp;<\/p>\n<p>&nbsp;<\/p>\n<p style=\"text-align: center;\"><a href=\"http:\/\/blog.lesgrossesorchadeslesamplesthalameges.fr\/index.php\/2022\/03\/18\/en-suivant-la-feuille-de-route-5\/5-les-3-pour-mcgregor\/\" rel=\"attachment wp-att-17681\"><img loading=\"lazy\" class=\"alignnone wp-image-17681 size-full\" src=\"http:\/\/blog.lesgrossesorchadeslesamplesthalameges.fr\/wp-content\/uploads\/2022\/03\/5.-les-3-pour-McGregor.png\" alt=\"\" width=\"600\" height=\"342\" srcset=\"https:\/\/blog.lesgrossesorchadeslesamplesthalameges.fr\/wp-content\/uploads\/2022\/03\/5.-les-3-pour-McGregor.png 600w, https:\/\/blog.lesgrossesorchadeslesamplesthalameges.fr\/wp-content\/uploads\/2022\/03\/5.-les-3-pour-McGregor-300x171.png 300w\" sizes=\"(max-width: 600px) 100vw, 600px\" \/><\/a><\/p>\n<p>&nbsp;<\/p>\n<p>&nbsp;<\/p>\n<p style=\"text-align: center;\"><span style=\"font-family: times new roman, times, serif; font-size: 14pt;\"><strong>\u00a0<\/strong><\/span><\/p>\n<p style=\"text-align: justify;\"><span style=\"font-family: times new roman, times, serif; font-size: 14pt;\">Voici pourquoi :<\/span><\/p>\n<p>&nbsp;<\/p>\n<p style=\"text-align: center;\"><a href=\"http:\/\/blog.lesgrossesorchadeslesamplesthalameges.fr\/index.php\/2022\/03\/18\/en-suivant-la-feuille-de-route-5\/000-freccia-nera-piccola-xx-41\/\" rel=\"attachment wp-att-17682\"><img loading=\"lazy\" class=\"alignnone size-full wp-image-17682\" src=\"http:\/\/blog.lesgrossesorchadeslesamplesthalameges.fr\/wp-content\/uploads\/2022\/03\/000.-freccia-nera-piccola-xx-3.gif\" alt=\"\" width=\"46\" height=\"46\" \/><\/a><\/p>\n<p style=\"text-align: center;\"><span style=\"font-family: times new roman, times, serif; font-size: 14pt;\"><a href=\"https:\/\/www.realclearpolitics.com\/video\/2022\/03\/16\/macgregor_washington_wants_war_to_continue_as_long_as_possible_in_hopes_to_overthrown_putin.html\"><strong><span style=\"font-size: 18pt;\">https:\/\/www.realclearpolitics.com\/video\/2022\/03\/16\/macgregor_washington_wants_war_to_continue_as_long_as_possible_in_hopes_to_overthrown_putin.html<\/span><\/strong><\/a><\/span><\/p>\n<p>&nbsp;<\/p>\n<p>&nbsp;<\/p>\n<p style=\"text-align: justify;\"><span style=\"font-size: 12pt;\"><strong><span style=\"font-family: tahoma, arial, helvetica, sans-serif;\">Les d\u00e9mocrates, les r\u00e9publicains et les ind\u00e9pendants ont tous besoin de cet homme \u00e0 la Maison Blanche U.S. Nous sommes le peuple am\u00e9ricain et il repr\u00e9sente, plus clairement que quiconque, sur la question la plus urgente et la plus importante \u00e0 laquelle le monde ait jamais \u00e9t\u00e9 confront\u00e9, ce dont tous les Am\u00e9ricains &#8211; et les autres peuples du monde &#8211; ont besoin. C&rsquo;est un fait. Ce <em>besoin<\/em> est un fait. Comment peut-on le combler ?<\/span><\/strong><\/span><\/p>\n<p>&nbsp;<\/p>\n<p style=\"text-align: justify;\"><span style=\"font-family: times new roman, times, serif; font-size: 14pt;\">Car il est devenu d\u00e9sesp\u00e9r\u00e9. Le 13 mars, <em>Fox News<\/em> titrait \u00ab\u00a0<a href=\"https:\/\/www.foxnews.com\/politics\/us-senators-predict-forces-dominate-russian-troops\">Les s\u00e9nateurs am\u00e9ricains rejettent les inqui\u00e9tudes li\u00e9es \u00e0 la &lsquo;troisi\u00e8me guerre mondiale&rsquo; et assurent que les \u00c9tats-Unis domineraient les troupes russes<\/a> \u00bb. Presque aucun des plus de 5.000 commentaires de lecteurs ne se souciait du fait que la troisi\u00e8me guerre mondiale d\u00e9truirait toute vie sur cette plan\u00e8te, la plupart des lecteurs se pr\u00e9occupant uniquement de savoir si \u00ab nous \u00bb allions \u00ab gagner \u00bb cette guerre &#8211; une guerre qui d\u00e9truirait compl\u00e8tement le monde entier ! L&rsquo;opinion publique am\u00e9ricaine ne consid\u00e8re plus qu&rsquo;une guerre entre les superpuissances nucl\u00e9aires du monde (\u00c9tats-Unis et Russie) soit fondamentalement diff\u00e9rente de toute guerre ant\u00e9rieure ni qu\u2019elle soit \u00e9norm\u00e9ment plus inacceptable. La peur massive de la guerre nucl\u00e9aire qui r\u00e9gnait en 1962 lors de la crise des missiles de Cuba a disparu, m\u00eame si la guerre nucl\u00e9aire serait assur\u00e9e d\u2019\u00eatre des centaines de fois plus destructrice en 2022 qu&rsquo;elle ne l&rsquo;aurait \u00e9t\u00e9 en 1962. La presse am\u00e9ricaine n\u00e9oconservatrice enrag\u00e9e a attis\u00e9 les haines internationales et occult\u00e9 les faits cruciaux dans ses comptes-rendus internationaux, de mani\u00e8re \u00e0 produire le public am\u00e9ricain actuel, d\u00e9sinform\u00e9 et zombie. C&rsquo;est une imb\u00e9cilit\u00e9 \u00e0 grande \u00e9chelle qui surpasse tout, dans notre propre nation, en ce moment m\u00eame ; et ainsi, l&rsquo;Am\u00e9rique n&rsquo;aura plus d&rsquo;opinion publique pour emp\u00eacher ses dirigeants de d\u00e9truire la plan\u00e8te enti\u00e8re pour aller \u00ab sauver \u00bb l&rsquo;Ukraine. Cette folie, inimaginable auparavant, est h\u00e9las r\u00e9alit\u00e9 aujourd&rsquo;hui.<\/span><\/p>\n<p>&nbsp;<\/p>\n<p style=\"text-align: justify;\"><span style=\"font-family: times new roman, times, serif; font-size: 14pt;\">Seul un dirigeant tel que Douglas MacGregor pourrait apporter le type de gouvernement qui permettrait de surmonter cette hideuse r\u00e9alit\u00e9 actuelle et transformer l&rsquo;Am\u00e9rique en une nation redevenue d\u00e9cente &#8211; une nation qui prendrait enfin au s\u00e9rieux le plus mortel des dangers, non seulement pour les Am\u00e9ricains, mais pour la plan\u00e8te enti\u00e8re. Le gouvernement actuel de l&rsquo;Am\u00e9rique a atteint des niveaux d\u2019atrocit\u00e9 que n\u2019a jamais connus l\u2019histoire humaine. Nous n&rsquo;avons pas eu le type de gouvernement que MacGregor pourrait assurer depuis au moins l&rsquo;\u00e9poque de JFK, mais la p\u00e9riode post-11 septembre s\u2019est montr\u00e9e <em>particuli\u00e8rement<\/em> peu concern\u00e9e par l&rsquo;inacceptabilit\u00e9 d&rsquo;une troisi\u00e8me guerre mondiale. Pour la guerre en soi, l&rsquo;\u00e8re atomique a apport\u00e9 avec elle un changement de<em> type<\/em>, pas JUSTE un changement d&rsquo;ITEM, mais ce fait fondamental est d\u00e9sormais bien ignor\u00e9 dans une Am\u00e9rique indiff\u00e9rente, et cette indiff\u00e9rence constitue la plus grande menace qui soit au monde et qu\u2019il y ait eu dans son histoire. Cette r\u00e9alit\u00e9 de l&rsquo;incroyable ignorance et de l\u2019indiff\u00e9rence des Am\u00e9ricains quant \u00e0 ce que signifierait une troisi\u00e8me guerre mondiale doit absolument changer, et changer tr\u00e8s vite. Avant l&rsquo;av\u00e8nement des armes nucl\u00e9aires, il aurait pu y avoir n&rsquo;importe quel nombre de guerres mondiales (conflits entre superpuissances) ; mais, apr\u00e8s l&rsquo;av\u00e8nement des armes nucl\u00e9aires en 1945, il ne peut plus y avoir qu&rsquo;UNE SEULE autre guerre mondiale, et elle d\u00e9clencherait le processus qui aurait t\u00f4t fait de mettre fin \u00e0 toute forme de vie sur cette plan\u00e8te. Aujourd&rsquo;hui, les dirigeants de notre pays ne seront plus arr\u00eat\u00e9s par la moindre opinion publique, s\u2019ils ont la lubie de la d\u00e9clencher. <\/span><\/p>\n<p>&nbsp;<\/p>\n<p style=\"text-align: justify;\"><span style=\"font-family: times new roman, times, serif; font-size: 14pt;\">Allons-nous accepter cela ?<\/span><\/p>\n<p>&nbsp;<\/p>\n<p>&nbsp;<\/p>\n<p><a href=\"http:\/\/blog.lesgrossesorchadeslesamplesthalameges.fr\/index.php\/nous-avons-besoin-de-douglas-macgregor-comme-president-des-etats-unis\/16-eric-zuesse\/\" rel=\"attachment wp-att-17712\"><img loading=\"lazy\" class=\"alignnone wp-image-17712\" src=\"http:\/\/blog.lesgrossesorchadeslesamplesthalameges.fr\/wp-content\/uploads\/2022\/03\/16.-Eric-Zuesse.jpg\" alt=\"\" width=\"225\" height=\"135\" \/><\/a><\/p>\n<p style=\"text-align: justify;\"><span style=\"font-family: times new roman, times, serif; font-size: 12pt;\">Le prochain livre de l&rsquo;historien d&rsquo;investigation Eric Zuesse (dont la sortie est imminente) s&rsquo;intitule <em>AMERICA&rsquo;S EMPIRE OF EVIL : Hitler&rsquo;s Posthumous Victory and Why the Social Sciences Need to Change<\/em> [<em>L\u2019EMPIRE DU MAL DE L\u2019AM\u00c9RIQUE : La victoire posthume d&rsquo;Hitler et pourquoi les sciences sociales doivent changer]. <\/em>Ce livre explique comment l&rsquo;Am\u00e9rique a pris le contr\u00f4le du monde apr\u00e8s la Deuxi\u00e8me Guerre mondiale, afin de l&rsquo;asservir aux milliardaires am\u00e9ricains et alli\u00e9s. Leurs cartels accaparent les richesses du monde, que contr\u00f4lent non seulement leurs m\u00e9dias d&rsquo;information mais aussi les \u00ab sciences \u00bb sociales \u2013 afin de duper le public.<\/span><\/p>\n<p>&nbsp;<\/p>\n<p style=\"text-align: justify;\"><span style=\"font-family: times new roman, times, serif; font-size: 14pt;\">Source : <a href=\"https:\/\/theduran.com\/we-need-douglas-macgregor-for-u-s-president\/\">https:\/\/theduran.com\/we-need-douglas-macgregor-for-u-s-president\/<\/a><\/span><\/p>\n<p>&nbsp;<\/p>\n<p style=\"text-align: left;\"><span style=\"font-family: times new roman, times, serif; font-size: 14pt;\"><strong>URL de cet article : <\/strong><a href=\"http:\/\/blog.lesgrossesorchadeslesamplesthalameges.fr\/index.php\/nous-avons-besoin-de-douglas-macgregor-comme-president-des-etats-unis\/\">http:\/\/blog.lesgrossesorchadeslesamplesthalameges.fr\/index.php\/nous-avons-besoin-de-douglas-macgregor-comme-president-des-etats-unis\/<\/a><strong><br \/>\n<\/strong><\/span><\/p>\n<p style=\"text-align: justify;\"><span style=\"font-family: times new roman, times, serif; font-size: 14pt;\"><strong>\u00a0<\/strong><\/span><\/p>\n<p><strong>\u00a0<\/strong><\/p>\n<p><strong>\u00a0<\/strong><\/p>\n<p style=\"text-align: center;\"><strong>\u00a0<a href=\"http:\/\/blog.lesgrossesorchadeslesamplesthalameges.fr\/index.php\/2022\/03\/18\/en-suivant-la-feuille-de-route-5\/000-danger-gif\/\" rel=\"attachment wp-att-17680\"><img loading=\"lazy\" class=\"alignnone wp-image-17680\" src=\"http:\/\/blog.lesgrossesorchadeslesamplesthalameges.fr\/wp-content\/uploads\/2022\/03\/000.-Danger-GIF.gif\" alt=\"\" width=\"80\" height=\"70\" \/><\/a><\/strong><\/p>\n<p>&nbsp;<\/p>\n<p><strong>\u00a0<\/strong><\/p>\n<p style=\"text-align: right;\"><span style=\"font-family: comic sans ms, sans-serif; font-size: 14pt;\">Mars 2022<\/span><\/p>\n<p>&nbsp;<\/p>\n<p>&nbsp;<\/p>\n","protected":false},"excerpt":{"rendered":"<p>&nbsp; &nbsp; &nbsp; &nbsp; &nbsp; &nbsp; &nbsp; &nbsp; Nous avons besoin de Douglas MacGregor comme pr\u00e9sident des \u00c9tats-Unis &nbsp; &nbsp; Eric Zuesse \u00a0\u2013 TheDuran \u2013 17.3.2022 \u00a0 Traduction : c.l. pour L.G.O. &nbsp; &nbsp; &nbsp; &nbsp; &nbsp; \u00a0 Voici pourquoi : &nbsp; https:\/\/www.realclearpolitics.com\/video\/2022\/03\/16\/macgregor_washington_wants_war_to_continue_as_long_as_possible_in_hopes_to_overthrown_putin.html &nbsp; &nbsp; Les d\u00e9mocrates, les r\u00e9publicains et les ind\u00e9pendants ont tous besoin&#8230;<\/p>\n","protected":false},"author":1,"featured_media":0,"parent":0,"menu_order":0,"comment_status":"open","ping_status":"open","template":"","meta":[],"_links":{"self":[{"href":"https:\/\/blog.lesgrossesorchadeslesamplesthalameges.fr\/index.php\/wp-json\/wp\/v2\/pages\/17711"}],"collection":[{"href":"https:\/\/blog.lesgrossesorchadeslesamplesthalameges.fr\/index.php\/wp-json\/wp\/v2\/pages"}],"about":[{"href":"https:\/\/blog.lesgrossesorchadeslesamplesthalameges.fr\/index.php\/wp-json\/wp\/v2\/types\/page"}],"author":[{"embeddable":true,"href":"https:\/\/blog.lesgrossesorchadeslesamplesthalameges.fr\/index.php\/wp-json\/wp\/v2\/users\/1"}],"replies":[{"embeddable":true,"href":"https:\/\/blog.lesgrossesorchadeslesamplesthalameges.fr\/index.php\/wp-json\/wp\/v2\/comments?post=17711"}],"version-history":[{"count":15,"href":"https:\/\/blog.lesgrossesorchadeslesamplesthalameges.fr\/index.php\/wp-json\/wp\/v2\/pages\/17711\/revisions"}],"predecessor-version":[{"id":17727,"href":"https:\/\/blog.lesgrossesorchadeslesamplesthalameges.fr\/index.php\/wp-json\/wp\/v2\/pages\/17711\/revisions\/17727"}],"wp:attachment":[{"href":"https:\/\/blog.lesgrossesorchadeslesamplesthalameges.fr\/index.php\/wp-json\/wp\/v2\/media?parent=17711"}],"curies":[{"name":"wp","href":"https:\/\/api.w.org\/{rel}","templated":true}]}}