{"id":17730,"date":"2022-03-18T23:10:14","date_gmt":"2022-03-18T22:10:14","guid":{"rendered":"http:\/\/blog.lesgrossesorchadeslesamplesthalameges.fr\/?page_id=17730"},"modified":"2022-03-18T23:15:17","modified_gmt":"2022-03-18T22:15:17","slug":"17730-2","status":"publish","type":"page","link":"https:\/\/blog.lesgrossesorchadeslesamplesthalameges.fr\/index.php\/17730-2\/","title":{"rendered":"Tulsi, Tucker et Trahison"},"content":{"rendered":"<p>&nbsp;<\/p>\n<p>&nbsp;<\/p>\n<p>&nbsp;<\/p>\n<p>&nbsp;<\/p>\n<p>&nbsp;<\/p>\n<p>&nbsp;<\/p>\n<p>&nbsp;<\/p>\n<p>&nbsp;<\/p>\n<p style=\"text-align: center;\"><span style=\"font-family: times new roman, times, serif; font-size: 36pt;\"><strong>Tulsi, Tucker et Trahison<\/strong><\/span><\/p>\n<p style=\"text-align: center;\"><span style=\"font-family: times new roman, times, serif; font-size: 14pt;\"><strong>\u00a0<\/strong><\/span><\/p>\n<p>&nbsp;<\/p>\n<p style=\"text-align: center;\"><span style=\"font-family: times new roman, times, serif; font-size: 18pt;\"><a href=\"https:\/\/theduran.com\/author\/thedarkman\/\"><strong>TheDarkMan<\/strong> <\/a><strong>\u00a0\u2013 <em>TheDuran<\/em> \u2013 16.3.2022<\/strong><\/span><\/p>\n<p style=\"text-align: center;\"><span style=\"font-family: times new roman, times, serif; font-size: 14pt;\"><strong>\u00a0<\/strong><\/span><\/p>\n<p style=\"text-align: center;\"><span style=\"font-family: times new roman, times, serif; font-size: 18pt;\">Traduction : <strong>c.l.<\/strong> pour <strong><em>L.G.O.<\/em><\/strong><\/span><\/p>\n<p>&nbsp;<\/p>\n<p>&nbsp;<\/p>\n<p>&nbsp;<\/p>\n<p style=\"text-align: center;\"><a href=\"http:\/\/blog.lesgrossesorchadeslesamplesthalameges.fr\/index.php\/2022\/03\/18\/en-suivant-la-feuille-de-route-5\/6-tucker-et-tulsi\/\" rel=\"attachment wp-att-17685\"><img loading=\"lazy\" class=\"alignnone wp-image-17685 size-full\" src=\"http:\/\/blog.lesgrossesorchadeslesamplesthalameges.fr\/wp-content\/uploads\/2022\/03\/6.-Tucker-et-Tulsi.jpg\" alt=\"\" width=\"600\" height=\"266\" srcset=\"https:\/\/blog.lesgrossesorchadeslesamplesthalameges.fr\/wp-content\/uploads\/2022\/03\/6.-Tucker-et-Tulsi.jpg 600w, https:\/\/blog.lesgrossesorchadeslesamplesthalameges.fr\/wp-content\/uploads\/2022\/03\/6.-Tucker-et-Tulsi-300x133.jpg 300w\" sizes=\"(max-width: 600px) 100vw, 600px\" \/><\/a><\/p>\n<p>&nbsp;<\/p>\n<p>&nbsp;<\/p>\n<p>&nbsp;<\/p>\n<p style=\"text-align: justify;\"><strong><span style=\"font-family: tahoma, arial, helvetica, sans-serif; font-size: 12pt;\">Que se passe-t-il, \u00e0 votre avis, quand la femme la plus d\u00e9licieuse d&rsquo;Hawa\u00ef rencontre l&rsquo;homme le plus courageux de la t\u00e9l\u00e9vision ? Penseriez-vous qu\u2019ils s\u2019entendent pour trahir ? Non, personne de rationnel ne le penserait, mais c&rsquo;est pourtant ce qu&rsquo;a pr\u00e9tendu <em>The View,<\/em> lorsque Tulsi Gabbard est apparue, d\u2019ailleurs pas pour la premi\u00e8re fois, dans l&rsquo;\u00e9mission de Tucker Carlson.<\/span><\/strong><\/p>\n<p>&nbsp;<\/p>\n<p style=\"text-align: justify;\"><span style=\"font-family: times new roman, times, serif; font-size: 14pt;\">On ne pourrait franchement pas en vouloir \u00e0 Whoopi Goldberg et aux autres cervelles d&rsquo;oiseaux de divaguer \u00e0 ce point vu leur QI \u00e0 un seul chiffre, mais \u00e7a ne vaut pas pour Mitt Romney, qui a accus\u00e9 Tulsi de \u00ab\u00a0trahir en r\u00e9pandant des mensonges\u00a0\u00bb.<\/span><\/p>\n<p>&nbsp;<\/p>\n<p style=\"text-align: justify;\"><span style=\"font-family: times new roman, times, serif; font-size: 14pt;\">Trahir en r\u00e9pandant des mensonges parce qu\u2019elle a dit que les \u00c9tats-Unis ont des biolabs en Ukraine ? Voici <a href=\"https:\/\/web.archive.org\/web\/20220315061909\/https:\/www.state.gov\/wp-content\/uploads\/2019\/02\/05-829-Ukraine-Weapons.pdf\">un document du D\u00e9partement d&rsquo;\u00c9tat<\/a> de 2005 qui \u00e9labore sur ces biolabs imaginaires. Ce qui soul\u00e8ve, soit dit en passant, la question\u00a0: pourquoi les avoir localis\u00e9s en Ukraine ? Question rh\u00e9torique.<\/span><\/p>\n<p>&nbsp;<\/p>\n<p style=\"text-align: justify;\"><span style=\"font-family: times new roman, times, serif; font-size: 14pt;\">Il est certain que le monde est en ce moment un endroit beaucoup plus dangereux qu&rsquo;il ne l&rsquo;a \u00e9t\u00e9 depuis longtemps ; l&rsquo;Europe n&rsquo;a pas \u00e9t\u00e9 aussi dangereuse depuis la trag\u00e9die bosniaque ou m\u00eame depuis la Deuxi\u00e8me Guerre mondiale. Le petit soldat Tulsi Gabbard se pr\u00e9occupe de cette situation autant que n&rsquo;importe qui d&rsquo;autre et bien plus que beaucoup d\u2019autres. En quoi est-ce une trahison de le dire ?<\/span><\/p>\n<p>&nbsp;<\/p>\n<p style=\"text-align: justify;\"><span style=\"font-family: times new roman, times, serif; font-size: 14pt;\">Si vous voulez essayer de comprendre ce que pourrait \u00eatre l\u2019issue d&rsquo;une catastrophe impliquant ces laboratoires, ne regardez pas du c\u00f4t\u00e9 de la pand\u00e9mie de coronavirus, regardez vers Gruinard, petite \u00eele au large des c\u00f4tes \u00e9cossaises, o\u00f9 l&rsquo;anthrax a \u00e9t\u00e9 test\u00e9 en 1942. Compar\u00e9 \u00e0 certains des agents pathog\u00e8nes d\u00e9velopp\u00e9s depuis, l&rsquo;anthrax est une maladie relativement b\u00e9nigne, et pourtant Gruinard est toujours inhabitable aujourd\u2019hui. Maintenant, projetez cela sur l&rsquo;Europe de l&rsquo;Est et au-del\u00e0.<\/span><\/p>\n<p>&nbsp;<\/p>\n<p style=\"text-align: justify;\"><span style=\"font-family: times new roman, times, serif; font-size: 14pt;\">Si, comme Tulsi et Tucker, vous voulez arr\u00eater cette folie, envisagez de rejoindre ou au moins de soutenir la coalition<strong><a href=\"http:\/\/Stop the War\"> <em>Stop the War<\/em><\/a><\/strong>. Ces personnes sont peut-\u00eatre des gauchistes, mais contrairement \u00e0 Mitt Romney et aux gens qui fol\u00e2trent dans <em>The View<\/em>, elles n\u2019ont pas perdu la t\u00eate.<\/span><\/p>\n<p>&nbsp;<\/p>\n<p style=\"text-align: left;\"><span style=\"font-family: times new roman, times, serif; font-size: 14pt;\">Source : <a href=\"https:\/\/theduran.com\/tulsi-tucker-and-treason\/?ml_subscriber=1908305853631436663&amp;ml_subscriber_hash=j9x7\">https:\/\/theduran.com\/tulsi-tucker-and-treason\/?ml_subscriber=1908305853631436663&amp;ml_subscriber_hash=j9x7<\/a><\/span><\/p>\n<p>&nbsp;<\/p>\n<p>&nbsp;<\/p>\n<p style=\"text-align: center;\"><a href=\"http:\/\/blog.lesgrossesorchadeslesamplesthalameges.fr\/index.php\/2022\/03\/18\/en-suivant-la-feuille-de-route-5\/000-danger-gif\/\" rel=\"attachment wp-att-17680\"><img loading=\"lazy\" class=\"alignnone wp-image-17680\" src=\"http:\/\/blog.lesgrossesorchadeslesamplesthalameges.fr\/wp-content\/uploads\/2022\/03\/000.-Danger-GIF.gif\" alt=\"\" width=\"80\" height=\"70\" \/><\/a><\/p>\n<p>&nbsp;<\/p>\n<p>&nbsp;<\/p>\n<p style=\"text-align: left;\"><span style=\"font-family: times new roman, times, serif; font-size: 14pt;\"><strong>URL de cet article\u00a0: <\/strong><a href=\"http:\/\/blog.lesgrossesorchadeslesamplesthalameges.fr\/index.php\/17730-2\/\">http:\/\/blog.lesgrossesorchadeslesamplesthalameges.fr\/index.php\/17730-2\/<\/a><\/span><\/p>\n<p>&nbsp;<\/p>\n<p>&nbsp;<\/p>\n<p>&nbsp;<\/p>\n<p style=\"text-align: right;\"><span style=\"font-family: comic sans ms, sans-serif; font-size: 14pt;\">Mars 2022<\/span><\/p>\n<p>&nbsp;<\/p>\n<p>&nbsp;<\/p>\n","protected":false},"excerpt":{"rendered":"<p>&nbsp; &nbsp; &nbsp; &nbsp; &nbsp; &nbsp; &nbsp; &nbsp; Tulsi, Tucker et Trahison \u00a0 &nbsp; TheDarkMan \u00a0\u2013 TheDuran \u2013 16.3.2022 \u00a0 Traduction : c.l. pour L.G.O. &nbsp; &nbsp; &nbsp; &nbsp; &nbsp; &nbsp; Que se passe-t-il, \u00e0 votre avis, quand la femme la plus d\u00e9licieuse d&rsquo;Hawa\u00ef rencontre l&rsquo;homme le plus courageux de la t\u00e9l\u00e9vision ? Penseriez-vous qu\u2019ils&#8230;<\/p>\n","protected":false},"author":1,"featured_media":0,"parent":0,"menu_order":0,"comment_status":"open","ping_status":"open","template":"","meta":[],"_links":{"self":[{"href":"https:\/\/blog.lesgrossesorchadeslesamplesthalameges.fr\/index.php\/wp-json\/wp\/v2\/pages\/17730"}],"collection":[{"href":"https:\/\/blog.lesgrossesorchadeslesamplesthalameges.fr\/index.php\/wp-json\/wp\/v2\/pages"}],"about":[{"href":"https:\/\/blog.lesgrossesorchadeslesamplesthalameges.fr\/index.php\/wp-json\/wp\/v2\/types\/page"}],"author":[{"embeddable":true,"href":"https:\/\/blog.lesgrossesorchadeslesamplesthalameges.fr\/index.php\/wp-json\/wp\/v2\/users\/1"}],"replies":[{"embeddable":true,"href":"https:\/\/blog.lesgrossesorchadeslesamplesthalameges.fr\/index.php\/wp-json\/wp\/v2\/comments?post=17730"}],"version-history":[{"count":8,"href":"https:\/\/blog.lesgrossesorchadeslesamplesthalameges.fr\/index.php\/wp-json\/wp\/v2\/pages\/17730\/revisions"}],"predecessor-version":[{"id":17738,"href":"https:\/\/blog.lesgrossesorchadeslesamplesthalameges.fr\/index.php\/wp-json\/wp\/v2\/pages\/17730\/revisions\/17738"}],"wp:attachment":[{"href":"https:\/\/blog.lesgrossesorchadeslesamplesthalameges.fr\/index.php\/wp-json\/wp\/v2\/media?parent=17730"}],"curies":[{"name":"wp","href":"https:\/\/api.w.org\/{rel}","templated":true}]}}