{"id":17744,"date":"2022-03-19T19:14:19","date_gmt":"2022-03-19T18:14:19","guid":{"rendered":"http:\/\/blog.lesgrossesorchadeslesamplesthalameges.fr\/?page_id=17744"},"modified":"2022-03-19T19:16:05","modified_gmt":"2022-03-19T18:16:05","slug":"kiev-fin-de-partie-pour-lempire","status":"publish","type":"page","link":"https:\/\/blog.lesgrossesorchadeslesamplesthalameges.fr\/index.php\/kiev-fin-de-partie-pour-lempire\/","title":{"rendered":"Kiev : Fin de partie pour l&#8217;empire ?"},"content":{"rendered":"<p>&nbsp;<\/p>\n<p>&nbsp;<\/p>\n<p>&nbsp;<\/p>\n<p>&nbsp;<\/p>\n<p>&nbsp;<\/p>\n<p>&nbsp;<\/p>\n<p>&nbsp;<\/p>\n<p>&nbsp;<\/p>\n<p>&nbsp;<\/p>\n<p style=\"text-align: center;\"><span style=\"font-family: times new roman, times, serif; font-size: 40pt;\"><strong>Kiev : Fin de partie pour l\u2019empire ?<\/strong><\/span><\/p>\n<p>&nbsp;<\/p>\n<p>&nbsp;<\/p>\n<p style=\"text-align: center;\"><span style=\"font-family: times new roman, times, serif; font-size: 18pt;\"><strong>Steve<\/strong>_<strong>Brown<\/strong><strong> \u2013 <em>TheDuran<\/em> \u2013<\/strong><strong>16.3.2022<\/strong><\/span><\/p>\n<p>&nbsp;<\/p>\n<p style=\"text-align: center;\"><span style=\"font-family: times new roman, times, serif; font-size: 18pt;\">Traduction :<strong> c.l. <\/strong>pour<strong> <em>L.G.O.<\/em><\/strong><\/span><\/p>\n<p>&nbsp;<\/p>\n<p>&nbsp;<\/p>\n<p>&nbsp;<\/p>\n<p style=\"text-align: justify;\"><span style=\"font-family: tahoma, arial, helvetica, sans-serif; font-size: 12pt;\">Un \u00e9l\u00e9ment qui a peut-\u00eatre \u00e9t\u00e9 oubli\u00e9 dans la crise ukrainienne est Isra\u00ebl, et ses relations \u00e9troites &#8211; quoique parfois difficiles &#8211; avec la Russie. Nous avons lu des rapports selon lesquels Isra\u00ebl pourrait envisager de n\u00e9gocier un accord de paix dans ce conflit ; Isra\u00ebl pourrait trouver attrayante la perspective d\u2019offrir ainsi une meilleure image g\u00e9opolitique au niveau mondial. Dans ce cas, sur base des personnages principaux impliqu\u00e9s, ce conflit ne serait-il pas plus pr\u00e8s d\u2019\u00eatre r&amp;solu qu&rsquo;on ne le pensait ? \u00c0 vue de nez, c&rsquo;est la raison pour laquelle les actions de Wall Street ont augment\u00e9, avec une baisse de l&rsquo;or, une baisse du p\u00e9trole et une hausse du prix des crypto-monnaies, refl\u00e9tant l&rsquo;impression optimiste qu&rsquo;une r\u00e9solution est proche. Toutefois, Wall Street et les march\u00e9s financiers ont rarement, voire jamais, raison lorsqu&rsquo;il s&rsquo;agit de pr\u00e9dire les \u00e9v\u00e9nements futurs. La vision \u00e0 la baisse, bien s\u00fbr, est que les vrais probl\u00e8mes ne font que se pr\u00e9parer, m\u00eame s&rsquo;ils ont d\u00e9j\u00e0 commenc\u00e9.<\/span><\/p>\n<p>&nbsp;<\/p>\n<p style=\"text-align: justify;\"><span style=\"font-family: times new roman, times, serif; font-size: 14pt;\">En fait, il n&rsquo;y a pas d&rsquo;autre acteur que <strong><em>le r\u00e9gime de Kiev<\/em><\/strong> lui-m\u00eame qui puisse \u00eatre vraiment efficace pour imprimer un cours positif aux \u00e9v\u00e9nements futurs \u2013 en tout cas diplomatiquement \u2013 mais une d\u00e9marche positive, semble ici bien improbable. Tout ce que le r\u00e9gime de Kiev avait \u00e0 faire, c&rsquo;\u00e9tait garantir une s\u00e9curit\u00e9 indivisible pour l&rsquo;Europe, et c\u2019est ce qu&rsquo;il n&rsquo;a pas voulu faire. Le spectacle de music hall de demain au Congr\u00e8s US sera capital pour Zelensky, et il est certain qu\u2019il le jouera \u00e0 fond <em>[il l\u2019a, en effet, jouo\u00e9 \u00e0 fond, NdT].<\/em> Mais comme nous allons le voir, le <em>Moment Unipolaire<\/em> de Washington est d\u00e9j\u00e0 pass\u00e9 et le num\u00e9ro que fera Z pour les escrocs qui infestent le Congr\u00e8s US ne signifiera rien, finalement.<\/span><\/p>\n<p>&nbsp;<\/p>\n<p style=\"text-align: justify;\"><span style=\"font-family: times new roman, times, serif; font-size: 14pt;\">J&rsquo;ai juste l&rsquo;impression que les planificateurs s\u00e9rieux et sains d&rsquo;esprit \u00e0 l&rsquo;int\u00e9rieur de la Beltway \u2013 \u00e0 supposer qu\u2019il y en ait &#8211; n&rsquo;ont pas pr\u00e9vu ce moment, ni la gravit\u00e9 de la situation difficile dans laquelle se trouve l&rsquo;Occident. Il semble que <em>la Classe qui a foment\u00e9 le Coup d&rsquo;\u00c9tat de la grande r\u00e9initialisation <a href=\"https:\/\/www.tasnimnews.com\/en\/news\/2022\/03\/12\/2680811\/borrell-says-west-made-mistake-in-promising-ukraine-nato-membership\">ait plus ou moins conscience d&rsquo;avoir commis une erreur de calcul<\/a><\/em>, ce qui pousse les m\u00e9dias \u00e0 relativiser leur attitude quant aux voyages \u00e0 Bruxelles de l&rsquo;\u00c9tat US, de Biden, etc., sur fond de grand show hollywoodien que Washington doit toujours pr\u00e9senter au monde, si p\u00e9rim\u00e9 soit-il.<\/span><\/p>\n<p>&nbsp;<\/p>\n<p style=\"text-align: justify;\"><span style=\"font-family: times new roman, times, serif; font-size: 14pt;\">S&rsquo;il existe des pragmatiques influents \u00e0 Washington &#8211; et on en doute &#8211; ils doivent \u00eatre assez inquiets de voir ce que trafiquent les survivants du r\u00e9gime de Barak au sein de l&rsquo;\u00c9tat, et ce qu&rsquo;ils ont provoqu\u00e9. On peut certes \u00e9crire qu&rsquo;Obama aurait d\u00fb renvoyer Nuland en 2014 plut\u00f4t que la pousser en avant, mais ce serait trop simpliste vu ce qui se passe en ce moment\u00a0: la putr\u00e9faction terminale de l&rsquo;\u00c9tat US plonge \u00e0 des profondeurs que n\u2019atteint pas m\u00eame l&rsquo;\u00e9gout Kagan-Nuland.<\/span><\/p>\n<p>&nbsp;<\/p>\n<p style=\"text-align: justify;\"><span style=\"font-family: times new roman, times, serif; font-size: 14pt;\">Quoi qu&rsquo;il en soit, au fil du temps, il est probable que la position russe va se renforcer (tant publiquement que militairement) tandis que la position de la Fraternit\u00e9 Bormann (les duettistes US-UE) s&rsquo;affaiblira d\u2019autant, en d\u00e9pit de la lourde censure des dissidents et du b\u00e2illonnement des voix discordantes par la machine de propagande occidentale. Oui, les temps changent, et il est \u00e9vident qu&rsquo;une grande partie du monde en a plus qu\u2019assez de la parade d\u00e9bauch\u00e9e que Hollywood (et Washington) vendent comme \u00ab\u00a0libert\u00e9\u00a0\u00bb et \u00ab\u00a0d\u00e9mocratie\u00a0\u00bb.<\/span><\/p>\n<p>&nbsp;<\/p>\n<p style=\"text-align: justify;\"><span style=\"font-family: times new roman, times, serif; font-size: 14pt;\">Pas de panique, les godillots \u00a0m\u00e9diatiques de Washington, gr\u00e2ce \u00e0 la PDD 68* et autres, ont d\u00e9j\u00e0 d\u00e9cr\u00e9t\u00e9 Washington grand vainqueur de la guerre de la propagande. D&rsquo;un point de vue pragmatique, cependant, le temps semble \u00eatre du c\u00f4t\u00e9 de la Russie, et le d\u00e9sespoir visible d\u2019un Occident qui braille \u00e0 tous les \u00e9chos qu\u2019il veut du sang russe (et hurle \u00e0 la trahison de quiconque n&rsquo;est pas d&rsquo;accord) ne fait que le confirmer. En effet, \u00e0 l&rsquo;heure de la <em>Grande R\u00e9initialisation<\/em>, l&rsquo;Occident collectif a une tr\u00e8s faible capacit\u00e9 d&rsquo;attention \u2013 mise \u00e0 part une narration plut\u00f4t dysfonctionnelle \u2013 y compris sur les questions qui sont \u00e0 ses yeux les plus importantes.<\/span><\/p>\n<p>&nbsp;<\/p>\n<p style=\"text-align: justify;\"><span style=\"font-family: times new roman, times, serif; font-size: 14pt;\">Simultan\u00e9ment, oui, les dommages caus\u00e9s par Washington aux int\u00e9r\u00eats financiers russes sont, bien s\u00fbr, graves. Mais ces dommages pourraient en fin de comptes, par un effet de boomerang, nuire \u00e0 la collectivit\u00e9 occidentale bien davantage que pr\u00e9vu. Cela pourra prendre des mois, avant que les $$, les profits et les ressources en baisse ne prennent une signification s\u00e9rieuse pour les institutions financi\u00e8res occidentales. Ce n&rsquo;est pas seulement la puissance militaire qui importe pour l&rsquo;Occident &#8211; les dommages caus\u00e9s aux monnaies fiduciaires occidentales et l&rsquo;acc\u00e8s diminu\u00e9 aux ressources qui y sont li\u00e9es (qu&rsquo;elles soient naturelles ou non) importent au plus haut point \u00e0 ses dirigeants et \u00e0 ses banquiers centraux.<\/span><\/p>\n<p style=\"text-align: justify;\"><span style=\"font-family: times new roman, times, serif; font-size: 14pt;\"><em>\u00a0<\/em><\/span><\/p>\n<p>&nbsp;<\/p>\n<p>&nbsp;<\/p>\n<p style=\"text-align: center;\"><a href=\"http:\/\/blog.lesgrossesorchadeslesamplesthalameges.fr\/index.php\/2022\/03\/18\/en-suivant-la-feuille-de-route-5\/000-lng\/\" rel=\"attachment wp-att-17677\"><img loading=\"lazy\" class=\"alignnone wp-image-17677\" src=\"http:\/\/blog.lesgrossesorchadeslesamplesthalameges.fr\/wp-content\/uploads\/2022\/03\/000.-LNG-300x184.jpg\" alt=\"\" width=\"750\" height=\"461\" srcset=\"https:\/\/blog.lesgrossesorchadeslesamplesthalameges.fr\/wp-content\/uploads\/2022\/03\/000.-LNG-300x184.jpg 300w, https:\/\/blog.lesgrossesorchadeslesamplesthalameges.fr\/wp-content\/uploads\/2022\/03\/000.-LNG.jpg 750w\" sizes=\"(max-width: 750px) 100vw, 750px\" \/><\/a><\/p>\n<p style=\"text-align: center;\"><span style=\"font-family: times new roman, times, serif; font-size: 12pt;\"><strong><em>L\u2019opposition de l\u2019industrie du gaz naturel liqu\u00e9fi\u00e9 US au Nord Stream 2 a partiellement attis\u00e9 ce conflit<\/em><\/strong><\/span><\/p>\n<p style=\"text-align: justify;\"><span style=\"font-family: times new roman, times, serif; font-size: 14pt;\"><em>\u00a0<\/em><\/span><\/p>\n<p style=\"text-align: justify;\"><span style=\"font-family: times new roman, times, serif; font-size: 14pt;\"><em>\u00a0<\/em><\/span><\/p>\n<p>&nbsp;<\/p>\n<p style=\"text-align: justify;\"><span style=\"font-family: times new roman, times, serif; font-size: 14pt;\">Pour l&rsquo;instant, l&rsquo;\u00e9quation alchimique fonctionne toujours. Le rien papier\/num\u00e9rique peut encore \u00eatre converti en quelque chose de dur&#8230; ph\u00e9nom\u00e8ne alchimique dont nos anc\u00eatres n\u2019ont pu que r\u00eaver, et qui les a fait saliver pendant des mill\u00e9naires. \u00a0Mais il faut que des trillions de personnes y croient et y jouent pour que l\u2019illusion alchimique existe. Une fois que cette illusion s\u2019\u00e9vanouit, elle ne reprend jamais vie.<\/span><\/p>\n<p>&nbsp;<\/p>\n<p style=\"text-align: justify;\"><span style=\"font-family: times new roman, times, serif; font-size: 14pt;\">Aujourd\u2019hui, apparemment, toute vision r\u00e9elle d&rsquo;une coop\u00e9ration mondiale constructive et d\u2019un commerce mondial (<strong><em>pas<\/em><\/strong> la mondialisation des cartels\u00a0!) au sens positif du libre-\u00e9change, a disparu depuis longtemps. De m\u00eame que la libert\u00e9 de parole et d&rsquo;expression a \u00e9t\u00e9 d\u00e9truite par une classe de Coup d&rsquo;\u00c9tat Inc et les h\u00e9g\u00e9monistes hypocrites de l\u2019Occident collectif, qui n\u2019ont eu d\u2019yeux que pour la guerre, l&rsquo;inflation et la finance criminelle (<em>sans parler \u00a0de la haine envers \u00a0la Russie !<\/em>) depuis bien avant avril 1945.<\/span><\/p>\n<p>&nbsp;<\/p>\n<p style=\"text-align: justify;\"><span style=\"font-family: times new roman, times, serif; font-size: 14pt;\">Pendant beaucoup plus de cent ans, Washington n&rsquo;a pas su appr\u00e9cier les cultures, les esprits, les id\u00e9ologies et les intentions qui n\u2019\u00e9taient pas les siens. Depuis 1945, le gouvernement central de Washington n\u2019a pas cess\u00e9 de pr\u00eacher la haine d&rsquo;abord envers l\u2019Union Sovi\u00e9tique, puis envers la Russie (entre autres). Pendant toute ma vie, j&rsquo;ai \u00e9t\u00e9 personnellement t\u00e9moin de ce mantra de haine envers la Russie, de la part des \u00e9ducateurs occidentaux, des m\u00e9dias occidentaux et des politiciens. Parfois avec subtilit\u00e9, <strong><em><a href=\"https:\/\/quixoticjoust.blogspot.com\/2011\/11\/unbending-anti-communism.html\">parfois non<\/a>.<\/em><\/strong> Ces derni\u00e8res ann\u00e9es, les braiements de Washington exigeant du sang russe ont tourn\u00e9 au ch\u0153ur enrou\u00e9. Et voil\u00e0\u2026 la minute de v\u00e9rit\u00e9 est arriv\u00e9e, o\u00f9 cette question s\u2019est enfin impos\u00e9e<\/span><\/p>\n<p>&nbsp;<\/p>\n<p style=\"text-align: justify;\"><span style=\"font-family: times new roman, times, serif; font-size: 14pt;\">L&rsquo;Iran, la Chine, la Cor\u00e9e du Nord, l&rsquo;Inde, le Pakistan, la Russie, le Br\u00e9sil et d&rsquo;autres pays ont averti la <em>Pax Americana<\/em> que sa corruption, sa cupidit\u00e9 et l&rsquo;exploitation qu&rsquo;elle repr\u00e9sente (<em><a href=\"https:\/\/www.bitchute.com\/video\/KgOMp71OudnG\/\">contre laquelle JFK avait pourtant mis en garde<\/a><\/em>) ne seront plus tol\u00e9r\u00e9es. Le moment unipolaire est pass\u00e9. Au bout des nombreuses d\u00e9cennies au cours desquelles l&rsquo;Occident a tent\u00e9 de cacher sa tyrannie et sa corruption, tout en rejetant d\u2019un haussement d\u2019\u00e9paules les guerres, les agressions et la ruine des \u00c9tats dont il a \u00e9t\u00e9 seul responsable depuis 1945, la fraternit\u00e9 Bormann approche de sa fin. Les arrogants d\u00e9magogues de la Beltway et de l&rsquo;Europe qui se pavanent, pleins de leur suffisance, ne sont que le visage de la <a href=\"https:\/\/radioopensource.org\/hannah-arendt-and-the-banality-of-evil\/\">Banalit\u00e9 du mal<\/a> dont a parl\u00e9 Hannah Arendt. Il faut qu\u2019ils soient \u00e9cart\u00e9s une bonne fois pour toutes du pouvoir mondial h\u00e9g\u00e9monique et, enfin, vaincus.<\/span><\/p>\n<p style=\"text-align: justify;\"><span style=\"font-family: times new roman, times, serif; font-size: 14pt;\">_________________\u00a0\u00a0<\/span><\/p>\n<p style=\"text-align: justify;\"><span style=\"font-family: times new roman, times, serif; font-size: 14pt;\">*<em><a href=\"https:\/\/www.mtholyoke.edu\/acad\/intrel\/nsc-68\/nsc68-1.htm\">La Directive Pr\u00e9sidentielle 68<\/a><\/em> <em>[1950]<\/em> a autoris\u00e9 l&rsquo;\u00c9tat s\u00e9curitaire US \u00e0 contr\u00f4ler <em>tous<\/em> les m\u00e9dias US.<\/span><\/p>\n<p>&nbsp;<\/p>\n<p style=\"text-align: justify;\"><span style=\"font-family: times new roman, times, serif; font-size: 14pt;\">Source\u00a0: <a href=\"https:\/\/theduran.com\/kiev-end-game-for-empire\/\">https:\/\/theduran.com\/kiev-end-game-for-empire\/<\/a><\/span><\/p>\n<p style=\"text-align: left;\"><strong><span style=\"font-size: 14pt; font-family: times new roman, times, serif;\">URL de cet article : <\/span><\/strong><a href=\"http:\/\/blog.lesgrossesorchadeslesamplesthalameges.fr\/index.php\/kiev-fin-de-partie-pour-lempire\/\"><span style=\"font-size: 14pt; font-family: times new roman, times, serif;\">http:\/\/blog.lesgrossesorchadeslesamplesthalameges.fr\/index.php\/kiev-fin-de-partie-pour-lempire\/<\/span><\/a><\/p>\n<p>&nbsp;<\/p>\n<p>&nbsp;<\/p>\n<p style=\"text-align: center;\"><a href=\"http:\/\/blog.lesgrossesorchadeslesamplesthalameges.fr\/index.php\/2022\/03\/18\/en-suivant-la-feuille-de-route-5\/000-danger-gif\/\" rel=\"attachment wp-att-17680\"><img loading=\"lazy\" class=\"alignnone wp-image-17680\" src=\"http:\/\/blog.lesgrossesorchadeslesamplesthalameges.fr\/wp-content\/uploads\/2022\/03\/000.-Danger-GIF.gif\" alt=\"\" width=\"80\" height=\"70\" \/><\/a><\/p>\n<p>&nbsp;<\/p>\n<p>&nbsp;<\/p>\n<p>&nbsp;<\/p>\n<p style=\"text-align: right;\"><span style=\"font-family: comic sans ms, sans-serif; font-size: 14pt;\">Mars 2022<\/span><\/p>\n<p>&nbsp;<\/p>\n<p>&nbsp;<\/p>\n","protected":false},"excerpt":{"rendered":"<p>&nbsp; &nbsp; &nbsp; &nbsp; &nbsp; &nbsp; &nbsp; &nbsp; &nbsp; Kiev : Fin de partie pour l\u2019empire ? &nbsp; &nbsp; Steve_Brown \u2013 TheDuran \u201316.3.2022 &nbsp; Traduction : c.l. pour L.G.O. &nbsp; &nbsp; &nbsp; Un \u00e9l\u00e9ment qui a peut-\u00eatre \u00e9t\u00e9 oubli\u00e9 dans la crise ukrainienne est Isra\u00ebl, et ses relations \u00e9troites &#8211; quoique parfois difficiles &#8211; avec&#8230;<\/p>\n","protected":false},"author":1,"featured_media":0,"parent":0,"menu_order":0,"comment_status":"open","ping_status":"open","template":"","meta":[],"_links":{"self":[{"href":"https:\/\/blog.lesgrossesorchadeslesamplesthalameges.fr\/index.php\/wp-json\/wp\/v2\/pages\/17744"}],"collection":[{"href":"https:\/\/blog.lesgrossesorchadeslesamplesthalameges.fr\/index.php\/wp-json\/wp\/v2\/pages"}],"about":[{"href":"https:\/\/blog.lesgrossesorchadeslesamplesthalameges.fr\/index.php\/wp-json\/wp\/v2\/types\/page"}],"author":[{"embeddable":true,"href":"https:\/\/blog.lesgrossesorchadeslesamplesthalameges.fr\/index.php\/wp-json\/wp\/v2\/users\/1"}],"replies":[{"embeddable":true,"href":"https:\/\/blog.lesgrossesorchadeslesamplesthalameges.fr\/index.php\/wp-json\/wp\/v2\/comments?post=17744"}],"version-history":[{"count":7,"href":"https:\/\/blog.lesgrossesorchadeslesamplesthalameges.fr\/index.php\/wp-json\/wp\/v2\/pages\/17744\/revisions"}],"predecessor-version":[{"id":17751,"href":"https:\/\/blog.lesgrossesorchadeslesamplesthalameges.fr\/index.php\/wp-json\/wp\/v2\/pages\/17744\/revisions\/17751"}],"wp:attachment":[{"href":"https:\/\/blog.lesgrossesorchadeslesamplesthalameges.fr\/index.php\/wp-json\/wp\/v2\/media?parent=17744"}],"curies":[{"name":"wp","href":"https:\/\/api.w.org\/{rel}","templated":true}]}}